{"id":989,"date":"2025-04-15T15:46:20","date_gmt":"2025-04-15T18:46:20","guid":{"rendered":"https:\/\/pizzornowines.com\/?post_type=product&#038;p=989"},"modified":"2026-04-03T13:38:15","modified_gmt":"2026-04-03T16:38:15","slug":"2-bodegas-en-un-dia-pizzorno-familia-deicas-traslado","status":"publish","type":"product","link":"https:\/\/pizzornowines.com\/pt\/produto\/2-bodegas-en-un-dia-pizzorno-familia-deicas-traslado\/","title":{"rendered":"2 Vin\u00edcolas em um dia: Pizzorno + Fam\u00edlia Deicas + Transfer"},"content":{"rendered":"<p><b>\u2013 Visita\u00a0+ Degustaci\u00f3n en Familia Deicas<br \/>\n\u2013 Almuerzo\u00a0+ Visita en Pizzorno<\/b><\/p>\n<p>Reservando este paquete estar\u00e1 realizando la visita a 2 bodegas en un solo d\u00eda, ya con transporte incluido y sin tener que preocuparse por nada m\u00e1s que disfrutar.<br \/>\nUna camioneta coordinada por Pizzorno realizar\u00e1 el pick up en su hotel en Montevideo para comenzar una experiencia \u00fanica, donde visitara 2 bodegas l\u00edderes en enoturismo en nuestro pa\u00eds<\/p>\n<p><strong>Itinerario<\/strong><br \/>\n9:30 Pick up en Hotel de Montevideo<br \/>\n10:30 Visita y Degustaci\u00f3n en: Familia Deicas<br \/>\n12:30 \u2013 Traslado entre bodegas<br \/>\n13:00 Almuerzo maridaje en Pizzorno<br \/>\n15:00 Visita en Pizzorno<br \/>\n16:00 Retorno a Montevideo<\/p>","protected":false},"excerpt":{"rendered":"<p>Visita e Degusta\u00e7\u00e3o na Fam\u00edlia Deicas + Visita e Almo\u00e7o e visita em Pizzorno. *Inclui transfer\u00eancias<\/p>","protected":false},"featured_media":990,"comment_status":"closed","ping_status":"closed","template":"","meta":{"_acf_changed":false,"_joinchat":[]},"tipo-visita":[65],"product_brand":[],"product_cat":[93],"product_tag":[],"class_list":{"0":"post-989","1":"product","2":"type-product","3":"status-publish","4":"has-post-thumbnail","6":"tipo-visita-combinados","7":"product_cat-experiencias","9":"first","10":"instock","11":"virtual","12":"sold-individually","13":"purchasable","14":"product-type-booking"},"exclude_global_add_ons":true,"addons":[{"name":"Upgrade traslado","type":"multiple_choice","position":0,"required":false,"title_format":"label","default":"0","description_enable":true,"description":"Costo por persona","placeholder_enable":false,"placeholder":"","display":"radiobutton","restrictions_type":"any_text","adjust_price":false,"price":"","price_type":"flat_fee","restrictions":false,"min":"0","max":"0","options":[{"label":"Traslado incluido","price":"","price_type":"flat_fee","image":0,"visibility":true},{"label":"Upgrade tranfer privado","price":"1800","price_type":"quantity_based","image":0,"visibility":true}],"id":1749210106},{"name":"Indique hotel de pick-up dentro de las zonas c\u00e9ntricas de Montevideo (Centro, Pocitos y Punta Carretas).","type":"custom_text","position":1,"required":false,"title_format":"label","default":"","description_enable":false,"description":"","placeholder_enable":false,"placeholder":"","display":"select","restrictions_type":"any_text","adjust_price":false,"price":"","price_type":"flat_fee","restrictions":false,"min":"0","max":"0","options":[],"id":1756318955}],"acf":[],"yoast_head":"<!-- This site is optimized with the Yoast SEO plugin v27.3 - https:\/\/yoast.com\/product\/yoast-seo-wordpress\/ -->\n<title>2 Bodegas en un d\u00eda: Pizzorno + Familia Deicas + Traslado - Pizzorno Family Estates<\/title>\n<meta name=\"robots\" content=\"noindex, follow, max-snippet:-1, max-image-preview:large, max-video-preview:-1\" \/>\n<meta property=\"og:locale\" content=\"pt_BR\" \/>\n<meta property=\"og:type\" content=\"article\" \/>\n<meta property=\"og:title\" content=\"2 Bodegas en un d\u00eda: Pizzorno + Familia Deicas + Traslado - Pizzorno Family Estates\" \/>\n<meta property=\"og:description\" content=\"Visita &amp; Degustaci\u00f3n en Familia Deicas + Visita &amp; Almuerzo y visita en Pizzorno. *Incluye traslados\" \/>\n<meta property=\"og:url\" content=\"https:\/\/pizzornowines.com\/pt\/produto\/2-bodegas-en-un-dia-pizzorno-familia-deicas-traslado\/\" \/>\n<meta property=\"og:site_name\" content=\"Pizzorno Family Estates\" \/>\n<meta property=\"article:publisher\" content=\"https:\/\/www.facebook.com\/pizzorno.family.estates\" \/>\n<meta property=\"article:modified_time\" content=\"2026-04-03T16:38:15+00:00\" \/>\n<meta property=\"og:image\" content=\"https:\/\/pizzornowines.com\/wp-content\/uploads\/Deicas-1.jpg\" \/>\n\t<meta property=\"og:image:width\" content=\"350\" \/>\n\t<meta property=\"og:image:height\" content=\"350\" \/>\n\t<meta property=\"og:image:type\" content=\"image\/jpeg\" \/>\n<meta name=\"twitter:card\" content=\"summary_large_image\" \/>\n<meta name=\"twitter:label1\" content=\"Est. tempo de leitura\" \/>\n\t<meta name=\"twitter:data1\" content=\"1 minuto\" \/>\n<script type=\"application\/ld+json\" class=\"yoast-schema-graph\">{\"@context\":\"https:\\\/\\\/schema.org\",\"@graph\":[{\"@type\":\"WebPage\",\"@id\":\"https:\\\/\\\/pizzornowines.com\\\/product\\\/2-bodegas-en-un-dia-pizzorno-familia-deicas-traslado\\\/\",\"url\":\"https:\\\/\\\/pizzornowines.com\\\/product\\\/2-bodegas-en-un-dia-pizzorno-familia-deicas-traslado\\\/\",\"name\":\"2 Bodegas en un d\u00eda: Pizzorno + Familia Deicas + Traslado - Pizzorno Family Estates\",\"isPartOf\":{\"@id\":\"https:\\\/\\\/pizzornowines.com\\\/#website\"},\"primaryImageOfPage\":{\"@id\":\"https:\\\/\\\/pizzornowines.com\\\/product\\\/2-bodegas-en-un-dia-pizzorno-familia-deicas-traslado\\\/#primaryimage\"},\"image\":{\"@id\":\"https:\\\/\\\/pizzornowines.com\\\/product\\\/2-bodegas-en-un-dia-pizzorno-familia-deicas-traslado\\\/#primaryimage\"},\"thumbnailUrl\":\"https:\\\/\\\/pizzornowines.com\\\/wp-content\\\/uploads\\\/Deicas-1.jpg\",\"datePublished\":\"2025-04-15T18:46:20+00:00\",\"dateModified\":\"2026-04-03T16:38:15+00:00\",\"breadcrumb\":{\"@id\":\"https:\\\/\\\/pizzornowines.com\\\/product\\\/2-bodegas-en-un-dia-pizzorno-familia-deicas-traslado\\\/#breadcrumb\"},\"inLanguage\":\"pt-BR\",\"potentialAction\":[{\"@type\":\"ReadAction\",\"target\":[\"https:\\\/\\\/pizzornowines.com\\\/product\\\/2-bodegas-en-un-dia-pizzorno-familia-deicas-traslado\\\/\"]}]},{\"@type\":\"ImageObject\",\"inLanguage\":\"pt-BR\",\"@id\":\"https:\\\/\\\/pizzornowines.com\\\/product\\\/2-bodegas-en-un-dia-pizzorno-familia-deicas-traslado\\\/#primaryimage\",\"url\":\"https:\\\/\\\/pizzornowines.com\\\/wp-content\\\/uploads\\\/Deicas-1.jpg\",\"contentUrl\":\"https:\\\/\\\/pizzornowines.com\\\/wp-content\\\/uploads\\\/Deicas-1.jpg\",\"width\":350,\"height\":350,\"caption\":\"Deicas 1\"},{\"@type\":\"BreadcrumbList\",\"@id\":\"https:\\\/\\\/pizzornowines.com\\\/product\\\/2-bodegas-en-un-dia-pizzorno-familia-deicas-traslado\\\/#breadcrumb\",\"itemListElement\":[{\"@type\":\"ListItem\",\"position\":1,\"name\":\"Home\",\"item\":\"https:\\\/\\\/pizzornowines.com\\\/\"},{\"@type\":\"ListItem\",\"position\":2,\"name\":\"Shop\",\"item\":\"https:\\\/\\\/pizzornowines.com\\\/shop\\\/\"},{\"@type\":\"ListItem\",\"position\":3,\"name\":\"2 Bodegas en un d\u00eda: Pizzorno + Familia Deicas + Traslado\"}]},{\"@type\":\"WebSite\",\"@id\":\"https:\\\/\\\/pizzornowines.com\\\/#website\",\"url\":\"https:\\\/\\\/pizzornowines.com\\\/\",\"name\":\"Pizzorno Family Estates\",\"description\":\"Pasi\u00f3n por la tierra y el vino\",\"publisher\":{\"@id\":\"https:\\\/\\\/pizzornowines.com\\\/#organization\"},\"potentialAction\":[{\"@type\":\"SearchAction\",\"target\":{\"@type\":\"EntryPoint\",\"urlTemplate\":\"https:\\\/\\\/pizzornowines.com\\\/?s={search_term_string}\"},\"query-input\":{\"@type\":\"PropertyValueSpecification\",\"valueRequired\":true,\"valueName\":\"search_term_string\"}}],\"inLanguage\":\"pt-BR\"},{\"@type\":\"Organization\",\"@id\":\"https:\\\/\\\/pizzornowines.com\\\/#organization\",\"name\":\"Pizzorno Family Estates\",\"url\":\"https:\\\/\\\/pizzornowines.com\\\/\",\"logo\":{\"@type\":\"ImageObject\",\"inLanguage\":\"pt-BR\",\"@id\":\"https:\\\/\\\/pizzornowines.com\\\/#\\\/schema\\\/logo\\\/image\\\/\",\"url\":\"https:\\\/\\\/pizzornowines.com\\\/wp-content\\\/uploads\\\/Pizzorno-Family-Estate-logo.svg\",\"contentUrl\":\"https:\\\/\\\/pizzornowines.com\\\/wp-content\\\/uploads\\\/Pizzorno-Family-Estate-logo.svg\",\"width\":422,\"height\":283,\"caption\":\"Pizzorno Family Estates\"},\"image\":{\"@id\":\"https:\\\/\\\/pizzornowines.com\\\/#\\\/schema\\\/logo\\\/image\\\/\"},\"sameAs\":[\"https:\\\/\\\/www.facebook.com\\\/pizzorno.family.estates\"]}]}<\/script>\n<!-- \/ Yoast SEO plugin. -->","yoast_head_json":{"title":"2 Bodegas en un d\u00eda: Pizzorno + Familia Deicas + Traslado - Pizzorno Family Estates","robots":{"index":"noindex","follow":"follow","max-snippet":"max-snippet:-1","max-image-preview":"max-image-preview:large","max-video-preview":"max-video-preview:-1"},"og_locale":"pt_BR","og_type":"article","og_title":"2 Bodegas en un d\u00eda: Pizzorno + Familia Deicas + Traslado - Pizzorno Family Estates","og_description":"Visita &amp; Degustaci\u00f3n en Familia Deicas + Visita &amp; Almuerzo y visita en Pizzorno. *Incluye traslados","og_url":"https:\/\/pizzornowines.com\/pt\/produto\/2-bodegas-en-un-dia-pizzorno-familia-deicas-traslado\/","og_site_name":"Pizzorno Family Estates","article_publisher":"https:\/\/www.facebook.com\/pizzorno.family.estates","article_modified_time":"2026-04-03T16:38:15+00:00","og_image":[{"width":350,"height":350,"url":"https:\/\/pizzornowines.com\/wp-content\/uploads\/Deicas-1.jpg","type":"image\/jpeg"}],"twitter_card":"summary_large_image","twitter_misc":{"Est. tempo de leitura":"1 minuto"},"schema":{"@context":"https:\/\/schema.org","@graph":[{"@type":"WebPage","@id":"https:\/\/pizzornowines.com\/product\/2-bodegas-en-un-dia-pizzorno-familia-deicas-traslado\/","url":"https:\/\/pizzornowines.com\/product\/2-bodegas-en-un-dia-pizzorno-familia-deicas-traslado\/","name":"2 Bodegas en un d\u00eda: Pizzorno + Familia Deicas + Traslado - Pizzorno Family Estates","isPartOf":{"@id":"https:\/\/pizzornowines.com\/#website"},"primaryImageOfPage":{"@id":"https:\/\/pizzornowines.com\/product\/2-bodegas-en-un-dia-pizzorno-familia-deicas-traslado\/#primaryimage"},"image":{"@id":"https:\/\/pizzornowines.com\/product\/2-bodegas-en-un-dia-pizzorno-familia-deicas-traslado\/#primaryimage"},"thumbnailUrl":"https:\/\/pizzornowines.com\/wp-content\/uploads\/Deicas-1.jpg","datePublished":"2025-04-15T18:46:20+00:00","dateModified":"2026-04-03T16:38:15+00:00","breadcrumb":{"@id":"https:\/\/pizzornowines.com\/product\/2-bodegas-en-un-dia-pizzorno-familia-deicas-traslado\/#breadcrumb"},"inLanguage":"pt-BR","potentialAction":[{"@type":"ReadAction","target":["https:\/\/pizzornowines.com\/product\/2-bodegas-en-un-dia-pizzorno-familia-deicas-traslado\/"]}]},{"@type":"ImageObject","inLanguage":"pt-BR","@id":"https:\/\/pizzornowines.com\/product\/2-bodegas-en-un-dia-pizzorno-familia-deicas-traslado\/#primaryimage","url":"https:\/\/pizzornowines.com\/wp-content\/uploads\/Deicas-1.jpg","contentUrl":"https:\/\/pizzornowines.com\/wp-content\/uploads\/Deicas-1.jpg","width":350,"height":350,"caption":"Deicas 1"},{"@type":"BreadcrumbList","@id":"https:\/\/pizzornowines.com\/product\/2-bodegas-en-un-dia-pizzorno-familia-deicas-traslado\/#breadcrumb","itemListElement":[{"@type":"ListItem","position":1,"name":"Home","item":"https:\/\/pizzornowines.com\/"},{"@type":"ListItem","position":2,"name":"Shop","item":"https:\/\/pizzornowines.com\/shop\/"},{"@type":"ListItem","position":3,"name":"2 Bodegas en un d\u00eda: Pizzorno + Familia Deicas + Traslado"}]},{"@type":"WebSite","@id":"https:\/\/pizzornowines.com\/#website","url":"https:\/\/pizzornowines.com\/","name":"Pizzorno Family Estates","description":"Pasi\u00f3n por la tierra y el vino","publisher":{"@id":"https:\/\/pizzornowines.com\/#organization"},"potentialAction":[{"@type":"SearchAction","target":{"@type":"EntryPoint","urlTemplate":"https:\/\/pizzornowines.com\/?s={search_term_string}"},"query-input":{"@type":"PropertyValueSpecification","valueRequired":true,"valueName":"search_term_string"}}],"inLanguage":"pt-BR"},{"@type":"Organization","@id":"https:\/\/pizzornowines.com\/#organization","name":"Pizzorno Family Estates","url":"https:\/\/pizzornowines.com\/","logo":{"@type":"ImageObject","inLanguage":"pt-BR","@id":"https:\/\/pizzornowines.com\/#\/schema\/logo\/image\/","url":"https:\/\/pizzornowines.com\/wp-content\/uploads\/Pizzorno-Family-Estate-logo.svg","contentUrl":"https:\/\/pizzornowines.com\/wp-content\/uploads\/Pizzorno-Family-Estate-logo.svg","width":422,"height":283,"caption":"Pizzorno Family Estates"},"image":{"@id":"https:\/\/pizzornowines.com\/#\/schema\/logo\/image\/"},"sameAs":["https:\/\/www.facebook.com\/pizzorno.family.estates"]}]}},"_links":{"self":[{"href":"https:\/\/pizzornowines.com\/pt\/wp-json\/wp\/v2\/product\/989","targetHints":{"allow":["GET"]}}],"collection":[{"href":"https:\/\/pizzornowines.com\/pt\/wp-json\/wp\/v2\/product"}],"about":[{"href":"https:\/\/pizzornowines.com\/pt\/wp-json\/wp\/v2\/types\/product"}],"replies":[{"embeddable":true,"href":"https:\/\/pizzornowines.com\/pt\/wp-json\/wp\/v2\/comments?post=989"}],"version-history":[{"count":7,"href":"https:\/\/pizzornowines.com\/pt\/wp-json\/wp\/v2\/product\/989\/revisions"}],"predecessor-version":[{"id":4805,"href":"https:\/\/pizzornowines.com\/pt\/wp-json\/wp\/v2\/product\/989\/revisions\/4805"}],"wp:featuredmedia":[{"embeddable":true,"href":"https:\/\/pizzornowines.com\/pt\/wp-json\/wp\/v2\/media\/990"}],"wp:attachment":[{"href":"https:\/\/pizzornowines.com\/pt\/wp-json\/wp\/v2\/media?parent=989"}],"wp:term":[{"taxonomy":"tipo-visita","embeddable":true,"href":"https:\/\/pizzornowines.com\/pt\/wp-json\/wp\/v2\/tipo-visita?post=989"},{"taxonomy":"product_brand","embeddable":true,"href":"https:\/\/pizzornowines.com\/pt\/wp-json\/wp\/v2\/product_brand?post=989"},{"taxonomy":"product_cat","embeddable":true,"href":"https:\/\/pizzornowines.com\/pt\/wp-json\/wp\/v2\/product_cat?post=989"},{"taxonomy":"product_tag","embeddable":true,"href":"https:\/\/pizzornowines.com\/pt\/wp-json\/wp\/v2\/product_tag?post=989"}],"curies":[{"name":"wp","href":"https:\/\/api.w.org\/{rel}","templated":true}]}}