{"id":982,"date":"2025-04-15T15:41:05","date_gmt":"2025-04-15T18:41:05","guid":{"rendered":"https:\/\/pizzornowines.com\/?post_type=product&#038;p=982"},"modified":"2026-04-03T13:39:14","modified_gmt":"2026-04-03T16:39:14","slug":"visita-degustacion-masterclass-y-vuelo-panoramico-25%e2%80%b2","status":"publish","type":"product","link":"https:\/\/pizzornowines.com\/pt\/produto\/visita-degustacion-masterclass-y-vuelo-panoramico-25%e2%80%b2\/","title":{"rendered":"Visit + MasterClass Tasting and 25' Panoramic Flight"},"content":{"rendered":"<p>Visita \u00e0s vinhas, adega e cave, onde os nossos vinhos envelhecem em barricas e garrafas, guiada por um en\u00f3logo ou pelo nosso sommelier, onde teremos a oportunidade de conhecer todos os processos de elabora\u00e7\u00e3o dos nossos vinhos.<br \/>\nDegusta\u00e7\u00e3o em sala assistida por um t\u00e9cnico de 4 vinhos acompanhada de 4 petiscos pensados \u200b\u200bpara harmonizar com cada um dos vinhos.<\/p>\n<p><strong>Vinhos inclu\u00eddos<\/strong><\/p>\n<p>Don Pr\u00f3spero \u2013 Sauvignon Blanc<br \/>\nPizzorno Reserva \u2013 Sauvignon Blanc (6 meses<br \/>\nMay\u00fasculas \u2013 Tannat Maceraci\u00f3n Carb\u00f3nica<br \/>\nPizzorno Reserva \u2013 Tannat (12 meses barrica Americana)<\/p>\n<p>Al finalizar con esta experiencia, debemos dirigirnos al Aeropuerto de Melilla (a solo 20 minutos de la bodega) donde nos recibir\u00e1 un piloto que nos llevar\u00e1 a realizar una experiencia \u00fanica en nuestro pa\u00eds, estaremos conociendo la regi\u00f3n y los vi\u00f1edos desde el cielo!<\/p>\n<p><strong>VUELO PANOR\u00c1MICO<\/strong>\u00a0de 25\u00b4desde una avioneta con capacidad 3 personas (+ piloto)<\/p>\n<p><strong>Todos os dias \u00e0s 10h30 e \u00e0s 15h00.<\/strong><\/p>","protected":false},"excerpt":{"rendered":"<p>Visite as vinhas, adega e cava. Degusta\u00e7\u00e3o na sala assistida por um t\u00e9cnico de 4 vinhos, teremos ent\u00e3o uma experi\u00eancia \u00fanica percorrendo as vinhas do c\u00e9u!<\/p>","protected":false},"featured_media":983,"comment_status":"closed","ping_status":"closed","template":"","meta":{"_acf_changed":false,"_joinchat":[]},"tipo-visita":[65],"product_brand":[],"product_cat":[93],"product_tag":[],"class_list":{"0":"post-982","1":"product","2":"type-product","3":"status-publish","4":"has-post-thumbnail","6":"tipo-visita-combinados","7":"product_cat-experiencias","9":"first","10":"instock","11":"virtual","12":"sold-individually","13":"purchasable","14":"product-type-booking"},"exclude_global_add_ons":true,"addons":[{"name":"Upgrade traslado","type":"multiple_choice","position":0,"required":false,"title_format":"label","default":"0","description_enable":true,"description":"Costo por persona","placeholder_enable":false,"placeholder":"","display":"radiobutton","restrictions_type":"any_text","adjust_price":false,"price":"","price_type":"flat_fee","restrictions":false,"min":"0","max":"0","options":[{"label":"Traslado incluido","price":"","price_type":"flat_fee","image":0,"visibility":true},{"label":"Transfer regular","price":"900","price_type":"quantity_based","image":0,"visibility":true},{"label":"Transfer privado","price":"1800","price_type":"quantity_based","image":0,"visibility":true}],"id":1749209843},{"name":"Indique hotel de pick-up dentro de las zonas c\u00e9ntricas de Montevideo (Centro, Pocitos y Punta Carretas).","type":"custom_text","position":1,"required":false,"title_format":"label","default":"","description_enable":false,"description":"","placeholder_enable":false,"placeholder":"","display":"select","restrictions_type":"any_text","adjust_price":false,"price":"","price_type":"flat_fee","restrictions":false,"min":"0","max":"0","options":[],"id":1756318756}],"acf":[],"yoast_head":"<!-- This site is optimized with the Yoast SEO plugin v27.3 - https:\/\/yoast.com\/product\/yoast-seo-wordpress\/ -->\n<title>Visita + Degustaci\u00f3n MasterClass y Vuelo Panor\u00e1mico 25\u2032 - Pizzorno Family Estates<\/title>\n<meta name=\"robots\" content=\"noindex, follow, max-snippet:-1, max-image-preview:large, max-video-preview:-1\" \/>\n<meta property=\"og:locale\" content=\"pt_BR\" \/>\n<meta property=\"og:type\" content=\"article\" \/>\n<meta property=\"og:title\" content=\"Visita + Degustaci\u00f3n MasterClass y Vuelo Panor\u00e1mico 25\u2032 - Pizzorno Family Estates\" \/>\n<meta property=\"og:description\" content=\"Visita por los vi\u00f1edos, bodega y cava. Degustaci\u00f3n en sala asistida por un t\u00e9cnico de 4 vinos, luego realizaremos una experiencia \u00fanica recorriendo los vi\u00f1edos desde el cielo!\" \/>\n<meta property=\"og:url\" content=\"https:\/\/pizzornowines.com\/pt\/produto\/visita-degustacion-masterclass-y-vuelo-panoramico-25\u2032\/\" \/>\n<meta property=\"og:site_name\" content=\"Pizzorno Family Estates\" \/>\n<meta property=\"article:publisher\" content=\"https:\/\/www.facebook.com\/pizzorno.family.estates\" \/>\n<meta property=\"article:modified_time\" content=\"2026-04-03T16:39:14+00:00\" \/>\n<meta property=\"og:image\" content=\"https:\/\/pizzornowines.com\/wp-content\/uploads\/Vuelo-panoramico.webp\" \/>\n\t<meta property=\"og:image:width\" content=\"1000\" \/>\n\t<meta property=\"og:image:height\" content=\"1000\" \/>\n\t<meta property=\"og:image:type\" content=\"image\/webp\" \/>\n<meta name=\"twitter:card\" content=\"summary_large_image\" \/>\n<meta name=\"twitter:label1\" content=\"Est. tempo de leitura\" \/>\n\t<meta name=\"twitter:data1\" content=\"1 minuto\" \/>\n<script type=\"application\/ld+json\" class=\"yoast-schema-graph\">{\"@context\":\"https:\\\/\\\/schema.org\",\"@graph\":[{\"@type\":\"WebPage\",\"@id\":\"https:\\\/\\\/pizzornowines.com\\\/product\\\/visita-degustacion-masterclass-y-vuelo-panoramico-25%e2%80%b2\\\/\",\"url\":\"https:\\\/\\\/pizzornowines.com\\\/product\\\/visita-degustacion-masterclass-y-vuelo-panoramico-25%e2%80%b2\\\/\",\"name\":\"Visita + Degustaci\u00f3n MasterClass y Vuelo Panor\u00e1mico 25\u2032 - Pizzorno Family Estates\",\"isPartOf\":{\"@id\":\"https:\\\/\\\/pizzornowines.com\\\/#website\"},\"primaryImageOfPage\":{\"@id\":\"https:\\\/\\\/pizzornowines.com\\\/product\\\/visita-degustacion-masterclass-y-vuelo-panoramico-25%e2%80%b2\\\/#primaryimage\"},\"image\":{\"@id\":\"https:\\\/\\\/pizzornowines.com\\\/product\\\/visita-degustacion-masterclass-y-vuelo-panoramico-25%e2%80%b2\\\/#primaryimage\"},\"thumbnailUrl\":\"https:\\\/\\\/pizzornowines.com\\\/wp-content\\\/uploads\\\/Vuelo-panoramico.webp\",\"datePublished\":\"2025-04-15T18:41:05+00:00\",\"dateModified\":\"2026-04-03T16:39:14+00:00\",\"breadcrumb\":{\"@id\":\"https:\\\/\\\/pizzornowines.com\\\/product\\\/visita-degustacion-masterclass-y-vuelo-panoramico-25%e2%80%b2\\\/#breadcrumb\"},\"inLanguage\":\"pt-BR\",\"potentialAction\":[{\"@type\":\"ReadAction\",\"target\":[\"https:\\\/\\\/pizzornowines.com\\\/product\\\/visita-degustacion-masterclass-y-vuelo-panoramico-25%e2%80%b2\\\/\"]}]},{\"@type\":\"ImageObject\",\"inLanguage\":\"pt-BR\",\"@id\":\"https:\\\/\\\/pizzornowines.com\\\/product\\\/visita-degustacion-masterclass-y-vuelo-panoramico-25%e2%80%b2\\\/#primaryimage\",\"url\":\"https:\\\/\\\/pizzornowines.com\\\/wp-content\\\/uploads\\\/Vuelo-panoramico.webp\",\"contentUrl\":\"https:\\\/\\\/pizzornowines.com\\\/wp-content\\\/uploads\\\/Vuelo-panoramico.webp\",\"width\":1000,\"height\":1000,\"caption\":\"Vuelo panoramico\"},{\"@type\":\"BreadcrumbList\",\"@id\":\"https:\\\/\\\/pizzornowines.com\\\/product\\\/visita-degustacion-masterclass-y-vuelo-panoramico-25%e2%80%b2\\\/#breadcrumb\",\"itemListElement\":[{\"@type\":\"ListItem\",\"position\":1,\"name\":\"Home\",\"item\":\"https:\\\/\\\/pizzornowines.com\\\/\"},{\"@type\":\"ListItem\",\"position\":2,\"name\":\"Shop\",\"item\":\"https:\\\/\\\/pizzornowines.com\\\/shop\\\/\"},{\"@type\":\"ListItem\",\"position\":3,\"name\":\"Visita + Degustaci\u00f3n MasterClass y Vuelo Panor\u00e1mico 25\u2032\"}]},{\"@type\":\"WebSite\",\"@id\":\"https:\\\/\\\/pizzornowines.com\\\/#website\",\"url\":\"https:\\\/\\\/pizzornowines.com\\\/\",\"name\":\"Pizzorno Family Estates\",\"description\":\"Pasi\u00f3n por la tierra y el vino\",\"publisher\":{\"@id\":\"https:\\\/\\\/pizzornowines.com\\\/#organization\"},\"potentialAction\":[{\"@type\":\"SearchAction\",\"target\":{\"@type\":\"EntryPoint\",\"urlTemplate\":\"https:\\\/\\\/pizzornowines.com\\\/?s={search_term_string}\"},\"query-input\":{\"@type\":\"PropertyValueSpecification\",\"valueRequired\":true,\"valueName\":\"search_term_string\"}}],\"inLanguage\":\"pt-BR\"},{\"@type\":\"Organization\",\"@id\":\"https:\\\/\\\/pizzornowines.com\\\/#organization\",\"name\":\"Pizzorno Family Estates\",\"url\":\"https:\\\/\\\/pizzornowines.com\\\/\",\"logo\":{\"@type\":\"ImageObject\",\"inLanguage\":\"pt-BR\",\"@id\":\"https:\\\/\\\/pizzornowines.com\\\/#\\\/schema\\\/logo\\\/image\\\/\",\"url\":\"https:\\\/\\\/pizzornowines.com\\\/wp-content\\\/uploads\\\/Pizzorno-Family-Estate-logo.svg\",\"contentUrl\":\"https:\\\/\\\/pizzornowines.com\\\/wp-content\\\/uploads\\\/Pizzorno-Family-Estate-logo.svg\",\"width\":422,\"height\":283,\"caption\":\"Pizzorno Family Estates\"},\"image\":{\"@id\":\"https:\\\/\\\/pizzornowines.com\\\/#\\\/schema\\\/logo\\\/image\\\/\"},\"sameAs\":[\"https:\\\/\\\/www.facebook.com\\\/pizzorno.family.estates\"]}]}<\/script>\n<!-- \/ Yoast SEO plugin. -->","yoast_head_json":{"title":"Visita + Degustaci\u00f3n MasterClass y Vuelo Panor\u00e1mico 25\u2032 - Pizzorno Family Estates","robots":{"index":"noindex","follow":"follow","max-snippet":"max-snippet:-1","max-image-preview":"max-image-preview:large","max-video-preview":"max-video-preview:-1"},"og_locale":"pt_BR","og_type":"article","og_title":"Visita + Degustaci\u00f3n MasterClass y Vuelo Panor\u00e1mico 25\u2032 - Pizzorno Family Estates","og_description":"Visita por los vi\u00f1edos, bodega y cava. Degustaci\u00f3n en sala asistida por un t\u00e9cnico de 4 vinos, luego realizaremos una experiencia \u00fanica recorriendo los vi\u00f1edos desde el cielo!","og_url":"https:\/\/pizzornowines.com\/pt\/produto\/visita-degustacion-masterclass-y-vuelo-panoramico-25\u2032\/","og_site_name":"Pizzorno Family Estates","article_publisher":"https:\/\/www.facebook.com\/pizzorno.family.estates","article_modified_time":"2026-04-03T16:39:14+00:00","og_image":[{"width":1000,"height":1000,"url":"https:\/\/pizzornowines.com\/wp-content\/uploads\/Vuelo-panoramico.webp","type":"image\/webp"}],"twitter_card":"summary_large_image","twitter_misc":{"Est. tempo de leitura":"1 minuto"},"schema":{"@context":"https:\/\/schema.org","@graph":[{"@type":"WebPage","@id":"https:\/\/pizzornowines.com\/product\/visita-degustacion-masterclass-y-vuelo-panoramico-25%e2%80%b2\/","url":"https:\/\/pizzornowines.com\/product\/visita-degustacion-masterclass-y-vuelo-panoramico-25%e2%80%b2\/","name":"Visita + Degustaci\u00f3n MasterClass y Vuelo Panor\u00e1mico 25\u2032 - Pizzorno Family Estates","isPartOf":{"@id":"https:\/\/pizzornowines.com\/#website"},"primaryImageOfPage":{"@id":"https:\/\/pizzornowines.com\/product\/visita-degustacion-masterclass-y-vuelo-panoramico-25%e2%80%b2\/#primaryimage"},"image":{"@id":"https:\/\/pizzornowines.com\/product\/visita-degustacion-masterclass-y-vuelo-panoramico-25%e2%80%b2\/#primaryimage"},"thumbnailUrl":"https:\/\/pizzornowines.com\/wp-content\/uploads\/Vuelo-panoramico.webp","datePublished":"2025-04-15T18:41:05+00:00","dateModified":"2026-04-03T16:39:14+00:00","breadcrumb":{"@id":"https:\/\/pizzornowines.com\/product\/visita-degustacion-masterclass-y-vuelo-panoramico-25%e2%80%b2\/#breadcrumb"},"inLanguage":"pt-BR","potentialAction":[{"@type":"ReadAction","target":["https:\/\/pizzornowines.com\/product\/visita-degustacion-masterclass-y-vuelo-panoramico-25%e2%80%b2\/"]}]},{"@type":"ImageObject","inLanguage":"pt-BR","@id":"https:\/\/pizzornowines.com\/product\/visita-degustacion-masterclass-y-vuelo-panoramico-25%e2%80%b2\/#primaryimage","url":"https:\/\/pizzornowines.com\/wp-content\/uploads\/Vuelo-panoramico.webp","contentUrl":"https:\/\/pizzornowines.com\/wp-content\/uploads\/Vuelo-panoramico.webp","width":1000,"height":1000,"caption":"Vuelo panoramico"},{"@type":"BreadcrumbList","@id":"https:\/\/pizzornowines.com\/product\/visita-degustacion-masterclass-y-vuelo-panoramico-25%e2%80%b2\/#breadcrumb","itemListElement":[{"@type":"ListItem","position":1,"name":"Home","item":"https:\/\/pizzornowines.com\/"},{"@type":"ListItem","position":2,"name":"Shop","item":"https:\/\/pizzornowines.com\/shop\/"},{"@type":"ListItem","position":3,"name":"Visita + Degustaci\u00f3n MasterClass y Vuelo Panor\u00e1mico 25\u2032"}]},{"@type":"WebSite","@id":"https:\/\/pizzornowines.com\/#website","url":"https:\/\/pizzornowines.com\/","name":"Pizzorno Family Estates","description":"Pasi\u00f3n por la tierra y el vino","publisher":{"@id":"https:\/\/pizzornowines.com\/#organization"},"potentialAction":[{"@type":"SearchAction","target":{"@type":"EntryPoint","urlTemplate":"https:\/\/pizzornowines.com\/?s={search_term_string}"},"query-input":{"@type":"PropertyValueSpecification","valueRequired":true,"valueName":"search_term_string"}}],"inLanguage":"pt-BR"},{"@type":"Organization","@id":"https:\/\/pizzornowines.com\/#organization","name":"Pizzorno Family Estates","url":"https:\/\/pizzornowines.com\/","logo":{"@type":"ImageObject","inLanguage":"pt-BR","@id":"https:\/\/pizzornowines.com\/#\/schema\/logo\/image\/","url":"https:\/\/pizzornowines.com\/wp-content\/uploads\/Pizzorno-Family-Estate-logo.svg","contentUrl":"https:\/\/pizzornowines.com\/wp-content\/uploads\/Pizzorno-Family-Estate-logo.svg","width":422,"height":283,"caption":"Pizzorno Family Estates"},"image":{"@id":"https:\/\/pizzornowines.com\/#\/schema\/logo\/image\/"},"sameAs":["https:\/\/www.facebook.com\/pizzorno.family.estates"]}]}},"_links":{"self":[{"href":"https:\/\/pizzornowines.com\/pt\/wp-json\/wp\/v2\/product\/982","targetHints":{"allow":["GET"]}}],"collection":[{"href":"https:\/\/pizzornowines.com\/pt\/wp-json\/wp\/v2\/product"}],"about":[{"href":"https:\/\/pizzornowines.com\/pt\/wp-json\/wp\/v2\/types\/product"}],"replies":[{"embeddable":true,"href":"https:\/\/pizzornowines.com\/pt\/wp-json\/wp\/v2\/comments?post=982"}],"version-history":[{"count":5,"href":"https:\/\/pizzornowines.com\/pt\/wp-json\/wp\/v2\/product\/982\/revisions"}],"predecessor-version":[{"id":4807,"href":"https:\/\/pizzornowines.com\/pt\/wp-json\/wp\/v2\/product\/982\/revisions\/4807"}],"wp:featuredmedia":[{"embeddable":true,"href":"https:\/\/pizzornowines.com\/pt\/wp-json\/wp\/v2\/media\/983"}],"wp:attachment":[{"href":"https:\/\/pizzornowines.com\/pt\/wp-json\/wp\/v2\/media?parent=982"}],"wp:term":[{"taxonomy":"tipo-visita","embeddable":true,"href":"https:\/\/pizzornowines.com\/pt\/wp-json\/wp\/v2\/tipo-visita?post=982"},{"taxonomy":"product_brand","embeddable":true,"href":"https:\/\/pizzornowines.com\/pt\/wp-json\/wp\/v2\/product_brand?post=982"},{"taxonomy":"product_cat","embeddable":true,"href":"https:\/\/pizzornowines.com\/pt\/wp-json\/wp\/v2\/product_cat?post=982"},{"taxonomy":"product_tag","embeddable":true,"href":"https:\/\/pizzornowines.com\/pt\/wp-json\/wp\/v2\/product_tag?post=982"}],"curies":[{"name":"wp","href":"https:\/\/api.w.org\/{rel}","templated":true}]}}