{"id":979,"date":"2025-04-15T15:30:58","date_gmt":"2025-04-15T18:30:58","guid":{"rendered":"https:\/\/pizzornowines.com\/?post_type=product&#038;p=979"},"modified":"2026-04-03T13:39:26","modified_gmt":"2026-04-03T16:39:26","slug":"visita-degustacion-en-spinoglio-visita-almuerzo-en-pizzorno-traslado","status":"publish","type":"product","link":"https:\/\/pizzornowines.com\/pt\/produto\/visita-degustacion-en-spinoglio-visita-almuerzo-en-pizzorno-traslado\/","title":{"rendered":"Visita e degusta\u00e7\u00e3o em Spinoglio + visita e almo\u00e7o em Pizzorno"},"content":{"rendered":"<p><b>\u2013 Visita\u00a0+ Degustaci\u00f3n en Bodega Spinoglio<br \/>\n\u2013 Almuerzo\u00a0+ Visita en Pizzorno<\/b><\/p>\n<p>Reservando este paquete estar\u00e1 realizando la visita a 2 bodegas en un solo d\u00eda, ya con transporte incluido y sin tener que preocuparse por nada m\u00e1s que disfrutar.<br \/>\nUna camioneta coordinada por Pizzorno realizar\u00e1 el pick up en su hotel en Montevideo para comenzar una experiencia \u00fanica, donde visitara 2 bodegas l\u00edderes en enoturismo en nuestro pa\u00eds<\/p>\n<p><strong>Itinerario<\/strong><br \/>\n9:30 Pick up en Hotel de Montevideo<br \/>\n10:30 Visita y Degustaci\u00f3n en: Bodega Spinoglio<br \/>\n12:30 \u2013 Traslado entre bodegas<br \/>\n13:00 Almuerzo maridaje en Pizzorno<br \/>\n15:00 Visita en Pizzorno<br \/>\n16:00 Retorno a Montevideo<\/p>","protected":false},"excerpt":{"rendered":"<p>Duas vin\u00edcolas localizadas a menos de 2 km se unem para uma experi\u00eancia de primeira classe. *Inclui transfer\u00eancia<\/p>","protected":false},"featured_media":981,"comment_status":"closed","ping_status":"closed","template":"","meta":{"_acf_changed":false,"_joinchat":[]},"tipo-visita":[65],"product_brand":[],"product_cat":[93],"product_tag":[],"class_list":{"0":"post-979","1":"product","2":"type-product","3":"status-publish","4":"has-post-thumbnail","6":"tipo-visita-combinados","7":"product_cat-experiencias","9":"first","10":"instock","11":"virtual","12":"sold-individually","13":"purchasable","14":"product-type-booking"},"exclude_global_add_ons":true,"addons":[{"name":"Upgrade traslado","type":"multiple_choice","position":0,"required":false,"title_format":"label","default":"0","description_enable":true,"description":"Costo por persona","placeholder_enable":false,"placeholder":"","display":"radiobutton","restrictions_type":"any_text","adjust_price":false,"price":"","price_type":"flat_fee","restrictions":false,"min":"0","max":"0","options":[{"label":"Traslado incluido","price":"","price_type":"flat_fee","image":0,"visibility":true},{"label":"Upgrade transfer privado","price":"1800","price_type":"quantity_based","image":0,"visibility":true}],"id":1749209521},{"name":"Indique hotel de pick-up dentro de las zonas c\u00e9ntricas de Montevideo (Centro, Pocitos y Punta Carretas).","type":"custom_text","position":1,"required":false,"title_format":"label","default":"","description_enable":false,"description":"","placeholder_enable":false,"placeholder":"","display":"select","restrictions_type":"any_text","adjust_price":false,"price":"","price_type":"flat_fee","restrictions":false,"min":"0","max":"0","options":[],"id":1756318780}],"acf":[],"yoast_head":"<!-- This site is optimized with the Yoast SEO plugin v27.3 - https:\/\/yoast.com\/product\/yoast-seo-wordpress\/ -->\n<title>Visita &amp; Degustaci\u00f3n en Spinoglio + Visita &amp; Almuerzo en Pizzorno + Traslado - Pizzorno Family Estates<\/title>\n<meta name=\"robots\" content=\"noindex, follow, max-snippet:-1, max-image-preview:large, max-video-preview:-1\" \/>\n<meta property=\"og:locale\" content=\"pt_BR\" \/>\n<meta property=\"og:type\" content=\"article\" \/>\n<meta property=\"og:title\" content=\"Visita &amp; Degustaci\u00f3n en Spinoglio + Visita &amp; Almuerzo en Pizzorno + Traslado - Pizzorno Family Estates\" \/>\n<meta property=\"og:description\" content=\"Dos bodegas ubicadas a menos de 2 km, se unen para una experiencia de primer nivel. *Incluye traslado\" \/>\n<meta property=\"og:url\" content=\"https:\/\/pizzornowines.com\/pt\/produto\/visita-degustacion-en-spinoglio-visita-almuerzo-en-pizzorno-traslado\/\" \/>\n<meta property=\"og:site_name\" content=\"Pizzorno Family Estates\" \/>\n<meta property=\"article:publisher\" content=\"https:\/\/www.facebook.com\/pizzorno.family.estates\" \/>\n<meta property=\"article:modified_time\" content=\"2026-04-03T16:39:26+00:00\" \/>\n<meta property=\"og:image\" content=\"https:\/\/pizzornowines.com\/wp-content\/uploads\/2-BODEGAS-EN-UN-DIA-1.webp\" \/>\n\t<meta property=\"og:image:width\" content=\"1000\" \/>\n\t<meta property=\"og:image:height\" content=\"1000\" \/>\n\t<meta property=\"og:image:type\" content=\"image\/webp\" \/>\n<meta name=\"twitter:card\" content=\"summary_large_image\" \/>\n<meta name=\"twitter:label1\" content=\"Est. tempo de leitura\" \/>\n\t<meta name=\"twitter:data1\" content=\"1 minuto\" \/>\n<script type=\"application\/ld+json\" class=\"yoast-schema-graph\">{\"@context\":\"https:\\\/\\\/schema.org\",\"@graph\":[{\"@type\":\"WebPage\",\"@id\":\"https:\\\/\\\/pizzornowines.com\\\/product\\\/visita-degustacion-en-spinoglio-visita-almuerzo-en-pizzorno-traslado\\\/\",\"url\":\"https:\\\/\\\/pizzornowines.com\\\/product\\\/visita-degustacion-en-spinoglio-visita-almuerzo-en-pizzorno-traslado\\\/\",\"name\":\"Visita & Degustaci\u00f3n en Spinoglio + Visita & Almuerzo en Pizzorno + Traslado - Pizzorno Family Estates\",\"isPartOf\":{\"@id\":\"https:\\\/\\\/pizzornowines.com\\\/#website\"},\"primaryImageOfPage\":{\"@id\":\"https:\\\/\\\/pizzornowines.com\\\/product\\\/visita-degustacion-en-spinoglio-visita-almuerzo-en-pizzorno-traslado\\\/#primaryimage\"},\"image\":{\"@id\":\"https:\\\/\\\/pizzornowines.com\\\/product\\\/visita-degustacion-en-spinoglio-visita-almuerzo-en-pizzorno-traslado\\\/#primaryimage\"},\"thumbnailUrl\":\"https:\\\/\\\/pizzornowines.com\\\/wp-content\\\/uploads\\\/2-BODEGAS-EN-UN-DIA-1.webp\",\"datePublished\":\"2025-04-15T18:30:58+00:00\",\"dateModified\":\"2026-04-03T16:39:26+00:00\",\"breadcrumb\":{\"@id\":\"https:\\\/\\\/pizzornowines.com\\\/product\\\/visita-degustacion-en-spinoglio-visita-almuerzo-en-pizzorno-traslado\\\/#breadcrumb\"},\"inLanguage\":\"pt-BR\",\"potentialAction\":[{\"@type\":\"ReadAction\",\"target\":[\"https:\\\/\\\/pizzornowines.com\\\/product\\\/visita-degustacion-en-spinoglio-visita-almuerzo-en-pizzorno-traslado\\\/\"]}]},{\"@type\":\"ImageObject\",\"inLanguage\":\"pt-BR\",\"@id\":\"https:\\\/\\\/pizzornowines.com\\\/product\\\/visita-degustacion-en-spinoglio-visita-almuerzo-en-pizzorno-traslado\\\/#primaryimage\",\"url\":\"https:\\\/\\\/pizzornowines.com\\\/wp-content\\\/uploads\\\/2-BODEGAS-EN-UN-DIA-1.webp\",\"contentUrl\":\"https:\\\/\\\/pizzornowines.com\\\/wp-content\\\/uploads\\\/2-BODEGAS-EN-UN-DIA-1.webp\",\"width\":1000,\"height\":1000,\"caption\":\"2 BODEGAS EN UN DIA 1\"},{\"@type\":\"BreadcrumbList\",\"@id\":\"https:\\\/\\\/pizzornowines.com\\\/product\\\/visita-degustacion-en-spinoglio-visita-almuerzo-en-pizzorno-traslado\\\/#breadcrumb\",\"itemListElement\":[{\"@type\":\"ListItem\",\"position\":1,\"name\":\"Home\",\"item\":\"https:\\\/\\\/pizzornowines.com\\\/\"},{\"@type\":\"ListItem\",\"position\":2,\"name\":\"Shop\",\"item\":\"https:\\\/\\\/pizzornowines.com\\\/shop\\\/\"},{\"@type\":\"ListItem\",\"position\":3,\"name\":\"Visita &#038; Degustaci\u00f3n en Spinoglio + Visita &#038; Almuerzo en Pizzorno + Traslado\"}]},{\"@type\":\"WebSite\",\"@id\":\"https:\\\/\\\/pizzornowines.com\\\/#website\",\"url\":\"https:\\\/\\\/pizzornowines.com\\\/\",\"name\":\"Pizzorno Family Estates\",\"description\":\"Pasi\u00f3n por la tierra y el vino\",\"publisher\":{\"@id\":\"https:\\\/\\\/pizzornowines.com\\\/#organization\"},\"potentialAction\":[{\"@type\":\"SearchAction\",\"target\":{\"@type\":\"EntryPoint\",\"urlTemplate\":\"https:\\\/\\\/pizzornowines.com\\\/?s={search_term_string}\"},\"query-input\":{\"@type\":\"PropertyValueSpecification\",\"valueRequired\":true,\"valueName\":\"search_term_string\"}}],\"inLanguage\":\"pt-BR\"},{\"@type\":\"Organization\",\"@id\":\"https:\\\/\\\/pizzornowines.com\\\/#organization\",\"name\":\"Pizzorno Family Estates\",\"url\":\"https:\\\/\\\/pizzornowines.com\\\/\",\"logo\":{\"@type\":\"ImageObject\",\"inLanguage\":\"pt-BR\",\"@id\":\"https:\\\/\\\/pizzornowines.com\\\/#\\\/schema\\\/logo\\\/image\\\/\",\"url\":\"https:\\\/\\\/pizzornowines.com\\\/wp-content\\\/uploads\\\/Pizzorno-Family-Estate-logo.svg\",\"contentUrl\":\"https:\\\/\\\/pizzornowines.com\\\/wp-content\\\/uploads\\\/Pizzorno-Family-Estate-logo.svg\",\"width\":422,\"height\":283,\"caption\":\"Pizzorno Family Estates\"},\"image\":{\"@id\":\"https:\\\/\\\/pizzornowines.com\\\/#\\\/schema\\\/logo\\\/image\\\/\"},\"sameAs\":[\"https:\\\/\\\/www.facebook.com\\\/pizzorno.family.estates\"]}]}<\/script>\n<!-- \/ Yoast SEO plugin. -->","yoast_head_json":{"title":"Visita & Degustaci\u00f3n en Spinoglio + Visita & Almuerzo en Pizzorno + Traslado - Pizzorno Family Estates","robots":{"index":"noindex","follow":"follow","max-snippet":"max-snippet:-1","max-image-preview":"max-image-preview:large","max-video-preview":"max-video-preview:-1"},"og_locale":"pt_BR","og_type":"article","og_title":"Visita & Degustaci\u00f3n en Spinoglio + Visita & Almuerzo en Pizzorno + Traslado - Pizzorno Family Estates","og_description":"Dos bodegas ubicadas a menos de 2 km, se unen para una experiencia de primer nivel. *Incluye traslado","og_url":"https:\/\/pizzornowines.com\/pt\/produto\/visita-degustacion-en-spinoglio-visita-almuerzo-en-pizzorno-traslado\/","og_site_name":"Pizzorno Family Estates","article_publisher":"https:\/\/www.facebook.com\/pizzorno.family.estates","article_modified_time":"2026-04-03T16:39:26+00:00","og_image":[{"width":1000,"height":1000,"url":"https:\/\/pizzornowines.com\/wp-content\/uploads\/2-BODEGAS-EN-UN-DIA-1.webp","type":"image\/webp"}],"twitter_card":"summary_large_image","twitter_misc":{"Est. tempo de leitura":"1 minuto"},"schema":{"@context":"https:\/\/schema.org","@graph":[{"@type":"WebPage","@id":"https:\/\/pizzornowines.com\/product\/visita-degustacion-en-spinoglio-visita-almuerzo-en-pizzorno-traslado\/","url":"https:\/\/pizzornowines.com\/product\/visita-degustacion-en-spinoglio-visita-almuerzo-en-pizzorno-traslado\/","name":"Visita & Degustaci\u00f3n en Spinoglio + Visita & Almuerzo en Pizzorno + Traslado - Pizzorno Family Estates","isPartOf":{"@id":"https:\/\/pizzornowines.com\/#website"},"primaryImageOfPage":{"@id":"https:\/\/pizzornowines.com\/product\/visita-degustacion-en-spinoglio-visita-almuerzo-en-pizzorno-traslado\/#primaryimage"},"image":{"@id":"https:\/\/pizzornowines.com\/product\/visita-degustacion-en-spinoglio-visita-almuerzo-en-pizzorno-traslado\/#primaryimage"},"thumbnailUrl":"https:\/\/pizzornowines.com\/wp-content\/uploads\/2-BODEGAS-EN-UN-DIA-1.webp","datePublished":"2025-04-15T18:30:58+00:00","dateModified":"2026-04-03T16:39:26+00:00","breadcrumb":{"@id":"https:\/\/pizzornowines.com\/product\/visita-degustacion-en-spinoglio-visita-almuerzo-en-pizzorno-traslado\/#breadcrumb"},"inLanguage":"pt-BR","potentialAction":[{"@type":"ReadAction","target":["https:\/\/pizzornowines.com\/product\/visita-degustacion-en-spinoglio-visita-almuerzo-en-pizzorno-traslado\/"]}]},{"@type":"ImageObject","inLanguage":"pt-BR","@id":"https:\/\/pizzornowines.com\/product\/visita-degustacion-en-spinoglio-visita-almuerzo-en-pizzorno-traslado\/#primaryimage","url":"https:\/\/pizzornowines.com\/wp-content\/uploads\/2-BODEGAS-EN-UN-DIA-1.webp","contentUrl":"https:\/\/pizzornowines.com\/wp-content\/uploads\/2-BODEGAS-EN-UN-DIA-1.webp","width":1000,"height":1000,"caption":"2 BODEGAS EN UN DIA 1"},{"@type":"BreadcrumbList","@id":"https:\/\/pizzornowines.com\/product\/visita-degustacion-en-spinoglio-visita-almuerzo-en-pizzorno-traslado\/#breadcrumb","itemListElement":[{"@type":"ListItem","position":1,"name":"Home","item":"https:\/\/pizzornowines.com\/"},{"@type":"ListItem","position":2,"name":"Shop","item":"https:\/\/pizzornowines.com\/shop\/"},{"@type":"ListItem","position":3,"name":"Visita &#038; Degustaci\u00f3n en Spinoglio + Visita &#038; Almuerzo en Pizzorno + Traslado"}]},{"@type":"WebSite","@id":"https:\/\/pizzornowines.com\/#website","url":"https:\/\/pizzornowines.com\/","name":"Pizzorno Family Estates","description":"Pasi\u00f3n por la tierra y el vino","publisher":{"@id":"https:\/\/pizzornowines.com\/#organization"},"potentialAction":[{"@type":"SearchAction","target":{"@type":"EntryPoint","urlTemplate":"https:\/\/pizzornowines.com\/?s={search_term_string}"},"query-input":{"@type":"PropertyValueSpecification","valueRequired":true,"valueName":"search_term_string"}}],"inLanguage":"pt-BR"},{"@type":"Organization","@id":"https:\/\/pizzornowines.com\/#organization","name":"Pizzorno Family Estates","url":"https:\/\/pizzornowines.com\/","logo":{"@type":"ImageObject","inLanguage":"pt-BR","@id":"https:\/\/pizzornowines.com\/#\/schema\/logo\/image\/","url":"https:\/\/pizzornowines.com\/wp-content\/uploads\/Pizzorno-Family-Estate-logo.svg","contentUrl":"https:\/\/pizzornowines.com\/wp-content\/uploads\/Pizzorno-Family-Estate-logo.svg","width":422,"height":283,"caption":"Pizzorno Family Estates"},"image":{"@id":"https:\/\/pizzornowines.com\/#\/schema\/logo\/image\/"},"sameAs":["https:\/\/www.facebook.com\/pizzorno.family.estates"]}]}},"_links":{"self":[{"href":"https:\/\/pizzornowines.com\/pt\/wp-json\/wp\/v2\/product\/979","targetHints":{"allow":["GET"]}}],"collection":[{"href":"https:\/\/pizzornowines.com\/pt\/wp-json\/wp\/v2\/product"}],"about":[{"href":"https:\/\/pizzornowines.com\/pt\/wp-json\/wp\/v2\/types\/product"}],"replies":[{"embeddable":true,"href":"https:\/\/pizzornowines.com\/pt\/wp-json\/wp\/v2\/comments?post=979"}],"version-history":[{"count":5,"href":"https:\/\/pizzornowines.com\/pt\/wp-json\/wp\/v2\/product\/979\/revisions"}],"predecessor-version":[{"id":4804,"href":"https:\/\/pizzornowines.com\/pt\/wp-json\/wp\/v2\/product\/979\/revisions\/4804"}],"wp:featuredmedia":[{"embeddable":true,"href":"https:\/\/pizzornowines.com\/pt\/wp-json\/wp\/v2\/media\/981"}],"wp:attachment":[{"href":"https:\/\/pizzornowines.com\/pt\/wp-json\/wp\/v2\/media?parent=979"}],"wp:term":[{"taxonomy":"tipo-visita","embeddable":true,"href":"https:\/\/pizzornowines.com\/pt\/wp-json\/wp\/v2\/tipo-visita?post=979"},{"taxonomy":"product_brand","embeddable":true,"href":"https:\/\/pizzornowines.com\/pt\/wp-json\/wp\/v2\/product_brand?post=979"},{"taxonomy":"product_cat","embeddable":true,"href":"https:\/\/pizzornowines.com\/pt\/wp-json\/wp\/v2\/product_cat?post=979"},{"taxonomy":"product_tag","embeddable":true,"href":"https:\/\/pizzornowines.com\/pt\/wp-json\/wp\/v2\/product_tag?post=979"}],"curies":[{"name":"wp","href":"https:\/\/api.w.org\/{rel}","templated":true}]}}