{"id":5108,"date":"2026-04-06T13:00:13","date_gmt":"2026-04-06T16:00:13","guid":{"rendered":"https:\/\/pizzornowines.com\/product\/pizzorno-club-espumoso\/"},"modified":"2026-04-06T13:00:13","modified_gmt":"2026-04-06T16:00:13","slug":"pizzorno-club-espumoso","status":"publish","type":"product","link":"https:\/\/pizzornowines.com\/pt\/produto\/pizzorno-club-espumoso\/","title":{"rendered":"Pizzorno Club Espumoso"},"content":{"rendered":"<p data-start=\"0\" data-end=\"341\">Pizzorno Club Espumoso es una l\u00ednea concebida para celebrar cada momento con estilo, frescura y versatilidad, desarrollada especialmente para el mercado mexicano. Con un perfil vibrante y contempor\u00e1neo, combina la tradici\u00f3n enol\u00f3gica de la bodega con una propuesta din\u00e1mica, pensada para acompa\u00f1ar encuentros, brindis y ocasiones especiales.<\/p>\n<p data-start=\"343\" data-end=\"653\">Sus espumosos se distinguen por sus burbujas finas, su expresi\u00f3n arom\u00e1tica frutal y una frescura equilibrada que aporta elegancia y f\u00e1cil disfrute. De car\u00e1cter adaptable, se presentan como el complemento ideal tanto para aperitivos como para cocteler\u00eda, invitando a explorar nuevas formas de disfrutar el vino.<\/p>\n<p data-start=\"655\" data-end=\"787\" data-is-last-node=\"\" data-is-only-node=\"\">Una l\u00ednea que captura el esp\u00edritu festivo y sofisticado de Pizzorno, ofreciendo una experiencia accesible, refinada y llena de vida.<\/p>","protected":false},"excerpt":{"rendered":"<p>Pizzorno Club Espumoso es una l\u00ednea concebida para celebrar cada momento con estilo, frescura y versatilidad, desarrollada especialmente para el mercado mexicano. Con un perfil vibrante y contempor\u00e1neo, combina la tradici\u00f3n enol\u00f3gica de la bodega con una propuesta din\u00e1mica, pensada para acompa\u00f1ar encuentros, brindis y ocasiones especiales. Sus espumosos se distinguen por sus burbujas finas, [&hellip;]<\/p>\n","protected":false},"featured_media":5107,"comment_status":"","ping_status":"closed","template":"","meta":{"_acf_changed":false,"_joinchat":[]},"tipo-visita":[],"product_brand":[],"product_cat":[26],"product_tag":[],"class_list":{"0":"post-5108","1":"product","2":"type-product","3":"status-publish","4":"has-post-thumbnail","6":"product_cat-especiales","8":"first","9":"instock","10":"shipping-taxable","11":"product-type-simple"},"exclude_global_add_ons":[],"addons":[],"acf":[],"yoast_head":"<!-- This site is optimized with the Yoast SEO plugin v27.3 - https:\/\/yoast.com\/product\/yoast-seo-wordpress\/ -->\n<title>Pizzorno Club Espumoso - Pizzorno Family Estates<\/title>\n<meta name=\"robots\" content=\"noindex, follow, max-snippet:-1, max-image-preview:large, max-video-preview:-1\" \/>\n<meta property=\"og:locale\" content=\"pt_BR\" \/>\n<meta property=\"og:type\" content=\"article\" \/>\n<meta property=\"og:title\" content=\"Pizzorno Club Espumoso - Pizzorno Family Estates\" \/>\n<meta property=\"og:description\" content=\"Pizzorno Club Espumoso es una l\u00ednea concebida para celebrar cada momento con estilo, frescura y versatilidad, desarrollada especialmente para el mercado mexicano. Con un perfil vibrante y contempor\u00e1neo, combina la tradici\u00f3n enol\u00f3gica de la bodega con una propuesta din\u00e1mica, pensada para acompa\u00f1ar encuentros, brindis y ocasiones especiales. Sus espumosos se distinguen por sus burbujas finas, [&hellip;]\" \/>\n<meta property=\"og:url\" content=\"https:\/\/pizzornowines.com\/pt\/produto\/pizzorno-club-espumoso\/\" \/>\n<meta property=\"og:site_name\" content=\"Pizzorno Family Estates\" \/>\n<meta property=\"article:publisher\" content=\"https:\/\/www.facebook.com\/pizzorno.family.estates\" \/>\n<meta name=\"twitter:card\" content=\"summary_large_image\" \/>\n<meta name=\"twitter:label1\" content=\"Est. tempo de leitura\" \/>\n\t<meta name=\"twitter:data1\" content=\"1 minuto\" \/>\n<script type=\"application\/ld+json\" class=\"yoast-schema-graph\">{\"@context\":\"https:\\\/\\\/schema.org\",\"@graph\":[{\"@type\":\"WebPage\",\"@id\":\"https:\\\/\\\/pizzornowines.com\\\/product\\\/pizzorno-club-espumoso\\\/\",\"url\":\"https:\\\/\\\/pizzornowines.com\\\/product\\\/pizzorno-club-espumoso\\\/\",\"name\":\"Pizzorno Club Espumoso - Pizzorno Family Estates\",\"isPartOf\":{\"@id\":\"https:\\\/\\\/pizzornowines.com\\\/#website\"},\"primaryImageOfPage\":{\"@id\":\"https:\\\/\\\/pizzornowines.com\\\/product\\\/pizzorno-club-espumoso\\\/#primaryimage\"},\"image\":{\"@id\":\"https:\\\/\\\/pizzornowines.com\\\/product\\\/pizzorno-club-espumoso\\\/#primaryimage\"},\"thumbnailUrl\":\"https:\\\/\\\/pizzornowines.com\\\/wp-content\\\/uploads\\\/Pizzorno-Club-Espumoso.jpg\",\"datePublished\":\"2026-04-06T16:00:13+00:00\",\"breadcrumb\":{\"@id\":\"https:\\\/\\\/pizzornowines.com\\\/product\\\/pizzorno-club-espumoso\\\/#breadcrumb\"},\"inLanguage\":\"pt-BR\",\"potentialAction\":[{\"@type\":\"ReadAction\",\"target\":[\"https:\\\/\\\/pizzornowines.com\\\/product\\\/pizzorno-club-espumoso\\\/\"]}]},{\"@type\":\"ImageObject\",\"inLanguage\":\"pt-BR\",\"@id\":\"https:\\\/\\\/pizzornowines.com\\\/product\\\/pizzorno-club-espumoso\\\/#primaryimage\",\"url\":\"https:\\\/\\\/pizzornowines.com\\\/wp-content\\\/uploads\\\/Pizzorno-Club-Espumoso.jpg\",\"contentUrl\":\"https:\\\/\\\/pizzornowines.com\\\/wp-content\\\/uploads\\\/Pizzorno-Club-Espumoso.jpg\",\"width\":250,\"height\":780},{\"@type\":\"BreadcrumbList\",\"@id\":\"https:\\\/\\\/pizzornowines.com\\\/product\\\/pizzorno-club-espumoso\\\/#breadcrumb\",\"itemListElement\":[{\"@type\":\"ListItem\",\"position\":1,\"name\":\"Home\",\"item\":\"https:\\\/\\\/pizzornowines.com\\\/\"},{\"@type\":\"ListItem\",\"position\":2,\"name\":\"Shop\",\"item\":\"https:\\\/\\\/pizzornowines.com\\\/shop\\\/\"},{\"@type\":\"ListItem\",\"position\":3,\"name\":\"Pizzorno Club Espumoso\"}]},{\"@type\":\"WebSite\",\"@id\":\"https:\\\/\\\/pizzornowines.com\\\/#website\",\"url\":\"https:\\\/\\\/pizzornowines.com\\\/\",\"name\":\"Pizzorno Family Estates\",\"description\":\"Pasi\u00f3n por la tierra y el vino\",\"publisher\":{\"@id\":\"https:\\\/\\\/pizzornowines.com\\\/#organization\"},\"potentialAction\":[{\"@type\":\"SearchAction\",\"target\":{\"@type\":\"EntryPoint\",\"urlTemplate\":\"https:\\\/\\\/pizzornowines.com\\\/?s={search_term_string}\"},\"query-input\":{\"@type\":\"PropertyValueSpecification\",\"valueRequired\":true,\"valueName\":\"search_term_string\"}}],\"inLanguage\":\"pt-BR\"},{\"@type\":\"Organization\",\"@id\":\"https:\\\/\\\/pizzornowines.com\\\/#organization\",\"name\":\"Pizzorno Family Estates\",\"url\":\"https:\\\/\\\/pizzornowines.com\\\/\",\"logo\":{\"@type\":\"ImageObject\",\"inLanguage\":\"pt-BR\",\"@id\":\"https:\\\/\\\/pizzornowines.com\\\/#\\\/schema\\\/logo\\\/image\\\/\",\"url\":\"https:\\\/\\\/pizzornowines.com\\\/wp-content\\\/uploads\\\/Pizzorno-Family-Estate-logo.svg\",\"contentUrl\":\"https:\\\/\\\/pizzornowines.com\\\/wp-content\\\/uploads\\\/Pizzorno-Family-Estate-logo.svg\",\"width\":422,\"height\":283,\"caption\":\"Pizzorno Family Estates\"},\"image\":{\"@id\":\"https:\\\/\\\/pizzornowines.com\\\/#\\\/schema\\\/logo\\\/image\\\/\"},\"sameAs\":[\"https:\\\/\\\/www.facebook.com\\\/pizzorno.family.estates\"]}]}<\/script>\n<!-- \/ Yoast SEO plugin. -->","yoast_head_json":{"title":"Pizzorno Club Espumoso - Pizzorno Family Estates","robots":{"index":"noindex","follow":"follow","max-snippet":"max-snippet:-1","max-image-preview":"max-image-preview:large","max-video-preview":"max-video-preview:-1"},"og_locale":"pt_BR","og_type":"article","og_title":"Pizzorno Club Espumoso - Pizzorno Family Estates","og_description":"Pizzorno Club Espumoso es una l\u00ednea concebida para celebrar cada momento con estilo, frescura y versatilidad, desarrollada especialmente para el mercado mexicano. Con un perfil vibrante y contempor\u00e1neo, combina la tradici\u00f3n enol\u00f3gica de la bodega con una propuesta din\u00e1mica, pensada para acompa\u00f1ar encuentros, brindis y ocasiones especiales. Sus espumosos se distinguen por sus burbujas finas, [&hellip;]","og_url":"https:\/\/pizzornowines.com\/pt\/produto\/pizzorno-club-espumoso\/","og_site_name":"Pizzorno Family Estates","article_publisher":"https:\/\/www.facebook.com\/pizzorno.family.estates","twitter_card":"summary_large_image","twitter_misc":{"Est. tempo de leitura":"1 minuto"},"schema":{"@context":"https:\/\/schema.org","@graph":[{"@type":"WebPage","@id":"https:\/\/pizzornowines.com\/product\/pizzorno-club-espumoso\/","url":"https:\/\/pizzornowines.com\/product\/pizzorno-club-espumoso\/","name":"Pizzorno Club Espumoso - Pizzorno Family Estates","isPartOf":{"@id":"https:\/\/pizzornowines.com\/#website"},"primaryImageOfPage":{"@id":"https:\/\/pizzornowines.com\/product\/pizzorno-club-espumoso\/#primaryimage"},"image":{"@id":"https:\/\/pizzornowines.com\/product\/pizzorno-club-espumoso\/#primaryimage"},"thumbnailUrl":"https:\/\/pizzornowines.com\/wp-content\/uploads\/Pizzorno-Club-Espumoso.jpg","datePublished":"2026-04-06T16:00:13+00:00","breadcrumb":{"@id":"https:\/\/pizzornowines.com\/product\/pizzorno-club-espumoso\/#breadcrumb"},"inLanguage":"pt-BR","potentialAction":[{"@type":"ReadAction","target":["https:\/\/pizzornowines.com\/product\/pizzorno-club-espumoso\/"]}]},{"@type":"ImageObject","inLanguage":"pt-BR","@id":"https:\/\/pizzornowines.com\/product\/pizzorno-club-espumoso\/#primaryimage","url":"https:\/\/pizzornowines.com\/wp-content\/uploads\/Pizzorno-Club-Espumoso.jpg","contentUrl":"https:\/\/pizzornowines.com\/wp-content\/uploads\/Pizzorno-Club-Espumoso.jpg","width":250,"height":780},{"@type":"BreadcrumbList","@id":"https:\/\/pizzornowines.com\/product\/pizzorno-club-espumoso\/#breadcrumb","itemListElement":[{"@type":"ListItem","position":1,"name":"Home","item":"https:\/\/pizzornowines.com\/"},{"@type":"ListItem","position":2,"name":"Shop","item":"https:\/\/pizzornowines.com\/shop\/"},{"@type":"ListItem","position":3,"name":"Pizzorno Club Espumoso"}]},{"@type":"WebSite","@id":"https:\/\/pizzornowines.com\/#website","url":"https:\/\/pizzornowines.com\/","name":"Pizzorno Family Estates","description":"Pasi\u00f3n por la tierra y el vino","publisher":{"@id":"https:\/\/pizzornowines.com\/#organization"},"potentialAction":[{"@type":"SearchAction","target":{"@type":"EntryPoint","urlTemplate":"https:\/\/pizzornowines.com\/?s={search_term_string}"},"query-input":{"@type":"PropertyValueSpecification","valueRequired":true,"valueName":"search_term_string"}}],"inLanguage":"pt-BR"},{"@type":"Organization","@id":"https:\/\/pizzornowines.com\/#organization","name":"Pizzorno Family Estates","url":"https:\/\/pizzornowines.com\/","logo":{"@type":"ImageObject","inLanguage":"pt-BR","@id":"https:\/\/pizzornowines.com\/#\/schema\/logo\/image\/","url":"https:\/\/pizzornowines.com\/wp-content\/uploads\/Pizzorno-Family-Estate-logo.svg","contentUrl":"https:\/\/pizzornowines.com\/wp-content\/uploads\/Pizzorno-Family-Estate-logo.svg","width":422,"height":283,"caption":"Pizzorno Family Estates"},"image":{"@id":"https:\/\/pizzornowines.com\/#\/schema\/logo\/image\/"},"sameAs":["https:\/\/www.facebook.com\/pizzorno.family.estates"]}]}},"_links":{"self":[{"href":"https:\/\/pizzornowines.com\/pt\/wp-json\/wp\/v2\/product\/5108","targetHints":{"allow":["GET"]}}],"collection":[{"href":"https:\/\/pizzornowines.com\/pt\/wp-json\/wp\/v2\/product"}],"about":[{"href":"https:\/\/pizzornowines.com\/pt\/wp-json\/wp\/v2\/types\/product"}],"replies":[{"embeddable":true,"href":"https:\/\/pizzornowines.com\/pt\/wp-json\/wp\/v2\/comments?post=5108"}],"version-history":[{"count":0,"href":"https:\/\/pizzornowines.com\/pt\/wp-json\/wp\/v2\/product\/5108\/revisions"}],"wp:featuredmedia":[{"embeddable":true,"href":"https:\/\/pizzornowines.com\/pt\/wp-json\/wp\/v2\/media\/5107"}],"wp:attachment":[{"href":"https:\/\/pizzornowines.com\/pt\/wp-json\/wp\/v2\/media?parent=5108"}],"wp:term":[{"taxonomy":"tipo-visita","embeddable":true,"href":"https:\/\/pizzornowines.com\/pt\/wp-json\/wp\/v2\/tipo-visita?post=5108"},{"taxonomy":"product_brand","embeddable":true,"href":"https:\/\/pizzornowines.com\/pt\/wp-json\/wp\/v2\/product_brand?post=5108"},{"taxonomy":"product_cat","embeddable":true,"href":"https:\/\/pizzornowines.com\/pt\/wp-json\/wp\/v2\/product_cat?post=5108"},{"taxonomy":"product_tag","embeddable":true,"href":"https:\/\/pizzornowines.com\/pt\/wp-json\/wp\/v2\/product_tag?post=5108"}],"curies":[{"name":"wp","href":"https:\/\/api.w.org\/{rel}","templated":true}]}}