{"id":5106,"date":"2026-04-06T12:25:01","date_gmt":"2026-04-06T15:25:01","guid":{"rendered":"https:\/\/pizzornowines.com\/product\/skyline-albarino\/"},"modified":"2026-04-06T12:25:01","modified_gmt":"2026-04-06T15:25:01","slug":"skyline-albarino","status":"publish","type":"product","link":"https:\/\/pizzornowines.com\/pt\/produto\/skyline-albarino\/","title":{"rendered":"Skyline Albari\u00f1o"},"content":{"rendered":"<p data-start=\"0\" data-end=\"203\">Inspirada en la frescura de la ciudad de Montevideo, esta l\u00ednea fue concebida especialmente para el mercado brasile\u00f1o, con el objetivo de ofrecer vinos frescos y elegantes, de perfil moderno y atractivo.<\/p>\n<p data-start=\"205\" data-end=\"531\">Este Albari\u00f1o refleja la excelente adaptaci\u00f3n de la variedad al clima atl\u00e1ntico y a los suelos del sur de Uruguay, dando lugar a un blanco de gran expresi\u00f3n arom\u00e1tica y notable equilibrio. Su perfil destaca por la intensidad de sus notas frutales y c\u00edtricas, junto a una marcada frescura que aporta vivacidad y fineza en boca.<\/p>\n<p data-start=\"533\" data-end=\"801\" data-is-last-node=\"\" data-is-only-node=\"\">De estilo accesible pero con car\u00e1cter, se presenta como una opci\u00f3n vers\u00e1til y sofisticada, ideal para disfrutar en diferentes momentos y ocasiones. Su propuesta est\u00e9tica y su practicidad invitan a un disfrute relajado, donde la calidad y la frescura son protagonistas.<\/p>","protected":false},"excerpt":{"rendered":"<p>Inspirada en la frescura de la ciudad de Montevideo, esta l\u00ednea fue concebida especialmente para el mercado brasile\u00f1o, con el objetivo de ofrecer vinos frescos y elegantes, de perfil moderno y atractivo. Este Albari\u00f1o refleja la excelente adaptaci\u00f3n de la variedad al clima atl\u00e1ntico y a los suelos del sur de Uruguay, dando lugar a [&hellip;]<\/p>\n","protected":false},"featured_media":5105,"comment_status":"","ping_status":"closed","template":"","meta":{"_acf_changed":false,"_joinchat":[]},"tipo-visita":[],"product_brand":[],"product_cat":[25],"product_tag":[],"class_list":{"0":"post-5106","1":"product","2":"type-product","3":"status-publish","4":"has-post-thumbnail","6":"product_cat-almacen","8":"first","9":"instock","10":"shipping-taxable","11":"product-type-simple"},"exclude_global_add_ons":[],"addons":[],"acf":[],"yoast_head":"<!-- This site is optimized with the Yoast SEO plugin v27.3 - https:\/\/yoast.com\/product\/yoast-seo-wordpress\/ -->\n<title>Skyline Albari\u00f1o - Pizzorno Family Estates<\/title>\n<meta name=\"robots\" content=\"noindex, follow, max-snippet:-1, max-image-preview:large, max-video-preview:-1\" \/>\n<meta property=\"og:locale\" content=\"pt_BR\" \/>\n<meta property=\"og:type\" content=\"article\" \/>\n<meta property=\"og:title\" content=\"Skyline Albari\u00f1o - Pizzorno Family Estates\" \/>\n<meta property=\"og:description\" content=\"Inspirada en la frescura de la ciudad de Montevideo, esta l\u00ednea fue concebida especialmente para el mercado brasile\u00f1o, con el objetivo de ofrecer vinos frescos y elegantes, de perfil moderno y atractivo. Este Albari\u00f1o refleja la excelente adaptaci\u00f3n de la variedad al clima atl\u00e1ntico y a los suelos del sur de Uruguay, dando lugar a [&hellip;]\" \/>\n<meta property=\"og:url\" content=\"https:\/\/pizzornowines.com\/pt\/produto\/skyline-albarino\/\" \/>\n<meta property=\"og:site_name\" content=\"Pizzorno Family Estates\" \/>\n<meta property=\"article:publisher\" content=\"https:\/\/www.facebook.com\/pizzorno.family.estates\" \/>\n<meta name=\"twitter:card\" content=\"summary_large_image\" \/>\n<meta name=\"twitter:label1\" content=\"Est. tempo de leitura\" \/>\n\t<meta name=\"twitter:data1\" content=\"1 minuto\" \/>\n<script type=\"application\/ld+json\" class=\"yoast-schema-graph\">{\"@context\":\"https:\\\/\\\/schema.org\",\"@graph\":[{\"@type\":\"WebPage\",\"@id\":\"https:\\\/\\\/pizzornowines.com\\\/product\\\/skyline-albarino\\\/\",\"url\":\"https:\\\/\\\/pizzornowines.com\\\/product\\\/skyline-albarino\\\/\",\"name\":\"Skyline Albari\u00f1o - Pizzorno Family Estates\",\"isPartOf\":{\"@id\":\"https:\\\/\\\/pizzornowines.com\\\/#website\"},\"primaryImageOfPage\":{\"@id\":\"https:\\\/\\\/pizzornowines.com\\\/product\\\/skyline-albarino\\\/#primaryimage\"},\"image\":{\"@id\":\"https:\\\/\\\/pizzornowines.com\\\/product\\\/skyline-albarino\\\/#primaryimage\"},\"thumbnailUrl\":\"https:\\\/\\\/pizzornowines.com\\\/wp-content\\\/uploads\\\/Gemini_Generated_Image_3d2rgx3d2rgx3d2r-1.jpg\",\"datePublished\":\"2026-04-06T15:25:01+00:00\",\"breadcrumb\":{\"@id\":\"https:\\\/\\\/pizzornowines.com\\\/product\\\/skyline-albarino\\\/#breadcrumb\"},\"inLanguage\":\"pt-BR\",\"potentialAction\":[{\"@type\":\"ReadAction\",\"target\":[\"https:\\\/\\\/pizzornowines.com\\\/product\\\/skyline-albarino\\\/\"]}]},{\"@type\":\"ImageObject\",\"inLanguage\":\"pt-BR\",\"@id\":\"https:\\\/\\\/pizzornowines.com\\\/product\\\/skyline-albarino\\\/#primaryimage\",\"url\":\"https:\\\/\\\/pizzornowines.com\\\/wp-content\\\/uploads\\\/Gemini_Generated_Image_3d2rgx3d2rgx3d2r-1.jpg\",\"contentUrl\":\"https:\\\/\\\/pizzornowines.com\\\/wp-content\\\/uploads\\\/Gemini_Generated_Image_3d2rgx3d2rgx3d2r-1.jpg\",\"width\":379,\"height\":1200},{\"@type\":\"BreadcrumbList\",\"@id\":\"https:\\\/\\\/pizzornowines.com\\\/product\\\/skyline-albarino\\\/#breadcrumb\",\"itemListElement\":[{\"@type\":\"ListItem\",\"position\":1,\"name\":\"Home\",\"item\":\"https:\\\/\\\/pizzornowines.com\\\/\"},{\"@type\":\"ListItem\",\"position\":2,\"name\":\"Shop\",\"item\":\"https:\\\/\\\/pizzornowines.com\\\/shop\\\/\"},{\"@type\":\"ListItem\",\"position\":3,\"name\":\"Skyline Albari\u00f1o\"}]},{\"@type\":\"WebSite\",\"@id\":\"https:\\\/\\\/pizzornowines.com\\\/#website\",\"url\":\"https:\\\/\\\/pizzornowines.com\\\/\",\"name\":\"Pizzorno Family Estates\",\"description\":\"Pasi\u00f3n por la tierra y el vino\",\"publisher\":{\"@id\":\"https:\\\/\\\/pizzornowines.com\\\/#organization\"},\"potentialAction\":[{\"@type\":\"SearchAction\",\"target\":{\"@type\":\"EntryPoint\",\"urlTemplate\":\"https:\\\/\\\/pizzornowines.com\\\/?s={search_term_string}\"},\"query-input\":{\"@type\":\"PropertyValueSpecification\",\"valueRequired\":true,\"valueName\":\"search_term_string\"}}],\"inLanguage\":\"pt-BR\"},{\"@type\":\"Organization\",\"@id\":\"https:\\\/\\\/pizzornowines.com\\\/#organization\",\"name\":\"Pizzorno Family Estates\",\"url\":\"https:\\\/\\\/pizzornowines.com\\\/\",\"logo\":{\"@type\":\"ImageObject\",\"inLanguage\":\"pt-BR\",\"@id\":\"https:\\\/\\\/pizzornowines.com\\\/#\\\/schema\\\/logo\\\/image\\\/\",\"url\":\"https:\\\/\\\/pizzornowines.com\\\/wp-content\\\/uploads\\\/Pizzorno-Family-Estate-logo.svg\",\"contentUrl\":\"https:\\\/\\\/pizzornowines.com\\\/wp-content\\\/uploads\\\/Pizzorno-Family-Estate-logo.svg\",\"width\":422,\"height\":283,\"caption\":\"Pizzorno Family Estates\"},\"image\":{\"@id\":\"https:\\\/\\\/pizzornowines.com\\\/#\\\/schema\\\/logo\\\/image\\\/\"},\"sameAs\":[\"https:\\\/\\\/www.facebook.com\\\/pizzorno.family.estates\"]}]}<\/script>\n<!-- \/ Yoast SEO plugin. -->","yoast_head_json":{"title":"Skyline Albari\u00f1o - Pizzorno Family Estates","robots":{"index":"noindex","follow":"follow","max-snippet":"max-snippet:-1","max-image-preview":"max-image-preview:large","max-video-preview":"max-video-preview:-1"},"og_locale":"pt_BR","og_type":"article","og_title":"Skyline Albari\u00f1o - Pizzorno Family Estates","og_description":"Inspirada en la frescura de la ciudad de Montevideo, esta l\u00ednea fue concebida especialmente para el mercado brasile\u00f1o, con el objetivo de ofrecer vinos frescos y elegantes, de perfil moderno y atractivo. Este Albari\u00f1o refleja la excelente adaptaci\u00f3n de la variedad al clima atl\u00e1ntico y a los suelos del sur de Uruguay, dando lugar a [&hellip;]","og_url":"https:\/\/pizzornowines.com\/pt\/produto\/skyline-albarino\/","og_site_name":"Pizzorno Family Estates","article_publisher":"https:\/\/www.facebook.com\/pizzorno.family.estates","twitter_card":"summary_large_image","twitter_misc":{"Est. tempo de leitura":"1 minuto"},"schema":{"@context":"https:\/\/schema.org","@graph":[{"@type":"WebPage","@id":"https:\/\/pizzornowines.com\/product\/skyline-albarino\/","url":"https:\/\/pizzornowines.com\/product\/skyline-albarino\/","name":"Skyline Albari\u00f1o - Pizzorno Family Estates","isPartOf":{"@id":"https:\/\/pizzornowines.com\/#website"},"primaryImageOfPage":{"@id":"https:\/\/pizzornowines.com\/product\/skyline-albarino\/#primaryimage"},"image":{"@id":"https:\/\/pizzornowines.com\/product\/skyline-albarino\/#primaryimage"},"thumbnailUrl":"https:\/\/pizzornowines.com\/wp-content\/uploads\/Gemini_Generated_Image_3d2rgx3d2rgx3d2r-1.jpg","datePublished":"2026-04-06T15:25:01+00:00","breadcrumb":{"@id":"https:\/\/pizzornowines.com\/product\/skyline-albarino\/#breadcrumb"},"inLanguage":"pt-BR","potentialAction":[{"@type":"ReadAction","target":["https:\/\/pizzornowines.com\/product\/skyline-albarino\/"]}]},{"@type":"ImageObject","inLanguage":"pt-BR","@id":"https:\/\/pizzornowines.com\/product\/skyline-albarino\/#primaryimage","url":"https:\/\/pizzornowines.com\/wp-content\/uploads\/Gemini_Generated_Image_3d2rgx3d2rgx3d2r-1.jpg","contentUrl":"https:\/\/pizzornowines.com\/wp-content\/uploads\/Gemini_Generated_Image_3d2rgx3d2rgx3d2r-1.jpg","width":379,"height":1200},{"@type":"BreadcrumbList","@id":"https:\/\/pizzornowines.com\/product\/skyline-albarino\/#breadcrumb","itemListElement":[{"@type":"ListItem","position":1,"name":"Home","item":"https:\/\/pizzornowines.com\/"},{"@type":"ListItem","position":2,"name":"Shop","item":"https:\/\/pizzornowines.com\/shop\/"},{"@type":"ListItem","position":3,"name":"Skyline Albari\u00f1o"}]},{"@type":"WebSite","@id":"https:\/\/pizzornowines.com\/#website","url":"https:\/\/pizzornowines.com\/","name":"Pizzorno Family Estates","description":"Pasi\u00f3n por la tierra y el vino","publisher":{"@id":"https:\/\/pizzornowines.com\/#organization"},"potentialAction":[{"@type":"SearchAction","target":{"@type":"EntryPoint","urlTemplate":"https:\/\/pizzornowines.com\/?s={search_term_string}"},"query-input":{"@type":"PropertyValueSpecification","valueRequired":true,"valueName":"search_term_string"}}],"inLanguage":"pt-BR"},{"@type":"Organization","@id":"https:\/\/pizzornowines.com\/#organization","name":"Pizzorno Family Estates","url":"https:\/\/pizzornowines.com\/","logo":{"@type":"ImageObject","inLanguage":"pt-BR","@id":"https:\/\/pizzornowines.com\/#\/schema\/logo\/image\/","url":"https:\/\/pizzornowines.com\/wp-content\/uploads\/Pizzorno-Family-Estate-logo.svg","contentUrl":"https:\/\/pizzornowines.com\/wp-content\/uploads\/Pizzorno-Family-Estate-logo.svg","width":422,"height":283,"caption":"Pizzorno Family Estates"},"image":{"@id":"https:\/\/pizzornowines.com\/#\/schema\/logo\/image\/"},"sameAs":["https:\/\/www.facebook.com\/pizzorno.family.estates"]}]}},"_links":{"self":[{"href":"https:\/\/pizzornowines.com\/pt\/wp-json\/wp\/v2\/product\/5106","targetHints":{"allow":["GET"]}}],"collection":[{"href":"https:\/\/pizzornowines.com\/pt\/wp-json\/wp\/v2\/product"}],"about":[{"href":"https:\/\/pizzornowines.com\/pt\/wp-json\/wp\/v2\/types\/product"}],"replies":[{"embeddable":true,"href":"https:\/\/pizzornowines.com\/pt\/wp-json\/wp\/v2\/comments?post=5106"}],"version-history":[{"count":0,"href":"https:\/\/pizzornowines.com\/pt\/wp-json\/wp\/v2\/product\/5106\/revisions"}],"wp:featuredmedia":[{"embeddable":true,"href":"https:\/\/pizzornowines.com\/pt\/wp-json\/wp\/v2\/media\/5105"}],"wp:attachment":[{"href":"https:\/\/pizzornowines.com\/pt\/wp-json\/wp\/v2\/media?parent=5106"}],"wp:term":[{"taxonomy":"tipo-visita","embeddable":true,"href":"https:\/\/pizzornowines.com\/pt\/wp-json\/wp\/v2\/tipo-visita?post=5106"},{"taxonomy":"product_brand","embeddable":true,"href":"https:\/\/pizzornowines.com\/pt\/wp-json\/wp\/v2\/product_brand?post=5106"},{"taxonomy":"product_cat","embeddable":true,"href":"https:\/\/pizzornowines.com\/pt\/wp-json\/wp\/v2\/product_cat?post=5106"},{"taxonomy":"product_tag","embeddable":true,"href":"https:\/\/pizzornowines.com\/pt\/wp-json\/wp\/v2\/product_tag?post=5106"}],"curies":[{"name":"wp","href":"https:\/\/api.w.org\/{rel}","templated":true}]}}