{"id":5102,"date":"2026-04-06T12:06:23","date_gmt":"2026-04-06T15:06:23","guid":{"rendered":"https:\/\/pizzornowines.com\/product\/skyline\/"},"modified":"2026-04-06T12:20:07","modified_gmt":"2026-04-06T15:20:07","slug":"skyline","status":"publish","type":"product","link":"https:\/\/pizzornowines.com\/pt\/produto\/skyline\/","title":{"rendered":"Skyline Tannat Maceraci\u00f3n Carb\u00f3nica"},"content":{"rendered":"","protected":false},"excerpt":{"rendered":"<p>Inspirada en la frescura vibrante de Montevideo, esta l\u00ednea nace con un esp\u00edritu moderno y descontracturado, pensada especialmente para el mercado brasile\u00f1o. Son vinos que reinterpretan el car\u00e1cter del Tannat uruguayo desde una mirada m\u00e1s ligera y accesible, alej\u00e1ndose de los estilos m\u00e1s estructurados para dar lugar a una expresi\u00f3n fresca, frutal y elegante.<\/p>\n<p>Elaborados bajo la t\u00e9cnica de maceraci\u00f3n carb\u00f3nica \u2014un m\u00e9todo tradicional franc\u00e9s originario de Beaujolais\u2014, se destacan por su intensidad arom\u00e1tica, su suavidad en boca y su perfil din\u00e1mico, ideal para un disfrute inmediato. Expresivos y llenos de vida, invitan a ser abiertos sin formalidades, compartidos en cualquier ocasi\u00f3n y disfrutados con naturalidad.<\/p>\n<p>Una propuesta aut\u00e9ntica que combina innovaci\u00f3n y tradici\u00f3n, capturando la esencia m\u00e1s fresca y sofisticada del vino uruguayo en cada copa.<\/p>","protected":false},"featured_media":5101,"comment_status":"closed","ping_status":"closed","template":"","meta":{"_acf_changed":false,"_joinchat":[]},"tipo-visita":[],"product_brand":[],"product_cat":[25],"product_tag":[],"class_list":{"0":"post-5102","1":"product","2":"type-product","3":"status-publish","4":"has-post-thumbnail","6":"product_cat-almacen","8":"first","9":"instock","10":"shipping-taxable","11":"product-type-simple"},"exclude_global_add_ons":[],"addons":[],"acf":[],"yoast_head":"<!-- This site is optimized with the Yoast SEO plugin v27.3 - https:\/\/yoast.com\/product\/yoast-seo-wordpress\/ -->\n<title>Skyline Tannat Maceraci\u00f3n Carb\u00f3nica - Pizzorno Family Estates<\/title>\n<meta name=\"robots\" content=\"noindex, follow, max-snippet:-1, max-image-preview:large, max-video-preview:-1\" \/>\n<meta property=\"og:locale\" content=\"pt_BR\" \/>\n<meta property=\"og:type\" content=\"article\" \/>\n<meta property=\"og:title\" content=\"Skyline Tannat Maceraci\u00f3n Carb\u00f3nica - Pizzorno Family Estates\" \/>\n<meta property=\"og:description\" content=\"Inspirada en la frescura vibrante de Montevideo, esta l\u00ednea nace con un esp\u00edritu moderno y descontracturado, pensada especialmente para el mercado brasile\u00f1o. Son vinos que reinterpretan el car\u00e1cter del Tannat uruguayo desde una mirada m\u00e1s ligera y accesible, alej\u00e1ndose de los estilos m\u00e1s estructurados para dar lugar a una expresi\u00f3n fresca, frutal y elegante.  Elaborados bajo la t\u00e9cnica de maceraci\u00f3n carb\u00f3nica \u2014un m\u00e9todo tradicional franc\u00e9s originario de Beaujolais\u2014, se destacan por su intensidad arom\u00e1tica, su suavidad en boca y su perfil din\u00e1mico, ideal para un disfrute inmediato. Expresivos y llenos de vida, invitan a ser abiertos sin formalidades, compartidos en cualquier ocasi\u00f3n y disfrutados con naturalidad.  Una propuesta aut\u00e9ntica que combina innovaci\u00f3n y tradici\u00f3n, capturando la esencia m\u00e1s fresca y sofisticada del vino uruguayo en cada copa.\" \/>\n<meta property=\"og:url\" content=\"https:\/\/pizzornowines.com\/pt\/produto\/skyline\/\" \/>\n<meta property=\"og:site_name\" content=\"Pizzorno Family Estates\" \/>\n<meta property=\"article:publisher\" content=\"https:\/\/www.facebook.com\/pizzorno.family.estates\" \/>\n<meta property=\"article:modified_time\" content=\"2026-04-06T15:20:07+00:00\" \/>\n<meta property=\"og:image\" content=\"https:\/\/pizzornowines.com\/wp-content\/uploads\/Gemini_Generated_Image_z0vwloz0vwloz0vw.jpg\" \/>\n\t<meta property=\"og:image:width\" content=\"379\" \/>\n\t<meta property=\"og:image:height\" content=\"1200\" \/>\n\t<meta property=\"og:image:type\" content=\"image\/jpeg\" \/>\n<meta name=\"twitter:card\" content=\"summary_large_image\" \/>\n<script type=\"application\/ld+json\" class=\"yoast-schema-graph\">{\"@context\":\"https:\\\/\\\/schema.org\",\"@graph\":[{\"@type\":\"WebPage\",\"@id\":\"https:\\\/\\\/pizzornowines.com\\\/product\\\/skyline\\\/\",\"url\":\"https:\\\/\\\/pizzornowines.com\\\/product\\\/skyline\\\/\",\"name\":\"Skyline Tannat Maceraci\u00f3n Carb\u00f3nica - Pizzorno Family Estates\",\"isPartOf\":{\"@id\":\"https:\\\/\\\/pizzornowines.com\\\/#website\"},\"primaryImageOfPage\":{\"@id\":\"https:\\\/\\\/pizzornowines.com\\\/product\\\/skyline\\\/#primaryimage\"},\"image\":{\"@id\":\"https:\\\/\\\/pizzornowines.com\\\/product\\\/skyline\\\/#primaryimage\"},\"thumbnailUrl\":\"https:\\\/\\\/pizzornowines.com\\\/wp-content\\\/uploads\\\/Gemini_Generated_Image_z0vwloz0vwloz0vw.jpg\",\"datePublished\":\"2026-04-06T15:06:23+00:00\",\"dateModified\":\"2026-04-06T15:20:07+00:00\",\"breadcrumb\":{\"@id\":\"https:\\\/\\\/pizzornowines.com\\\/product\\\/skyline\\\/#breadcrumb\"},\"inLanguage\":\"pt-BR\",\"potentialAction\":[{\"@type\":\"ReadAction\",\"target\":[\"https:\\\/\\\/pizzornowines.com\\\/product\\\/skyline\\\/\"]}]},{\"@type\":\"ImageObject\",\"inLanguage\":\"pt-BR\",\"@id\":\"https:\\\/\\\/pizzornowines.com\\\/product\\\/skyline\\\/#primaryimage\",\"url\":\"https:\\\/\\\/pizzornowines.com\\\/wp-content\\\/uploads\\\/Gemini_Generated_Image_z0vwloz0vwloz0vw.jpg\",\"contentUrl\":\"https:\\\/\\\/pizzornowines.com\\\/wp-content\\\/uploads\\\/Gemini_Generated_Image_z0vwloz0vwloz0vw.jpg\",\"width\":379,\"height\":1200},{\"@type\":\"BreadcrumbList\",\"@id\":\"https:\\\/\\\/pizzornowines.com\\\/product\\\/skyline\\\/#breadcrumb\",\"itemListElement\":[{\"@type\":\"ListItem\",\"position\":1,\"name\":\"Home\",\"item\":\"https:\\\/\\\/pizzornowines.com\\\/\"},{\"@type\":\"ListItem\",\"position\":2,\"name\":\"Shop\",\"item\":\"https:\\\/\\\/pizzornowines.com\\\/shop\\\/\"},{\"@type\":\"ListItem\",\"position\":3,\"name\":\"Skyline Tannat Maceraci\u00f3n Carb\u00f3nica\"}]},{\"@type\":\"WebSite\",\"@id\":\"https:\\\/\\\/pizzornowines.com\\\/#website\",\"url\":\"https:\\\/\\\/pizzornowines.com\\\/\",\"name\":\"Pizzorno Family Estates\",\"description\":\"Pasi\u00f3n por la tierra y el vino\",\"publisher\":{\"@id\":\"https:\\\/\\\/pizzornowines.com\\\/#organization\"},\"potentialAction\":[{\"@type\":\"SearchAction\",\"target\":{\"@type\":\"EntryPoint\",\"urlTemplate\":\"https:\\\/\\\/pizzornowines.com\\\/?s={search_term_string}\"},\"query-input\":{\"@type\":\"PropertyValueSpecification\",\"valueRequired\":true,\"valueName\":\"search_term_string\"}}],\"inLanguage\":\"pt-BR\"},{\"@type\":\"Organization\",\"@id\":\"https:\\\/\\\/pizzornowines.com\\\/#organization\",\"name\":\"Pizzorno Family Estates\",\"url\":\"https:\\\/\\\/pizzornowines.com\\\/\",\"logo\":{\"@type\":\"ImageObject\",\"inLanguage\":\"pt-BR\",\"@id\":\"https:\\\/\\\/pizzornowines.com\\\/#\\\/schema\\\/logo\\\/image\\\/\",\"url\":\"https:\\\/\\\/pizzornowines.com\\\/wp-content\\\/uploads\\\/Pizzorno-Family-Estate-logo.svg\",\"contentUrl\":\"https:\\\/\\\/pizzornowines.com\\\/wp-content\\\/uploads\\\/Pizzorno-Family-Estate-logo.svg\",\"width\":422,\"height\":283,\"caption\":\"Pizzorno Family Estates\"},\"image\":{\"@id\":\"https:\\\/\\\/pizzornowines.com\\\/#\\\/schema\\\/logo\\\/image\\\/\"},\"sameAs\":[\"https:\\\/\\\/www.facebook.com\\\/pizzorno.family.estates\"]}]}<\/script>\n<!-- \/ Yoast SEO plugin. -->","yoast_head_json":{"title":"Skyline Tannat Maceraci\u00f3n Carb\u00f3nica - Pizzorno Family Estates","robots":{"index":"noindex","follow":"follow","max-snippet":"max-snippet:-1","max-image-preview":"max-image-preview:large","max-video-preview":"max-video-preview:-1"},"og_locale":"pt_BR","og_type":"article","og_title":"Skyline Tannat Maceraci\u00f3n Carb\u00f3nica - Pizzorno Family Estates","og_description":"Inspirada en la frescura vibrante de Montevideo, esta l\u00ednea nace con un esp\u00edritu moderno y descontracturado, pensada especialmente para el mercado brasile\u00f1o. Son vinos que reinterpretan el car\u00e1cter del Tannat uruguayo desde una mirada m\u00e1s ligera y accesible, alej\u00e1ndose de los estilos m\u00e1s estructurados para dar lugar a una expresi\u00f3n fresca, frutal y elegante.  Elaborados bajo la t\u00e9cnica de maceraci\u00f3n carb\u00f3nica \u2014un m\u00e9todo tradicional franc\u00e9s originario de Beaujolais\u2014, se destacan por su intensidad arom\u00e1tica, su suavidad en boca y su perfil din\u00e1mico, ideal para un disfrute inmediato. Expresivos y llenos de vida, invitan a ser abiertos sin formalidades, compartidos en cualquier ocasi\u00f3n y disfrutados con naturalidad.  Una propuesta aut\u00e9ntica que combina innovaci\u00f3n y tradici\u00f3n, capturando la esencia m\u00e1s fresca y sofisticada del vino uruguayo en cada copa.","og_url":"https:\/\/pizzornowines.com\/pt\/produto\/skyline\/","og_site_name":"Pizzorno Family Estates","article_publisher":"https:\/\/www.facebook.com\/pizzorno.family.estates","article_modified_time":"2026-04-06T15:20:07+00:00","og_image":[{"width":379,"height":1200,"url":"https:\/\/pizzornowines.com\/wp-content\/uploads\/Gemini_Generated_Image_z0vwloz0vwloz0vw.jpg","type":"image\/jpeg"}],"twitter_card":"summary_large_image","schema":{"@context":"https:\/\/schema.org","@graph":[{"@type":"WebPage","@id":"https:\/\/pizzornowines.com\/product\/skyline\/","url":"https:\/\/pizzornowines.com\/product\/skyline\/","name":"Skyline Tannat Maceraci\u00f3n Carb\u00f3nica - Pizzorno Family Estates","isPartOf":{"@id":"https:\/\/pizzornowines.com\/#website"},"primaryImageOfPage":{"@id":"https:\/\/pizzornowines.com\/product\/skyline\/#primaryimage"},"image":{"@id":"https:\/\/pizzornowines.com\/product\/skyline\/#primaryimage"},"thumbnailUrl":"https:\/\/pizzornowines.com\/wp-content\/uploads\/Gemini_Generated_Image_z0vwloz0vwloz0vw.jpg","datePublished":"2026-04-06T15:06:23+00:00","dateModified":"2026-04-06T15:20:07+00:00","breadcrumb":{"@id":"https:\/\/pizzornowines.com\/product\/skyline\/#breadcrumb"},"inLanguage":"pt-BR","potentialAction":[{"@type":"ReadAction","target":["https:\/\/pizzornowines.com\/product\/skyline\/"]}]},{"@type":"ImageObject","inLanguage":"pt-BR","@id":"https:\/\/pizzornowines.com\/product\/skyline\/#primaryimage","url":"https:\/\/pizzornowines.com\/wp-content\/uploads\/Gemini_Generated_Image_z0vwloz0vwloz0vw.jpg","contentUrl":"https:\/\/pizzornowines.com\/wp-content\/uploads\/Gemini_Generated_Image_z0vwloz0vwloz0vw.jpg","width":379,"height":1200},{"@type":"BreadcrumbList","@id":"https:\/\/pizzornowines.com\/product\/skyline\/#breadcrumb","itemListElement":[{"@type":"ListItem","position":1,"name":"Home","item":"https:\/\/pizzornowines.com\/"},{"@type":"ListItem","position":2,"name":"Shop","item":"https:\/\/pizzornowines.com\/shop\/"},{"@type":"ListItem","position":3,"name":"Skyline Tannat Maceraci\u00f3n Carb\u00f3nica"}]},{"@type":"WebSite","@id":"https:\/\/pizzornowines.com\/#website","url":"https:\/\/pizzornowines.com\/","name":"Pizzorno Family Estates","description":"Pasi\u00f3n por la tierra y el vino","publisher":{"@id":"https:\/\/pizzornowines.com\/#organization"},"potentialAction":[{"@type":"SearchAction","target":{"@type":"EntryPoint","urlTemplate":"https:\/\/pizzornowines.com\/?s={search_term_string}"},"query-input":{"@type":"PropertyValueSpecification","valueRequired":true,"valueName":"search_term_string"}}],"inLanguage":"pt-BR"},{"@type":"Organization","@id":"https:\/\/pizzornowines.com\/#organization","name":"Pizzorno Family Estates","url":"https:\/\/pizzornowines.com\/","logo":{"@type":"ImageObject","inLanguage":"pt-BR","@id":"https:\/\/pizzornowines.com\/#\/schema\/logo\/image\/","url":"https:\/\/pizzornowines.com\/wp-content\/uploads\/Pizzorno-Family-Estate-logo.svg","contentUrl":"https:\/\/pizzornowines.com\/wp-content\/uploads\/Pizzorno-Family-Estate-logo.svg","width":422,"height":283,"caption":"Pizzorno Family Estates"},"image":{"@id":"https:\/\/pizzornowines.com\/#\/schema\/logo\/image\/"},"sameAs":["https:\/\/www.facebook.com\/pizzorno.family.estates"]}]}},"_links":{"self":[{"href":"https:\/\/pizzornowines.com\/pt\/wp-json\/wp\/v2\/product\/5102","targetHints":{"allow":["GET"]}}],"collection":[{"href":"https:\/\/pizzornowines.com\/pt\/wp-json\/wp\/v2\/product"}],"about":[{"href":"https:\/\/pizzornowines.com\/pt\/wp-json\/wp\/v2\/types\/product"}],"replies":[{"embeddable":true,"href":"https:\/\/pizzornowines.com\/pt\/wp-json\/wp\/v2\/comments?post=5102"}],"version-history":[{"count":2,"href":"https:\/\/pizzornowines.com\/pt\/wp-json\/wp\/v2\/product\/5102\/revisions"}],"predecessor-version":[{"id":5104,"href":"https:\/\/pizzornowines.com\/pt\/wp-json\/wp\/v2\/product\/5102\/revisions\/5104"}],"wp:featuredmedia":[{"embeddable":true,"href":"https:\/\/pizzornowines.com\/pt\/wp-json\/wp\/v2\/media\/5101"}],"wp:attachment":[{"href":"https:\/\/pizzornowines.com\/pt\/wp-json\/wp\/v2\/media?parent=5102"}],"wp:term":[{"taxonomy":"tipo-visita","embeddable":true,"href":"https:\/\/pizzornowines.com\/pt\/wp-json\/wp\/v2\/tipo-visita?post=5102"},{"taxonomy":"product_brand","embeddable":true,"href":"https:\/\/pizzornowines.com\/pt\/wp-json\/wp\/v2\/product_brand?post=5102"},{"taxonomy":"product_cat","embeddable":true,"href":"https:\/\/pizzornowines.com\/pt\/wp-json\/wp\/v2\/product_cat?post=5102"},{"taxonomy":"product_tag","embeddable":true,"href":"https:\/\/pizzornowines.com\/pt\/wp-json\/wp\/v2\/product_tag?post=5102"}],"curies":[{"name":"wp","href":"https:\/\/api.w.org\/{rel}","templated":true}]}}