{"id":329,"date":"2023-02-06T19:12:05","date_gmt":"2023-02-06T22:12:05","guid":{"rendered":"https:\/\/pizzorno.r1group.com.ar\/producto\/la-fiesta-sur-sauvignon-blanc\/"},"modified":"2025-08-16T16:44:01","modified_gmt":"2025-08-16T19:44:01","slug":"la-fiesta-sur-sauvignon-blanc","status":"publish","type":"product","link":"https:\/\/pizzornowines.com\/pt\/produto\/la-fiesta-sur-sauvignon-blanc\/","title":{"rendered":"LA FIESTA SUR Sauvignon Blanc"},"content":{"rendered":"<p>Uvas producidas en nuestros vi\u00f1edos de Canel\u00f3n Chico, Sur de Uruguay. Cosecha manual en las primeras horas de la ma\u00f1ana, logrando comenzar los trabajos de elaboraci\u00f3n con temperaturas bajas, favoreciendo la maceraci\u00f3n pelicular antes del prensado. La Fiesta Sur est\u00e1 inspirada en el Candombe Uruguayo, nombre gen\u00e9rico que reciben diferentes danzas de origen africano en Uruguay, y nace de la conjunci\u00f3n de los m\u00e1s de veinte pueblos africanos que fueron tra\u00eddos como esclavos a esta regi\u00f3n del cono sur. Cada uno de \u00e9stos ten\u00eda su idioma, su forma de ser y sentir, su cultura y sus danzas.<\/p>","protected":false},"excerpt":{"rendered":"<p>Fiesta Sur es una l\u00ednea que rinde homenaje al car\u00e1cter vibrante y generoso del sur de Uruguay. Influenciada por la frescura del Atl\u00e1ntico y la intensidad del sol del hemisferio sur, esta colecci\u00f3n ofrece vinos j\u00f3venes, expresivos y de gran equilibrio.<br \/>\nCon un perfil frutado y accesible, Fiesta Sur fue creada para reflejar el dinamismo de nuestra regi\u00f3n y acercar el vino a nuevas generaciones y momentos m\u00e1s cotidianos, sin perder la calidad que define a la familia Pizzorno.<br \/>\nFiesta Sur es identidad, territorio y expresi\u00f3n en cada copa.\t\t\t<\/p>","protected":false},"featured_media":330,"comment_status":"closed","ping_status":"closed","template":"","meta":{"_acf_changed":false,"_joinchat":[]},"tipo-visita":[],"product_brand":[],"product_cat":[36],"product_tag":[],"class_list":{"0":"post-329","1":"product","2":"type-product","3":"status-publish","4":"has-post-thumbnail","6":"product_cat-la-fiesta-sur","8":"first","9":"instock","10":"shipping-taxable","11":"product-type-simple"},"exclude_global_add_ons":[],"addons":[],"acf":[],"yoast_head":"<!-- This site is optimized with the Yoast SEO plugin v27.4 - https:\/\/yoast.com\/product\/yoast-seo-wordpress\/ -->\n<title>LA FIESTA SUR Sauvignon Blanc - Pizzorno Family Estates<\/title>\n<meta name=\"robots\" content=\"noindex, follow, max-snippet:-1, max-image-preview:large, max-video-preview:-1\" \/>\n<meta property=\"og:locale\" content=\"pt_BR\" \/>\n<meta property=\"og:type\" content=\"article\" \/>\n<meta property=\"og:title\" content=\"LA FIESTA SUR Sauvignon Blanc - Pizzorno Family Estates\" \/>\n<meta property=\"og:description\" content=\"Fiesta Sur es una l\u00ednea que rinde homenaje al car\u00e1cter vibrante y generoso del sur de Uruguay. Influenciada por la frescura del Atl\u00e1ntico y la intensidad del sol del hemisferio sur, esta colecci\u00f3n ofrece vinos j\u00f3venes, expresivos y de gran equilibrio.   Con un perfil frutado y accesible, Fiesta Sur fue creada para reflejar el dinamismo de nuestra regi\u00f3n y acercar el vino a nuevas generaciones y momentos m\u00e1s cotidianos, sin perder la calidad que define a la familia Pizzorno.   Fiesta Sur es identidad, territorio y expresi\u00f3n en cada copa.\" \/>\n<meta property=\"og:url\" content=\"https:\/\/pizzornowines.com\/pt\/produto\/la-fiesta-sur-sauvignon-blanc\/\" \/>\n<meta property=\"og:site_name\" content=\"Pizzorno Family Estates\" \/>\n<meta property=\"article:publisher\" content=\"https:\/\/www.facebook.com\/pizzorno.family.estates\" \/>\n<meta property=\"article:modified_time\" content=\"2025-08-16T19:44:01+00:00\" \/>\n<meta property=\"og:image\" content=\"https:\/\/pizzornowines.com\/wp-content\/uploads\/2023\/09\/La-Fiesta-Sur-Sauvignon-Blanc-scaled.jpg\" \/>\n\t<meta property=\"og:image:width\" content=\"783\" \/>\n\t<meta property=\"og:image:height\" content=\"1920\" \/>\n\t<meta property=\"og:image:type\" content=\"image\/jpeg\" \/>\n<meta name=\"twitter:card\" content=\"summary_large_image\" \/>\n<meta name=\"twitter:label1\" content=\"Est. tempo de leitura\" \/>\n\t<meta name=\"twitter:data1\" content=\"1 minuto\" \/>\n<script type=\"application\/ld+json\" class=\"yoast-schema-graph\">{\"@context\":\"https:\\\/\\\/schema.org\",\"@graph\":[{\"@type\":\"WebPage\",\"@id\":\"https:\\\/\\\/pizzornowines.com\\\/product\\\/la-fiesta-sur-sauvignon-blanc\\\/\",\"url\":\"https:\\\/\\\/pizzornowines.com\\\/product\\\/la-fiesta-sur-sauvignon-blanc\\\/\",\"name\":\"LA FIESTA SUR Sauvignon Blanc - Pizzorno Family Estates\",\"isPartOf\":{\"@id\":\"https:\\\/\\\/pizzornowines.com\\\/#website\"},\"primaryImageOfPage\":{\"@id\":\"https:\\\/\\\/pizzornowines.com\\\/product\\\/la-fiesta-sur-sauvignon-blanc\\\/#primaryimage\"},\"image\":{\"@id\":\"https:\\\/\\\/pizzornowines.com\\\/product\\\/la-fiesta-sur-sauvignon-blanc\\\/#primaryimage\"},\"thumbnailUrl\":\"https:\\\/\\\/pizzornowines.com\\\/wp-content\\\/uploads\\\/2023\\\/09\\\/La-Fiesta-Sur-Sauvignon-Blanc-scaled.jpg\",\"datePublished\":\"2023-02-06T22:12:05+00:00\",\"dateModified\":\"2025-08-16T19:44:01+00:00\",\"breadcrumb\":{\"@id\":\"https:\\\/\\\/pizzornowines.com\\\/product\\\/la-fiesta-sur-sauvignon-blanc\\\/#breadcrumb\"},\"inLanguage\":\"pt-BR\",\"potentialAction\":[{\"@type\":\"ReadAction\",\"target\":[\"https:\\\/\\\/pizzornowines.com\\\/product\\\/la-fiesta-sur-sauvignon-blanc\\\/\"]}]},{\"@type\":\"ImageObject\",\"inLanguage\":\"pt-BR\",\"@id\":\"https:\\\/\\\/pizzornowines.com\\\/product\\\/la-fiesta-sur-sauvignon-blanc\\\/#primaryimage\",\"url\":\"https:\\\/\\\/pizzornowines.com\\\/wp-content\\\/uploads\\\/2023\\\/09\\\/La-Fiesta-Sur-Sauvignon-Blanc-scaled.jpg\",\"contentUrl\":\"https:\\\/\\\/pizzornowines.com\\\/wp-content\\\/uploads\\\/2023\\\/09\\\/La-Fiesta-Sur-Sauvignon-Blanc-scaled.jpg\",\"width\":783,\"height\":1920},{\"@type\":\"BreadcrumbList\",\"@id\":\"https:\\\/\\\/pizzornowines.com\\\/product\\\/la-fiesta-sur-sauvignon-blanc\\\/#breadcrumb\",\"itemListElement\":[{\"@type\":\"ListItem\",\"position\":1,\"name\":\"Home\",\"item\":\"https:\\\/\\\/pizzornowines.com\\\/\"},{\"@type\":\"ListItem\",\"position\":2,\"name\":\"Shop\",\"item\":\"https:\\\/\\\/pizzornowines.com\\\/?page_id=96\"},{\"@type\":\"ListItem\",\"position\":3,\"name\":\"LA FIESTA SUR Sauvignon Blanc\"}]},{\"@type\":\"WebSite\",\"@id\":\"https:\\\/\\\/pizzornowines.com\\\/#website\",\"url\":\"https:\\\/\\\/pizzornowines.com\\\/\",\"name\":\"Pizzorno Family Estates\",\"description\":\"Pasi\u00f3n por la tierra y el vino\",\"publisher\":{\"@id\":\"https:\\\/\\\/pizzornowines.com\\\/#organization\"},\"potentialAction\":[{\"@type\":\"SearchAction\",\"target\":{\"@type\":\"EntryPoint\",\"urlTemplate\":\"https:\\\/\\\/pizzornowines.com\\\/?s={search_term_string}\"},\"query-input\":{\"@type\":\"PropertyValueSpecification\",\"valueRequired\":true,\"valueName\":\"search_term_string\"}}],\"inLanguage\":\"pt-BR\"},{\"@type\":\"Organization\",\"@id\":\"https:\\\/\\\/pizzornowines.com\\\/#organization\",\"name\":\"Pizzorno Family Estates\",\"url\":\"https:\\\/\\\/pizzornowines.com\\\/\",\"logo\":{\"@type\":\"ImageObject\",\"inLanguage\":\"pt-BR\",\"@id\":\"https:\\\/\\\/pizzornowines.com\\\/#\\\/schema\\\/logo\\\/image\\\/\",\"url\":\"https:\\\/\\\/pizzornowines.com\\\/wp-content\\\/uploads\\\/Pizzorno-Family-Estate-logo.svg\",\"contentUrl\":\"https:\\\/\\\/pizzornowines.com\\\/wp-content\\\/uploads\\\/Pizzorno-Family-Estate-logo.svg\",\"width\":422,\"height\":283,\"caption\":\"Pizzorno Family Estates\"},\"image\":{\"@id\":\"https:\\\/\\\/pizzornowines.com\\\/#\\\/schema\\\/logo\\\/image\\\/\"},\"sameAs\":[\"https:\\\/\\\/www.facebook.com\\\/pizzorno.family.estates\"]}]}<\/script>\n<!-- \/ Yoast SEO plugin. -->","yoast_head_json":{"title":"LA FIESTA SUR Sauvignon Blanc - Pizzorno Family Estates","robots":{"index":"noindex","follow":"follow","max-snippet":"max-snippet:-1","max-image-preview":"max-image-preview:large","max-video-preview":"max-video-preview:-1"},"og_locale":"pt_BR","og_type":"article","og_title":"LA FIESTA SUR Sauvignon Blanc - Pizzorno Family Estates","og_description":"Fiesta Sur es una l\u00ednea que rinde homenaje al car\u00e1cter vibrante y generoso del sur de Uruguay. Influenciada por la frescura del Atl\u00e1ntico y la intensidad del sol del hemisferio sur, esta colecci\u00f3n ofrece vinos j\u00f3venes, expresivos y de gran equilibrio.   Con un perfil frutado y accesible, Fiesta Sur fue creada para reflejar el dinamismo de nuestra regi\u00f3n y acercar el vino a nuevas generaciones y momentos m\u00e1s cotidianos, sin perder la calidad que define a la familia Pizzorno.   Fiesta Sur es identidad, territorio y expresi\u00f3n en cada copa.","og_url":"https:\/\/pizzornowines.com\/pt\/produto\/la-fiesta-sur-sauvignon-blanc\/","og_site_name":"Pizzorno Family Estates","article_publisher":"https:\/\/www.facebook.com\/pizzorno.family.estates","article_modified_time":"2025-08-16T19:44:01+00:00","og_image":[{"width":783,"height":1920,"url":"https:\/\/pizzornowines.com\/wp-content\/uploads\/2023\/09\/La-Fiesta-Sur-Sauvignon-Blanc-scaled.jpg","type":"image\/jpeg"}],"twitter_card":"summary_large_image","twitter_misc":{"Est. tempo de leitura":"1 minuto"},"schema":{"@context":"https:\/\/schema.org","@graph":[{"@type":"WebPage","@id":"https:\/\/pizzornowines.com\/product\/la-fiesta-sur-sauvignon-blanc\/","url":"https:\/\/pizzornowines.com\/product\/la-fiesta-sur-sauvignon-blanc\/","name":"LA FIESTA SUR Sauvignon Blanc - Pizzorno Family Estates","isPartOf":{"@id":"https:\/\/pizzornowines.com\/#website"},"primaryImageOfPage":{"@id":"https:\/\/pizzornowines.com\/product\/la-fiesta-sur-sauvignon-blanc\/#primaryimage"},"image":{"@id":"https:\/\/pizzornowines.com\/product\/la-fiesta-sur-sauvignon-blanc\/#primaryimage"},"thumbnailUrl":"https:\/\/pizzornowines.com\/wp-content\/uploads\/2023\/09\/La-Fiesta-Sur-Sauvignon-Blanc-scaled.jpg","datePublished":"2023-02-06T22:12:05+00:00","dateModified":"2025-08-16T19:44:01+00:00","breadcrumb":{"@id":"https:\/\/pizzornowines.com\/product\/la-fiesta-sur-sauvignon-blanc\/#breadcrumb"},"inLanguage":"pt-BR","potentialAction":[{"@type":"ReadAction","target":["https:\/\/pizzornowines.com\/product\/la-fiesta-sur-sauvignon-blanc\/"]}]},{"@type":"ImageObject","inLanguage":"pt-BR","@id":"https:\/\/pizzornowines.com\/product\/la-fiesta-sur-sauvignon-blanc\/#primaryimage","url":"https:\/\/pizzornowines.com\/wp-content\/uploads\/2023\/09\/La-Fiesta-Sur-Sauvignon-Blanc-scaled.jpg","contentUrl":"https:\/\/pizzornowines.com\/wp-content\/uploads\/2023\/09\/La-Fiesta-Sur-Sauvignon-Blanc-scaled.jpg","width":783,"height":1920},{"@type":"BreadcrumbList","@id":"https:\/\/pizzornowines.com\/product\/la-fiesta-sur-sauvignon-blanc\/#breadcrumb","itemListElement":[{"@type":"ListItem","position":1,"name":"Home","item":"https:\/\/pizzornowines.com\/"},{"@type":"ListItem","position":2,"name":"Shop","item":"https:\/\/pizzornowines.com\/?page_id=96"},{"@type":"ListItem","position":3,"name":"LA FIESTA SUR Sauvignon Blanc"}]},{"@type":"WebSite","@id":"https:\/\/pizzornowines.com\/#website","url":"https:\/\/pizzornowines.com\/","name":"Pizzorno Family Estates","description":"Pasi\u00f3n por la tierra y el vino","publisher":{"@id":"https:\/\/pizzornowines.com\/#organization"},"potentialAction":[{"@type":"SearchAction","target":{"@type":"EntryPoint","urlTemplate":"https:\/\/pizzornowines.com\/?s={search_term_string}"},"query-input":{"@type":"PropertyValueSpecification","valueRequired":true,"valueName":"search_term_string"}}],"inLanguage":"pt-BR"},{"@type":"Organization","@id":"https:\/\/pizzornowines.com\/#organization","name":"Pizzorno Family Estates","url":"https:\/\/pizzornowines.com\/","logo":{"@type":"ImageObject","inLanguage":"pt-BR","@id":"https:\/\/pizzornowines.com\/#\/schema\/logo\/image\/","url":"https:\/\/pizzornowines.com\/wp-content\/uploads\/Pizzorno-Family-Estate-logo.svg","contentUrl":"https:\/\/pizzornowines.com\/wp-content\/uploads\/Pizzorno-Family-Estate-logo.svg","width":422,"height":283,"caption":"Pizzorno Family Estates"},"image":{"@id":"https:\/\/pizzornowines.com\/#\/schema\/logo\/image\/"},"sameAs":["https:\/\/www.facebook.com\/pizzorno.family.estates"]}]}},"_links":{"self":[{"href":"https:\/\/pizzornowines.com\/pt\/wp-json\/wp\/v2\/product\/329","targetHints":{"allow":["GET"]}}],"collection":[{"href":"https:\/\/pizzornowines.com\/pt\/wp-json\/wp\/v2\/product"}],"about":[{"href":"https:\/\/pizzornowines.com\/pt\/wp-json\/wp\/v2\/types\/product"}],"replies":[{"embeddable":true,"href":"https:\/\/pizzornowines.com\/pt\/wp-json\/wp\/v2\/comments?post=329"}],"version-history":[{"count":1,"href":"https:\/\/pizzornowines.com\/pt\/wp-json\/wp\/v2\/product\/329\/revisions"}],"predecessor-version":[{"id":3128,"href":"https:\/\/pizzornowines.com\/pt\/wp-json\/wp\/v2\/product\/329\/revisions\/3128"}],"wp:featuredmedia":[{"embeddable":true,"href":"https:\/\/pizzornowines.com\/pt\/wp-json\/wp\/v2\/media\/330"}],"wp:attachment":[{"href":"https:\/\/pizzornowines.com\/pt\/wp-json\/wp\/v2\/media?parent=329"}],"wp:term":[{"taxonomy":"tipo-visita","embeddable":true,"href":"https:\/\/pizzornowines.com\/pt\/wp-json\/wp\/v2\/tipo-visita?post=329"},{"taxonomy":"product_brand","embeddable":true,"href":"https:\/\/pizzornowines.com\/pt\/wp-json\/wp\/v2\/product_brand?post=329"},{"taxonomy":"product_cat","embeddable":true,"href":"https:\/\/pizzornowines.com\/pt\/wp-json\/wp\/v2\/product_cat?post=329"},{"taxonomy":"product_tag","embeddable":true,"href":"https:\/\/pizzornowines.com\/pt\/wp-json\/wp\/v2\/product_tag?post=329"}],"curies":[{"name":"wp","href":"https:\/\/api.w.org\/{rel}","templated":true}]}}