{"id":323,"date":"2023-02-07T10:29:08","date_gmt":"2023-02-07T13:29:08","guid":{"rendered":"https:\/\/pizzorno.r1group.com.ar\/producto\/la-fiesta-sur-tannat\/"},"modified":"2023-02-07T10:29:08","modified_gmt":"2023-02-07T13:29:08","slug":"la-fiesta-sur-tannat","status":"publish","type":"product","link":"https:\/\/pizzornowines.com\/pt\/produto\/la-fiesta-sur-tannat\/","title":{"rendered":"La Fiesta Sur Tannat"},"content":{"rendered":"<p>Elaborado con uvas provenientes de nuestros vi\u00f1edos, cosechadas con excelente punto de maduraci\u00f3n manualmente en cajas de 18 kg. Despalillado y molienda, maceraci\u00f3n en fr\u00edo durante 24 horas, luego sembramos levaduras seleccionadas dando comienzo la fermentaci\u00f3n alcoh\u00f3lica durante ocho a diez d\u00edas a temperatura controlada (23 a 26 \u00baC), suave prensado final. Logramos un vino joven, arom\u00e1tico, con taninos suaves y sedosos, f\u00e1cil de beber. La Fiesta Sur est\u00e1 inspirada en el Candombe Uruguayo, nombre gen\u00e9rico que reciben diferentes danzas de origen africano en Uruguay, y nace de la conjunci\u00f3n de los m\u00e1s de veinte pueblos africanos que fueron tra\u00eddos como esclavos a esta regi\u00f3n del cono sur. Cada uno de \u00e9stos ten\u00eda su idioma, su forma de ser y sentir, su cultura y sus danzas.<\/p>","protected":false},"excerpt":{"rendered":"<p>Elaborado con uvas provenientes de nuestros vi\u00f1edos, cosechadas con excelente punto de maduraci\u00f3n manualmente en cajas de 18 kg. Despalillado y molienda, maceraci\u00f3n en fr\u00edo durante 24 horas, luego sembramos levaduras seleccionadas dando comienzo la fermentaci\u00f3n alcoh\u00f3lica durante ocho a diez d\u00edas a temperatura controlada (23 a 26 \u00baC), suave prensado final. Logramos un vino joven, arom\u00e1tico, con taninos suaves y sedosos, f\u00e1cil de beber. La Fiesta Sur est\u00e1 inspirada en el Candombe Uruguayo, nombre gen\u00e9rico que reciben diferentes danzas de origen africano en Uruguay, y nace de la conjunci\u00f3n de los m\u00e1s de veinte pueblos africanos que fueron tra\u00eddos como esclavos a esta regi\u00f3n del cono sur. Cada uno de \u00e9stos ten\u00eda su idioma, su forma de ser y sentir, su cultura y sus danzas.<\/p>","protected":false},"featured_media":324,"comment_status":"closed","ping_status":"closed","template":"","meta":{"_acf_changed":false,"_joinchat":[]},"tipo-visita":[],"product_brand":[],"product_cat":[36],"product_tag":[],"class_list":{"0":"post-323","1":"product","2":"type-product","3":"status-publish","4":"has-post-thumbnail","6":"product_cat-la-fiesta-sur","8":"first","9":"instock","10":"shipping-taxable","11":"product-type-simple"},"exclude_global_add_ons":[],"addons":[],"acf":[],"yoast_head":"<!-- This site is optimized with the Yoast SEO plugin v27.4 - https:\/\/yoast.com\/product\/yoast-seo-wordpress\/ -->\n<title>La Fiesta Sur Tannat - Pizzorno Family Estates<\/title>\n<meta name=\"robots\" content=\"noindex, follow, max-snippet:-1, max-image-preview:large, max-video-preview:-1\" \/>\n<meta property=\"og:locale\" content=\"pt_BR\" \/>\n<meta property=\"og:type\" content=\"article\" \/>\n<meta property=\"og:title\" content=\"La Fiesta Sur Tannat - Pizzorno Family Estates\" \/>\n<meta property=\"og:description\" content=\"Elaborado con uvas provenientes de nuestros vi\u00f1edos, cosechadas con excelente punto de maduraci\u00f3n manualmente en cajas de 18 kg. Despalillado y molienda, maceraci\u00f3n en fr\u00edo durante 24 horas, luego sembramos levaduras seleccionadas dando comienzo la fermentaci\u00f3n alcoh\u00f3lica durante ocho a diez d\u00edas a temperatura controlada (23 a 26 \u00baC), suave prensado final. Logramos un vino joven, arom\u00e1tico, con taninos suaves y sedosos, f\u00e1cil de beber. La Fiesta Sur est\u00e1 inspirada en el Candombe Uruguayo, nombre gen\u00e9rico que reciben diferentes danzas de origen africano en Uruguay, y nace de la conjunci\u00f3n de los m\u00e1s de veinte pueblos africanos que fueron tra\u00eddos como esclavos a esta regi\u00f3n del cono sur. Cada uno de \u00e9stos ten\u00eda su idioma, su forma de ser y sentir, su cultura y sus danzas.\" \/>\n<meta property=\"og:url\" content=\"https:\/\/pizzornowines.com\/pt\/produto\/la-fiesta-sur-tannat\/\" \/>\n<meta property=\"og:site_name\" content=\"Pizzorno Family Estates\" \/>\n<meta property=\"article:publisher\" content=\"https:\/\/www.facebook.com\/pizzorno.family.estates\" \/>\n<meta property=\"og:image\" content=\"https:\/\/pizzornowines.com\/wp-content\/uploads\/2023\/09\/La-Fiesta-Sur-Tannat--scaled.jpg\" \/>\n\t<meta property=\"og:image:width\" content=\"762\" \/>\n\t<meta property=\"og:image:height\" content=\"1920\" \/>\n\t<meta property=\"og:image:type\" content=\"image\/jpeg\" \/>\n<meta name=\"twitter:card\" content=\"summary_large_image\" \/>\n<meta name=\"twitter:label1\" content=\"Est. tempo de leitura\" \/>\n\t<meta name=\"twitter:data1\" content=\"1 minuto\" \/>\n<script type=\"application\/ld+json\" class=\"yoast-schema-graph\">{\"@context\":\"https:\\\/\\\/schema.org\",\"@graph\":[{\"@type\":\"WebPage\",\"@id\":\"https:\\\/\\\/pizzornowines.com\\\/product\\\/la-fiesta-sur-tannat\\\/\",\"url\":\"https:\\\/\\\/pizzornowines.com\\\/product\\\/la-fiesta-sur-tannat\\\/\",\"name\":\"La Fiesta Sur Tannat - Pizzorno Family Estates\",\"isPartOf\":{\"@id\":\"https:\\\/\\\/pizzornowines.com\\\/#website\"},\"primaryImageOfPage\":{\"@id\":\"https:\\\/\\\/pizzornowines.com\\\/product\\\/la-fiesta-sur-tannat\\\/#primaryimage\"},\"image\":{\"@id\":\"https:\\\/\\\/pizzornowines.com\\\/product\\\/la-fiesta-sur-tannat\\\/#primaryimage\"},\"thumbnailUrl\":\"https:\\\/\\\/pizzornowines.com\\\/wp-content\\\/uploads\\\/2023\\\/09\\\/La-Fiesta-Sur-Tannat--scaled.jpg\",\"datePublished\":\"2023-02-07T13:29:08+00:00\",\"breadcrumb\":{\"@id\":\"https:\\\/\\\/pizzornowines.com\\\/product\\\/la-fiesta-sur-tannat\\\/#breadcrumb\"},\"inLanguage\":\"pt-BR\",\"potentialAction\":[{\"@type\":\"ReadAction\",\"target\":[\"https:\\\/\\\/pizzornowines.com\\\/product\\\/la-fiesta-sur-tannat\\\/\"]}]},{\"@type\":\"ImageObject\",\"inLanguage\":\"pt-BR\",\"@id\":\"https:\\\/\\\/pizzornowines.com\\\/product\\\/la-fiesta-sur-tannat\\\/#primaryimage\",\"url\":\"https:\\\/\\\/pizzornowines.com\\\/wp-content\\\/uploads\\\/2023\\\/09\\\/La-Fiesta-Sur-Tannat--scaled.jpg\",\"contentUrl\":\"https:\\\/\\\/pizzornowines.com\\\/wp-content\\\/uploads\\\/2023\\\/09\\\/La-Fiesta-Sur-Tannat--scaled.jpg\",\"width\":762,\"height\":1920},{\"@type\":\"BreadcrumbList\",\"@id\":\"https:\\\/\\\/pizzornowines.com\\\/product\\\/la-fiesta-sur-tannat\\\/#breadcrumb\",\"itemListElement\":[{\"@type\":\"ListItem\",\"position\":1,\"name\":\"Home\",\"item\":\"https:\\\/\\\/pizzornowines.com\\\/\"},{\"@type\":\"ListItem\",\"position\":2,\"name\":\"Shop\",\"item\":\"https:\\\/\\\/pizzornowines.com\\\/?page_id=96\"},{\"@type\":\"ListItem\",\"position\":3,\"name\":\"La Fiesta Sur Tannat\"}]},{\"@type\":\"WebSite\",\"@id\":\"https:\\\/\\\/pizzornowines.com\\\/#website\",\"url\":\"https:\\\/\\\/pizzornowines.com\\\/\",\"name\":\"Pizzorno Family Estates\",\"description\":\"Pasi\u00f3n por la tierra y el vino\",\"publisher\":{\"@id\":\"https:\\\/\\\/pizzornowines.com\\\/#organization\"},\"potentialAction\":[{\"@type\":\"SearchAction\",\"target\":{\"@type\":\"EntryPoint\",\"urlTemplate\":\"https:\\\/\\\/pizzornowines.com\\\/?s={search_term_string}\"},\"query-input\":{\"@type\":\"PropertyValueSpecification\",\"valueRequired\":true,\"valueName\":\"search_term_string\"}}],\"inLanguage\":\"pt-BR\"},{\"@type\":\"Organization\",\"@id\":\"https:\\\/\\\/pizzornowines.com\\\/#organization\",\"name\":\"Pizzorno Family Estates\",\"url\":\"https:\\\/\\\/pizzornowines.com\\\/\",\"logo\":{\"@type\":\"ImageObject\",\"inLanguage\":\"pt-BR\",\"@id\":\"https:\\\/\\\/pizzornowines.com\\\/#\\\/schema\\\/logo\\\/image\\\/\",\"url\":\"https:\\\/\\\/pizzornowines.com\\\/wp-content\\\/uploads\\\/Pizzorno-Family-Estate-logo.svg\",\"contentUrl\":\"https:\\\/\\\/pizzornowines.com\\\/wp-content\\\/uploads\\\/Pizzorno-Family-Estate-logo.svg\",\"width\":422,\"height\":283,\"caption\":\"Pizzorno Family Estates\"},\"image\":{\"@id\":\"https:\\\/\\\/pizzornowines.com\\\/#\\\/schema\\\/logo\\\/image\\\/\"},\"sameAs\":[\"https:\\\/\\\/www.facebook.com\\\/pizzorno.family.estates\"]}]}<\/script>\n<!-- \/ Yoast SEO plugin. -->","yoast_head_json":{"title":"La Fiesta Sur Tannat - Pizzorno Family Estates","robots":{"index":"noindex","follow":"follow","max-snippet":"max-snippet:-1","max-image-preview":"max-image-preview:large","max-video-preview":"max-video-preview:-1"},"og_locale":"pt_BR","og_type":"article","og_title":"La Fiesta Sur Tannat - Pizzorno Family Estates","og_description":"Elaborado con uvas provenientes de nuestros vi\u00f1edos, cosechadas con excelente punto de maduraci\u00f3n manualmente en cajas de 18 kg. Despalillado y molienda, maceraci\u00f3n en fr\u00edo durante 24 horas, luego sembramos levaduras seleccionadas dando comienzo la fermentaci\u00f3n alcoh\u00f3lica durante ocho a diez d\u00edas a temperatura controlada (23 a 26 \u00baC), suave prensado final. Logramos un vino joven, arom\u00e1tico, con taninos suaves y sedosos, f\u00e1cil de beber. La Fiesta Sur est\u00e1 inspirada en el Candombe Uruguayo, nombre gen\u00e9rico que reciben diferentes danzas de origen africano en Uruguay, y nace de la conjunci\u00f3n de los m\u00e1s de veinte pueblos africanos que fueron tra\u00eddos como esclavos a esta regi\u00f3n del cono sur. Cada uno de \u00e9stos ten\u00eda su idioma, su forma de ser y sentir, su cultura y sus danzas.","og_url":"https:\/\/pizzornowines.com\/pt\/produto\/la-fiesta-sur-tannat\/","og_site_name":"Pizzorno Family Estates","article_publisher":"https:\/\/www.facebook.com\/pizzorno.family.estates","og_image":[{"width":762,"height":1920,"url":"https:\/\/pizzornowines.com\/wp-content\/uploads\/2023\/09\/La-Fiesta-Sur-Tannat--scaled.jpg","type":"image\/jpeg"}],"twitter_card":"summary_large_image","twitter_misc":{"Est. tempo de leitura":"1 minuto"},"schema":{"@context":"https:\/\/schema.org","@graph":[{"@type":"WebPage","@id":"https:\/\/pizzornowines.com\/product\/la-fiesta-sur-tannat\/","url":"https:\/\/pizzornowines.com\/product\/la-fiesta-sur-tannat\/","name":"La Fiesta Sur Tannat - Pizzorno Family Estates","isPartOf":{"@id":"https:\/\/pizzornowines.com\/#website"},"primaryImageOfPage":{"@id":"https:\/\/pizzornowines.com\/product\/la-fiesta-sur-tannat\/#primaryimage"},"image":{"@id":"https:\/\/pizzornowines.com\/product\/la-fiesta-sur-tannat\/#primaryimage"},"thumbnailUrl":"https:\/\/pizzornowines.com\/wp-content\/uploads\/2023\/09\/La-Fiesta-Sur-Tannat--scaled.jpg","datePublished":"2023-02-07T13:29:08+00:00","breadcrumb":{"@id":"https:\/\/pizzornowines.com\/product\/la-fiesta-sur-tannat\/#breadcrumb"},"inLanguage":"pt-BR","potentialAction":[{"@type":"ReadAction","target":["https:\/\/pizzornowines.com\/product\/la-fiesta-sur-tannat\/"]}]},{"@type":"ImageObject","inLanguage":"pt-BR","@id":"https:\/\/pizzornowines.com\/product\/la-fiesta-sur-tannat\/#primaryimage","url":"https:\/\/pizzornowines.com\/wp-content\/uploads\/2023\/09\/La-Fiesta-Sur-Tannat--scaled.jpg","contentUrl":"https:\/\/pizzornowines.com\/wp-content\/uploads\/2023\/09\/La-Fiesta-Sur-Tannat--scaled.jpg","width":762,"height":1920},{"@type":"BreadcrumbList","@id":"https:\/\/pizzornowines.com\/product\/la-fiesta-sur-tannat\/#breadcrumb","itemListElement":[{"@type":"ListItem","position":1,"name":"Home","item":"https:\/\/pizzornowines.com\/"},{"@type":"ListItem","position":2,"name":"Shop","item":"https:\/\/pizzornowines.com\/?page_id=96"},{"@type":"ListItem","position":3,"name":"La Fiesta Sur Tannat"}]},{"@type":"WebSite","@id":"https:\/\/pizzornowines.com\/#website","url":"https:\/\/pizzornowines.com\/","name":"Pizzorno Family Estates","description":"Pasi\u00f3n por la tierra y el vino","publisher":{"@id":"https:\/\/pizzornowines.com\/#organization"},"potentialAction":[{"@type":"SearchAction","target":{"@type":"EntryPoint","urlTemplate":"https:\/\/pizzornowines.com\/?s={search_term_string}"},"query-input":{"@type":"PropertyValueSpecification","valueRequired":true,"valueName":"search_term_string"}}],"inLanguage":"pt-BR"},{"@type":"Organization","@id":"https:\/\/pizzornowines.com\/#organization","name":"Pizzorno Family Estates","url":"https:\/\/pizzornowines.com\/","logo":{"@type":"ImageObject","inLanguage":"pt-BR","@id":"https:\/\/pizzornowines.com\/#\/schema\/logo\/image\/","url":"https:\/\/pizzornowines.com\/wp-content\/uploads\/Pizzorno-Family-Estate-logo.svg","contentUrl":"https:\/\/pizzornowines.com\/wp-content\/uploads\/Pizzorno-Family-Estate-logo.svg","width":422,"height":283,"caption":"Pizzorno Family Estates"},"image":{"@id":"https:\/\/pizzornowines.com\/#\/schema\/logo\/image\/"},"sameAs":["https:\/\/www.facebook.com\/pizzorno.family.estates"]}]}},"_links":{"self":[{"href":"https:\/\/pizzornowines.com\/pt\/wp-json\/wp\/v2\/product\/323","targetHints":{"allow":["GET"]}}],"collection":[{"href":"https:\/\/pizzornowines.com\/pt\/wp-json\/wp\/v2\/product"}],"about":[{"href":"https:\/\/pizzornowines.com\/pt\/wp-json\/wp\/v2\/types\/product"}],"replies":[{"embeddable":true,"href":"https:\/\/pizzornowines.com\/pt\/wp-json\/wp\/v2\/comments?post=323"}],"version-history":[{"count":0,"href":"https:\/\/pizzornowines.com\/pt\/wp-json\/wp\/v2\/product\/323\/revisions"}],"wp:featuredmedia":[{"embeddable":true,"href":"https:\/\/pizzornowines.com\/pt\/wp-json\/wp\/v2\/media\/324"}],"wp:attachment":[{"href":"https:\/\/pizzornowines.com\/pt\/wp-json\/wp\/v2\/media?parent=323"}],"wp:term":[{"taxonomy":"tipo-visita","embeddable":true,"href":"https:\/\/pizzornowines.com\/pt\/wp-json\/wp\/v2\/tipo-visita?post=323"},{"taxonomy":"product_brand","embeddable":true,"href":"https:\/\/pizzornowines.com\/pt\/wp-json\/wp\/v2\/product_brand?post=323"},{"taxonomy":"product_cat","embeddable":true,"href":"https:\/\/pizzornowines.com\/pt\/wp-json\/wp\/v2\/product_cat?post=323"},{"taxonomy":"product_tag","embeddable":true,"href":"https:\/\/pizzornowines.com\/pt\/wp-json\/wp\/v2\/product_tag?post=323"}],"curies":[{"name":"wp","href":"https:\/\/api.w.org\/{rel}","templated":true}]}}