{"id":317,"date":"2023-02-07T10:50:19","date_gmt":"2023-02-07T13:50:19","guid":{"rendered":"https:\/\/pizzorno.r1group.com.ar\/producto\/don-prospero-tannat-2018\/"},"modified":"2025-05-18T13:03:30","modified_gmt":"2025-05-18T16:03:30","slug":"don-prospero-tannat-2018","status":"publish","type":"product","link":"https:\/\/pizzornowines.com\/pt\/produto\/don-prospero-tannat-2018\/","title":{"rendered":"Don Pr\u00f3spero Tannat"},"content":{"rendered":"<p>&#x1f947; 91 pts &#8211; TIM ATKIN<\/p>\n<p>Tannat, variedad tradicional de nuestro pa\u00eds, originalmente de Madiran, Francia. Esta cepa nos representa internacionalmente con una perfecta adaptaci\u00f3n al clima y al suelo de nuestra regi\u00f3n. (Canel\u00f3n Chico, Canelones).<br \/>\nLa uva Tannat tiene excelente propiedades en beneficio de la salud gracias a su alta concentraci\u00f3n de polifenoles.(2.5 veces m\u00e1s que la Cabernet Sauvignon)<\/p>","protected":false},"excerpt":{"rendered":"<p>El Tannat es la cepa emblema de Uruguay y uno de los pilares de nuestra identidad vitivin\u00edcola. En Bodega Pizzorno, lo cultivamos con profunda dedicaci\u00f3n, aprovechando su potencial para expresar intensidad, estructura y elegancia.<\/p>\n<p>La cosecha 2024 se caracteriza por un manejo de vi\u00f1edo enfocado en obtener taninos maduros y redondos, con una cuidadosa selecci\u00f3n de parcelas que aportan diferentes matices. Cada racimo es cosechado en su punto justo, buscando equilibrio entre potencia y frescura.<\/p>\n<p>Adem\u00e1s de su riqueza en expresi\u00f3n sensorial, la uva Tannat es reconocida por sus excelentes propiedades en beneficio de la salud, gracias a su alta concentraci\u00f3n de polifenoles, compuestos naturales con gran poder antioxidante.<\/p>\n<p>Forma parte de la l\u00ednea Don Pr\u00f3spero, un homenaje a Don Pr\u00f3spero Pizzorno, inmigrante piamont\u00e9s que fund\u00f3 la bodega en 1910. Su pasi\u00f3n por la tierra y el vino sent\u00f3 las bases de este proyecto familiar, que hoy contin\u00faa con orgullo en su cuarta generaci\u00f3n.<\/p>","protected":false},"featured_media":318,"comment_status":"closed","ping_status":"closed","template":"","meta":{"_acf_changed":false,"_joinchat":[]},"tipo-visita":[],"product_brand":[],"product_cat":[35],"product_tag":[],"class_list":{"0":"post-317","1":"product","2":"type-product","3":"status-publish","4":"has-post-thumbnail","6":"product_cat-don-prospero","8":"first","9":"instock","10":"shipping-taxable","11":"product-type-simple"},"exclude_global_add_ons":[],"addons":[],"acf":[],"yoast_head":"<!-- This site is optimized with the Yoast SEO plugin v27.4 - https:\/\/yoast.com\/product\/yoast-seo-wordpress\/ -->\n<title>Don Pr\u00f3spero Tannat - Pizzorno Family Estates<\/title>\n<meta name=\"robots\" content=\"noindex, follow, max-snippet:-1, max-image-preview:large, max-video-preview:-1\" \/>\n<meta property=\"og:locale\" content=\"pt_BR\" \/>\n<meta property=\"og:type\" content=\"article\" \/>\n<meta property=\"og:title\" content=\"Don Pr\u00f3spero Tannat - Pizzorno Family Estates\" \/>\n<meta property=\"og:description\" content=\"El Tannat es la cepa emblema de Uruguay y uno de los pilares de nuestra identidad vitivin\u00edcola. En Bodega Pizzorno, lo cultivamos con profunda dedicaci\u00f3n, aprovechando su potencial para expresar intensidad, estructura y elegancia.  La cosecha 2024 se caracteriza por un manejo de vi\u00f1edo enfocado en obtener taninos maduros y redondos, con una cuidadosa selecci\u00f3n de parcelas que aportan diferentes matices. Cada racimo es cosechado en su punto justo, buscando equilibrio entre potencia y frescura.  Adem\u00e1s de su riqueza en expresi\u00f3n sensorial, la uva Tannat es reconocida por sus excelentes propiedades en beneficio de la salud, gracias a su alta concentraci\u00f3n de polifenoles, compuestos naturales con gran poder antioxidante.  Forma parte de la l\u00ednea Don Pr\u00f3spero, un homenaje a Don Pr\u00f3spero Pizzorno, inmigrante piamont\u00e9s que fund\u00f3 la bodega en 1910. Su pasi\u00f3n por la tierra y el vino sent\u00f3 las bases de este proyecto familiar, que hoy contin\u00faa con orgullo en su cuarta generaci\u00f3n.\" \/>\n<meta property=\"og:url\" content=\"https:\/\/pizzornowines.com\/pt\/produto\/don-prospero-tannat-2018\/\" \/>\n<meta property=\"og:site_name\" content=\"Pizzorno Family Estates\" \/>\n<meta property=\"article:publisher\" content=\"https:\/\/www.facebook.com\/pizzorno.family.estates\" \/>\n<meta property=\"article:modified_time\" content=\"2025-05-18T16:03:30+00:00\" \/>\n<meta property=\"og:image\" content=\"https:\/\/pizzornowines.com\/wp-content\/uploads\/2025\/02\/Don-Prospero-Tannat.jpg\" \/>\n\t<meta property=\"og:image:width\" content=\"210\" \/>\n\t<meta property=\"og:image:height\" content=\"780\" \/>\n\t<meta property=\"og:image:type\" content=\"image\/jpeg\" \/>\n<meta name=\"twitter:card\" content=\"summary_large_image\" \/>\n<script type=\"application\/ld+json\" class=\"yoast-schema-graph\">{\"@context\":\"https:\\\/\\\/schema.org\",\"@graph\":[{\"@type\":\"WebPage\",\"@id\":\"https:\\\/\\\/pizzornowines.com\\\/product\\\/don-prospero-tannat-2018\\\/\",\"url\":\"https:\\\/\\\/pizzornowines.com\\\/product\\\/don-prospero-tannat-2018\\\/\",\"name\":\"Don Pr\u00f3spero Tannat - Pizzorno Family Estates\",\"isPartOf\":{\"@id\":\"https:\\\/\\\/pizzornowines.com\\\/#website\"},\"primaryImageOfPage\":{\"@id\":\"https:\\\/\\\/pizzornowines.com\\\/product\\\/don-prospero-tannat-2018\\\/#primaryimage\"},\"image\":{\"@id\":\"https:\\\/\\\/pizzornowines.com\\\/product\\\/don-prospero-tannat-2018\\\/#primaryimage\"},\"thumbnailUrl\":\"https:\\\/\\\/pizzornowines.com\\\/wp-content\\\/uploads\\\/2025\\\/02\\\/Don-Prospero-Tannat.jpg\",\"datePublished\":\"2023-02-07T13:50:19+00:00\",\"dateModified\":\"2025-05-18T16:03:30+00:00\",\"breadcrumb\":{\"@id\":\"https:\\\/\\\/pizzornowines.com\\\/product\\\/don-prospero-tannat-2018\\\/#breadcrumb\"},\"inLanguage\":\"pt-BR\",\"potentialAction\":[{\"@type\":\"ReadAction\",\"target\":[\"https:\\\/\\\/pizzornowines.com\\\/product\\\/don-prospero-tannat-2018\\\/\"]}]},{\"@type\":\"ImageObject\",\"inLanguage\":\"pt-BR\",\"@id\":\"https:\\\/\\\/pizzornowines.com\\\/product\\\/don-prospero-tannat-2018\\\/#primaryimage\",\"url\":\"https:\\\/\\\/pizzornowines.com\\\/wp-content\\\/uploads\\\/2025\\\/02\\\/Don-Prospero-Tannat.jpg\",\"contentUrl\":\"https:\\\/\\\/pizzornowines.com\\\/wp-content\\\/uploads\\\/2025\\\/02\\\/Don-Prospero-Tannat.jpg\",\"width\":210,\"height\":780},{\"@type\":\"BreadcrumbList\",\"@id\":\"https:\\\/\\\/pizzornowines.com\\\/product\\\/don-prospero-tannat-2018\\\/#breadcrumb\",\"itemListElement\":[{\"@type\":\"ListItem\",\"position\":1,\"name\":\"Home\",\"item\":\"https:\\\/\\\/pizzornowines.com\\\/\"},{\"@type\":\"ListItem\",\"position\":2,\"name\":\"Shop\",\"item\":\"https:\\\/\\\/pizzornowines.com\\\/?page_id=96\"},{\"@type\":\"ListItem\",\"position\":3,\"name\":\"Don Pr\u00f3spero Tannat\"}]},{\"@type\":\"WebSite\",\"@id\":\"https:\\\/\\\/pizzornowines.com\\\/#website\",\"url\":\"https:\\\/\\\/pizzornowines.com\\\/\",\"name\":\"Pizzorno Family Estates\",\"description\":\"Pasi\u00f3n por la tierra y el vino\",\"publisher\":{\"@id\":\"https:\\\/\\\/pizzornowines.com\\\/#organization\"},\"potentialAction\":[{\"@type\":\"SearchAction\",\"target\":{\"@type\":\"EntryPoint\",\"urlTemplate\":\"https:\\\/\\\/pizzornowines.com\\\/?s={search_term_string}\"},\"query-input\":{\"@type\":\"PropertyValueSpecification\",\"valueRequired\":true,\"valueName\":\"search_term_string\"}}],\"inLanguage\":\"pt-BR\"},{\"@type\":\"Organization\",\"@id\":\"https:\\\/\\\/pizzornowines.com\\\/#organization\",\"name\":\"Pizzorno Family Estates\",\"url\":\"https:\\\/\\\/pizzornowines.com\\\/\",\"logo\":{\"@type\":\"ImageObject\",\"inLanguage\":\"pt-BR\",\"@id\":\"https:\\\/\\\/pizzornowines.com\\\/#\\\/schema\\\/logo\\\/image\\\/\",\"url\":\"https:\\\/\\\/pizzornowines.com\\\/wp-content\\\/uploads\\\/Pizzorno-Family-Estate-logo.svg\",\"contentUrl\":\"https:\\\/\\\/pizzornowines.com\\\/wp-content\\\/uploads\\\/Pizzorno-Family-Estate-logo.svg\",\"width\":422,\"height\":283,\"caption\":\"Pizzorno Family Estates\"},\"image\":{\"@id\":\"https:\\\/\\\/pizzornowines.com\\\/#\\\/schema\\\/logo\\\/image\\\/\"},\"sameAs\":[\"https:\\\/\\\/www.facebook.com\\\/pizzorno.family.estates\"]}]}<\/script>\n<!-- \/ Yoast SEO plugin. -->","yoast_head_json":{"title":"Don Pr\u00f3spero Tannat - Pizzorno Family Estates","robots":{"index":"noindex","follow":"follow","max-snippet":"max-snippet:-1","max-image-preview":"max-image-preview:large","max-video-preview":"max-video-preview:-1"},"og_locale":"pt_BR","og_type":"article","og_title":"Don Pr\u00f3spero Tannat - Pizzorno Family Estates","og_description":"El Tannat es la cepa emblema de Uruguay y uno de los pilares de nuestra identidad vitivin\u00edcola. En Bodega Pizzorno, lo cultivamos con profunda dedicaci\u00f3n, aprovechando su potencial para expresar intensidad, estructura y elegancia.  La cosecha 2024 se caracteriza por un manejo de vi\u00f1edo enfocado en obtener taninos maduros y redondos, con una cuidadosa selecci\u00f3n de parcelas que aportan diferentes matices. Cada racimo es cosechado en su punto justo, buscando equilibrio entre potencia y frescura.  Adem\u00e1s de su riqueza en expresi\u00f3n sensorial, la uva Tannat es reconocida por sus excelentes propiedades en beneficio de la salud, gracias a su alta concentraci\u00f3n de polifenoles, compuestos naturales con gran poder antioxidante.  Forma parte de la l\u00ednea Don Pr\u00f3spero, un homenaje a Don Pr\u00f3spero Pizzorno, inmigrante piamont\u00e9s que fund\u00f3 la bodega en 1910. Su pasi\u00f3n por la tierra y el vino sent\u00f3 las bases de este proyecto familiar, que hoy contin\u00faa con orgullo en su cuarta generaci\u00f3n.","og_url":"https:\/\/pizzornowines.com\/pt\/produto\/don-prospero-tannat-2018\/","og_site_name":"Pizzorno Family Estates","article_publisher":"https:\/\/www.facebook.com\/pizzorno.family.estates","article_modified_time":"2025-05-18T16:03:30+00:00","og_image":[{"width":210,"height":780,"url":"https:\/\/pizzornowines.com\/wp-content\/uploads\/2025\/02\/Don-Prospero-Tannat.jpg","type":"image\/jpeg"}],"twitter_card":"summary_large_image","schema":{"@context":"https:\/\/schema.org","@graph":[{"@type":"WebPage","@id":"https:\/\/pizzornowines.com\/product\/don-prospero-tannat-2018\/","url":"https:\/\/pizzornowines.com\/product\/don-prospero-tannat-2018\/","name":"Don Pr\u00f3spero Tannat - Pizzorno Family Estates","isPartOf":{"@id":"https:\/\/pizzornowines.com\/#website"},"primaryImageOfPage":{"@id":"https:\/\/pizzornowines.com\/product\/don-prospero-tannat-2018\/#primaryimage"},"image":{"@id":"https:\/\/pizzornowines.com\/product\/don-prospero-tannat-2018\/#primaryimage"},"thumbnailUrl":"https:\/\/pizzornowines.com\/wp-content\/uploads\/2025\/02\/Don-Prospero-Tannat.jpg","datePublished":"2023-02-07T13:50:19+00:00","dateModified":"2025-05-18T16:03:30+00:00","breadcrumb":{"@id":"https:\/\/pizzornowines.com\/product\/don-prospero-tannat-2018\/#breadcrumb"},"inLanguage":"pt-BR","potentialAction":[{"@type":"ReadAction","target":["https:\/\/pizzornowines.com\/product\/don-prospero-tannat-2018\/"]}]},{"@type":"ImageObject","inLanguage":"pt-BR","@id":"https:\/\/pizzornowines.com\/product\/don-prospero-tannat-2018\/#primaryimage","url":"https:\/\/pizzornowines.com\/wp-content\/uploads\/2025\/02\/Don-Prospero-Tannat.jpg","contentUrl":"https:\/\/pizzornowines.com\/wp-content\/uploads\/2025\/02\/Don-Prospero-Tannat.jpg","width":210,"height":780},{"@type":"BreadcrumbList","@id":"https:\/\/pizzornowines.com\/product\/don-prospero-tannat-2018\/#breadcrumb","itemListElement":[{"@type":"ListItem","position":1,"name":"Home","item":"https:\/\/pizzornowines.com\/"},{"@type":"ListItem","position":2,"name":"Shop","item":"https:\/\/pizzornowines.com\/?page_id=96"},{"@type":"ListItem","position":3,"name":"Don Pr\u00f3spero Tannat"}]},{"@type":"WebSite","@id":"https:\/\/pizzornowines.com\/#website","url":"https:\/\/pizzornowines.com\/","name":"Pizzorno Family Estates","description":"Pasi\u00f3n por la tierra y el vino","publisher":{"@id":"https:\/\/pizzornowines.com\/#organization"},"potentialAction":[{"@type":"SearchAction","target":{"@type":"EntryPoint","urlTemplate":"https:\/\/pizzornowines.com\/?s={search_term_string}"},"query-input":{"@type":"PropertyValueSpecification","valueRequired":true,"valueName":"search_term_string"}}],"inLanguage":"pt-BR"},{"@type":"Organization","@id":"https:\/\/pizzornowines.com\/#organization","name":"Pizzorno Family Estates","url":"https:\/\/pizzornowines.com\/","logo":{"@type":"ImageObject","inLanguage":"pt-BR","@id":"https:\/\/pizzornowines.com\/#\/schema\/logo\/image\/","url":"https:\/\/pizzornowines.com\/wp-content\/uploads\/Pizzorno-Family-Estate-logo.svg","contentUrl":"https:\/\/pizzornowines.com\/wp-content\/uploads\/Pizzorno-Family-Estate-logo.svg","width":422,"height":283,"caption":"Pizzorno Family Estates"},"image":{"@id":"https:\/\/pizzornowines.com\/#\/schema\/logo\/image\/"},"sameAs":["https:\/\/www.facebook.com\/pizzorno.family.estates"]}]}},"_links":{"self":[{"href":"https:\/\/pizzornowines.com\/pt\/wp-json\/wp\/v2\/product\/317","targetHints":{"allow":["GET"]}}],"collection":[{"href":"https:\/\/pizzornowines.com\/pt\/wp-json\/wp\/v2\/product"}],"about":[{"href":"https:\/\/pizzornowines.com\/pt\/wp-json\/wp\/v2\/types\/product"}],"replies":[{"embeddable":true,"href":"https:\/\/pizzornowines.com\/pt\/wp-json\/wp\/v2\/comments?post=317"}],"version-history":[{"count":2,"href":"https:\/\/pizzornowines.com\/pt\/wp-json\/wp\/v2\/product\/317\/revisions"}],"predecessor-version":[{"id":2139,"href":"https:\/\/pizzornowines.com\/pt\/wp-json\/wp\/v2\/product\/317\/revisions\/2139"}],"wp:featuredmedia":[{"embeddable":true,"href":"https:\/\/pizzornowines.com\/pt\/wp-json\/wp\/v2\/media\/318"}],"wp:attachment":[{"href":"https:\/\/pizzornowines.com\/pt\/wp-json\/wp\/v2\/media?parent=317"}],"wp:term":[{"taxonomy":"tipo-visita","embeddable":true,"href":"https:\/\/pizzornowines.com\/pt\/wp-json\/wp\/v2\/tipo-visita?post=317"},{"taxonomy":"product_brand","embeddable":true,"href":"https:\/\/pizzornowines.com\/pt\/wp-json\/wp\/v2\/product_brand?post=317"},{"taxonomy":"product_cat","embeddable":true,"href":"https:\/\/pizzornowines.com\/pt\/wp-json\/wp\/v2\/product_cat?post=317"},{"taxonomy":"product_tag","embeddable":true,"href":"https:\/\/pizzornowines.com\/pt\/wp-json\/wp\/v2\/product_tag?post=317"}],"curies":[{"name":"wp","href":"https:\/\/api.w.org\/{rel}","templated":true}]}}