{"id":313,"date":"2023-02-07T10:59:41","date_gmt":"2023-02-07T13:59:41","guid":{"rendered":"https:\/\/pizzorno.r1group.com.ar\/producto\/don-prospero-tannat-malbec\/"},"modified":"2025-05-18T13:12:36","modified_gmt":"2025-05-18T16:12:36","slug":"don-prospero-tannat-malbec","status":"publish","type":"product","link":"https:\/\/pizzornowines.com\/pt\/produto\/don-prospero-tannat-malbec\/","title":{"rendered":"Don Pr\u00f3spero Tannat Malbec"},"content":{"rendered":"<p class=\"\" data-start=\"169\" data-end=\"400\">Este vino es el resultado del ensamblaje entre Tannat y Malbec, una combinaci\u00f3n que busca integrar la estructura, firmeza t\u00e1nica y longevidad del Tannat con la jugosidad, expresi\u00f3n frutal y redondez del Malbec.<\/p>\n<p class=\"\" data-start=\"402\" data-end=\"1134\"><strong data-start=\"402\" data-end=\"458\">Rese\u00f1a t\u00e9cnica sobre el manejo del Malbec en Uruguay<\/strong><br data-start=\"458\" data-end=\"461\" \/>Dado que el Malbec no es una variedad tradicionalmente implantada en Uruguay, su desarrollo requiere un manejo agron\u00f3mico espec\u00edfico para alcanzar niveles de concentraci\u00f3n y complejidad deseados. Con ese objetivo, se implement\u00f3 una t\u00e9cnica de deshidrataci\u00f3n en planta: aproximadamente 10 d\u00edas antes de la cosecha, se selecciona un sarmiento por planta, que es seccionado manualmente para interrumpir su conexi\u00f3n con el sistema radicular. Esta intervenci\u00f3n corta el flujo de agua y nutrientes desde el suelo, generando un proceso de pasificaci\u00f3n controlada que incrementa significativamente la concentraci\u00f3n de az\u00facares, polifenoles y compuestos arom\u00e1ticos en los racimos.<\/p>\n<p class=\"\" data-start=\"1136\" data-end=\"1381\">Al momento de la vendimia, tanto los racimos deshidratados como los no intervenidos son cosechados y vinificados en conjunto, logrando una sinergia entre fruta fresca y fruta concentrada que potencia la expresividad del Malbec en el corte final.<\/p>\n<p>.<\/p>","protected":false},"excerpt":{"rendered":"<p>Este corte de Tannat y Malbec combina lo mejor de dos cepas nobles: la estructura y fuerza del Tannat con la suavidad y expresi\u00f3n frutal del Malbec. En Bodega Pizzorno, elaboramos cada variedad por separado, respetando el punto \u00f3ptimo de madurez enol\u00f3gica de cada una.<\/p>\n<p>La vinificaci\u00f3n comienza con una maceraci\u00f3n en fr\u00edo de 12 horas, seguida por una fermentaci\u00f3n tradicional que permite extraer color y aroma de forma controlada. El prensado es suave, cuidando la expresi\u00f3n natural de la fruta y evitando durezas. El resultado es un tinto joven, vibrante y expresivo, con un estilo accesible y elegante.<\/p>\n<p>Forma parte de la l\u00ednea Don Pr\u00f3spero, homenaje a Don Pr\u00f3spero Pizzorno, inmigrante piamont\u00e9s que fund\u00f3 la bodega en 1910. Su legado vive hoy a trav\u00e9s de la cuarta generaci\u00f3n de la familia, que contin\u00faa apostando por la calidad, la innovaci\u00f3n y el respeto por la tierra.<\/p>","protected":false},"featured_media":314,"comment_status":"closed","ping_status":"closed","template":"","meta":{"_acf_changed":false,"_joinchat":[]},"tipo-visita":[],"product_brand":[],"product_cat":[35],"product_tag":[],"class_list":{"0":"post-313","1":"product","2":"type-product","3":"status-publish","4":"has-post-thumbnail","6":"product_cat-don-prospero","8":"first","9":"instock","10":"shipping-taxable","11":"product-type-simple"},"exclude_global_add_ons":[],"addons":[],"acf":[],"yoast_head":"<!-- This site is optimized with the Yoast SEO plugin v27.4 - https:\/\/yoast.com\/product\/yoast-seo-wordpress\/ -->\n<title>Don Pr\u00f3spero Tannat Malbec - Pizzorno Family Estates<\/title>\n<meta name=\"robots\" content=\"noindex, follow, max-snippet:-1, max-image-preview:large, max-video-preview:-1\" \/>\n<meta property=\"og:locale\" content=\"pt_BR\" \/>\n<meta property=\"og:type\" content=\"article\" \/>\n<meta property=\"og:title\" content=\"Don Pr\u00f3spero Tannat Malbec - Pizzorno Family Estates\" \/>\n<meta property=\"og:description\" content=\"Este corte de Tannat y Malbec combina lo mejor de dos cepas nobles: la estructura y fuerza del Tannat con la suavidad y expresi\u00f3n frutal del Malbec. En Bodega Pizzorno, elaboramos cada variedad por separado, respetando el punto \u00f3ptimo de madurez enol\u00f3gica de cada una.  La vinificaci\u00f3n comienza con una maceraci\u00f3n en fr\u00edo de 12 horas, seguida por una fermentaci\u00f3n tradicional que permite extraer color y aroma de forma controlada. El prensado es suave, cuidando la expresi\u00f3n natural de la fruta y evitando durezas. El resultado es un tinto joven, vibrante y expresivo, con un estilo accesible y elegante.  Forma parte de la l\u00ednea Don Pr\u00f3spero, homenaje a Don Pr\u00f3spero Pizzorno, inmigrante piamont\u00e9s que fund\u00f3 la bodega en 1910. Su legado vive hoy a trav\u00e9s de la cuarta generaci\u00f3n de la familia, que contin\u00faa apostando por la calidad, la innovaci\u00f3n y el respeto por la tierra.\" \/>\n<meta property=\"og:url\" content=\"https:\/\/pizzornowines.com\/pt\/produto\/don-prospero-tannat-malbec\/\" \/>\n<meta property=\"og:site_name\" content=\"Pizzorno Family Estates\" \/>\n<meta property=\"article:publisher\" content=\"https:\/\/www.facebook.com\/pizzorno.family.estates\" \/>\n<meta property=\"article:modified_time\" content=\"2025-05-18T16:12:36+00:00\" \/>\n<meta property=\"og:image\" content=\"https:\/\/pizzornowines.com\/wp-content\/uploads\/2025\/02\/Don-Prospero-Tannat-Malbec.jpg\" \/>\n\t<meta property=\"og:image:width\" content=\"210\" \/>\n\t<meta property=\"og:image:height\" content=\"780\" \/>\n\t<meta property=\"og:image:type\" content=\"image\/jpeg\" \/>\n<meta name=\"twitter:card\" content=\"summary_large_image\" \/>\n<meta name=\"twitter:label1\" content=\"Est. tempo de leitura\" \/>\n\t<meta name=\"twitter:data1\" content=\"1 minuto\" \/>\n<script type=\"application\/ld+json\" class=\"yoast-schema-graph\">{\"@context\":\"https:\\\/\\\/schema.org\",\"@graph\":[{\"@type\":\"WebPage\",\"@id\":\"https:\\\/\\\/pizzornowines.com\\\/product\\\/don-prospero-tannat-malbec\\\/\",\"url\":\"https:\\\/\\\/pizzornowines.com\\\/product\\\/don-prospero-tannat-malbec\\\/\",\"name\":\"Don Pr\u00f3spero Tannat Malbec - Pizzorno Family Estates\",\"isPartOf\":{\"@id\":\"https:\\\/\\\/pizzornowines.com\\\/#website\"},\"primaryImageOfPage\":{\"@id\":\"https:\\\/\\\/pizzornowines.com\\\/product\\\/don-prospero-tannat-malbec\\\/#primaryimage\"},\"image\":{\"@id\":\"https:\\\/\\\/pizzornowines.com\\\/product\\\/don-prospero-tannat-malbec\\\/#primaryimage\"},\"thumbnailUrl\":\"https:\\\/\\\/pizzornowines.com\\\/wp-content\\\/uploads\\\/2025\\\/02\\\/Don-Prospero-Tannat-Malbec.jpg\",\"datePublished\":\"2023-02-07T13:59:41+00:00\",\"dateModified\":\"2025-05-18T16:12:36+00:00\",\"breadcrumb\":{\"@id\":\"https:\\\/\\\/pizzornowines.com\\\/product\\\/don-prospero-tannat-malbec\\\/#breadcrumb\"},\"inLanguage\":\"pt-BR\",\"potentialAction\":[{\"@type\":\"ReadAction\",\"target\":[\"https:\\\/\\\/pizzornowines.com\\\/product\\\/don-prospero-tannat-malbec\\\/\"]}]},{\"@type\":\"ImageObject\",\"inLanguage\":\"pt-BR\",\"@id\":\"https:\\\/\\\/pizzornowines.com\\\/product\\\/don-prospero-tannat-malbec\\\/#primaryimage\",\"url\":\"https:\\\/\\\/pizzornowines.com\\\/wp-content\\\/uploads\\\/2025\\\/02\\\/Don-Prospero-Tannat-Malbec.jpg\",\"contentUrl\":\"https:\\\/\\\/pizzornowines.com\\\/wp-content\\\/uploads\\\/2025\\\/02\\\/Don-Prospero-Tannat-Malbec.jpg\",\"width\":210,\"height\":780},{\"@type\":\"BreadcrumbList\",\"@id\":\"https:\\\/\\\/pizzornowines.com\\\/product\\\/don-prospero-tannat-malbec\\\/#breadcrumb\",\"itemListElement\":[{\"@type\":\"ListItem\",\"position\":1,\"name\":\"Home\",\"item\":\"https:\\\/\\\/pizzornowines.com\\\/\"},{\"@type\":\"ListItem\",\"position\":2,\"name\":\"Shop\",\"item\":\"https:\\\/\\\/pizzornowines.com\\\/?page_id=96\"},{\"@type\":\"ListItem\",\"position\":3,\"name\":\"Don Pr\u00f3spero Tannat Malbec\"}]},{\"@type\":\"WebSite\",\"@id\":\"https:\\\/\\\/pizzornowines.com\\\/#website\",\"url\":\"https:\\\/\\\/pizzornowines.com\\\/\",\"name\":\"Pizzorno Family Estates\",\"description\":\"Pasi\u00f3n por la tierra y el vino\",\"publisher\":{\"@id\":\"https:\\\/\\\/pizzornowines.com\\\/#organization\"},\"potentialAction\":[{\"@type\":\"SearchAction\",\"target\":{\"@type\":\"EntryPoint\",\"urlTemplate\":\"https:\\\/\\\/pizzornowines.com\\\/?s={search_term_string}\"},\"query-input\":{\"@type\":\"PropertyValueSpecification\",\"valueRequired\":true,\"valueName\":\"search_term_string\"}}],\"inLanguage\":\"pt-BR\"},{\"@type\":\"Organization\",\"@id\":\"https:\\\/\\\/pizzornowines.com\\\/#organization\",\"name\":\"Pizzorno Family Estates\",\"url\":\"https:\\\/\\\/pizzornowines.com\\\/\",\"logo\":{\"@type\":\"ImageObject\",\"inLanguage\":\"pt-BR\",\"@id\":\"https:\\\/\\\/pizzornowines.com\\\/#\\\/schema\\\/logo\\\/image\\\/\",\"url\":\"https:\\\/\\\/pizzornowines.com\\\/wp-content\\\/uploads\\\/Pizzorno-Family-Estate-logo.svg\",\"contentUrl\":\"https:\\\/\\\/pizzornowines.com\\\/wp-content\\\/uploads\\\/Pizzorno-Family-Estate-logo.svg\",\"width\":422,\"height\":283,\"caption\":\"Pizzorno Family Estates\"},\"image\":{\"@id\":\"https:\\\/\\\/pizzornowines.com\\\/#\\\/schema\\\/logo\\\/image\\\/\"},\"sameAs\":[\"https:\\\/\\\/www.facebook.com\\\/pizzorno.family.estates\"]}]}<\/script>\n<!-- \/ Yoast SEO plugin. -->","yoast_head_json":{"title":"Don Pr\u00f3spero Tannat Malbec - Pizzorno Family Estates","robots":{"index":"noindex","follow":"follow","max-snippet":"max-snippet:-1","max-image-preview":"max-image-preview:large","max-video-preview":"max-video-preview:-1"},"og_locale":"pt_BR","og_type":"article","og_title":"Don Pr\u00f3spero Tannat Malbec - Pizzorno Family Estates","og_description":"Este corte de Tannat y Malbec combina lo mejor de dos cepas nobles: la estructura y fuerza del Tannat con la suavidad y expresi\u00f3n frutal del Malbec. En Bodega Pizzorno, elaboramos cada variedad por separado, respetando el punto \u00f3ptimo de madurez enol\u00f3gica de cada una.  La vinificaci\u00f3n comienza con una maceraci\u00f3n en fr\u00edo de 12 horas, seguida por una fermentaci\u00f3n tradicional que permite extraer color y aroma de forma controlada. El prensado es suave, cuidando la expresi\u00f3n natural de la fruta y evitando durezas. El resultado es un tinto joven, vibrante y expresivo, con un estilo accesible y elegante.  Forma parte de la l\u00ednea Don Pr\u00f3spero, homenaje a Don Pr\u00f3spero Pizzorno, inmigrante piamont\u00e9s que fund\u00f3 la bodega en 1910. Su legado vive hoy a trav\u00e9s de la cuarta generaci\u00f3n de la familia, que contin\u00faa apostando por la calidad, la innovaci\u00f3n y el respeto por la tierra.","og_url":"https:\/\/pizzornowines.com\/pt\/produto\/don-prospero-tannat-malbec\/","og_site_name":"Pizzorno Family Estates","article_publisher":"https:\/\/www.facebook.com\/pizzorno.family.estates","article_modified_time":"2025-05-18T16:12:36+00:00","og_image":[{"width":210,"height":780,"url":"https:\/\/pizzornowines.com\/wp-content\/uploads\/2025\/02\/Don-Prospero-Tannat-Malbec.jpg","type":"image\/jpeg"}],"twitter_card":"summary_large_image","twitter_misc":{"Est. tempo de leitura":"1 minuto"},"schema":{"@context":"https:\/\/schema.org","@graph":[{"@type":"WebPage","@id":"https:\/\/pizzornowines.com\/product\/don-prospero-tannat-malbec\/","url":"https:\/\/pizzornowines.com\/product\/don-prospero-tannat-malbec\/","name":"Don Pr\u00f3spero Tannat Malbec - Pizzorno Family Estates","isPartOf":{"@id":"https:\/\/pizzornowines.com\/#website"},"primaryImageOfPage":{"@id":"https:\/\/pizzornowines.com\/product\/don-prospero-tannat-malbec\/#primaryimage"},"image":{"@id":"https:\/\/pizzornowines.com\/product\/don-prospero-tannat-malbec\/#primaryimage"},"thumbnailUrl":"https:\/\/pizzornowines.com\/wp-content\/uploads\/2025\/02\/Don-Prospero-Tannat-Malbec.jpg","datePublished":"2023-02-07T13:59:41+00:00","dateModified":"2025-05-18T16:12:36+00:00","breadcrumb":{"@id":"https:\/\/pizzornowines.com\/product\/don-prospero-tannat-malbec\/#breadcrumb"},"inLanguage":"pt-BR","potentialAction":[{"@type":"ReadAction","target":["https:\/\/pizzornowines.com\/product\/don-prospero-tannat-malbec\/"]}]},{"@type":"ImageObject","inLanguage":"pt-BR","@id":"https:\/\/pizzornowines.com\/product\/don-prospero-tannat-malbec\/#primaryimage","url":"https:\/\/pizzornowines.com\/wp-content\/uploads\/2025\/02\/Don-Prospero-Tannat-Malbec.jpg","contentUrl":"https:\/\/pizzornowines.com\/wp-content\/uploads\/2025\/02\/Don-Prospero-Tannat-Malbec.jpg","width":210,"height":780},{"@type":"BreadcrumbList","@id":"https:\/\/pizzornowines.com\/product\/don-prospero-tannat-malbec\/#breadcrumb","itemListElement":[{"@type":"ListItem","position":1,"name":"Home","item":"https:\/\/pizzornowines.com\/"},{"@type":"ListItem","position":2,"name":"Shop","item":"https:\/\/pizzornowines.com\/?page_id=96"},{"@type":"ListItem","position":3,"name":"Don Pr\u00f3spero Tannat Malbec"}]},{"@type":"WebSite","@id":"https:\/\/pizzornowines.com\/#website","url":"https:\/\/pizzornowines.com\/","name":"Pizzorno Family Estates","description":"Pasi\u00f3n por la tierra y el vino","publisher":{"@id":"https:\/\/pizzornowines.com\/#organization"},"potentialAction":[{"@type":"SearchAction","target":{"@type":"EntryPoint","urlTemplate":"https:\/\/pizzornowines.com\/?s={search_term_string}"},"query-input":{"@type":"PropertyValueSpecification","valueRequired":true,"valueName":"search_term_string"}}],"inLanguage":"pt-BR"},{"@type":"Organization","@id":"https:\/\/pizzornowines.com\/#organization","name":"Pizzorno Family Estates","url":"https:\/\/pizzornowines.com\/","logo":{"@type":"ImageObject","inLanguage":"pt-BR","@id":"https:\/\/pizzornowines.com\/#\/schema\/logo\/image\/","url":"https:\/\/pizzornowines.com\/wp-content\/uploads\/Pizzorno-Family-Estate-logo.svg","contentUrl":"https:\/\/pizzornowines.com\/wp-content\/uploads\/Pizzorno-Family-Estate-logo.svg","width":422,"height":283,"caption":"Pizzorno Family Estates"},"image":{"@id":"https:\/\/pizzornowines.com\/#\/schema\/logo\/image\/"},"sameAs":["https:\/\/www.facebook.com\/pizzorno.family.estates"]}]}},"_links":{"self":[{"href":"https:\/\/pizzornowines.com\/pt\/wp-json\/wp\/v2\/product\/313","targetHints":{"allow":["GET"]}}],"collection":[{"href":"https:\/\/pizzornowines.com\/pt\/wp-json\/wp\/v2\/product"}],"about":[{"href":"https:\/\/pizzornowines.com\/pt\/wp-json\/wp\/v2\/types\/product"}],"replies":[{"embeddable":true,"href":"https:\/\/pizzornowines.com\/pt\/wp-json\/wp\/v2\/comments?post=313"}],"version-history":[{"count":2,"href":"https:\/\/pizzornowines.com\/pt\/wp-json\/wp\/v2\/product\/313\/revisions"}],"predecessor-version":[{"id":2140,"href":"https:\/\/pizzornowines.com\/pt\/wp-json\/wp\/v2\/product\/313\/revisions\/2140"}],"wp:featuredmedia":[{"embeddable":true,"href":"https:\/\/pizzornowines.com\/pt\/wp-json\/wp\/v2\/media\/314"}],"wp:attachment":[{"href":"https:\/\/pizzornowines.com\/pt\/wp-json\/wp\/v2\/media?parent=313"}],"wp:term":[{"taxonomy":"tipo-visita","embeddable":true,"href":"https:\/\/pizzornowines.com\/pt\/wp-json\/wp\/v2\/tipo-visita?post=313"},{"taxonomy":"product_brand","embeddable":true,"href":"https:\/\/pizzornowines.com\/pt\/wp-json\/wp\/v2\/product_brand?post=313"},{"taxonomy":"product_cat","embeddable":true,"href":"https:\/\/pizzornowines.com\/pt\/wp-json\/wp\/v2\/product_cat?post=313"},{"taxonomy":"product_tag","embeddable":true,"href":"https:\/\/pizzornowines.com\/pt\/wp-json\/wp\/v2\/product_tag?post=313"}],"curies":[{"name":"wp","href":"https:\/\/api.w.org\/{rel}","templated":true}]}}