{"id":301,"date":"2023-02-07T12:19:08","date_gmt":"2023-02-07T15:19:08","guid":{"rendered":"https:\/\/pizzorno.r1group.com.ar\/producto\/vueltalmundo-tannat-2018\/"},"modified":"2023-02-07T12:19:08","modified_gmt":"2023-02-07T15:19:08","slug":"vueltalmundo-tannat-2018","status":"publish","type":"product","link":"https:\/\/pizzornowines.com\/pt\/produto\/vueltalmundo-tannat-2018\/","title":{"rendered":"Vueltalmundo Tannat"},"content":{"rendered":"<p>\u201cDos Fincas \u2013 Dos Generaciones\u201d VueltAlmundo es un proyecto llevado a cabo por dos generaciones a cargo de la bodega. Juntos procuran expresar en una botella de vino lo que viven como familia de vitivin\u00edcolas donde la tradici\u00f3n y experiencia de la tercera generaci\u00f3n se combinan con la energ\u00eda, sue\u00f1os y ambiciones de los mas j\u00f3venes de la familia. Los vinos justamente surgen de la combinaci\u00f3n de uvas de los vi\u00f1edos mas antiguos, cultivados en torno a la bodega, y los m\u00e1s nuevos ubicados sobre una colina a 2 km de los anteriores.<\/p>","protected":false},"excerpt":{"rendered":"<p>\u201cDos Fincas \u2013 Dos Generaciones\u201d VueltAlmundo es un proyecto llevado a cabo por dos generaciones a cargo de la bodega. Juntos procuran expresar en una botella de vino lo que viven como familia de vitivin\u00edcolas donde la tradici\u00f3n y experiencia de la tercera generaci\u00f3n se combinan con la energ\u00eda, sue\u00f1os y ambiciones de los mas j\u00f3venes de la familia. Los vinos justamente surgen de la combinaci\u00f3n de uvas de los vi\u00f1edos mas antiguos, cultivados en torno a la bodega, y los m\u00e1s nuevos ubicados sobre una colina a 2 km de los anteriores.<\/p>","protected":false},"featured_media":302,"comment_status":"closed","ping_status":"closed","template":"","meta":{"_acf_changed":false,"_joinchat":[]},"tipo-visita":[],"product_brand":[],"product_cat":[32],"product_tag":[],"class_list":{"0":"post-301","1":"product","2":"type-product","3":"status-publish","4":"has-post-thumbnail","6":"product_cat-vueltalmundo","8":"first","9":"instock","10":"shipping-taxable","11":"product-type-simple"},"exclude_global_add_ons":[],"addons":[],"acf":[],"yoast_head":"<!-- This site is optimized with the Yoast SEO plugin v27.4 - https:\/\/yoast.com\/product\/yoast-seo-wordpress\/ -->\n<title>Vueltalmundo Tannat - Pizzorno Family Estates<\/title>\n<meta name=\"robots\" content=\"noindex, follow, max-snippet:-1, max-image-preview:large, max-video-preview:-1\" \/>\n<meta property=\"og:locale\" content=\"pt_BR\" \/>\n<meta property=\"og:type\" content=\"article\" \/>\n<meta property=\"og:title\" content=\"Vueltalmundo Tannat - Pizzorno Family Estates\" \/>\n<meta property=\"og:description\" content=\"\u201cDos Fincas \u2013 Dos Generaciones\u201d VueltAlmundo es un proyecto llevado a cabo por dos generaciones a cargo de la bodega. Juntos procuran expresar en una botella de vino lo que viven como familia de vitivin\u00edcolas donde la tradici\u00f3n y experiencia de la tercera generaci\u00f3n se combinan con la energ\u00eda, sue\u00f1os y ambiciones de los mas j\u00f3venes de la familia. Los vinos justamente surgen de la combinaci\u00f3n de uvas de los vi\u00f1edos mas antiguos, cultivados en torno a la bodega, y los m\u00e1s nuevos ubicados sobre una colina a 2 km de los anteriores.\" \/>\n<meta property=\"og:url\" content=\"https:\/\/pizzornowines.com\/pt\/produto\/vueltalmundo-tannat-2018\/\" \/>\n<meta property=\"og:site_name\" content=\"Pizzorno Family Estates\" \/>\n<meta property=\"article:publisher\" content=\"https:\/\/www.facebook.com\/pizzorno.family.estates\" \/>\n<meta property=\"og:image\" content=\"https:\/\/pizzornowines.com\/wp-content\/uploads\/2023\/04\/VueltAlmundo-Tannat.png\" \/>\n\t<meta property=\"og:image:width\" content=\"197\" \/>\n\t<meta property=\"og:image:height\" content=\"780\" \/>\n\t<meta property=\"og:image:type\" content=\"image\/png\" \/>\n<meta name=\"twitter:card\" content=\"summary_large_image\" \/>\n<meta name=\"twitter:label1\" content=\"Est. tempo de leitura\" \/>\n\t<meta name=\"twitter:data1\" content=\"1 minuto\" \/>\n<script type=\"application\/ld+json\" class=\"yoast-schema-graph\">{\"@context\":\"https:\\\/\\\/schema.org\",\"@graph\":[{\"@type\":\"WebPage\",\"@id\":\"https:\\\/\\\/pizzornowines.com\\\/product\\\/vueltalmundo-tannat-2018\\\/\",\"url\":\"https:\\\/\\\/pizzornowines.com\\\/product\\\/vueltalmundo-tannat-2018\\\/\",\"name\":\"Vueltalmundo Tannat - Pizzorno Family Estates\",\"isPartOf\":{\"@id\":\"https:\\\/\\\/pizzornowines.com\\\/#website\"},\"primaryImageOfPage\":{\"@id\":\"https:\\\/\\\/pizzornowines.com\\\/product\\\/vueltalmundo-tannat-2018\\\/#primaryimage\"},\"image\":{\"@id\":\"https:\\\/\\\/pizzornowines.com\\\/product\\\/vueltalmundo-tannat-2018\\\/#primaryimage\"},\"thumbnailUrl\":\"https:\\\/\\\/pizzornowines.com\\\/wp-content\\\/uploads\\\/2023\\\/04\\\/VueltAlmundo-Tannat.png\",\"datePublished\":\"2023-02-07T15:19:08+00:00\",\"breadcrumb\":{\"@id\":\"https:\\\/\\\/pizzornowines.com\\\/product\\\/vueltalmundo-tannat-2018\\\/#breadcrumb\"},\"inLanguage\":\"pt-BR\",\"potentialAction\":[{\"@type\":\"ReadAction\",\"target\":[\"https:\\\/\\\/pizzornowines.com\\\/product\\\/vueltalmundo-tannat-2018\\\/\"]}]},{\"@type\":\"ImageObject\",\"inLanguage\":\"pt-BR\",\"@id\":\"https:\\\/\\\/pizzornowines.com\\\/product\\\/vueltalmundo-tannat-2018\\\/#primaryimage\",\"url\":\"https:\\\/\\\/pizzornowines.com\\\/wp-content\\\/uploads\\\/2023\\\/04\\\/VueltAlmundo-Tannat.png\",\"contentUrl\":\"https:\\\/\\\/pizzornowines.com\\\/wp-content\\\/uploads\\\/2023\\\/04\\\/VueltAlmundo-Tannat.png\",\"width\":197,\"height\":780},{\"@type\":\"BreadcrumbList\",\"@id\":\"https:\\\/\\\/pizzornowines.com\\\/product\\\/vueltalmundo-tannat-2018\\\/#breadcrumb\",\"itemListElement\":[{\"@type\":\"ListItem\",\"position\":1,\"name\":\"Home\",\"item\":\"https:\\\/\\\/pizzornowines.com\\\/\"},{\"@type\":\"ListItem\",\"position\":2,\"name\":\"Shop\",\"item\":\"https:\\\/\\\/pizzornowines.com\\\/?page_id=96\"},{\"@type\":\"ListItem\",\"position\":3,\"name\":\"Vueltalmundo Tannat\"}]},{\"@type\":\"WebSite\",\"@id\":\"https:\\\/\\\/pizzornowines.com\\\/#website\",\"url\":\"https:\\\/\\\/pizzornowines.com\\\/\",\"name\":\"Pizzorno Family Estates\",\"description\":\"Pasi\u00f3n por la tierra y el vino\",\"publisher\":{\"@id\":\"https:\\\/\\\/pizzornowines.com\\\/#organization\"},\"potentialAction\":[{\"@type\":\"SearchAction\",\"target\":{\"@type\":\"EntryPoint\",\"urlTemplate\":\"https:\\\/\\\/pizzornowines.com\\\/?s={search_term_string}\"},\"query-input\":{\"@type\":\"PropertyValueSpecification\",\"valueRequired\":true,\"valueName\":\"search_term_string\"}}],\"inLanguage\":\"pt-BR\"},{\"@type\":\"Organization\",\"@id\":\"https:\\\/\\\/pizzornowines.com\\\/#organization\",\"name\":\"Pizzorno Family Estates\",\"url\":\"https:\\\/\\\/pizzornowines.com\\\/\",\"logo\":{\"@type\":\"ImageObject\",\"inLanguage\":\"pt-BR\",\"@id\":\"https:\\\/\\\/pizzornowines.com\\\/#\\\/schema\\\/logo\\\/image\\\/\",\"url\":\"https:\\\/\\\/pizzornowines.com\\\/wp-content\\\/uploads\\\/Pizzorno-Family-Estate-logo.svg\",\"contentUrl\":\"https:\\\/\\\/pizzornowines.com\\\/wp-content\\\/uploads\\\/Pizzorno-Family-Estate-logo.svg\",\"width\":422,\"height\":283,\"caption\":\"Pizzorno Family Estates\"},\"image\":{\"@id\":\"https:\\\/\\\/pizzornowines.com\\\/#\\\/schema\\\/logo\\\/image\\\/\"},\"sameAs\":[\"https:\\\/\\\/www.facebook.com\\\/pizzorno.family.estates\"]}]}<\/script>\n<!-- \/ Yoast SEO plugin. -->","yoast_head_json":{"title":"Vueltalmundo Tannat - Pizzorno Family Estates","robots":{"index":"noindex","follow":"follow","max-snippet":"max-snippet:-1","max-image-preview":"max-image-preview:large","max-video-preview":"max-video-preview:-1"},"og_locale":"pt_BR","og_type":"article","og_title":"Vueltalmundo Tannat - Pizzorno Family Estates","og_description":"\u201cDos Fincas \u2013 Dos Generaciones\u201d VueltAlmundo es un proyecto llevado a cabo por dos generaciones a cargo de la bodega. Juntos procuran expresar en una botella de vino lo que viven como familia de vitivin\u00edcolas donde la tradici\u00f3n y experiencia de la tercera generaci\u00f3n se combinan con la energ\u00eda, sue\u00f1os y ambiciones de los mas j\u00f3venes de la familia. Los vinos justamente surgen de la combinaci\u00f3n de uvas de los vi\u00f1edos mas antiguos, cultivados en torno a la bodega, y los m\u00e1s nuevos ubicados sobre una colina a 2 km de los anteriores.","og_url":"https:\/\/pizzornowines.com\/pt\/produto\/vueltalmundo-tannat-2018\/","og_site_name":"Pizzorno Family Estates","article_publisher":"https:\/\/www.facebook.com\/pizzorno.family.estates","og_image":[{"width":197,"height":780,"url":"https:\/\/pizzornowines.com\/wp-content\/uploads\/2023\/04\/VueltAlmundo-Tannat.png","type":"image\/png"}],"twitter_card":"summary_large_image","twitter_misc":{"Est. tempo de leitura":"1 minuto"},"schema":{"@context":"https:\/\/schema.org","@graph":[{"@type":"WebPage","@id":"https:\/\/pizzornowines.com\/product\/vueltalmundo-tannat-2018\/","url":"https:\/\/pizzornowines.com\/product\/vueltalmundo-tannat-2018\/","name":"Vueltalmundo Tannat - Pizzorno Family Estates","isPartOf":{"@id":"https:\/\/pizzornowines.com\/#website"},"primaryImageOfPage":{"@id":"https:\/\/pizzornowines.com\/product\/vueltalmundo-tannat-2018\/#primaryimage"},"image":{"@id":"https:\/\/pizzornowines.com\/product\/vueltalmundo-tannat-2018\/#primaryimage"},"thumbnailUrl":"https:\/\/pizzornowines.com\/wp-content\/uploads\/2023\/04\/VueltAlmundo-Tannat.png","datePublished":"2023-02-07T15:19:08+00:00","breadcrumb":{"@id":"https:\/\/pizzornowines.com\/product\/vueltalmundo-tannat-2018\/#breadcrumb"},"inLanguage":"pt-BR","potentialAction":[{"@type":"ReadAction","target":["https:\/\/pizzornowines.com\/product\/vueltalmundo-tannat-2018\/"]}]},{"@type":"ImageObject","inLanguage":"pt-BR","@id":"https:\/\/pizzornowines.com\/product\/vueltalmundo-tannat-2018\/#primaryimage","url":"https:\/\/pizzornowines.com\/wp-content\/uploads\/2023\/04\/VueltAlmundo-Tannat.png","contentUrl":"https:\/\/pizzornowines.com\/wp-content\/uploads\/2023\/04\/VueltAlmundo-Tannat.png","width":197,"height":780},{"@type":"BreadcrumbList","@id":"https:\/\/pizzornowines.com\/product\/vueltalmundo-tannat-2018\/#breadcrumb","itemListElement":[{"@type":"ListItem","position":1,"name":"Home","item":"https:\/\/pizzornowines.com\/"},{"@type":"ListItem","position":2,"name":"Shop","item":"https:\/\/pizzornowines.com\/?page_id=96"},{"@type":"ListItem","position":3,"name":"Vueltalmundo Tannat"}]},{"@type":"WebSite","@id":"https:\/\/pizzornowines.com\/#website","url":"https:\/\/pizzornowines.com\/","name":"Pizzorno Family Estates","description":"Pasi\u00f3n por la tierra y el vino","publisher":{"@id":"https:\/\/pizzornowines.com\/#organization"},"potentialAction":[{"@type":"SearchAction","target":{"@type":"EntryPoint","urlTemplate":"https:\/\/pizzornowines.com\/?s={search_term_string}"},"query-input":{"@type":"PropertyValueSpecification","valueRequired":true,"valueName":"search_term_string"}}],"inLanguage":"pt-BR"},{"@type":"Organization","@id":"https:\/\/pizzornowines.com\/#organization","name":"Pizzorno Family Estates","url":"https:\/\/pizzornowines.com\/","logo":{"@type":"ImageObject","inLanguage":"pt-BR","@id":"https:\/\/pizzornowines.com\/#\/schema\/logo\/image\/","url":"https:\/\/pizzornowines.com\/wp-content\/uploads\/Pizzorno-Family-Estate-logo.svg","contentUrl":"https:\/\/pizzornowines.com\/wp-content\/uploads\/Pizzorno-Family-Estate-logo.svg","width":422,"height":283,"caption":"Pizzorno Family Estates"},"image":{"@id":"https:\/\/pizzornowines.com\/#\/schema\/logo\/image\/"},"sameAs":["https:\/\/www.facebook.com\/pizzorno.family.estates"]}]}},"_links":{"self":[{"href":"https:\/\/pizzornowines.com\/pt\/wp-json\/wp\/v2\/product\/301","targetHints":{"allow":["GET"]}}],"collection":[{"href":"https:\/\/pizzornowines.com\/pt\/wp-json\/wp\/v2\/product"}],"about":[{"href":"https:\/\/pizzornowines.com\/pt\/wp-json\/wp\/v2\/types\/product"}],"replies":[{"embeddable":true,"href":"https:\/\/pizzornowines.com\/pt\/wp-json\/wp\/v2\/comments?post=301"}],"version-history":[{"count":0,"href":"https:\/\/pizzornowines.com\/pt\/wp-json\/wp\/v2\/product\/301\/revisions"}],"wp:featuredmedia":[{"embeddable":true,"href":"https:\/\/pizzornowines.com\/pt\/wp-json\/wp\/v2\/media\/302"}],"wp:attachment":[{"href":"https:\/\/pizzornowines.com\/pt\/wp-json\/wp\/v2\/media?parent=301"}],"wp:term":[{"taxonomy":"tipo-visita","embeddable":true,"href":"https:\/\/pizzornowines.com\/pt\/wp-json\/wp\/v2\/tipo-visita?post=301"},{"taxonomy":"product_brand","embeddable":true,"href":"https:\/\/pizzornowines.com\/pt\/wp-json\/wp\/v2\/product_brand?post=301"},{"taxonomy":"product_cat","embeddable":true,"href":"https:\/\/pizzornowines.com\/pt\/wp-json\/wp\/v2\/product_cat?post=301"},{"taxonomy":"product_tag","embeddable":true,"href":"https:\/\/pizzornowines.com\/pt\/wp-json\/wp\/v2\/product_tag?post=301"}],"curies":[{"name":"wp","href":"https:\/\/api.w.org\/{rel}","templated":true}]}}