{"id":297,"date":"2023-02-07T12:35:01","date_gmt":"2023-02-07T15:35:01","guid":{"rendered":"https:\/\/pizzorno.r1group.com.ar\/producto\/mayusculas-marselan\/"},"modified":"2025-05-21T16:32:38","modified_gmt":"2025-05-21T19:32:38","slug":"mayusculas-marselan","status":"publish","type":"product","link":"https:\/\/pizzornowines.com\/pt\/produto\/mayusculas-marselan\/","title":{"rendered":"May\u00fasculas Marselan"},"content":{"rendered":"<p>&#x1f947; 91 pt TIM ATKIN<\/p>\n<p>Cepa de origen franc\u00e9s, tradicionalmente de la regi\u00f3n de Languedoc-Roussillon. Es un cruzamiento gen\u00e9tico entre Grenache y Cabernet Sauvignon. Introducida en nuestro pa\u00eds en la d\u00e9cada de los 90&#8242;. Comenz\u00e1ndose a producir recientemente en nuestra bodega y formando parte de nuestra l\u00ednea May\u00fasculas, l\u00ednea que re\u00fane un concepto de vinos frescos y frutales, adpt\u00e1ndose al paladar de nuevas generaciones que quieran dejarse conquistar por el mundo del vino.<\/p>","protected":false},"excerpt":{"rendered":"<p>May\u00fasculas Marselan representa la esencia de esta l\u00ednea: joven, fresca y con identidad propia. Esta variedad \u2014cruce entre Cabernet Sauvignon y Grenache\u2014 se adapta de forma excepcional al terroir del sur uruguayo, y en manos de la familia Pizzorno revela un perfil moderno, frutado y sorprendentemente amable.<\/p>\n<p>Con una est\u00e9tica minimalista y presentaci\u00f3n pr\u00e1ctica, este vino es perfecto para quienes buscan explorar nuevas cepas, disfrutar de un tinto f\u00e1cil de tomar pero con personalidad, y animarse a algo diferente sin complicaciones.<\/p>\n<p>May\u00fasculas Marselan no busca impresionar con fuerza, sino conquistar con frescura y elegancia cotidiana.<\/p>","protected":false},"featured_media":298,"comment_status":"closed","ping_status":"closed","template":"","meta":{"_acf_changed":false,"_joinchat":[]},"tipo-visita":[],"product_brand":[],"product_cat":[33],"product_tag":[],"class_list":{"0":"post-297","1":"product","2":"type-product","3":"status-publish","4":"has-post-thumbnail","6":"product_cat-mayusculas","8":"first","9":"instock","10":"shipping-taxable","11":"product-type-simple"},"exclude_global_add_ons":[],"addons":[],"acf":[],"yoast_head":"<!-- This site is optimized with the Yoast SEO plugin v27.4 - https:\/\/yoast.com\/product\/yoast-seo-wordpress\/ -->\n<title>May\u00fasculas Marselan - Pizzorno Family Estates<\/title>\n<meta name=\"robots\" content=\"noindex, follow, max-snippet:-1, max-image-preview:large, max-video-preview:-1\" \/>\n<meta property=\"og:locale\" content=\"pt_BR\" \/>\n<meta property=\"og:type\" content=\"article\" \/>\n<meta property=\"og:title\" content=\"May\u00fasculas Marselan - Pizzorno Family Estates\" \/>\n<meta property=\"og:description\" content=\"May\u00fasculas Marselan representa la esencia de esta l\u00ednea: joven, fresca y con identidad propia. Esta variedad \u2014cruce entre Cabernet Sauvignon y Grenache\u2014 se adapta de forma excepcional al terroir del sur uruguayo, y en manos de la familia Pizzorno revela un perfil moderno, frutado y sorprendentemente amable.  Con una est\u00e9tica minimalista y presentaci\u00f3n pr\u00e1ctica, este vino es perfecto para quienes buscan explorar nuevas cepas, disfrutar de un tinto f\u00e1cil de tomar pero con personalidad, y animarse a algo diferente sin complicaciones.  May\u00fasculas Marselan no busca impresionar con fuerza, sino conquistar con frescura y elegancia cotidiana.\" \/>\n<meta property=\"og:url\" content=\"https:\/\/pizzornowines.com\/pt\/produto\/mayusculas-marselan\/\" \/>\n<meta property=\"og:site_name\" content=\"Pizzorno Family Estates\" \/>\n<meta property=\"article:publisher\" content=\"https:\/\/www.facebook.com\/pizzorno.family.estates\" \/>\n<meta property=\"article:modified_time\" content=\"2025-05-21T19:32:38+00:00\" \/>\n<meta property=\"og:image\" content=\"https:\/\/pizzornowines.com\/wp-content\/uploads\/2023\/04\/Mayusculas-Marselan.jpg\" \/>\n\t<meta property=\"og:image:width\" content=\"230\" \/>\n\t<meta property=\"og:image:height\" content=\"780\" \/>\n\t<meta property=\"og:image:type\" content=\"image\/jpeg\" \/>\n<meta name=\"twitter:card\" content=\"summary_large_image\" \/>\n<script type=\"application\/ld+json\" class=\"yoast-schema-graph\">{\"@context\":\"https:\\\/\\\/schema.org\",\"@graph\":[{\"@type\":\"WebPage\",\"@id\":\"https:\\\/\\\/pizzornowines.com\\\/product\\\/mayusculas-marselan\\\/\",\"url\":\"https:\\\/\\\/pizzornowines.com\\\/product\\\/mayusculas-marselan\\\/\",\"name\":\"May\u00fasculas Marselan - Pizzorno Family Estates\",\"isPartOf\":{\"@id\":\"https:\\\/\\\/pizzornowines.com\\\/#website\"},\"primaryImageOfPage\":{\"@id\":\"https:\\\/\\\/pizzornowines.com\\\/product\\\/mayusculas-marselan\\\/#primaryimage\"},\"image\":{\"@id\":\"https:\\\/\\\/pizzornowines.com\\\/product\\\/mayusculas-marselan\\\/#primaryimage\"},\"thumbnailUrl\":\"https:\\\/\\\/pizzornowines.com\\\/wp-content\\\/uploads\\\/2023\\\/04\\\/Mayusculas-Marselan.jpg\",\"datePublished\":\"2023-02-07T15:35:01+00:00\",\"dateModified\":\"2025-05-21T19:32:38+00:00\",\"breadcrumb\":{\"@id\":\"https:\\\/\\\/pizzornowines.com\\\/product\\\/mayusculas-marselan\\\/#breadcrumb\"},\"inLanguage\":\"pt-BR\",\"potentialAction\":[{\"@type\":\"ReadAction\",\"target\":[\"https:\\\/\\\/pizzornowines.com\\\/product\\\/mayusculas-marselan\\\/\"]}]},{\"@type\":\"ImageObject\",\"inLanguage\":\"pt-BR\",\"@id\":\"https:\\\/\\\/pizzornowines.com\\\/product\\\/mayusculas-marselan\\\/#primaryimage\",\"url\":\"https:\\\/\\\/pizzornowines.com\\\/wp-content\\\/uploads\\\/2023\\\/04\\\/Mayusculas-Marselan.jpg\",\"contentUrl\":\"https:\\\/\\\/pizzornowines.com\\\/wp-content\\\/uploads\\\/2023\\\/04\\\/Mayusculas-Marselan.jpg\",\"width\":230,\"height\":780},{\"@type\":\"BreadcrumbList\",\"@id\":\"https:\\\/\\\/pizzornowines.com\\\/product\\\/mayusculas-marselan\\\/#breadcrumb\",\"itemListElement\":[{\"@type\":\"ListItem\",\"position\":1,\"name\":\"Home\",\"item\":\"https:\\\/\\\/pizzornowines.com\\\/\"},{\"@type\":\"ListItem\",\"position\":2,\"name\":\"Shop\",\"item\":\"https:\\\/\\\/pizzornowines.com\\\/?page_id=96\"},{\"@type\":\"ListItem\",\"position\":3,\"name\":\"May\u00fasculas Marselan\"}]},{\"@type\":\"WebSite\",\"@id\":\"https:\\\/\\\/pizzornowines.com\\\/#website\",\"url\":\"https:\\\/\\\/pizzornowines.com\\\/\",\"name\":\"Pizzorno Family Estates\",\"description\":\"Pasi\u00f3n por la tierra y el vino\",\"publisher\":{\"@id\":\"https:\\\/\\\/pizzornowines.com\\\/#organization\"},\"potentialAction\":[{\"@type\":\"SearchAction\",\"target\":{\"@type\":\"EntryPoint\",\"urlTemplate\":\"https:\\\/\\\/pizzornowines.com\\\/?s={search_term_string}\"},\"query-input\":{\"@type\":\"PropertyValueSpecification\",\"valueRequired\":true,\"valueName\":\"search_term_string\"}}],\"inLanguage\":\"pt-BR\"},{\"@type\":\"Organization\",\"@id\":\"https:\\\/\\\/pizzornowines.com\\\/#organization\",\"name\":\"Pizzorno Family Estates\",\"url\":\"https:\\\/\\\/pizzornowines.com\\\/\",\"logo\":{\"@type\":\"ImageObject\",\"inLanguage\":\"pt-BR\",\"@id\":\"https:\\\/\\\/pizzornowines.com\\\/#\\\/schema\\\/logo\\\/image\\\/\",\"url\":\"https:\\\/\\\/pizzornowines.com\\\/wp-content\\\/uploads\\\/Pizzorno-Family-Estate-logo.svg\",\"contentUrl\":\"https:\\\/\\\/pizzornowines.com\\\/wp-content\\\/uploads\\\/Pizzorno-Family-Estate-logo.svg\",\"width\":422,\"height\":283,\"caption\":\"Pizzorno Family Estates\"},\"image\":{\"@id\":\"https:\\\/\\\/pizzornowines.com\\\/#\\\/schema\\\/logo\\\/image\\\/\"},\"sameAs\":[\"https:\\\/\\\/www.facebook.com\\\/pizzorno.family.estates\"]}]}<\/script>\n<!-- \/ Yoast SEO plugin. -->","yoast_head_json":{"title":"May\u00fasculas Marselan - Pizzorno Family Estates","robots":{"index":"noindex","follow":"follow","max-snippet":"max-snippet:-1","max-image-preview":"max-image-preview:large","max-video-preview":"max-video-preview:-1"},"og_locale":"pt_BR","og_type":"article","og_title":"May\u00fasculas Marselan - Pizzorno Family Estates","og_description":"May\u00fasculas Marselan representa la esencia de esta l\u00ednea: joven, fresca y con identidad propia. Esta variedad \u2014cruce entre Cabernet Sauvignon y Grenache\u2014 se adapta de forma excepcional al terroir del sur uruguayo, y en manos de la familia Pizzorno revela un perfil moderno, frutado y sorprendentemente amable.  Con una est\u00e9tica minimalista y presentaci\u00f3n pr\u00e1ctica, este vino es perfecto para quienes buscan explorar nuevas cepas, disfrutar de un tinto f\u00e1cil de tomar pero con personalidad, y animarse a algo diferente sin complicaciones.  May\u00fasculas Marselan no busca impresionar con fuerza, sino conquistar con frescura y elegancia cotidiana.","og_url":"https:\/\/pizzornowines.com\/pt\/produto\/mayusculas-marselan\/","og_site_name":"Pizzorno Family Estates","article_publisher":"https:\/\/www.facebook.com\/pizzorno.family.estates","article_modified_time":"2025-05-21T19:32:38+00:00","og_image":[{"width":230,"height":780,"url":"https:\/\/pizzornowines.com\/wp-content\/uploads\/2023\/04\/Mayusculas-Marselan.jpg","type":"image\/jpeg"}],"twitter_card":"summary_large_image","schema":{"@context":"https:\/\/schema.org","@graph":[{"@type":"WebPage","@id":"https:\/\/pizzornowines.com\/product\/mayusculas-marselan\/","url":"https:\/\/pizzornowines.com\/product\/mayusculas-marselan\/","name":"May\u00fasculas Marselan - Pizzorno Family Estates","isPartOf":{"@id":"https:\/\/pizzornowines.com\/#website"},"primaryImageOfPage":{"@id":"https:\/\/pizzornowines.com\/product\/mayusculas-marselan\/#primaryimage"},"image":{"@id":"https:\/\/pizzornowines.com\/product\/mayusculas-marselan\/#primaryimage"},"thumbnailUrl":"https:\/\/pizzornowines.com\/wp-content\/uploads\/2023\/04\/Mayusculas-Marselan.jpg","datePublished":"2023-02-07T15:35:01+00:00","dateModified":"2025-05-21T19:32:38+00:00","breadcrumb":{"@id":"https:\/\/pizzornowines.com\/product\/mayusculas-marselan\/#breadcrumb"},"inLanguage":"pt-BR","potentialAction":[{"@type":"ReadAction","target":["https:\/\/pizzornowines.com\/product\/mayusculas-marselan\/"]}]},{"@type":"ImageObject","inLanguage":"pt-BR","@id":"https:\/\/pizzornowines.com\/product\/mayusculas-marselan\/#primaryimage","url":"https:\/\/pizzornowines.com\/wp-content\/uploads\/2023\/04\/Mayusculas-Marselan.jpg","contentUrl":"https:\/\/pizzornowines.com\/wp-content\/uploads\/2023\/04\/Mayusculas-Marselan.jpg","width":230,"height":780},{"@type":"BreadcrumbList","@id":"https:\/\/pizzornowines.com\/product\/mayusculas-marselan\/#breadcrumb","itemListElement":[{"@type":"ListItem","position":1,"name":"Home","item":"https:\/\/pizzornowines.com\/"},{"@type":"ListItem","position":2,"name":"Shop","item":"https:\/\/pizzornowines.com\/?page_id=96"},{"@type":"ListItem","position":3,"name":"May\u00fasculas Marselan"}]},{"@type":"WebSite","@id":"https:\/\/pizzornowines.com\/#website","url":"https:\/\/pizzornowines.com\/","name":"Pizzorno Family Estates","description":"Pasi\u00f3n por la tierra y el vino","publisher":{"@id":"https:\/\/pizzornowines.com\/#organization"},"potentialAction":[{"@type":"SearchAction","target":{"@type":"EntryPoint","urlTemplate":"https:\/\/pizzornowines.com\/?s={search_term_string}"},"query-input":{"@type":"PropertyValueSpecification","valueRequired":true,"valueName":"search_term_string"}}],"inLanguage":"pt-BR"},{"@type":"Organization","@id":"https:\/\/pizzornowines.com\/#organization","name":"Pizzorno Family Estates","url":"https:\/\/pizzornowines.com\/","logo":{"@type":"ImageObject","inLanguage":"pt-BR","@id":"https:\/\/pizzornowines.com\/#\/schema\/logo\/image\/","url":"https:\/\/pizzornowines.com\/wp-content\/uploads\/Pizzorno-Family-Estate-logo.svg","contentUrl":"https:\/\/pizzornowines.com\/wp-content\/uploads\/Pizzorno-Family-Estate-logo.svg","width":422,"height":283,"caption":"Pizzorno Family Estates"},"image":{"@id":"https:\/\/pizzornowines.com\/#\/schema\/logo\/image\/"},"sameAs":["https:\/\/www.facebook.com\/pizzorno.family.estates"]}]}},"_links":{"self":[{"href":"https:\/\/pizzornowines.com\/pt\/wp-json\/wp\/v2\/product\/297","targetHints":{"allow":["GET"]}}],"collection":[{"href":"https:\/\/pizzornowines.com\/pt\/wp-json\/wp\/v2\/product"}],"about":[{"href":"https:\/\/pizzornowines.com\/pt\/wp-json\/wp\/v2\/types\/product"}],"replies":[{"embeddable":true,"href":"https:\/\/pizzornowines.com\/pt\/wp-json\/wp\/v2\/comments?post=297"}],"version-history":[{"count":2,"href":"https:\/\/pizzornowines.com\/pt\/wp-json\/wp\/v2\/product\/297\/revisions"}],"predecessor-version":[{"id":2189,"href":"https:\/\/pizzornowines.com\/pt\/wp-json\/wp\/v2\/product\/297\/revisions\/2189"}],"wp:featuredmedia":[{"embeddable":true,"href":"https:\/\/pizzornowines.com\/pt\/wp-json\/wp\/v2\/media\/298"}],"wp:attachment":[{"href":"https:\/\/pizzornowines.com\/pt\/wp-json\/wp\/v2\/media?parent=297"}],"wp:term":[{"taxonomy":"tipo-visita","embeddable":true,"href":"https:\/\/pizzornowines.com\/pt\/wp-json\/wp\/v2\/tipo-visita?post=297"},{"taxonomy":"product_brand","embeddable":true,"href":"https:\/\/pizzornowines.com\/pt\/wp-json\/wp\/v2\/product_brand?post=297"},{"taxonomy":"product_cat","embeddable":true,"href":"https:\/\/pizzornowines.com\/pt\/wp-json\/wp\/v2\/product_cat?post=297"},{"taxonomy":"product_tag","embeddable":true,"href":"https:\/\/pizzornowines.com\/pt\/wp-json\/wp\/v2\/product_tag?post=297"}],"curies":[{"name":"wp","href":"https:\/\/api.w.org\/{rel}","templated":true}]}}