{"id":2944,"date":"2025-07-24T16:29:25","date_gmt":"2025-07-24T19:29:25","guid":{"rendered":"https:\/\/pizzornowines.com\/product\/10-000-m-cabernet-sauvignon-evino\/"},"modified":"2025-07-24T17:29:08","modified_gmt":"2025-07-24T20:29:08","slug":"10-000-m-cabernet-sauvignon-evino","status":"publish","type":"product","link":"https:\/\/pizzornowines.com\/pt\/produto\/10-000-m-cabernet-sauvignon-evino\/","title":{"rendered":"10.000 M Cabernet Sauvignon (Evino)"},"content":{"rendered":"<p>10.000 Millas es una l\u00ednea que nace del viaje, del cruce de culturas y del coraz\u00f3n de una historia de inmigrantes. Son las millas que separan Italia de Uruguay, y Uruguay de Texas. Pero m\u00e1s all\u00e1 de la distancia, son las que unen or\u00edgenes, sue\u00f1os y ra\u00edces. Inspirada en Gianfranco Percovich, uruguayo radicado en Texas y creador de esta marca, 10.000 Millas es el puente entre su historia personal y el legado de la familia Pizzorno. Una invitaci\u00f3n a recorrer el camino de quienes dejaron su tierra para sembrar una nueva, llevando consigo tradici\u00f3n, esfuerzo y visi\u00f3n. Cada botella es una traves\u00eda embotellada, una celebraci\u00f3n del viaje y del encuentro entre mundos.<\/p>","protected":false},"excerpt":{"rendered":"<p>Despu\u00e9s de la Segunda Guerra Mundial, Don Pr\u00f3spero Jos\u00e9 Pizzorno lleg\u00f3 a Uruguay desde Italia con su familia y una gran pasi\u00f3n por la viticultura. En el peque\u00f1o pueblo de Canel\u00f3n Chico, comenz\u00f3 a plantar las primeras vides, dando inicio a una tradici\u00f3n familiar que ya lleva cuatro generaciones.\t\t\t<\/p>","protected":false},"featured_media":2965,"comment_status":"closed","ping_status":"closed","template":"","meta":{"_acf_changed":false,"_joinchat":[]},"tipo-visita":[],"product_brand":[],"product_cat":[26],"product_tag":[],"class_list":{"0":"post-2944","1":"product","2":"type-product","3":"status-publish","4":"has-post-thumbnail","6":"product_cat-especiales","8":"first","9":"instock","10":"shipping-taxable","11":"product-type-simple"},"exclude_global_add_ons":[],"addons":[],"acf":[],"yoast_head":"<!-- This site is optimized with the Yoast SEO plugin v27.4 - https:\/\/yoast.com\/product\/yoast-seo-wordpress\/ -->\n<title>10.000 M Cabernet Sauvignon (Evino) - Pizzorno Family Estates<\/title>\n<meta name=\"robots\" content=\"noindex, follow, max-snippet:-1, max-image-preview:large, max-video-preview:-1\" \/>\n<meta property=\"og:locale\" content=\"pt_BR\" \/>\n<meta property=\"og:type\" content=\"article\" \/>\n<meta property=\"og:title\" content=\"10.000 M Cabernet Sauvignon (Evino) - Pizzorno Family Estates\" \/>\n<meta property=\"og:description\" content=\"Despu\u00e9s de la Segunda Guerra Mundial, Don Pr\u00f3spero Jos\u00e9 Pizzorno lleg\u00f3 a Uruguay desde Italia con su familia y una gran pasi\u00f3n por la viticultura. En el peque\u00f1o pueblo de Canel\u00f3n Chico, comenz\u00f3 a plantar las primeras vides, dando inicio a una tradici\u00f3n familiar que ya lleva cuatro generaciones.\" \/>\n<meta property=\"og:url\" content=\"https:\/\/pizzornowines.com\/pt\/produto\/10-000-m-cabernet-sauvignon-evino\/\" \/>\n<meta property=\"og:site_name\" content=\"Pizzorno Family Estates\" \/>\n<meta property=\"article:publisher\" content=\"https:\/\/www.facebook.com\/pizzorno.family.estates\" \/>\n<meta property=\"article:modified_time\" content=\"2025-07-24T20:29:08+00:00\" \/>\n<meta property=\"og:image\" content=\"https:\/\/pizzornowines.com\/wp-content\/uploads\/Villa-Ranch-CF.jpg\" \/>\n\t<meta property=\"og:image:width\" content=\"476\" \/>\n\t<meta property=\"og:image:height\" content=\"1200\" \/>\n\t<meta property=\"og:image:type\" content=\"image\/jpeg\" \/>\n<meta name=\"twitter:card\" content=\"summary_large_image\" \/>\n<meta name=\"twitter:label1\" content=\"Est. tempo de leitura\" \/>\n\t<meta name=\"twitter:data1\" content=\"1 minuto\" \/>\n<script type=\"application\/ld+json\" class=\"yoast-schema-graph\">{\"@context\":\"https:\\\/\\\/schema.org\",\"@graph\":[{\"@type\":\"WebPage\",\"@id\":\"https:\\\/\\\/pizzornowines.com\\\/product\\\/10-000-m-cabernet-sauvignon-evino\\\/\",\"url\":\"https:\\\/\\\/pizzornowines.com\\\/product\\\/10-000-m-cabernet-sauvignon-evino\\\/\",\"name\":\"10.000 M Cabernet Sauvignon (Evino) - Pizzorno Family Estates\",\"isPartOf\":{\"@id\":\"https:\\\/\\\/pizzornowines.com\\\/#website\"},\"primaryImageOfPage\":{\"@id\":\"https:\\\/\\\/pizzornowines.com\\\/product\\\/10-000-m-cabernet-sauvignon-evino\\\/#primaryimage\"},\"image\":{\"@id\":\"https:\\\/\\\/pizzornowines.com\\\/product\\\/10-000-m-cabernet-sauvignon-evino\\\/#primaryimage\"},\"thumbnailUrl\":\"https:\\\/\\\/pizzornowines.com\\\/wp-content\\\/uploads\\\/Miles-Cabernet-Sauvignon-1.png\",\"datePublished\":\"2025-07-24T19:29:25+00:00\",\"dateModified\":\"2025-07-24T20:29:08+00:00\",\"breadcrumb\":{\"@id\":\"https:\\\/\\\/pizzornowines.com\\\/product\\\/10-000-m-cabernet-sauvignon-evino\\\/#breadcrumb\"},\"inLanguage\":\"pt-BR\",\"potentialAction\":[{\"@type\":\"ReadAction\",\"target\":[\"https:\\\/\\\/pizzornowines.com\\\/product\\\/10-000-m-cabernet-sauvignon-evino\\\/\"]}]},{\"@type\":\"ImageObject\",\"inLanguage\":\"pt-BR\",\"@id\":\"https:\\\/\\\/pizzornowines.com\\\/product\\\/10-000-m-cabernet-sauvignon-evino\\\/#primaryimage\",\"url\":\"https:\\\/\\\/pizzornowines.com\\\/wp-content\\\/uploads\\\/Miles-Cabernet-Sauvignon-1.png\",\"contentUrl\":\"https:\\\/\\\/pizzornowines.com\\\/wp-content\\\/uploads\\\/Miles-Cabernet-Sauvignon-1.png\",\"width\":476,\"height\":1200},{\"@type\":\"BreadcrumbList\",\"@id\":\"https:\\\/\\\/pizzornowines.com\\\/product\\\/10-000-m-cabernet-sauvignon-evino\\\/#breadcrumb\",\"itemListElement\":[{\"@type\":\"ListItem\",\"position\":1,\"name\":\"Home\",\"item\":\"https:\\\/\\\/pizzornowines.com\\\/\"},{\"@type\":\"ListItem\",\"position\":2,\"name\":\"Shop\",\"item\":\"https:\\\/\\\/pizzornowines.com\\\/?page_id=96\"},{\"@type\":\"ListItem\",\"position\":3,\"name\":\"10.000 M Cabernet Sauvignon (Evino)\"}]},{\"@type\":\"WebSite\",\"@id\":\"https:\\\/\\\/pizzornowines.com\\\/#website\",\"url\":\"https:\\\/\\\/pizzornowines.com\\\/\",\"name\":\"Pizzorno Family Estates\",\"description\":\"Pasi\u00f3n por la tierra y el vino\",\"publisher\":{\"@id\":\"https:\\\/\\\/pizzornowines.com\\\/#organization\"},\"potentialAction\":[{\"@type\":\"SearchAction\",\"target\":{\"@type\":\"EntryPoint\",\"urlTemplate\":\"https:\\\/\\\/pizzornowines.com\\\/?s={search_term_string}\"},\"query-input\":{\"@type\":\"PropertyValueSpecification\",\"valueRequired\":true,\"valueName\":\"search_term_string\"}}],\"inLanguage\":\"pt-BR\"},{\"@type\":\"Organization\",\"@id\":\"https:\\\/\\\/pizzornowines.com\\\/#organization\",\"name\":\"Pizzorno Family Estates\",\"url\":\"https:\\\/\\\/pizzornowines.com\\\/\",\"logo\":{\"@type\":\"ImageObject\",\"inLanguage\":\"pt-BR\",\"@id\":\"https:\\\/\\\/pizzornowines.com\\\/#\\\/schema\\\/logo\\\/image\\\/\",\"url\":\"https:\\\/\\\/pizzornowines.com\\\/wp-content\\\/uploads\\\/Pizzorno-Family-Estate-logo.svg\",\"contentUrl\":\"https:\\\/\\\/pizzornowines.com\\\/wp-content\\\/uploads\\\/Pizzorno-Family-Estate-logo.svg\",\"width\":422,\"height\":283,\"caption\":\"Pizzorno Family Estates\"},\"image\":{\"@id\":\"https:\\\/\\\/pizzornowines.com\\\/#\\\/schema\\\/logo\\\/image\\\/\"},\"sameAs\":[\"https:\\\/\\\/www.facebook.com\\\/pizzorno.family.estates\"]}]}<\/script>\n<!-- \/ Yoast SEO plugin. -->","yoast_head_json":{"title":"10.000 M Cabernet Sauvignon (Evino) - Pizzorno Family Estates","robots":{"index":"noindex","follow":"follow","max-snippet":"max-snippet:-1","max-image-preview":"max-image-preview:large","max-video-preview":"max-video-preview:-1"},"og_locale":"pt_BR","og_type":"article","og_title":"10.000 M Cabernet Sauvignon (Evino) - Pizzorno Family Estates","og_description":"Despu\u00e9s de la Segunda Guerra Mundial, Don Pr\u00f3spero Jos\u00e9 Pizzorno lleg\u00f3 a Uruguay desde Italia con su familia y una gran pasi\u00f3n por la viticultura. En el peque\u00f1o pueblo de Canel\u00f3n Chico, comenz\u00f3 a plantar las primeras vides, dando inicio a una tradici\u00f3n familiar que ya lleva cuatro generaciones.","og_url":"https:\/\/pizzornowines.com\/pt\/produto\/10-000-m-cabernet-sauvignon-evino\/","og_site_name":"Pizzorno Family Estates","article_publisher":"https:\/\/www.facebook.com\/pizzorno.family.estates","article_modified_time":"2025-07-24T20:29:08+00:00","og_image":[{"width":476,"height":1200,"url":"https:\/\/pizzornowines.com\/wp-content\/uploads\/Villa-Ranch-CF.jpg","type":"image\/jpeg"}],"twitter_card":"summary_large_image","twitter_misc":{"Est. tempo de leitura":"1 minuto"},"schema":{"@context":"https:\/\/schema.org","@graph":[{"@type":"WebPage","@id":"https:\/\/pizzornowines.com\/product\/10-000-m-cabernet-sauvignon-evino\/","url":"https:\/\/pizzornowines.com\/product\/10-000-m-cabernet-sauvignon-evino\/","name":"10.000 M Cabernet Sauvignon (Evino) - Pizzorno Family Estates","isPartOf":{"@id":"https:\/\/pizzornowines.com\/#website"},"primaryImageOfPage":{"@id":"https:\/\/pizzornowines.com\/product\/10-000-m-cabernet-sauvignon-evino\/#primaryimage"},"image":{"@id":"https:\/\/pizzornowines.com\/product\/10-000-m-cabernet-sauvignon-evino\/#primaryimage"},"thumbnailUrl":"https:\/\/pizzornowines.com\/wp-content\/uploads\/Miles-Cabernet-Sauvignon-1.png","datePublished":"2025-07-24T19:29:25+00:00","dateModified":"2025-07-24T20:29:08+00:00","breadcrumb":{"@id":"https:\/\/pizzornowines.com\/product\/10-000-m-cabernet-sauvignon-evino\/#breadcrumb"},"inLanguage":"pt-BR","potentialAction":[{"@type":"ReadAction","target":["https:\/\/pizzornowines.com\/product\/10-000-m-cabernet-sauvignon-evino\/"]}]},{"@type":"ImageObject","inLanguage":"pt-BR","@id":"https:\/\/pizzornowines.com\/product\/10-000-m-cabernet-sauvignon-evino\/#primaryimage","url":"https:\/\/pizzornowines.com\/wp-content\/uploads\/Miles-Cabernet-Sauvignon-1.png","contentUrl":"https:\/\/pizzornowines.com\/wp-content\/uploads\/Miles-Cabernet-Sauvignon-1.png","width":476,"height":1200},{"@type":"BreadcrumbList","@id":"https:\/\/pizzornowines.com\/product\/10-000-m-cabernet-sauvignon-evino\/#breadcrumb","itemListElement":[{"@type":"ListItem","position":1,"name":"Home","item":"https:\/\/pizzornowines.com\/"},{"@type":"ListItem","position":2,"name":"Shop","item":"https:\/\/pizzornowines.com\/?page_id=96"},{"@type":"ListItem","position":3,"name":"10.000 M Cabernet Sauvignon (Evino)"}]},{"@type":"WebSite","@id":"https:\/\/pizzornowines.com\/#website","url":"https:\/\/pizzornowines.com\/","name":"Pizzorno Family Estates","description":"Pasi\u00f3n por la tierra y el vino","publisher":{"@id":"https:\/\/pizzornowines.com\/#organization"},"potentialAction":[{"@type":"SearchAction","target":{"@type":"EntryPoint","urlTemplate":"https:\/\/pizzornowines.com\/?s={search_term_string}"},"query-input":{"@type":"PropertyValueSpecification","valueRequired":true,"valueName":"search_term_string"}}],"inLanguage":"pt-BR"},{"@type":"Organization","@id":"https:\/\/pizzornowines.com\/#organization","name":"Pizzorno Family Estates","url":"https:\/\/pizzornowines.com\/","logo":{"@type":"ImageObject","inLanguage":"pt-BR","@id":"https:\/\/pizzornowines.com\/#\/schema\/logo\/image\/","url":"https:\/\/pizzornowines.com\/wp-content\/uploads\/Pizzorno-Family-Estate-logo.svg","contentUrl":"https:\/\/pizzornowines.com\/wp-content\/uploads\/Pizzorno-Family-Estate-logo.svg","width":422,"height":283,"caption":"Pizzorno Family Estates"},"image":{"@id":"https:\/\/pizzornowines.com\/#\/schema\/logo\/image\/"},"sameAs":["https:\/\/www.facebook.com\/pizzorno.family.estates"]}]}},"_links":{"self":[{"href":"https:\/\/pizzornowines.com\/pt\/wp-json\/wp\/v2\/product\/2944","targetHints":{"allow":["GET"]}}],"collection":[{"href":"https:\/\/pizzornowines.com\/pt\/wp-json\/wp\/v2\/product"}],"about":[{"href":"https:\/\/pizzornowines.com\/pt\/wp-json\/wp\/v2\/types\/product"}],"replies":[{"embeddable":true,"href":"https:\/\/pizzornowines.com\/pt\/wp-json\/wp\/v2\/comments?post=2944"}],"version-history":[{"count":4,"href":"https:\/\/pizzornowines.com\/pt\/wp-json\/wp\/v2\/product\/2944\/revisions"}],"predecessor-version":[{"id":2966,"href":"https:\/\/pizzornowines.com\/pt\/wp-json\/wp\/v2\/product\/2944\/revisions\/2966"}],"wp:featuredmedia":[{"embeddable":true,"href":"https:\/\/pizzornowines.com\/pt\/wp-json\/wp\/v2\/media\/2965"}],"wp:attachment":[{"href":"https:\/\/pizzornowines.com\/pt\/wp-json\/wp\/v2\/media?parent=2944"}],"wp:term":[{"taxonomy":"tipo-visita","embeddable":true,"href":"https:\/\/pizzornowines.com\/pt\/wp-json\/wp\/v2\/tipo-visita?post=2944"},{"taxonomy":"product_brand","embeddable":true,"href":"https:\/\/pizzornowines.com\/pt\/wp-json\/wp\/v2\/product_brand?post=2944"},{"taxonomy":"product_cat","embeddable":true,"href":"https:\/\/pizzornowines.com\/pt\/wp-json\/wp\/v2\/product_cat?post=2944"},{"taxonomy":"product_tag","embeddable":true,"href":"https:\/\/pizzornowines.com\/pt\/wp-json\/wp\/v2\/product_tag?post=2944"}],"curies":[{"name":"wp","href":"https:\/\/api.w.org\/{rel}","templated":true}]}}