{"id":287,"date":"2023-02-07T12:49:57","date_gmt":"2023-02-07T15:49:57","guid":{"rendered":"https:\/\/pizzorno.r1group.com.ar\/producto\/pizzorno-reserva-tannat\/"},"modified":"2025-05-30T15:40:51","modified_gmt":"2025-05-30T18:40:51","slug":"pizzorno-reserva-tannat","status":"publish","type":"product","link":"https:\/\/pizzornowines.com\/pt\/produto\/pizzorno-reserva-tannat\/","title":{"rendered":"Pizzorno Reserva Tannat"},"content":{"rendered":"<p>Tannat, variedad emblema de Uruguay que nos representa internacionalmente con una perfecta adaptaci\u00f3n al clima y al suelo de nuestra regi\u00f3n: Canel\u00f3n Chico, Canelones (Sur de Uruguay). La uva Tannat tiene excelente propiedades en beneficio de la salud gracias a su alta concetracion de polifenoles. (2,5 veces m\u00e1s que Carbernet Sauvignon)<\/p>","protected":false},"excerpt":{"rendered":"<p>El Tannat, variedad emblema de Uruguay, nos representa internacionalmente gracias a su perfecta adaptaci\u00f3n al clima y al suelo de Canel\u00f3n Chico. Proveniente de parcelas seleccionadas y cosechado en su punto \u00f3ptimo de madurez, este vino expresa con fidelidad el car\u00e1cter robusto y aut\u00e9ntico de la cepa.<\/p>\n<p>La vinificaci\u00f3n se realiza de forma tradicional, con fermentaci\u00f3n a temperatura controlada y levaduras seleccionadas para lograr una \u00f3ptima extracci\u00f3n de color, taninos y aromas. Posteriormente, el vino es criado durante 12 meses en barricas de roble americano, que le aportan notas especiadas y un perfil m\u00e1s envolvente.<\/p>\n<p>Adem\u00e1s de su fuerza y estructura, el Tannat destaca por sus excelentes propiedades en beneficio de la salud, ya que posee una alt\u00edsima concentraci\u00f3n de polifenoles \u2014hasta 2,5 veces m\u00e1s que el Cabernet Sauvignon\u2014 lo que lo convierte en uno de los vinos m\u00e1s ricos en antioxidantes.<\/p>\n<p>El resultado es un tinto concentrado, complejo y elegante, con gran capacidad de guarda.<\/p>","protected":false},"featured_media":288,"comment_status":"closed","ping_status":"closed","template":"","meta":{"_acf_changed":false,"_joinchat":[]},"tipo-visita":[],"product_brand":[],"product_cat":[24],"product_tag":[],"class_list":{"0":"post-287","1":"product","2":"type-product","3":"status-publish","4":"has-post-thumbnail","6":"product_cat-pizzorno-reserva","8":"first","9":"instock","10":"shipping-taxable","11":"product-type-simple"},"exclude_global_add_ons":[],"addons":[],"acf":[],"yoast_head":"<!-- This site is optimized with the Yoast SEO plugin v27.4 - https:\/\/yoast.com\/product\/yoast-seo-wordpress\/ -->\n<title>Pizzorno Reserva Tannat - Pizzorno Family Estates<\/title>\n<meta name=\"robots\" content=\"noindex, follow, max-snippet:-1, max-image-preview:large, max-video-preview:-1\" \/>\n<meta property=\"og:locale\" content=\"pt_BR\" \/>\n<meta property=\"og:type\" content=\"article\" \/>\n<meta property=\"og:title\" content=\"Pizzorno Reserva Tannat - Pizzorno Family Estates\" \/>\n<meta property=\"og:description\" content=\"El Tannat, variedad emblema de Uruguay, nos representa internacionalmente gracias a su perfecta adaptaci\u00f3n al clima y al suelo de Canel\u00f3n Chico. Proveniente de parcelas seleccionadas y cosechado en su punto \u00f3ptimo de madurez, este vino expresa con fidelidad el car\u00e1cter robusto y aut\u00e9ntico de la cepa.  La vinificaci\u00f3n se realiza de forma tradicional, con fermentaci\u00f3n a temperatura controlada y levaduras seleccionadas para lograr una \u00f3ptima extracci\u00f3n de color, taninos y aromas. Posteriormente, el vino es criado durante 12 meses en barricas de roble americano, que le aportan notas especiadas y un perfil m\u00e1s envolvente.  Adem\u00e1s de su fuerza y estructura, el Tannat destaca por sus excelentes propiedades en beneficio de la salud, ya que posee una alt\u00edsima concentraci\u00f3n de polifenoles \u2014hasta 2,5 veces m\u00e1s que el Cabernet Sauvignon\u2014 lo que lo convierte en uno de los vinos m\u00e1s ricos en antioxidantes.  El resultado es un tinto concentrado, complejo y elegante, con gran capacidad de guarda.\" \/>\n<meta property=\"og:url\" content=\"https:\/\/pizzornowines.com\/pt\/produto\/pizzorno-reserva-tannat\/\" \/>\n<meta property=\"og:site_name\" content=\"Pizzorno Family Estates\" \/>\n<meta property=\"article:publisher\" content=\"https:\/\/www.facebook.com\/pizzorno.family.estates\" \/>\n<meta property=\"article:modified_time\" content=\"2025-05-30T18:40:51+00:00\" \/>\n<meta property=\"og:image\" content=\"https:\/\/pizzornowines.com\/wp-content\/uploads\/2023\/04\/Pizzorno-Reserva-Reserva.jpg\" \/>\n\t<meta property=\"og:image:width\" content=\"199\" \/>\n\t<meta property=\"og:image:height\" content=\"780\" \/>\n\t<meta property=\"og:image:type\" content=\"image\/jpeg\" \/>\n<meta name=\"twitter:card\" content=\"summary_large_image\" \/>\n<script type=\"application\/ld+json\" class=\"yoast-schema-graph\">{\"@context\":\"https:\\\/\\\/schema.org\",\"@graph\":[{\"@type\":\"WebPage\",\"@id\":\"https:\\\/\\\/pizzornowines.com\\\/product\\\/pizzorno-reserva-tannat\\\/\",\"url\":\"https:\\\/\\\/pizzornowines.com\\\/product\\\/pizzorno-reserva-tannat\\\/\",\"name\":\"Pizzorno Reserva Tannat - Pizzorno Family Estates\",\"isPartOf\":{\"@id\":\"https:\\\/\\\/pizzornowines.com\\\/#website\"},\"primaryImageOfPage\":{\"@id\":\"https:\\\/\\\/pizzornowines.com\\\/product\\\/pizzorno-reserva-tannat\\\/#primaryimage\"},\"image\":{\"@id\":\"https:\\\/\\\/pizzornowines.com\\\/product\\\/pizzorno-reserva-tannat\\\/#primaryimage\"},\"thumbnailUrl\":\"https:\\\/\\\/pizzornowines.com\\\/wp-content\\\/uploads\\\/2023\\\/04\\\/Pizzorno-Reserva-Reserva.jpg\",\"datePublished\":\"2023-02-07T15:49:57+00:00\",\"dateModified\":\"2025-05-30T18:40:51+00:00\",\"breadcrumb\":{\"@id\":\"https:\\\/\\\/pizzornowines.com\\\/product\\\/pizzorno-reserva-tannat\\\/#breadcrumb\"},\"inLanguage\":\"pt-BR\",\"potentialAction\":[{\"@type\":\"ReadAction\",\"target\":[\"https:\\\/\\\/pizzornowines.com\\\/product\\\/pizzorno-reserva-tannat\\\/\"]}]},{\"@type\":\"ImageObject\",\"inLanguage\":\"pt-BR\",\"@id\":\"https:\\\/\\\/pizzornowines.com\\\/product\\\/pizzorno-reserva-tannat\\\/#primaryimage\",\"url\":\"https:\\\/\\\/pizzornowines.com\\\/wp-content\\\/uploads\\\/2023\\\/04\\\/Pizzorno-Reserva-Reserva.jpg\",\"contentUrl\":\"https:\\\/\\\/pizzornowines.com\\\/wp-content\\\/uploads\\\/2023\\\/04\\\/Pizzorno-Reserva-Reserva.jpg\",\"width\":199,\"height\":780},{\"@type\":\"BreadcrumbList\",\"@id\":\"https:\\\/\\\/pizzornowines.com\\\/product\\\/pizzorno-reserva-tannat\\\/#breadcrumb\",\"itemListElement\":[{\"@type\":\"ListItem\",\"position\":1,\"name\":\"Home\",\"item\":\"https:\\\/\\\/pizzornowines.com\\\/\"},{\"@type\":\"ListItem\",\"position\":2,\"name\":\"Shop\",\"item\":\"https:\\\/\\\/pizzornowines.com\\\/?page_id=96\"},{\"@type\":\"ListItem\",\"position\":3,\"name\":\"Pizzorno Reserva Tannat\"}]},{\"@type\":\"WebSite\",\"@id\":\"https:\\\/\\\/pizzornowines.com\\\/#website\",\"url\":\"https:\\\/\\\/pizzornowines.com\\\/\",\"name\":\"Pizzorno Family Estates\",\"description\":\"Pasi\u00f3n por la tierra y el vino\",\"publisher\":{\"@id\":\"https:\\\/\\\/pizzornowines.com\\\/#organization\"},\"potentialAction\":[{\"@type\":\"SearchAction\",\"target\":{\"@type\":\"EntryPoint\",\"urlTemplate\":\"https:\\\/\\\/pizzornowines.com\\\/?s={search_term_string}\"},\"query-input\":{\"@type\":\"PropertyValueSpecification\",\"valueRequired\":true,\"valueName\":\"search_term_string\"}}],\"inLanguage\":\"pt-BR\"},{\"@type\":\"Organization\",\"@id\":\"https:\\\/\\\/pizzornowines.com\\\/#organization\",\"name\":\"Pizzorno Family Estates\",\"url\":\"https:\\\/\\\/pizzornowines.com\\\/\",\"logo\":{\"@type\":\"ImageObject\",\"inLanguage\":\"pt-BR\",\"@id\":\"https:\\\/\\\/pizzornowines.com\\\/#\\\/schema\\\/logo\\\/image\\\/\",\"url\":\"https:\\\/\\\/pizzornowines.com\\\/wp-content\\\/uploads\\\/Pizzorno-Family-Estate-logo.svg\",\"contentUrl\":\"https:\\\/\\\/pizzornowines.com\\\/wp-content\\\/uploads\\\/Pizzorno-Family-Estate-logo.svg\",\"width\":422,\"height\":283,\"caption\":\"Pizzorno Family Estates\"},\"image\":{\"@id\":\"https:\\\/\\\/pizzornowines.com\\\/#\\\/schema\\\/logo\\\/image\\\/\"},\"sameAs\":[\"https:\\\/\\\/www.facebook.com\\\/pizzorno.family.estates\"]}]}<\/script>\n<!-- \/ Yoast SEO plugin. -->","yoast_head_json":{"title":"Pizzorno Reserva Tannat - Pizzorno Family Estates","robots":{"index":"noindex","follow":"follow","max-snippet":"max-snippet:-1","max-image-preview":"max-image-preview:large","max-video-preview":"max-video-preview:-1"},"og_locale":"pt_BR","og_type":"article","og_title":"Pizzorno Reserva Tannat - Pizzorno Family Estates","og_description":"El Tannat, variedad emblema de Uruguay, nos representa internacionalmente gracias a su perfecta adaptaci\u00f3n al clima y al suelo de Canel\u00f3n Chico. Proveniente de parcelas seleccionadas y cosechado en su punto \u00f3ptimo de madurez, este vino expresa con fidelidad el car\u00e1cter robusto y aut\u00e9ntico de la cepa.  La vinificaci\u00f3n se realiza de forma tradicional, con fermentaci\u00f3n a temperatura controlada y levaduras seleccionadas para lograr una \u00f3ptima extracci\u00f3n de color, taninos y aromas. Posteriormente, el vino es criado durante 12 meses en barricas de roble americano, que le aportan notas especiadas y un perfil m\u00e1s envolvente.  Adem\u00e1s de su fuerza y estructura, el Tannat destaca por sus excelentes propiedades en beneficio de la salud, ya que posee una alt\u00edsima concentraci\u00f3n de polifenoles \u2014hasta 2,5 veces m\u00e1s que el Cabernet Sauvignon\u2014 lo que lo convierte en uno de los vinos m\u00e1s ricos en antioxidantes.  El resultado es un tinto concentrado, complejo y elegante, con gran capacidad de guarda.","og_url":"https:\/\/pizzornowines.com\/pt\/produto\/pizzorno-reserva-tannat\/","og_site_name":"Pizzorno Family Estates","article_publisher":"https:\/\/www.facebook.com\/pizzorno.family.estates","article_modified_time":"2025-05-30T18:40:51+00:00","og_image":[{"width":199,"height":780,"url":"https:\/\/pizzornowines.com\/wp-content\/uploads\/2023\/04\/Pizzorno-Reserva-Reserva.jpg","type":"image\/jpeg"}],"twitter_card":"summary_large_image","schema":{"@context":"https:\/\/schema.org","@graph":[{"@type":"WebPage","@id":"https:\/\/pizzornowines.com\/product\/pizzorno-reserva-tannat\/","url":"https:\/\/pizzornowines.com\/product\/pizzorno-reserva-tannat\/","name":"Pizzorno Reserva Tannat - Pizzorno Family Estates","isPartOf":{"@id":"https:\/\/pizzornowines.com\/#website"},"primaryImageOfPage":{"@id":"https:\/\/pizzornowines.com\/product\/pizzorno-reserva-tannat\/#primaryimage"},"image":{"@id":"https:\/\/pizzornowines.com\/product\/pizzorno-reserva-tannat\/#primaryimage"},"thumbnailUrl":"https:\/\/pizzornowines.com\/wp-content\/uploads\/2023\/04\/Pizzorno-Reserva-Reserva.jpg","datePublished":"2023-02-07T15:49:57+00:00","dateModified":"2025-05-30T18:40:51+00:00","breadcrumb":{"@id":"https:\/\/pizzornowines.com\/product\/pizzorno-reserva-tannat\/#breadcrumb"},"inLanguage":"pt-BR","potentialAction":[{"@type":"ReadAction","target":["https:\/\/pizzornowines.com\/product\/pizzorno-reserva-tannat\/"]}]},{"@type":"ImageObject","inLanguage":"pt-BR","@id":"https:\/\/pizzornowines.com\/product\/pizzorno-reserva-tannat\/#primaryimage","url":"https:\/\/pizzornowines.com\/wp-content\/uploads\/2023\/04\/Pizzorno-Reserva-Reserva.jpg","contentUrl":"https:\/\/pizzornowines.com\/wp-content\/uploads\/2023\/04\/Pizzorno-Reserva-Reserva.jpg","width":199,"height":780},{"@type":"BreadcrumbList","@id":"https:\/\/pizzornowines.com\/product\/pizzorno-reserva-tannat\/#breadcrumb","itemListElement":[{"@type":"ListItem","position":1,"name":"Home","item":"https:\/\/pizzornowines.com\/"},{"@type":"ListItem","position":2,"name":"Shop","item":"https:\/\/pizzornowines.com\/?page_id=96"},{"@type":"ListItem","position":3,"name":"Pizzorno Reserva Tannat"}]},{"@type":"WebSite","@id":"https:\/\/pizzornowines.com\/#website","url":"https:\/\/pizzornowines.com\/","name":"Pizzorno Family Estates","description":"Pasi\u00f3n por la tierra y el vino","publisher":{"@id":"https:\/\/pizzornowines.com\/#organization"},"potentialAction":[{"@type":"SearchAction","target":{"@type":"EntryPoint","urlTemplate":"https:\/\/pizzornowines.com\/?s={search_term_string}"},"query-input":{"@type":"PropertyValueSpecification","valueRequired":true,"valueName":"search_term_string"}}],"inLanguage":"pt-BR"},{"@type":"Organization","@id":"https:\/\/pizzornowines.com\/#organization","name":"Pizzorno Family Estates","url":"https:\/\/pizzornowines.com\/","logo":{"@type":"ImageObject","inLanguage":"pt-BR","@id":"https:\/\/pizzornowines.com\/#\/schema\/logo\/image\/","url":"https:\/\/pizzornowines.com\/wp-content\/uploads\/Pizzorno-Family-Estate-logo.svg","contentUrl":"https:\/\/pizzornowines.com\/wp-content\/uploads\/Pizzorno-Family-Estate-logo.svg","width":422,"height":283,"caption":"Pizzorno Family Estates"},"image":{"@id":"https:\/\/pizzornowines.com\/#\/schema\/logo\/image\/"},"sameAs":["https:\/\/www.facebook.com\/pizzorno.family.estates"]}]}},"_links":{"self":[{"href":"https:\/\/pizzornowines.com\/pt\/wp-json\/wp\/v2\/product\/287","targetHints":{"allow":["GET"]}}],"collection":[{"href":"https:\/\/pizzornowines.com\/pt\/wp-json\/wp\/v2\/product"}],"about":[{"href":"https:\/\/pizzornowines.com\/pt\/wp-json\/wp\/v2\/types\/product"}],"replies":[{"embeddable":true,"href":"https:\/\/pizzornowines.com\/pt\/wp-json\/wp\/v2\/comments?post=287"}],"version-history":[{"count":1,"href":"https:\/\/pizzornowines.com\/pt\/wp-json\/wp\/v2\/product\/287\/revisions"}],"predecessor-version":[{"id":2338,"href":"https:\/\/pizzornowines.com\/pt\/wp-json\/wp\/v2\/product\/287\/revisions\/2338"}],"wp:featuredmedia":[{"embeddable":true,"href":"https:\/\/pizzornowines.com\/pt\/wp-json\/wp\/v2\/media\/288"}],"wp:attachment":[{"href":"https:\/\/pizzornowines.com\/pt\/wp-json\/wp\/v2\/media?parent=287"}],"wp:term":[{"taxonomy":"tipo-visita","embeddable":true,"href":"https:\/\/pizzornowines.com\/pt\/wp-json\/wp\/v2\/tipo-visita?post=287"},{"taxonomy":"product_brand","embeddable":true,"href":"https:\/\/pizzornowines.com\/pt\/wp-json\/wp\/v2\/product_brand?post=287"},{"taxonomy":"product_cat","embeddable":true,"href":"https:\/\/pizzornowines.com\/pt\/wp-json\/wp\/v2\/product_cat?post=287"},{"taxonomy":"product_tag","embeddable":true,"href":"https:\/\/pizzornowines.com\/pt\/wp-json\/wp\/v2\/product_tag?post=287"}],"curies":[{"name":"wp","href":"https:\/\/api.w.org\/{rel}","templated":true}]}}