{"id":279,"date":"2023-02-07T12:54:27","date_gmt":"2023-02-07T15:54:27","guid":{"rendered":"https:\/\/pizzorno.r1group.com.ar\/producto\/espumosos-pizzorno-brut-nature-reserva\/"},"modified":"2025-06-29T14:31:45","modified_gmt":"2025-06-29T17:31:45","slug":"espumosos-pizzorno-brut-nature-reserva","status":"publish","type":"product","link":"https:\/\/pizzornowines.com\/pt\/produto\/espumosos-pizzorno-brut-nature-reserva\/","title":{"rendered":"Espumoso Pizzorno Brut Nature Reserva"},"content":{"rendered":"","protected":false},"excerpt":{"rendered":"<p>Espumoso elaborado a partir de uvas propias de Chardonnay y Pinot Noir cosechadas manualmente en su punto \u00f3ptimo. El jugo se obtiene por prensado directo y se fermenta a baja temperatura con levaduras seleccionadas, buscando un vino base de alta calidad que combine la frescura del Chardonnay con la estructura del Pinot Noir. En mayo se realiza la segunda fermentaci\u00f3n en botella con levaduras especiales, seguido de una crianza prolongada de 24 meses sobre l\u00edas en cava. El proceso concluye con remuage y deg\u00fcelle sin agregado de licor de expedici\u00f3n, logrando un Brut Nature arm\u00f3nico, elegante y complejo, con excelente persistencia.<\/p>","protected":false},"featured_media":280,"comment_status":"closed","ping_status":"closed","template":"","meta":{"_acf_changed":false,"_joinchat":[]},"tipo-visita":[],"product_brand":[],"product_cat":[34],"product_tag":[],"class_list":{"0":"post-279","1":"product","2":"type-product","3":"status-publish","4":"has-post-thumbnail","6":"product_cat-espumosos","8":"first","9":"instock","10":"shipping-taxable","11":"product-type-simple"},"exclude_global_add_ons":[],"addons":[],"acf":[],"yoast_head":"<!-- This site is optimized with the Yoast SEO plugin v27.4 - https:\/\/yoast.com\/product\/yoast-seo-wordpress\/ -->\n<title>Espumoso Pizzorno Brut Nature Reserva - Pizzorno Family Estates<\/title>\n<meta name=\"robots\" content=\"noindex, follow, max-snippet:-1, max-image-preview:large, max-video-preview:-1\" \/>\n<meta property=\"og:locale\" content=\"pt_BR\" \/>\n<meta property=\"og:type\" content=\"article\" \/>\n<meta property=\"og:title\" content=\"Espumoso Pizzorno Brut Nature Reserva - Pizzorno Family Estates\" \/>\n<meta property=\"og:description\" content=\"Espumoso elaborado a partir de uvas propias de Chardonnay y Pinot Noir cosechadas manualmente en su punto \u00f3ptimo. El jugo se obtiene por prensado directo y se fermenta a baja temperatura con levaduras seleccionadas, buscando un vino base de alta calidad que combine la frescura del Chardonnay con la estructura del Pinot Noir. En mayo se realiza la segunda fermentaci\u00f3n en botella con levaduras especiales, seguido de una crianza prolongada de 24 meses sobre l\u00edas en cava. El proceso concluye con remuage y deg\u00fcelle sin agregado de licor de expedici\u00f3n, logrando un Brut Nature arm\u00f3nico, elegante y complejo, con excelente persistencia.\" \/>\n<meta property=\"og:url\" content=\"https:\/\/pizzornowines.com\/pt\/produto\/espumosos-pizzorno-brut-nature-reserva\/\" \/>\n<meta property=\"og:site_name\" content=\"Pizzorno Family Estates\" \/>\n<meta property=\"article:publisher\" content=\"https:\/\/www.facebook.com\/pizzorno.family.estates\" \/>\n<meta property=\"article:modified_time\" content=\"2025-06-29T17:31:45+00:00\" \/>\n<meta property=\"og:image\" content=\"https:\/\/pizzornowines.com\/wp-content\/uploads\/2023\/04\/ESPUMOSO-RESERVA.jpg\" \/>\n\t<meta property=\"og:image:width\" content=\"216\" \/>\n\t<meta property=\"og:image:height\" content=\"780\" \/>\n\t<meta property=\"og:image:type\" content=\"image\/jpeg\" \/>\n<meta name=\"twitter:card\" content=\"summary_large_image\" \/>\n<script type=\"application\/ld+json\" class=\"yoast-schema-graph\">{\"@context\":\"https:\\\/\\\/schema.org\",\"@graph\":[{\"@type\":\"WebPage\",\"@id\":\"https:\\\/\\\/pizzornowines.com\\\/product\\\/espumosos-pizzorno-brut-nature-reserva\\\/\",\"url\":\"https:\\\/\\\/pizzornowines.com\\\/product\\\/espumosos-pizzorno-brut-nature-reserva\\\/\",\"name\":\"Espumoso Pizzorno Brut Nature Reserva - Pizzorno Family Estates\",\"isPartOf\":{\"@id\":\"https:\\\/\\\/pizzornowines.com\\\/#website\"},\"primaryImageOfPage\":{\"@id\":\"https:\\\/\\\/pizzornowines.com\\\/product\\\/espumosos-pizzorno-brut-nature-reserva\\\/#primaryimage\"},\"image\":{\"@id\":\"https:\\\/\\\/pizzornowines.com\\\/product\\\/espumosos-pizzorno-brut-nature-reserva\\\/#primaryimage\"},\"thumbnailUrl\":\"https:\\\/\\\/pizzornowines.com\\\/wp-content\\\/uploads\\\/2023\\\/04\\\/ESPUMOSO-RESERVA.jpg\",\"datePublished\":\"2023-02-07T15:54:27+00:00\",\"dateModified\":\"2025-06-29T17:31:45+00:00\",\"breadcrumb\":{\"@id\":\"https:\\\/\\\/pizzornowines.com\\\/product\\\/espumosos-pizzorno-brut-nature-reserva\\\/#breadcrumb\"},\"inLanguage\":\"pt-BR\",\"potentialAction\":[{\"@type\":\"ReadAction\",\"target\":[\"https:\\\/\\\/pizzornowines.com\\\/product\\\/espumosos-pizzorno-brut-nature-reserva\\\/\"]}]},{\"@type\":\"ImageObject\",\"inLanguage\":\"pt-BR\",\"@id\":\"https:\\\/\\\/pizzornowines.com\\\/product\\\/espumosos-pizzorno-brut-nature-reserva\\\/#primaryimage\",\"url\":\"https:\\\/\\\/pizzornowines.com\\\/wp-content\\\/uploads\\\/2023\\\/04\\\/ESPUMOSO-RESERVA.jpg\",\"contentUrl\":\"https:\\\/\\\/pizzornowines.com\\\/wp-content\\\/uploads\\\/2023\\\/04\\\/ESPUMOSO-RESERVA.jpg\",\"width\":216,\"height\":780},{\"@type\":\"BreadcrumbList\",\"@id\":\"https:\\\/\\\/pizzornowines.com\\\/product\\\/espumosos-pizzorno-brut-nature-reserva\\\/#breadcrumb\",\"itemListElement\":[{\"@type\":\"ListItem\",\"position\":1,\"name\":\"Home\",\"item\":\"https:\\\/\\\/pizzornowines.com\\\/\"},{\"@type\":\"ListItem\",\"position\":2,\"name\":\"Shop\",\"item\":\"https:\\\/\\\/pizzornowines.com\\\/?page_id=96\"},{\"@type\":\"ListItem\",\"position\":3,\"name\":\"Espumoso Pizzorno Brut Nature Reserva\"}]},{\"@type\":\"WebSite\",\"@id\":\"https:\\\/\\\/pizzornowines.com\\\/#website\",\"url\":\"https:\\\/\\\/pizzornowines.com\\\/\",\"name\":\"Pizzorno Family Estates\",\"description\":\"Pasi\u00f3n por la tierra y el vino\",\"publisher\":{\"@id\":\"https:\\\/\\\/pizzornowines.com\\\/#organization\"},\"potentialAction\":[{\"@type\":\"SearchAction\",\"target\":{\"@type\":\"EntryPoint\",\"urlTemplate\":\"https:\\\/\\\/pizzornowines.com\\\/?s={search_term_string}\"},\"query-input\":{\"@type\":\"PropertyValueSpecification\",\"valueRequired\":true,\"valueName\":\"search_term_string\"}}],\"inLanguage\":\"pt-BR\"},{\"@type\":\"Organization\",\"@id\":\"https:\\\/\\\/pizzornowines.com\\\/#organization\",\"name\":\"Pizzorno Family Estates\",\"url\":\"https:\\\/\\\/pizzornowines.com\\\/\",\"logo\":{\"@type\":\"ImageObject\",\"inLanguage\":\"pt-BR\",\"@id\":\"https:\\\/\\\/pizzornowines.com\\\/#\\\/schema\\\/logo\\\/image\\\/\",\"url\":\"https:\\\/\\\/pizzornowines.com\\\/wp-content\\\/uploads\\\/Pizzorno-Family-Estate-logo.svg\",\"contentUrl\":\"https:\\\/\\\/pizzornowines.com\\\/wp-content\\\/uploads\\\/Pizzorno-Family-Estate-logo.svg\",\"width\":422,\"height\":283,\"caption\":\"Pizzorno Family Estates\"},\"image\":{\"@id\":\"https:\\\/\\\/pizzornowines.com\\\/#\\\/schema\\\/logo\\\/image\\\/\"},\"sameAs\":[\"https:\\\/\\\/www.facebook.com\\\/pizzorno.family.estates\"]}]}<\/script>\n<!-- \/ Yoast SEO plugin. -->","yoast_head_json":{"title":"Espumoso Pizzorno Brut Nature Reserva - Pizzorno Family Estates","robots":{"index":"noindex","follow":"follow","max-snippet":"max-snippet:-1","max-image-preview":"max-image-preview:large","max-video-preview":"max-video-preview:-1"},"og_locale":"pt_BR","og_type":"article","og_title":"Espumoso Pizzorno Brut Nature Reserva - Pizzorno Family Estates","og_description":"Espumoso elaborado a partir de uvas propias de Chardonnay y Pinot Noir cosechadas manualmente en su punto \u00f3ptimo. El jugo se obtiene por prensado directo y se fermenta a baja temperatura con levaduras seleccionadas, buscando un vino base de alta calidad que combine la frescura del Chardonnay con la estructura del Pinot Noir. En mayo se realiza la segunda fermentaci\u00f3n en botella con levaduras especiales, seguido de una crianza prolongada de 24 meses sobre l\u00edas en cava. El proceso concluye con remuage y deg\u00fcelle sin agregado de licor de expedici\u00f3n, logrando un Brut Nature arm\u00f3nico, elegante y complejo, con excelente persistencia.","og_url":"https:\/\/pizzornowines.com\/pt\/produto\/espumosos-pizzorno-brut-nature-reserva\/","og_site_name":"Pizzorno Family Estates","article_publisher":"https:\/\/www.facebook.com\/pizzorno.family.estates","article_modified_time":"2025-06-29T17:31:45+00:00","og_image":[{"width":216,"height":780,"url":"https:\/\/pizzornowines.com\/wp-content\/uploads\/2023\/04\/ESPUMOSO-RESERVA.jpg","type":"image\/jpeg"}],"twitter_card":"summary_large_image","schema":{"@context":"https:\/\/schema.org","@graph":[{"@type":"WebPage","@id":"https:\/\/pizzornowines.com\/product\/espumosos-pizzorno-brut-nature-reserva\/","url":"https:\/\/pizzornowines.com\/product\/espumosos-pizzorno-brut-nature-reserva\/","name":"Espumoso Pizzorno Brut Nature Reserva - Pizzorno Family Estates","isPartOf":{"@id":"https:\/\/pizzornowines.com\/#website"},"primaryImageOfPage":{"@id":"https:\/\/pizzornowines.com\/product\/espumosos-pizzorno-brut-nature-reserva\/#primaryimage"},"image":{"@id":"https:\/\/pizzornowines.com\/product\/espumosos-pizzorno-brut-nature-reserva\/#primaryimage"},"thumbnailUrl":"https:\/\/pizzornowines.com\/wp-content\/uploads\/2023\/04\/ESPUMOSO-RESERVA.jpg","datePublished":"2023-02-07T15:54:27+00:00","dateModified":"2025-06-29T17:31:45+00:00","breadcrumb":{"@id":"https:\/\/pizzornowines.com\/product\/espumosos-pizzorno-brut-nature-reserva\/#breadcrumb"},"inLanguage":"pt-BR","potentialAction":[{"@type":"ReadAction","target":["https:\/\/pizzornowines.com\/product\/espumosos-pizzorno-brut-nature-reserva\/"]}]},{"@type":"ImageObject","inLanguage":"pt-BR","@id":"https:\/\/pizzornowines.com\/product\/espumosos-pizzorno-brut-nature-reserva\/#primaryimage","url":"https:\/\/pizzornowines.com\/wp-content\/uploads\/2023\/04\/ESPUMOSO-RESERVA.jpg","contentUrl":"https:\/\/pizzornowines.com\/wp-content\/uploads\/2023\/04\/ESPUMOSO-RESERVA.jpg","width":216,"height":780},{"@type":"BreadcrumbList","@id":"https:\/\/pizzornowines.com\/product\/espumosos-pizzorno-brut-nature-reserva\/#breadcrumb","itemListElement":[{"@type":"ListItem","position":1,"name":"Home","item":"https:\/\/pizzornowines.com\/"},{"@type":"ListItem","position":2,"name":"Shop","item":"https:\/\/pizzornowines.com\/?page_id=96"},{"@type":"ListItem","position":3,"name":"Espumoso Pizzorno Brut Nature Reserva"}]},{"@type":"WebSite","@id":"https:\/\/pizzornowines.com\/#website","url":"https:\/\/pizzornowines.com\/","name":"Pizzorno Family Estates","description":"Pasi\u00f3n por la tierra y el vino","publisher":{"@id":"https:\/\/pizzornowines.com\/#organization"},"potentialAction":[{"@type":"SearchAction","target":{"@type":"EntryPoint","urlTemplate":"https:\/\/pizzornowines.com\/?s={search_term_string}"},"query-input":{"@type":"PropertyValueSpecification","valueRequired":true,"valueName":"search_term_string"}}],"inLanguage":"pt-BR"},{"@type":"Organization","@id":"https:\/\/pizzornowines.com\/#organization","name":"Pizzorno Family Estates","url":"https:\/\/pizzornowines.com\/","logo":{"@type":"ImageObject","inLanguage":"pt-BR","@id":"https:\/\/pizzornowines.com\/#\/schema\/logo\/image\/","url":"https:\/\/pizzornowines.com\/wp-content\/uploads\/Pizzorno-Family-Estate-logo.svg","contentUrl":"https:\/\/pizzornowines.com\/wp-content\/uploads\/Pizzorno-Family-Estate-logo.svg","width":422,"height":283,"caption":"Pizzorno Family Estates"},"image":{"@id":"https:\/\/pizzornowines.com\/#\/schema\/logo\/image\/"},"sameAs":["https:\/\/www.facebook.com\/pizzorno.family.estates"]}]}},"_links":{"self":[{"href":"https:\/\/pizzornowines.com\/pt\/wp-json\/wp\/v2\/product\/279","targetHints":{"allow":["GET"]}}],"collection":[{"href":"https:\/\/pizzornowines.com\/pt\/wp-json\/wp\/v2\/product"}],"about":[{"href":"https:\/\/pizzornowines.com\/pt\/wp-json\/wp\/v2\/types\/product"}],"replies":[{"embeddable":true,"href":"https:\/\/pizzornowines.com\/pt\/wp-json\/wp\/v2\/comments?post=279"}],"version-history":[{"count":2,"href":"https:\/\/pizzornowines.com\/pt\/wp-json\/wp\/v2\/product\/279\/revisions"}],"predecessor-version":[{"id":2736,"href":"https:\/\/pizzornowines.com\/pt\/wp-json\/wp\/v2\/product\/279\/revisions\/2736"}],"wp:featuredmedia":[{"embeddable":true,"href":"https:\/\/pizzornowines.com\/pt\/wp-json\/wp\/v2\/media\/280"}],"wp:attachment":[{"href":"https:\/\/pizzornowines.com\/pt\/wp-json\/wp\/v2\/media?parent=279"}],"wp:term":[{"taxonomy":"tipo-visita","embeddable":true,"href":"https:\/\/pizzornowines.com\/pt\/wp-json\/wp\/v2\/tipo-visita?post=279"},{"taxonomy":"product_brand","embeddable":true,"href":"https:\/\/pizzornowines.com\/pt\/wp-json\/wp\/v2\/product_brand?post=279"},{"taxonomy":"product_cat","embeddable":true,"href":"https:\/\/pizzornowines.com\/pt\/wp-json\/wp\/v2\/product_cat?post=279"},{"taxonomy":"product_tag","embeddable":true,"href":"https:\/\/pizzornowines.com\/pt\/wp-json\/wp\/v2\/product_tag?post=279"}],"curies":[{"name":"wp","href":"https:\/\/api.w.org\/{rel}","templated":true}]}}