{"id":277,"date":"2023-02-07T13:09:03","date_gmt":"2023-02-07T16:09:03","guid":{"rendered":"https:\/\/pizzorno.r1group.com.ar\/producto\/espumosos-pizzorno-brut-nature-rose\/"},"modified":"2025-06-29T14:38:49","modified_gmt":"2025-06-29T17:38:49","slug":"espumosos-pizzorno-brut-nature-rose","status":"publish","type":"product","link":"https:\/\/pizzornowines.com\/pt\/produto\/espumosos-pizzorno-brut-nature-rose\/","title":{"rendered":"Espumoso Pizzorno Brut Nature Ros\u00e9"},"content":{"rendered":"<p>La base de este espumoso 100% Pinot Noir, producido con uvas provenientes de nuestro vi\u00f1edo de Canel\u00f3n Chico, es elaborado en partidas limitadas por m\u00e9todo tradicional.<br \/>\nConsiderado siempre algo especial, el espumante rosado es sin\u00f3nimo de refinamiento y buen gusto, producto de una elaboraci\u00f3n esmerada e intensa complejidad.<\/p>","protected":false},"excerpt":{"rendered":"<p>Espumoso rosado elaborado en partidas limitadas a partir de uvas 100% Pinot Noir provenientes del vi\u00f1edo propio en Canel\u00f3n Chico. Su base se obtiene mediante prensado directo y fermentaci\u00f3n a baja temperatura, conservando la frescura y expresi\u00f3n frutal de la variedad.<br \/>\nLa segunda fermentaci\u00f3n en botella y la posterior crianza sobre l\u00edas aportan textura y complejidad. El proceso concluye con remuage manual y deg\u00fcelle sin agregado de licor de expedici\u00f3n, dando como resultado un Brut Nature elegante, vibrante y refinado, que combina delicadeza, frescura y profundidad.<\/p>","protected":false},"featured_media":278,"comment_status":"closed","ping_status":"closed","template":"","meta":{"_acf_changed":false,"_joinchat":[]},"tipo-visita":[],"product_brand":[],"product_cat":[34],"product_tag":[],"class_list":{"0":"post-277","1":"product","2":"type-product","3":"status-publish","4":"has-post-thumbnail","6":"product_cat-espumosos","8":"first","9":"instock","10":"shipping-taxable","11":"product-type-simple"},"exclude_global_add_ons":[],"addons":[],"acf":[],"yoast_head":"<!-- This site is optimized with the Yoast SEO plugin v27.3 - https:\/\/yoast.com\/product\/yoast-seo-wordpress\/ -->\n<title>Espumoso Pizzorno Brut Nature Ros\u00e9 - Pizzorno Family Estates<\/title>\n<meta name=\"robots\" content=\"noindex, follow, max-snippet:-1, max-image-preview:large, max-video-preview:-1\" \/>\n<meta property=\"og:locale\" content=\"pt_BR\" \/>\n<meta property=\"og:type\" content=\"article\" \/>\n<meta property=\"og:title\" content=\"Espumoso Pizzorno Brut Nature Ros\u00e9 - Pizzorno Family Estates\" \/>\n<meta property=\"og:description\" content=\"Espumoso rosado elaborado en partidas limitadas a partir de uvas 100% Pinot Noir provenientes del vi\u00f1edo propio en Canel\u00f3n Chico. Su base se obtiene mediante prensado directo y fermentaci\u00f3n a baja temperatura, conservando la frescura y expresi\u00f3n frutal de la variedad. La segunda fermentaci\u00f3n en botella y la posterior crianza sobre l\u00edas aportan textura y complejidad. El proceso concluye con remuage manual y deg\u00fcelle sin agregado de licor de expedici\u00f3n, dando como resultado un Brut Nature elegante, vibrante y refinado, que combina delicadeza, frescura y profundidad.\" \/>\n<meta property=\"og:url\" content=\"https:\/\/pizzornowines.com\/pt\/produto\/espumosos-pizzorno-brut-nature-rose\/\" \/>\n<meta property=\"og:site_name\" content=\"Pizzorno Family Estates\" \/>\n<meta property=\"article:publisher\" content=\"https:\/\/www.facebook.com\/pizzorno.family.estates\" \/>\n<meta property=\"article:modified_time\" content=\"2025-06-29T17:38:49+00:00\" \/>\n<meta property=\"og:image\" content=\"https:\/\/pizzornowines.com\/wp-content\/uploads\/2023\/04\/Espumoso-Rose.jpg\" \/>\n\t<meta property=\"og:image:width\" content=\"219\" \/>\n\t<meta property=\"og:image:height\" content=\"780\" \/>\n\t<meta property=\"og:image:type\" content=\"image\/jpeg\" \/>\n<meta name=\"twitter:card\" content=\"summary_large_image\" \/>\n<script type=\"application\/ld+json\" class=\"yoast-schema-graph\">{\"@context\":\"https:\\\/\\\/schema.org\",\"@graph\":[{\"@type\":\"WebPage\",\"@id\":\"https:\\\/\\\/pizzornowines.com\\\/product\\\/espumosos-pizzorno-brut-nature-rose\\\/\",\"url\":\"https:\\\/\\\/pizzornowines.com\\\/product\\\/espumosos-pizzorno-brut-nature-rose\\\/\",\"name\":\"Espumoso Pizzorno Brut Nature Ros\u00e9 - Pizzorno Family Estates\",\"isPartOf\":{\"@id\":\"https:\\\/\\\/pizzornowines.com\\\/#website\"},\"primaryImageOfPage\":{\"@id\":\"https:\\\/\\\/pizzornowines.com\\\/product\\\/espumosos-pizzorno-brut-nature-rose\\\/#primaryimage\"},\"image\":{\"@id\":\"https:\\\/\\\/pizzornowines.com\\\/product\\\/espumosos-pizzorno-brut-nature-rose\\\/#primaryimage\"},\"thumbnailUrl\":\"https:\\\/\\\/pizzornowines.com\\\/wp-content\\\/uploads\\\/2023\\\/04\\\/Espumoso-Rose.jpg\",\"datePublished\":\"2023-02-07T16:09:03+00:00\",\"dateModified\":\"2025-06-29T17:38:49+00:00\",\"breadcrumb\":{\"@id\":\"https:\\\/\\\/pizzornowines.com\\\/product\\\/espumosos-pizzorno-brut-nature-rose\\\/#breadcrumb\"},\"inLanguage\":\"pt-BR\",\"potentialAction\":[{\"@type\":\"ReadAction\",\"target\":[\"https:\\\/\\\/pizzornowines.com\\\/product\\\/espumosos-pizzorno-brut-nature-rose\\\/\"]}]},{\"@type\":\"ImageObject\",\"inLanguage\":\"pt-BR\",\"@id\":\"https:\\\/\\\/pizzornowines.com\\\/product\\\/espumosos-pizzorno-brut-nature-rose\\\/#primaryimage\",\"url\":\"https:\\\/\\\/pizzornowines.com\\\/wp-content\\\/uploads\\\/2023\\\/04\\\/Espumoso-Rose.jpg\",\"contentUrl\":\"https:\\\/\\\/pizzornowines.com\\\/wp-content\\\/uploads\\\/2023\\\/04\\\/Espumoso-Rose.jpg\",\"width\":219,\"height\":780},{\"@type\":\"BreadcrumbList\",\"@id\":\"https:\\\/\\\/pizzornowines.com\\\/product\\\/espumosos-pizzorno-brut-nature-rose\\\/#breadcrumb\",\"itemListElement\":[{\"@type\":\"ListItem\",\"position\":1,\"name\":\"Home\",\"item\":\"https:\\\/\\\/pizzornowines.com\\\/\"},{\"@type\":\"ListItem\",\"position\":2,\"name\":\"Shop\",\"item\":\"https:\\\/\\\/pizzornowines.com\\\/shop\\\/\"},{\"@type\":\"ListItem\",\"position\":3,\"name\":\"Espumoso Pizzorno Brut Nature Ros\u00e9\"}]},{\"@type\":\"WebSite\",\"@id\":\"https:\\\/\\\/pizzornowines.com\\\/#website\",\"url\":\"https:\\\/\\\/pizzornowines.com\\\/\",\"name\":\"Pizzorno Family Estates\",\"description\":\"Pasi\u00f3n por la tierra y el vino\",\"publisher\":{\"@id\":\"https:\\\/\\\/pizzornowines.com\\\/#organization\"},\"potentialAction\":[{\"@type\":\"SearchAction\",\"target\":{\"@type\":\"EntryPoint\",\"urlTemplate\":\"https:\\\/\\\/pizzornowines.com\\\/?s={search_term_string}\"},\"query-input\":{\"@type\":\"PropertyValueSpecification\",\"valueRequired\":true,\"valueName\":\"search_term_string\"}}],\"inLanguage\":\"pt-BR\"},{\"@type\":\"Organization\",\"@id\":\"https:\\\/\\\/pizzornowines.com\\\/#organization\",\"name\":\"Pizzorno Family Estates\",\"url\":\"https:\\\/\\\/pizzornowines.com\\\/\",\"logo\":{\"@type\":\"ImageObject\",\"inLanguage\":\"pt-BR\",\"@id\":\"https:\\\/\\\/pizzornowines.com\\\/#\\\/schema\\\/logo\\\/image\\\/\",\"url\":\"https:\\\/\\\/pizzornowines.com\\\/wp-content\\\/uploads\\\/Pizzorno-Family-Estate-logo.svg\",\"contentUrl\":\"https:\\\/\\\/pizzornowines.com\\\/wp-content\\\/uploads\\\/Pizzorno-Family-Estate-logo.svg\",\"width\":422,\"height\":283,\"caption\":\"Pizzorno Family Estates\"},\"image\":{\"@id\":\"https:\\\/\\\/pizzornowines.com\\\/#\\\/schema\\\/logo\\\/image\\\/\"},\"sameAs\":[\"https:\\\/\\\/www.facebook.com\\\/pizzorno.family.estates\"]}]}<\/script>\n<!-- \/ Yoast SEO plugin. -->","yoast_head_json":{"title":"Espumoso Pizzorno Brut Nature Ros\u00e9 - Pizzorno Family Estates","robots":{"index":"noindex","follow":"follow","max-snippet":"max-snippet:-1","max-image-preview":"max-image-preview:large","max-video-preview":"max-video-preview:-1"},"og_locale":"pt_BR","og_type":"article","og_title":"Espumoso Pizzorno Brut Nature Ros\u00e9 - Pizzorno Family Estates","og_description":"Espumoso rosado elaborado en partidas limitadas a partir de uvas 100% Pinot Noir provenientes del vi\u00f1edo propio en Canel\u00f3n Chico. Su base se obtiene mediante prensado directo y fermentaci\u00f3n a baja temperatura, conservando la frescura y expresi\u00f3n frutal de la variedad. La segunda fermentaci\u00f3n en botella y la posterior crianza sobre l\u00edas aportan textura y complejidad. El proceso concluye con remuage manual y deg\u00fcelle sin agregado de licor de expedici\u00f3n, dando como resultado un Brut Nature elegante, vibrante y refinado, que combina delicadeza, frescura y profundidad.","og_url":"https:\/\/pizzornowines.com\/pt\/produto\/espumosos-pizzorno-brut-nature-rose\/","og_site_name":"Pizzorno Family Estates","article_publisher":"https:\/\/www.facebook.com\/pizzorno.family.estates","article_modified_time":"2025-06-29T17:38:49+00:00","og_image":[{"width":219,"height":780,"url":"https:\/\/pizzornowines.com\/wp-content\/uploads\/2023\/04\/Espumoso-Rose.jpg","type":"image\/jpeg"}],"twitter_card":"summary_large_image","schema":{"@context":"https:\/\/schema.org","@graph":[{"@type":"WebPage","@id":"https:\/\/pizzornowines.com\/product\/espumosos-pizzorno-brut-nature-rose\/","url":"https:\/\/pizzornowines.com\/product\/espumosos-pizzorno-brut-nature-rose\/","name":"Espumoso Pizzorno Brut Nature Ros\u00e9 - Pizzorno Family Estates","isPartOf":{"@id":"https:\/\/pizzornowines.com\/#website"},"primaryImageOfPage":{"@id":"https:\/\/pizzornowines.com\/product\/espumosos-pizzorno-brut-nature-rose\/#primaryimage"},"image":{"@id":"https:\/\/pizzornowines.com\/product\/espumosos-pizzorno-brut-nature-rose\/#primaryimage"},"thumbnailUrl":"https:\/\/pizzornowines.com\/wp-content\/uploads\/2023\/04\/Espumoso-Rose.jpg","datePublished":"2023-02-07T16:09:03+00:00","dateModified":"2025-06-29T17:38:49+00:00","breadcrumb":{"@id":"https:\/\/pizzornowines.com\/product\/espumosos-pizzorno-brut-nature-rose\/#breadcrumb"},"inLanguage":"pt-BR","potentialAction":[{"@type":"ReadAction","target":["https:\/\/pizzornowines.com\/product\/espumosos-pizzorno-brut-nature-rose\/"]}]},{"@type":"ImageObject","inLanguage":"pt-BR","@id":"https:\/\/pizzornowines.com\/product\/espumosos-pizzorno-brut-nature-rose\/#primaryimage","url":"https:\/\/pizzornowines.com\/wp-content\/uploads\/2023\/04\/Espumoso-Rose.jpg","contentUrl":"https:\/\/pizzornowines.com\/wp-content\/uploads\/2023\/04\/Espumoso-Rose.jpg","width":219,"height":780},{"@type":"BreadcrumbList","@id":"https:\/\/pizzornowines.com\/product\/espumosos-pizzorno-brut-nature-rose\/#breadcrumb","itemListElement":[{"@type":"ListItem","position":1,"name":"Home","item":"https:\/\/pizzornowines.com\/"},{"@type":"ListItem","position":2,"name":"Shop","item":"https:\/\/pizzornowines.com\/shop\/"},{"@type":"ListItem","position":3,"name":"Espumoso Pizzorno Brut Nature Ros\u00e9"}]},{"@type":"WebSite","@id":"https:\/\/pizzornowines.com\/#website","url":"https:\/\/pizzornowines.com\/","name":"Pizzorno Family Estates","description":"Pasi\u00f3n por la tierra y el vino","publisher":{"@id":"https:\/\/pizzornowines.com\/#organization"},"potentialAction":[{"@type":"SearchAction","target":{"@type":"EntryPoint","urlTemplate":"https:\/\/pizzornowines.com\/?s={search_term_string}"},"query-input":{"@type":"PropertyValueSpecification","valueRequired":true,"valueName":"search_term_string"}}],"inLanguage":"pt-BR"},{"@type":"Organization","@id":"https:\/\/pizzornowines.com\/#organization","name":"Pizzorno Family Estates","url":"https:\/\/pizzornowines.com\/","logo":{"@type":"ImageObject","inLanguage":"pt-BR","@id":"https:\/\/pizzornowines.com\/#\/schema\/logo\/image\/","url":"https:\/\/pizzornowines.com\/wp-content\/uploads\/Pizzorno-Family-Estate-logo.svg","contentUrl":"https:\/\/pizzornowines.com\/wp-content\/uploads\/Pizzorno-Family-Estate-logo.svg","width":422,"height":283,"caption":"Pizzorno Family Estates"},"image":{"@id":"https:\/\/pizzornowines.com\/#\/schema\/logo\/image\/"},"sameAs":["https:\/\/www.facebook.com\/pizzorno.family.estates"]}]}},"_links":{"self":[{"href":"https:\/\/pizzornowines.com\/pt\/wp-json\/wp\/v2\/product\/277","targetHints":{"allow":["GET"]}}],"collection":[{"href":"https:\/\/pizzornowines.com\/pt\/wp-json\/wp\/v2\/product"}],"about":[{"href":"https:\/\/pizzornowines.com\/pt\/wp-json\/wp\/v2\/types\/product"}],"replies":[{"embeddable":true,"href":"https:\/\/pizzornowines.com\/pt\/wp-json\/wp\/v2\/comments?post=277"}],"version-history":[{"count":2,"href":"https:\/\/pizzornowines.com\/pt\/wp-json\/wp\/v2\/product\/277\/revisions"}],"predecessor-version":[{"id":2737,"href":"https:\/\/pizzornowines.com\/pt\/wp-json\/wp\/v2\/product\/277\/revisions\/2737"}],"wp:featuredmedia":[{"embeddable":true,"href":"https:\/\/pizzornowines.com\/pt\/wp-json\/wp\/v2\/media\/278"}],"wp:attachment":[{"href":"https:\/\/pizzornowines.com\/pt\/wp-json\/wp\/v2\/media?parent=277"}],"wp:term":[{"taxonomy":"tipo-visita","embeddable":true,"href":"https:\/\/pizzornowines.com\/pt\/wp-json\/wp\/v2\/tipo-visita?post=277"},{"taxonomy":"product_brand","embeddable":true,"href":"https:\/\/pizzornowines.com\/pt\/wp-json\/wp\/v2\/product_brand?post=277"},{"taxonomy":"product_cat","embeddable":true,"href":"https:\/\/pizzornowines.com\/pt\/wp-json\/wp\/v2\/product_cat?post=277"},{"taxonomy":"product_tag","embeddable":true,"href":"https:\/\/pizzornowines.com\/pt\/wp-json\/wp\/v2\/product_tag?post=277"}],"curies":[{"name":"wp","href":"https:\/\/api.w.org\/{rel}","templated":true}]}}