{"id":256,"date":"2023-04-24T16:36:39","date_gmt":"2023-04-24T19:36:39","guid":{"rendered":"http:\/\/pizzornowines.com\/?post_type=product&#038;p=13911"},"modified":"2025-06-29T15:13:33","modified_gmt":"2025-06-29T18:13:33","slug":"premium-tinaja","status":"publish","type":"product","link":"https:\/\/pizzornowines.com\/pt\/produto\/premium-tinaja\/","title":{"rendered":"PREMIUM TINAJA"},"content":{"rendered":"","protected":false},"excerpt":{"rendered":"<p>El Tinaja Malbec 2023 es parte de la innovadora l\u00ednea Tinaja de Pizzorno, que nace de la b\u00fasqueda por rescatar y revitalizar t\u00e9cnicas ancestrales de vinificaci\u00f3n combin\u00e1ndolas con procesos modernos. Inspirada en m\u00e9todos tradicionales de fermentaci\u00f3n en recipientes de cer\u00e1mica, esta propuesta refleja la identidad \u00fanica del terroir de Canel\u00f3n Chico, Uruguay.<\/p>\n<p>Para este Malbec, se aplic\u00f3 una t\u00e9cnica especial de deshidrataci\u00f3n de las uvas en planta, concentrando az\u00facares y aromas para obtener una materia prima excepcional. Luego, el vino fue fermentado y criado durante 12 meses en tinajas de cer\u00e1mica de 500 litros, permitiendo una microoxigenaci\u00f3n natural que favorece la expresi\u00f3n aut\u00e9ntica y fresca de la fruta, sin intervenci\u00f3n de roble.<\/p>\n<p>El proceso artesanal y la limitada producci\u00f3n de solo 650 botellas hacen de este vino un ejemplar exclusivo que destaca por su frescura, textura sedosa y volumen en boca, manteniendo la pureza varietal del Malbec.<\/p>\n<p>Ideal para quienes buscan vinos que conjugan tradici\u00f3n e innovaci\u00f3n, el Tinaja Malbec 2023 es un reflejo del compromiso de Pizzorno Family Estates con la calidad y la identidad regional.<\/p>","protected":false},"featured_media":195,"comment_status":"closed","ping_status":"closed","template":"","meta":{"_acf_changed":false,"_joinchat":[]},"tipo-visita":[],"product_brand":[],"product_cat":[31],"product_tag":[],"class_list":{"0":"post-256","1":"product","2":"type-product","3":"status-publish","4":"has-post-thumbnail","6":"product_cat-premium","8":"first","9":"instock","10":"shipping-taxable","11":"product-type-simple"},"exclude_global_add_ons":[],"addons":[],"acf":[],"yoast_head":"<!-- This site is optimized with the Yoast SEO plugin v27.4 - https:\/\/yoast.com\/product\/yoast-seo-wordpress\/ -->\n<title>PREMIUM TINAJA - Pizzorno Family Estates<\/title>\n<meta name=\"robots\" content=\"noindex, follow, max-snippet:-1, max-image-preview:large, max-video-preview:-1\" \/>\n<meta property=\"og:locale\" content=\"pt_BR\" \/>\n<meta property=\"og:type\" content=\"article\" \/>\n<meta property=\"og:title\" content=\"PREMIUM TINAJA - Pizzorno Family Estates\" \/>\n<meta property=\"og:description\" content=\"El Tinaja Malbec 2023 es parte de la innovadora l\u00ednea Tinaja de Pizzorno, que nace de la b\u00fasqueda por rescatar y revitalizar t\u00e9cnicas ancestrales de vinificaci\u00f3n combin\u00e1ndolas con procesos modernos. Inspirada en m\u00e9todos tradicionales de fermentaci\u00f3n en recipientes de cer\u00e1mica, esta propuesta refleja la identidad \u00fanica del terroir de Canel\u00f3n Chico, Uruguay.  Para este Malbec, se aplic\u00f3 una t\u00e9cnica especial de deshidrataci\u00f3n de las uvas en planta, concentrando az\u00facares y aromas para obtener una materia prima excepcional. Luego, el vino fue fermentado y criado durante 12 meses en tinajas de cer\u00e1mica de 500 litros, permitiendo una microoxigenaci\u00f3n natural que favorece la expresi\u00f3n aut\u00e9ntica y fresca de la fruta, sin intervenci\u00f3n de roble.  El proceso artesanal y la limitada producci\u00f3n de solo 650 botellas hacen de este vino un ejemplar exclusivo que destaca por su frescura, textura sedosa y volumen en boca, manteniendo la pureza varietal del Malbec.  Ideal para quienes buscan vinos que conjugan tradici\u00f3n e innovaci\u00f3n, el Tinaja Malbec 2023 es un reflejo del compromiso de Pizzorno Family Estates con la calidad y la identidad regional.\" \/>\n<meta property=\"og:url\" content=\"https:\/\/pizzornowines.com\/pt\/produto\/premium-tinaja\/\" \/>\n<meta property=\"og:site_name\" content=\"Pizzorno Family Estates\" \/>\n<meta property=\"article:publisher\" content=\"https:\/\/www.facebook.com\/pizzorno.family.estates\" \/>\n<meta property=\"article:modified_time\" content=\"2025-06-29T18:13:33+00:00\" \/>\n<meta property=\"og:image\" content=\"https:\/\/pizzornowines.com\/wp-content\/uploads\/2023\/04\/Premium-Tinaja.png\" \/>\n\t<meta property=\"og:image:width\" content=\"319\" \/>\n\t<meta property=\"og:image:height\" content=\"780\" \/>\n\t<meta property=\"og:image:type\" content=\"image\/png\" \/>\n<meta name=\"twitter:card\" content=\"summary_large_image\" \/>\n<script type=\"application\/ld+json\" class=\"yoast-schema-graph\">{\"@context\":\"https:\\\/\\\/schema.org\",\"@graph\":[{\"@type\":\"WebPage\",\"@id\":\"https:\\\/\\\/pizzornowines.com\\\/product\\\/premium-tinaja\\\/\",\"url\":\"https:\\\/\\\/pizzornowines.com\\\/product\\\/premium-tinaja\\\/\",\"name\":\"PREMIUM TINAJA - Pizzorno Family Estates\",\"isPartOf\":{\"@id\":\"https:\\\/\\\/pizzornowines.com\\\/#website\"},\"primaryImageOfPage\":{\"@id\":\"https:\\\/\\\/pizzornowines.com\\\/product\\\/premium-tinaja\\\/#primaryimage\"},\"image\":{\"@id\":\"https:\\\/\\\/pizzornowines.com\\\/product\\\/premium-tinaja\\\/#primaryimage\"},\"thumbnailUrl\":\"https:\\\/\\\/pizzornowines.com\\\/wp-content\\\/uploads\\\/2023\\\/04\\\/Premium-Tinaja.png\",\"datePublished\":\"2023-04-24T19:36:39+00:00\",\"dateModified\":\"2025-06-29T18:13:33+00:00\",\"breadcrumb\":{\"@id\":\"https:\\\/\\\/pizzornowines.com\\\/product\\\/premium-tinaja\\\/#breadcrumb\"},\"inLanguage\":\"pt-BR\",\"potentialAction\":[{\"@type\":\"ReadAction\",\"target\":[\"https:\\\/\\\/pizzornowines.com\\\/product\\\/premium-tinaja\\\/\"]}]},{\"@type\":\"ImageObject\",\"inLanguage\":\"pt-BR\",\"@id\":\"https:\\\/\\\/pizzornowines.com\\\/product\\\/premium-tinaja\\\/#primaryimage\",\"url\":\"https:\\\/\\\/pizzornowines.com\\\/wp-content\\\/uploads\\\/2023\\\/04\\\/Premium-Tinaja.png\",\"contentUrl\":\"https:\\\/\\\/pizzornowines.com\\\/wp-content\\\/uploads\\\/2023\\\/04\\\/Premium-Tinaja.png\",\"width\":319,\"height\":780},{\"@type\":\"BreadcrumbList\",\"@id\":\"https:\\\/\\\/pizzornowines.com\\\/product\\\/premium-tinaja\\\/#breadcrumb\",\"itemListElement\":[{\"@type\":\"ListItem\",\"position\":1,\"name\":\"Home\",\"item\":\"https:\\\/\\\/pizzornowines.com\\\/\"},{\"@type\":\"ListItem\",\"position\":2,\"name\":\"Shop\",\"item\":\"https:\\\/\\\/pizzornowines.com\\\/?page_id=96\"},{\"@type\":\"ListItem\",\"position\":3,\"name\":\"PREMIUM TINAJA\"}]},{\"@type\":\"WebSite\",\"@id\":\"https:\\\/\\\/pizzornowines.com\\\/#website\",\"url\":\"https:\\\/\\\/pizzornowines.com\\\/\",\"name\":\"Pizzorno Family Estates\",\"description\":\"Pasi\u00f3n por la tierra y el vino\",\"publisher\":{\"@id\":\"https:\\\/\\\/pizzornowines.com\\\/#organization\"},\"potentialAction\":[{\"@type\":\"SearchAction\",\"target\":{\"@type\":\"EntryPoint\",\"urlTemplate\":\"https:\\\/\\\/pizzornowines.com\\\/?s={search_term_string}\"},\"query-input\":{\"@type\":\"PropertyValueSpecification\",\"valueRequired\":true,\"valueName\":\"search_term_string\"}}],\"inLanguage\":\"pt-BR\"},{\"@type\":\"Organization\",\"@id\":\"https:\\\/\\\/pizzornowines.com\\\/#organization\",\"name\":\"Pizzorno Family Estates\",\"url\":\"https:\\\/\\\/pizzornowines.com\\\/\",\"logo\":{\"@type\":\"ImageObject\",\"inLanguage\":\"pt-BR\",\"@id\":\"https:\\\/\\\/pizzornowines.com\\\/#\\\/schema\\\/logo\\\/image\\\/\",\"url\":\"https:\\\/\\\/pizzornowines.com\\\/wp-content\\\/uploads\\\/Pizzorno-Family-Estate-logo.svg\",\"contentUrl\":\"https:\\\/\\\/pizzornowines.com\\\/wp-content\\\/uploads\\\/Pizzorno-Family-Estate-logo.svg\",\"width\":422,\"height\":283,\"caption\":\"Pizzorno Family Estates\"},\"image\":{\"@id\":\"https:\\\/\\\/pizzornowines.com\\\/#\\\/schema\\\/logo\\\/image\\\/\"},\"sameAs\":[\"https:\\\/\\\/www.facebook.com\\\/pizzorno.family.estates\"]}]}<\/script>\n<!-- \/ Yoast SEO plugin. -->","yoast_head_json":{"title":"PREMIUM TINAJA - Pizzorno Family Estates","robots":{"index":"noindex","follow":"follow","max-snippet":"max-snippet:-1","max-image-preview":"max-image-preview:large","max-video-preview":"max-video-preview:-1"},"og_locale":"pt_BR","og_type":"article","og_title":"PREMIUM TINAJA - Pizzorno Family Estates","og_description":"El Tinaja Malbec 2023 es parte de la innovadora l\u00ednea Tinaja de Pizzorno, que nace de la b\u00fasqueda por rescatar y revitalizar t\u00e9cnicas ancestrales de vinificaci\u00f3n combin\u00e1ndolas con procesos modernos. Inspirada en m\u00e9todos tradicionales de fermentaci\u00f3n en recipientes de cer\u00e1mica, esta propuesta refleja la identidad \u00fanica del terroir de Canel\u00f3n Chico, Uruguay.  Para este Malbec, se aplic\u00f3 una t\u00e9cnica especial de deshidrataci\u00f3n de las uvas en planta, concentrando az\u00facares y aromas para obtener una materia prima excepcional. Luego, el vino fue fermentado y criado durante 12 meses en tinajas de cer\u00e1mica de 500 litros, permitiendo una microoxigenaci\u00f3n natural que favorece la expresi\u00f3n aut\u00e9ntica y fresca de la fruta, sin intervenci\u00f3n de roble.  El proceso artesanal y la limitada producci\u00f3n de solo 650 botellas hacen de este vino un ejemplar exclusivo que destaca por su frescura, textura sedosa y volumen en boca, manteniendo la pureza varietal del Malbec.  Ideal para quienes buscan vinos que conjugan tradici\u00f3n e innovaci\u00f3n, el Tinaja Malbec 2023 es un reflejo del compromiso de Pizzorno Family Estates con la calidad y la identidad regional.","og_url":"https:\/\/pizzornowines.com\/pt\/produto\/premium-tinaja\/","og_site_name":"Pizzorno Family Estates","article_publisher":"https:\/\/www.facebook.com\/pizzorno.family.estates","article_modified_time":"2025-06-29T18:13:33+00:00","og_image":[{"width":319,"height":780,"url":"https:\/\/pizzornowines.com\/wp-content\/uploads\/2023\/04\/Premium-Tinaja.png","type":"image\/png"}],"twitter_card":"summary_large_image","schema":{"@context":"https:\/\/schema.org","@graph":[{"@type":"WebPage","@id":"https:\/\/pizzornowines.com\/product\/premium-tinaja\/","url":"https:\/\/pizzornowines.com\/product\/premium-tinaja\/","name":"PREMIUM TINAJA - Pizzorno Family Estates","isPartOf":{"@id":"https:\/\/pizzornowines.com\/#website"},"primaryImageOfPage":{"@id":"https:\/\/pizzornowines.com\/product\/premium-tinaja\/#primaryimage"},"image":{"@id":"https:\/\/pizzornowines.com\/product\/premium-tinaja\/#primaryimage"},"thumbnailUrl":"https:\/\/pizzornowines.com\/wp-content\/uploads\/2023\/04\/Premium-Tinaja.png","datePublished":"2023-04-24T19:36:39+00:00","dateModified":"2025-06-29T18:13:33+00:00","breadcrumb":{"@id":"https:\/\/pizzornowines.com\/product\/premium-tinaja\/#breadcrumb"},"inLanguage":"pt-BR","potentialAction":[{"@type":"ReadAction","target":["https:\/\/pizzornowines.com\/product\/premium-tinaja\/"]}]},{"@type":"ImageObject","inLanguage":"pt-BR","@id":"https:\/\/pizzornowines.com\/product\/premium-tinaja\/#primaryimage","url":"https:\/\/pizzornowines.com\/wp-content\/uploads\/2023\/04\/Premium-Tinaja.png","contentUrl":"https:\/\/pizzornowines.com\/wp-content\/uploads\/2023\/04\/Premium-Tinaja.png","width":319,"height":780},{"@type":"BreadcrumbList","@id":"https:\/\/pizzornowines.com\/product\/premium-tinaja\/#breadcrumb","itemListElement":[{"@type":"ListItem","position":1,"name":"Home","item":"https:\/\/pizzornowines.com\/"},{"@type":"ListItem","position":2,"name":"Shop","item":"https:\/\/pizzornowines.com\/?page_id=96"},{"@type":"ListItem","position":3,"name":"PREMIUM TINAJA"}]},{"@type":"WebSite","@id":"https:\/\/pizzornowines.com\/#website","url":"https:\/\/pizzornowines.com\/","name":"Pizzorno Family Estates","description":"Pasi\u00f3n por la tierra y el vino","publisher":{"@id":"https:\/\/pizzornowines.com\/#organization"},"potentialAction":[{"@type":"SearchAction","target":{"@type":"EntryPoint","urlTemplate":"https:\/\/pizzornowines.com\/?s={search_term_string}"},"query-input":{"@type":"PropertyValueSpecification","valueRequired":true,"valueName":"search_term_string"}}],"inLanguage":"pt-BR"},{"@type":"Organization","@id":"https:\/\/pizzornowines.com\/#organization","name":"Pizzorno Family Estates","url":"https:\/\/pizzornowines.com\/","logo":{"@type":"ImageObject","inLanguage":"pt-BR","@id":"https:\/\/pizzornowines.com\/#\/schema\/logo\/image\/","url":"https:\/\/pizzornowines.com\/wp-content\/uploads\/Pizzorno-Family-Estate-logo.svg","contentUrl":"https:\/\/pizzornowines.com\/wp-content\/uploads\/Pizzorno-Family-Estate-logo.svg","width":422,"height":283,"caption":"Pizzorno Family Estates"},"image":{"@id":"https:\/\/pizzornowines.com\/#\/schema\/logo\/image\/"},"sameAs":["https:\/\/www.facebook.com\/pizzorno.family.estates"]}]}},"_links":{"self":[{"href":"https:\/\/pizzornowines.com\/pt\/wp-json\/wp\/v2\/product\/256","targetHints":{"allow":["GET"]}}],"collection":[{"href":"https:\/\/pizzornowines.com\/pt\/wp-json\/wp\/v2\/product"}],"about":[{"href":"https:\/\/pizzornowines.com\/pt\/wp-json\/wp\/v2\/types\/product"}],"replies":[{"embeddable":true,"href":"https:\/\/pizzornowines.com\/pt\/wp-json\/wp\/v2\/comments?post=256"}],"version-history":[{"count":4,"href":"https:\/\/pizzornowines.com\/pt\/wp-json\/wp\/v2\/product\/256\/revisions"}],"predecessor-version":[{"id":2742,"href":"https:\/\/pizzornowines.com\/pt\/wp-json\/wp\/v2\/product\/256\/revisions\/2742"}],"wp:featuredmedia":[{"embeddable":true,"href":"https:\/\/pizzornowines.com\/pt\/wp-json\/wp\/v2\/media\/195"}],"wp:attachment":[{"href":"https:\/\/pizzornowines.com\/pt\/wp-json\/wp\/v2\/media?parent=256"}],"wp:term":[{"taxonomy":"tipo-visita","embeddable":true,"href":"https:\/\/pizzornowines.com\/pt\/wp-json\/wp\/v2\/tipo-visita?post=256"},{"taxonomy":"product_brand","embeddable":true,"href":"https:\/\/pizzornowines.com\/pt\/wp-json\/wp\/v2\/product_brand?post=256"},{"taxonomy":"product_cat","embeddable":true,"href":"https:\/\/pizzornowines.com\/pt\/wp-json\/wp\/v2\/product_cat?post=256"},{"taxonomy":"product_tag","embeddable":true,"href":"https:\/\/pizzornowines.com\/pt\/wp-json\/wp\/v2\/product_tag?post=256"}],"curies":[{"name":"wp","href":"https:\/\/api.w.org\/{rel}","templated":true}]}}