{"id":253,"date":"2023-04-24T16:37:59","date_gmt":"2023-04-24T19:37:59","guid":{"rendered":"http:\/\/pizzornowines.com\/?post_type=product&#038;p=13913"},"modified":"2025-06-29T12:09:45","modified_gmt":"2025-06-29T15:09:45","slug":"premium-10-000-m","status":"publish","type":"product","link":"https:\/\/pizzornowines.com\/pt\/produto\/premium-10-000-m\/","title":{"rendered":"10.000 M &#8211; Bordeaux Blend"},"content":{"rendered":"<p>&#x1f947; 93 DESCORCHADOS<\/p>\n<p>Se produce solamente en las mejores cosechas de nuestro pa\u00eds para mantener la calidad de este extraordinario <em>assemblage.<\/em><\/p>\n<p>Fruto de la excepcional cosecha 2018 de las variedades Tannat 47 %, Malbec 30%, Merlot 23%, con una rigurosa selecci\u00f3n de racimos cosechados a mano, y que al ingreso a la bodega son sometidos a una segunda selecci\u00f3n grano a grano.<br \/>\nVinificaci\u00f3n tradicional de cada variedad obteniendo el m\u00e1ximo potencial de cada una de ellas con posterior crianza de 12 meses en roble franc\u00e9s de primer uso del bosque de Alliers. La degustaci\u00f3n peri\u00f3dica y cuidadosa de cada barrica es determinante para decidir el\u00a0<em>assemblage<\/em>\u00a0final, que luego es sometido a una nueva crianza en roble franc\u00e9s por 12 meses, logrando integrar todas sus mejores cualidades y resaltar la complejidad del corte final , adem\u00e1s de la pasi\u00f3n y experiencia de la familia.<br \/>\nLa degustaci\u00f3n peri\u00f3dica y cuidadosa de cada barrica es determinante para decidir el assamblage final, que luego es sometido a una nueva crianza en roble franc\u00e9s por 12 meses, logrando integrar todas sus mejores cualidades y resaltar la complejidad del corte final , adem\u00e1s de la pasi\u00f3n y experiencia de la familia.<\/p>","protected":false},"excerpt":{"rendered":"<p>10.000 Millas Bordeaux Blend es un homenaje al legado vitivin\u00edcola que cruza oc\u00e9anos y generaciones. Elaborado a partir de variedades cl\u00e1sicas del sudoeste franc\u00e9s, este vino encarna la fusi\u00f3n entre el terru\u00f1o uruguayo y la elegancia bordelesa.<\/p>\n<p>Como parte de la l\u00ednea 10.000 Millas, est\u00e1 inspirado en la historia de Gianfranco Percovich, uruguayo radicado en Texas, y su conexi\u00f3n con la familia Pizzorno. Son las 10.000 millas que unen tierras, culturas y ra\u00edces, y cada botella es testimonio de ese encuentro.<\/p>\n<p>Este blend es una interpretaci\u00f3n moderna y refinada de un cl\u00e1sico, pensado para quienes valoran los vinos con car\u00e1cter, identidad y una historia que contar.<\/p>","protected":false},"featured_media":254,"comment_status":"closed","ping_status":"closed","template":"","meta":{"_acf_changed":false,"_joinchat":[]},"tipo-visita":[],"product_brand":[],"product_cat":[30],"product_tag":[],"class_list":{"0":"post-253","1":"product","2":"type-product","3":"status-publish","4":"has-post-thumbnail","6":"product_cat-10-000-millas","8":"first","9":"instock","10":"shipping-taxable","11":"product-type-simple"},"exclude_global_add_ons":[],"addons":[],"acf":[],"yoast_head":"<!-- This site is optimized with the Yoast SEO plugin v27.4 - https:\/\/yoast.com\/product\/yoast-seo-wordpress\/ -->\n<title>10.000 M - Bordeaux Blend - Pizzorno Family Estates<\/title>\n<meta name=\"robots\" content=\"noindex, follow, max-snippet:-1, max-image-preview:large, max-video-preview:-1\" \/>\n<meta property=\"og:locale\" content=\"pt_BR\" \/>\n<meta property=\"og:type\" content=\"article\" \/>\n<meta property=\"og:title\" content=\"10.000 M - Bordeaux Blend - Pizzorno Family Estates\" \/>\n<meta property=\"og:description\" content=\"10.000 Millas Bordeaux Blend es un homenaje al legado vitivin\u00edcola que cruza oc\u00e9anos y generaciones. Elaborado a partir de variedades cl\u00e1sicas del sudoeste franc\u00e9s, este vino encarna la fusi\u00f3n entre el terru\u00f1o uruguayo y la elegancia bordelesa.  Como parte de la l\u00ednea 10.000 Millas, est\u00e1 inspirado en la historia de Gianfranco Percovich, uruguayo radicado en Texas, y su conexi\u00f3n con la familia Pizzorno. Son las 10.000 millas que unen tierras, culturas y ra\u00edces, y cada botella es testimonio de ese encuentro.  Este blend es una interpretaci\u00f3n moderna y refinada de un cl\u00e1sico, pensado para quienes valoran los vinos con car\u00e1cter, identidad y una historia que contar.\" \/>\n<meta property=\"og:url\" content=\"https:\/\/pizzornowines.com\/pt\/produto\/premium-10-000-m\/\" \/>\n<meta property=\"og:site_name\" content=\"Pizzorno Family Estates\" \/>\n<meta property=\"article:publisher\" content=\"https:\/\/www.facebook.com\/pizzorno.family.estates\" \/>\n<meta property=\"article:modified_time\" content=\"2025-06-29T15:09:45+00:00\" \/>\n<meta property=\"og:image\" content=\"https:\/\/pizzornowines.com\/wp-content\/uploads\/2023\/09\/Red-Bland-scaled.jpg\" \/>\n\t<meta property=\"og:image:width\" content=\"708\" \/>\n\t<meta property=\"og:image:height\" content=\"1920\" \/>\n\t<meta property=\"og:image:type\" content=\"image\/jpeg\" \/>\n<meta name=\"twitter:card\" content=\"summary_large_image\" \/>\n<meta name=\"twitter:label1\" content=\"Est. tempo de leitura\" \/>\n\t<meta name=\"twitter:data1\" content=\"1 minuto\" \/>\n<script type=\"application\/ld+json\" class=\"yoast-schema-graph\">{\"@context\":\"https:\\\/\\\/schema.org\",\"@graph\":[{\"@type\":\"WebPage\",\"@id\":\"https:\\\/\\\/pizzornowines.com\\\/product\\\/premium-10-000-m\\\/\",\"url\":\"https:\\\/\\\/pizzornowines.com\\\/product\\\/premium-10-000-m\\\/\",\"name\":\"10.000 M - Bordeaux Blend - Pizzorno Family Estates\",\"isPartOf\":{\"@id\":\"https:\\\/\\\/pizzornowines.com\\\/#website\"},\"primaryImageOfPage\":{\"@id\":\"https:\\\/\\\/pizzornowines.com\\\/product\\\/premium-10-000-m\\\/#primaryimage\"},\"image\":{\"@id\":\"https:\\\/\\\/pizzornowines.com\\\/product\\\/premium-10-000-m\\\/#primaryimage\"},\"thumbnailUrl\":\"https:\\\/\\\/pizzornowines.com\\\/wp-content\\\/uploads\\\/2023\\\/09\\\/Red-Bland-scaled.jpg\",\"datePublished\":\"2023-04-24T19:37:59+00:00\",\"dateModified\":\"2025-06-29T15:09:45+00:00\",\"breadcrumb\":{\"@id\":\"https:\\\/\\\/pizzornowines.com\\\/product\\\/premium-10-000-m\\\/#breadcrumb\"},\"inLanguage\":\"pt-BR\",\"potentialAction\":[{\"@type\":\"ReadAction\",\"target\":[\"https:\\\/\\\/pizzornowines.com\\\/product\\\/premium-10-000-m\\\/\"]}]},{\"@type\":\"ImageObject\",\"inLanguage\":\"pt-BR\",\"@id\":\"https:\\\/\\\/pizzornowines.com\\\/product\\\/premium-10-000-m\\\/#primaryimage\",\"url\":\"https:\\\/\\\/pizzornowines.com\\\/wp-content\\\/uploads\\\/2023\\\/09\\\/Red-Bland-scaled.jpg\",\"contentUrl\":\"https:\\\/\\\/pizzornowines.com\\\/wp-content\\\/uploads\\\/2023\\\/09\\\/Red-Bland-scaled.jpg\",\"width\":708,\"height\":1920},{\"@type\":\"BreadcrumbList\",\"@id\":\"https:\\\/\\\/pizzornowines.com\\\/product\\\/premium-10-000-m\\\/#breadcrumb\",\"itemListElement\":[{\"@type\":\"ListItem\",\"position\":1,\"name\":\"Home\",\"item\":\"https:\\\/\\\/pizzornowines.com\\\/\"},{\"@type\":\"ListItem\",\"position\":2,\"name\":\"Shop\",\"item\":\"https:\\\/\\\/pizzornowines.com\\\/?page_id=96\"},{\"@type\":\"ListItem\",\"position\":3,\"name\":\"10.000 M &#8211; Bordeaux Blend\"}]},{\"@type\":\"WebSite\",\"@id\":\"https:\\\/\\\/pizzornowines.com\\\/#website\",\"url\":\"https:\\\/\\\/pizzornowines.com\\\/\",\"name\":\"Pizzorno Family Estates\",\"description\":\"Pasi\u00f3n por la tierra y el vino\",\"publisher\":{\"@id\":\"https:\\\/\\\/pizzornowines.com\\\/#organization\"},\"potentialAction\":[{\"@type\":\"SearchAction\",\"target\":{\"@type\":\"EntryPoint\",\"urlTemplate\":\"https:\\\/\\\/pizzornowines.com\\\/?s={search_term_string}\"},\"query-input\":{\"@type\":\"PropertyValueSpecification\",\"valueRequired\":true,\"valueName\":\"search_term_string\"}}],\"inLanguage\":\"pt-BR\"},{\"@type\":\"Organization\",\"@id\":\"https:\\\/\\\/pizzornowines.com\\\/#organization\",\"name\":\"Pizzorno Family Estates\",\"url\":\"https:\\\/\\\/pizzornowines.com\\\/\",\"logo\":{\"@type\":\"ImageObject\",\"inLanguage\":\"pt-BR\",\"@id\":\"https:\\\/\\\/pizzornowines.com\\\/#\\\/schema\\\/logo\\\/image\\\/\",\"url\":\"https:\\\/\\\/pizzornowines.com\\\/wp-content\\\/uploads\\\/Pizzorno-Family-Estate-logo.svg\",\"contentUrl\":\"https:\\\/\\\/pizzornowines.com\\\/wp-content\\\/uploads\\\/Pizzorno-Family-Estate-logo.svg\",\"width\":422,\"height\":283,\"caption\":\"Pizzorno Family Estates\"},\"image\":{\"@id\":\"https:\\\/\\\/pizzornowines.com\\\/#\\\/schema\\\/logo\\\/image\\\/\"},\"sameAs\":[\"https:\\\/\\\/www.facebook.com\\\/pizzorno.family.estates\"]}]}<\/script>\n<!-- \/ Yoast SEO plugin. -->","yoast_head_json":{"title":"10.000 M - Bordeaux Blend - Pizzorno Family Estates","robots":{"index":"noindex","follow":"follow","max-snippet":"max-snippet:-1","max-image-preview":"max-image-preview:large","max-video-preview":"max-video-preview:-1"},"og_locale":"pt_BR","og_type":"article","og_title":"10.000 M - Bordeaux Blend - Pizzorno Family Estates","og_description":"10.000 Millas Bordeaux Blend es un homenaje al legado vitivin\u00edcola que cruza oc\u00e9anos y generaciones. Elaborado a partir de variedades cl\u00e1sicas del sudoeste franc\u00e9s, este vino encarna la fusi\u00f3n entre el terru\u00f1o uruguayo y la elegancia bordelesa.  Como parte de la l\u00ednea 10.000 Millas, est\u00e1 inspirado en la historia de Gianfranco Percovich, uruguayo radicado en Texas, y su conexi\u00f3n con la familia Pizzorno. Son las 10.000 millas que unen tierras, culturas y ra\u00edces, y cada botella es testimonio de ese encuentro.  Este blend es una interpretaci\u00f3n moderna y refinada de un cl\u00e1sico, pensado para quienes valoran los vinos con car\u00e1cter, identidad y una historia que contar.","og_url":"https:\/\/pizzornowines.com\/pt\/produto\/premium-10-000-m\/","og_site_name":"Pizzorno Family Estates","article_publisher":"https:\/\/www.facebook.com\/pizzorno.family.estates","article_modified_time":"2025-06-29T15:09:45+00:00","og_image":[{"width":708,"height":1920,"url":"https:\/\/pizzornowines.com\/wp-content\/uploads\/2023\/09\/Red-Bland-scaled.jpg","type":"image\/jpeg"}],"twitter_card":"summary_large_image","twitter_misc":{"Est. tempo de leitura":"1 minuto"},"schema":{"@context":"https:\/\/schema.org","@graph":[{"@type":"WebPage","@id":"https:\/\/pizzornowines.com\/product\/premium-10-000-m\/","url":"https:\/\/pizzornowines.com\/product\/premium-10-000-m\/","name":"10.000 M - Bordeaux Blend - Pizzorno Family Estates","isPartOf":{"@id":"https:\/\/pizzornowines.com\/#website"},"primaryImageOfPage":{"@id":"https:\/\/pizzornowines.com\/product\/premium-10-000-m\/#primaryimage"},"image":{"@id":"https:\/\/pizzornowines.com\/product\/premium-10-000-m\/#primaryimage"},"thumbnailUrl":"https:\/\/pizzornowines.com\/wp-content\/uploads\/2023\/09\/Red-Bland-scaled.jpg","datePublished":"2023-04-24T19:37:59+00:00","dateModified":"2025-06-29T15:09:45+00:00","breadcrumb":{"@id":"https:\/\/pizzornowines.com\/product\/premium-10-000-m\/#breadcrumb"},"inLanguage":"pt-BR","potentialAction":[{"@type":"ReadAction","target":["https:\/\/pizzornowines.com\/product\/premium-10-000-m\/"]}]},{"@type":"ImageObject","inLanguage":"pt-BR","@id":"https:\/\/pizzornowines.com\/product\/premium-10-000-m\/#primaryimage","url":"https:\/\/pizzornowines.com\/wp-content\/uploads\/2023\/09\/Red-Bland-scaled.jpg","contentUrl":"https:\/\/pizzornowines.com\/wp-content\/uploads\/2023\/09\/Red-Bland-scaled.jpg","width":708,"height":1920},{"@type":"BreadcrumbList","@id":"https:\/\/pizzornowines.com\/product\/premium-10-000-m\/#breadcrumb","itemListElement":[{"@type":"ListItem","position":1,"name":"Home","item":"https:\/\/pizzornowines.com\/"},{"@type":"ListItem","position":2,"name":"Shop","item":"https:\/\/pizzornowines.com\/?page_id=96"},{"@type":"ListItem","position":3,"name":"10.000 M &#8211; Bordeaux Blend"}]},{"@type":"WebSite","@id":"https:\/\/pizzornowines.com\/#website","url":"https:\/\/pizzornowines.com\/","name":"Pizzorno Family Estates","description":"Pasi\u00f3n por la tierra y el vino","publisher":{"@id":"https:\/\/pizzornowines.com\/#organization"},"potentialAction":[{"@type":"SearchAction","target":{"@type":"EntryPoint","urlTemplate":"https:\/\/pizzornowines.com\/?s={search_term_string}"},"query-input":{"@type":"PropertyValueSpecification","valueRequired":true,"valueName":"search_term_string"}}],"inLanguage":"pt-BR"},{"@type":"Organization","@id":"https:\/\/pizzornowines.com\/#organization","name":"Pizzorno Family Estates","url":"https:\/\/pizzornowines.com\/","logo":{"@type":"ImageObject","inLanguage":"pt-BR","@id":"https:\/\/pizzornowines.com\/#\/schema\/logo\/image\/","url":"https:\/\/pizzornowines.com\/wp-content\/uploads\/Pizzorno-Family-Estate-logo.svg","contentUrl":"https:\/\/pizzornowines.com\/wp-content\/uploads\/Pizzorno-Family-Estate-logo.svg","width":422,"height":283,"caption":"Pizzorno Family Estates"},"image":{"@id":"https:\/\/pizzornowines.com\/#\/schema\/logo\/image\/"},"sameAs":["https:\/\/www.facebook.com\/pizzorno.family.estates"]}]}},"_links":{"self":[{"href":"https:\/\/pizzornowines.com\/pt\/wp-json\/wp\/v2\/product\/253","targetHints":{"allow":["GET"]}}],"collection":[{"href":"https:\/\/pizzornowines.com\/pt\/wp-json\/wp\/v2\/product"}],"about":[{"href":"https:\/\/pizzornowines.com\/pt\/wp-json\/wp\/v2\/types\/product"}],"replies":[{"embeddable":true,"href":"https:\/\/pizzornowines.com\/pt\/wp-json\/wp\/v2\/comments?post=253"}],"version-history":[{"count":3,"href":"https:\/\/pizzornowines.com\/pt\/wp-json\/wp\/v2\/product\/253\/revisions"}],"predecessor-version":[{"id":2728,"href":"https:\/\/pizzornowines.com\/pt\/wp-json\/wp\/v2\/product\/253\/revisions\/2728"}],"wp:featuredmedia":[{"embeddable":true,"href":"https:\/\/pizzornowines.com\/pt\/wp-json\/wp\/v2\/media\/254"}],"wp:attachment":[{"href":"https:\/\/pizzornowines.com\/pt\/wp-json\/wp\/v2\/media?parent=253"}],"wp:term":[{"taxonomy":"tipo-visita","embeddable":true,"href":"https:\/\/pizzornowines.com\/pt\/wp-json\/wp\/v2\/tipo-visita?post=253"},{"taxonomy":"product_brand","embeddable":true,"href":"https:\/\/pizzornowines.com\/pt\/wp-json\/wp\/v2\/product_brand?post=253"},{"taxonomy":"product_cat","embeddable":true,"href":"https:\/\/pizzornowines.com\/pt\/wp-json\/wp\/v2\/product_cat?post=253"},{"taxonomy":"product_tag","embeddable":true,"href":"https:\/\/pizzornowines.com\/pt\/wp-json\/wp\/v2\/product_tag?post=253"}],"curies":[{"name":"wp","href":"https:\/\/api.w.org\/{rel}","templated":true}]}}