{"id":226,"date":"2023-06-01T15:47:05","date_gmt":"2023-06-01T18:47:05","guid":{"rendered":"http:\/\/pizzornowines.com\/producto\/primo-2020\/"},"modified":"2026-03-14T12:25:10","modified_gmt":"2026-03-14T15:25:10","slug":"primo-2020","status":"publish","type":"product","link":"https:\/\/pizzornowines.com\/pt\/produto\/primo-2020\/","title":{"rendered":"PRIMO 2020"},"content":{"rendered":"<p>Vino \u00edcono de Bodega Pizzorno, creado para conmemorar los 100 a\u00f1os de nuestro establecimiento. Se produce solamente en las mejores cosechas de nuestro pa\u00eds para mantener la calidad de este extraordinario assemblage.<\/p>\n<p>Fruto de la excepcional cosecha 2020, la mejor cosecha de las \u00faltimas d\u00e9cadas en nuestro pa\u00eds, se compone de las variedades Tannat 50%, Malbec 27%, Cabernet Franc 15% y Petit Verdot 8%, con una rigurosa selecci\u00f3n de racimos cosechados a mano, y que al ingreso a la bodega son sometidos a una segunda selecci\u00f3n grano a grano.<br \/>\nVinificaci\u00f3n tradicional de cada variedad obteniendo el m\u00e1ximo potencial de cada una de ellas con posterior crianza de 12 meses en roble franc\u00e9s de primer uso del bosque de Alliers. La degustaci\u00f3n peri\u00f3dica y cuidadosa de cada barrica es determinante para decidir el\u00a0<em>assemblage<\/em>\u00a0final, que luego es sometido a una nueva crianza en roble franc\u00e9s por 12 meses, logrando integrar todas sus mejores cualidades y resaltar la complejidad del corte final , adem\u00e1s de la pasi\u00f3n y experiencia de la familia.<br \/>\nLa degustaci\u00f3n peri\u00f3dica y cuidadosa de cada barrica es determinante para decidir el assamblage final, que luego es sometido a una nueva crianza en roble franc\u00e9s por 12 meses, logrando integrar todas sus mejores cualidades y resaltar la complejidad del corte final , adem\u00e1s de la pasi\u00f3n y experiencia de la familia.<\/p>","protected":false},"excerpt":{"rendered":"<p>Primo 2020 es una de las expresiones m\u00e1s destacadas de nuestro vino \u00edcono, elaborado \u00fanicamente en cosechas excepcionales.<\/p>\n<p>Esta edici\u00f3n limitada nace del equilibrio natural que ofreci\u00f3 el a\u00f1o 2020: condiciones ideales para una maduraci\u00f3n lenta, que nos permitieron obtener uvas de calidad sobresaliente, con gran expresi\u00f3n arom\u00e1tica y taninos pulidos.<\/p>\n<p>Como en cada edici\u00f3n, la elaboraci\u00f3n fue artesanal y rigurosa. La cosecha fue manual, con una doble selecci\u00f3n: primero de racimos y luego grano a grano al ingresar a bodega. Cada variedad fue vinificada por separado para preservar su car\u00e1cter individual y alcanzar su m\u00e1ximo potencial.<\/p>\n<p>El vino fue criado durante 12 meses en barricas nuevas de roble franc\u00e9s del bosque de Alliers. Luego de intensas catas barrica por barrica, se defini\u00f3 el blend final, que volvi\u00f3 a barrica por otros 12 meses, logrando una integraci\u00f3n profunda y armoniosa.<\/p>\n<p>Primo fue nuestro primer vino \u00edcono, y por eso lo llamamos as\u00ed: el primero. Una edici\u00f3n limitada, pensada para quienes buscan la m\u00e1xima expresi\u00f3n de nuestra identidad como bodega familiar.<\/p>\n<p>\ud83e\udd47 95 pts Tim Atkin | 92 pts James Suckling<\/p>","protected":false},"featured_media":227,"comment_status":"closed","ping_status":"closed","template":"","meta":{"_acf_changed":false,"_joinchat":[]},"tipo-visita":[],"product_brand":[],"product_cat":[31],"product_tag":[],"class_list":{"0":"post-226","1":"product","2":"type-product","3":"status-publish","4":"has-post-thumbnail","6":"product_cat-premium","8":"first","9":"instock","10":"shipping-taxable","11":"product-type-simple"},"exclude_global_add_ons":[],"addons":[],"acf":[],"yoast_head":"<!-- This site is optimized with the Yoast SEO plugin v27.4 - https:\/\/yoast.com\/product\/yoast-seo-wordpress\/ -->\n<title>PRIMO 2020 - Pizzorno Family Estates<\/title>\n<meta name=\"robots\" content=\"noindex, follow, max-snippet:-1, max-image-preview:large, max-video-preview:-1\" \/>\n<meta property=\"og:locale\" content=\"pt_BR\" \/>\n<meta property=\"og:type\" content=\"article\" \/>\n<meta property=\"og:title\" content=\"PRIMO 2020 - Pizzorno Family Estates\" \/>\n<meta property=\"og:description\" content=\"Primo 2020 es una de las expresiones m\u00e1s destacadas de nuestro vino \u00edcono, elaborado \u00fanicamente en cosechas excepcionales.  Esta edici\u00f3n limitada nace del equilibrio natural que ofreci\u00f3 el a\u00f1o 2020: condiciones ideales para una maduraci\u00f3n lenta, que nos permitieron obtener uvas de calidad sobresaliente, con gran expresi\u00f3n arom\u00e1tica y taninos pulidos.  Como en cada edici\u00f3n, la elaboraci\u00f3n fue artesanal y rigurosa. La cosecha fue manual, con una doble selecci\u00f3n: primero de racimos y luego grano a grano al ingresar a bodega. Cada variedad fue vinificada por separado para preservar su car\u00e1cter individual y alcanzar su m\u00e1ximo potencial.  El vino fue criado durante 12 meses en barricas nuevas de roble franc\u00e9s del bosque de Alliers. Luego de intensas catas barrica por barrica, se defini\u00f3 el blend final, que volvi\u00f3 a barrica por otros 12 meses, logrando una integraci\u00f3n profunda y armoniosa.  Primo fue nuestro primer vino \u00edcono, y por eso lo llamamos as\u00ed: el primero. Una edici\u00f3n limitada, pensada para quienes buscan la m\u00e1xima expresi\u00f3n de nuestra identidad como bodega familiar.  \ud83e\udd47 95 pts Tim Atkin | 92 pts James Suckling\" \/>\n<meta property=\"og:url\" content=\"https:\/\/pizzornowines.com\/pt\/produto\/primo-2020\/\" \/>\n<meta property=\"og:site_name\" content=\"Pizzorno Family Estates\" \/>\n<meta property=\"article:publisher\" content=\"https:\/\/www.facebook.com\/pizzorno.family.estates\" \/>\n<meta property=\"article:modified_time\" content=\"2026-03-14T15:25:10+00:00\" \/>\n<meta property=\"og:image\" content=\"https:\/\/pizzornowines.com\/wp-content\/uploads\/2023\/06\/PRIMO.webp\" \/>\n\t<meta property=\"og:image:width\" content=\"255\" \/>\n\t<meta property=\"og:image:height\" content=\"780\" \/>\n\t<meta property=\"og:image:type\" content=\"image\/webp\" \/>\n<meta name=\"twitter:card\" content=\"summary_large_image\" \/>\n<meta name=\"twitter:label1\" content=\"Est. tempo de leitura\" \/>\n\t<meta name=\"twitter:data1\" content=\"1 minuto\" \/>\n<script type=\"application\/ld+json\" class=\"yoast-schema-graph\">{\"@context\":\"https:\\\/\\\/schema.org\",\"@graph\":[{\"@type\":\"WebPage\",\"@id\":\"https:\\\/\\\/pizzornowines.com\\\/product\\\/primo-2020\\\/\",\"url\":\"https:\\\/\\\/pizzornowines.com\\\/product\\\/primo-2020\\\/\",\"name\":\"PRIMO 2020 - Pizzorno Family Estates\",\"isPartOf\":{\"@id\":\"https:\\\/\\\/pizzornowines.com\\\/#website\"},\"primaryImageOfPage\":{\"@id\":\"https:\\\/\\\/pizzornowines.com\\\/product\\\/primo-2020\\\/#primaryimage\"},\"image\":{\"@id\":\"https:\\\/\\\/pizzornowines.com\\\/product\\\/primo-2020\\\/#primaryimage\"},\"thumbnailUrl\":\"https:\\\/\\\/pizzornowines.com\\\/wp-content\\\/uploads\\\/2023\\\/06\\\/PRIMO.webp\",\"datePublished\":\"2023-06-01T18:47:05+00:00\",\"dateModified\":\"2026-03-14T15:25:10+00:00\",\"breadcrumb\":{\"@id\":\"https:\\\/\\\/pizzornowines.com\\\/product\\\/primo-2020\\\/#breadcrumb\"},\"inLanguage\":\"pt-BR\",\"potentialAction\":[{\"@type\":\"ReadAction\",\"target\":[\"https:\\\/\\\/pizzornowines.com\\\/product\\\/primo-2020\\\/\"]}]},{\"@type\":\"ImageObject\",\"inLanguage\":\"pt-BR\",\"@id\":\"https:\\\/\\\/pizzornowines.com\\\/product\\\/primo-2020\\\/#primaryimage\",\"url\":\"https:\\\/\\\/pizzornowines.com\\\/wp-content\\\/uploads\\\/2023\\\/06\\\/PRIMO.webp\",\"contentUrl\":\"https:\\\/\\\/pizzornowines.com\\\/wp-content\\\/uploads\\\/2023\\\/06\\\/PRIMO.webp\",\"width\":255,\"height\":780},{\"@type\":\"BreadcrumbList\",\"@id\":\"https:\\\/\\\/pizzornowines.com\\\/product\\\/primo-2020\\\/#breadcrumb\",\"itemListElement\":[{\"@type\":\"ListItem\",\"position\":1,\"name\":\"Home\",\"item\":\"https:\\\/\\\/pizzornowines.com\\\/\"},{\"@type\":\"ListItem\",\"position\":2,\"name\":\"Shop\",\"item\":\"https:\\\/\\\/pizzornowines.com\\\/?page_id=96\"},{\"@type\":\"ListItem\",\"position\":3,\"name\":\"PRIMO 2020\"}]},{\"@type\":\"WebSite\",\"@id\":\"https:\\\/\\\/pizzornowines.com\\\/#website\",\"url\":\"https:\\\/\\\/pizzornowines.com\\\/\",\"name\":\"Pizzorno Family Estates\",\"description\":\"Pasi\u00f3n por la tierra y el vino\",\"publisher\":{\"@id\":\"https:\\\/\\\/pizzornowines.com\\\/#organization\"},\"potentialAction\":[{\"@type\":\"SearchAction\",\"target\":{\"@type\":\"EntryPoint\",\"urlTemplate\":\"https:\\\/\\\/pizzornowines.com\\\/?s={search_term_string}\"},\"query-input\":{\"@type\":\"PropertyValueSpecification\",\"valueRequired\":true,\"valueName\":\"search_term_string\"}}],\"inLanguage\":\"pt-BR\"},{\"@type\":\"Organization\",\"@id\":\"https:\\\/\\\/pizzornowines.com\\\/#organization\",\"name\":\"Pizzorno Family Estates\",\"url\":\"https:\\\/\\\/pizzornowines.com\\\/\",\"logo\":{\"@type\":\"ImageObject\",\"inLanguage\":\"pt-BR\",\"@id\":\"https:\\\/\\\/pizzornowines.com\\\/#\\\/schema\\\/logo\\\/image\\\/\",\"url\":\"https:\\\/\\\/pizzornowines.com\\\/wp-content\\\/uploads\\\/Pizzorno-Family-Estate-logo.svg\",\"contentUrl\":\"https:\\\/\\\/pizzornowines.com\\\/wp-content\\\/uploads\\\/Pizzorno-Family-Estate-logo.svg\",\"width\":422,\"height\":283,\"caption\":\"Pizzorno Family Estates\"},\"image\":{\"@id\":\"https:\\\/\\\/pizzornowines.com\\\/#\\\/schema\\\/logo\\\/image\\\/\"},\"sameAs\":[\"https:\\\/\\\/www.facebook.com\\\/pizzorno.family.estates\"]}]}<\/script>\n<!-- \/ Yoast SEO plugin. -->","yoast_head_json":{"title":"PRIMO 2020 - Pizzorno Family Estates","robots":{"index":"noindex","follow":"follow","max-snippet":"max-snippet:-1","max-image-preview":"max-image-preview:large","max-video-preview":"max-video-preview:-1"},"og_locale":"pt_BR","og_type":"article","og_title":"PRIMO 2020 - Pizzorno Family Estates","og_description":"Primo 2020 es una de las expresiones m\u00e1s destacadas de nuestro vino \u00edcono, elaborado \u00fanicamente en cosechas excepcionales.  Esta edici\u00f3n limitada nace del equilibrio natural que ofreci\u00f3 el a\u00f1o 2020: condiciones ideales para una maduraci\u00f3n lenta, que nos permitieron obtener uvas de calidad sobresaliente, con gran expresi\u00f3n arom\u00e1tica y taninos pulidos.  Como en cada edici\u00f3n, la elaboraci\u00f3n fue artesanal y rigurosa. La cosecha fue manual, con una doble selecci\u00f3n: primero de racimos y luego grano a grano al ingresar a bodega. Cada variedad fue vinificada por separado para preservar su car\u00e1cter individual y alcanzar su m\u00e1ximo potencial.  El vino fue criado durante 12 meses en barricas nuevas de roble franc\u00e9s del bosque de Alliers. Luego de intensas catas barrica por barrica, se defini\u00f3 el blend final, que volvi\u00f3 a barrica por otros 12 meses, logrando una integraci\u00f3n profunda y armoniosa.  Primo fue nuestro primer vino \u00edcono, y por eso lo llamamos as\u00ed: el primero. Una edici\u00f3n limitada, pensada para quienes buscan la m\u00e1xima expresi\u00f3n de nuestra identidad como bodega familiar.  \ud83e\udd47 95 pts Tim Atkin | 92 pts James Suckling","og_url":"https:\/\/pizzornowines.com\/pt\/produto\/primo-2020\/","og_site_name":"Pizzorno Family Estates","article_publisher":"https:\/\/www.facebook.com\/pizzorno.family.estates","article_modified_time":"2026-03-14T15:25:10+00:00","og_image":[{"width":255,"height":780,"url":"https:\/\/pizzornowines.com\/wp-content\/uploads\/2023\/06\/PRIMO.webp","type":"image\/webp"}],"twitter_card":"summary_large_image","twitter_misc":{"Est. tempo de leitura":"1 minuto"},"schema":{"@context":"https:\/\/schema.org","@graph":[{"@type":"WebPage","@id":"https:\/\/pizzornowines.com\/product\/primo-2020\/","url":"https:\/\/pizzornowines.com\/product\/primo-2020\/","name":"PRIMO 2020 - Pizzorno Family Estates","isPartOf":{"@id":"https:\/\/pizzornowines.com\/#website"},"primaryImageOfPage":{"@id":"https:\/\/pizzornowines.com\/product\/primo-2020\/#primaryimage"},"image":{"@id":"https:\/\/pizzornowines.com\/product\/primo-2020\/#primaryimage"},"thumbnailUrl":"https:\/\/pizzornowines.com\/wp-content\/uploads\/2023\/06\/PRIMO.webp","datePublished":"2023-06-01T18:47:05+00:00","dateModified":"2026-03-14T15:25:10+00:00","breadcrumb":{"@id":"https:\/\/pizzornowines.com\/product\/primo-2020\/#breadcrumb"},"inLanguage":"pt-BR","potentialAction":[{"@type":"ReadAction","target":["https:\/\/pizzornowines.com\/product\/primo-2020\/"]}]},{"@type":"ImageObject","inLanguage":"pt-BR","@id":"https:\/\/pizzornowines.com\/product\/primo-2020\/#primaryimage","url":"https:\/\/pizzornowines.com\/wp-content\/uploads\/2023\/06\/PRIMO.webp","contentUrl":"https:\/\/pizzornowines.com\/wp-content\/uploads\/2023\/06\/PRIMO.webp","width":255,"height":780},{"@type":"BreadcrumbList","@id":"https:\/\/pizzornowines.com\/product\/primo-2020\/#breadcrumb","itemListElement":[{"@type":"ListItem","position":1,"name":"Home","item":"https:\/\/pizzornowines.com\/"},{"@type":"ListItem","position":2,"name":"Shop","item":"https:\/\/pizzornowines.com\/?page_id=96"},{"@type":"ListItem","position":3,"name":"PRIMO 2020"}]},{"@type":"WebSite","@id":"https:\/\/pizzornowines.com\/#website","url":"https:\/\/pizzornowines.com\/","name":"Pizzorno Family Estates","description":"Pasi\u00f3n por la tierra y el vino","publisher":{"@id":"https:\/\/pizzornowines.com\/#organization"},"potentialAction":[{"@type":"SearchAction","target":{"@type":"EntryPoint","urlTemplate":"https:\/\/pizzornowines.com\/?s={search_term_string}"},"query-input":{"@type":"PropertyValueSpecification","valueRequired":true,"valueName":"search_term_string"}}],"inLanguage":"pt-BR"},{"@type":"Organization","@id":"https:\/\/pizzornowines.com\/#organization","name":"Pizzorno Family Estates","url":"https:\/\/pizzornowines.com\/","logo":{"@type":"ImageObject","inLanguage":"pt-BR","@id":"https:\/\/pizzornowines.com\/#\/schema\/logo\/image\/","url":"https:\/\/pizzornowines.com\/wp-content\/uploads\/Pizzorno-Family-Estate-logo.svg","contentUrl":"https:\/\/pizzornowines.com\/wp-content\/uploads\/Pizzorno-Family-Estate-logo.svg","width":422,"height":283,"caption":"Pizzorno Family Estates"},"image":{"@id":"https:\/\/pizzornowines.com\/#\/schema\/logo\/image\/"},"sameAs":["https:\/\/www.facebook.com\/pizzorno.family.estates"]}]}},"_links":{"self":[{"href":"https:\/\/pizzornowines.com\/pt\/wp-json\/wp\/v2\/product\/226","targetHints":{"allow":["GET"]}}],"collection":[{"href":"https:\/\/pizzornowines.com\/pt\/wp-json\/wp\/v2\/product"}],"about":[{"href":"https:\/\/pizzornowines.com\/pt\/wp-json\/wp\/v2\/types\/product"}],"replies":[{"embeddable":true,"href":"https:\/\/pizzornowines.com\/pt\/wp-json\/wp\/v2\/comments?post=226"}],"version-history":[{"count":2,"href":"https:\/\/pizzornowines.com\/pt\/wp-json\/wp\/v2\/product\/226\/revisions"}],"predecessor-version":[{"id":4856,"href":"https:\/\/pizzornowines.com\/pt\/wp-json\/wp\/v2\/product\/226\/revisions\/4856"}],"wp:featuredmedia":[{"embeddable":true,"href":"https:\/\/pizzornowines.com\/pt\/wp-json\/wp\/v2\/media\/227"}],"wp:attachment":[{"href":"https:\/\/pizzornowines.com\/pt\/wp-json\/wp\/v2\/media?parent=226"}],"wp:term":[{"taxonomy":"tipo-visita","embeddable":true,"href":"https:\/\/pizzornowines.com\/pt\/wp-json\/wp\/v2\/tipo-visita?post=226"},{"taxonomy":"product_brand","embeddable":true,"href":"https:\/\/pizzornowines.com\/pt\/wp-json\/wp\/v2\/product_brand?post=226"},{"taxonomy":"product_cat","embeddable":true,"href":"https:\/\/pizzornowines.com\/pt\/wp-json\/wp\/v2\/product_cat?post=226"},{"taxonomy":"product_tag","embeddable":true,"href":"https:\/\/pizzornowines.com\/pt\/wp-json\/wp\/v2\/product_tag?post=226"}],"curies":[{"name":"wp","href":"https:\/\/api.w.org\/{rel}","templated":true}]}}