{"id":214,"date":"2023-07-06T13:37:20","date_gmt":"2023-07-06T16:37:20","guid":{"rendered":"http:\/\/pizzornowines.com\/producto\/lina-almacen-tannat-malbec\/"},"modified":"2023-07-06T13:37:20","modified_gmt":"2023-07-06T16:37:20","slug":"lina-almacen-tannat-malbec","status":"publish","type":"product","link":"https:\/\/pizzornowines.com\/pt\/produto\/lina-almacen-tannat-malbec\/","title":{"rendered":"L\u00edna Almac\u00e9n &#8211; Tannat-Malbec"},"content":{"rendered":"<p>L\u00edneas exclusivas de nuestro almac\u00e9n \u2013 boutique.<\/p>\n<p>Partidas limitadas de vinos seleccionados para consumidores curiosos por conocer la esencia de nuestra bodega por intermedio de un proyecto liderado por la en\u00f3loga m\u00e1s j\u00f3ven de la bodega.<\/p>\n<p>Valentina Palleiro<\/p>\n<p>Assemblage de dos variedades t\u00edpicas de Am\u00e9rica del Sur. La vinificaci\u00f3n de cada variedad se realiza por separado respetando la madurez enol\u00f3gica de cada una de ellas. Maceraci\u00f3n en fr\u00edo por 12 hrs. Fermentaci\u00f3n tradicional y suave prensado. Solamente el Malbec se a\u00f1eja en roble franc\u00e9s durante 6 meses.<\/p>","protected":false},"excerpt":{"rendered":"<p>L\u00edneas exclusivas de nuestro almac\u00e9n \u2013 boutique. Partidas limitadas de vinos seleccionados para consumidores curiosos por conocer la esencia de nuestra bodega por intermedio de un proyecto liderado por la en\u00f3loga m\u00e1s j\u00f3ven de la bodega. Valentina Palleiro Assemblage de dos variedades t\u00edpicas de Am\u00e9rica del Sur. La vinificaci\u00f3n de cada variedad se realiza por [&hellip;]<\/p>\n","protected":false},"featured_media":215,"comment_status":"closed","ping_status":"closed","template":"","meta":{"_acf_changed":false,"_joinchat":[]},"tipo-visita":[],"product_brand":[],"product_cat":[25],"product_tag":[],"class_list":{"0":"post-214","1":"product","2":"type-product","3":"status-publish","4":"has-post-thumbnail","6":"product_cat-almacen","8":"first","9":"instock","10":"shipping-taxable","11":"product-type-simple"},"exclude_global_add_ons":[],"addons":[],"acf":[],"yoast_head":"<!-- This site is optimized with the Yoast SEO plugin v27.4 - https:\/\/yoast.com\/product\/yoast-seo-wordpress\/ -->\n<title>L\u00edna Almac\u00e9n - Tannat-Malbec - Pizzorno Family Estates<\/title>\n<meta name=\"robots\" content=\"noindex, follow, max-snippet:-1, max-image-preview:large, max-video-preview:-1\" \/>\n<meta property=\"og:locale\" content=\"pt_BR\" \/>\n<meta property=\"og:type\" content=\"article\" \/>\n<meta property=\"og:title\" content=\"L\u00edna Almac\u00e9n - Tannat-Malbec - Pizzorno Family Estates\" \/>\n<meta property=\"og:description\" content=\"L\u00edneas exclusivas de nuestro almac\u00e9n \u2013 boutique. Partidas limitadas de vinos seleccionados para consumidores curiosos por conocer la esencia de nuestra bodega por intermedio de un proyecto liderado por la en\u00f3loga m\u00e1s j\u00f3ven de la bodega. Valentina Palleiro Assemblage de dos variedades t\u00edpicas de Am\u00e9rica del Sur. La vinificaci\u00f3n de cada variedad se realiza por [&hellip;]\" \/>\n<meta property=\"og:url\" content=\"https:\/\/pizzornowines.com\/pt\/produto\/lina-almacen-tannat-malbec\/\" \/>\n<meta property=\"og:site_name\" content=\"Pizzorno Family Estates\" \/>\n<meta property=\"article:publisher\" content=\"https:\/\/www.facebook.com\/pizzorno.family.estates\" \/>\n<meta property=\"og:image\" content=\"https:\/\/pizzornowines.com\/wp-content\/uploads\/2024\/12\/Tannat-Malbec-copia-1.png\" \/>\n\t<meta property=\"og:image:width\" content=\"2176\" \/>\n\t<meta property=\"og:image:height\" content=\"5482\" \/>\n\t<meta property=\"og:image:type\" content=\"image\/png\" \/>\n<meta name=\"twitter:card\" content=\"summary_large_image\" \/>\n<script type=\"application\/ld+json\" class=\"yoast-schema-graph\">{\"@context\":\"https:\\\/\\\/schema.org\",\"@graph\":[{\"@type\":\"WebPage\",\"@id\":\"https:\\\/\\\/pizzornowines.com\\\/product\\\/lina-almacen-tannat-malbec\\\/\",\"url\":\"https:\\\/\\\/pizzornowines.com\\\/product\\\/lina-almacen-tannat-malbec\\\/\",\"name\":\"L\u00edna Almac\u00e9n - Tannat-Malbec - Pizzorno Family Estates\",\"isPartOf\":{\"@id\":\"https:\\\/\\\/pizzornowines.com\\\/#website\"},\"primaryImageOfPage\":{\"@id\":\"https:\\\/\\\/pizzornowines.com\\\/product\\\/lina-almacen-tannat-malbec\\\/#primaryimage\"},\"image\":{\"@id\":\"https:\\\/\\\/pizzornowines.com\\\/product\\\/lina-almacen-tannat-malbec\\\/#primaryimage\"},\"thumbnailUrl\":\"https:\\\/\\\/pizzornowines.com\\\/wp-content\\\/uploads\\\/2024\\\/12\\\/Tannat-Malbec-copia-1.png\",\"datePublished\":\"2023-07-06T16:37:20+00:00\",\"breadcrumb\":{\"@id\":\"https:\\\/\\\/pizzornowines.com\\\/product\\\/lina-almacen-tannat-malbec\\\/#breadcrumb\"},\"inLanguage\":\"pt-BR\",\"potentialAction\":[{\"@type\":\"ReadAction\",\"target\":[\"https:\\\/\\\/pizzornowines.com\\\/product\\\/lina-almacen-tannat-malbec\\\/\"]}]},{\"@type\":\"ImageObject\",\"inLanguage\":\"pt-BR\",\"@id\":\"https:\\\/\\\/pizzornowines.com\\\/product\\\/lina-almacen-tannat-malbec\\\/#primaryimage\",\"url\":\"https:\\\/\\\/pizzornowines.com\\\/wp-content\\\/uploads\\\/2024\\\/12\\\/Tannat-Malbec-copia-1.png\",\"contentUrl\":\"https:\\\/\\\/pizzornowines.com\\\/wp-content\\\/uploads\\\/2024\\\/12\\\/Tannat-Malbec-copia-1.png\",\"width\":2176,\"height\":5482},{\"@type\":\"BreadcrumbList\",\"@id\":\"https:\\\/\\\/pizzornowines.com\\\/product\\\/lina-almacen-tannat-malbec\\\/#breadcrumb\",\"itemListElement\":[{\"@type\":\"ListItem\",\"position\":1,\"name\":\"Home\",\"item\":\"https:\\\/\\\/pizzornowines.com\\\/\"},{\"@type\":\"ListItem\",\"position\":2,\"name\":\"Shop\",\"item\":\"https:\\\/\\\/pizzornowines.com\\\/?page_id=96\"},{\"@type\":\"ListItem\",\"position\":3,\"name\":\"L\u00edna Almac\u00e9n &#8211; Tannat-Malbec\"}]},{\"@type\":\"WebSite\",\"@id\":\"https:\\\/\\\/pizzornowines.com\\\/#website\",\"url\":\"https:\\\/\\\/pizzornowines.com\\\/\",\"name\":\"Pizzorno Family Estates\",\"description\":\"Pasi\u00f3n por la tierra y el vino\",\"publisher\":{\"@id\":\"https:\\\/\\\/pizzornowines.com\\\/#organization\"},\"potentialAction\":[{\"@type\":\"SearchAction\",\"target\":{\"@type\":\"EntryPoint\",\"urlTemplate\":\"https:\\\/\\\/pizzornowines.com\\\/?s={search_term_string}\"},\"query-input\":{\"@type\":\"PropertyValueSpecification\",\"valueRequired\":true,\"valueName\":\"search_term_string\"}}],\"inLanguage\":\"pt-BR\"},{\"@type\":\"Organization\",\"@id\":\"https:\\\/\\\/pizzornowines.com\\\/#organization\",\"name\":\"Pizzorno Family Estates\",\"url\":\"https:\\\/\\\/pizzornowines.com\\\/\",\"logo\":{\"@type\":\"ImageObject\",\"inLanguage\":\"pt-BR\",\"@id\":\"https:\\\/\\\/pizzornowines.com\\\/#\\\/schema\\\/logo\\\/image\\\/\",\"url\":\"https:\\\/\\\/pizzornowines.com\\\/wp-content\\\/uploads\\\/Pizzorno-Family-Estate-logo.svg\",\"contentUrl\":\"https:\\\/\\\/pizzornowines.com\\\/wp-content\\\/uploads\\\/Pizzorno-Family-Estate-logo.svg\",\"width\":422,\"height\":283,\"caption\":\"Pizzorno Family Estates\"},\"image\":{\"@id\":\"https:\\\/\\\/pizzornowines.com\\\/#\\\/schema\\\/logo\\\/image\\\/\"},\"sameAs\":[\"https:\\\/\\\/www.facebook.com\\\/pizzorno.family.estates\"]}]}<\/script>\n<!-- \/ Yoast SEO plugin. -->","yoast_head_json":{"title":"L\u00edna Almac\u00e9n - Tannat-Malbec - Pizzorno Family Estates","robots":{"index":"noindex","follow":"follow","max-snippet":"max-snippet:-1","max-image-preview":"max-image-preview:large","max-video-preview":"max-video-preview:-1"},"og_locale":"pt_BR","og_type":"article","og_title":"L\u00edna Almac\u00e9n - Tannat-Malbec - Pizzorno Family Estates","og_description":"L\u00edneas exclusivas de nuestro almac\u00e9n \u2013 boutique. Partidas limitadas de vinos seleccionados para consumidores curiosos por conocer la esencia de nuestra bodega por intermedio de un proyecto liderado por la en\u00f3loga m\u00e1s j\u00f3ven de la bodega. Valentina Palleiro Assemblage de dos variedades t\u00edpicas de Am\u00e9rica del Sur. La vinificaci\u00f3n de cada variedad se realiza por [&hellip;]","og_url":"https:\/\/pizzornowines.com\/pt\/produto\/lina-almacen-tannat-malbec\/","og_site_name":"Pizzorno Family Estates","article_publisher":"https:\/\/www.facebook.com\/pizzorno.family.estates","og_image":[{"url":"https:\/\/pizzornowines.com\/wp-content\/uploads\/2024\/12\/Tannat-Malbec-copia-1.png","width":2176,"height":5482,"type":"image\/png"}],"twitter_card":"summary_large_image","schema":{"@context":"https:\/\/schema.org","@graph":[{"@type":"WebPage","@id":"https:\/\/pizzornowines.com\/product\/lina-almacen-tannat-malbec\/","url":"https:\/\/pizzornowines.com\/product\/lina-almacen-tannat-malbec\/","name":"L\u00edna Almac\u00e9n - Tannat-Malbec - Pizzorno Family Estates","isPartOf":{"@id":"https:\/\/pizzornowines.com\/#website"},"primaryImageOfPage":{"@id":"https:\/\/pizzornowines.com\/product\/lina-almacen-tannat-malbec\/#primaryimage"},"image":{"@id":"https:\/\/pizzornowines.com\/product\/lina-almacen-tannat-malbec\/#primaryimage"},"thumbnailUrl":"https:\/\/pizzornowines.com\/wp-content\/uploads\/2024\/12\/Tannat-Malbec-copia-1.png","datePublished":"2023-07-06T16:37:20+00:00","breadcrumb":{"@id":"https:\/\/pizzornowines.com\/product\/lina-almacen-tannat-malbec\/#breadcrumb"},"inLanguage":"pt-BR","potentialAction":[{"@type":"ReadAction","target":["https:\/\/pizzornowines.com\/product\/lina-almacen-tannat-malbec\/"]}]},{"@type":"ImageObject","inLanguage":"pt-BR","@id":"https:\/\/pizzornowines.com\/product\/lina-almacen-tannat-malbec\/#primaryimage","url":"https:\/\/pizzornowines.com\/wp-content\/uploads\/2024\/12\/Tannat-Malbec-copia-1.png","contentUrl":"https:\/\/pizzornowines.com\/wp-content\/uploads\/2024\/12\/Tannat-Malbec-copia-1.png","width":2176,"height":5482},{"@type":"BreadcrumbList","@id":"https:\/\/pizzornowines.com\/product\/lina-almacen-tannat-malbec\/#breadcrumb","itemListElement":[{"@type":"ListItem","position":1,"name":"Home","item":"https:\/\/pizzornowines.com\/"},{"@type":"ListItem","position":2,"name":"Shop","item":"https:\/\/pizzornowines.com\/?page_id=96"},{"@type":"ListItem","position":3,"name":"L\u00edna Almac\u00e9n &#8211; Tannat-Malbec"}]},{"@type":"WebSite","@id":"https:\/\/pizzornowines.com\/#website","url":"https:\/\/pizzornowines.com\/","name":"Pizzorno Family Estates","description":"Pasi\u00f3n por la tierra y el vino","publisher":{"@id":"https:\/\/pizzornowines.com\/#organization"},"potentialAction":[{"@type":"SearchAction","target":{"@type":"EntryPoint","urlTemplate":"https:\/\/pizzornowines.com\/?s={search_term_string}"},"query-input":{"@type":"PropertyValueSpecification","valueRequired":true,"valueName":"search_term_string"}}],"inLanguage":"pt-BR"},{"@type":"Organization","@id":"https:\/\/pizzornowines.com\/#organization","name":"Pizzorno Family Estates","url":"https:\/\/pizzornowines.com\/","logo":{"@type":"ImageObject","inLanguage":"pt-BR","@id":"https:\/\/pizzornowines.com\/#\/schema\/logo\/image\/","url":"https:\/\/pizzornowines.com\/wp-content\/uploads\/Pizzorno-Family-Estate-logo.svg","contentUrl":"https:\/\/pizzornowines.com\/wp-content\/uploads\/Pizzorno-Family-Estate-logo.svg","width":422,"height":283,"caption":"Pizzorno Family Estates"},"image":{"@id":"https:\/\/pizzornowines.com\/#\/schema\/logo\/image\/"},"sameAs":["https:\/\/www.facebook.com\/pizzorno.family.estates"]}]}},"_links":{"self":[{"href":"https:\/\/pizzornowines.com\/pt\/wp-json\/wp\/v2\/product\/214","targetHints":{"allow":["GET"]}}],"collection":[{"href":"https:\/\/pizzornowines.com\/pt\/wp-json\/wp\/v2\/product"}],"about":[{"href":"https:\/\/pizzornowines.com\/pt\/wp-json\/wp\/v2\/types\/product"}],"replies":[{"embeddable":true,"href":"https:\/\/pizzornowines.com\/pt\/wp-json\/wp\/v2\/comments?post=214"}],"version-history":[{"count":0,"href":"https:\/\/pizzornowines.com\/pt\/wp-json\/wp\/v2\/product\/214\/revisions"}],"wp:featuredmedia":[{"embeddable":true,"href":"https:\/\/pizzornowines.com\/pt\/wp-json\/wp\/v2\/media\/215"}],"wp:attachment":[{"href":"https:\/\/pizzornowines.com\/pt\/wp-json\/wp\/v2\/media?parent=214"}],"wp:term":[{"taxonomy":"tipo-visita","embeddable":true,"href":"https:\/\/pizzornowines.com\/pt\/wp-json\/wp\/v2\/tipo-visita?post=214"},{"taxonomy":"product_brand","embeddable":true,"href":"https:\/\/pizzornowines.com\/pt\/wp-json\/wp\/v2\/product_brand?post=214"},{"taxonomy":"product_cat","embeddable":true,"href":"https:\/\/pizzornowines.com\/pt\/wp-json\/wp\/v2\/product_cat?post=214"},{"taxonomy":"product_tag","embeddable":true,"href":"https:\/\/pizzornowines.com\/pt\/wp-json\/wp\/v2\/product_tag?post=214"}],"curies":[{"name":"wp","href":"https:\/\/api.w.org\/{rel}","templated":true}]}}