{"id":2091,"date":"2025-05-17T14:17:41","date_gmt":"2025-05-17T17:17:41","guid":{"rendered":"https:\/\/pizzornowines.com\/product\/primo-2011\/"},"modified":"2025-05-18T11:57:47","modified_gmt":"2025-05-18T14:57:47","slug":"primo-2011","status":"publish","type":"product","link":"https:\/\/pizzornowines.com\/pt\/produto\/primo-2011\/","title":{"rendered":"PRIMO 2011"},"content":{"rendered":"<p>Primo fue nuestro primer vino \u00edcono, y por eso lo llamamos as\u00ed: el primero.<br \/>\nSe elabora \u00fanicamente en cosechas excepcionales, cuando la naturaleza y el vi\u00f1edo alcanzan su m\u00e1xima expresi\u00f3n. Cada botella \u2014entre 1.200 y 2.500 unidades numeradas\u2014 nace de una vinificaci\u00f3n meticulosa: cosecha manual, selecci\u00f3n rigurosa de racimos y una doble crianza en barricas de roble franc\u00e9s, h\u00fangaro y americano, seleccionadas seg\u00fan el perfil de cada a\u00f1ada.<\/p>\n<p>Durante dos a\u00f1os, las mejores barricas se trabajan por separado para luego formar un blend \u00fanico, con el Tannat como base estructural constante que aporta cuerpo, car\u00e1cter y longevidad. El vino reposa en nuestra cava antes de llegar al mundo.<\/p>\n<p>Primo es estructura, elegancia y profundidad.<br \/>\nUn vino de guarda que encarna lo mejor de nuestra historia, y que solo nace cuando todo est\u00e1 en perfecta armon\u00eda.<\/p>","protected":false},"excerpt":{"rendered":"<p>Primo fue nuestro primer vino \u00edcono, y por eso lo llamamos as\u00ed: el primero.<br \/>\nSe elabora \u00fanicamente en cosechas excepcionales, cuando la naturaleza y el vi\u00f1edo alcanzan su m\u00e1xima expresi\u00f3n. Cada botella \u2014entre 1.200 y 2.500 unidades numeradas\u2014 nace de una vinificaci\u00f3n meticulosa: cosecha manual, selecci\u00f3n rigurosa de racimos y una doble crianza en barricas de roble franc\u00e9s, h\u00fangaro y americano, seleccionadas seg\u00fan el perfil de cada a\u00f1ada.<\/p>\n<p>Durante dos a\u00f1os, las mejores barricas se trabajan por separado para luego formar un blend \u00fanico, con el Tannat como base estructural constante que aporta cuerpo, car\u00e1cter y longevidad. El vino reposa en nuestra cava subterr\u00e1nea antes de llegar al mundo.<\/p>\n<p>Primo es estructura, elegancia y profundidad.<br \/>\nUn vino de guarda que encarna lo mejor de nuestra historia, y que solo nace cuando todo est\u00e1 en perfecta armon\u00eda.<\/p>","protected":false},"featured_media":227,"comment_status":"closed","ping_status":"closed","template":"","meta":{"_acf_changed":false,"_joinchat":[]},"tipo-visita":[],"product_brand":[],"product_cat":[31],"product_tag":[],"class_list":{"0":"post-2091","1":"product","2":"type-product","3":"status-publish","4":"has-post-thumbnail","6":"product_cat-premium","8":"first","9":"instock","10":"shipping-taxable","11":"product-type-simple"},"exclude_global_add_ons":[],"addons":[],"acf":[],"yoast_head":"<!-- This site is optimized with the Yoast SEO plugin v27.4 - https:\/\/yoast.com\/product\/yoast-seo-wordpress\/ -->\n<title>PRIMO 2011 - Pizzorno Family Estates<\/title>\n<meta name=\"robots\" content=\"noindex, follow, max-snippet:-1, max-image-preview:large, max-video-preview:-1\" \/>\n<meta property=\"og:locale\" content=\"pt_BR\" \/>\n<meta property=\"og:type\" content=\"article\" \/>\n<meta property=\"og:title\" content=\"PRIMO 2011 - Pizzorno Family Estates\" \/>\n<meta property=\"og:description\" content=\"Primo fue nuestro primer vino \u00edcono, y por eso lo llamamos as\u00ed: el primero. Se elabora \u00fanicamente en cosechas excepcionales, cuando la naturaleza y el vi\u00f1edo alcanzan su m\u00e1xima expresi\u00f3n. Cada botella \u2014entre 1.200 y 2.500 unidades numeradas\u2014 nace de una vinificaci\u00f3n meticulosa: cosecha manual, selecci\u00f3n rigurosa de racimos y una doble crianza en barricas de roble franc\u00e9s, h\u00fangaro y americano, seleccionadas seg\u00fan el perfil de cada a\u00f1ada.  Durante dos a\u00f1os, las mejores barricas se trabajan por separado para luego formar un blend \u00fanico, con el Tannat como base estructural constante que aporta cuerpo, car\u00e1cter y longevidad. El vino reposa en nuestra cava subterr\u00e1nea antes de llegar al mundo.  Primo es estructura, elegancia y profundidad. Un vino de guarda que encarna lo mejor de nuestra historia, y que solo nace cuando todo est\u00e1 en perfecta armon\u00eda.\" \/>\n<meta property=\"og:url\" content=\"https:\/\/pizzornowines.com\/pt\/produto\/primo-2011\/\" \/>\n<meta property=\"og:site_name\" content=\"Pizzorno Family Estates\" \/>\n<meta property=\"article:publisher\" content=\"https:\/\/www.facebook.com\/pizzorno.family.estates\" \/>\n<meta property=\"article:modified_time\" content=\"2025-05-18T14:57:47+00:00\" \/>\n<meta property=\"og:image\" content=\"https:\/\/pizzornowines.com\/wp-content\/uploads\/2023\/06\/PRIMO.webp\" \/>\n\t<meta property=\"og:image:width\" content=\"255\" \/>\n\t<meta property=\"og:image:height\" content=\"780\" \/>\n\t<meta property=\"og:image:type\" content=\"image\/webp\" \/>\n<meta name=\"twitter:card\" content=\"summary_large_image\" \/>\n<meta name=\"twitter:label1\" content=\"Est. tempo de leitura\" \/>\n\t<meta name=\"twitter:data1\" content=\"1 minuto\" \/>\n<script type=\"application\/ld+json\" class=\"yoast-schema-graph\">{\"@context\":\"https:\\\/\\\/schema.org\",\"@graph\":[{\"@type\":\"WebPage\",\"@id\":\"https:\\\/\\\/pizzornowines.com\\\/product\\\/primo-2011\\\/\",\"url\":\"https:\\\/\\\/pizzornowines.com\\\/product\\\/primo-2011\\\/\",\"name\":\"PRIMO 2011 - Pizzorno Family Estates\",\"isPartOf\":{\"@id\":\"https:\\\/\\\/pizzornowines.com\\\/#website\"},\"primaryImageOfPage\":{\"@id\":\"https:\\\/\\\/pizzornowines.com\\\/product\\\/primo-2011\\\/#primaryimage\"},\"image\":{\"@id\":\"https:\\\/\\\/pizzornowines.com\\\/product\\\/primo-2011\\\/#primaryimage\"},\"thumbnailUrl\":\"https:\\\/\\\/pizzornowines.com\\\/wp-content\\\/uploads\\\/2023\\\/06\\\/PRIMO.webp\",\"datePublished\":\"2025-05-17T17:17:41+00:00\",\"dateModified\":\"2025-05-18T14:57:47+00:00\",\"breadcrumb\":{\"@id\":\"https:\\\/\\\/pizzornowines.com\\\/product\\\/primo-2011\\\/#breadcrumb\"},\"inLanguage\":\"pt-BR\",\"potentialAction\":[{\"@type\":\"ReadAction\",\"target\":[\"https:\\\/\\\/pizzornowines.com\\\/product\\\/primo-2011\\\/\"]}]},{\"@type\":\"ImageObject\",\"inLanguage\":\"pt-BR\",\"@id\":\"https:\\\/\\\/pizzornowines.com\\\/product\\\/primo-2011\\\/#primaryimage\",\"url\":\"https:\\\/\\\/pizzornowines.com\\\/wp-content\\\/uploads\\\/2023\\\/06\\\/PRIMO.webp\",\"contentUrl\":\"https:\\\/\\\/pizzornowines.com\\\/wp-content\\\/uploads\\\/2023\\\/06\\\/PRIMO.webp\",\"width\":255,\"height\":780},{\"@type\":\"BreadcrumbList\",\"@id\":\"https:\\\/\\\/pizzornowines.com\\\/product\\\/primo-2011\\\/#breadcrumb\",\"itemListElement\":[{\"@type\":\"ListItem\",\"position\":1,\"name\":\"Home\",\"item\":\"https:\\\/\\\/pizzornowines.com\\\/\"},{\"@type\":\"ListItem\",\"position\":2,\"name\":\"Shop\",\"item\":\"https:\\\/\\\/pizzornowines.com\\\/?page_id=96\"},{\"@type\":\"ListItem\",\"position\":3,\"name\":\"PRIMO 2011\"}]},{\"@type\":\"WebSite\",\"@id\":\"https:\\\/\\\/pizzornowines.com\\\/#website\",\"url\":\"https:\\\/\\\/pizzornowines.com\\\/\",\"name\":\"Pizzorno Family Estates\",\"description\":\"Pasi\u00f3n por la tierra y el vino\",\"publisher\":{\"@id\":\"https:\\\/\\\/pizzornowines.com\\\/#organization\"},\"potentialAction\":[{\"@type\":\"SearchAction\",\"target\":{\"@type\":\"EntryPoint\",\"urlTemplate\":\"https:\\\/\\\/pizzornowines.com\\\/?s={search_term_string}\"},\"query-input\":{\"@type\":\"PropertyValueSpecification\",\"valueRequired\":true,\"valueName\":\"search_term_string\"}}],\"inLanguage\":\"pt-BR\"},{\"@type\":\"Organization\",\"@id\":\"https:\\\/\\\/pizzornowines.com\\\/#organization\",\"name\":\"Pizzorno Family Estates\",\"url\":\"https:\\\/\\\/pizzornowines.com\\\/\",\"logo\":{\"@type\":\"ImageObject\",\"inLanguage\":\"pt-BR\",\"@id\":\"https:\\\/\\\/pizzornowines.com\\\/#\\\/schema\\\/logo\\\/image\\\/\",\"url\":\"https:\\\/\\\/pizzornowines.com\\\/wp-content\\\/uploads\\\/Pizzorno-Family-Estate-logo.svg\",\"contentUrl\":\"https:\\\/\\\/pizzornowines.com\\\/wp-content\\\/uploads\\\/Pizzorno-Family-Estate-logo.svg\",\"width\":422,\"height\":283,\"caption\":\"Pizzorno Family Estates\"},\"image\":{\"@id\":\"https:\\\/\\\/pizzornowines.com\\\/#\\\/schema\\\/logo\\\/image\\\/\"},\"sameAs\":[\"https:\\\/\\\/www.facebook.com\\\/pizzorno.family.estates\"]}]}<\/script>\n<!-- \/ Yoast SEO plugin. -->","yoast_head_json":{"title":"PRIMO 2011 - Pizzorno Family Estates","robots":{"index":"noindex","follow":"follow","max-snippet":"max-snippet:-1","max-image-preview":"max-image-preview:large","max-video-preview":"max-video-preview:-1"},"og_locale":"pt_BR","og_type":"article","og_title":"PRIMO 2011 - Pizzorno Family Estates","og_description":"Primo fue nuestro primer vino \u00edcono, y por eso lo llamamos as\u00ed: el primero. Se elabora \u00fanicamente en cosechas excepcionales, cuando la naturaleza y el vi\u00f1edo alcanzan su m\u00e1xima expresi\u00f3n. Cada botella \u2014entre 1.200 y 2.500 unidades numeradas\u2014 nace de una vinificaci\u00f3n meticulosa: cosecha manual, selecci\u00f3n rigurosa de racimos y una doble crianza en barricas de roble franc\u00e9s, h\u00fangaro y americano, seleccionadas seg\u00fan el perfil de cada a\u00f1ada.  Durante dos a\u00f1os, las mejores barricas se trabajan por separado para luego formar un blend \u00fanico, con el Tannat como base estructural constante que aporta cuerpo, car\u00e1cter y longevidad. El vino reposa en nuestra cava subterr\u00e1nea antes de llegar al mundo.  Primo es estructura, elegancia y profundidad. Un vino de guarda que encarna lo mejor de nuestra historia, y que solo nace cuando todo est\u00e1 en perfecta armon\u00eda.","og_url":"https:\/\/pizzornowines.com\/pt\/produto\/primo-2011\/","og_site_name":"Pizzorno Family Estates","article_publisher":"https:\/\/www.facebook.com\/pizzorno.family.estates","article_modified_time":"2025-05-18T14:57:47+00:00","og_image":[{"width":255,"height":780,"url":"https:\/\/pizzornowines.com\/wp-content\/uploads\/2023\/06\/PRIMO.webp","type":"image\/webp"}],"twitter_card":"summary_large_image","twitter_misc":{"Est. tempo de leitura":"1 minuto"},"schema":{"@context":"https:\/\/schema.org","@graph":[{"@type":"WebPage","@id":"https:\/\/pizzornowines.com\/product\/primo-2011\/","url":"https:\/\/pizzornowines.com\/product\/primo-2011\/","name":"PRIMO 2011 - Pizzorno Family Estates","isPartOf":{"@id":"https:\/\/pizzornowines.com\/#website"},"primaryImageOfPage":{"@id":"https:\/\/pizzornowines.com\/product\/primo-2011\/#primaryimage"},"image":{"@id":"https:\/\/pizzornowines.com\/product\/primo-2011\/#primaryimage"},"thumbnailUrl":"https:\/\/pizzornowines.com\/wp-content\/uploads\/2023\/06\/PRIMO.webp","datePublished":"2025-05-17T17:17:41+00:00","dateModified":"2025-05-18T14:57:47+00:00","breadcrumb":{"@id":"https:\/\/pizzornowines.com\/product\/primo-2011\/#breadcrumb"},"inLanguage":"pt-BR","potentialAction":[{"@type":"ReadAction","target":["https:\/\/pizzornowines.com\/product\/primo-2011\/"]}]},{"@type":"ImageObject","inLanguage":"pt-BR","@id":"https:\/\/pizzornowines.com\/product\/primo-2011\/#primaryimage","url":"https:\/\/pizzornowines.com\/wp-content\/uploads\/2023\/06\/PRIMO.webp","contentUrl":"https:\/\/pizzornowines.com\/wp-content\/uploads\/2023\/06\/PRIMO.webp","width":255,"height":780},{"@type":"BreadcrumbList","@id":"https:\/\/pizzornowines.com\/product\/primo-2011\/#breadcrumb","itemListElement":[{"@type":"ListItem","position":1,"name":"Home","item":"https:\/\/pizzornowines.com\/"},{"@type":"ListItem","position":2,"name":"Shop","item":"https:\/\/pizzornowines.com\/?page_id=96"},{"@type":"ListItem","position":3,"name":"PRIMO 2011"}]},{"@type":"WebSite","@id":"https:\/\/pizzornowines.com\/#website","url":"https:\/\/pizzornowines.com\/","name":"Pizzorno Family Estates","description":"Pasi\u00f3n por la tierra y el vino","publisher":{"@id":"https:\/\/pizzornowines.com\/#organization"},"potentialAction":[{"@type":"SearchAction","target":{"@type":"EntryPoint","urlTemplate":"https:\/\/pizzornowines.com\/?s={search_term_string}"},"query-input":{"@type":"PropertyValueSpecification","valueRequired":true,"valueName":"search_term_string"}}],"inLanguage":"pt-BR"},{"@type":"Organization","@id":"https:\/\/pizzornowines.com\/#organization","name":"Pizzorno Family Estates","url":"https:\/\/pizzornowines.com\/","logo":{"@type":"ImageObject","inLanguage":"pt-BR","@id":"https:\/\/pizzornowines.com\/#\/schema\/logo\/image\/","url":"https:\/\/pizzornowines.com\/wp-content\/uploads\/Pizzorno-Family-Estate-logo.svg","contentUrl":"https:\/\/pizzornowines.com\/wp-content\/uploads\/Pizzorno-Family-Estate-logo.svg","width":422,"height":283,"caption":"Pizzorno Family Estates"},"image":{"@id":"https:\/\/pizzornowines.com\/#\/schema\/logo\/image\/"},"sameAs":["https:\/\/www.facebook.com\/pizzorno.family.estates"]}]}},"_links":{"self":[{"href":"https:\/\/pizzornowines.com\/pt\/wp-json\/wp\/v2\/product\/2091","targetHints":{"allow":["GET"]}}],"collection":[{"href":"https:\/\/pizzornowines.com\/pt\/wp-json\/wp\/v2\/product"}],"about":[{"href":"https:\/\/pizzornowines.com\/pt\/wp-json\/wp\/v2\/types\/product"}],"replies":[{"embeddable":true,"href":"https:\/\/pizzornowines.com\/pt\/wp-json\/wp\/v2\/comments?post=2091"}],"version-history":[{"count":3,"href":"https:\/\/pizzornowines.com\/pt\/wp-json\/wp\/v2\/product\/2091\/revisions"}],"predecessor-version":[{"id":2132,"href":"https:\/\/pizzornowines.com\/pt\/wp-json\/wp\/v2\/product\/2091\/revisions\/2132"}],"wp:featuredmedia":[{"embeddable":true,"href":"https:\/\/pizzornowines.com\/pt\/wp-json\/wp\/v2\/media\/227"}],"wp:attachment":[{"href":"https:\/\/pizzornowines.com\/pt\/wp-json\/wp\/v2\/media?parent=2091"}],"wp:term":[{"taxonomy":"tipo-visita","embeddable":true,"href":"https:\/\/pizzornowines.com\/pt\/wp-json\/wp\/v2\/tipo-visita?post=2091"},{"taxonomy":"product_brand","embeddable":true,"href":"https:\/\/pizzornowines.com\/pt\/wp-json\/wp\/v2\/product_brand?post=2091"},{"taxonomy":"product_cat","embeddable":true,"href":"https:\/\/pizzornowines.com\/pt\/wp-json\/wp\/v2\/product_cat?post=2091"},{"taxonomy":"product_tag","embeddable":true,"href":"https:\/\/pizzornowines.com\/pt\/wp-json\/wp\/v2\/product_tag?post=2091"}],"curies":[{"name":"wp","href":"https:\/\/api.w.org\/{rel}","templated":true}]}}