{"id":196,"date":"2024-03-27T16:08:14","date_gmt":"2024-03-27T19:08:14","guid":{"rendered":"https:\/\/pizzornowines.com\/producto\/golden-albairno\/"},"modified":"2025-06-28T13:23:27","modified_gmt":"2025-06-28T16:23:27","slug":"golden-albairno","status":"publish","type":"product","link":"https:\/\/pizzornowines.com\/pt\/produto\/golden-albairno\/","title":{"rendered":"GOLDEN RESERVE Albari\u00f1o"},"content":{"rendered":"<p>Cepa de origen gallego que se ha adaptado de forma magn\u00edfica a nuestro terroir. Durante el verano, en nuestra regi\u00f3n de Canel\u00f3n Chico, el clima nos brinda una gran amplitud t\u00e9rmica que favorece a la madurez \u00f3ptima de los racimos, aportando frescura, acidez y estructura ideal para este Albari\u00f1o.<\/p>\n<p>Elaborado a partir de 2 parcelas diferentes con distintos grados de madurez de vi\u00f1edos en Canel\u00f3n Chico y Las Violetas.\u00a0 Contamos con el asesoramiento del en\u00f3logo neozeland\u00e9s Duncan Killiner. Vinificaci\u00f3n de cada una de las parcelas por separado buscando diferentes caracter\u00edsticas en cada uno de ellos, y as\u00ed mantener la consistencia e identidad de nuestro vino blanco m\u00e1s representativo.<\/p>\n<p>Un 30% del jugo es fermentado en barricas de roble franc\u00e9s, con una posterior crianza de 3 meses sobre las l\u00edas. Mientras que el 70% restante en tanques de acero inoxidable.<\/p>","protected":false},"excerpt":{"rendered":"<p>El Golden Albari\u00f1o es parte de la exclusiva L\u00ednea Golden de Pizzorno Family Estates. Proviene de parcelas seleccionadas que permiten expresar la frescura, acidez vibrante y mineralidad caracter\u00edstica de esta variedad.<\/p>\n<p>Fermentado en peque\u00f1as partidas con control de temperatura y con crianza parcial en barricas de roble franc\u00e9s durante 3 meses, este vino destaca por su equilibrio entre intensidad arom\u00e1tica, estructura y elegancia.<\/p>","protected":false},"featured_media":2702,"comment_status":"closed","ping_status":"closed","template":"","meta":{"_acf_changed":false,"_joinchat":[]},"tipo-visita":[],"product_brand":[],"product_cat":[27],"product_tag":[],"class_list":{"0":"post-196","1":"product","2":"type-product","3":"status-publish","4":"has-post-thumbnail","6":"product_cat-golden-reserve","8":"first","9":"instock","10":"shipping-taxable","11":"product-type-simple"},"exclude_global_add_ons":[],"addons":[],"acf":[],"yoast_head":"<!-- This site is optimized with the Yoast SEO plugin v27.4 - https:\/\/yoast.com\/product\/yoast-seo-wordpress\/ -->\n<title>GOLDEN RESERVE Albari\u00f1o - Pizzorno Family Estates<\/title>\n<meta name=\"robots\" content=\"noindex, follow, max-snippet:-1, max-image-preview:large, max-video-preview:-1\" \/>\n<meta property=\"og:locale\" content=\"pt_BR\" \/>\n<meta property=\"og:type\" content=\"article\" \/>\n<meta property=\"og:title\" content=\"GOLDEN RESERVE Albari\u00f1o - Pizzorno Family Estates\" \/>\n<meta property=\"og:description\" content=\"El Golden Albari\u00f1o es parte de la exclusiva L\u00ednea Golden de Pizzorno Family Estates. Proviene de parcelas seleccionadas que permiten expresar la frescura, acidez vibrante y mineralidad caracter\u00edstica de esta variedad.  Fermentado en peque\u00f1as partidas con control de temperatura y con crianza parcial en barricas de roble franc\u00e9s durante 3 meses, este vino destaca por su equilibrio entre intensidad arom\u00e1tica, estructura y elegancia.\" \/>\n<meta property=\"og:url\" content=\"https:\/\/pizzornowines.com\/pt\/produto\/golden-albairno\/\" \/>\n<meta property=\"og:site_name\" content=\"Pizzorno Family Estates\" \/>\n<meta property=\"article:publisher\" content=\"https:\/\/www.facebook.com\/pizzorno.family.estates\" \/>\n<meta property=\"article:modified_time\" content=\"2025-06-28T16:23:27+00:00\" \/>\n<meta property=\"og:image\" content=\"https:\/\/pizzornowines.com\/wp-content\/uploads\/Golden-Reserve-Albarino.png\" \/>\n\t<meta property=\"og:image:width\" content=\"432\" \/>\n\t<meta property=\"og:image:height\" content=\"780\" \/>\n\t<meta property=\"og:image:type\" content=\"image\/png\" \/>\n<meta name=\"twitter:card\" content=\"summary_large_image\" \/>\n<meta name=\"twitter:label1\" content=\"Est. tempo de leitura\" \/>\n\t<meta name=\"twitter:data1\" content=\"1 minuto\" \/>\n<script type=\"application\/ld+json\" class=\"yoast-schema-graph\">{\"@context\":\"https:\\\/\\\/schema.org\",\"@graph\":[{\"@type\":\"WebPage\",\"@id\":\"https:\\\/\\\/pizzornowines.com\\\/product\\\/golden-albairno\\\/\",\"url\":\"https:\\\/\\\/pizzornowines.com\\\/product\\\/golden-albairno\\\/\",\"name\":\"GOLDEN RESERVE Albari\u00f1o - Pizzorno Family Estates\",\"isPartOf\":{\"@id\":\"https:\\\/\\\/pizzornowines.com\\\/#website\"},\"primaryImageOfPage\":{\"@id\":\"https:\\\/\\\/pizzornowines.com\\\/product\\\/golden-albairno\\\/#primaryimage\"},\"image\":{\"@id\":\"https:\\\/\\\/pizzornowines.com\\\/product\\\/golden-albairno\\\/#primaryimage\"},\"thumbnailUrl\":\"https:\\\/\\\/pizzornowines.com\\\/wp-content\\\/uploads\\\/Golden-Reserve-Albarino.png\",\"datePublished\":\"2024-03-27T19:08:14+00:00\",\"dateModified\":\"2025-06-28T16:23:27+00:00\",\"breadcrumb\":{\"@id\":\"https:\\\/\\\/pizzornowines.com\\\/product\\\/golden-albairno\\\/#breadcrumb\"},\"inLanguage\":\"pt-BR\",\"potentialAction\":[{\"@type\":\"ReadAction\",\"target\":[\"https:\\\/\\\/pizzornowines.com\\\/product\\\/golden-albairno\\\/\"]}]},{\"@type\":\"ImageObject\",\"inLanguage\":\"pt-BR\",\"@id\":\"https:\\\/\\\/pizzornowines.com\\\/product\\\/golden-albairno\\\/#primaryimage\",\"url\":\"https:\\\/\\\/pizzornowines.com\\\/wp-content\\\/uploads\\\/Golden-Reserve-Albarino.png\",\"contentUrl\":\"https:\\\/\\\/pizzornowines.com\\\/wp-content\\\/uploads\\\/Golden-Reserve-Albarino.png\",\"width\":432,\"height\":780},{\"@type\":\"BreadcrumbList\",\"@id\":\"https:\\\/\\\/pizzornowines.com\\\/product\\\/golden-albairno\\\/#breadcrumb\",\"itemListElement\":[{\"@type\":\"ListItem\",\"position\":1,\"name\":\"Home\",\"item\":\"https:\\\/\\\/pizzornowines.com\\\/\"},{\"@type\":\"ListItem\",\"position\":2,\"name\":\"Shop\",\"item\":\"https:\\\/\\\/pizzornowines.com\\\/?page_id=96\"},{\"@type\":\"ListItem\",\"position\":3,\"name\":\"GOLDEN RESERVE Albari\u00f1o\"}]},{\"@type\":\"WebSite\",\"@id\":\"https:\\\/\\\/pizzornowines.com\\\/#website\",\"url\":\"https:\\\/\\\/pizzornowines.com\\\/\",\"name\":\"Pizzorno Family Estates\",\"description\":\"Pasi\u00f3n por la tierra y el vino\",\"publisher\":{\"@id\":\"https:\\\/\\\/pizzornowines.com\\\/#organization\"},\"potentialAction\":[{\"@type\":\"SearchAction\",\"target\":{\"@type\":\"EntryPoint\",\"urlTemplate\":\"https:\\\/\\\/pizzornowines.com\\\/?s={search_term_string}\"},\"query-input\":{\"@type\":\"PropertyValueSpecification\",\"valueRequired\":true,\"valueName\":\"search_term_string\"}}],\"inLanguage\":\"pt-BR\"},{\"@type\":\"Organization\",\"@id\":\"https:\\\/\\\/pizzornowines.com\\\/#organization\",\"name\":\"Pizzorno Family Estates\",\"url\":\"https:\\\/\\\/pizzornowines.com\\\/\",\"logo\":{\"@type\":\"ImageObject\",\"inLanguage\":\"pt-BR\",\"@id\":\"https:\\\/\\\/pizzornowines.com\\\/#\\\/schema\\\/logo\\\/image\\\/\",\"url\":\"https:\\\/\\\/pizzornowines.com\\\/wp-content\\\/uploads\\\/Pizzorno-Family-Estate-logo.svg\",\"contentUrl\":\"https:\\\/\\\/pizzornowines.com\\\/wp-content\\\/uploads\\\/Pizzorno-Family-Estate-logo.svg\",\"width\":422,\"height\":283,\"caption\":\"Pizzorno Family Estates\"},\"image\":{\"@id\":\"https:\\\/\\\/pizzornowines.com\\\/#\\\/schema\\\/logo\\\/image\\\/\"},\"sameAs\":[\"https:\\\/\\\/www.facebook.com\\\/pizzorno.family.estates\"]}]}<\/script>\n<!-- \/ Yoast SEO plugin. -->","yoast_head_json":{"title":"GOLDEN RESERVE Albari\u00f1o - Pizzorno Family Estates","robots":{"index":"noindex","follow":"follow","max-snippet":"max-snippet:-1","max-image-preview":"max-image-preview:large","max-video-preview":"max-video-preview:-1"},"og_locale":"pt_BR","og_type":"article","og_title":"GOLDEN RESERVE Albari\u00f1o - Pizzorno Family Estates","og_description":"El Golden Albari\u00f1o es parte de la exclusiva L\u00ednea Golden de Pizzorno Family Estates. Proviene de parcelas seleccionadas que permiten expresar la frescura, acidez vibrante y mineralidad caracter\u00edstica de esta variedad.  Fermentado en peque\u00f1as partidas con control de temperatura y con crianza parcial en barricas de roble franc\u00e9s durante 3 meses, este vino destaca por su equilibrio entre intensidad arom\u00e1tica, estructura y elegancia.","og_url":"https:\/\/pizzornowines.com\/pt\/produto\/golden-albairno\/","og_site_name":"Pizzorno Family Estates","article_publisher":"https:\/\/www.facebook.com\/pizzorno.family.estates","article_modified_time":"2025-06-28T16:23:27+00:00","og_image":[{"width":432,"height":780,"url":"https:\/\/pizzornowines.com\/wp-content\/uploads\/Golden-Reserve-Albarino.png","type":"image\/png"}],"twitter_card":"summary_large_image","twitter_misc":{"Est. tempo de leitura":"1 minuto"},"schema":{"@context":"https:\/\/schema.org","@graph":[{"@type":"WebPage","@id":"https:\/\/pizzornowines.com\/product\/golden-albairno\/","url":"https:\/\/pizzornowines.com\/product\/golden-albairno\/","name":"GOLDEN RESERVE Albari\u00f1o - Pizzorno Family Estates","isPartOf":{"@id":"https:\/\/pizzornowines.com\/#website"},"primaryImageOfPage":{"@id":"https:\/\/pizzornowines.com\/product\/golden-albairno\/#primaryimage"},"image":{"@id":"https:\/\/pizzornowines.com\/product\/golden-albairno\/#primaryimage"},"thumbnailUrl":"https:\/\/pizzornowines.com\/wp-content\/uploads\/Golden-Reserve-Albarino.png","datePublished":"2024-03-27T19:08:14+00:00","dateModified":"2025-06-28T16:23:27+00:00","breadcrumb":{"@id":"https:\/\/pizzornowines.com\/product\/golden-albairno\/#breadcrumb"},"inLanguage":"pt-BR","potentialAction":[{"@type":"ReadAction","target":["https:\/\/pizzornowines.com\/product\/golden-albairno\/"]}]},{"@type":"ImageObject","inLanguage":"pt-BR","@id":"https:\/\/pizzornowines.com\/product\/golden-albairno\/#primaryimage","url":"https:\/\/pizzornowines.com\/wp-content\/uploads\/Golden-Reserve-Albarino.png","contentUrl":"https:\/\/pizzornowines.com\/wp-content\/uploads\/Golden-Reserve-Albarino.png","width":432,"height":780},{"@type":"BreadcrumbList","@id":"https:\/\/pizzornowines.com\/product\/golden-albairno\/#breadcrumb","itemListElement":[{"@type":"ListItem","position":1,"name":"Home","item":"https:\/\/pizzornowines.com\/"},{"@type":"ListItem","position":2,"name":"Shop","item":"https:\/\/pizzornowines.com\/?page_id=96"},{"@type":"ListItem","position":3,"name":"GOLDEN RESERVE Albari\u00f1o"}]},{"@type":"WebSite","@id":"https:\/\/pizzornowines.com\/#website","url":"https:\/\/pizzornowines.com\/","name":"Pizzorno Family Estates","description":"Pasi\u00f3n por la tierra y el vino","publisher":{"@id":"https:\/\/pizzornowines.com\/#organization"},"potentialAction":[{"@type":"SearchAction","target":{"@type":"EntryPoint","urlTemplate":"https:\/\/pizzornowines.com\/?s={search_term_string}"},"query-input":{"@type":"PropertyValueSpecification","valueRequired":true,"valueName":"search_term_string"}}],"inLanguage":"pt-BR"},{"@type":"Organization","@id":"https:\/\/pizzornowines.com\/#organization","name":"Pizzorno Family Estates","url":"https:\/\/pizzornowines.com\/","logo":{"@type":"ImageObject","inLanguage":"pt-BR","@id":"https:\/\/pizzornowines.com\/#\/schema\/logo\/image\/","url":"https:\/\/pizzornowines.com\/wp-content\/uploads\/Pizzorno-Family-Estate-logo.svg","contentUrl":"https:\/\/pizzornowines.com\/wp-content\/uploads\/Pizzorno-Family-Estate-logo.svg","width":422,"height":283,"caption":"Pizzorno Family Estates"},"image":{"@id":"https:\/\/pizzornowines.com\/#\/schema\/logo\/image\/"},"sameAs":["https:\/\/www.facebook.com\/pizzorno.family.estates"]}]}},"_links":{"self":[{"href":"https:\/\/pizzornowines.com\/pt\/wp-json\/wp\/v2\/product\/196","targetHints":{"allow":["GET"]}}],"collection":[{"href":"https:\/\/pizzornowines.com\/pt\/wp-json\/wp\/v2\/product"}],"about":[{"href":"https:\/\/pizzornowines.com\/pt\/wp-json\/wp\/v2\/types\/product"}],"replies":[{"embeddable":true,"href":"https:\/\/pizzornowines.com\/pt\/wp-json\/wp\/v2\/comments?post=196"}],"version-history":[{"count":6,"href":"https:\/\/pizzornowines.com\/pt\/wp-json\/wp\/v2\/product\/196\/revisions"}],"predecessor-version":[{"id":2703,"href":"https:\/\/pizzornowines.com\/pt\/wp-json\/wp\/v2\/product\/196\/revisions\/2703"}],"wp:featuredmedia":[{"embeddable":true,"href":"https:\/\/pizzornowines.com\/pt\/wp-json\/wp\/v2\/media\/2702"}],"wp:attachment":[{"href":"https:\/\/pizzornowines.com\/pt\/wp-json\/wp\/v2\/media?parent=196"}],"wp:term":[{"taxonomy":"tipo-visita","embeddable":true,"href":"https:\/\/pizzornowines.com\/pt\/wp-json\/wp\/v2\/tipo-visita?post=196"},{"taxonomy":"product_brand","embeddable":true,"href":"https:\/\/pizzornowines.com\/pt\/wp-json\/wp\/v2\/product_brand?post=196"},{"taxonomy":"product_cat","embeddable":true,"href":"https:\/\/pizzornowines.com\/pt\/wp-json\/wp\/v2\/product_cat?post=196"},{"taxonomy":"product_tag","embeddable":true,"href":"https:\/\/pizzornowines.com\/pt\/wp-json\/wp\/v2\/product_tag?post=196"}],"curies":[{"name":"wp","href":"https:\/\/api.w.org\/{rel}","templated":true}]}}