{"id":194,"date":"2024-06-24T18:36:09","date_gmt":"2024-06-24T21:36:09","guid":{"rendered":"https:\/\/pizzornowines.com\/producto\/pizzorno-club-edicion-mexico\/"},"modified":"2024-06-24T18:36:09","modified_gmt":"2024-06-24T21:36:09","slug":"pizzorno-club-edicion-mexico","status":"publish","type":"product","link":"https:\/\/pizzornowines.com\/pt\/produto\/pizzorno-club-edicion-mexico\/","title":{"rendered":"Pizzorno Club &#8211; Edici\u00f3n M\u00e9xico"},"content":{"rendered":"<p>La tienda Dvino Uruguay ha creado un vino excepcional para el club en M\u00e9xico, compuesto por un 80% de Cabernet Sauvignon y un 20% de Malbec. Este vino \u00fanico no solo combina ambas uvas de manera magistral, sino que tambi\u00e9n reivindica t\u00e9cnicas antiguas al incorporar Malbec proveniente directamente de una tinaja para una microoxigenaci\u00f3n especial, inspirada en m\u00e9todos romanos. Adem\u00e1s, el Cabernet Sauvignon fue envejecido durante 12 meses en barrica de roble franc\u00e9s. La cuidadosa selecci\u00f3n de barricas en la cava de Bodega Pizzorno, durante la visita del director del proyecto Sr. Jorge Anaya, subraya el nivel de atenci\u00f3n y detalle que define a esta exclusiva creaci\u00f3n vin\u00edcola. Un vino que promete cautivar los sentidos de los amantes del vino m\u00e1s exigentes<\/p>","protected":false},"excerpt":{"rendered":"<p>La tienda Dvino Uruguay ha creado un vino excepcional para el club en M\u00e9xico, compuesto por un 80% de Cabernet Sauvignon y un 20% de Malbec. Este vino \u00fanico no solo combina ambas uvas de manera magistral, sino que tambi\u00e9n reivindica t\u00e9cnicas antiguas al incorporar Malbec proveniente directamente de una tinaja para una microoxigenaci\u00f3n especial, [&hellip;]<\/p>\n","protected":false},"featured_media":195,"comment_status":"closed","ping_status":"closed","template":"","meta":{"_acf_changed":false,"_joinchat":[]},"tipo-visita":[],"product_brand":[],"product_cat":[26],"product_tag":[],"class_list":{"0":"post-194","1":"product","2":"type-product","3":"status-publish","4":"has-post-thumbnail","6":"product_cat-especiales","8":"first","9":"instock","10":"shipping-taxable","11":"product-type-simple"},"exclude_global_add_ons":[],"addons":[],"acf":[],"yoast_head":"<!-- This site is optimized with the Yoast SEO plugin v27.4 - https:\/\/yoast.com\/product\/yoast-seo-wordpress\/ -->\n<title>Pizzorno Club - Edici\u00f3n M\u00e9xico - Pizzorno Family Estates<\/title>\n<meta name=\"robots\" content=\"noindex, follow, max-snippet:-1, max-image-preview:large, max-video-preview:-1\" \/>\n<meta property=\"og:locale\" content=\"pt_BR\" \/>\n<meta property=\"og:type\" content=\"article\" \/>\n<meta property=\"og:title\" content=\"Pizzorno Club - Edici\u00f3n M\u00e9xico - Pizzorno Family Estates\" \/>\n<meta property=\"og:description\" content=\"La tienda Dvino Uruguay ha creado un vino excepcional para el club en M\u00e9xico, compuesto por un 80% de Cabernet Sauvignon y un 20% de Malbec. Este vino \u00fanico no solo combina ambas uvas de manera magistral, sino que tambi\u00e9n reivindica t\u00e9cnicas antiguas al incorporar Malbec proveniente directamente de una tinaja para una microoxigenaci\u00f3n especial, [&hellip;]\" \/>\n<meta property=\"og:url\" content=\"https:\/\/pizzornowines.com\/pt\/produto\/pizzorno-club-edicion-mexico\/\" \/>\n<meta property=\"og:site_name\" content=\"Pizzorno Family Estates\" \/>\n<meta property=\"article:publisher\" content=\"https:\/\/www.facebook.com\/pizzorno.family.estates\" \/>\n<meta property=\"og:image\" content=\"https:\/\/pizzornowines.com\/wp-content\/uploads\/2023\/04\/Premium-Tinaja.png\" \/>\n\t<meta property=\"og:image:width\" content=\"319\" \/>\n\t<meta property=\"og:image:height\" content=\"780\" \/>\n\t<meta property=\"og:image:type\" content=\"image\/png\" \/>\n<meta name=\"twitter:card\" content=\"summary_large_image\" \/>\n<meta name=\"twitter:label1\" content=\"Est. tempo de leitura\" \/>\n\t<meta name=\"twitter:data1\" content=\"1 minuto\" \/>\n<script type=\"application\/ld+json\" class=\"yoast-schema-graph\">{\"@context\":\"https:\\\/\\\/schema.org\",\"@graph\":[{\"@type\":\"WebPage\",\"@id\":\"https:\\\/\\\/pizzornowines.com\\\/product\\\/pizzorno-club-edicion-mexico\\\/\",\"url\":\"https:\\\/\\\/pizzornowines.com\\\/product\\\/pizzorno-club-edicion-mexico\\\/\",\"name\":\"Pizzorno Club - Edici\u00f3n M\u00e9xico - Pizzorno Family Estates\",\"isPartOf\":{\"@id\":\"https:\\\/\\\/pizzornowines.com\\\/#website\"},\"primaryImageOfPage\":{\"@id\":\"https:\\\/\\\/pizzornowines.com\\\/product\\\/pizzorno-club-edicion-mexico\\\/#primaryimage\"},\"image\":{\"@id\":\"https:\\\/\\\/pizzornowines.com\\\/product\\\/pizzorno-club-edicion-mexico\\\/#primaryimage\"},\"thumbnailUrl\":\"https:\\\/\\\/pizzornowines.com\\\/wp-content\\\/uploads\\\/2023\\\/04\\\/Premium-Tinaja.png\",\"datePublished\":\"2024-06-24T21:36:09+00:00\",\"breadcrumb\":{\"@id\":\"https:\\\/\\\/pizzornowines.com\\\/product\\\/pizzorno-club-edicion-mexico\\\/#breadcrumb\"},\"inLanguage\":\"pt-BR\",\"potentialAction\":[{\"@type\":\"ReadAction\",\"target\":[\"https:\\\/\\\/pizzornowines.com\\\/product\\\/pizzorno-club-edicion-mexico\\\/\"]}]},{\"@type\":\"ImageObject\",\"inLanguage\":\"pt-BR\",\"@id\":\"https:\\\/\\\/pizzornowines.com\\\/product\\\/pizzorno-club-edicion-mexico\\\/#primaryimage\",\"url\":\"https:\\\/\\\/pizzornowines.com\\\/wp-content\\\/uploads\\\/2023\\\/04\\\/Premium-Tinaja.png\",\"contentUrl\":\"https:\\\/\\\/pizzornowines.com\\\/wp-content\\\/uploads\\\/2023\\\/04\\\/Premium-Tinaja.png\",\"width\":319,\"height\":780},{\"@type\":\"BreadcrumbList\",\"@id\":\"https:\\\/\\\/pizzornowines.com\\\/product\\\/pizzorno-club-edicion-mexico\\\/#breadcrumb\",\"itemListElement\":[{\"@type\":\"ListItem\",\"position\":1,\"name\":\"Home\",\"item\":\"https:\\\/\\\/pizzornowines.com\\\/\"},{\"@type\":\"ListItem\",\"position\":2,\"name\":\"Shop\",\"item\":\"https:\\\/\\\/pizzornowines.com\\\/?page_id=96\"},{\"@type\":\"ListItem\",\"position\":3,\"name\":\"Pizzorno Club &#8211; Edici\u00f3n M\u00e9xico\"}]},{\"@type\":\"WebSite\",\"@id\":\"https:\\\/\\\/pizzornowines.com\\\/#website\",\"url\":\"https:\\\/\\\/pizzornowines.com\\\/\",\"name\":\"Pizzorno Family Estates\",\"description\":\"Pasi\u00f3n por la tierra y el vino\",\"publisher\":{\"@id\":\"https:\\\/\\\/pizzornowines.com\\\/#organization\"},\"potentialAction\":[{\"@type\":\"SearchAction\",\"target\":{\"@type\":\"EntryPoint\",\"urlTemplate\":\"https:\\\/\\\/pizzornowines.com\\\/?s={search_term_string}\"},\"query-input\":{\"@type\":\"PropertyValueSpecification\",\"valueRequired\":true,\"valueName\":\"search_term_string\"}}],\"inLanguage\":\"pt-BR\"},{\"@type\":\"Organization\",\"@id\":\"https:\\\/\\\/pizzornowines.com\\\/#organization\",\"name\":\"Pizzorno Family Estates\",\"url\":\"https:\\\/\\\/pizzornowines.com\\\/\",\"logo\":{\"@type\":\"ImageObject\",\"inLanguage\":\"pt-BR\",\"@id\":\"https:\\\/\\\/pizzornowines.com\\\/#\\\/schema\\\/logo\\\/image\\\/\",\"url\":\"https:\\\/\\\/pizzornowines.com\\\/wp-content\\\/uploads\\\/Pizzorno-Family-Estate-logo.svg\",\"contentUrl\":\"https:\\\/\\\/pizzornowines.com\\\/wp-content\\\/uploads\\\/Pizzorno-Family-Estate-logo.svg\",\"width\":422,\"height\":283,\"caption\":\"Pizzorno Family Estates\"},\"image\":{\"@id\":\"https:\\\/\\\/pizzornowines.com\\\/#\\\/schema\\\/logo\\\/image\\\/\"},\"sameAs\":[\"https:\\\/\\\/www.facebook.com\\\/pizzorno.family.estates\"]}]}<\/script>\n<!-- \/ Yoast SEO plugin. -->","yoast_head_json":{"title":"Pizzorno Club - Edici\u00f3n M\u00e9xico - Pizzorno Family Estates","robots":{"index":"noindex","follow":"follow","max-snippet":"max-snippet:-1","max-image-preview":"max-image-preview:large","max-video-preview":"max-video-preview:-1"},"og_locale":"pt_BR","og_type":"article","og_title":"Pizzorno Club - Edici\u00f3n M\u00e9xico - Pizzorno Family Estates","og_description":"La tienda Dvino Uruguay ha creado un vino excepcional para el club en M\u00e9xico, compuesto por un 80% de Cabernet Sauvignon y un 20% de Malbec. Este vino \u00fanico no solo combina ambas uvas de manera magistral, sino que tambi\u00e9n reivindica t\u00e9cnicas antiguas al incorporar Malbec proveniente directamente de una tinaja para una microoxigenaci\u00f3n especial, [&hellip;]","og_url":"https:\/\/pizzornowines.com\/pt\/produto\/pizzorno-club-edicion-mexico\/","og_site_name":"Pizzorno Family Estates","article_publisher":"https:\/\/www.facebook.com\/pizzorno.family.estates","og_image":[{"width":319,"height":780,"url":"https:\/\/pizzornowines.com\/wp-content\/uploads\/2023\/04\/Premium-Tinaja.png","type":"image\/png"}],"twitter_card":"summary_large_image","twitter_misc":{"Est. tempo de leitura":"1 minuto"},"schema":{"@context":"https:\/\/schema.org","@graph":[{"@type":"WebPage","@id":"https:\/\/pizzornowines.com\/product\/pizzorno-club-edicion-mexico\/","url":"https:\/\/pizzornowines.com\/product\/pizzorno-club-edicion-mexico\/","name":"Pizzorno Club - Edici\u00f3n M\u00e9xico - Pizzorno Family Estates","isPartOf":{"@id":"https:\/\/pizzornowines.com\/#website"},"primaryImageOfPage":{"@id":"https:\/\/pizzornowines.com\/product\/pizzorno-club-edicion-mexico\/#primaryimage"},"image":{"@id":"https:\/\/pizzornowines.com\/product\/pizzorno-club-edicion-mexico\/#primaryimage"},"thumbnailUrl":"https:\/\/pizzornowines.com\/wp-content\/uploads\/2023\/04\/Premium-Tinaja.png","datePublished":"2024-06-24T21:36:09+00:00","breadcrumb":{"@id":"https:\/\/pizzornowines.com\/product\/pizzorno-club-edicion-mexico\/#breadcrumb"},"inLanguage":"pt-BR","potentialAction":[{"@type":"ReadAction","target":["https:\/\/pizzornowines.com\/product\/pizzorno-club-edicion-mexico\/"]}]},{"@type":"ImageObject","inLanguage":"pt-BR","@id":"https:\/\/pizzornowines.com\/product\/pizzorno-club-edicion-mexico\/#primaryimage","url":"https:\/\/pizzornowines.com\/wp-content\/uploads\/2023\/04\/Premium-Tinaja.png","contentUrl":"https:\/\/pizzornowines.com\/wp-content\/uploads\/2023\/04\/Premium-Tinaja.png","width":319,"height":780},{"@type":"BreadcrumbList","@id":"https:\/\/pizzornowines.com\/product\/pizzorno-club-edicion-mexico\/#breadcrumb","itemListElement":[{"@type":"ListItem","position":1,"name":"Home","item":"https:\/\/pizzornowines.com\/"},{"@type":"ListItem","position":2,"name":"Shop","item":"https:\/\/pizzornowines.com\/?page_id=96"},{"@type":"ListItem","position":3,"name":"Pizzorno Club &#8211; Edici\u00f3n M\u00e9xico"}]},{"@type":"WebSite","@id":"https:\/\/pizzornowines.com\/#website","url":"https:\/\/pizzornowines.com\/","name":"Pizzorno Family Estates","description":"Pasi\u00f3n por la tierra y el vino","publisher":{"@id":"https:\/\/pizzornowines.com\/#organization"},"potentialAction":[{"@type":"SearchAction","target":{"@type":"EntryPoint","urlTemplate":"https:\/\/pizzornowines.com\/?s={search_term_string}"},"query-input":{"@type":"PropertyValueSpecification","valueRequired":true,"valueName":"search_term_string"}}],"inLanguage":"pt-BR"},{"@type":"Organization","@id":"https:\/\/pizzornowines.com\/#organization","name":"Pizzorno Family Estates","url":"https:\/\/pizzornowines.com\/","logo":{"@type":"ImageObject","inLanguage":"pt-BR","@id":"https:\/\/pizzornowines.com\/#\/schema\/logo\/image\/","url":"https:\/\/pizzornowines.com\/wp-content\/uploads\/Pizzorno-Family-Estate-logo.svg","contentUrl":"https:\/\/pizzornowines.com\/wp-content\/uploads\/Pizzorno-Family-Estate-logo.svg","width":422,"height":283,"caption":"Pizzorno Family Estates"},"image":{"@id":"https:\/\/pizzornowines.com\/#\/schema\/logo\/image\/"},"sameAs":["https:\/\/www.facebook.com\/pizzorno.family.estates"]}]}},"_links":{"self":[{"href":"https:\/\/pizzornowines.com\/pt\/wp-json\/wp\/v2\/product\/194","targetHints":{"allow":["GET"]}}],"collection":[{"href":"https:\/\/pizzornowines.com\/pt\/wp-json\/wp\/v2\/product"}],"about":[{"href":"https:\/\/pizzornowines.com\/pt\/wp-json\/wp\/v2\/types\/product"}],"replies":[{"embeddable":true,"href":"https:\/\/pizzornowines.com\/pt\/wp-json\/wp\/v2\/comments?post=194"}],"version-history":[{"count":0,"href":"https:\/\/pizzornowines.com\/pt\/wp-json\/wp\/v2\/product\/194\/revisions"}],"wp:featuredmedia":[{"embeddable":true,"href":"https:\/\/pizzornowines.com\/pt\/wp-json\/wp\/v2\/media\/195"}],"wp:attachment":[{"href":"https:\/\/pizzornowines.com\/pt\/wp-json\/wp\/v2\/media?parent=194"}],"wp:term":[{"taxonomy":"tipo-visita","embeddable":true,"href":"https:\/\/pizzornowines.com\/pt\/wp-json\/wp\/v2\/tipo-visita?post=194"},{"taxonomy":"product_brand","embeddable":true,"href":"https:\/\/pizzornowines.com\/pt\/wp-json\/wp\/v2\/product_brand?post=194"},{"taxonomy":"product_cat","embeddable":true,"href":"https:\/\/pizzornowines.com\/pt\/wp-json\/wp\/v2\/product_cat?post=194"},{"taxonomy":"product_tag","embeddable":true,"href":"https:\/\/pizzornowines.com\/pt\/wp-json\/wp\/v2\/product_tag?post=194"}],"curies":[{"name":"wp","href":"https:\/\/api.w.org\/{rel}","templated":true}]}}