{"id":19,"date":"2025-01-22T20:54:42","date_gmt":"2025-01-22T20:54:42","guid":{"rendered":"https:\/\/pizzornowines.com\/?page_id=19"},"modified":"2025-05-02T13:20:28","modified_gmt":"2025-05-02T16:20:28","slug":"pizzorno-wines","status":"publish","type":"page","link":"https:\/\/pizzornowines.com\/pt\/","title":{"rendered":"Pizzorno Wines"},"content":{"rendered":"<div data-elementor-type=\"wp-page\" data-elementor-id=\"19\" class=\"elementor elementor-19\" data-elementor-post-type=\"page\">\n\t\t\t\t<div data-dce-background-image-url=\"https:\/\/pizzornowines.com\/wp-content\/uploads\/01-Slide-1-Tradicion-Familiar.jpg\" class=\"elementor-element elementor-element-d763565 e-flex e-con-boxed e-con e-parent\" data-id=\"d763565\" data-element_type=\"container\" data-e-type=\"container\" data-settings=\"{&quot;background_background&quot;:&quot;classic&quot;}\">\n\t\t\t\t\t<div class=\"e-con-inner\">\n\t\t\t\t<div class=\"elementor-element elementor-element-dd4b4c3 elementor-widget elementor-widget-heading\" data-id=\"dd4b4c3\" data-element_type=\"widget\" data-e-type=\"widget\" data-widget_type=\"heading.default\">\n\t\t\t\t\t<h2 class=\"elementor-heading-title elementor-size-default\">TRADI\u00c7\u00c3O FAMILIAR<br>desde 1910<\/h2>\t\t\t\t<\/div>\n\t\t\t\t\t<\/div>\n\t\t\t\t<\/div>\n\t\t<div class=\"elementor-element elementor-element-3032ca1 e-con-full e-flex e-con e-parent\" data-id=\"3032ca1\" data-element_type=\"container\" data-e-type=\"container\" data-settings=\"{&quot;background_background&quot;:&quot;classic&quot;}\">\n\t\t<div data-dce-background-image-url=\"https:\/\/pizzornowines.com\/wp-content\/uploads\/FotoWineExperience-1024x590-1.webp\" class=\"elementor-element elementor-element-631affb e-con-full e-flex e-con e-child\" data-id=\"631affb\" data-element_type=\"container\" data-e-type=\"container\" data-settings=\"{&quot;background_background&quot;:&quot;classic&quot;}\">\n\t\t\t\t<\/div>\n\t\t<div data-dce-background-color=\"#00000094\" class=\"elementor-element elementor-element-261a2ae e-con-full e-flex e-con e-child\" data-id=\"261a2ae\" data-element_type=\"container\" data-e-type=\"container\" data-settings=\"{&quot;background_background&quot;:&quot;classic&quot;}\">\n\t\t\t\t<div class=\"elementor-element elementor-element-5f7a6cb elementor-widget__width-initial elementor-widget elementor-widget-image\" data-id=\"5f7a6cb\" data-element_type=\"widget\" data-e-type=\"widget\" data-widget_type=\"image.default\">\n\t\t\t\t\t\t\t\t\t\t\t\t\t\t\t<img loading=\"lazy\" decoding=\"async\" width=\"150\" height=\"150\" src=\"https:\/\/pizzornowines.com\/wp-content\/uploads\/CERTIFICADO-DE-EXCELENCIA.png\" class=\"attachment-large size-large wp-image-433\" alt=\"CERTIFICADO DE EXCELENCIA\" srcset=\"https:\/\/pizzornowines.com\/wp-content\/uploads\/CERTIFICADO-DE-EXCELENCIA.png 150w, https:\/\/pizzornowines.com\/wp-content\/uploads\/CERTIFICADO-DE-EXCELENCIA-12x12.png 12w, https:\/\/pizzornowines.com\/wp-content\/uploads\/CERTIFICADO-DE-EXCELENCIA-100x100.png 100w\" sizes=\"auto, (max-width: 150px) 100vw, 150px\" \/>\t\t\t\t\t\t\t\t\t\t\t\t\t\t\t<\/div>\n\t\t\t\t<div class=\"elementor-element elementor-element-8073099 elementor-widget elementor-widget-heading\" data-id=\"8073099\" data-element_type=\"widget\" data-e-type=\"widget\" data-widget_type=\"heading.default\">\n\t\t\t\t\t<h2 class=\"elementor-heading-title elementor-size-default\">Wine<br>Experience<\/h2>\t\t\t\t<\/div>\n\t\t\t\t<div class=\"elementor-element elementor-element-30230db elementor-widget__width-initial elementor-widget elementor-widget-text-editor\" data-id=\"30230db\" data-element_type=\"widget\" data-e-type=\"widget\" data-widget_type=\"text-editor.default\">\n\t\t\t\t\t\t\t\t\t<p>Abrimos as portas da vin\u00edcola para mostrar a elabora\u00e7\u00e3o dos nossos vinhos, mantida por quatro gera\u00e7\u00f5es ao longo de mais de um s\u00e9culo de hist\u00f3ria. Variadas propostas enotur\u00edsticas v\u00e3o lhe permitir conectar seus cinco sentidos com o vinho e a natureza. Visite-nos e tenha uma experi\u00eancia \u00fanica.<\/p>\t\t\t\t\t\t\t\t<\/div>\n\t\t\t\t<div class=\"elementor-element elementor-element-e165e6b elementor-widget elementor-widget-button\" data-id=\"e165e6b\" data-element_type=\"widget\" data-e-type=\"widget\" data-widget_type=\"button.default\">\n\t\t\t\t\t\t\t\t\t\t<a class=\"elementor-button elementor-button-link elementor-size-sm\" href=\"https:\/\/pizzornowines.com\/pt\/visitenos\/\">\n\t\t\t\t\t\t<span class=\"elementor-button-content-wrapper\">\n\t\t\t\t\t\t\t\t\t<span class=\"elementor-button-text\">Vis\u00edtenos y disfrute de una experiencia \u00fanica<\/span>\n\t\t\t\t\t<\/span>\n\t\t\t\t\t<\/a>\n\t\t\t\t\t\t\t\t<\/div>\n\t\t\t\t<\/div>\n\t\t\t\t<\/div>\n\t\t<div data-dce-background-color=\"#FFFFFF00\" data-dce-background-overlay-color=\"#221F1F00\" data-dce-background-image-url=\"https:\/\/pizzornowines.com\/wp-content\/uploads\/Vinoteca.webp\" class=\"elementor-element elementor-element-e372e1c e-flex e-con-boxed e-con e-parent\" data-id=\"e372e1c\" data-element_type=\"container\" data-e-type=\"container\" data-settings=\"{&quot;background_background&quot;:&quot;classic&quot;}\">\n\t\t\t\t\t<div class=\"e-con-inner\">\n\t\t<div class=\"elementor-element elementor-element-54677bd e-con-full e-flex e-con e-child\" data-id=\"54677bd\" data-element_type=\"container\" data-e-type=\"container\">\n\t\t\t\t<div class=\"elementor-element elementor-element-2254da4 elementor-widget elementor-widget-text-editor\" data-id=\"2254da4\" data-element_type=\"widget\" data-e-type=\"widget\" data-widget_type=\"text-editor.default\">\n\t\t\t\t\t\t\t\t\t<p>Vinhos <strong>Premium<\/strong> e <strong>Reserva<\/strong> que combina el escal\u00f3n de madera con la guarda en la botella.<\/p><p><strong>Espumoso<\/strong> para as melhores ocasi\u00f5es feitas com m\u00e9todo tradicional. Pequenas linhas de jogo <strong>Sofisticado<\/strong> que voc\u00ea s\u00f3 encontrar\u00e1 em nossa vin\u00edcola.<\/p>\t\t\t\t\t\t\t\t<\/div>\n\t\t\t\t<div class=\"elementor-element elementor-element-3278587 elementor-align-justify elementor-widget elementor-widget-button\" data-id=\"3278587\" data-element_type=\"widget\" data-e-type=\"widget\" data-widget_type=\"button.default\">\n\t\t\t\t\t\t\t\t\t\t<a class=\"elementor-button elementor-button-link elementor-size-sm\" href=\"https:\/\/pizzornowines.com\/pt\/nuestros-vinos\/\">\n\t\t\t\t\t\t<span class=\"elementor-button-content-wrapper\">\n\t\t\t\t\t\t\t\t\t<span class=\"elementor-button-text\">Nossos Vinhos<\/span>\n\t\t\t\t\t<\/span>\n\t\t\t\t\t<\/a>\n\t\t\t\t\t\t\t\t<\/div>\n\t\t\t\t<\/div>\n\t\t\t\t\t<\/div>\n\t\t\t\t<\/div>\n\t\t<div data-dce-background-image-url=\"https:\/\/pizzornowines.com\/wp-content\/uploads\/Recurso-5.webp\" class=\"elementor-element elementor-element-5aa818c e-flex e-con-boxed e-con e-parent\" data-id=\"5aa818c\" data-element_type=\"container\" data-e-type=\"container\" data-settings=\"{&quot;background_background&quot;:&quot;classic&quot;}\">\n\t\t\t\t\t<div class=\"e-con-inner\">\n\t\t<div class=\"elementor-element elementor-element-13002fe e-con-full e-flex e-con e-child\" data-id=\"13002fe\" data-element_type=\"container\" data-e-type=\"container\">\n\t\t\t\t<\/div>\n\t\t<div class=\"elementor-element elementor-element-577eee3 e-con-full e-flex e-con e-child\" data-id=\"577eee3\" data-element_type=\"container\" data-e-type=\"container\">\n\t\t\t\t<div class=\"elementor-element elementor-element-3248daf elementor-widget elementor-widget-heading\" data-id=\"3248daf\" data-element_type=\"widget\" data-e-type=\"widget\" data-widget_type=\"heading.default\">\n\t\t\t\t\t<h2 class=\"elementor-heading-title elementor-size-default\">Uruguay<\/h2>\t\t\t\t<\/div>\n\t\t\t\t<div class=\"elementor-element elementor-element-9008b2d elementor-widget__width-initial elementor-widget elementor-widget-text-editor\" data-id=\"9008b2d\" data-element_type=\"widget\" data-e-type=\"widget\" data-widget_type=\"text-editor.default\">\n\t\t\t\t\t\t\t\t\t<p>Um pequeno pa\u00eds produtor com mais de 100 anos de tradi\u00e7\u00e3o em vitivinicultura impulsionada por imigrantes europeus.<\/p>\t\t\t\t\t\t\t\t<\/div>\n\t\t\t\t<\/div>\n\t\t\t\t\t<\/div>\n\t\t\t\t<\/div>\n\t\t\t\t<\/div>","protected":false},"excerpt":{"rendered":"<p>TRADICI\u00d3N FAMILIARdesde 1910 WineExperience Abrimos las puertas de la bodega para mostrar la elaboraci\u00f3n de nuestros vinos, sustentada en cuatro generaciones a trav\u00e9s de m\u00e1s de un siglo de historia. Variadas propuestas enotur\u00edsticas le permitir\u00e1n conectar el vino con sus cinco sentidos y la naturaleza. Vis\u00edtenos y disfrute de una experiencia \u00fanica Vinos Premium y [&hellip;]<\/p>\n","protected":false},"author":1,"featured_media":0,"parent":0,"menu_order":0,"comment_status":"closed","ping_status":"closed","template":"","meta":{"_acf_changed":false,"_joinchat":[],"footnotes":""},"class_list":["post-19","page","type-page","status-publish","hentry"],"acf":[],"yoast_head":"<!-- This site is optimized with the Yoast SEO plugin v27.3 - https:\/\/yoast.com\/product\/yoast-seo-wordpress\/ -->\n<title>Pizzorno Wines - Pizzorno Family Estates<\/title>\n<meta name=\"robots\" content=\"noindex, follow, max-snippet:-1, max-image-preview:large, max-video-preview:-1\" \/>\n<meta property=\"og:locale\" content=\"pt_BR\" \/>\n<meta property=\"og:type\" content=\"article\" \/>\n<meta property=\"og:title\" content=\"Pizzorno Wines - Pizzorno Family Estates\" \/>\n<meta property=\"og:description\" content=\"TRADICI\u00d3N FAMILIARdesde 1910 WineExperience Abrimos las puertas de la bodega para mostrar la elaboraci\u00f3n de nuestros vinos, sustentada en cuatro generaciones a trav\u00e9s de m\u00e1s de un siglo de historia. Variadas propuestas enotur\u00edsticas le permitir\u00e1n conectar el vino con sus cinco sentidos y la naturaleza. Vis\u00edtenos y disfrute de una experiencia \u00fanica Vinos Premium y [&hellip;]\" \/>\n<meta property=\"og:url\" content=\"https:\/\/pizzornowines.com\/pt\/\" \/>\n<meta property=\"og:site_name\" content=\"Pizzorno Family Estates\" \/>\n<meta property=\"article:publisher\" content=\"https:\/\/www.facebook.com\/pizzorno.family.estates\" \/>\n<meta property=\"article:modified_time\" content=\"2025-05-02T16:20:28+00:00\" \/>\n<meta property=\"og:image\" content=\"https:\/\/pizzornowines.com\/wp-content\/uploads\/CERTIFICADO-DE-EXCELENCIA.png\" \/>\n\t<meta property=\"og:image:width\" content=\"150\" \/>\n\t<meta property=\"og:image:height\" content=\"150\" \/>\n\t<meta property=\"og:image:type\" content=\"image\/png\" \/>\n<meta name=\"twitter:card\" content=\"summary_large_image\" \/>\n<meta name=\"twitter:label1\" content=\"Est. tempo de leitura\" \/>\n\t<meta name=\"twitter:data1\" content=\"1 minuto\" \/>\n<script type=\"application\/ld+json\" class=\"yoast-schema-graph\">{\"@context\":\"https:\\\/\\\/schema.org\",\"@graph\":[{\"@type\":\"WebPage\",\"@id\":\"https:\\\/\\\/pizzornowines.com\\\/\",\"url\":\"https:\\\/\\\/pizzornowines.com\\\/\",\"name\":\"Pizzorno Wines - Pizzorno Family Estates\",\"isPartOf\":{\"@id\":\"https:\\\/\\\/pizzornowines.com\\\/#website\"},\"primaryImageOfPage\":{\"@id\":\"https:\\\/\\\/pizzornowines.com\\\/#primaryimage\"},\"image\":{\"@id\":\"https:\\\/\\\/pizzornowines.com\\\/#primaryimage\"},\"thumbnailUrl\":\"https:\\\/\\\/pizzornowines.com\\\/wp-content\\\/uploads\\\/CERTIFICADO-DE-EXCELENCIA.png\",\"datePublished\":\"2025-01-22T20:54:42+00:00\",\"dateModified\":\"2025-05-02T16:20:28+00:00\",\"breadcrumb\":{\"@id\":\"https:\\\/\\\/pizzornowines.com\\\/#breadcrumb\"},\"inLanguage\":\"pt-BR\",\"potentialAction\":[{\"@type\":\"ReadAction\",\"target\":[\"https:\\\/\\\/pizzornowines.com\\\/\"]}]},{\"@type\":\"ImageObject\",\"inLanguage\":\"pt-BR\",\"@id\":\"https:\\\/\\\/pizzornowines.com\\\/#primaryimage\",\"url\":\"https:\\\/\\\/pizzornowines.com\\\/wp-content\\\/uploads\\\/CERTIFICADO-DE-EXCELENCIA.png\",\"contentUrl\":\"https:\\\/\\\/pizzornowines.com\\\/wp-content\\\/uploads\\\/CERTIFICADO-DE-EXCELENCIA.png\"},{\"@type\":\"BreadcrumbList\",\"@id\":\"https:\\\/\\\/pizzornowines.com\\\/#breadcrumb\",\"itemListElement\":[{\"@type\":\"ListItem\",\"position\":1,\"name\":\"Home\",\"item\":\"https:\\\/\\\/pizzornowines.com\\\/\"},{\"@type\":\"ListItem\",\"position\":2,\"name\":\"Pizzorno Wines\"}]},{\"@type\":\"WebSite\",\"@id\":\"https:\\\/\\\/pizzornowines.com\\\/#website\",\"url\":\"https:\\\/\\\/pizzornowines.com\\\/\",\"name\":\"Pizzorno Family Estates\",\"description\":\"Pasi\u00f3n por la tierra y el vino\",\"publisher\":{\"@id\":\"https:\\\/\\\/pizzornowines.com\\\/#organization\"},\"potentialAction\":[{\"@type\":\"SearchAction\",\"target\":{\"@type\":\"EntryPoint\",\"urlTemplate\":\"https:\\\/\\\/pizzornowines.com\\\/?s={search_term_string}\"},\"query-input\":{\"@type\":\"PropertyValueSpecification\",\"valueRequired\":true,\"valueName\":\"search_term_string\"}}],\"inLanguage\":\"pt-BR\"},{\"@type\":\"Organization\",\"@id\":\"https:\\\/\\\/pizzornowines.com\\\/#organization\",\"name\":\"Pizzorno Family Estates\",\"url\":\"https:\\\/\\\/pizzornowines.com\\\/\",\"logo\":{\"@type\":\"ImageObject\",\"inLanguage\":\"pt-BR\",\"@id\":\"https:\\\/\\\/pizzornowines.com\\\/#\\\/schema\\\/logo\\\/image\\\/\",\"url\":\"https:\\\/\\\/pizzornowines.com\\\/wp-content\\\/uploads\\\/Pizzorno-Family-Estate-logo.svg\",\"contentUrl\":\"https:\\\/\\\/pizzornowines.com\\\/wp-content\\\/uploads\\\/Pizzorno-Family-Estate-logo.svg\",\"width\":422,\"height\":283,\"caption\":\"Pizzorno Family Estates\"},\"image\":{\"@id\":\"https:\\\/\\\/pizzornowines.com\\\/#\\\/schema\\\/logo\\\/image\\\/\"},\"sameAs\":[\"https:\\\/\\\/www.facebook.com\\\/pizzorno.family.estates\"]}]}<\/script>\n<!-- \/ Yoast SEO plugin. -->","yoast_head_json":{"title":"Pizzorno Wines - Pizzorno Family Estates","robots":{"index":"noindex","follow":"follow","max-snippet":"max-snippet:-1","max-image-preview":"max-image-preview:large","max-video-preview":"max-video-preview:-1"},"og_locale":"pt_BR","og_type":"article","og_title":"Pizzorno Wines - Pizzorno Family Estates","og_description":"TRADICI\u00d3N FAMILIARdesde 1910 WineExperience Abrimos las puertas de la bodega para mostrar la elaboraci\u00f3n de nuestros vinos, sustentada en cuatro generaciones a trav\u00e9s de m\u00e1s de un siglo de historia. Variadas propuestas enotur\u00edsticas le permitir\u00e1n conectar el vino con sus cinco sentidos y la naturaleza. Vis\u00edtenos y disfrute de una experiencia \u00fanica Vinos Premium y [&hellip;]","og_url":"https:\/\/pizzornowines.com\/pt\/","og_site_name":"Pizzorno Family Estates","article_publisher":"https:\/\/www.facebook.com\/pizzorno.family.estates","article_modified_time":"2025-05-02T16:20:28+00:00","og_image":[{"width":150,"height":150,"url":"https:\/\/pizzornowines.com\/wp-content\/uploads\/CERTIFICADO-DE-EXCELENCIA.png","type":"image\/png"}],"twitter_card":"summary_large_image","twitter_misc":{"Est. tempo de leitura":"1 minuto"},"schema":{"@context":"https:\/\/schema.org","@graph":[{"@type":"WebPage","@id":"https:\/\/pizzornowines.com\/","url":"https:\/\/pizzornowines.com\/","name":"Pizzorno Wines - Pizzorno Family Estates","isPartOf":{"@id":"https:\/\/pizzornowines.com\/#website"},"primaryImageOfPage":{"@id":"https:\/\/pizzornowines.com\/#primaryimage"},"image":{"@id":"https:\/\/pizzornowines.com\/#primaryimage"},"thumbnailUrl":"https:\/\/pizzornowines.com\/wp-content\/uploads\/CERTIFICADO-DE-EXCELENCIA.png","datePublished":"2025-01-22T20:54:42+00:00","dateModified":"2025-05-02T16:20:28+00:00","breadcrumb":{"@id":"https:\/\/pizzornowines.com\/#breadcrumb"},"inLanguage":"pt-BR","potentialAction":[{"@type":"ReadAction","target":["https:\/\/pizzornowines.com\/"]}]},{"@type":"ImageObject","inLanguage":"pt-BR","@id":"https:\/\/pizzornowines.com\/#primaryimage","url":"https:\/\/pizzornowines.com\/wp-content\/uploads\/CERTIFICADO-DE-EXCELENCIA.png","contentUrl":"https:\/\/pizzornowines.com\/wp-content\/uploads\/CERTIFICADO-DE-EXCELENCIA.png"},{"@type":"BreadcrumbList","@id":"https:\/\/pizzornowines.com\/#breadcrumb","itemListElement":[{"@type":"ListItem","position":1,"name":"Home","item":"https:\/\/pizzornowines.com\/"},{"@type":"ListItem","position":2,"name":"Pizzorno Wines"}]},{"@type":"WebSite","@id":"https:\/\/pizzornowines.com\/#website","url":"https:\/\/pizzornowines.com\/","name":"Pizzorno Family Estates","description":"Pasi\u00f3n por la tierra y el vino","publisher":{"@id":"https:\/\/pizzornowines.com\/#organization"},"potentialAction":[{"@type":"SearchAction","target":{"@type":"EntryPoint","urlTemplate":"https:\/\/pizzornowines.com\/?s={search_term_string}"},"query-input":{"@type":"PropertyValueSpecification","valueRequired":true,"valueName":"search_term_string"}}],"inLanguage":"pt-BR"},{"@type":"Organization","@id":"https:\/\/pizzornowines.com\/#organization","name":"Pizzorno Family Estates","url":"https:\/\/pizzornowines.com\/","logo":{"@type":"ImageObject","inLanguage":"pt-BR","@id":"https:\/\/pizzornowines.com\/#\/schema\/logo\/image\/","url":"https:\/\/pizzornowines.com\/wp-content\/uploads\/Pizzorno-Family-Estate-logo.svg","contentUrl":"https:\/\/pizzornowines.com\/wp-content\/uploads\/Pizzorno-Family-Estate-logo.svg","width":422,"height":283,"caption":"Pizzorno Family Estates"},"image":{"@id":"https:\/\/pizzornowines.com\/#\/schema\/logo\/image\/"},"sameAs":["https:\/\/www.facebook.com\/pizzorno.family.estates"]}]}},"_links":{"self":[{"href":"https:\/\/pizzornowines.com\/pt\/wp-json\/wp\/v2\/pages\/19","targetHints":{"allow":["GET"]}}],"collection":[{"href":"https:\/\/pizzornowines.com\/pt\/wp-json\/wp\/v2\/pages"}],"about":[{"href":"https:\/\/pizzornowines.com\/pt\/wp-json\/wp\/v2\/types\/page"}],"author":[{"embeddable":true,"href":"https:\/\/pizzornowines.com\/pt\/wp-json\/wp\/v2\/users\/1"}],"replies":[{"embeddable":true,"href":"https:\/\/pizzornowines.com\/pt\/wp-json\/wp\/v2\/comments?post=19"}],"version-history":[{"count":10,"href":"https:\/\/pizzornowines.com\/pt\/wp-json\/wp\/v2\/pages\/19\/revisions"}],"predecessor-version":[{"id":1870,"href":"https:\/\/pizzornowines.com\/pt\/wp-json\/wp\/v2\/pages\/19\/revisions\/1870"}],"wp:attachment":[{"href":"https:\/\/pizzornowines.com\/pt\/wp-json\/wp\/v2\/media?parent=19"}],"curies":[{"name":"wp","href":"https:\/\/api.w.org\/{rel}","templated":true}]}}