{"id":969,"date":"2025-04-15T15:14:56","date_gmt":"2025-04-15T18:14:56","guid":{"rendered":"https:\/\/pizzornowines.com\/?post_type=product&#038;p=969"},"modified":"2026-04-03T13:40:04","modified_gmt":"2026-04-03T16:40:04","slug":"visita-degustacion-masterclass-almuerzo-de-3-pasos-maridados","status":"publish","type":"product","link":"https:\/\/pizzornowines.com\/en\/product\/visita-degustacion-masterclass-almuerzo-de-3-pasos-maridados\/","title":{"rendered":"Visit + Premium Tasting + 3-step Harmonized Lunch"},"content":{"rendered":"<p>Visit of the vineyards, cellar and cellar, where our wines are aged in barrels and bottles, guided by a winemaker or our sommelier, where we will have the opportunity to learn about all the processes of making our wines.<br \/>\nTasting in a room assisted by a technician of 4 wines accompanied by 4 bites designed to pair with each of the wines.<\/p>\n<p><strong>Wines included<\/strong><\/p>\n<p>Don Pr\u00f3spero \u2013 Sauvignon Blanc<br \/>\nPizzorno Reserva \u2013 Sauvignon Blanc (6 meses<br \/>\nMay\u00fasculas \u2013 Tannat Maceraci\u00f3n Carb\u00f3nica<br \/>\nPizzorno Reserva \u2013 Tannat (12 meses barrica Americana)<\/p>\n<p>Al finalizar con la degustaci\u00f3n, seguiremos con un ALMUERZO MARIDADO de 3 tiempos. Contamos con diferentes opciones de entrada, principal y postre para poder elegir, donde cada uno de ellos es acompa\u00f1ado por una copa de vino diferente para maridar.<\/p>\n<p><strong>Todos los d\u00edas a las 10:30hs.<\/strong><\/p>","protected":false},"excerpt":{"rendered":"<p>Visit the vineyards, winery and cava. Tasting in the room assisted by a technician of 4 wines, followed by a 3-course paired lunch.<\/p>","protected":false},"featured_media":971,"comment_status":"closed","ping_status":"closed","template":"","meta":{"_acf_changed":false,"_joinchat":[]},"tipo-visita":[64],"product_brand":[],"product_cat":[93],"product_tag":[],"class_list":{"0":"post-969","1":"product","2":"type-product","3":"status-publish","4":"has-post-thumbnail","6":"tipo-visita-almuerzos","7":"product_cat-experiencias","9":"first","10":"instock","11":"virtual","12":"sold-individually","13":"purchasable","14":"product-type-booking"},"exclude_global_add_ons":true,"addons":[{"name":"Transfer","type":"multiple_choice","position":0,"required":false,"title_format":"label","default":"","description_enable":true,"description":"Costo por persona","placeholder_enable":false,"placeholder":"","display":"radiobutton","restrictions_type":"any_text","adjust_price":false,"price":"","price_type":"flat_fee","restrictions":false,"min":"0","max":"0","options":[{"label":"Sin traslado","price":"","price_type":"flat_fee","image":0,"visibility":false},{"label":"Transfer regular","price":"900","price_type":"quantity_based","image":0,"visibility":true},{"label":"Transfer privado","price":"1800","price_type":"quantity_based","image":0,"visibility":true}],"id":1749208938},{"name":"Indique hotel de pick-up dentro de las zonas c\u00e9ntricas de Montevideo (Centro, Pocitos y Punta Carretas).","type":"custom_text","position":1,"required":false,"title_format":"label","default":"","description_enable":false,"description":"","placeholder_enable":false,"placeholder":"","display":"select","restrictions_type":"any_text","adjust_price":false,"price":"","price_type":"flat_fee","restrictions":false,"min":"0","max":"0","options":[],"id":1756318885}],"acf":[],"yoast_head":"<!-- This site is optimized with the Yoast SEO plugin v27.3 - https:\/\/yoast.com\/product\/yoast-seo-wordpress\/ -->\n<title>Visita + Degustaci\u00f3n MasterClass + Almuerzo de 3 Pasos Maridados - Pizzorno Family Estates<\/title>\n<meta name=\"robots\" content=\"noindex, follow, max-snippet:-1, max-image-preview:large, max-video-preview:-1\" \/>\n<meta property=\"og:locale\" content=\"en_US\" \/>\n<meta property=\"og:type\" content=\"article\" \/>\n<meta property=\"og:title\" content=\"Visita + Degustaci\u00f3n MasterClass + Almuerzo de 3 Pasos Maridados - Pizzorno Family Estates\" \/>\n<meta property=\"og:description\" content=\"Visita por los vi\u00f1edos, bodega y cava. Degustaci\u00f3n en sala asistida por un t\u00e9cnico de 4 vinos, siguiendo con un almuerzo maridado de 3 pasos.\" \/>\n<meta property=\"og:url\" content=\"https:\/\/pizzornowines.com\/en\/product\/visita-degustacion-masterclass-almuerzo-de-3-pasos-maridados\/\" \/>\n<meta property=\"og:site_name\" content=\"Pizzorno Family Estates\" \/>\n<meta property=\"article:publisher\" content=\"https:\/\/www.facebook.com\/pizzorno.family.estates\" \/>\n<meta property=\"article:modified_time\" content=\"2026-04-03T16:40:04+00:00\" \/>\n<meta property=\"og:image\" content=\"https:\/\/pizzornowines.com\/wp-content\/uploads\/CON-ALMUERZO-1.webp\" \/>\n\t<meta property=\"og:image:width\" content=\"1000\" \/>\n\t<meta property=\"og:image:height\" content=\"1000\" \/>\n\t<meta property=\"og:image:type\" content=\"image\/webp\" \/>\n<meta name=\"twitter:card\" content=\"summary_large_image\" \/>\n<meta name=\"twitter:label1\" content=\"Est. reading time\" \/>\n\t<meta name=\"twitter:data1\" content=\"1 minute\" \/>\n<script type=\"application\/ld+json\" class=\"yoast-schema-graph\">{\"@context\":\"https:\\\/\\\/schema.org\",\"@graph\":[{\"@type\":\"WebPage\",\"@id\":\"https:\\\/\\\/pizzornowines.com\\\/product\\\/visita-degustacion-masterclass-almuerzo-de-3-pasos-maridados\\\/\",\"url\":\"https:\\\/\\\/pizzornowines.com\\\/product\\\/visita-degustacion-masterclass-almuerzo-de-3-pasos-maridados\\\/\",\"name\":\"Visita + Degustaci\u00f3n MasterClass + Almuerzo de 3 Pasos Maridados - Pizzorno Family Estates\",\"isPartOf\":{\"@id\":\"https:\\\/\\\/pizzornowines.com\\\/#website\"},\"primaryImageOfPage\":{\"@id\":\"https:\\\/\\\/pizzornowines.com\\\/product\\\/visita-degustacion-masterclass-almuerzo-de-3-pasos-maridados\\\/#primaryimage\"},\"image\":{\"@id\":\"https:\\\/\\\/pizzornowines.com\\\/product\\\/visita-degustacion-masterclass-almuerzo-de-3-pasos-maridados\\\/#primaryimage\"},\"thumbnailUrl\":\"https:\\\/\\\/pizzornowines.com\\\/wp-content\\\/uploads\\\/CON-ALMUERZO-1.webp\",\"datePublished\":\"2025-04-15T18:14:56+00:00\",\"dateModified\":\"2026-04-03T16:40:04+00:00\",\"breadcrumb\":{\"@id\":\"https:\\\/\\\/pizzornowines.com\\\/product\\\/visita-degustacion-masterclass-almuerzo-de-3-pasos-maridados\\\/#breadcrumb\"},\"inLanguage\":\"en-US\",\"potentialAction\":[{\"@type\":\"ReadAction\",\"target\":[\"https:\\\/\\\/pizzornowines.com\\\/product\\\/visita-degustacion-masterclass-almuerzo-de-3-pasos-maridados\\\/\"]}]},{\"@type\":\"ImageObject\",\"inLanguage\":\"en-US\",\"@id\":\"https:\\\/\\\/pizzornowines.com\\\/product\\\/visita-degustacion-masterclass-almuerzo-de-3-pasos-maridados\\\/#primaryimage\",\"url\":\"https:\\\/\\\/pizzornowines.com\\\/wp-content\\\/uploads\\\/CON-ALMUERZO-1.webp\",\"contentUrl\":\"https:\\\/\\\/pizzornowines.com\\\/wp-content\\\/uploads\\\/CON-ALMUERZO-1.webp\",\"width\":1000,\"height\":1000,\"caption\":\"CON ALMUERZO 1\"},{\"@type\":\"BreadcrumbList\",\"@id\":\"https:\\\/\\\/pizzornowines.com\\\/product\\\/visita-degustacion-masterclass-almuerzo-de-3-pasos-maridados\\\/#breadcrumb\",\"itemListElement\":[{\"@type\":\"ListItem\",\"position\":1,\"name\":\"Home\",\"item\":\"https:\\\/\\\/pizzornowines.com\\\/\"},{\"@type\":\"ListItem\",\"position\":2,\"name\":\"Shop\",\"item\":\"https:\\\/\\\/pizzornowines.com\\\/shop\\\/\"},{\"@type\":\"ListItem\",\"position\":3,\"name\":\"Visita + Degustaci\u00f3n MasterClass + Almuerzo de 3 Pasos Maridados\"}]},{\"@type\":\"WebSite\",\"@id\":\"https:\\\/\\\/pizzornowines.com\\\/#website\",\"url\":\"https:\\\/\\\/pizzornowines.com\\\/\",\"name\":\"Pizzorno Family Estates\",\"description\":\"Pasi\u00f3n por la tierra y el vino\",\"publisher\":{\"@id\":\"https:\\\/\\\/pizzornowines.com\\\/#organization\"},\"potentialAction\":[{\"@type\":\"SearchAction\",\"target\":{\"@type\":\"EntryPoint\",\"urlTemplate\":\"https:\\\/\\\/pizzornowines.com\\\/?s={search_term_string}\"},\"query-input\":{\"@type\":\"PropertyValueSpecification\",\"valueRequired\":true,\"valueName\":\"search_term_string\"}}],\"inLanguage\":\"en-US\"},{\"@type\":\"Organization\",\"@id\":\"https:\\\/\\\/pizzornowines.com\\\/#organization\",\"name\":\"Pizzorno Family Estates\",\"url\":\"https:\\\/\\\/pizzornowines.com\\\/\",\"logo\":{\"@type\":\"ImageObject\",\"inLanguage\":\"en-US\",\"@id\":\"https:\\\/\\\/pizzornowines.com\\\/#\\\/schema\\\/logo\\\/image\\\/\",\"url\":\"https:\\\/\\\/pizzornowines.com\\\/wp-content\\\/uploads\\\/Pizzorno-Family-Estate-logo.svg\",\"contentUrl\":\"https:\\\/\\\/pizzornowines.com\\\/wp-content\\\/uploads\\\/Pizzorno-Family-Estate-logo.svg\",\"width\":422,\"height\":283,\"caption\":\"Pizzorno Family Estates\"},\"image\":{\"@id\":\"https:\\\/\\\/pizzornowines.com\\\/#\\\/schema\\\/logo\\\/image\\\/\"},\"sameAs\":[\"https:\\\/\\\/www.facebook.com\\\/pizzorno.family.estates\"]}]}<\/script>\n<!-- \/ Yoast SEO plugin. -->","yoast_head_json":{"title":"Visita + Degustaci\u00f3n MasterClass + Almuerzo de 3 Pasos Maridados - Pizzorno Family Estates","robots":{"index":"noindex","follow":"follow","max-snippet":"max-snippet:-1","max-image-preview":"max-image-preview:large","max-video-preview":"max-video-preview:-1"},"og_locale":"en_US","og_type":"article","og_title":"Visita + Degustaci\u00f3n MasterClass + Almuerzo de 3 Pasos Maridados - Pizzorno Family Estates","og_description":"Visita por los vi\u00f1edos, bodega y cava. Degustaci\u00f3n en sala asistida por un t\u00e9cnico de 4 vinos, siguiendo con un almuerzo maridado de 3 pasos.","og_url":"https:\/\/pizzornowines.com\/en\/product\/visita-degustacion-masterclass-almuerzo-de-3-pasos-maridados\/","og_site_name":"Pizzorno Family Estates","article_publisher":"https:\/\/www.facebook.com\/pizzorno.family.estates","article_modified_time":"2026-04-03T16:40:04+00:00","og_image":[{"width":1000,"height":1000,"url":"https:\/\/pizzornowines.com\/wp-content\/uploads\/CON-ALMUERZO-1.webp","type":"image\/webp"}],"twitter_card":"summary_large_image","twitter_misc":{"Est. reading time":"1 minute"},"schema":{"@context":"https:\/\/schema.org","@graph":[{"@type":"WebPage","@id":"https:\/\/pizzornowines.com\/product\/visita-degustacion-masterclass-almuerzo-de-3-pasos-maridados\/","url":"https:\/\/pizzornowines.com\/product\/visita-degustacion-masterclass-almuerzo-de-3-pasos-maridados\/","name":"Visita + Degustaci\u00f3n MasterClass + Almuerzo de 3 Pasos Maridados - Pizzorno Family Estates","isPartOf":{"@id":"https:\/\/pizzornowines.com\/#website"},"primaryImageOfPage":{"@id":"https:\/\/pizzornowines.com\/product\/visita-degustacion-masterclass-almuerzo-de-3-pasos-maridados\/#primaryimage"},"image":{"@id":"https:\/\/pizzornowines.com\/product\/visita-degustacion-masterclass-almuerzo-de-3-pasos-maridados\/#primaryimage"},"thumbnailUrl":"https:\/\/pizzornowines.com\/wp-content\/uploads\/CON-ALMUERZO-1.webp","datePublished":"2025-04-15T18:14:56+00:00","dateModified":"2026-04-03T16:40:04+00:00","breadcrumb":{"@id":"https:\/\/pizzornowines.com\/product\/visita-degustacion-masterclass-almuerzo-de-3-pasos-maridados\/#breadcrumb"},"inLanguage":"en-US","potentialAction":[{"@type":"ReadAction","target":["https:\/\/pizzornowines.com\/product\/visita-degustacion-masterclass-almuerzo-de-3-pasos-maridados\/"]}]},{"@type":"ImageObject","inLanguage":"en-US","@id":"https:\/\/pizzornowines.com\/product\/visita-degustacion-masterclass-almuerzo-de-3-pasos-maridados\/#primaryimage","url":"https:\/\/pizzornowines.com\/wp-content\/uploads\/CON-ALMUERZO-1.webp","contentUrl":"https:\/\/pizzornowines.com\/wp-content\/uploads\/CON-ALMUERZO-1.webp","width":1000,"height":1000,"caption":"CON ALMUERZO 1"},{"@type":"BreadcrumbList","@id":"https:\/\/pizzornowines.com\/product\/visita-degustacion-masterclass-almuerzo-de-3-pasos-maridados\/#breadcrumb","itemListElement":[{"@type":"ListItem","position":1,"name":"Home","item":"https:\/\/pizzornowines.com\/"},{"@type":"ListItem","position":2,"name":"Shop","item":"https:\/\/pizzornowines.com\/shop\/"},{"@type":"ListItem","position":3,"name":"Visita + Degustaci\u00f3n MasterClass + Almuerzo de 3 Pasos Maridados"}]},{"@type":"WebSite","@id":"https:\/\/pizzornowines.com\/#website","url":"https:\/\/pizzornowines.com\/","name":"Pizzorno Family Estates","description":"Pasi\u00f3n por la tierra y el vino","publisher":{"@id":"https:\/\/pizzornowines.com\/#organization"},"potentialAction":[{"@type":"SearchAction","target":{"@type":"EntryPoint","urlTemplate":"https:\/\/pizzornowines.com\/?s={search_term_string}"},"query-input":{"@type":"PropertyValueSpecification","valueRequired":true,"valueName":"search_term_string"}}],"inLanguage":"en-US"},{"@type":"Organization","@id":"https:\/\/pizzornowines.com\/#organization","name":"Pizzorno Family Estates","url":"https:\/\/pizzornowines.com\/","logo":{"@type":"ImageObject","inLanguage":"en-US","@id":"https:\/\/pizzornowines.com\/#\/schema\/logo\/image\/","url":"https:\/\/pizzornowines.com\/wp-content\/uploads\/Pizzorno-Family-Estate-logo.svg","contentUrl":"https:\/\/pizzornowines.com\/wp-content\/uploads\/Pizzorno-Family-Estate-logo.svg","width":422,"height":283,"caption":"Pizzorno Family Estates"},"image":{"@id":"https:\/\/pizzornowines.com\/#\/schema\/logo\/image\/"},"sameAs":["https:\/\/www.facebook.com\/pizzorno.family.estates"]}]}},"_links":{"self":[{"href":"https:\/\/pizzornowines.com\/en\/wp-json\/wp\/v2\/product\/969","targetHints":{"allow":["GET"]}}],"collection":[{"href":"https:\/\/pizzornowines.com\/en\/wp-json\/wp\/v2\/product"}],"about":[{"href":"https:\/\/pizzornowines.com\/en\/wp-json\/wp\/v2\/types\/product"}],"replies":[{"embeddable":true,"href":"https:\/\/pizzornowines.com\/en\/wp-json\/wp\/v2\/comments?post=969"}],"version-history":[{"count":5,"href":"https:\/\/pizzornowines.com\/en\/wp-json\/wp\/v2\/product\/969\/revisions"}],"predecessor-version":[{"id":4801,"href":"https:\/\/pizzornowines.com\/en\/wp-json\/wp\/v2\/product\/969\/revisions\/4801"}],"wp:featuredmedia":[{"embeddable":true,"href":"https:\/\/pizzornowines.com\/en\/wp-json\/wp\/v2\/media\/971"}],"wp:attachment":[{"href":"https:\/\/pizzornowines.com\/en\/wp-json\/wp\/v2\/media?parent=969"}],"wp:term":[{"taxonomy":"tipo-visita","embeddable":true,"href":"https:\/\/pizzornowines.com\/en\/wp-json\/wp\/v2\/tipo-visita?post=969"},{"taxonomy":"product_brand","embeddable":true,"href":"https:\/\/pizzornowines.com\/en\/wp-json\/wp\/v2\/product_brand?post=969"},{"taxonomy":"product_cat","embeddable":true,"href":"https:\/\/pizzornowines.com\/en\/wp-json\/wp\/v2\/product_cat?post=969"},{"taxonomy":"product_tag","embeddable":true,"href":"https:\/\/pizzornowines.com\/en\/wp-json\/wp\/v2\/product_tag?post=969"}],"curies":[{"name":"wp","href":"https:\/\/api.w.org\/{rel}","templated":true}]}}