{"id":5047,"date":"2026-03-30T10:17:16","date_gmt":"2026-03-30T13:17:16","guid":{"rendered":"https:\/\/pizzornowines.com\/product\/exclusivo\/"},"modified":"2026-03-31T09:59:25","modified_gmt":"2026-03-31T12:59:25","slug":"exclusivo","status":"publish","type":"product","link":"https:\/\/pizzornowines.com\/en\/product\/exclusivo\/","title":{"rendered":"La Rambla Exclusivo"},"content":{"rendered":"","protected":false},"excerpt":{"rendered":"<p>Este vino nace de una colaboraci\u00f3n real entre nuestro equipo y el restaurante La Rambla (Gustavo Justet, M\u00e9xico), con un objetivo claro: desarrollar un vino a medida de su propuesta gastron\u00f3mica y de su consumidor.<\/p>\n<p>Hace dos a\u00f1os, la familia detr\u00e1s de La Rambla visit\u00f3 nuestra bodega junto a nuestro representante en M\u00e9xico, Jorge Anaya (Cava de Bo), dando inicio a un proceso de trabajo conjunto con nuestro en\u00f3logo y sommelier.<br \/>\nA lo largo de distintas degustaciones, se evaluaron m\u00faltiples opciones hasta definir el corte ideal, siempre con foco en c\u00f3mo el vino se integrar\u00eda a su carta y acompa\u00f1ar\u00eda su cocina.<\/p>\n<p>No fue una decisi\u00f3n inmediata, sino un proceso de prueba, ajuste y validaci\u00f3n, donde el paso por barrica termin\u00f3 de aportar estructura, complejidad y equilibrio.<\/p>\n<p>El resultado es un vino exclusivo, desarrollado en conjunto, que refleja el valor de construir desde el consumidor, con criterio, tiempo y una s\u00f3lida alianza entre todas las partes involucradas.<\/p>","protected":false},"featured_media":5056,"comment_status":"closed","ping_status":"closed","template":"","meta":{"_acf_changed":false,"_joinchat":[]},"tipo-visita":[],"product_brand":[],"product_cat":[26],"product_tag":[],"class_list":{"0":"post-5047","1":"product","2":"type-product","3":"status-publish","4":"has-post-thumbnail","6":"product_cat-especiales","8":"first","9":"instock","10":"shipping-taxable","11":"product-type-simple"},"exclude_global_add_ons":[],"addons":[],"acf":[],"yoast_head":"<!-- This site is optimized with the Yoast SEO plugin v27.4 - https:\/\/yoast.com\/product\/yoast-seo-wordpress\/ -->\n<title>La Rambla Exclusivo - Pizzorno Family Estates<\/title>\n<meta name=\"robots\" content=\"noindex, follow, max-snippet:-1, max-image-preview:large, max-video-preview:-1\" \/>\n<meta property=\"og:locale\" content=\"en_US\" \/>\n<meta property=\"og:type\" content=\"article\" \/>\n<meta property=\"og:title\" content=\"La Rambla Exclusivo - Pizzorno Family Estates\" \/>\n<meta property=\"og:description\" content=\"Este vino nace de una colaboraci\u00f3n real entre nuestro equipo y el restaurante La Rambla (Gustavo Justet, M\u00e9xico), con un objetivo claro: desarrollar un vino a medida de su propuesta gastron\u00f3mica y de su consumidor.  Hace dos a\u00f1os, la familia detr\u00e1s de La Rambla visit\u00f3 nuestra bodega junto a nuestro representante en M\u00e9xico, Jorge Anaya (Cava de Bo), dando inicio a un proceso de trabajo conjunto con nuestro en\u00f3logo y sommelier. A lo largo de distintas degustaciones, se evaluaron m\u00faltiples opciones hasta definir el corte ideal, siempre con foco en c\u00f3mo el vino se integrar\u00eda a su carta y acompa\u00f1ar\u00eda su cocina.  No fue una decisi\u00f3n inmediata, sino un proceso de prueba, ajuste y validaci\u00f3n, donde el paso por barrica termin\u00f3 de aportar estructura, complejidad y equilibrio.  El resultado es un vino exclusivo, desarrollado en conjunto, que refleja el valor de construir desde el consumidor, con criterio, tiempo y una s\u00f3lida alianza entre todas las partes involucradas.\" \/>\n<meta property=\"og:url\" content=\"https:\/\/pizzornowines.com\/en\/product\/exclusivo\/\" \/>\n<meta property=\"og:site_name\" content=\"Pizzorno Family Estates\" \/>\n<meta property=\"article:publisher\" content=\"https:\/\/www.facebook.com\/pizzorno.family.estates\" \/>\n<meta property=\"article:modified_time\" content=\"2026-03-31T12:59:25+00:00\" \/>\n<meta property=\"og:image\" content=\"https:\/\/pizzornowines.com\/wp-content\/uploads\/Gemini_Generated_Image_r6ekqir6ekqir6ek.jpg\" \/>\n\t<meta property=\"og:image:width\" content=\"379\" \/>\n\t<meta property=\"og:image:height\" content=\"1200\" \/>\n\t<meta property=\"og:image:type\" content=\"image\/jpeg\" \/>\n<meta name=\"twitter:card\" content=\"summary_large_image\" \/>\n<script type=\"application\/ld+json\" class=\"yoast-schema-graph\">{\"@context\":\"https:\\\/\\\/schema.org\",\"@graph\":[{\"@type\":\"WebPage\",\"@id\":\"https:\\\/\\\/pizzornowines.com\\\/product\\\/exclusivo\\\/\",\"url\":\"https:\\\/\\\/pizzornowines.com\\\/product\\\/exclusivo\\\/\",\"name\":\"La Rambla Exclusivo - Pizzorno Family Estates\",\"isPartOf\":{\"@id\":\"https:\\\/\\\/pizzornowines.com\\\/#website\"},\"primaryImageOfPage\":{\"@id\":\"https:\\\/\\\/pizzornowines.com\\\/product\\\/exclusivo\\\/#primaryimage\"},\"image\":{\"@id\":\"https:\\\/\\\/pizzornowines.com\\\/product\\\/exclusivo\\\/#primaryimage\"},\"thumbnailUrl\":\"https:\\\/\\\/pizzornowines.com\\\/wp-content\\\/uploads\\\/Gemini_Generated_Image_r6ekqir6ekqir6ek.jpg\",\"datePublished\":\"2026-03-30T13:17:16+00:00\",\"dateModified\":\"2026-03-31T12:59:25+00:00\",\"breadcrumb\":{\"@id\":\"https:\\\/\\\/pizzornowines.com\\\/product\\\/exclusivo\\\/#breadcrumb\"},\"inLanguage\":\"en-US\",\"potentialAction\":[{\"@type\":\"ReadAction\",\"target\":[\"https:\\\/\\\/pizzornowines.com\\\/product\\\/exclusivo\\\/\"]}]},{\"@type\":\"ImageObject\",\"inLanguage\":\"en-US\",\"@id\":\"https:\\\/\\\/pizzornowines.com\\\/product\\\/exclusivo\\\/#primaryimage\",\"url\":\"https:\\\/\\\/pizzornowines.com\\\/wp-content\\\/uploads\\\/Gemini_Generated_Image_r6ekqir6ekqir6ek.jpg\",\"contentUrl\":\"https:\\\/\\\/pizzornowines.com\\\/wp-content\\\/uploads\\\/Gemini_Generated_Image_r6ekqir6ekqir6ek.jpg\",\"width\":379,\"height\":1200},{\"@type\":\"BreadcrumbList\",\"@id\":\"https:\\\/\\\/pizzornowines.com\\\/product\\\/exclusivo\\\/#breadcrumb\",\"itemListElement\":[{\"@type\":\"ListItem\",\"position\":1,\"name\":\"Home\",\"item\":\"https:\\\/\\\/pizzornowines.com\\\/\"},{\"@type\":\"ListItem\",\"position\":2,\"name\":\"Shop\",\"item\":\"https:\\\/\\\/pizzornowines.com\\\/?page_id=96\"},{\"@type\":\"ListItem\",\"position\":3,\"name\":\"La Rambla Exclusivo\"}]},{\"@type\":\"WebSite\",\"@id\":\"https:\\\/\\\/pizzornowines.com\\\/#website\",\"url\":\"https:\\\/\\\/pizzornowines.com\\\/\",\"name\":\"Pizzorno Family Estates\",\"description\":\"Pasi\u00f3n por la tierra y el vino\",\"publisher\":{\"@id\":\"https:\\\/\\\/pizzornowines.com\\\/#organization\"},\"potentialAction\":[{\"@type\":\"SearchAction\",\"target\":{\"@type\":\"EntryPoint\",\"urlTemplate\":\"https:\\\/\\\/pizzornowines.com\\\/?s={search_term_string}\"},\"query-input\":{\"@type\":\"PropertyValueSpecification\",\"valueRequired\":true,\"valueName\":\"search_term_string\"}}],\"inLanguage\":\"en-US\"},{\"@type\":\"Organization\",\"@id\":\"https:\\\/\\\/pizzornowines.com\\\/#organization\",\"name\":\"Pizzorno Family Estates\",\"url\":\"https:\\\/\\\/pizzornowines.com\\\/\",\"logo\":{\"@type\":\"ImageObject\",\"inLanguage\":\"en-US\",\"@id\":\"https:\\\/\\\/pizzornowines.com\\\/#\\\/schema\\\/logo\\\/image\\\/\",\"url\":\"https:\\\/\\\/pizzornowines.com\\\/wp-content\\\/uploads\\\/Pizzorno-Family-Estate-logo.svg\",\"contentUrl\":\"https:\\\/\\\/pizzornowines.com\\\/wp-content\\\/uploads\\\/Pizzorno-Family-Estate-logo.svg\",\"width\":422,\"height\":283,\"caption\":\"Pizzorno Family Estates\"},\"image\":{\"@id\":\"https:\\\/\\\/pizzornowines.com\\\/#\\\/schema\\\/logo\\\/image\\\/\"},\"sameAs\":[\"https:\\\/\\\/www.facebook.com\\\/pizzorno.family.estates\"]}]}<\/script>\n<!-- \/ Yoast SEO plugin. -->","yoast_head_json":{"title":"La Rambla Exclusivo - Pizzorno Family Estates","robots":{"index":"noindex","follow":"follow","max-snippet":"max-snippet:-1","max-image-preview":"max-image-preview:large","max-video-preview":"max-video-preview:-1"},"og_locale":"en_US","og_type":"article","og_title":"La Rambla Exclusivo - Pizzorno Family Estates","og_description":"Este vino nace de una colaboraci\u00f3n real entre nuestro equipo y el restaurante La Rambla (Gustavo Justet, M\u00e9xico), con un objetivo claro: desarrollar un vino a medida de su propuesta gastron\u00f3mica y de su consumidor.  Hace dos a\u00f1os, la familia detr\u00e1s de La Rambla visit\u00f3 nuestra bodega junto a nuestro representante en M\u00e9xico, Jorge Anaya (Cava de Bo), dando inicio a un proceso de trabajo conjunto con nuestro en\u00f3logo y sommelier. A lo largo de distintas degustaciones, se evaluaron m\u00faltiples opciones hasta definir el corte ideal, siempre con foco en c\u00f3mo el vino se integrar\u00eda a su carta y acompa\u00f1ar\u00eda su cocina.  No fue una decisi\u00f3n inmediata, sino un proceso de prueba, ajuste y validaci\u00f3n, donde el paso por barrica termin\u00f3 de aportar estructura, complejidad y equilibrio.  El resultado es un vino exclusivo, desarrollado en conjunto, que refleja el valor de construir desde el consumidor, con criterio, tiempo y una s\u00f3lida alianza entre todas las partes involucradas.","og_url":"https:\/\/pizzornowines.com\/en\/product\/exclusivo\/","og_site_name":"Pizzorno Family Estates","article_publisher":"https:\/\/www.facebook.com\/pizzorno.family.estates","article_modified_time":"2026-03-31T12:59:25+00:00","og_image":[{"width":379,"height":1200,"url":"https:\/\/pizzornowines.com\/wp-content\/uploads\/Gemini_Generated_Image_r6ekqir6ekqir6ek.jpg","type":"image\/jpeg"}],"twitter_card":"summary_large_image","schema":{"@context":"https:\/\/schema.org","@graph":[{"@type":"WebPage","@id":"https:\/\/pizzornowines.com\/product\/exclusivo\/","url":"https:\/\/pizzornowines.com\/product\/exclusivo\/","name":"La Rambla Exclusivo - Pizzorno Family Estates","isPartOf":{"@id":"https:\/\/pizzornowines.com\/#website"},"primaryImageOfPage":{"@id":"https:\/\/pizzornowines.com\/product\/exclusivo\/#primaryimage"},"image":{"@id":"https:\/\/pizzornowines.com\/product\/exclusivo\/#primaryimage"},"thumbnailUrl":"https:\/\/pizzornowines.com\/wp-content\/uploads\/Gemini_Generated_Image_r6ekqir6ekqir6ek.jpg","datePublished":"2026-03-30T13:17:16+00:00","dateModified":"2026-03-31T12:59:25+00:00","breadcrumb":{"@id":"https:\/\/pizzornowines.com\/product\/exclusivo\/#breadcrumb"},"inLanguage":"en-US","potentialAction":[{"@type":"ReadAction","target":["https:\/\/pizzornowines.com\/product\/exclusivo\/"]}]},{"@type":"ImageObject","inLanguage":"en-US","@id":"https:\/\/pizzornowines.com\/product\/exclusivo\/#primaryimage","url":"https:\/\/pizzornowines.com\/wp-content\/uploads\/Gemini_Generated_Image_r6ekqir6ekqir6ek.jpg","contentUrl":"https:\/\/pizzornowines.com\/wp-content\/uploads\/Gemini_Generated_Image_r6ekqir6ekqir6ek.jpg","width":379,"height":1200},{"@type":"BreadcrumbList","@id":"https:\/\/pizzornowines.com\/product\/exclusivo\/#breadcrumb","itemListElement":[{"@type":"ListItem","position":1,"name":"Home","item":"https:\/\/pizzornowines.com\/"},{"@type":"ListItem","position":2,"name":"Shop","item":"https:\/\/pizzornowines.com\/?page_id=96"},{"@type":"ListItem","position":3,"name":"La Rambla Exclusivo"}]},{"@type":"WebSite","@id":"https:\/\/pizzornowines.com\/#website","url":"https:\/\/pizzornowines.com\/","name":"Pizzorno Family Estates","description":"Pasi\u00f3n por la tierra y el vino","publisher":{"@id":"https:\/\/pizzornowines.com\/#organization"},"potentialAction":[{"@type":"SearchAction","target":{"@type":"EntryPoint","urlTemplate":"https:\/\/pizzornowines.com\/?s={search_term_string}"},"query-input":{"@type":"PropertyValueSpecification","valueRequired":true,"valueName":"search_term_string"}}],"inLanguage":"en-US"},{"@type":"Organization","@id":"https:\/\/pizzornowines.com\/#organization","name":"Pizzorno Family Estates","url":"https:\/\/pizzornowines.com\/","logo":{"@type":"ImageObject","inLanguage":"en-US","@id":"https:\/\/pizzornowines.com\/#\/schema\/logo\/image\/","url":"https:\/\/pizzornowines.com\/wp-content\/uploads\/Pizzorno-Family-Estate-logo.svg","contentUrl":"https:\/\/pizzornowines.com\/wp-content\/uploads\/Pizzorno-Family-Estate-logo.svg","width":422,"height":283,"caption":"Pizzorno Family Estates"},"image":{"@id":"https:\/\/pizzornowines.com\/#\/schema\/logo\/image\/"},"sameAs":["https:\/\/www.facebook.com\/pizzorno.family.estates"]}]}},"_links":{"self":[{"href":"https:\/\/pizzornowines.com\/en\/wp-json\/wp\/v2\/product\/5047","targetHints":{"allow":["GET"]}}],"collection":[{"href":"https:\/\/pizzornowines.com\/en\/wp-json\/wp\/v2\/product"}],"about":[{"href":"https:\/\/pizzornowines.com\/en\/wp-json\/wp\/v2\/types\/product"}],"replies":[{"embeddable":true,"href":"https:\/\/pizzornowines.com\/en\/wp-json\/wp\/v2\/comments?post=5047"}],"version-history":[{"count":5,"href":"https:\/\/pizzornowines.com\/en\/wp-json\/wp\/v2\/product\/5047\/revisions"}],"predecessor-version":[{"id":5058,"href":"https:\/\/pizzornowines.com\/en\/wp-json\/wp\/v2\/product\/5047\/revisions\/5058"}],"wp:featuredmedia":[{"embeddable":true,"href":"https:\/\/pizzornowines.com\/en\/wp-json\/wp\/v2\/media\/5056"}],"wp:attachment":[{"href":"https:\/\/pizzornowines.com\/en\/wp-json\/wp\/v2\/media?parent=5047"}],"wp:term":[{"taxonomy":"tipo-visita","embeddable":true,"href":"https:\/\/pizzornowines.com\/en\/wp-json\/wp\/v2\/tipo-visita?post=5047"},{"taxonomy":"product_brand","embeddable":true,"href":"https:\/\/pizzornowines.com\/en\/wp-json\/wp\/v2\/product_brand?post=5047"},{"taxonomy":"product_cat","embeddable":true,"href":"https:\/\/pizzornowines.com\/en\/wp-json\/wp\/v2\/product_cat?post=5047"},{"taxonomy":"product_tag","embeddable":true,"href":"https:\/\/pizzornowines.com\/en\/wp-json\/wp\/v2\/product_tag?post=5047"}],"curies":[{"name":"wp","href":"https:\/\/api.w.org\/{rel}","templated":true}]}}