{"id":341,"date":"2023-02-06T17:41:44","date_gmt":"2023-02-06T20:41:44","guid":{"rendered":"https:\/\/pizzorno.r1group.com.ar\/producto\/profecia-merlot-rose\/"},"modified":"2025-06-07T14:25:58","modified_gmt":"2025-06-07T17:25:58","slug":"profecia-merlot-rose","status":"publish","type":"product","link":"https:\/\/pizzornowines.com\/en\/product\/profecia-merlot-rose\/","title":{"rendered":"Profec\u00eda Merlot Ros\u00e9"},"content":{"rendered":"<p>Inspiracio\u0301n de un historia familiar. Legado de un visionario con ojos al futuro que ensen\u0303o a las nuevas generaciones de vitivinicultores de la familia a sembrar, trabajar y cosechar la tierra. Manteniendo viva la esencia familiar en cada gota de vino.<\/p>","protected":false},"excerpt":{"rendered":"<p>Profec\u00eda es una l\u00ednea inspirada en las ra\u00edces m\u00e1s profundas de la familia Pizzorno. Rinde homenaje a aquel visionario que, con pasi\u00f3n y claridad, imagin\u00f3 el futuro antes de que sucediera. Es la manifestaci\u00f3n de una historia familiar guiada por el compromiso, el esfuerzo y la dedicaci\u00f3n a la tierra.<br \/>\nCada vino de Profec\u00eda es el resultado de un sue\u00f1o anticipado, trabajado con paciencia, sembrado con amor y cosechado con orgullo. Esta l\u00ednea refleja el legado de quien marc\u00f3 el rumbo, integrando tradici\u00f3n y proyecci\u00f3n, emoci\u00f3n y t\u00e9cnica, para ofrecer una experiencia que honra el pasado y celebra el presente.<\/p>\n<p>El Pizzorno Profec\u00eda Merlot Ros\u00e9 est\u00e1 elaborado 100% con uvas Merlot de vi\u00f1edos seleccionados en Canel\u00f3n Chico, cosechadas de forma temprana para conservar frescura y acidez natural. Se realiza prensado directo y fermentaci\u00f3n a baja temperatura, priorizando la expresi\u00f3n arom\u00e1tica y la pureza frutal del varietal.<\/p>\n<p>El resultado es un rosado delicado, expresivo y equilibrado, que conjuga lo mejor de la t\u00e9cnica con la sensibilidad del origen.<\/p>","protected":false},"featured_media":342,"comment_status":"closed","ping_status":"closed","template":"","meta":{"_acf_changed":false,"_joinchat":[]},"tipo-visita":[],"product_brand":[],"product_cat":[37],"product_tag":[],"class_list":{"0":"post-341","1":"product","2":"type-product","3":"status-publish","4":"has-post-thumbnail","6":"product_cat-profecia","8":"first","9":"instock","10":"shipping-taxable","11":"product-type-simple"},"exclude_global_add_ons":[],"addons":[],"acf":[],"yoast_head":"<!-- This site is optimized with the Yoast SEO plugin v27.4 - https:\/\/yoast.com\/product\/yoast-seo-wordpress\/ -->\n<title>Profec\u00eda Merlot Ros\u00e9 - Pizzorno Family Estates<\/title>\n<meta name=\"robots\" content=\"noindex, follow, max-snippet:-1, max-image-preview:large, max-video-preview:-1\" \/>\n<meta property=\"og:locale\" content=\"en_US\" \/>\n<meta property=\"og:type\" content=\"article\" \/>\n<meta property=\"og:title\" content=\"Profec\u00eda Merlot Ros\u00e9 - Pizzorno Family Estates\" \/>\n<meta property=\"og:description\" content=\"Profec\u00eda es una l\u00ednea inspirada en las ra\u00edces m\u00e1s profundas de la familia Pizzorno. Rinde homenaje a aquel visionario que, con pasi\u00f3n y claridad, imagin\u00f3 el futuro antes de que sucediera. Es la manifestaci\u00f3n de una historia familiar guiada por el compromiso, el esfuerzo y la dedicaci\u00f3n a la tierra. Cada vino de Profec\u00eda es el resultado de un sue\u00f1o anticipado, trabajado con paciencia, sembrado con amor y cosechado con orgullo. Esta l\u00ednea refleja el legado de quien marc\u00f3 el rumbo, integrando tradici\u00f3n y proyecci\u00f3n, emoci\u00f3n y t\u00e9cnica, para ofrecer una experiencia que honra el pasado y celebra el presente.  El Pizzorno Profec\u00eda Merlot Ros\u00e9 est\u00e1 elaborado 100% con uvas Merlot de vi\u00f1edos seleccionados en Canel\u00f3n Chico, cosechadas de forma temprana para conservar frescura y acidez natural. Se realiza prensado directo y fermentaci\u00f3n a baja temperatura, priorizando la expresi\u00f3n arom\u00e1tica y la pureza frutal del varietal.  El resultado es un rosado delicado, expresivo y equilibrado, que conjuga lo mejor de la t\u00e9cnica con la sensibilidad del origen.\" \/>\n<meta property=\"og:url\" content=\"https:\/\/pizzornowines.com\/en\/product\/profecia-merlot-rose\/\" \/>\n<meta property=\"og:site_name\" content=\"Pizzorno Family Estates\" \/>\n<meta property=\"article:publisher\" content=\"https:\/\/www.facebook.com\/pizzorno.family.estates\" \/>\n<meta property=\"article:modified_time\" content=\"2025-06-07T17:25:58+00:00\" \/>\n<meta property=\"og:image\" content=\"https:\/\/pizzornowines.com\/wp-content\/uploads\/2023\/04\/Profecia-Merlot-Rose-1.png\" \/>\n\t<meta property=\"og:image:width\" content=\"189\" \/>\n\t<meta property=\"og:image:height\" content=\"780\" \/>\n\t<meta property=\"og:image:type\" content=\"image\/png\" \/>\n<meta name=\"twitter:card\" content=\"summary_large_image\" \/>\n<script type=\"application\/ld+json\" class=\"yoast-schema-graph\">{\"@context\":\"https:\\\/\\\/schema.org\",\"@graph\":[{\"@type\":\"WebPage\",\"@id\":\"https:\\\/\\\/pizzornowines.com\\\/product\\\/profecia-merlot-rose\\\/\",\"url\":\"https:\\\/\\\/pizzornowines.com\\\/product\\\/profecia-merlot-rose\\\/\",\"name\":\"Profec\u00eda Merlot Ros\u00e9 - Pizzorno Family Estates\",\"isPartOf\":{\"@id\":\"https:\\\/\\\/pizzornowines.com\\\/#website\"},\"primaryImageOfPage\":{\"@id\":\"https:\\\/\\\/pizzornowines.com\\\/product\\\/profecia-merlot-rose\\\/#primaryimage\"},\"image\":{\"@id\":\"https:\\\/\\\/pizzornowines.com\\\/product\\\/profecia-merlot-rose\\\/#primaryimage\"},\"thumbnailUrl\":\"https:\\\/\\\/pizzornowines.com\\\/wp-content\\\/uploads\\\/2023\\\/04\\\/Profecia-Merlot-Rose-1.png\",\"datePublished\":\"2023-02-06T20:41:44+00:00\",\"dateModified\":\"2025-06-07T17:25:58+00:00\",\"breadcrumb\":{\"@id\":\"https:\\\/\\\/pizzornowines.com\\\/product\\\/profecia-merlot-rose\\\/#breadcrumb\"},\"inLanguage\":\"en-US\",\"potentialAction\":[{\"@type\":\"ReadAction\",\"target\":[\"https:\\\/\\\/pizzornowines.com\\\/product\\\/profecia-merlot-rose\\\/\"]}]},{\"@type\":\"ImageObject\",\"inLanguage\":\"en-US\",\"@id\":\"https:\\\/\\\/pizzornowines.com\\\/product\\\/profecia-merlot-rose\\\/#primaryimage\",\"url\":\"https:\\\/\\\/pizzornowines.com\\\/wp-content\\\/uploads\\\/2023\\\/04\\\/Profecia-Merlot-Rose-1.png\",\"contentUrl\":\"https:\\\/\\\/pizzornowines.com\\\/wp-content\\\/uploads\\\/2023\\\/04\\\/Profecia-Merlot-Rose-1.png\",\"width\":189,\"height\":780},{\"@type\":\"BreadcrumbList\",\"@id\":\"https:\\\/\\\/pizzornowines.com\\\/product\\\/profecia-merlot-rose\\\/#breadcrumb\",\"itemListElement\":[{\"@type\":\"ListItem\",\"position\":1,\"name\":\"Home\",\"item\":\"https:\\\/\\\/pizzornowines.com\\\/\"},{\"@type\":\"ListItem\",\"position\":2,\"name\":\"Shop\",\"item\":\"https:\\\/\\\/pizzornowines.com\\\/?page_id=96\"},{\"@type\":\"ListItem\",\"position\":3,\"name\":\"Profec\u00eda Merlot Ros\u00e9\"}]},{\"@type\":\"WebSite\",\"@id\":\"https:\\\/\\\/pizzornowines.com\\\/#website\",\"url\":\"https:\\\/\\\/pizzornowines.com\\\/\",\"name\":\"Pizzorno Family Estates\",\"description\":\"Pasi\u00f3n por la tierra y el vino\",\"publisher\":{\"@id\":\"https:\\\/\\\/pizzornowines.com\\\/#organization\"},\"potentialAction\":[{\"@type\":\"SearchAction\",\"target\":{\"@type\":\"EntryPoint\",\"urlTemplate\":\"https:\\\/\\\/pizzornowines.com\\\/?s={search_term_string}\"},\"query-input\":{\"@type\":\"PropertyValueSpecification\",\"valueRequired\":true,\"valueName\":\"search_term_string\"}}],\"inLanguage\":\"en-US\"},{\"@type\":\"Organization\",\"@id\":\"https:\\\/\\\/pizzornowines.com\\\/#organization\",\"name\":\"Pizzorno Family Estates\",\"url\":\"https:\\\/\\\/pizzornowines.com\\\/\",\"logo\":{\"@type\":\"ImageObject\",\"inLanguage\":\"en-US\",\"@id\":\"https:\\\/\\\/pizzornowines.com\\\/#\\\/schema\\\/logo\\\/image\\\/\",\"url\":\"https:\\\/\\\/pizzornowines.com\\\/wp-content\\\/uploads\\\/Pizzorno-Family-Estate-logo.svg\",\"contentUrl\":\"https:\\\/\\\/pizzornowines.com\\\/wp-content\\\/uploads\\\/Pizzorno-Family-Estate-logo.svg\",\"width\":422,\"height\":283,\"caption\":\"Pizzorno Family Estates\"},\"image\":{\"@id\":\"https:\\\/\\\/pizzornowines.com\\\/#\\\/schema\\\/logo\\\/image\\\/\"},\"sameAs\":[\"https:\\\/\\\/www.facebook.com\\\/pizzorno.family.estates\"]}]}<\/script>\n<!-- \/ Yoast SEO plugin. -->","yoast_head_json":{"title":"Profec\u00eda Merlot Ros\u00e9 - Pizzorno Family Estates","robots":{"index":"noindex","follow":"follow","max-snippet":"max-snippet:-1","max-image-preview":"max-image-preview:large","max-video-preview":"max-video-preview:-1"},"og_locale":"en_US","og_type":"article","og_title":"Profec\u00eda Merlot Ros\u00e9 - Pizzorno Family Estates","og_description":"Profec\u00eda es una l\u00ednea inspirada en las ra\u00edces m\u00e1s profundas de la familia Pizzorno. Rinde homenaje a aquel visionario que, con pasi\u00f3n y claridad, imagin\u00f3 el futuro antes de que sucediera. Es la manifestaci\u00f3n de una historia familiar guiada por el compromiso, el esfuerzo y la dedicaci\u00f3n a la tierra. Cada vino de Profec\u00eda es el resultado de un sue\u00f1o anticipado, trabajado con paciencia, sembrado con amor y cosechado con orgullo. Esta l\u00ednea refleja el legado de quien marc\u00f3 el rumbo, integrando tradici\u00f3n y proyecci\u00f3n, emoci\u00f3n y t\u00e9cnica, para ofrecer una experiencia que honra el pasado y celebra el presente.  El Pizzorno Profec\u00eda Merlot Ros\u00e9 est\u00e1 elaborado 100% con uvas Merlot de vi\u00f1edos seleccionados en Canel\u00f3n Chico, cosechadas de forma temprana para conservar frescura y acidez natural. Se realiza prensado directo y fermentaci\u00f3n a baja temperatura, priorizando la expresi\u00f3n arom\u00e1tica y la pureza frutal del varietal.  El resultado es un rosado delicado, expresivo y equilibrado, que conjuga lo mejor de la t\u00e9cnica con la sensibilidad del origen.","og_url":"https:\/\/pizzornowines.com\/en\/product\/profecia-merlot-rose\/","og_site_name":"Pizzorno Family Estates","article_publisher":"https:\/\/www.facebook.com\/pizzorno.family.estates","article_modified_time":"2025-06-07T17:25:58+00:00","og_image":[{"width":189,"height":780,"url":"https:\/\/pizzornowines.com\/wp-content\/uploads\/2023\/04\/Profecia-Merlot-Rose-1.png","type":"image\/png"}],"twitter_card":"summary_large_image","schema":{"@context":"https:\/\/schema.org","@graph":[{"@type":"WebPage","@id":"https:\/\/pizzornowines.com\/product\/profecia-merlot-rose\/","url":"https:\/\/pizzornowines.com\/product\/profecia-merlot-rose\/","name":"Profec\u00eda Merlot Ros\u00e9 - Pizzorno Family Estates","isPartOf":{"@id":"https:\/\/pizzornowines.com\/#website"},"primaryImageOfPage":{"@id":"https:\/\/pizzornowines.com\/product\/profecia-merlot-rose\/#primaryimage"},"image":{"@id":"https:\/\/pizzornowines.com\/product\/profecia-merlot-rose\/#primaryimage"},"thumbnailUrl":"https:\/\/pizzornowines.com\/wp-content\/uploads\/2023\/04\/Profecia-Merlot-Rose-1.png","datePublished":"2023-02-06T20:41:44+00:00","dateModified":"2025-06-07T17:25:58+00:00","breadcrumb":{"@id":"https:\/\/pizzornowines.com\/product\/profecia-merlot-rose\/#breadcrumb"},"inLanguage":"en-US","potentialAction":[{"@type":"ReadAction","target":["https:\/\/pizzornowines.com\/product\/profecia-merlot-rose\/"]}]},{"@type":"ImageObject","inLanguage":"en-US","@id":"https:\/\/pizzornowines.com\/product\/profecia-merlot-rose\/#primaryimage","url":"https:\/\/pizzornowines.com\/wp-content\/uploads\/2023\/04\/Profecia-Merlot-Rose-1.png","contentUrl":"https:\/\/pizzornowines.com\/wp-content\/uploads\/2023\/04\/Profecia-Merlot-Rose-1.png","width":189,"height":780},{"@type":"BreadcrumbList","@id":"https:\/\/pizzornowines.com\/product\/profecia-merlot-rose\/#breadcrumb","itemListElement":[{"@type":"ListItem","position":1,"name":"Home","item":"https:\/\/pizzornowines.com\/"},{"@type":"ListItem","position":2,"name":"Shop","item":"https:\/\/pizzornowines.com\/?page_id=96"},{"@type":"ListItem","position":3,"name":"Profec\u00eda Merlot Ros\u00e9"}]},{"@type":"WebSite","@id":"https:\/\/pizzornowines.com\/#website","url":"https:\/\/pizzornowines.com\/","name":"Pizzorno Family Estates","description":"Pasi\u00f3n por la tierra y el vino","publisher":{"@id":"https:\/\/pizzornowines.com\/#organization"},"potentialAction":[{"@type":"SearchAction","target":{"@type":"EntryPoint","urlTemplate":"https:\/\/pizzornowines.com\/?s={search_term_string}"},"query-input":{"@type":"PropertyValueSpecification","valueRequired":true,"valueName":"search_term_string"}}],"inLanguage":"en-US"},{"@type":"Organization","@id":"https:\/\/pizzornowines.com\/#organization","name":"Pizzorno Family Estates","url":"https:\/\/pizzornowines.com\/","logo":{"@type":"ImageObject","inLanguage":"en-US","@id":"https:\/\/pizzornowines.com\/#\/schema\/logo\/image\/","url":"https:\/\/pizzornowines.com\/wp-content\/uploads\/Pizzorno-Family-Estate-logo.svg","contentUrl":"https:\/\/pizzornowines.com\/wp-content\/uploads\/Pizzorno-Family-Estate-logo.svg","width":422,"height":283,"caption":"Pizzorno Family Estates"},"image":{"@id":"https:\/\/pizzornowines.com\/#\/schema\/logo\/image\/"},"sameAs":["https:\/\/www.facebook.com\/pizzorno.family.estates"]}]}},"_links":{"self":[{"href":"https:\/\/pizzornowines.com\/en\/wp-json\/wp\/v2\/product\/341","targetHints":{"allow":["GET"]}}],"collection":[{"href":"https:\/\/pizzornowines.com\/en\/wp-json\/wp\/v2\/product"}],"about":[{"href":"https:\/\/pizzornowines.com\/en\/wp-json\/wp\/v2\/types\/product"}],"replies":[{"embeddable":true,"href":"https:\/\/pizzornowines.com\/en\/wp-json\/wp\/v2\/comments?post=341"}],"version-history":[{"count":1,"href":"https:\/\/pizzornowines.com\/en\/wp-json\/wp\/v2\/product\/341\/revisions"}],"predecessor-version":[{"id":2414,"href":"https:\/\/pizzornowines.com\/en\/wp-json\/wp\/v2\/product\/341\/revisions\/2414"}],"wp:featuredmedia":[{"embeddable":true,"href":"https:\/\/pizzornowines.com\/en\/wp-json\/wp\/v2\/media\/342"}],"wp:attachment":[{"href":"https:\/\/pizzornowines.com\/en\/wp-json\/wp\/v2\/media?parent=341"}],"wp:term":[{"taxonomy":"tipo-visita","embeddable":true,"href":"https:\/\/pizzornowines.com\/en\/wp-json\/wp\/v2\/tipo-visita?post=341"},{"taxonomy":"product_brand","embeddable":true,"href":"https:\/\/pizzornowines.com\/en\/wp-json\/wp\/v2\/product_brand?post=341"},{"taxonomy":"product_cat","embeddable":true,"href":"https:\/\/pizzornowines.com\/en\/wp-json\/wp\/v2\/product_cat?post=341"},{"taxonomy":"product_tag","embeddable":true,"href":"https:\/\/pizzornowines.com\/en\/wp-json\/wp\/v2\/product_tag?post=341"}],"curies":[{"name":"wp","href":"https:\/\/api.w.org\/{rel}","templated":true}]}}