{"id":336,"date":"2023-02-06T17:54:39","date_gmt":"2023-02-06T20:54:39","guid":{"rendered":"https:\/\/pizzorno.r1group.com.ar\/producto\/profecia-cabernet-sauvignon\/"},"modified":"2025-08-09T15:58:46","modified_gmt":"2025-08-09T18:58:46","slug":"profecia-cabernet-sauvignon","status":"publish","type":"product","link":"https:\/\/pizzornowines.com\/en\/product\/profecia-cabernet-sauvignon\/","title":{"rendered":"Profec\u00eda Cabernet Sauvignon"},"content":{"rendered":"<p>Inspiracio\u0301n de una historia familiar. Legado de un visionario con ojos al futuro que ensen\u00f3 a las nuevas generaciones de vitivinicultores de la familia a sembrar, trabajar y cosechar la tierra. Manteniendo viva la esencia familiar en cada gota de vino.<\/p>","protected":false},"excerpt":{"rendered":"<p>Profec\u00eda es una l\u00ednea inspirada en las ra\u00edces m\u00e1s profundas de la familia Pizzorno. Este Cabernet Sauvignon rinde homenaje a aquel visionario que, con pasi\u00f3n y claridad, imagin\u00f3 el futuro antes de que sucediera. Elaborado exclusivamente en tanques de concreto, expresa la pureza y frescura m\u00e1s aut\u00e9ntica de la variedad, revelando la esencia de nuestra tierra sin intervenciones de madera. Es la manifestaci\u00f3n de una historia familiar guiada por el compromiso, el esfuerzo y la dedicaci\u00f3n, ofreciendo un vino que honra el pasado mientras mira con determinaci\u00f3n hacia el ma\u00f1ana.<\/p>","protected":false},"featured_media":337,"comment_status":"closed","ping_status":"closed","template":"","meta":{"_acf_changed":false,"_joinchat":[]},"tipo-visita":[],"product_brand":[],"product_cat":[37],"product_tag":[],"class_list":{"0":"post-336","1":"product","2":"type-product","3":"status-publish","4":"has-post-thumbnail","6":"product_cat-profecia","8":"first","9":"instock","10":"shipping-taxable","11":"product-type-simple"},"exclude_global_add_ons":[],"addons":[],"acf":[],"yoast_head":"<!-- This site is optimized with the Yoast SEO plugin v27.4 - https:\/\/yoast.com\/product\/yoast-seo-wordpress\/ -->\n<title>Profec\u00eda Cabernet Sauvignon - Pizzorno Family Estates<\/title>\n<meta name=\"robots\" content=\"noindex, follow, max-snippet:-1, max-image-preview:large, max-video-preview:-1\" \/>\n<meta property=\"og:locale\" content=\"en_US\" \/>\n<meta property=\"og:type\" content=\"article\" \/>\n<meta property=\"og:title\" content=\"Profec\u00eda Cabernet Sauvignon - Pizzorno Family Estates\" \/>\n<meta property=\"og:description\" content=\"Profec\u00eda es una l\u00ednea inspirada en las ra\u00edces m\u00e1s profundas de la familia Pizzorno. Este Cabernet Sauvignon rinde homenaje a aquel visionario que, con pasi\u00f3n y claridad, imagin\u00f3 el futuro antes de que sucediera. Elaborado exclusivamente en tanques de concreto, expresa la pureza y frescura m\u00e1s aut\u00e9ntica de la variedad, revelando la esencia de nuestra tierra sin intervenciones de madera. Es la manifestaci\u00f3n de una historia familiar guiada por el compromiso, el esfuerzo y la dedicaci\u00f3n, ofreciendo un vino que honra el pasado mientras mira con determinaci\u00f3n hacia el ma\u00f1ana.\" \/>\n<meta property=\"og:url\" content=\"https:\/\/pizzornowines.com\/en\/product\/profecia-cabernet-sauvignon\/\" \/>\n<meta property=\"og:site_name\" content=\"Pizzorno Family Estates\" \/>\n<meta property=\"article:publisher\" content=\"https:\/\/www.facebook.com\/pizzorno.family.estates\" \/>\n<meta property=\"article:modified_time\" content=\"2025-08-09T18:58:46+00:00\" \/>\n<meta property=\"og:image\" content=\"https:\/\/pizzornowines.com\/wp-content\/uploads\/2025\/03\/Profecia-Cabernet-nuevo-scaled-1.jpg\" \/>\n\t<meta property=\"og:image:width\" content=\"1016\" \/>\n\t<meta property=\"og:image:height\" content=\"2560\" \/>\n\t<meta property=\"og:image:type\" content=\"image\/jpeg\" \/>\n<meta name=\"twitter:card\" content=\"summary_large_image\" \/>\n<script type=\"application\/ld+json\" class=\"yoast-schema-graph\">{\"@context\":\"https:\\\/\\\/schema.org\",\"@graph\":[{\"@type\":\"WebPage\",\"@id\":\"https:\\\/\\\/pizzornowines.com\\\/product\\\/profecia-cabernet-sauvignon\\\/\",\"url\":\"https:\\\/\\\/pizzornowines.com\\\/product\\\/profecia-cabernet-sauvignon\\\/\",\"name\":\"Profec\u00eda Cabernet Sauvignon - Pizzorno Family Estates\",\"isPartOf\":{\"@id\":\"https:\\\/\\\/pizzornowines.com\\\/#website\"},\"primaryImageOfPage\":{\"@id\":\"https:\\\/\\\/pizzornowines.com\\\/product\\\/profecia-cabernet-sauvignon\\\/#primaryimage\"},\"image\":{\"@id\":\"https:\\\/\\\/pizzornowines.com\\\/product\\\/profecia-cabernet-sauvignon\\\/#primaryimage\"},\"thumbnailUrl\":\"https:\\\/\\\/pizzornowines.com\\\/wp-content\\\/uploads\\\/2025\\\/03\\\/Profecia-Cabernet-nuevo-scaled-1.jpg\",\"datePublished\":\"2023-02-06T20:54:39+00:00\",\"dateModified\":\"2025-08-09T18:58:46+00:00\",\"breadcrumb\":{\"@id\":\"https:\\\/\\\/pizzornowines.com\\\/product\\\/profecia-cabernet-sauvignon\\\/#breadcrumb\"},\"inLanguage\":\"en-US\",\"potentialAction\":[{\"@type\":\"ReadAction\",\"target\":[\"https:\\\/\\\/pizzornowines.com\\\/product\\\/profecia-cabernet-sauvignon\\\/\"]}]},{\"@type\":\"ImageObject\",\"inLanguage\":\"en-US\",\"@id\":\"https:\\\/\\\/pizzornowines.com\\\/product\\\/profecia-cabernet-sauvignon\\\/#primaryimage\",\"url\":\"https:\\\/\\\/pizzornowines.com\\\/wp-content\\\/uploads\\\/2025\\\/03\\\/Profecia-Cabernet-nuevo-scaled-1.jpg\",\"contentUrl\":\"https:\\\/\\\/pizzornowines.com\\\/wp-content\\\/uploads\\\/2025\\\/03\\\/Profecia-Cabernet-nuevo-scaled-1.jpg\",\"width\":1016,\"height\":2560},{\"@type\":\"BreadcrumbList\",\"@id\":\"https:\\\/\\\/pizzornowines.com\\\/product\\\/profecia-cabernet-sauvignon\\\/#breadcrumb\",\"itemListElement\":[{\"@type\":\"ListItem\",\"position\":1,\"name\":\"Home\",\"item\":\"https:\\\/\\\/pizzornowines.com\\\/\"},{\"@type\":\"ListItem\",\"position\":2,\"name\":\"Shop\",\"item\":\"https:\\\/\\\/pizzornowines.com\\\/?page_id=96\"},{\"@type\":\"ListItem\",\"position\":3,\"name\":\"Profec\u00eda Cabernet Sauvignon\"}]},{\"@type\":\"WebSite\",\"@id\":\"https:\\\/\\\/pizzornowines.com\\\/#website\",\"url\":\"https:\\\/\\\/pizzornowines.com\\\/\",\"name\":\"Pizzorno Family Estates\",\"description\":\"Pasi\u00f3n por la tierra y el vino\",\"publisher\":{\"@id\":\"https:\\\/\\\/pizzornowines.com\\\/#organization\"},\"potentialAction\":[{\"@type\":\"SearchAction\",\"target\":{\"@type\":\"EntryPoint\",\"urlTemplate\":\"https:\\\/\\\/pizzornowines.com\\\/?s={search_term_string}\"},\"query-input\":{\"@type\":\"PropertyValueSpecification\",\"valueRequired\":true,\"valueName\":\"search_term_string\"}}],\"inLanguage\":\"en-US\"},{\"@type\":\"Organization\",\"@id\":\"https:\\\/\\\/pizzornowines.com\\\/#organization\",\"name\":\"Pizzorno Family Estates\",\"url\":\"https:\\\/\\\/pizzornowines.com\\\/\",\"logo\":{\"@type\":\"ImageObject\",\"inLanguage\":\"en-US\",\"@id\":\"https:\\\/\\\/pizzornowines.com\\\/#\\\/schema\\\/logo\\\/image\\\/\",\"url\":\"https:\\\/\\\/pizzornowines.com\\\/wp-content\\\/uploads\\\/Pizzorno-Family-Estate-logo.svg\",\"contentUrl\":\"https:\\\/\\\/pizzornowines.com\\\/wp-content\\\/uploads\\\/Pizzorno-Family-Estate-logo.svg\",\"width\":422,\"height\":283,\"caption\":\"Pizzorno Family Estates\"},\"image\":{\"@id\":\"https:\\\/\\\/pizzornowines.com\\\/#\\\/schema\\\/logo\\\/image\\\/\"},\"sameAs\":[\"https:\\\/\\\/www.facebook.com\\\/pizzorno.family.estates\"]}]}<\/script>\n<!-- \/ Yoast SEO plugin. -->","yoast_head_json":{"title":"Profec\u00eda Cabernet Sauvignon - Pizzorno Family Estates","robots":{"index":"noindex","follow":"follow","max-snippet":"max-snippet:-1","max-image-preview":"max-image-preview:large","max-video-preview":"max-video-preview:-1"},"og_locale":"en_US","og_type":"article","og_title":"Profec\u00eda Cabernet Sauvignon - Pizzorno Family Estates","og_description":"Profec\u00eda es una l\u00ednea inspirada en las ra\u00edces m\u00e1s profundas de la familia Pizzorno. Este Cabernet Sauvignon rinde homenaje a aquel visionario que, con pasi\u00f3n y claridad, imagin\u00f3 el futuro antes de que sucediera. Elaborado exclusivamente en tanques de concreto, expresa la pureza y frescura m\u00e1s aut\u00e9ntica de la variedad, revelando la esencia de nuestra tierra sin intervenciones de madera. Es la manifestaci\u00f3n de una historia familiar guiada por el compromiso, el esfuerzo y la dedicaci\u00f3n, ofreciendo un vino que honra el pasado mientras mira con determinaci\u00f3n hacia el ma\u00f1ana.","og_url":"https:\/\/pizzornowines.com\/en\/product\/profecia-cabernet-sauvignon\/","og_site_name":"Pizzorno Family Estates","article_publisher":"https:\/\/www.facebook.com\/pizzorno.family.estates","article_modified_time":"2025-08-09T18:58:46+00:00","og_image":[{"width":1016,"height":2560,"url":"https:\/\/pizzornowines.com\/wp-content\/uploads\/2025\/03\/Profecia-Cabernet-nuevo-scaled-1.jpg","type":"image\/jpeg"}],"twitter_card":"summary_large_image","schema":{"@context":"https:\/\/schema.org","@graph":[{"@type":"WebPage","@id":"https:\/\/pizzornowines.com\/product\/profecia-cabernet-sauvignon\/","url":"https:\/\/pizzornowines.com\/product\/profecia-cabernet-sauvignon\/","name":"Profec\u00eda Cabernet Sauvignon - Pizzorno Family Estates","isPartOf":{"@id":"https:\/\/pizzornowines.com\/#website"},"primaryImageOfPage":{"@id":"https:\/\/pizzornowines.com\/product\/profecia-cabernet-sauvignon\/#primaryimage"},"image":{"@id":"https:\/\/pizzornowines.com\/product\/profecia-cabernet-sauvignon\/#primaryimage"},"thumbnailUrl":"https:\/\/pizzornowines.com\/wp-content\/uploads\/2025\/03\/Profecia-Cabernet-nuevo-scaled-1.jpg","datePublished":"2023-02-06T20:54:39+00:00","dateModified":"2025-08-09T18:58:46+00:00","breadcrumb":{"@id":"https:\/\/pizzornowines.com\/product\/profecia-cabernet-sauvignon\/#breadcrumb"},"inLanguage":"en-US","potentialAction":[{"@type":"ReadAction","target":["https:\/\/pizzornowines.com\/product\/profecia-cabernet-sauvignon\/"]}]},{"@type":"ImageObject","inLanguage":"en-US","@id":"https:\/\/pizzornowines.com\/product\/profecia-cabernet-sauvignon\/#primaryimage","url":"https:\/\/pizzornowines.com\/wp-content\/uploads\/2025\/03\/Profecia-Cabernet-nuevo-scaled-1.jpg","contentUrl":"https:\/\/pizzornowines.com\/wp-content\/uploads\/2025\/03\/Profecia-Cabernet-nuevo-scaled-1.jpg","width":1016,"height":2560},{"@type":"BreadcrumbList","@id":"https:\/\/pizzornowines.com\/product\/profecia-cabernet-sauvignon\/#breadcrumb","itemListElement":[{"@type":"ListItem","position":1,"name":"Home","item":"https:\/\/pizzornowines.com\/"},{"@type":"ListItem","position":2,"name":"Shop","item":"https:\/\/pizzornowines.com\/?page_id=96"},{"@type":"ListItem","position":3,"name":"Profec\u00eda Cabernet Sauvignon"}]},{"@type":"WebSite","@id":"https:\/\/pizzornowines.com\/#website","url":"https:\/\/pizzornowines.com\/","name":"Pizzorno Family Estates","description":"Pasi\u00f3n por la tierra y el vino","publisher":{"@id":"https:\/\/pizzornowines.com\/#organization"},"potentialAction":[{"@type":"SearchAction","target":{"@type":"EntryPoint","urlTemplate":"https:\/\/pizzornowines.com\/?s={search_term_string}"},"query-input":{"@type":"PropertyValueSpecification","valueRequired":true,"valueName":"search_term_string"}}],"inLanguage":"en-US"},{"@type":"Organization","@id":"https:\/\/pizzornowines.com\/#organization","name":"Pizzorno Family Estates","url":"https:\/\/pizzornowines.com\/","logo":{"@type":"ImageObject","inLanguage":"en-US","@id":"https:\/\/pizzornowines.com\/#\/schema\/logo\/image\/","url":"https:\/\/pizzornowines.com\/wp-content\/uploads\/Pizzorno-Family-Estate-logo.svg","contentUrl":"https:\/\/pizzornowines.com\/wp-content\/uploads\/Pizzorno-Family-Estate-logo.svg","width":422,"height":283,"caption":"Pizzorno Family Estates"},"image":{"@id":"https:\/\/pizzornowines.com\/#\/schema\/logo\/image\/"},"sameAs":["https:\/\/www.facebook.com\/pizzorno.family.estates"]}]}},"_links":{"self":[{"href":"https:\/\/pizzornowines.com\/en\/wp-json\/wp\/v2\/product\/336","targetHints":{"allow":["GET"]}}],"collection":[{"href":"https:\/\/pizzornowines.com\/en\/wp-json\/wp\/v2\/product"}],"about":[{"href":"https:\/\/pizzornowines.com\/en\/wp-json\/wp\/v2\/types\/product"}],"replies":[{"embeddable":true,"href":"https:\/\/pizzornowines.com\/en\/wp-json\/wp\/v2\/comments?post=336"}],"version-history":[{"count":2,"href":"https:\/\/pizzornowines.com\/en\/wp-json\/wp\/v2\/product\/336\/revisions"}],"predecessor-version":[{"id":3085,"href":"https:\/\/pizzornowines.com\/en\/wp-json\/wp\/v2\/product\/336\/revisions\/3085"}],"wp:featuredmedia":[{"embeddable":true,"href":"https:\/\/pizzornowines.com\/en\/wp-json\/wp\/v2\/media\/337"}],"wp:attachment":[{"href":"https:\/\/pizzornowines.com\/en\/wp-json\/wp\/v2\/media?parent=336"}],"wp:term":[{"taxonomy":"tipo-visita","embeddable":true,"href":"https:\/\/pizzornowines.com\/en\/wp-json\/wp\/v2\/tipo-visita?post=336"},{"taxonomy":"product_brand","embeddable":true,"href":"https:\/\/pizzornowines.com\/en\/wp-json\/wp\/v2\/product_brand?post=336"},{"taxonomy":"product_cat","embeddable":true,"href":"https:\/\/pizzornowines.com\/en\/wp-json\/wp\/v2\/product_cat?post=336"},{"taxonomy":"product_tag","embeddable":true,"href":"https:\/\/pizzornowines.com\/en\/wp-json\/wp\/v2\/product_tag?post=336"}],"curies":[{"name":"wp","href":"https:\/\/api.w.org\/{rel}","templated":true}]}}