{"id":326,"date":"2023-02-07T10:25:46","date_gmt":"2023-02-07T13:25:46","guid":{"rendered":"https:\/\/pizzorno.r1group.com.ar\/producto\/la-fiesta-sur-merlot-rose\/"},"modified":"2025-08-16T16:39:21","modified_gmt":"2025-08-16T19:39:21","slug":"la-fiesta-sur-merlot-rose","status":"publish","type":"product","link":"https:\/\/pizzornowines.com\/en\/product\/la-fiesta-sur-merlot-rose\/","title":{"rendered":"LA FIESTA SUR Merlot Ros\u00e9"},"content":{"rendered":"<p>Ros\u00e9 realizado a partir de uvas Merlot provenientes de nuestro vi\u00f1edo central ubicado en Canel\u00f3n Chico, Canelones, Uruguay. Maceraci\u00f3n breve de cuatro horas en contacto con los hollejos, extracci\u00f3n del l\u00edquido que comenzar\u00e1 la fermentaci\u00f3n a temperatura controlada (15 \u00baC), logrando un color rosado intenso con tonos salm\u00f3n, conservando los aromas florales y frutales de esta variedad. Logrando una buena estructura con cuerpo medio.<\/p>\n<p>La Fiesta Sur est\u00e1 inspirada en el Candombe uruguayo, nombre gen\u00e9rico que reciben diferentes danzas de origen africano en Uruguay, y nace de la conjunci\u00f3n de los m\u00e1s de veinte pueblos africanos que fueron tra\u00eddos como esclavos a esta regi\u00f3n del cono sur. Cada uno de \u00e9stos ten\u00eda su idioma, su forma de ser y sentir, su cultura y sus danzas.<\/p>","protected":false},"excerpt":{"rendered":"<p>Fiesta Sur nace del esp\u00edritu vibrante y generoso del sur de Uruguay, inspirada en el Candombe Uruguayo: la confluencia cultural de m\u00e1s de veinte pueblos africanos que llegaron a la regi\u00f3n y dejaron su legado en danzas, ritmos y tradiciones. Este vino refleja alegr\u00eda, movimiento y celebraci\u00f3n en cada copa.<\/p>","protected":false},"featured_media":327,"comment_status":"closed","ping_status":"closed","template":"","meta":{"_acf_changed":false,"_joinchat":[]},"tipo-visita":[],"product_brand":[],"product_cat":[36],"product_tag":[],"class_list":{"0":"post-326","1":"product","2":"type-product","3":"status-publish","4":"has-post-thumbnail","6":"product_cat-la-fiesta-sur","8":"first","9":"instock","10":"shipping-taxable","11":"product-type-simple"},"exclude_global_add_ons":[],"addons":[],"acf":[],"yoast_head":"<!-- This site is optimized with the Yoast SEO plugin v27.4 - https:\/\/yoast.com\/product\/yoast-seo-wordpress\/ -->\n<title>LA FIESTA SUR Merlot Ros\u00e9 - Pizzorno Family Estates<\/title>\n<meta name=\"robots\" content=\"noindex, follow, max-snippet:-1, max-image-preview:large, max-video-preview:-1\" \/>\n<meta property=\"og:locale\" content=\"en_US\" \/>\n<meta property=\"og:type\" content=\"article\" \/>\n<meta property=\"og:title\" content=\"LA FIESTA SUR Merlot Ros\u00e9 - Pizzorno Family Estates\" \/>\n<meta property=\"og:description\" content=\"Fiesta Sur nace del esp\u00edritu vibrante y generoso del sur de Uruguay, inspirada en el Candombe Uruguayo: la confluencia cultural de m\u00e1s de veinte pueblos africanos que llegaron a la regi\u00f3n y dejaron su legado en danzas, ritmos y tradiciones. Este vino refleja alegr\u00eda, movimiento y celebraci\u00f3n en cada copa.\" \/>\n<meta property=\"og:url\" content=\"https:\/\/pizzornowines.com\/en\/product\/la-fiesta-sur-merlot-rose\/\" \/>\n<meta property=\"og:site_name\" content=\"Pizzorno Family Estates\" \/>\n<meta property=\"article:publisher\" content=\"https:\/\/www.facebook.com\/pizzorno.family.estates\" \/>\n<meta property=\"article:modified_time\" content=\"2025-08-16T19:39:21+00:00\" \/>\n<meta property=\"og:image\" content=\"https:\/\/pizzornowines.com\/wp-content\/uploads\/2023\/09\/La-Fiesta-Sur-Rose-scaled.jpg\" \/>\n\t<meta property=\"og:image:width\" content=\"702\" \/>\n\t<meta property=\"og:image:height\" content=\"1920\" \/>\n\t<meta property=\"og:image:type\" content=\"image\/jpeg\" \/>\n<meta name=\"twitter:card\" content=\"summary_large_image\" \/>\n<meta name=\"twitter:label1\" content=\"Est. reading time\" \/>\n\t<meta name=\"twitter:data1\" content=\"1 minute\" \/>\n<script type=\"application\/ld+json\" class=\"yoast-schema-graph\">{\"@context\":\"https:\\\/\\\/schema.org\",\"@graph\":[{\"@type\":\"WebPage\",\"@id\":\"https:\\\/\\\/pizzornowines.com\\\/product\\\/la-fiesta-sur-merlot-rose\\\/\",\"url\":\"https:\\\/\\\/pizzornowines.com\\\/product\\\/la-fiesta-sur-merlot-rose\\\/\",\"name\":\"LA FIESTA SUR Merlot Ros\u00e9 - Pizzorno Family Estates\",\"isPartOf\":{\"@id\":\"https:\\\/\\\/pizzornowines.com\\\/#website\"},\"primaryImageOfPage\":{\"@id\":\"https:\\\/\\\/pizzornowines.com\\\/product\\\/la-fiesta-sur-merlot-rose\\\/#primaryimage\"},\"image\":{\"@id\":\"https:\\\/\\\/pizzornowines.com\\\/product\\\/la-fiesta-sur-merlot-rose\\\/#primaryimage\"},\"thumbnailUrl\":\"https:\\\/\\\/pizzornowines.com\\\/wp-content\\\/uploads\\\/2023\\\/09\\\/La-Fiesta-Sur-Rose-scaled.jpg\",\"datePublished\":\"2023-02-07T13:25:46+00:00\",\"dateModified\":\"2025-08-16T19:39:21+00:00\",\"breadcrumb\":{\"@id\":\"https:\\\/\\\/pizzornowines.com\\\/product\\\/la-fiesta-sur-merlot-rose\\\/#breadcrumb\"},\"inLanguage\":\"en-US\",\"potentialAction\":[{\"@type\":\"ReadAction\",\"target\":[\"https:\\\/\\\/pizzornowines.com\\\/product\\\/la-fiesta-sur-merlot-rose\\\/\"]}]},{\"@type\":\"ImageObject\",\"inLanguage\":\"en-US\",\"@id\":\"https:\\\/\\\/pizzornowines.com\\\/product\\\/la-fiesta-sur-merlot-rose\\\/#primaryimage\",\"url\":\"https:\\\/\\\/pizzornowines.com\\\/wp-content\\\/uploads\\\/2023\\\/09\\\/La-Fiesta-Sur-Rose-scaled.jpg\",\"contentUrl\":\"https:\\\/\\\/pizzornowines.com\\\/wp-content\\\/uploads\\\/2023\\\/09\\\/La-Fiesta-Sur-Rose-scaled.jpg\",\"width\":702,\"height\":1920},{\"@type\":\"BreadcrumbList\",\"@id\":\"https:\\\/\\\/pizzornowines.com\\\/product\\\/la-fiesta-sur-merlot-rose\\\/#breadcrumb\",\"itemListElement\":[{\"@type\":\"ListItem\",\"position\":1,\"name\":\"Home\",\"item\":\"https:\\\/\\\/pizzornowines.com\\\/\"},{\"@type\":\"ListItem\",\"position\":2,\"name\":\"Shop\",\"item\":\"https:\\\/\\\/pizzornowines.com\\\/?page_id=96\"},{\"@type\":\"ListItem\",\"position\":3,\"name\":\"LA FIESTA SUR Merlot Ros\u00e9\"}]},{\"@type\":\"WebSite\",\"@id\":\"https:\\\/\\\/pizzornowines.com\\\/#website\",\"url\":\"https:\\\/\\\/pizzornowines.com\\\/\",\"name\":\"Pizzorno Family Estates\",\"description\":\"Pasi\u00f3n por la tierra y el vino\",\"publisher\":{\"@id\":\"https:\\\/\\\/pizzornowines.com\\\/#organization\"},\"potentialAction\":[{\"@type\":\"SearchAction\",\"target\":{\"@type\":\"EntryPoint\",\"urlTemplate\":\"https:\\\/\\\/pizzornowines.com\\\/?s={search_term_string}\"},\"query-input\":{\"@type\":\"PropertyValueSpecification\",\"valueRequired\":true,\"valueName\":\"search_term_string\"}}],\"inLanguage\":\"en-US\"},{\"@type\":\"Organization\",\"@id\":\"https:\\\/\\\/pizzornowines.com\\\/#organization\",\"name\":\"Pizzorno Family Estates\",\"url\":\"https:\\\/\\\/pizzornowines.com\\\/\",\"logo\":{\"@type\":\"ImageObject\",\"inLanguage\":\"en-US\",\"@id\":\"https:\\\/\\\/pizzornowines.com\\\/#\\\/schema\\\/logo\\\/image\\\/\",\"url\":\"https:\\\/\\\/pizzornowines.com\\\/wp-content\\\/uploads\\\/Pizzorno-Family-Estate-logo.svg\",\"contentUrl\":\"https:\\\/\\\/pizzornowines.com\\\/wp-content\\\/uploads\\\/Pizzorno-Family-Estate-logo.svg\",\"width\":422,\"height\":283,\"caption\":\"Pizzorno Family Estates\"},\"image\":{\"@id\":\"https:\\\/\\\/pizzornowines.com\\\/#\\\/schema\\\/logo\\\/image\\\/\"},\"sameAs\":[\"https:\\\/\\\/www.facebook.com\\\/pizzorno.family.estates\"]}]}<\/script>\n<!-- \/ Yoast SEO plugin. -->","yoast_head_json":{"title":"LA FIESTA SUR Merlot Ros\u00e9 - Pizzorno Family Estates","robots":{"index":"noindex","follow":"follow","max-snippet":"max-snippet:-1","max-image-preview":"max-image-preview:large","max-video-preview":"max-video-preview:-1"},"og_locale":"en_US","og_type":"article","og_title":"LA FIESTA SUR Merlot Ros\u00e9 - Pizzorno Family Estates","og_description":"Fiesta Sur nace del esp\u00edritu vibrante y generoso del sur de Uruguay, inspirada en el Candombe Uruguayo: la confluencia cultural de m\u00e1s de veinte pueblos africanos que llegaron a la regi\u00f3n y dejaron su legado en danzas, ritmos y tradiciones. Este vino refleja alegr\u00eda, movimiento y celebraci\u00f3n en cada copa.","og_url":"https:\/\/pizzornowines.com\/en\/product\/la-fiesta-sur-merlot-rose\/","og_site_name":"Pizzorno Family Estates","article_publisher":"https:\/\/www.facebook.com\/pizzorno.family.estates","article_modified_time":"2025-08-16T19:39:21+00:00","og_image":[{"width":702,"height":1920,"url":"https:\/\/pizzornowines.com\/wp-content\/uploads\/2023\/09\/La-Fiesta-Sur-Rose-scaled.jpg","type":"image\/jpeg"}],"twitter_card":"summary_large_image","twitter_misc":{"Est. reading time":"1 minute"},"schema":{"@context":"https:\/\/schema.org","@graph":[{"@type":"WebPage","@id":"https:\/\/pizzornowines.com\/product\/la-fiesta-sur-merlot-rose\/","url":"https:\/\/pizzornowines.com\/product\/la-fiesta-sur-merlot-rose\/","name":"LA FIESTA SUR Merlot Ros\u00e9 - Pizzorno Family Estates","isPartOf":{"@id":"https:\/\/pizzornowines.com\/#website"},"primaryImageOfPage":{"@id":"https:\/\/pizzornowines.com\/product\/la-fiesta-sur-merlot-rose\/#primaryimage"},"image":{"@id":"https:\/\/pizzornowines.com\/product\/la-fiesta-sur-merlot-rose\/#primaryimage"},"thumbnailUrl":"https:\/\/pizzornowines.com\/wp-content\/uploads\/2023\/09\/La-Fiesta-Sur-Rose-scaled.jpg","datePublished":"2023-02-07T13:25:46+00:00","dateModified":"2025-08-16T19:39:21+00:00","breadcrumb":{"@id":"https:\/\/pizzornowines.com\/product\/la-fiesta-sur-merlot-rose\/#breadcrumb"},"inLanguage":"en-US","potentialAction":[{"@type":"ReadAction","target":["https:\/\/pizzornowines.com\/product\/la-fiesta-sur-merlot-rose\/"]}]},{"@type":"ImageObject","inLanguage":"en-US","@id":"https:\/\/pizzornowines.com\/product\/la-fiesta-sur-merlot-rose\/#primaryimage","url":"https:\/\/pizzornowines.com\/wp-content\/uploads\/2023\/09\/La-Fiesta-Sur-Rose-scaled.jpg","contentUrl":"https:\/\/pizzornowines.com\/wp-content\/uploads\/2023\/09\/La-Fiesta-Sur-Rose-scaled.jpg","width":702,"height":1920},{"@type":"BreadcrumbList","@id":"https:\/\/pizzornowines.com\/product\/la-fiesta-sur-merlot-rose\/#breadcrumb","itemListElement":[{"@type":"ListItem","position":1,"name":"Home","item":"https:\/\/pizzornowines.com\/"},{"@type":"ListItem","position":2,"name":"Shop","item":"https:\/\/pizzornowines.com\/?page_id=96"},{"@type":"ListItem","position":3,"name":"LA FIESTA SUR Merlot Ros\u00e9"}]},{"@type":"WebSite","@id":"https:\/\/pizzornowines.com\/#website","url":"https:\/\/pizzornowines.com\/","name":"Pizzorno Family Estates","description":"Pasi\u00f3n por la tierra y el vino","publisher":{"@id":"https:\/\/pizzornowines.com\/#organization"},"potentialAction":[{"@type":"SearchAction","target":{"@type":"EntryPoint","urlTemplate":"https:\/\/pizzornowines.com\/?s={search_term_string}"},"query-input":{"@type":"PropertyValueSpecification","valueRequired":true,"valueName":"search_term_string"}}],"inLanguage":"en-US"},{"@type":"Organization","@id":"https:\/\/pizzornowines.com\/#organization","name":"Pizzorno Family Estates","url":"https:\/\/pizzornowines.com\/","logo":{"@type":"ImageObject","inLanguage":"en-US","@id":"https:\/\/pizzornowines.com\/#\/schema\/logo\/image\/","url":"https:\/\/pizzornowines.com\/wp-content\/uploads\/Pizzorno-Family-Estate-logo.svg","contentUrl":"https:\/\/pizzornowines.com\/wp-content\/uploads\/Pizzorno-Family-Estate-logo.svg","width":422,"height":283,"caption":"Pizzorno Family Estates"},"image":{"@id":"https:\/\/pizzornowines.com\/#\/schema\/logo\/image\/"},"sameAs":["https:\/\/www.facebook.com\/pizzorno.family.estates"]}]}},"_links":{"self":[{"href":"https:\/\/pizzornowines.com\/en\/wp-json\/wp\/v2\/product\/326","targetHints":{"allow":["GET"]}}],"collection":[{"href":"https:\/\/pizzornowines.com\/en\/wp-json\/wp\/v2\/product"}],"about":[{"href":"https:\/\/pizzornowines.com\/en\/wp-json\/wp\/v2\/types\/product"}],"replies":[{"embeddable":true,"href":"https:\/\/pizzornowines.com\/en\/wp-json\/wp\/v2\/comments?post=326"}],"version-history":[{"count":1,"href":"https:\/\/pizzornowines.com\/en\/wp-json\/wp\/v2\/product\/326\/revisions"}],"predecessor-version":[{"id":3127,"href":"https:\/\/pizzornowines.com\/en\/wp-json\/wp\/v2\/product\/326\/revisions\/3127"}],"wp:featuredmedia":[{"embeddable":true,"href":"https:\/\/pizzornowines.com\/en\/wp-json\/wp\/v2\/media\/327"}],"wp:attachment":[{"href":"https:\/\/pizzornowines.com\/en\/wp-json\/wp\/v2\/media?parent=326"}],"wp:term":[{"taxonomy":"tipo-visita","embeddable":true,"href":"https:\/\/pizzornowines.com\/en\/wp-json\/wp\/v2\/tipo-visita?post=326"},{"taxonomy":"product_brand","embeddable":true,"href":"https:\/\/pizzornowines.com\/en\/wp-json\/wp\/v2\/product_brand?post=326"},{"taxonomy":"product_cat","embeddable":true,"href":"https:\/\/pizzornowines.com\/en\/wp-json\/wp\/v2\/product_cat?post=326"},{"taxonomy":"product_tag","embeddable":true,"href":"https:\/\/pizzornowines.com\/en\/wp-json\/wp\/v2\/product_tag?post=326"}],"curies":[{"name":"wp","href":"https:\/\/api.w.org\/{rel}","templated":true}]}}