{"id":321,"date":"2023-02-07T10:31:44","date_gmt":"2023-02-07T13:31:44","guid":{"rendered":"https:\/\/pizzorno.r1group.com.ar\/producto\/don-prospero-sauvignon-blanc\/"},"modified":"2025-06-07T10:42:10","modified_gmt":"2025-06-07T13:42:10","slug":"don-prospero-sauvignon-blanc","status":"publish","type":"product","link":"https:\/\/pizzornowines.com\/en\/product\/don-prospero-sauvignon-blanc\/","title":{"rendered":"Don Pr\u00f3spero Sauvignon Blanc"},"content":{"rendered":"<p>&#x1f947; 90 TIM ATKIN<\/p>\n<p>Elaborado a partir de tres parcelas diferentes con distintos grados de madurez de nuestro vi\u00f1edo en Canel\u00f3n Chico. Contamos con el asesoramiento del en\u00f3logo neozeland\u00e9s Duncan Killiner. Vinificaci\u00f3n de cada una de las parcelas por separado buscando diferentes caracter\u00edsticas en cada uno de ellos, y as\u00ed mantener la consistencia e identidad de nuestro vino blanco m\u00e1s representativo.<\/p>","protected":false},"excerpt":{"rendered":"<p>El Sauvignon Blanc es una de las variedades blancas m\u00e1s expresivas y vers\u00e1tiles, y en nuestros vi\u00f1edos se manifiesta con frescura vibrante y car\u00e1cter varietal marcado. Se cosecha en los primeros d\u00edas de la vendimia, buscando preservar al m\u00e1ximo su acidez natural y su perfil arom\u00e1tico.<\/p>\n<p>Elaborado a partir de tres parcelas diferentes de nuestro vi\u00f1edo en Canel\u00f3n Chico, cada una con distintos grados de madurez. La vinificaci\u00f3n se realiza por separado para potenciar caracter\u00edsticas \u00fanicas de cada parcela: frescura, expresi\u00f3n arom\u00e1tica y estructura. Este trabajo detallado se realiza bajo el asesoramiento del en\u00f3logo Duncan Killiner (Nueva Zelanda), experto en Sauvignon Blanc de clima fresco.<\/p>\n<p>Forma parte de nuestra l\u00ednea Don Pr\u00f3spero, un homenaje a Don Pr\u00f3spero Pizzorno, inmigrante piamont\u00e9s que fund\u00f3 la bodega en 1910. Su visi\u00f3n y amor por la vitivinicultura siguen siendo el coraz\u00f3n del proyecto familiar, hoy en manos de la cuarta generaci\u00f3n.<\/p>","protected":false},"featured_media":322,"comment_status":"closed","ping_status":"closed","template":"","meta":{"_acf_changed":false,"_joinchat":[]},"tipo-visita":[],"product_brand":[],"product_cat":[35],"product_tag":[],"class_list":{"0":"post-321","1":"product","2":"type-product","3":"status-publish","4":"has-post-thumbnail","6":"product_cat-don-prospero","8":"first","9":"instock","10":"shipping-taxable","11":"product-type-simple"},"exclude_global_add_ons":[],"addons":[],"acf":[],"yoast_head":"<!-- This site is optimized with the Yoast SEO plugin v27.5 - https:\/\/yoast.com\/product\/yoast-seo-wordpress\/ -->\n<title>Don Pr\u00f3spero Sauvignon Blanc - Pizzorno Family Estates<\/title>\n<meta name=\"robots\" content=\"noindex, follow, max-snippet:-1, max-image-preview:large, max-video-preview:-1\" \/>\n<meta property=\"og:locale\" content=\"en_US\" \/>\n<meta property=\"og:type\" content=\"article\" \/>\n<meta property=\"og:title\" content=\"Don Pr\u00f3spero Sauvignon Blanc - Pizzorno Family Estates\" \/>\n<meta property=\"og:description\" content=\"El Sauvignon Blanc es una de las variedades blancas m\u00e1s expresivas y vers\u00e1tiles, y en nuestros vi\u00f1edos se manifiesta con frescura vibrante y car\u00e1cter varietal marcado. Se cosecha en los primeros d\u00edas de la vendimia, buscando preservar al m\u00e1ximo su acidez natural y su perfil arom\u00e1tico.  Elaborado a partir de tres parcelas diferentes de nuestro vi\u00f1edo en Canel\u00f3n Chico, cada una con distintos grados de madurez. La vinificaci\u00f3n se realiza por separado para potenciar caracter\u00edsticas \u00fanicas de cada parcela: frescura, expresi\u00f3n arom\u00e1tica y estructura. Este trabajo detallado se realiza bajo el asesoramiento del en\u00f3logo Duncan Killiner (Nueva Zelanda), experto en Sauvignon Blanc de clima fresco.  Forma parte de nuestra l\u00ednea Don Pr\u00f3spero, un homenaje a Don Pr\u00f3spero Pizzorno, inmigrante piamont\u00e9s que fund\u00f3 la bodega en 1910. Su visi\u00f3n y amor por la vitivinicultura siguen siendo el coraz\u00f3n del proyecto familiar, hoy en manos de la cuarta generaci\u00f3n.\" \/>\n<meta property=\"og:url\" content=\"https:\/\/pizzornowines.com\/en\/product\/don-prospero-sauvignon-blanc\/\" \/>\n<meta property=\"og:site_name\" content=\"Pizzorno Family Estates\" \/>\n<meta property=\"article:publisher\" content=\"https:\/\/www.facebook.com\/pizzorno.family.estates\" \/>\n<meta property=\"article:modified_time\" content=\"2025-06-07T13:42:10+00:00\" \/>\n<meta property=\"og:image\" content=\"https:\/\/pizzornowines.com\/wp-content\/uploads\/2023\/04\/Don-Prospero-Sauvignon-Blanc.jpg\" \/>\n\t<meta property=\"og:image:width\" content=\"209\" \/>\n\t<meta property=\"og:image:height\" content=\"780\" \/>\n\t<meta property=\"og:image:type\" content=\"image\/jpeg\" \/>\n<meta name=\"twitter:card\" content=\"summary_large_image\" \/>\n<script type=\"application\/ld+json\" class=\"yoast-schema-graph\">{\"@context\":\"https:\\\/\\\/schema.org\",\"@graph\":[{\"@type\":\"WebPage\",\"@id\":\"https:\\\/\\\/pizzornowines.com\\\/product\\\/don-prospero-sauvignon-blanc\\\/\",\"url\":\"https:\\\/\\\/pizzornowines.com\\\/product\\\/don-prospero-sauvignon-blanc\\\/\",\"name\":\"Don Pr\u00f3spero Sauvignon Blanc - Pizzorno Family Estates\",\"isPartOf\":{\"@id\":\"https:\\\/\\\/pizzornowines.com\\\/#website\"},\"primaryImageOfPage\":{\"@id\":\"https:\\\/\\\/pizzornowines.com\\\/product\\\/don-prospero-sauvignon-blanc\\\/#primaryimage\"},\"image\":{\"@id\":\"https:\\\/\\\/pizzornowines.com\\\/product\\\/don-prospero-sauvignon-blanc\\\/#primaryimage\"},\"thumbnailUrl\":\"https:\\\/\\\/pizzornowines.com\\\/wp-content\\\/uploads\\\/2023\\\/04\\\/Don-Prospero-Sauvignon-Blanc.jpg\",\"datePublished\":\"2023-02-07T13:31:44+00:00\",\"dateModified\":\"2025-06-07T13:42:10+00:00\",\"breadcrumb\":{\"@id\":\"https:\\\/\\\/pizzornowines.com\\\/product\\\/don-prospero-sauvignon-blanc\\\/#breadcrumb\"},\"inLanguage\":\"en-US\",\"potentialAction\":[{\"@type\":\"ReadAction\",\"target\":[\"https:\\\/\\\/pizzornowines.com\\\/product\\\/don-prospero-sauvignon-blanc\\\/\"]}]},{\"@type\":\"ImageObject\",\"inLanguage\":\"en-US\",\"@id\":\"https:\\\/\\\/pizzornowines.com\\\/product\\\/don-prospero-sauvignon-blanc\\\/#primaryimage\",\"url\":\"https:\\\/\\\/pizzornowines.com\\\/wp-content\\\/uploads\\\/2023\\\/04\\\/Don-Prospero-Sauvignon-Blanc.jpg\",\"contentUrl\":\"https:\\\/\\\/pizzornowines.com\\\/wp-content\\\/uploads\\\/2023\\\/04\\\/Don-Prospero-Sauvignon-Blanc.jpg\",\"width\":209,\"height\":780},{\"@type\":\"BreadcrumbList\",\"@id\":\"https:\\\/\\\/pizzornowines.com\\\/product\\\/don-prospero-sauvignon-blanc\\\/#breadcrumb\",\"itemListElement\":[{\"@type\":\"ListItem\",\"position\":1,\"name\":\"Home\",\"item\":\"https:\\\/\\\/pizzornowines.com\\\/\"},{\"@type\":\"ListItem\",\"position\":2,\"name\":\"Shop\",\"item\":\"https:\\\/\\\/pizzornowines.com\\\/?page_id=96\"},{\"@type\":\"ListItem\",\"position\":3,\"name\":\"Don Pr\u00f3spero Sauvignon Blanc\"}]},{\"@type\":\"WebSite\",\"@id\":\"https:\\\/\\\/pizzornowines.com\\\/#website\",\"url\":\"https:\\\/\\\/pizzornowines.com\\\/\",\"name\":\"Pizzorno Family Estates\",\"description\":\"Pasi\u00f3n por la tierra y el vino\",\"publisher\":{\"@id\":\"https:\\\/\\\/pizzornowines.com\\\/#organization\"},\"potentialAction\":[{\"@type\":\"SearchAction\",\"target\":{\"@type\":\"EntryPoint\",\"urlTemplate\":\"https:\\\/\\\/pizzornowines.com\\\/?s={search_term_string}\"},\"query-input\":{\"@type\":\"PropertyValueSpecification\",\"valueRequired\":true,\"valueName\":\"search_term_string\"}}],\"inLanguage\":\"en-US\"},{\"@type\":\"Organization\",\"@id\":\"https:\\\/\\\/pizzornowines.com\\\/#organization\",\"name\":\"Pizzorno Family Estates\",\"url\":\"https:\\\/\\\/pizzornowines.com\\\/\",\"logo\":{\"@type\":\"ImageObject\",\"inLanguage\":\"en-US\",\"@id\":\"https:\\\/\\\/pizzornowines.com\\\/#\\\/schema\\\/logo\\\/image\\\/\",\"url\":\"https:\\\/\\\/pizzornowines.com\\\/wp-content\\\/uploads\\\/Pizzorno-Family-Estate-logo.svg\",\"contentUrl\":\"https:\\\/\\\/pizzornowines.com\\\/wp-content\\\/uploads\\\/Pizzorno-Family-Estate-logo.svg\",\"width\":422,\"height\":283,\"caption\":\"Pizzorno Family Estates\"},\"image\":{\"@id\":\"https:\\\/\\\/pizzornowines.com\\\/#\\\/schema\\\/logo\\\/image\\\/\"},\"sameAs\":[\"https:\\\/\\\/www.facebook.com\\\/pizzorno.family.estates\"]}]}<\/script>\n<!-- \/ Yoast SEO plugin. -->","yoast_head_json":{"title":"Don Pr\u00f3spero Sauvignon Blanc - Pizzorno Family Estates","robots":{"index":"noindex","follow":"follow","max-snippet":"max-snippet:-1","max-image-preview":"max-image-preview:large","max-video-preview":"max-video-preview:-1"},"og_locale":"en_US","og_type":"article","og_title":"Don Pr\u00f3spero Sauvignon Blanc - Pizzorno Family Estates","og_description":"El Sauvignon Blanc es una de las variedades blancas m\u00e1s expresivas y vers\u00e1tiles, y en nuestros vi\u00f1edos se manifiesta con frescura vibrante y car\u00e1cter varietal marcado. Se cosecha en los primeros d\u00edas de la vendimia, buscando preservar al m\u00e1ximo su acidez natural y su perfil arom\u00e1tico.  Elaborado a partir de tres parcelas diferentes de nuestro vi\u00f1edo en Canel\u00f3n Chico, cada una con distintos grados de madurez. La vinificaci\u00f3n se realiza por separado para potenciar caracter\u00edsticas \u00fanicas de cada parcela: frescura, expresi\u00f3n arom\u00e1tica y estructura. Este trabajo detallado se realiza bajo el asesoramiento del en\u00f3logo Duncan Killiner (Nueva Zelanda), experto en Sauvignon Blanc de clima fresco.  Forma parte de nuestra l\u00ednea Don Pr\u00f3spero, un homenaje a Don Pr\u00f3spero Pizzorno, inmigrante piamont\u00e9s que fund\u00f3 la bodega en 1910. Su visi\u00f3n y amor por la vitivinicultura siguen siendo el coraz\u00f3n del proyecto familiar, hoy en manos de la cuarta generaci\u00f3n.","og_url":"https:\/\/pizzornowines.com\/en\/product\/don-prospero-sauvignon-blanc\/","og_site_name":"Pizzorno Family Estates","article_publisher":"https:\/\/www.facebook.com\/pizzorno.family.estates","article_modified_time":"2025-06-07T13:42:10+00:00","og_image":[{"width":209,"height":780,"url":"https:\/\/pizzornowines.com\/wp-content\/uploads\/2023\/04\/Don-Prospero-Sauvignon-Blanc.jpg","type":"image\/jpeg"}],"twitter_card":"summary_large_image","schema":{"@context":"https:\/\/schema.org","@graph":[{"@type":"WebPage","@id":"https:\/\/pizzornowines.com\/product\/don-prospero-sauvignon-blanc\/","url":"https:\/\/pizzornowines.com\/product\/don-prospero-sauvignon-blanc\/","name":"Don Pr\u00f3spero Sauvignon Blanc - Pizzorno Family Estates","isPartOf":{"@id":"https:\/\/pizzornowines.com\/#website"},"primaryImageOfPage":{"@id":"https:\/\/pizzornowines.com\/product\/don-prospero-sauvignon-blanc\/#primaryimage"},"image":{"@id":"https:\/\/pizzornowines.com\/product\/don-prospero-sauvignon-blanc\/#primaryimage"},"thumbnailUrl":"https:\/\/pizzornowines.com\/wp-content\/uploads\/2023\/04\/Don-Prospero-Sauvignon-Blanc.jpg","datePublished":"2023-02-07T13:31:44+00:00","dateModified":"2025-06-07T13:42:10+00:00","breadcrumb":{"@id":"https:\/\/pizzornowines.com\/product\/don-prospero-sauvignon-blanc\/#breadcrumb"},"inLanguage":"en-US","potentialAction":[{"@type":"ReadAction","target":["https:\/\/pizzornowines.com\/product\/don-prospero-sauvignon-blanc\/"]}]},{"@type":"ImageObject","inLanguage":"en-US","@id":"https:\/\/pizzornowines.com\/product\/don-prospero-sauvignon-blanc\/#primaryimage","url":"https:\/\/pizzornowines.com\/wp-content\/uploads\/2023\/04\/Don-Prospero-Sauvignon-Blanc.jpg","contentUrl":"https:\/\/pizzornowines.com\/wp-content\/uploads\/2023\/04\/Don-Prospero-Sauvignon-Blanc.jpg","width":209,"height":780},{"@type":"BreadcrumbList","@id":"https:\/\/pizzornowines.com\/product\/don-prospero-sauvignon-blanc\/#breadcrumb","itemListElement":[{"@type":"ListItem","position":1,"name":"Home","item":"https:\/\/pizzornowines.com\/"},{"@type":"ListItem","position":2,"name":"Shop","item":"https:\/\/pizzornowines.com\/?page_id=96"},{"@type":"ListItem","position":3,"name":"Don Pr\u00f3spero Sauvignon Blanc"}]},{"@type":"WebSite","@id":"https:\/\/pizzornowines.com\/#website","url":"https:\/\/pizzornowines.com\/","name":"Pizzorno Family Estates","description":"Pasi\u00f3n por la tierra y el vino","publisher":{"@id":"https:\/\/pizzornowines.com\/#organization"},"potentialAction":[{"@type":"SearchAction","target":{"@type":"EntryPoint","urlTemplate":"https:\/\/pizzornowines.com\/?s={search_term_string}"},"query-input":{"@type":"PropertyValueSpecification","valueRequired":true,"valueName":"search_term_string"}}],"inLanguage":"en-US"},{"@type":"Organization","@id":"https:\/\/pizzornowines.com\/#organization","name":"Pizzorno Family Estates","url":"https:\/\/pizzornowines.com\/","logo":{"@type":"ImageObject","inLanguage":"en-US","@id":"https:\/\/pizzornowines.com\/#\/schema\/logo\/image\/","url":"https:\/\/pizzornowines.com\/wp-content\/uploads\/Pizzorno-Family-Estate-logo.svg","contentUrl":"https:\/\/pizzornowines.com\/wp-content\/uploads\/Pizzorno-Family-Estate-logo.svg","width":422,"height":283,"caption":"Pizzorno Family Estates"},"image":{"@id":"https:\/\/pizzornowines.com\/#\/schema\/logo\/image\/"},"sameAs":["https:\/\/www.facebook.com\/pizzorno.family.estates"]}]}},"_links":{"self":[{"href":"https:\/\/pizzornowines.com\/en\/wp-json\/wp\/v2\/product\/321","targetHints":{"allow":["GET"]}}],"collection":[{"href":"https:\/\/pizzornowines.com\/en\/wp-json\/wp\/v2\/product"}],"about":[{"href":"https:\/\/pizzornowines.com\/en\/wp-json\/wp\/v2\/types\/product"}],"replies":[{"embeddable":true,"href":"https:\/\/pizzornowines.com\/en\/wp-json\/wp\/v2\/comments?post=321"}],"version-history":[{"count":8,"href":"https:\/\/pizzornowines.com\/en\/wp-json\/wp\/v2\/product\/321\/revisions"}],"predecessor-version":[{"id":2411,"href":"https:\/\/pizzornowines.com\/en\/wp-json\/wp\/v2\/product\/321\/revisions\/2411"}],"wp:featuredmedia":[{"embeddable":true,"href":"https:\/\/pizzornowines.com\/en\/wp-json\/wp\/v2\/media\/322"}],"wp:attachment":[{"href":"https:\/\/pizzornowines.com\/en\/wp-json\/wp\/v2\/media?parent=321"}],"wp:term":[{"taxonomy":"tipo-visita","embeddable":true,"href":"https:\/\/pizzornowines.com\/en\/wp-json\/wp\/v2\/tipo-visita?post=321"},{"taxonomy":"product_brand","embeddable":true,"href":"https:\/\/pizzornowines.com\/en\/wp-json\/wp\/v2\/product_brand?post=321"},{"taxonomy":"product_cat","embeddable":true,"href":"https:\/\/pizzornowines.com\/en\/wp-json\/wp\/v2\/product_cat?post=321"},{"taxonomy":"product_tag","embeddable":true,"href":"https:\/\/pizzornowines.com\/en\/wp-json\/wp\/v2\/product_tag?post=321"}],"curies":[{"name":"wp","href":"https:\/\/api.w.org\/{rel}","templated":true}]}}