{"id":311,"date":"2023-02-07T11:06:27","date_gmt":"2023-02-07T14:06:27","guid":{"rendered":"https:\/\/pizzorno.r1group.com.ar\/producto\/don-prospero-tannat-merlot\/"},"modified":"2025-05-18T13:29:45","modified_gmt":"2025-05-18T16:29:45","slug":"don-prospero-tannat-merlot","status":"publish","type":"product","link":"https:\/\/pizzornowines.com\/en\/product\/don-prospero-tannat-merlot\/","title":{"rendered":"Don Pr\u00f3spero Tannat Merlot"},"content":{"rendered":"<p>Assemblage tradicional de nuestro pa\u00eds, donde las dos variedades se amalgaman para lograr un perfecto equilibro. La vinificaci\u00f3n de cada variedad se realiza por separado respetando la madurez enol\u00f3gica de cada una de ellas. Maceraci\u00f3n en fr\u00edo por 12 hrs. Fermentaci\u00f3n tradicional y suave prensado.<\/p>","protected":false},"excerpt":{"rendered":"<p>Este blend une la intensidad y car\u00e1cter del Tannat, cepa insignia de Uruguay, con la suavidad y redondez del Merlot, logrando un vino equilibrado, amable y con gran expresi\u00f3n frutal.<\/p>\n<p>Cada variedad se vinifica por separado, respetando su madurez enol\u00f3gica para asegurar que ambas muestren lo mejor de s\u00ed. El Merlot aporta redondez y notas de frutas rojas, mientras que el Tannat brinda estructura, taninos y profundidad. La fermentaci\u00f3n se realiza de forma tradicional, con maceraciones controladas para preservar frescura y tipicidad.<\/p>\n<p>Forma parte de la l\u00ednea Don Pr\u00f3spero, un tributo a Don Pr\u00f3spero Pizzorno, inmigrante piamont\u00e9s que fund\u00f3 la bodega en 1910. Su esp\u00edritu visionario y su amor por la vitivinicultura siguen guiando a la familia en su cuarta generaci\u00f3n.<\/p>","protected":false},"featured_media":312,"comment_status":"closed","ping_status":"closed","template":"","meta":{"_acf_changed":false,"_joinchat":[]},"tipo-visita":[],"product_brand":[],"product_cat":[35],"product_tag":[],"class_list":{"0":"post-311","1":"product","2":"type-product","3":"status-publish","4":"has-post-thumbnail","6":"product_cat-don-prospero","8":"first","9":"instock","10":"shipping-taxable","11":"product-type-simple"},"exclude_global_add_ons":[],"addons":[],"acf":[],"yoast_head":"<!-- This site is optimized with the Yoast SEO plugin v27.4 - https:\/\/yoast.com\/product\/yoast-seo-wordpress\/ -->\n<title>Don Pr\u00f3spero Tannat Merlot - Pizzorno Family Estates<\/title>\n<meta name=\"robots\" content=\"noindex, follow, max-snippet:-1, max-image-preview:large, max-video-preview:-1\" \/>\n<meta property=\"og:locale\" content=\"en_US\" \/>\n<meta property=\"og:type\" content=\"article\" \/>\n<meta property=\"og:title\" content=\"Don Pr\u00f3spero Tannat Merlot - Pizzorno Family Estates\" \/>\n<meta property=\"og:description\" content=\"Este blend une la intensidad y car\u00e1cter del Tannat, cepa insignia de Uruguay, con la suavidad y redondez del Merlot, logrando un vino equilibrado, amable y con gran expresi\u00f3n frutal.  Cada variedad se vinifica por separado, respetando su madurez enol\u00f3gica para asegurar que ambas muestren lo mejor de s\u00ed. El Merlot aporta redondez y notas de frutas rojas, mientras que el Tannat brinda estructura, taninos y profundidad. La fermentaci\u00f3n se realiza de forma tradicional, con maceraciones controladas para preservar frescura y tipicidad.  Forma parte de la l\u00ednea Don Pr\u00f3spero, un tributo a Don Pr\u00f3spero Pizzorno, inmigrante piamont\u00e9s que fund\u00f3 la bodega en 1910. Su esp\u00edritu visionario y su amor por la vitivinicultura siguen guiando a la familia en su cuarta generaci\u00f3n.\" \/>\n<meta property=\"og:url\" content=\"https:\/\/pizzornowines.com\/en\/product\/don-prospero-tannat-merlot\/\" \/>\n<meta property=\"og:site_name\" content=\"Pizzorno Family Estates\" \/>\n<meta property=\"article:publisher\" content=\"https:\/\/www.facebook.com\/pizzorno.family.estates\" \/>\n<meta property=\"article:modified_time\" content=\"2025-05-18T16:29:45+00:00\" \/>\n<meta property=\"og:image\" content=\"https:\/\/pizzornowines.com\/wp-content\/uploads\/2023\/04\/Don-Prospero-Tannat-Merlot.jpg\" \/>\n\t<meta property=\"og:image:width\" content=\"210\" \/>\n\t<meta property=\"og:image:height\" content=\"780\" \/>\n\t<meta property=\"og:image:type\" content=\"image\/jpeg\" \/>\n<meta name=\"twitter:card\" content=\"summary_large_image\" \/>\n<script type=\"application\/ld+json\" class=\"yoast-schema-graph\">{\"@context\":\"https:\\\/\\\/schema.org\",\"@graph\":[{\"@type\":\"WebPage\",\"@id\":\"https:\\\/\\\/pizzornowines.com\\\/product\\\/don-prospero-tannat-merlot\\\/\",\"url\":\"https:\\\/\\\/pizzornowines.com\\\/product\\\/don-prospero-tannat-merlot\\\/\",\"name\":\"Don Pr\u00f3spero Tannat Merlot - Pizzorno Family Estates\",\"isPartOf\":{\"@id\":\"https:\\\/\\\/pizzornowines.com\\\/#website\"},\"primaryImageOfPage\":{\"@id\":\"https:\\\/\\\/pizzornowines.com\\\/product\\\/don-prospero-tannat-merlot\\\/#primaryimage\"},\"image\":{\"@id\":\"https:\\\/\\\/pizzornowines.com\\\/product\\\/don-prospero-tannat-merlot\\\/#primaryimage\"},\"thumbnailUrl\":\"https:\\\/\\\/pizzornowines.com\\\/wp-content\\\/uploads\\\/2023\\\/04\\\/Don-Prospero-Tannat-Merlot.jpg\",\"datePublished\":\"2023-02-07T14:06:27+00:00\",\"dateModified\":\"2025-05-18T16:29:45+00:00\",\"breadcrumb\":{\"@id\":\"https:\\\/\\\/pizzornowines.com\\\/product\\\/don-prospero-tannat-merlot\\\/#breadcrumb\"},\"inLanguage\":\"en-US\",\"potentialAction\":[{\"@type\":\"ReadAction\",\"target\":[\"https:\\\/\\\/pizzornowines.com\\\/product\\\/don-prospero-tannat-merlot\\\/\"]}]},{\"@type\":\"ImageObject\",\"inLanguage\":\"en-US\",\"@id\":\"https:\\\/\\\/pizzornowines.com\\\/product\\\/don-prospero-tannat-merlot\\\/#primaryimage\",\"url\":\"https:\\\/\\\/pizzornowines.com\\\/wp-content\\\/uploads\\\/2023\\\/04\\\/Don-Prospero-Tannat-Merlot.jpg\",\"contentUrl\":\"https:\\\/\\\/pizzornowines.com\\\/wp-content\\\/uploads\\\/2023\\\/04\\\/Don-Prospero-Tannat-Merlot.jpg\",\"width\":210,\"height\":780},{\"@type\":\"BreadcrumbList\",\"@id\":\"https:\\\/\\\/pizzornowines.com\\\/product\\\/don-prospero-tannat-merlot\\\/#breadcrumb\",\"itemListElement\":[{\"@type\":\"ListItem\",\"position\":1,\"name\":\"Home\",\"item\":\"https:\\\/\\\/pizzornowines.com\\\/\"},{\"@type\":\"ListItem\",\"position\":2,\"name\":\"Shop\",\"item\":\"https:\\\/\\\/pizzornowines.com\\\/?page_id=96\"},{\"@type\":\"ListItem\",\"position\":3,\"name\":\"Don Pr\u00f3spero Tannat Merlot\"}]},{\"@type\":\"WebSite\",\"@id\":\"https:\\\/\\\/pizzornowines.com\\\/#website\",\"url\":\"https:\\\/\\\/pizzornowines.com\\\/\",\"name\":\"Pizzorno Family Estates\",\"description\":\"Pasi\u00f3n por la tierra y el vino\",\"publisher\":{\"@id\":\"https:\\\/\\\/pizzornowines.com\\\/#organization\"},\"potentialAction\":[{\"@type\":\"SearchAction\",\"target\":{\"@type\":\"EntryPoint\",\"urlTemplate\":\"https:\\\/\\\/pizzornowines.com\\\/?s={search_term_string}\"},\"query-input\":{\"@type\":\"PropertyValueSpecification\",\"valueRequired\":true,\"valueName\":\"search_term_string\"}}],\"inLanguage\":\"en-US\"},{\"@type\":\"Organization\",\"@id\":\"https:\\\/\\\/pizzornowines.com\\\/#organization\",\"name\":\"Pizzorno Family Estates\",\"url\":\"https:\\\/\\\/pizzornowines.com\\\/\",\"logo\":{\"@type\":\"ImageObject\",\"inLanguage\":\"en-US\",\"@id\":\"https:\\\/\\\/pizzornowines.com\\\/#\\\/schema\\\/logo\\\/image\\\/\",\"url\":\"https:\\\/\\\/pizzornowines.com\\\/wp-content\\\/uploads\\\/Pizzorno-Family-Estate-logo.svg\",\"contentUrl\":\"https:\\\/\\\/pizzornowines.com\\\/wp-content\\\/uploads\\\/Pizzorno-Family-Estate-logo.svg\",\"width\":422,\"height\":283,\"caption\":\"Pizzorno Family Estates\"},\"image\":{\"@id\":\"https:\\\/\\\/pizzornowines.com\\\/#\\\/schema\\\/logo\\\/image\\\/\"},\"sameAs\":[\"https:\\\/\\\/www.facebook.com\\\/pizzorno.family.estates\"]}]}<\/script>\n<!-- \/ Yoast SEO plugin. -->","yoast_head_json":{"title":"Don Pr\u00f3spero Tannat Merlot - Pizzorno Family Estates","robots":{"index":"noindex","follow":"follow","max-snippet":"max-snippet:-1","max-image-preview":"max-image-preview:large","max-video-preview":"max-video-preview:-1"},"og_locale":"en_US","og_type":"article","og_title":"Don Pr\u00f3spero Tannat Merlot - Pizzorno Family Estates","og_description":"Este blend une la intensidad y car\u00e1cter del Tannat, cepa insignia de Uruguay, con la suavidad y redondez del Merlot, logrando un vino equilibrado, amable y con gran expresi\u00f3n frutal.  Cada variedad se vinifica por separado, respetando su madurez enol\u00f3gica para asegurar que ambas muestren lo mejor de s\u00ed. El Merlot aporta redondez y notas de frutas rojas, mientras que el Tannat brinda estructura, taninos y profundidad. La fermentaci\u00f3n se realiza de forma tradicional, con maceraciones controladas para preservar frescura y tipicidad.  Forma parte de la l\u00ednea Don Pr\u00f3spero, un tributo a Don Pr\u00f3spero Pizzorno, inmigrante piamont\u00e9s que fund\u00f3 la bodega en 1910. Su esp\u00edritu visionario y su amor por la vitivinicultura siguen guiando a la familia en su cuarta generaci\u00f3n.","og_url":"https:\/\/pizzornowines.com\/en\/product\/don-prospero-tannat-merlot\/","og_site_name":"Pizzorno Family Estates","article_publisher":"https:\/\/www.facebook.com\/pizzorno.family.estates","article_modified_time":"2025-05-18T16:29:45+00:00","og_image":[{"width":210,"height":780,"url":"https:\/\/pizzornowines.com\/wp-content\/uploads\/2023\/04\/Don-Prospero-Tannat-Merlot.jpg","type":"image\/jpeg"}],"twitter_card":"summary_large_image","schema":{"@context":"https:\/\/schema.org","@graph":[{"@type":"WebPage","@id":"https:\/\/pizzornowines.com\/product\/don-prospero-tannat-merlot\/","url":"https:\/\/pizzornowines.com\/product\/don-prospero-tannat-merlot\/","name":"Don Pr\u00f3spero Tannat Merlot - Pizzorno Family Estates","isPartOf":{"@id":"https:\/\/pizzornowines.com\/#website"},"primaryImageOfPage":{"@id":"https:\/\/pizzornowines.com\/product\/don-prospero-tannat-merlot\/#primaryimage"},"image":{"@id":"https:\/\/pizzornowines.com\/product\/don-prospero-tannat-merlot\/#primaryimage"},"thumbnailUrl":"https:\/\/pizzornowines.com\/wp-content\/uploads\/2023\/04\/Don-Prospero-Tannat-Merlot.jpg","datePublished":"2023-02-07T14:06:27+00:00","dateModified":"2025-05-18T16:29:45+00:00","breadcrumb":{"@id":"https:\/\/pizzornowines.com\/product\/don-prospero-tannat-merlot\/#breadcrumb"},"inLanguage":"en-US","potentialAction":[{"@type":"ReadAction","target":["https:\/\/pizzornowines.com\/product\/don-prospero-tannat-merlot\/"]}]},{"@type":"ImageObject","inLanguage":"en-US","@id":"https:\/\/pizzornowines.com\/product\/don-prospero-tannat-merlot\/#primaryimage","url":"https:\/\/pizzornowines.com\/wp-content\/uploads\/2023\/04\/Don-Prospero-Tannat-Merlot.jpg","contentUrl":"https:\/\/pizzornowines.com\/wp-content\/uploads\/2023\/04\/Don-Prospero-Tannat-Merlot.jpg","width":210,"height":780},{"@type":"BreadcrumbList","@id":"https:\/\/pizzornowines.com\/product\/don-prospero-tannat-merlot\/#breadcrumb","itemListElement":[{"@type":"ListItem","position":1,"name":"Home","item":"https:\/\/pizzornowines.com\/"},{"@type":"ListItem","position":2,"name":"Shop","item":"https:\/\/pizzornowines.com\/?page_id=96"},{"@type":"ListItem","position":3,"name":"Don Pr\u00f3spero Tannat Merlot"}]},{"@type":"WebSite","@id":"https:\/\/pizzornowines.com\/#website","url":"https:\/\/pizzornowines.com\/","name":"Pizzorno Family Estates","description":"Pasi\u00f3n por la tierra y el vino","publisher":{"@id":"https:\/\/pizzornowines.com\/#organization"},"potentialAction":[{"@type":"SearchAction","target":{"@type":"EntryPoint","urlTemplate":"https:\/\/pizzornowines.com\/?s={search_term_string}"},"query-input":{"@type":"PropertyValueSpecification","valueRequired":true,"valueName":"search_term_string"}}],"inLanguage":"en-US"},{"@type":"Organization","@id":"https:\/\/pizzornowines.com\/#organization","name":"Pizzorno Family Estates","url":"https:\/\/pizzornowines.com\/","logo":{"@type":"ImageObject","inLanguage":"en-US","@id":"https:\/\/pizzornowines.com\/#\/schema\/logo\/image\/","url":"https:\/\/pizzornowines.com\/wp-content\/uploads\/Pizzorno-Family-Estate-logo.svg","contentUrl":"https:\/\/pizzornowines.com\/wp-content\/uploads\/Pizzorno-Family-Estate-logo.svg","width":422,"height":283,"caption":"Pizzorno Family Estates"},"image":{"@id":"https:\/\/pizzornowines.com\/#\/schema\/logo\/image\/"},"sameAs":["https:\/\/www.facebook.com\/pizzorno.family.estates"]}]}},"_links":{"self":[{"href":"https:\/\/pizzornowines.com\/en\/wp-json\/wp\/v2\/product\/311","targetHints":{"allow":["GET"]}}],"collection":[{"href":"https:\/\/pizzornowines.com\/en\/wp-json\/wp\/v2\/product"}],"about":[{"href":"https:\/\/pizzornowines.com\/en\/wp-json\/wp\/v2\/types\/product"}],"replies":[{"embeddable":true,"href":"https:\/\/pizzornowines.com\/en\/wp-json\/wp\/v2\/comments?post=311"}],"version-history":[{"count":1,"href":"https:\/\/pizzornowines.com\/en\/wp-json\/wp\/v2\/product\/311\/revisions"}],"predecessor-version":[{"id":2141,"href":"https:\/\/pizzornowines.com\/en\/wp-json\/wp\/v2\/product\/311\/revisions\/2141"}],"wp:featuredmedia":[{"embeddable":true,"href":"https:\/\/pizzornowines.com\/en\/wp-json\/wp\/v2\/media\/312"}],"wp:attachment":[{"href":"https:\/\/pizzornowines.com\/en\/wp-json\/wp\/v2\/media?parent=311"}],"wp:term":[{"taxonomy":"tipo-visita","embeddable":true,"href":"https:\/\/pizzornowines.com\/en\/wp-json\/wp\/v2\/tipo-visita?post=311"},{"taxonomy":"product_brand","embeddable":true,"href":"https:\/\/pizzornowines.com\/en\/wp-json\/wp\/v2\/product_brand?post=311"},{"taxonomy":"product_cat","embeddable":true,"href":"https:\/\/pizzornowines.com\/en\/wp-json\/wp\/v2\/product_cat?post=311"},{"taxonomy":"product_tag","embeddable":true,"href":"https:\/\/pizzornowines.com\/en\/wp-json\/wp\/v2\/product_tag?post=311"}],"curies":[{"name":"wp","href":"https:\/\/api.w.org\/{rel}","templated":true}]}}