{"id":309,"date":"2023-02-07T11:09:50","date_gmt":"2023-02-07T14:09:50","guid":{"rendered":"https:\/\/pizzorno.r1group.com.ar\/producto\/don-prospero-tannat-cabernet-franc-2018\/"},"modified":"2025-05-18T13:53:50","modified_gmt":"2025-05-18T16:53:50","slug":"don-prospero-tannat-cabernet-franc-2018","status":"publish","type":"product","link":"https:\/\/pizzornowines.com\/en\/product\/don-prospero-tannat-cabernet-franc-2018\/","title":{"rendered":"Don Pr\u00f3spero Cabernet Franc"},"content":{"rendered":"<p>La vinificaci\u00f3n de cada variedad se realiza por separado respetando la madurez enol\u00f3gica de cada una de ellas. Maceraci\u00f3n en fr\u00edo por 12 hrs. Fermentaci\u00f3n tradicional y suave prensado. La vinificaci\u00f3n de cada variedad se realiza por separado respetando la madurez enol\u00f3gica de cada una de ellas. Maceraci\u00f3n en fr\u00edo por 12 hrs. Fermentaci\u00f3n tradicional y suave prensado.<\/p>","protected":false},"excerpt":{"rendered":"<p class=\"\" data-start=\"224\" data-end=\"527\">El Cabernet Franc es una variedad noble, que en nuestros suelos arcillosos-calc\u00e1reos encuentra una expresi\u00f3n refinada y \u00fanica. De maduraci\u00f3n m\u00e1s temprana que su pariente el Cabernet Sauvignon, permite trabajar con precisi\u00f3n en el vi\u00f1edo y lograr un equilibrio natural entre frescura, fruta y estructura.<\/p>\n<p class=\"\" data-start=\"529\" data-end=\"767\">Su cultivo requiere sensibilidad y precisi\u00f3n, ya que peque\u00f1os cambios en su punto de cosecha pueden modificar por completo el perfil del vino. Cada vendimia es una b\u00fasqueda de armon\u00eda entre el car\u00e1cter varietal y la identidad del terroir.<\/p>\n<p class=\"\" data-start=\"769\" data-end=\"998\">Presenta un color rojo rub\u00ed brillante, con aromas sutiles a frutos rojos, pimiento dulce, hierbas frescas y ligeros toques florales. En boca es elegante, con taninos suaves y envolventes, y un final jugoso que invita a otra copa.<\/p>\n<p class=\"\" data-start=\"1000\" data-end=\"1241\">Forma parte de nuestra l\u00ednea <strong data-start=\"1029\" data-end=\"1045\">Don Pr\u00f3spero<\/strong>, un tributo a Don Pr\u00f3spero Pizzorno, inmigrante piamont\u00e9s que fund\u00f3 la bodega en 1910. Su esp\u00edritu pionero y su respeto por la tierra siguen guiando a nuestra familia cuatro generaciones despu\u00e9s.<\/p>","protected":false},"featured_media":2146,"comment_status":"closed","ping_status":"closed","template":"","meta":{"_acf_changed":false,"_joinchat":[]},"tipo-visita":[],"product_brand":[],"product_cat":[35],"product_tag":[],"class_list":{"0":"post-309","1":"product","2":"type-product","3":"status-publish","4":"has-post-thumbnail","6":"product_cat-don-prospero","8":"first","9":"instock","10":"shipping-taxable","11":"product-type-simple"},"exclude_global_add_ons":[],"addons":[],"acf":[],"yoast_head":"<!-- This site is optimized with the Yoast SEO plugin v27.4 - https:\/\/yoast.com\/product\/yoast-seo-wordpress\/ -->\n<title>Don Pr\u00f3spero Cabernet Franc - Pizzorno Family Estates<\/title>\n<meta name=\"robots\" content=\"noindex, follow, max-snippet:-1, max-image-preview:large, max-video-preview:-1\" \/>\n<meta property=\"og:locale\" content=\"en_US\" \/>\n<meta property=\"og:type\" content=\"article\" \/>\n<meta property=\"og:title\" content=\"Don Pr\u00f3spero Cabernet Franc - Pizzorno Family Estates\" \/>\n<meta property=\"og:description\" content=\"El Cabernet Franc es una variedad noble, que en nuestros suelos arcillosos-calc\u00e1reos encuentra una expresi\u00f3n refinada y \u00fanica. De maduraci\u00f3n m\u00e1s temprana que su pariente el Cabernet Sauvignon, permite trabajar con precisi\u00f3n en el vi\u00f1edo y lograr un equilibrio natural entre frescura, fruta y estructura. Su cultivo requiere sensibilidad y precisi\u00f3n, ya que peque\u00f1os cambios en su punto de cosecha pueden modificar por completo el perfil del vino. Cada vendimia es una b\u00fasqueda de armon\u00eda entre el car\u00e1cter varietal y la identidad del terroir. Presenta un color rojo rub\u00ed brillante, con aromas sutiles a frutos rojos, pimiento dulce, hierbas frescas y ligeros toques florales. En boca es elegante, con taninos suaves y envolventes, y un final jugoso que invita a otra copa. Forma parte de nuestra l\u00ednea Don Pr\u00f3spero, un tributo a Don Pr\u00f3spero Pizzorno, inmigrante piamont\u00e9s que fund\u00f3 la bodega en 1910. Su esp\u00edritu pionero y su respeto por la tierra siguen guiando a nuestra familia cuatro generaciones despu\u00e9s.\" \/>\n<meta property=\"og:url\" content=\"https:\/\/pizzornowines.com\/en\/product\/don-prospero-tannat-cabernet-franc-2018\/\" \/>\n<meta property=\"og:site_name\" content=\"Pizzorno Family Estates\" \/>\n<meta property=\"article:publisher\" content=\"https:\/\/www.facebook.com\/pizzorno.family.estates\" \/>\n<meta property=\"article:modified_time\" content=\"2025-05-18T16:53:50+00:00\" \/>\n<meta name=\"twitter:card\" content=\"summary_large_image\" \/>\n<script type=\"application\/ld+json\" class=\"yoast-schema-graph\">{\"@context\":\"https:\\\/\\\/schema.org\",\"@graph\":[{\"@type\":\"WebPage\",\"@id\":\"https:\\\/\\\/pizzornowines.com\\\/product\\\/don-prospero-tannat-cabernet-franc-2018\\\/\",\"url\":\"https:\\\/\\\/pizzornowines.com\\\/product\\\/don-prospero-tannat-cabernet-franc-2018\\\/\",\"name\":\"Don Pr\u00f3spero Cabernet Franc - Pizzorno Family Estates\",\"isPartOf\":{\"@id\":\"https:\\\/\\\/pizzornowines.com\\\/#website\"},\"primaryImageOfPage\":{\"@id\":\"https:\\\/\\\/pizzornowines.com\\\/product\\\/don-prospero-tannat-cabernet-franc-2018\\\/#primaryimage\"},\"image\":{\"@id\":\"https:\\\/\\\/pizzornowines.com\\\/product\\\/don-prospero-tannat-cabernet-franc-2018\\\/#primaryimage\"},\"thumbnailUrl\":\"https:\\\/\\\/pizzornowines.com\\\/wp-content\\\/uploads\\\/don_prospero_cabernet_franc_final-1.png\",\"datePublished\":\"2023-02-07T14:09:50+00:00\",\"dateModified\":\"2025-05-18T16:53:50+00:00\",\"breadcrumb\":{\"@id\":\"https:\\\/\\\/pizzornowines.com\\\/product\\\/don-prospero-tannat-cabernet-franc-2018\\\/#breadcrumb\"},\"inLanguage\":\"en-US\",\"potentialAction\":[{\"@type\":\"ReadAction\",\"target\":[\"https:\\\/\\\/pizzornowines.com\\\/product\\\/don-prospero-tannat-cabernet-franc-2018\\\/\"]}]},{\"@type\":\"ImageObject\",\"inLanguage\":\"en-US\",\"@id\":\"https:\\\/\\\/pizzornowines.com\\\/product\\\/don-prospero-tannat-cabernet-franc-2018\\\/#primaryimage\",\"url\":\"https:\\\/\\\/pizzornowines.com\\\/wp-content\\\/uploads\\\/don_prospero_cabernet_franc_final-1.png\",\"contentUrl\":\"https:\\\/\\\/pizzornowines.com\\\/wp-content\\\/uploads\\\/don_prospero_cabernet_franc_final-1.png\",\"width\":310,\"height\":774,\"caption\":\"don prospero cabernet franc final (1)\"},{\"@type\":\"BreadcrumbList\",\"@id\":\"https:\\\/\\\/pizzornowines.com\\\/product\\\/don-prospero-tannat-cabernet-franc-2018\\\/#breadcrumb\",\"itemListElement\":[{\"@type\":\"ListItem\",\"position\":1,\"name\":\"Home\",\"item\":\"https:\\\/\\\/pizzornowines.com\\\/\"},{\"@type\":\"ListItem\",\"position\":2,\"name\":\"Shop\",\"item\":\"https:\\\/\\\/pizzornowines.com\\\/?page_id=96\"},{\"@type\":\"ListItem\",\"position\":3,\"name\":\"Don Pr\u00f3spero Cabernet Franc\"}]},{\"@type\":\"WebSite\",\"@id\":\"https:\\\/\\\/pizzornowines.com\\\/#website\",\"url\":\"https:\\\/\\\/pizzornowines.com\\\/\",\"name\":\"Pizzorno Family Estates\",\"description\":\"Pasi\u00f3n por la tierra y el vino\",\"publisher\":{\"@id\":\"https:\\\/\\\/pizzornowines.com\\\/#organization\"},\"potentialAction\":[{\"@type\":\"SearchAction\",\"target\":{\"@type\":\"EntryPoint\",\"urlTemplate\":\"https:\\\/\\\/pizzornowines.com\\\/?s={search_term_string}\"},\"query-input\":{\"@type\":\"PropertyValueSpecification\",\"valueRequired\":true,\"valueName\":\"search_term_string\"}}],\"inLanguage\":\"en-US\"},{\"@type\":\"Organization\",\"@id\":\"https:\\\/\\\/pizzornowines.com\\\/#organization\",\"name\":\"Pizzorno Family Estates\",\"url\":\"https:\\\/\\\/pizzornowines.com\\\/\",\"logo\":{\"@type\":\"ImageObject\",\"inLanguage\":\"en-US\",\"@id\":\"https:\\\/\\\/pizzornowines.com\\\/#\\\/schema\\\/logo\\\/image\\\/\",\"url\":\"https:\\\/\\\/pizzornowines.com\\\/wp-content\\\/uploads\\\/Pizzorno-Family-Estate-logo.svg\",\"contentUrl\":\"https:\\\/\\\/pizzornowines.com\\\/wp-content\\\/uploads\\\/Pizzorno-Family-Estate-logo.svg\",\"width\":422,\"height\":283,\"caption\":\"Pizzorno Family Estates\"},\"image\":{\"@id\":\"https:\\\/\\\/pizzornowines.com\\\/#\\\/schema\\\/logo\\\/image\\\/\"},\"sameAs\":[\"https:\\\/\\\/www.facebook.com\\\/pizzorno.family.estates\"]}]}<\/script>\n<!-- \/ Yoast SEO plugin. -->","yoast_head_json":{"title":"Don Pr\u00f3spero Cabernet Franc - Pizzorno Family Estates","robots":{"index":"noindex","follow":"follow","max-snippet":"max-snippet:-1","max-image-preview":"max-image-preview:large","max-video-preview":"max-video-preview:-1"},"og_locale":"en_US","og_type":"article","og_title":"Don Pr\u00f3spero Cabernet Franc - Pizzorno Family Estates","og_description":"El Cabernet Franc es una variedad noble, que en nuestros suelos arcillosos-calc\u00e1reos encuentra una expresi\u00f3n refinada y \u00fanica. De maduraci\u00f3n m\u00e1s temprana que su pariente el Cabernet Sauvignon, permite trabajar con precisi\u00f3n en el vi\u00f1edo y lograr un equilibrio natural entre frescura, fruta y estructura. Su cultivo requiere sensibilidad y precisi\u00f3n, ya que peque\u00f1os cambios en su punto de cosecha pueden modificar por completo el perfil del vino. Cada vendimia es una b\u00fasqueda de armon\u00eda entre el car\u00e1cter varietal y la identidad del terroir. Presenta un color rojo rub\u00ed brillante, con aromas sutiles a frutos rojos, pimiento dulce, hierbas frescas y ligeros toques florales. En boca es elegante, con taninos suaves y envolventes, y un final jugoso que invita a otra copa. Forma parte de nuestra l\u00ednea Don Pr\u00f3spero, un tributo a Don Pr\u00f3spero Pizzorno, inmigrante piamont\u00e9s que fund\u00f3 la bodega en 1910. Su esp\u00edritu pionero y su respeto por la tierra siguen guiando a nuestra familia cuatro generaciones despu\u00e9s.","og_url":"https:\/\/pizzornowines.com\/en\/product\/don-prospero-tannat-cabernet-franc-2018\/","og_site_name":"Pizzorno Family Estates","article_publisher":"https:\/\/www.facebook.com\/pizzorno.family.estates","article_modified_time":"2025-05-18T16:53:50+00:00","twitter_card":"summary_large_image","schema":{"@context":"https:\/\/schema.org","@graph":[{"@type":"WebPage","@id":"https:\/\/pizzornowines.com\/product\/don-prospero-tannat-cabernet-franc-2018\/","url":"https:\/\/pizzornowines.com\/product\/don-prospero-tannat-cabernet-franc-2018\/","name":"Don Pr\u00f3spero Cabernet Franc - Pizzorno Family Estates","isPartOf":{"@id":"https:\/\/pizzornowines.com\/#website"},"primaryImageOfPage":{"@id":"https:\/\/pizzornowines.com\/product\/don-prospero-tannat-cabernet-franc-2018\/#primaryimage"},"image":{"@id":"https:\/\/pizzornowines.com\/product\/don-prospero-tannat-cabernet-franc-2018\/#primaryimage"},"thumbnailUrl":"https:\/\/pizzornowines.com\/wp-content\/uploads\/don_prospero_cabernet_franc_final-1.png","datePublished":"2023-02-07T14:09:50+00:00","dateModified":"2025-05-18T16:53:50+00:00","breadcrumb":{"@id":"https:\/\/pizzornowines.com\/product\/don-prospero-tannat-cabernet-franc-2018\/#breadcrumb"},"inLanguage":"en-US","potentialAction":[{"@type":"ReadAction","target":["https:\/\/pizzornowines.com\/product\/don-prospero-tannat-cabernet-franc-2018\/"]}]},{"@type":"ImageObject","inLanguage":"en-US","@id":"https:\/\/pizzornowines.com\/product\/don-prospero-tannat-cabernet-franc-2018\/#primaryimage","url":"https:\/\/pizzornowines.com\/wp-content\/uploads\/don_prospero_cabernet_franc_final-1.png","contentUrl":"https:\/\/pizzornowines.com\/wp-content\/uploads\/don_prospero_cabernet_franc_final-1.png","width":310,"height":774,"caption":"don prospero cabernet franc final (1)"},{"@type":"BreadcrumbList","@id":"https:\/\/pizzornowines.com\/product\/don-prospero-tannat-cabernet-franc-2018\/#breadcrumb","itemListElement":[{"@type":"ListItem","position":1,"name":"Home","item":"https:\/\/pizzornowines.com\/"},{"@type":"ListItem","position":2,"name":"Shop","item":"https:\/\/pizzornowines.com\/?page_id=96"},{"@type":"ListItem","position":3,"name":"Don Pr\u00f3spero Cabernet Franc"}]},{"@type":"WebSite","@id":"https:\/\/pizzornowines.com\/#website","url":"https:\/\/pizzornowines.com\/","name":"Pizzorno Family Estates","description":"Pasi\u00f3n por la tierra y el vino","publisher":{"@id":"https:\/\/pizzornowines.com\/#organization"},"potentialAction":[{"@type":"SearchAction","target":{"@type":"EntryPoint","urlTemplate":"https:\/\/pizzornowines.com\/?s={search_term_string}"},"query-input":{"@type":"PropertyValueSpecification","valueRequired":true,"valueName":"search_term_string"}}],"inLanguage":"en-US"},{"@type":"Organization","@id":"https:\/\/pizzornowines.com\/#organization","name":"Pizzorno Family Estates","url":"https:\/\/pizzornowines.com\/","logo":{"@type":"ImageObject","inLanguage":"en-US","@id":"https:\/\/pizzornowines.com\/#\/schema\/logo\/image\/","url":"https:\/\/pizzornowines.com\/wp-content\/uploads\/Pizzorno-Family-Estate-logo.svg","contentUrl":"https:\/\/pizzornowines.com\/wp-content\/uploads\/Pizzorno-Family-Estate-logo.svg","width":422,"height":283,"caption":"Pizzorno Family Estates"},"image":{"@id":"https:\/\/pizzornowines.com\/#\/schema\/logo\/image\/"},"sameAs":["https:\/\/www.facebook.com\/pizzorno.family.estates"]}]}},"_links":{"self":[{"href":"https:\/\/pizzornowines.com\/en\/wp-json\/wp\/v2\/product\/309","targetHints":{"allow":["GET"]}}],"collection":[{"href":"https:\/\/pizzornowines.com\/en\/wp-json\/wp\/v2\/product"}],"about":[{"href":"https:\/\/pizzornowines.com\/en\/wp-json\/wp\/v2\/types\/product"}],"replies":[{"embeddable":true,"href":"https:\/\/pizzornowines.com\/en\/wp-json\/wp\/v2\/comments?post=309"}],"version-history":[{"count":7,"href":"https:\/\/pizzornowines.com\/en\/wp-json\/wp\/v2\/product\/309\/revisions"}],"predecessor-version":[{"id":2147,"href":"https:\/\/pizzornowines.com\/en\/wp-json\/wp\/v2\/product\/309\/revisions\/2147"}],"wp:featuredmedia":[{"embeddable":true,"href":"https:\/\/pizzornowines.com\/en\/wp-json\/wp\/v2\/media\/2146"}],"wp:attachment":[{"href":"https:\/\/pizzornowines.com\/en\/wp-json\/wp\/v2\/media?parent=309"}],"wp:term":[{"taxonomy":"tipo-visita","embeddable":true,"href":"https:\/\/pizzornowines.com\/en\/wp-json\/wp\/v2\/tipo-visita?post=309"},{"taxonomy":"product_brand","embeddable":true,"href":"https:\/\/pizzornowines.com\/en\/wp-json\/wp\/v2\/product_brand?post=309"},{"taxonomy":"product_cat","embeddable":true,"href":"https:\/\/pizzornowines.com\/en\/wp-json\/wp\/v2\/product_cat?post=309"},{"taxonomy":"product_tag","embeddable":true,"href":"https:\/\/pizzornowines.com\/en\/wp-json\/wp\/v2\/product_tag?post=309"}],"curies":[{"name":"wp","href":"https:\/\/api.w.org\/{rel}","templated":true}]}}