{"id":307,"date":"2023-02-07T12:10:25","date_gmt":"2023-02-07T15:10:25","guid":{"rendered":"https:\/\/pizzorno.r1group.com.ar\/producto\/vueltalmundo-sauvignon-blanc\/"},"modified":"2023-02-07T12:10:25","modified_gmt":"2023-02-07T15:10:25","slug":"vueltalmundo-sauvignon-blanc","status":"publish","type":"product","link":"https:\/\/pizzornowines.com\/en\/product\/vueltalmundo-sauvignon-blanc\/","title":{"rendered":"Vueltalmundo Sauvignon Blanc"},"content":{"rendered":"<p>\u201cDos Fincas \u2013 Dos Generaciones\u201d VueltAlmundo es un proyecto llevado a cabo por dos generaciones a cargo de la bodega. Juntos procuran expresar en una botella de vino lo que viven como familia de vitivin\u00edcolas donde la tradici\u00f3n y experiencia de la tercera generaci\u00f3n se combinan con la energ\u00eda, sue\u00f1os y ambiciones de los mas j\u00f3venes de la familia. Los vinos justamente surgen de la combinaci\u00f3n de uvas de los vi\u00f1edos mas antiguos, cultivados en torno a la bodega, y los m\u00e1s nuevos ubicados sobre una colina a 2 km de los anteriores.<\/p>\n<p>Elaborado a partir de tres parcelas diferentes con distintos grados de madurez de nuestro vi\u00f1edo en Canel\u00f3n Chico. Contamos con el asesoramiento del en\u00f3logo neozeland\u00e9s Duncan Killiner. Vinificaci\u00f3n de cada una de las parcelas por separado buscando diferentes caracter\u00edsticas en cada uno de ellos, y as\u00ed mantener la consistencia e identidad de nuestro vino blanco m\u00e1s representativo.<\/p>\n<p>\u00a0<\/p>","protected":false},"excerpt":{"rendered":"<p>\u201cDos Fincas \u2013 Dos Generaciones\u201d VueltAlmundo es un proyecto llevado a cabo por dos generaciones a cargo de la bodega. Juntos procuran expresar en una botella de vino lo que viven como familia de vitivin\u00edcolas donde la tradici\u00f3n y experiencia de la tercera generaci\u00f3n se combinan con la energ\u00eda, sue\u00f1os y ambiciones de los mas j\u00f3venes de la familia. Los vinos justamente surgen de la combinaci\u00f3n de uvas de los vi\u00f1edos mas antiguos, cultivados en torno a la bodega, y los m\u00e1s nuevos ubicados sobre una colina a 2 km de los anteriores.<\/p>","protected":false},"featured_media":308,"comment_status":"closed","ping_status":"closed","template":"","meta":{"_acf_changed":false,"_joinchat":[]},"tipo-visita":[],"product_brand":[],"product_cat":[32],"product_tag":[],"class_list":{"0":"post-307","1":"product","2":"type-product","3":"status-publish","4":"has-post-thumbnail","6":"product_cat-vueltalmundo","8":"first","9":"instock","10":"shipping-taxable","11":"product-type-simple"},"exclude_global_add_ons":[],"addons":[],"acf":[],"yoast_head":"<!-- This site is optimized with the Yoast SEO plugin v27.4 - https:\/\/yoast.com\/product\/yoast-seo-wordpress\/ -->\n<title>Vueltalmundo Sauvignon Blanc - Pizzorno Family Estates<\/title>\n<meta name=\"robots\" content=\"noindex, follow, max-snippet:-1, max-image-preview:large, max-video-preview:-1\" \/>\n<meta property=\"og:locale\" content=\"en_US\" \/>\n<meta property=\"og:type\" content=\"article\" \/>\n<meta property=\"og:title\" content=\"Vueltalmundo Sauvignon Blanc - Pizzorno Family Estates\" \/>\n<meta property=\"og:description\" content=\"\u201cDos Fincas \u2013 Dos Generaciones\u201d VueltAlmundo es un proyecto llevado a cabo por dos generaciones a cargo de la bodega. Juntos procuran expresar en una botella de vino lo que viven como familia de vitivin\u00edcolas donde la tradici\u00f3n y experiencia de la tercera generaci\u00f3n se combinan con la energ\u00eda, sue\u00f1os y ambiciones de los mas j\u00f3venes de la familia. Los vinos justamente surgen de la combinaci\u00f3n de uvas de los vi\u00f1edos mas antiguos, cultivados en torno a la bodega, y los m\u00e1s nuevos ubicados sobre una colina a 2 km de los anteriores.\" \/>\n<meta property=\"og:url\" content=\"https:\/\/pizzornowines.com\/en\/product\/vueltalmundo-sauvignon-blanc\/\" \/>\n<meta property=\"og:site_name\" content=\"Pizzorno Family Estates\" \/>\n<meta property=\"article:publisher\" content=\"https:\/\/www.facebook.com\/pizzorno.family.estates\" \/>\n<meta property=\"og:image\" content=\"https:\/\/pizzornowines.com\/wp-content\/uploads\/2023\/04\/VueltAlmundo-Sauvignon-Blanc.png\" \/>\n\t<meta property=\"og:image:width\" content=\"206\" \/>\n\t<meta property=\"og:image:height\" content=\"780\" \/>\n\t<meta property=\"og:image:type\" content=\"image\/png\" \/>\n<meta name=\"twitter:card\" content=\"summary_large_image\" \/>\n<meta name=\"twitter:label1\" content=\"Est. reading time\" \/>\n\t<meta name=\"twitter:data1\" content=\"1 minute\" \/>\n<script type=\"application\/ld+json\" class=\"yoast-schema-graph\">{\"@context\":\"https:\\\/\\\/schema.org\",\"@graph\":[{\"@type\":\"WebPage\",\"@id\":\"https:\\\/\\\/pizzornowines.com\\\/product\\\/vueltalmundo-sauvignon-blanc\\\/\",\"url\":\"https:\\\/\\\/pizzornowines.com\\\/product\\\/vueltalmundo-sauvignon-blanc\\\/\",\"name\":\"Vueltalmundo Sauvignon Blanc - Pizzorno Family Estates\",\"isPartOf\":{\"@id\":\"https:\\\/\\\/pizzornowines.com\\\/#website\"},\"primaryImageOfPage\":{\"@id\":\"https:\\\/\\\/pizzornowines.com\\\/product\\\/vueltalmundo-sauvignon-blanc\\\/#primaryimage\"},\"image\":{\"@id\":\"https:\\\/\\\/pizzornowines.com\\\/product\\\/vueltalmundo-sauvignon-blanc\\\/#primaryimage\"},\"thumbnailUrl\":\"https:\\\/\\\/pizzornowines.com\\\/wp-content\\\/uploads\\\/2023\\\/04\\\/VueltAlmundo-Sauvignon-Blanc.png\",\"datePublished\":\"2023-02-07T15:10:25+00:00\",\"breadcrumb\":{\"@id\":\"https:\\\/\\\/pizzornowines.com\\\/product\\\/vueltalmundo-sauvignon-blanc\\\/#breadcrumb\"},\"inLanguage\":\"en-US\",\"potentialAction\":[{\"@type\":\"ReadAction\",\"target\":[\"https:\\\/\\\/pizzornowines.com\\\/product\\\/vueltalmundo-sauvignon-blanc\\\/\"]}]},{\"@type\":\"ImageObject\",\"inLanguage\":\"en-US\",\"@id\":\"https:\\\/\\\/pizzornowines.com\\\/product\\\/vueltalmundo-sauvignon-blanc\\\/#primaryimage\",\"url\":\"https:\\\/\\\/pizzornowines.com\\\/wp-content\\\/uploads\\\/2023\\\/04\\\/VueltAlmundo-Sauvignon-Blanc.png\",\"contentUrl\":\"https:\\\/\\\/pizzornowines.com\\\/wp-content\\\/uploads\\\/2023\\\/04\\\/VueltAlmundo-Sauvignon-Blanc.png\",\"width\":206,\"height\":780},{\"@type\":\"BreadcrumbList\",\"@id\":\"https:\\\/\\\/pizzornowines.com\\\/product\\\/vueltalmundo-sauvignon-blanc\\\/#breadcrumb\",\"itemListElement\":[{\"@type\":\"ListItem\",\"position\":1,\"name\":\"Home\",\"item\":\"https:\\\/\\\/pizzornowines.com\\\/\"},{\"@type\":\"ListItem\",\"position\":2,\"name\":\"Shop\",\"item\":\"https:\\\/\\\/pizzornowines.com\\\/?page_id=96\"},{\"@type\":\"ListItem\",\"position\":3,\"name\":\"Vueltalmundo Sauvignon Blanc\"}]},{\"@type\":\"WebSite\",\"@id\":\"https:\\\/\\\/pizzornowines.com\\\/#website\",\"url\":\"https:\\\/\\\/pizzornowines.com\\\/\",\"name\":\"Pizzorno Family Estates\",\"description\":\"Pasi\u00f3n por la tierra y el vino\",\"publisher\":{\"@id\":\"https:\\\/\\\/pizzornowines.com\\\/#organization\"},\"potentialAction\":[{\"@type\":\"SearchAction\",\"target\":{\"@type\":\"EntryPoint\",\"urlTemplate\":\"https:\\\/\\\/pizzornowines.com\\\/?s={search_term_string}\"},\"query-input\":{\"@type\":\"PropertyValueSpecification\",\"valueRequired\":true,\"valueName\":\"search_term_string\"}}],\"inLanguage\":\"en-US\"},{\"@type\":\"Organization\",\"@id\":\"https:\\\/\\\/pizzornowines.com\\\/#organization\",\"name\":\"Pizzorno Family Estates\",\"url\":\"https:\\\/\\\/pizzornowines.com\\\/\",\"logo\":{\"@type\":\"ImageObject\",\"inLanguage\":\"en-US\",\"@id\":\"https:\\\/\\\/pizzornowines.com\\\/#\\\/schema\\\/logo\\\/image\\\/\",\"url\":\"https:\\\/\\\/pizzornowines.com\\\/wp-content\\\/uploads\\\/Pizzorno-Family-Estate-logo.svg\",\"contentUrl\":\"https:\\\/\\\/pizzornowines.com\\\/wp-content\\\/uploads\\\/Pizzorno-Family-Estate-logo.svg\",\"width\":422,\"height\":283,\"caption\":\"Pizzorno Family Estates\"},\"image\":{\"@id\":\"https:\\\/\\\/pizzornowines.com\\\/#\\\/schema\\\/logo\\\/image\\\/\"},\"sameAs\":[\"https:\\\/\\\/www.facebook.com\\\/pizzorno.family.estates\"]}]}<\/script>\n<!-- \/ Yoast SEO plugin. -->","yoast_head_json":{"title":"Vueltalmundo Sauvignon Blanc - Pizzorno Family Estates","robots":{"index":"noindex","follow":"follow","max-snippet":"max-snippet:-1","max-image-preview":"max-image-preview:large","max-video-preview":"max-video-preview:-1"},"og_locale":"en_US","og_type":"article","og_title":"Vueltalmundo Sauvignon Blanc - Pizzorno Family Estates","og_description":"\u201cDos Fincas \u2013 Dos Generaciones\u201d VueltAlmundo es un proyecto llevado a cabo por dos generaciones a cargo de la bodega. Juntos procuran expresar en una botella de vino lo que viven como familia de vitivin\u00edcolas donde la tradici\u00f3n y experiencia de la tercera generaci\u00f3n se combinan con la energ\u00eda, sue\u00f1os y ambiciones de los mas j\u00f3venes de la familia. Los vinos justamente surgen de la combinaci\u00f3n de uvas de los vi\u00f1edos mas antiguos, cultivados en torno a la bodega, y los m\u00e1s nuevos ubicados sobre una colina a 2 km de los anteriores.","og_url":"https:\/\/pizzornowines.com\/en\/product\/vueltalmundo-sauvignon-blanc\/","og_site_name":"Pizzorno Family Estates","article_publisher":"https:\/\/www.facebook.com\/pizzorno.family.estates","og_image":[{"width":206,"height":780,"url":"https:\/\/pizzornowines.com\/wp-content\/uploads\/2023\/04\/VueltAlmundo-Sauvignon-Blanc.png","type":"image\/png"}],"twitter_card":"summary_large_image","twitter_misc":{"Est. reading time":"1 minute"},"schema":{"@context":"https:\/\/schema.org","@graph":[{"@type":"WebPage","@id":"https:\/\/pizzornowines.com\/product\/vueltalmundo-sauvignon-blanc\/","url":"https:\/\/pizzornowines.com\/product\/vueltalmundo-sauvignon-blanc\/","name":"Vueltalmundo Sauvignon Blanc - Pizzorno Family Estates","isPartOf":{"@id":"https:\/\/pizzornowines.com\/#website"},"primaryImageOfPage":{"@id":"https:\/\/pizzornowines.com\/product\/vueltalmundo-sauvignon-blanc\/#primaryimage"},"image":{"@id":"https:\/\/pizzornowines.com\/product\/vueltalmundo-sauvignon-blanc\/#primaryimage"},"thumbnailUrl":"https:\/\/pizzornowines.com\/wp-content\/uploads\/2023\/04\/VueltAlmundo-Sauvignon-Blanc.png","datePublished":"2023-02-07T15:10:25+00:00","breadcrumb":{"@id":"https:\/\/pizzornowines.com\/product\/vueltalmundo-sauvignon-blanc\/#breadcrumb"},"inLanguage":"en-US","potentialAction":[{"@type":"ReadAction","target":["https:\/\/pizzornowines.com\/product\/vueltalmundo-sauvignon-blanc\/"]}]},{"@type":"ImageObject","inLanguage":"en-US","@id":"https:\/\/pizzornowines.com\/product\/vueltalmundo-sauvignon-blanc\/#primaryimage","url":"https:\/\/pizzornowines.com\/wp-content\/uploads\/2023\/04\/VueltAlmundo-Sauvignon-Blanc.png","contentUrl":"https:\/\/pizzornowines.com\/wp-content\/uploads\/2023\/04\/VueltAlmundo-Sauvignon-Blanc.png","width":206,"height":780},{"@type":"BreadcrumbList","@id":"https:\/\/pizzornowines.com\/product\/vueltalmundo-sauvignon-blanc\/#breadcrumb","itemListElement":[{"@type":"ListItem","position":1,"name":"Home","item":"https:\/\/pizzornowines.com\/"},{"@type":"ListItem","position":2,"name":"Shop","item":"https:\/\/pizzornowines.com\/?page_id=96"},{"@type":"ListItem","position":3,"name":"Vueltalmundo Sauvignon Blanc"}]},{"@type":"WebSite","@id":"https:\/\/pizzornowines.com\/#website","url":"https:\/\/pizzornowines.com\/","name":"Pizzorno Family Estates","description":"Pasi\u00f3n por la tierra y el vino","publisher":{"@id":"https:\/\/pizzornowines.com\/#organization"},"potentialAction":[{"@type":"SearchAction","target":{"@type":"EntryPoint","urlTemplate":"https:\/\/pizzornowines.com\/?s={search_term_string}"},"query-input":{"@type":"PropertyValueSpecification","valueRequired":true,"valueName":"search_term_string"}}],"inLanguage":"en-US"},{"@type":"Organization","@id":"https:\/\/pizzornowines.com\/#organization","name":"Pizzorno Family Estates","url":"https:\/\/pizzornowines.com\/","logo":{"@type":"ImageObject","inLanguage":"en-US","@id":"https:\/\/pizzornowines.com\/#\/schema\/logo\/image\/","url":"https:\/\/pizzornowines.com\/wp-content\/uploads\/Pizzorno-Family-Estate-logo.svg","contentUrl":"https:\/\/pizzornowines.com\/wp-content\/uploads\/Pizzorno-Family-Estate-logo.svg","width":422,"height":283,"caption":"Pizzorno Family Estates"},"image":{"@id":"https:\/\/pizzornowines.com\/#\/schema\/logo\/image\/"},"sameAs":["https:\/\/www.facebook.com\/pizzorno.family.estates"]}]}},"_links":{"self":[{"href":"https:\/\/pizzornowines.com\/en\/wp-json\/wp\/v2\/product\/307","targetHints":{"allow":["GET"]}}],"collection":[{"href":"https:\/\/pizzornowines.com\/en\/wp-json\/wp\/v2\/product"}],"about":[{"href":"https:\/\/pizzornowines.com\/en\/wp-json\/wp\/v2\/types\/product"}],"replies":[{"embeddable":true,"href":"https:\/\/pizzornowines.com\/en\/wp-json\/wp\/v2\/comments?post=307"}],"version-history":[{"count":0,"href":"https:\/\/pizzornowines.com\/en\/wp-json\/wp\/v2\/product\/307\/revisions"}],"wp:featuredmedia":[{"embeddable":true,"href":"https:\/\/pizzornowines.com\/en\/wp-json\/wp\/v2\/media\/308"}],"wp:attachment":[{"href":"https:\/\/pizzornowines.com\/en\/wp-json\/wp\/v2\/media?parent=307"}],"wp:term":[{"taxonomy":"tipo-visita","embeddable":true,"href":"https:\/\/pizzornowines.com\/en\/wp-json\/wp\/v2\/tipo-visita?post=307"},{"taxonomy":"product_brand","embeddable":true,"href":"https:\/\/pizzornowines.com\/en\/wp-json\/wp\/v2\/product_brand?post=307"},{"taxonomy":"product_cat","embeddable":true,"href":"https:\/\/pizzornowines.com\/en\/wp-json\/wp\/v2\/product_cat?post=307"},{"taxonomy":"product_tag","embeddable":true,"href":"https:\/\/pizzornowines.com\/en\/wp-json\/wp\/v2\/product_tag?post=307"}],"curies":[{"name":"wp","href":"https:\/\/api.w.org\/{rel}","templated":true}]}}