{"id":299,"date":"2023-02-07T12:21:36","date_gmt":"2023-02-07T15:21:36","guid":{"rendered":"https:\/\/pizzorno.r1group.com.ar\/producto\/mayusculas-tannat-maceracion-carbonica\/"},"modified":"2025-05-21T15:32:20","modified_gmt":"2025-05-21T18:32:20","slug":"mayusculas-tannat-maceracion-carbonica","status":"publish","type":"product","link":"https:\/\/pizzornowines.com\/en\/product\/mayusculas-tannat-maceracion-carbonica\/","title":{"rendered":"May\u00fasculas Tannat Maceraci\u00f3n Carb\u00f3nica"},"content":{"rendered":"<p>&#x1f947; 92 DESCRCHADOS<br \/>\n&#x1f947; 90 TIM ATKIN<br \/>\n&#x1f947; 89 WINE ENTHUSIAST<\/p>\n<p>La maceraci\u00f3n carb\u00f3nica es una antigua t\u00e9cnica de vinificaci\u00f3n sin el estrujado de las uvas que tiene su origen en los griegos y romanos, que nuestra bodega ha adaptado a la variedad Tannat, siendo la \u00fanica que lo elabora en forma comercial.<br \/>\nNuestro Tannat Maceraci\u00f3n Carb\u00f3nica es elaborado con especiales cuidados que comienzan en el vi\u00f1edo con racimos seleccionados y transportados a la bodega en cajas de 10 kg preservando en todo momento la integridad de los granos de uvas, elemento fundamental en la elaboraci\u00f3n de este vino.<br \/>\nLas uvas son fermentadas en racimos enteros bajo una atm\u00f3sfera de gas carb\u00f3nico, con la obtenci\u00f3n de una fermentaci\u00f3n natural intracelular, o sea dentro del grano de uva.<br \/>\nEn los sucesivos d\u00edas contin\u00faa su maceraci\u00f3n y cuando logramos el punto justo por degustaci\u00f3n es prensado suavemente. El mosto obtenido de esta prensada termina de fermentar en cubas a temperatura controlada de forma tradicional.<br \/>\nDicha t\u00e9cnica nos brinda la posibilidad de degustar un vino del a\u00f1o a los 15 d\u00edas de terminada la fermentaci\u00f3n malol\u00e1ctica, mejorando notablemente sus caracteres organol\u00e9pticos, brindando mayor suavidad en boca gracias a la disminuci\u00f3n de la acidez y, adem\u00e1s, aumentando la extracci\u00f3n de aromas.<\/p>","protected":false},"excerpt":{"rendered":"<p>May\u00fasculas Tannat Maceraci\u00f3n Carb\u00f3nica no es un vino m\u00e1s: es una declaraci\u00f3n de principios. Representa el lado m\u00e1s joven, vibrante y rebelde del Tannat uruguayo, una cepa muchas veces asociada a vinos potentes y estructurados, que en este caso muestra su faceta m\u00e1s l\u00fadica, frutal y accesible.<\/p>\n<p>Elaborado por primera vez en 1998, fue el primer Tannat en Uruguay vinificado bajo la t\u00e9cnica de maceraci\u00f3n carb\u00f3nica, un m\u00e9todo tradicional franc\u00e9s originario de Beaujolais que permite obtener vinos explosivos en aromas, suaves en boca y llenos de vida.<\/p>\n<p>Despu\u00e9s de dos d\u00e9cadas de \u00e9xito, este \u00edcono de Pizzorno se renov\u00f3 con fuerza en 2018, cambiando de imagen y de nombre: nace la l\u00ednea May\u00fasculas, una colecci\u00f3n de vinos modernos, disruptivos y pensados para el disfrute inmediato, sin complicaciones ni reglas.<\/p>\n<p>Desde la etiqueta minimalista hasta la botella tipo Beaujolais con tapa a rosca, todo en May\u00fasculas Maceraci\u00f3n Carb\u00f3nica invita a abrir, compartir y disfrutar. Es el vino perfecto para quienes buscan autenticidad, frescura y una experiencia diferente dentro del universo Tannat. | \ud83e\udd47 92 DESCORCHADOS<br \/>\n\ud83e\udd47 90  TIM ATKIN<br \/>\n\ud83e\udd47 89 WINE ENTHUSIAST <\/p>","protected":false},"featured_media":300,"comment_status":"closed","ping_status":"closed","template":"","meta":{"_acf_changed":false,"_joinchat":[]},"tipo-visita":[],"product_brand":[],"product_cat":[33],"product_tag":[],"class_list":{"0":"post-299","1":"product","2":"type-product","3":"status-publish","4":"has-post-thumbnail","6":"product_cat-mayusculas","8":"first","9":"instock","10":"shipping-taxable","11":"product-type-simple"},"exclude_global_add_ons":[],"addons":[],"acf":[],"yoast_head":"<!-- This site is optimized with the Yoast SEO plugin v27.4 - https:\/\/yoast.com\/product\/yoast-seo-wordpress\/ -->\n<title>May\u00fasculas Tannat Maceraci\u00f3n Carb\u00f3nica - Pizzorno Family Estates<\/title>\n<meta name=\"robots\" content=\"noindex, follow, max-snippet:-1, max-image-preview:large, max-video-preview:-1\" \/>\n<meta property=\"og:locale\" content=\"en_US\" \/>\n<meta property=\"og:type\" content=\"article\" \/>\n<meta property=\"og:title\" content=\"May\u00fasculas Tannat Maceraci\u00f3n Carb\u00f3nica - Pizzorno Family Estates\" \/>\n<meta property=\"og:description\" content=\"May\u00fasculas Tannat Maceraci\u00f3n Carb\u00f3nica no es un vino m\u00e1s: es una declaraci\u00f3n de principios. Representa el lado m\u00e1s joven, vibrante y rebelde del Tannat uruguayo, una cepa muchas veces asociada a vinos potentes y estructurados, que en este caso muestra su faceta m\u00e1s l\u00fadica, frutal y accesible.  Elaborado por primera vez en 1998, fue el primer Tannat en Uruguay vinificado bajo la t\u00e9cnica de maceraci\u00f3n carb\u00f3nica, un m\u00e9todo tradicional franc\u00e9s originario de Beaujolais que permite obtener vinos explosivos en aromas, suaves en boca y llenos de vida.  Despu\u00e9s de dos d\u00e9cadas de \u00e9xito, este \u00edcono de Pizzorno se renov\u00f3 con fuerza en 2018, cambiando de imagen y de nombre: nace la l\u00ednea May\u00fasculas, una colecci\u00f3n de vinos modernos, disruptivos y pensados para el disfrute inmediato, sin complicaciones ni reglas.  Desde la etiqueta minimalista hasta la botella tipo Beaujolais con tapa a rosca, todo en May\u00fasculas Maceraci\u00f3n Carb\u00f3nica invita a abrir, compartir y disfrutar. Es el vino perfecto para quienes buscan autenticidad, frescura y una experiencia diferente dentro del universo Tannat. | \ud83e\udd47 92 DESCORCHADOS \ud83e\udd47 90 TIM ATKIN \ud83e\udd47 89 WINE ENTHUSIAST\" \/>\n<meta property=\"og:url\" content=\"https:\/\/pizzornowines.com\/en\/product\/mayusculas-tannat-maceracion-carbonica\/\" \/>\n<meta property=\"og:site_name\" content=\"Pizzorno Family Estates\" \/>\n<meta property=\"article:publisher\" content=\"https:\/\/www.facebook.com\/pizzorno.family.estates\" \/>\n<meta property=\"article:modified_time\" content=\"2025-05-21T18:32:20+00:00\" \/>\n<meta property=\"og:image\" content=\"https:\/\/pizzornowines.com\/wp-content\/uploads\/2023\/04\/Mayusculas-Maceracion-Carbonica.jpg\" \/>\n\t<meta property=\"og:image:width\" content=\"230\" \/>\n\t<meta property=\"og:image:height\" content=\"780\" \/>\n\t<meta property=\"og:image:type\" content=\"image\/jpeg\" \/>\n<meta name=\"twitter:card\" content=\"summary_large_image\" \/>\n<meta name=\"twitter:label1\" content=\"Est. reading time\" \/>\n\t<meta name=\"twitter:data1\" content=\"1 minute\" \/>\n<script type=\"application\/ld+json\" class=\"yoast-schema-graph\">{\"@context\":\"https:\\\/\\\/schema.org\",\"@graph\":[{\"@type\":\"WebPage\",\"@id\":\"https:\\\/\\\/pizzornowines.com\\\/product\\\/mayusculas-tannat-maceracion-carbonica\\\/\",\"url\":\"https:\\\/\\\/pizzornowines.com\\\/product\\\/mayusculas-tannat-maceracion-carbonica\\\/\",\"name\":\"May\u00fasculas Tannat Maceraci\u00f3n Carb\u00f3nica - Pizzorno Family Estates\",\"isPartOf\":{\"@id\":\"https:\\\/\\\/pizzornowines.com\\\/#website\"},\"primaryImageOfPage\":{\"@id\":\"https:\\\/\\\/pizzornowines.com\\\/product\\\/mayusculas-tannat-maceracion-carbonica\\\/#primaryimage\"},\"image\":{\"@id\":\"https:\\\/\\\/pizzornowines.com\\\/product\\\/mayusculas-tannat-maceracion-carbonica\\\/#primaryimage\"},\"thumbnailUrl\":\"https:\\\/\\\/pizzornowines.com\\\/wp-content\\\/uploads\\\/2023\\\/04\\\/Mayusculas-Maceracion-Carbonica.jpg\",\"datePublished\":\"2023-02-07T15:21:36+00:00\",\"dateModified\":\"2025-05-21T18:32:20+00:00\",\"breadcrumb\":{\"@id\":\"https:\\\/\\\/pizzornowines.com\\\/product\\\/mayusculas-tannat-maceracion-carbonica\\\/#breadcrumb\"},\"inLanguage\":\"en-US\",\"potentialAction\":[{\"@type\":\"ReadAction\",\"target\":[\"https:\\\/\\\/pizzornowines.com\\\/product\\\/mayusculas-tannat-maceracion-carbonica\\\/\"]}]},{\"@type\":\"ImageObject\",\"inLanguage\":\"en-US\",\"@id\":\"https:\\\/\\\/pizzornowines.com\\\/product\\\/mayusculas-tannat-maceracion-carbonica\\\/#primaryimage\",\"url\":\"https:\\\/\\\/pizzornowines.com\\\/wp-content\\\/uploads\\\/2023\\\/04\\\/Mayusculas-Maceracion-Carbonica.jpg\",\"contentUrl\":\"https:\\\/\\\/pizzornowines.com\\\/wp-content\\\/uploads\\\/2023\\\/04\\\/Mayusculas-Maceracion-Carbonica.jpg\",\"width\":230,\"height\":780},{\"@type\":\"BreadcrumbList\",\"@id\":\"https:\\\/\\\/pizzornowines.com\\\/product\\\/mayusculas-tannat-maceracion-carbonica\\\/#breadcrumb\",\"itemListElement\":[{\"@type\":\"ListItem\",\"position\":1,\"name\":\"Home\",\"item\":\"https:\\\/\\\/pizzornowines.com\\\/\"},{\"@type\":\"ListItem\",\"position\":2,\"name\":\"Shop\",\"item\":\"https:\\\/\\\/pizzornowines.com\\\/?page_id=96\"},{\"@type\":\"ListItem\",\"position\":3,\"name\":\"May\u00fasculas Tannat Maceraci\u00f3n Carb\u00f3nica\"}]},{\"@type\":\"WebSite\",\"@id\":\"https:\\\/\\\/pizzornowines.com\\\/#website\",\"url\":\"https:\\\/\\\/pizzornowines.com\\\/\",\"name\":\"Pizzorno Family Estates\",\"description\":\"Pasi\u00f3n por la tierra y el vino\",\"publisher\":{\"@id\":\"https:\\\/\\\/pizzornowines.com\\\/#organization\"},\"potentialAction\":[{\"@type\":\"SearchAction\",\"target\":{\"@type\":\"EntryPoint\",\"urlTemplate\":\"https:\\\/\\\/pizzornowines.com\\\/?s={search_term_string}\"},\"query-input\":{\"@type\":\"PropertyValueSpecification\",\"valueRequired\":true,\"valueName\":\"search_term_string\"}}],\"inLanguage\":\"en-US\"},{\"@type\":\"Organization\",\"@id\":\"https:\\\/\\\/pizzornowines.com\\\/#organization\",\"name\":\"Pizzorno Family Estates\",\"url\":\"https:\\\/\\\/pizzornowines.com\\\/\",\"logo\":{\"@type\":\"ImageObject\",\"inLanguage\":\"en-US\",\"@id\":\"https:\\\/\\\/pizzornowines.com\\\/#\\\/schema\\\/logo\\\/image\\\/\",\"url\":\"https:\\\/\\\/pizzornowines.com\\\/wp-content\\\/uploads\\\/Pizzorno-Family-Estate-logo.svg\",\"contentUrl\":\"https:\\\/\\\/pizzornowines.com\\\/wp-content\\\/uploads\\\/Pizzorno-Family-Estate-logo.svg\",\"width\":422,\"height\":283,\"caption\":\"Pizzorno Family Estates\"},\"image\":{\"@id\":\"https:\\\/\\\/pizzornowines.com\\\/#\\\/schema\\\/logo\\\/image\\\/\"},\"sameAs\":[\"https:\\\/\\\/www.facebook.com\\\/pizzorno.family.estates\"]}]}<\/script>\n<!-- \/ Yoast SEO plugin. -->","yoast_head_json":{"title":"May\u00fasculas Tannat Maceraci\u00f3n Carb\u00f3nica - Pizzorno Family Estates","robots":{"index":"noindex","follow":"follow","max-snippet":"max-snippet:-1","max-image-preview":"max-image-preview:large","max-video-preview":"max-video-preview:-1"},"og_locale":"en_US","og_type":"article","og_title":"May\u00fasculas Tannat Maceraci\u00f3n Carb\u00f3nica - Pizzorno Family Estates","og_description":"May\u00fasculas Tannat Maceraci\u00f3n Carb\u00f3nica no es un vino m\u00e1s: es una declaraci\u00f3n de principios. Representa el lado m\u00e1s joven, vibrante y rebelde del Tannat uruguayo, una cepa muchas veces asociada a vinos potentes y estructurados, que en este caso muestra su faceta m\u00e1s l\u00fadica, frutal y accesible.  Elaborado por primera vez en 1998, fue el primer Tannat en Uruguay vinificado bajo la t\u00e9cnica de maceraci\u00f3n carb\u00f3nica, un m\u00e9todo tradicional franc\u00e9s originario de Beaujolais que permite obtener vinos explosivos en aromas, suaves en boca y llenos de vida.  Despu\u00e9s de dos d\u00e9cadas de \u00e9xito, este \u00edcono de Pizzorno se renov\u00f3 con fuerza en 2018, cambiando de imagen y de nombre: nace la l\u00ednea May\u00fasculas, una colecci\u00f3n de vinos modernos, disruptivos y pensados para el disfrute inmediato, sin complicaciones ni reglas.  Desde la etiqueta minimalista hasta la botella tipo Beaujolais con tapa a rosca, todo en May\u00fasculas Maceraci\u00f3n Carb\u00f3nica invita a abrir, compartir y disfrutar. Es el vino perfecto para quienes buscan autenticidad, frescura y una experiencia diferente dentro del universo Tannat. | \ud83e\udd47 92 DESCORCHADOS \ud83e\udd47 90 TIM ATKIN \ud83e\udd47 89 WINE ENTHUSIAST","og_url":"https:\/\/pizzornowines.com\/en\/product\/mayusculas-tannat-maceracion-carbonica\/","og_site_name":"Pizzorno Family Estates","article_publisher":"https:\/\/www.facebook.com\/pizzorno.family.estates","article_modified_time":"2025-05-21T18:32:20+00:00","og_image":[{"width":230,"height":780,"url":"https:\/\/pizzornowines.com\/wp-content\/uploads\/2023\/04\/Mayusculas-Maceracion-Carbonica.jpg","type":"image\/jpeg"}],"twitter_card":"summary_large_image","twitter_misc":{"Est. reading time":"1 minute"},"schema":{"@context":"https:\/\/schema.org","@graph":[{"@type":"WebPage","@id":"https:\/\/pizzornowines.com\/product\/mayusculas-tannat-maceracion-carbonica\/","url":"https:\/\/pizzornowines.com\/product\/mayusculas-tannat-maceracion-carbonica\/","name":"May\u00fasculas Tannat Maceraci\u00f3n Carb\u00f3nica - Pizzorno Family Estates","isPartOf":{"@id":"https:\/\/pizzornowines.com\/#website"},"primaryImageOfPage":{"@id":"https:\/\/pizzornowines.com\/product\/mayusculas-tannat-maceracion-carbonica\/#primaryimage"},"image":{"@id":"https:\/\/pizzornowines.com\/product\/mayusculas-tannat-maceracion-carbonica\/#primaryimage"},"thumbnailUrl":"https:\/\/pizzornowines.com\/wp-content\/uploads\/2023\/04\/Mayusculas-Maceracion-Carbonica.jpg","datePublished":"2023-02-07T15:21:36+00:00","dateModified":"2025-05-21T18:32:20+00:00","breadcrumb":{"@id":"https:\/\/pizzornowines.com\/product\/mayusculas-tannat-maceracion-carbonica\/#breadcrumb"},"inLanguage":"en-US","potentialAction":[{"@type":"ReadAction","target":["https:\/\/pizzornowines.com\/product\/mayusculas-tannat-maceracion-carbonica\/"]}]},{"@type":"ImageObject","inLanguage":"en-US","@id":"https:\/\/pizzornowines.com\/product\/mayusculas-tannat-maceracion-carbonica\/#primaryimage","url":"https:\/\/pizzornowines.com\/wp-content\/uploads\/2023\/04\/Mayusculas-Maceracion-Carbonica.jpg","contentUrl":"https:\/\/pizzornowines.com\/wp-content\/uploads\/2023\/04\/Mayusculas-Maceracion-Carbonica.jpg","width":230,"height":780},{"@type":"BreadcrumbList","@id":"https:\/\/pizzornowines.com\/product\/mayusculas-tannat-maceracion-carbonica\/#breadcrumb","itemListElement":[{"@type":"ListItem","position":1,"name":"Home","item":"https:\/\/pizzornowines.com\/"},{"@type":"ListItem","position":2,"name":"Shop","item":"https:\/\/pizzornowines.com\/?page_id=96"},{"@type":"ListItem","position":3,"name":"May\u00fasculas Tannat Maceraci\u00f3n Carb\u00f3nica"}]},{"@type":"WebSite","@id":"https:\/\/pizzornowines.com\/#website","url":"https:\/\/pizzornowines.com\/","name":"Pizzorno Family Estates","description":"Pasi\u00f3n por la tierra y el vino","publisher":{"@id":"https:\/\/pizzornowines.com\/#organization"},"potentialAction":[{"@type":"SearchAction","target":{"@type":"EntryPoint","urlTemplate":"https:\/\/pizzornowines.com\/?s={search_term_string}"},"query-input":{"@type":"PropertyValueSpecification","valueRequired":true,"valueName":"search_term_string"}}],"inLanguage":"en-US"},{"@type":"Organization","@id":"https:\/\/pizzornowines.com\/#organization","name":"Pizzorno Family Estates","url":"https:\/\/pizzornowines.com\/","logo":{"@type":"ImageObject","inLanguage":"en-US","@id":"https:\/\/pizzornowines.com\/#\/schema\/logo\/image\/","url":"https:\/\/pizzornowines.com\/wp-content\/uploads\/Pizzorno-Family-Estate-logo.svg","contentUrl":"https:\/\/pizzornowines.com\/wp-content\/uploads\/Pizzorno-Family-Estate-logo.svg","width":422,"height":283,"caption":"Pizzorno Family Estates"},"image":{"@id":"https:\/\/pizzornowines.com\/#\/schema\/logo\/image\/"},"sameAs":["https:\/\/www.facebook.com\/pizzorno.family.estates"]}]}},"_links":{"self":[{"href":"https:\/\/pizzornowines.com\/en\/wp-json\/wp\/v2\/product\/299","targetHints":{"allow":["GET"]}}],"collection":[{"href":"https:\/\/pizzornowines.com\/en\/wp-json\/wp\/v2\/product"}],"about":[{"href":"https:\/\/pizzornowines.com\/en\/wp-json\/wp\/v2\/types\/product"}],"replies":[{"embeddable":true,"href":"https:\/\/pizzornowines.com\/en\/wp-json\/wp\/v2\/comments?post=299"}],"version-history":[{"count":5,"href":"https:\/\/pizzornowines.com\/en\/wp-json\/wp\/v2\/product\/299\/revisions"}],"predecessor-version":[{"id":2167,"href":"https:\/\/pizzornowines.com\/en\/wp-json\/wp\/v2\/product\/299\/revisions\/2167"}],"wp:featuredmedia":[{"embeddable":true,"href":"https:\/\/pizzornowines.com\/en\/wp-json\/wp\/v2\/media\/300"}],"wp:attachment":[{"href":"https:\/\/pizzornowines.com\/en\/wp-json\/wp\/v2\/media?parent=299"}],"wp:term":[{"taxonomy":"tipo-visita","embeddable":true,"href":"https:\/\/pizzornowines.com\/en\/wp-json\/wp\/v2\/tipo-visita?post=299"},{"taxonomy":"product_brand","embeddable":true,"href":"https:\/\/pizzornowines.com\/en\/wp-json\/wp\/v2\/product_brand?post=299"},{"taxonomy":"product_cat","embeddable":true,"href":"https:\/\/pizzornowines.com\/en\/wp-json\/wp\/v2\/product_cat?post=299"},{"taxonomy":"product_tag","embeddable":true,"href":"https:\/\/pizzornowines.com\/en\/wp-json\/wp\/v2\/product_tag?post=299"}],"curies":[{"name":"wp","href":"https:\/\/api.w.org\/{rel}","templated":true}]}}