{"id":295,"date":"2023-02-07T12:40:15","date_gmt":"2023-02-07T15:40:15","guid":{"rendered":"https:\/\/pizzorno.r1group.com.ar\/producto\/pizzorno-reserva-sauvignon-blanc\/"},"modified":"2025-05-30T11:09:54","modified_gmt":"2025-05-30T14:09:54","slug":"pizzorno-reserva-sauvignon-blanc","status":"publish","type":"product","link":"https:\/\/pizzornowines.com\/en\/product\/pizzorno-reserva-sauvignon-blanc\/","title":{"rendered":"Pizzorno Reserva Sauvignon Blanc"},"content":{"rendered":"<p>Vino elaborado a partir de uvas en perfecto estado de madurez, provenientes de parcelas seleccionadas con podas en verde. Al momento de la cosecha solo los racimos de m\u00e1xima calidad van a ser utilizados para formar parte de este reserva. Al ingresar a bodega, los racimos pasan por un riguroso proceso de selecci\u00f3n. Un 30% del jugo es fermentado en barricas de roble franc\u00e9s, con una posterior crianza de 3 meses sobre las l\u00edas. Mientras que el 70% restante en tanques de acero inoxidable.<\/p>","protected":false},"excerpt":{"rendered":"<p>Elaborado a partir de uvas en perfecto estado de madurez, provenientes de parcelas seleccionadas con manejo de podas en verde, este Sauvignon Blanc representa una cuidada interpretaci\u00f3n de la variedad en el terroir de Canel\u00f3n Chico. Al momento de la cosecha, solo los racimos de m\u00e1xima calidad son destinados a este vino, pasando por una estricta selecci\u00f3n al ingresar a bodega.<\/p>\n<p>El 30% del jugo fermenta en barricas de roble franc\u00e9s nuevo, con una crianza sobre l\u00edas durante 5 meses, lo que aporta untuosidad y complejidad. El 70% restante se fermenta en tanques de acero inoxidable, conservando la frescura, la acidez natural y el perfil varietal.<\/p>\n<p>El resultado es un vino fresco y elegante, que combina intensidad arom\u00e1tica, textura refinada y una expresi\u00f3n fiel del Sauvignon Blanc uruguayo.<\/p>","protected":false},"featured_media":296,"comment_status":"closed","ping_status":"closed","template":"","meta":{"_acf_changed":false,"_joinchat":[]},"tipo-visita":[],"product_brand":[],"product_cat":[24],"product_tag":[],"class_list":{"0":"post-295","1":"product","2":"type-product","3":"status-publish","4":"has-post-thumbnail","6":"product_cat-pizzorno-reserva","8":"first","9":"instock","10":"shipping-taxable","11":"product-type-simple"},"exclude_global_add_ons":[],"addons":[],"acf":[],"yoast_head":"<!-- This site is optimized with the Yoast SEO plugin v27.4 - https:\/\/yoast.com\/product\/yoast-seo-wordpress\/ -->\n<title>Pizzorno Reserva Sauvignon Blanc - Pizzorno Family Estates<\/title>\n<meta name=\"robots\" content=\"noindex, follow, max-snippet:-1, max-image-preview:large, max-video-preview:-1\" \/>\n<meta property=\"og:locale\" content=\"en_US\" \/>\n<meta property=\"og:type\" content=\"article\" \/>\n<meta property=\"og:title\" content=\"Pizzorno Reserva Sauvignon Blanc - Pizzorno Family Estates\" \/>\n<meta property=\"og:description\" content=\"Elaborado a partir de uvas en perfecto estado de madurez, provenientes de parcelas seleccionadas con manejo de podas en verde, este Sauvignon Blanc representa una cuidada interpretaci\u00f3n de la variedad en el terroir de Canel\u00f3n Chico. Al momento de la cosecha, solo los racimos de m\u00e1xima calidad son destinados a este vino, pasando por una estricta selecci\u00f3n al ingresar a bodega.  El 30% del jugo fermenta en barricas de roble franc\u00e9s nuevo, con una crianza sobre l\u00edas durante 5 meses, lo que aporta untuosidad y complejidad. El 70% restante se fermenta en tanques de acero inoxidable, conservando la frescura, la acidez natural y el perfil varietal.  El resultado es un vino fresco y elegante, que combina intensidad arom\u00e1tica, textura refinada y una expresi\u00f3n fiel del Sauvignon Blanc uruguayo.\" \/>\n<meta property=\"og:url\" content=\"https:\/\/pizzornowines.com\/en\/product\/pizzorno-reserva-sauvignon-blanc\/\" \/>\n<meta property=\"og:site_name\" content=\"Pizzorno Family Estates\" \/>\n<meta property=\"article:publisher\" content=\"https:\/\/www.facebook.com\/pizzorno.family.estates\" \/>\n<meta property=\"article:modified_time\" content=\"2025-05-30T14:09:54+00:00\" \/>\n<meta property=\"og:image\" content=\"https:\/\/pizzornowines.com\/wp-content\/uploads\/2023\/04\/Pizzorno-Reserva-Sauvignon-Blanc.jpg\" \/>\n\t<meta property=\"og:image:width\" content=\"226\" \/>\n\t<meta property=\"og:image:height\" content=\"780\" \/>\n\t<meta property=\"og:image:type\" content=\"image\/jpeg\" \/>\n<meta name=\"twitter:card\" content=\"summary_large_image\" \/>\n<script type=\"application\/ld+json\" class=\"yoast-schema-graph\">{\"@context\":\"https:\\\/\\\/schema.org\",\"@graph\":[{\"@type\":\"WebPage\",\"@id\":\"https:\\\/\\\/pizzornowines.com\\\/product\\\/pizzorno-reserva-sauvignon-blanc\\\/\",\"url\":\"https:\\\/\\\/pizzornowines.com\\\/product\\\/pizzorno-reserva-sauvignon-blanc\\\/\",\"name\":\"Pizzorno Reserva Sauvignon Blanc - Pizzorno Family Estates\",\"isPartOf\":{\"@id\":\"https:\\\/\\\/pizzornowines.com\\\/#website\"},\"primaryImageOfPage\":{\"@id\":\"https:\\\/\\\/pizzornowines.com\\\/product\\\/pizzorno-reserva-sauvignon-blanc\\\/#primaryimage\"},\"image\":{\"@id\":\"https:\\\/\\\/pizzornowines.com\\\/product\\\/pizzorno-reserva-sauvignon-blanc\\\/#primaryimage\"},\"thumbnailUrl\":\"https:\\\/\\\/pizzornowines.com\\\/wp-content\\\/uploads\\\/2023\\\/04\\\/Pizzorno-Reserva-Sauvignon-Blanc.jpg\",\"datePublished\":\"2023-02-07T15:40:15+00:00\",\"dateModified\":\"2025-05-30T14:09:54+00:00\",\"breadcrumb\":{\"@id\":\"https:\\\/\\\/pizzornowines.com\\\/product\\\/pizzorno-reserva-sauvignon-blanc\\\/#breadcrumb\"},\"inLanguage\":\"en-US\",\"potentialAction\":[{\"@type\":\"ReadAction\",\"target\":[\"https:\\\/\\\/pizzornowines.com\\\/product\\\/pizzorno-reserva-sauvignon-blanc\\\/\"]}]},{\"@type\":\"ImageObject\",\"inLanguage\":\"en-US\",\"@id\":\"https:\\\/\\\/pizzornowines.com\\\/product\\\/pizzorno-reserva-sauvignon-blanc\\\/#primaryimage\",\"url\":\"https:\\\/\\\/pizzornowines.com\\\/wp-content\\\/uploads\\\/2023\\\/04\\\/Pizzorno-Reserva-Sauvignon-Blanc.jpg\",\"contentUrl\":\"https:\\\/\\\/pizzornowines.com\\\/wp-content\\\/uploads\\\/2023\\\/04\\\/Pizzorno-Reserva-Sauvignon-Blanc.jpg\",\"width\":226,\"height\":780},{\"@type\":\"BreadcrumbList\",\"@id\":\"https:\\\/\\\/pizzornowines.com\\\/product\\\/pizzorno-reserva-sauvignon-blanc\\\/#breadcrumb\",\"itemListElement\":[{\"@type\":\"ListItem\",\"position\":1,\"name\":\"Home\",\"item\":\"https:\\\/\\\/pizzornowines.com\\\/\"},{\"@type\":\"ListItem\",\"position\":2,\"name\":\"Shop\",\"item\":\"https:\\\/\\\/pizzornowines.com\\\/?page_id=96\"},{\"@type\":\"ListItem\",\"position\":3,\"name\":\"Pizzorno Reserva Sauvignon Blanc\"}]},{\"@type\":\"WebSite\",\"@id\":\"https:\\\/\\\/pizzornowines.com\\\/#website\",\"url\":\"https:\\\/\\\/pizzornowines.com\\\/\",\"name\":\"Pizzorno Family Estates\",\"description\":\"Pasi\u00f3n por la tierra y el vino\",\"publisher\":{\"@id\":\"https:\\\/\\\/pizzornowines.com\\\/#organization\"},\"potentialAction\":[{\"@type\":\"SearchAction\",\"target\":{\"@type\":\"EntryPoint\",\"urlTemplate\":\"https:\\\/\\\/pizzornowines.com\\\/?s={search_term_string}\"},\"query-input\":{\"@type\":\"PropertyValueSpecification\",\"valueRequired\":true,\"valueName\":\"search_term_string\"}}],\"inLanguage\":\"en-US\"},{\"@type\":\"Organization\",\"@id\":\"https:\\\/\\\/pizzornowines.com\\\/#organization\",\"name\":\"Pizzorno Family Estates\",\"url\":\"https:\\\/\\\/pizzornowines.com\\\/\",\"logo\":{\"@type\":\"ImageObject\",\"inLanguage\":\"en-US\",\"@id\":\"https:\\\/\\\/pizzornowines.com\\\/#\\\/schema\\\/logo\\\/image\\\/\",\"url\":\"https:\\\/\\\/pizzornowines.com\\\/wp-content\\\/uploads\\\/Pizzorno-Family-Estate-logo.svg\",\"contentUrl\":\"https:\\\/\\\/pizzornowines.com\\\/wp-content\\\/uploads\\\/Pizzorno-Family-Estate-logo.svg\",\"width\":422,\"height\":283,\"caption\":\"Pizzorno Family Estates\"},\"image\":{\"@id\":\"https:\\\/\\\/pizzornowines.com\\\/#\\\/schema\\\/logo\\\/image\\\/\"},\"sameAs\":[\"https:\\\/\\\/www.facebook.com\\\/pizzorno.family.estates\"]}]}<\/script>\n<!-- \/ Yoast SEO plugin. -->","yoast_head_json":{"title":"Pizzorno Reserva Sauvignon Blanc - Pizzorno Family Estates","robots":{"index":"noindex","follow":"follow","max-snippet":"max-snippet:-1","max-image-preview":"max-image-preview:large","max-video-preview":"max-video-preview:-1"},"og_locale":"en_US","og_type":"article","og_title":"Pizzorno Reserva Sauvignon Blanc - Pizzorno Family Estates","og_description":"Elaborado a partir de uvas en perfecto estado de madurez, provenientes de parcelas seleccionadas con manejo de podas en verde, este Sauvignon Blanc representa una cuidada interpretaci\u00f3n de la variedad en el terroir de Canel\u00f3n Chico. Al momento de la cosecha, solo los racimos de m\u00e1xima calidad son destinados a este vino, pasando por una estricta selecci\u00f3n al ingresar a bodega.  El 30% del jugo fermenta en barricas de roble franc\u00e9s nuevo, con una crianza sobre l\u00edas durante 5 meses, lo que aporta untuosidad y complejidad. El 70% restante se fermenta en tanques de acero inoxidable, conservando la frescura, la acidez natural y el perfil varietal.  El resultado es un vino fresco y elegante, que combina intensidad arom\u00e1tica, textura refinada y una expresi\u00f3n fiel del Sauvignon Blanc uruguayo.","og_url":"https:\/\/pizzornowines.com\/en\/product\/pizzorno-reserva-sauvignon-blanc\/","og_site_name":"Pizzorno Family Estates","article_publisher":"https:\/\/www.facebook.com\/pizzorno.family.estates","article_modified_time":"2025-05-30T14:09:54+00:00","og_image":[{"width":226,"height":780,"url":"https:\/\/pizzornowines.com\/wp-content\/uploads\/2023\/04\/Pizzorno-Reserva-Sauvignon-Blanc.jpg","type":"image\/jpeg"}],"twitter_card":"summary_large_image","schema":{"@context":"https:\/\/schema.org","@graph":[{"@type":"WebPage","@id":"https:\/\/pizzornowines.com\/product\/pizzorno-reserva-sauvignon-blanc\/","url":"https:\/\/pizzornowines.com\/product\/pizzorno-reserva-sauvignon-blanc\/","name":"Pizzorno Reserva Sauvignon Blanc - Pizzorno Family Estates","isPartOf":{"@id":"https:\/\/pizzornowines.com\/#website"},"primaryImageOfPage":{"@id":"https:\/\/pizzornowines.com\/product\/pizzorno-reserva-sauvignon-blanc\/#primaryimage"},"image":{"@id":"https:\/\/pizzornowines.com\/product\/pizzorno-reserva-sauvignon-blanc\/#primaryimage"},"thumbnailUrl":"https:\/\/pizzornowines.com\/wp-content\/uploads\/2023\/04\/Pizzorno-Reserva-Sauvignon-Blanc.jpg","datePublished":"2023-02-07T15:40:15+00:00","dateModified":"2025-05-30T14:09:54+00:00","breadcrumb":{"@id":"https:\/\/pizzornowines.com\/product\/pizzorno-reserva-sauvignon-blanc\/#breadcrumb"},"inLanguage":"en-US","potentialAction":[{"@type":"ReadAction","target":["https:\/\/pizzornowines.com\/product\/pizzorno-reserva-sauvignon-blanc\/"]}]},{"@type":"ImageObject","inLanguage":"en-US","@id":"https:\/\/pizzornowines.com\/product\/pizzorno-reserva-sauvignon-blanc\/#primaryimage","url":"https:\/\/pizzornowines.com\/wp-content\/uploads\/2023\/04\/Pizzorno-Reserva-Sauvignon-Blanc.jpg","contentUrl":"https:\/\/pizzornowines.com\/wp-content\/uploads\/2023\/04\/Pizzorno-Reserva-Sauvignon-Blanc.jpg","width":226,"height":780},{"@type":"BreadcrumbList","@id":"https:\/\/pizzornowines.com\/product\/pizzorno-reserva-sauvignon-blanc\/#breadcrumb","itemListElement":[{"@type":"ListItem","position":1,"name":"Home","item":"https:\/\/pizzornowines.com\/"},{"@type":"ListItem","position":2,"name":"Shop","item":"https:\/\/pizzornowines.com\/?page_id=96"},{"@type":"ListItem","position":3,"name":"Pizzorno Reserva Sauvignon Blanc"}]},{"@type":"WebSite","@id":"https:\/\/pizzornowines.com\/#website","url":"https:\/\/pizzornowines.com\/","name":"Pizzorno Family Estates","description":"Pasi\u00f3n por la tierra y el vino","publisher":{"@id":"https:\/\/pizzornowines.com\/#organization"},"potentialAction":[{"@type":"SearchAction","target":{"@type":"EntryPoint","urlTemplate":"https:\/\/pizzornowines.com\/?s={search_term_string}"},"query-input":{"@type":"PropertyValueSpecification","valueRequired":true,"valueName":"search_term_string"}}],"inLanguage":"en-US"},{"@type":"Organization","@id":"https:\/\/pizzornowines.com\/#organization","name":"Pizzorno Family Estates","url":"https:\/\/pizzornowines.com\/","logo":{"@type":"ImageObject","inLanguage":"en-US","@id":"https:\/\/pizzornowines.com\/#\/schema\/logo\/image\/","url":"https:\/\/pizzornowines.com\/wp-content\/uploads\/Pizzorno-Family-Estate-logo.svg","contentUrl":"https:\/\/pizzornowines.com\/wp-content\/uploads\/Pizzorno-Family-Estate-logo.svg","width":422,"height":283,"caption":"Pizzorno Family Estates"},"image":{"@id":"https:\/\/pizzornowines.com\/#\/schema\/logo\/image\/"},"sameAs":["https:\/\/www.facebook.com\/pizzorno.family.estates"]}]}},"_links":{"self":[{"href":"https:\/\/pizzornowines.com\/en\/wp-json\/wp\/v2\/product\/295","targetHints":{"allow":["GET"]}}],"collection":[{"href":"https:\/\/pizzornowines.com\/en\/wp-json\/wp\/v2\/product"}],"about":[{"href":"https:\/\/pizzornowines.com\/en\/wp-json\/wp\/v2\/types\/product"}],"replies":[{"embeddable":true,"href":"https:\/\/pizzornowines.com\/en\/wp-json\/wp\/v2\/comments?post=295"}],"version-history":[{"count":1,"href":"https:\/\/pizzornowines.com\/en\/wp-json\/wp\/v2\/product\/295\/revisions"}],"predecessor-version":[{"id":2332,"href":"https:\/\/pizzornowines.com\/en\/wp-json\/wp\/v2\/product\/295\/revisions\/2332"}],"wp:featuredmedia":[{"embeddable":true,"href":"https:\/\/pizzornowines.com\/en\/wp-json\/wp\/v2\/media\/296"}],"wp:attachment":[{"href":"https:\/\/pizzornowines.com\/en\/wp-json\/wp\/v2\/media?parent=295"}],"wp:term":[{"taxonomy":"tipo-visita","embeddable":true,"href":"https:\/\/pizzornowines.com\/en\/wp-json\/wp\/v2\/tipo-visita?post=295"},{"taxonomy":"product_brand","embeddable":true,"href":"https:\/\/pizzornowines.com\/en\/wp-json\/wp\/v2\/product_brand?post=295"},{"taxonomy":"product_cat","embeddable":true,"href":"https:\/\/pizzornowines.com\/en\/wp-json\/wp\/v2\/product_cat?post=295"},{"taxonomy":"product_tag","embeddable":true,"href":"https:\/\/pizzornowines.com\/en\/wp-json\/wp\/v2\/product_tag?post=295"}],"curies":[{"name":"wp","href":"https:\/\/api.w.org\/{rel}","templated":true}]}}