{"id":293,"date":"2023-02-07T12:42:36","date_gmt":"2023-02-07T15:42:36","guid":{"rendered":"https:\/\/pizzorno.r1group.com.ar\/producto\/pizzorno-reserva-pinot-noir\/"},"modified":"2025-05-30T15:28:49","modified_gmt":"2025-05-30T18:28:49","slug":"pizzorno-reserva-pinot-noir","status":"publish","type":"product","link":"https:\/\/pizzornowines.com\/en\/product\/pizzorno-reserva-pinot-noir\/","title":{"rendered":"Pizzorno Reserva Pinot Noir"},"content":{"rendered":"<p>100% Pinot Noir proveniente del vi\u00f1edo Los Nogales. Realizamos una intensa reducci\u00f3n de kilos por hect\u00e1rea hasta obtener aproximadamente 1kg por planta. La selecci\u00f3n de racimos es esencial al momento de cosechar y de ingresar a bodega para lograr este reserva el cual realiza una crianza de 6 meses en roble franc\u00e9s.<\/p>","protected":false},"excerpt":{"rendered":"<p>Pizzorno Reserva Pinot Noir es una interpretaci\u00f3n elegante y fiel del car\u00e1cter sutil de esta cepa delicada. Proveniente de parcelas seleccionadas en Canel\u00f3n Chico y con manejo cuidadoso desde el vi\u00f1edo hasta la bodega, busca resaltar el perfil m\u00e1s puro y expresivo del Pinot.<\/p>\n<p>La fermentaci\u00f3n se realiza a temperatura controlada con levaduras seleccionadas, favoreciendo una extracci\u00f3n suave de color, aromas y taninos finos. Posteriormente, el vino es criado durante 6 meses en barricas de roble franc\u00e9s, lo que aporta estructura delicada y complejidad arom\u00e1tica sin opacar su frescura.<\/p>\n<p>El resultado es un tinto sedoso, fresco y equilibrado, ideal para quienes valoran la sutileza, la fruta y la elegancia.<\/p>","protected":false},"featured_media":294,"comment_status":"closed","ping_status":"closed","template":"","meta":{"_acf_changed":false,"_joinchat":[]},"tipo-visita":[],"product_brand":[],"product_cat":[24],"product_tag":[],"class_list":{"0":"post-293","1":"product","2":"type-product","3":"status-publish","4":"has-post-thumbnail","6":"product_cat-pizzorno-reserva","8":"first","9":"instock","10":"shipping-taxable","11":"product-type-simple"},"exclude_global_add_ons":[],"addons":[],"acf":[],"yoast_head":"<!-- This site is optimized with the Yoast SEO plugin v27.4 - https:\/\/yoast.com\/product\/yoast-seo-wordpress\/ -->\n<title>Pizzorno Reserva Pinot Noir - Pizzorno Family Estates<\/title>\n<meta name=\"robots\" content=\"noindex, follow, max-snippet:-1, max-image-preview:large, max-video-preview:-1\" \/>\n<meta property=\"og:locale\" content=\"en_US\" \/>\n<meta property=\"og:type\" content=\"article\" \/>\n<meta property=\"og:title\" content=\"Pizzorno Reserva Pinot Noir - Pizzorno Family Estates\" \/>\n<meta property=\"og:description\" content=\"Pizzorno Reserva Pinot Noir es una interpretaci\u00f3n elegante y fiel del car\u00e1cter sutil de esta cepa delicada. Proveniente de parcelas seleccionadas en Canel\u00f3n Chico y con manejo cuidadoso desde el vi\u00f1edo hasta la bodega, busca resaltar el perfil m\u00e1s puro y expresivo del Pinot.  La fermentaci\u00f3n se realiza a temperatura controlada con levaduras seleccionadas, favoreciendo una extracci\u00f3n suave de color, aromas y taninos finos. Posteriormente, el vino es criado durante 6 meses en barricas de roble franc\u00e9s, lo que aporta estructura delicada y complejidad arom\u00e1tica sin opacar su frescura.  El resultado es un tinto sedoso, fresco y equilibrado, ideal para quienes valoran la sutileza, la fruta y la elegancia.\" \/>\n<meta property=\"og:url\" content=\"https:\/\/pizzornowines.com\/en\/product\/pizzorno-reserva-pinot-noir\/\" \/>\n<meta property=\"og:site_name\" content=\"Pizzorno Family Estates\" \/>\n<meta property=\"article:publisher\" content=\"https:\/\/www.facebook.com\/pizzorno.family.estates\" \/>\n<meta property=\"article:modified_time\" content=\"2025-05-30T18:28:49+00:00\" \/>\n<meta property=\"og:image\" content=\"https:\/\/pizzornowines.com\/wp-content\/uploads\/2023\/04\/Reserva-Pinot-Noir-2.jpg\" \/>\n\t<meta property=\"og:image:width\" content=\"241\" \/>\n\t<meta property=\"og:image:height\" content=\"820\" \/>\n\t<meta property=\"og:image:type\" content=\"image\/jpeg\" \/>\n<meta name=\"twitter:card\" content=\"summary_large_image\" \/>\n<script type=\"application\/ld+json\" class=\"yoast-schema-graph\">{\"@context\":\"https:\\\/\\\/schema.org\",\"@graph\":[{\"@type\":\"WebPage\",\"@id\":\"https:\\\/\\\/pizzornowines.com\\\/product\\\/pizzorno-reserva-pinot-noir\\\/\",\"url\":\"https:\\\/\\\/pizzornowines.com\\\/product\\\/pizzorno-reserva-pinot-noir\\\/\",\"name\":\"Pizzorno Reserva Pinot Noir - Pizzorno Family Estates\",\"isPartOf\":{\"@id\":\"https:\\\/\\\/pizzornowines.com\\\/#website\"},\"primaryImageOfPage\":{\"@id\":\"https:\\\/\\\/pizzornowines.com\\\/product\\\/pizzorno-reserva-pinot-noir\\\/#primaryimage\"},\"image\":{\"@id\":\"https:\\\/\\\/pizzornowines.com\\\/product\\\/pizzorno-reserva-pinot-noir\\\/#primaryimage\"},\"thumbnailUrl\":\"https:\\\/\\\/pizzornowines.com\\\/wp-content\\\/uploads\\\/2023\\\/04\\\/Reserva-Pinot-Noir-2.jpg\",\"datePublished\":\"2023-02-07T15:42:36+00:00\",\"dateModified\":\"2025-05-30T18:28:49+00:00\",\"breadcrumb\":{\"@id\":\"https:\\\/\\\/pizzornowines.com\\\/product\\\/pizzorno-reserva-pinot-noir\\\/#breadcrumb\"},\"inLanguage\":\"en-US\",\"potentialAction\":[{\"@type\":\"ReadAction\",\"target\":[\"https:\\\/\\\/pizzornowines.com\\\/product\\\/pizzorno-reserva-pinot-noir\\\/\"]}]},{\"@type\":\"ImageObject\",\"inLanguage\":\"en-US\",\"@id\":\"https:\\\/\\\/pizzornowines.com\\\/product\\\/pizzorno-reserva-pinot-noir\\\/#primaryimage\",\"url\":\"https:\\\/\\\/pizzornowines.com\\\/wp-content\\\/uploads\\\/2023\\\/04\\\/Reserva-Pinot-Noir-2.jpg\",\"contentUrl\":\"https:\\\/\\\/pizzornowines.com\\\/wp-content\\\/uploads\\\/2023\\\/04\\\/Reserva-Pinot-Noir-2.jpg\",\"width\":241,\"height\":820},{\"@type\":\"BreadcrumbList\",\"@id\":\"https:\\\/\\\/pizzornowines.com\\\/product\\\/pizzorno-reserva-pinot-noir\\\/#breadcrumb\",\"itemListElement\":[{\"@type\":\"ListItem\",\"position\":1,\"name\":\"Home\",\"item\":\"https:\\\/\\\/pizzornowines.com\\\/\"},{\"@type\":\"ListItem\",\"position\":2,\"name\":\"Shop\",\"item\":\"https:\\\/\\\/pizzornowines.com\\\/?page_id=96\"},{\"@type\":\"ListItem\",\"position\":3,\"name\":\"Pizzorno Reserva Pinot Noir\"}]},{\"@type\":\"WebSite\",\"@id\":\"https:\\\/\\\/pizzornowines.com\\\/#website\",\"url\":\"https:\\\/\\\/pizzornowines.com\\\/\",\"name\":\"Pizzorno Family Estates\",\"description\":\"Pasi\u00f3n por la tierra y el vino\",\"publisher\":{\"@id\":\"https:\\\/\\\/pizzornowines.com\\\/#organization\"},\"potentialAction\":[{\"@type\":\"SearchAction\",\"target\":{\"@type\":\"EntryPoint\",\"urlTemplate\":\"https:\\\/\\\/pizzornowines.com\\\/?s={search_term_string}\"},\"query-input\":{\"@type\":\"PropertyValueSpecification\",\"valueRequired\":true,\"valueName\":\"search_term_string\"}}],\"inLanguage\":\"en-US\"},{\"@type\":\"Organization\",\"@id\":\"https:\\\/\\\/pizzornowines.com\\\/#organization\",\"name\":\"Pizzorno Family Estates\",\"url\":\"https:\\\/\\\/pizzornowines.com\\\/\",\"logo\":{\"@type\":\"ImageObject\",\"inLanguage\":\"en-US\",\"@id\":\"https:\\\/\\\/pizzornowines.com\\\/#\\\/schema\\\/logo\\\/image\\\/\",\"url\":\"https:\\\/\\\/pizzornowines.com\\\/wp-content\\\/uploads\\\/Pizzorno-Family-Estate-logo.svg\",\"contentUrl\":\"https:\\\/\\\/pizzornowines.com\\\/wp-content\\\/uploads\\\/Pizzorno-Family-Estate-logo.svg\",\"width\":422,\"height\":283,\"caption\":\"Pizzorno Family Estates\"},\"image\":{\"@id\":\"https:\\\/\\\/pizzornowines.com\\\/#\\\/schema\\\/logo\\\/image\\\/\"},\"sameAs\":[\"https:\\\/\\\/www.facebook.com\\\/pizzorno.family.estates\"]}]}<\/script>\n<!-- \/ Yoast SEO plugin. -->","yoast_head_json":{"title":"Pizzorno Reserva Pinot Noir - Pizzorno Family Estates","robots":{"index":"noindex","follow":"follow","max-snippet":"max-snippet:-1","max-image-preview":"max-image-preview:large","max-video-preview":"max-video-preview:-1"},"og_locale":"en_US","og_type":"article","og_title":"Pizzorno Reserva Pinot Noir - Pizzorno Family Estates","og_description":"Pizzorno Reserva Pinot Noir es una interpretaci\u00f3n elegante y fiel del car\u00e1cter sutil de esta cepa delicada. Proveniente de parcelas seleccionadas en Canel\u00f3n Chico y con manejo cuidadoso desde el vi\u00f1edo hasta la bodega, busca resaltar el perfil m\u00e1s puro y expresivo del Pinot.  La fermentaci\u00f3n se realiza a temperatura controlada con levaduras seleccionadas, favoreciendo una extracci\u00f3n suave de color, aromas y taninos finos. Posteriormente, el vino es criado durante 6 meses en barricas de roble franc\u00e9s, lo que aporta estructura delicada y complejidad arom\u00e1tica sin opacar su frescura.  El resultado es un tinto sedoso, fresco y equilibrado, ideal para quienes valoran la sutileza, la fruta y la elegancia.","og_url":"https:\/\/pizzornowines.com\/en\/product\/pizzorno-reserva-pinot-noir\/","og_site_name":"Pizzorno Family Estates","article_publisher":"https:\/\/www.facebook.com\/pizzorno.family.estates","article_modified_time":"2025-05-30T18:28:49+00:00","og_image":[{"width":241,"height":820,"url":"https:\/\/pizzornowines.com\/wp-content\/uploads\/2023\/04\/Reserva-Pinot-Noir-2.jpg","type":"image\/jpeg"}],"twitter_card":"summary_large_image","schema":{"@context":"https:\/\/schema.org","@graph":[{"@type":"WebPage","@id":"https:\/\/pizzornowines.com\/product\/pizzorno-reserva-pinot-noir\/","url":"https:\/\/pizzornowines.com\/product\/pizzorno-reserva-pinot-noir\/","name":"Pizzorno Reserva Pinot Noir - Pizzorno Family Estates","isPartOf":{"@id":"https:\/\/pizzornowines.com\/#website"},"primaryImageOfPage":{"@id":"https:\/\/pizzornowines.com\/product\/pizzorno-reserva-pinot-noir\/#primaryimage"},"image":{"@id":"https:\/\/pizzornowines.com\/product\/pizzorno-reserva-pinot-noir\/#primaryimage"},"thumbnailUrl":"https:\/\/pizzornowines.com\/wp-content\/uploads\/2023\/04\/Reserva-Pinot-Noir-2.jpg","datePublished":"2023-02-07T15:42:36+00:00","dateModified":"2025-05-30T18:28:49+00:00","breadcrumb":{"@id":"https:\/\/pizzornowines.com\/product\/pizzorno-reserva-pinot-noir\/#breadcrumb"},"inLanguage":"en-US","potentialAction":[{"@type":"ReadAction","target":["https:\/\/pizzornowines.com\/product\/pizzorno-reserva-pinot-noir\/"]}]},{"@type":"ImageObject","inLanguage":"en-US","@id":"https:\/\/pizzornowines.com\/product\/pizzorno-reserva-pinot-noir\/#primaryimage","url":"https:\/\/pizzornowines.com\/wp-content\/uploads\/2023\/04\/Reserva-Pinot-Noir-2.jpg","contentUrl":"https:\/\/pizzornowines.com\/wp-content\/uploads\/2023\/04\/Reserva-Pinot-Noir-2.jpg","width":241,"height":820},{"@type":"BreadcrumbList","@id":"https:\/\/pizzornowines.com\/product\/pizzorno-reserva-pinot-noir\/#breadcrumb","itemListElement":[{"@type":"ListItem","position":1,"name":"Home","item":"https:\/\/pizzornowines.com\/"},{"@type":"ListItem","position":2,"name":"Shop","item":"https:\/\/pizzornowines.com\/?page_id=96"},{"@type":"ListItem","position":3,"name":"Pizzorno Reserva Pinot Noir"}]},{"@type":"WebSite","@id":"https:\/\/pizzornowines.com\/#website","url":"https:\/\/pizzornowines.com\/","name":"Pizzorno Family Estates","description":"Pasi\u00f3n por la tierra y el vino","publisher":{"@id":"https:\/\/pizzornowines.com\/#organization"},"potentialAction":[{"@type":"SearchAction","target":{"@type":"EntryPoint","urlTemplate":"https:\/\/pizzornowines.com\/?s={search_term_string}"},"query-input":{"@type":"PropertyValueSpecification","valueRequired":true,"valueName":"search_term_string"}}],"inLanguage":"en-US"},{"@type":"Organization","@id":"https:\/\/pizzornowines.com\/#organization","name":"Pizzorno Family Estates","url":"https:\/\/pizzornowines.com\/","logo":{"@type":"ImageObject","inLanguage":"en-US","@id":"https:\/\/pizzornowines.com\/#\/schema\/logo\/image\/","url":"https:\/\/pizzornowines.com\/wp-content\/uploads\/Pizzorno-Family-Estate-logo.svg","contentUrl":"https:\/\/pizzornowines.com\/wp-content\/uploads\/Pizzorno-Family-Estate-logo.svg","width":422,"height":283,"caption":"Pizzorno Family Estates"},"image":{"@id":"https:\/\/pizzornowines.com\/#\/schema\/logo\/image\/"},"sameAs":["https:\/\/www.facebook.com\/pizzorno.family.estates"]}]}},"_links":{"self":[{"href":"https:\/\/pizzornowines.com\/en\/wp-json\/wp\/v2\/product\/293","targetHints":{"allow":["GET"]}}],"collection":[{"href":"https:\/\/pizzornowines.com\/en\/wp-json\/wp\/v2\/product"}],"about":[{"href":"https:\/\/pizzornowines.com\/en\/wp-json\/wp\/v2\/types\/product"}],"replies":[{"embeddable":true,"href":"https:\/\/pizzornowines.com\/en\/wp-json\/wp\/v2\/comments?post=293"}],"version-history":[{"count":2,"href":"https:\/\/pizzornowines.com\/en\/wp-json\/wp\/v2\/product\/293\/revisions"}],"predecessor-version":[{"id":2337,"href":"https:\/\/pizzornowines.com\/en\/wp-json\/wp\/v2\/product\/293\/revisions\/2337"}],"wp:featuredmedia":[{"embeddable":true,"href":"https:\/\/pizzornowines.com\/en\/wp-json\/wp\/v2\/media\/294"}],"wp:attachment":[{"href":"https:\/\/pizzornowines.com\/en\/wp-json\/wp\/v2\/media?parent=293"}],"wp:term":[{"taxonomy":"tipo-visita","embeddable":true,"href":"https:\/\/pizzornowines.com\/en\/wp-json\/wp\/v2\/tipo-visita?post=293"},{"taxonomy":"product_brand","embeddable":true,"href":"https:\/\/pizzornowines.com\/en\/wp-json\/wp\/v2\/product_brand?post=293"},{"taxonomy":"product_cat","embeddable":true,"href":"https:\/\/pizzornowines.com\/en\/wp-json\/wp\/v2\/product_cat?post=293"},{"taxonomy":"product_tag","embeddable":true,"href":"https:\/\/pizzornowines.com\/en\/wp-json\/wp\/v2\/product_tag?post=293"}],"curies":[{"name":"wp","href":"https:\/\/api.w.org\/{rel}","templated":true}]}}