{"id":291,"date":"2023-02-07T12:45:37","date_gmt":"2023-02-07T15:45:37","guid":{"rendered":"https:\/\/pizzorno.r1group.com.ar\/producto\/pizzorno-reserva-select-blend\/"},"modified":"2025-05-30T10:26:33","modified_gmt":"2025-05-30T13:26:33","slug":"pizzorno-reserva-select-blend","status":"publish","type":"product","link":"https:\/\/pizzornowines.com\/en\/product\/pizzorno-reserva-select-blend\/","title":{"rendered":"Pizzorno Reserva Select Blend 2023"},"content":{"rendered":"<p>Vinificaci\u00f3n tradicional de cada variedad por separado en b\u00fasqueda de la m\u00e1xima expresi\u00f3n de cada variedad. En los primeros 12 meses de crianza las variedades realizan su a\u00f1ejamiento por separado en barricas de roble franc\u00e9s. Al cabo de este tiempo los en\u00f3logos realizan el corte final y en su conjunto realizan una nueva \u00a0crianza de 6 meses en roble franc\u00e9s.<\/p>","protected":false},"excerpt":{"rendered":"<p>Select Blend es una expresi\u00f3n refinada del arte del ensamblaje, que combina la elegancia del Malbec, la estructura del Cabernet Sauvignon y la potencia del Tannat. Cada variedad es vinificada por separado mediante m\u00e9todos tradicionales, buscando resaltar su m\u00e1xima expresi\u00f3n varietal.<\/p>\n<p>El Tannat se cr\u00eda durante 12 meses en barricas de roble americano, aportando cuerpo y notas especiadas, mientras que el Malbec y el Cabernet Sauvignon descansan el mismo tiempo en roble franc\u00e9s, brindando finura y complejidad arom\u00e1tica. Finalmente, una vez realizado el corte, el vino se afina en conjunto durante 6 meses en barricas de roble franc\u00e9s, integrando armoniosamente sus componentes.<\/p>\n<p>El resultado es un vino profundo, elegante y equilibrado, con gran presencia en boca, taninos sedosos y un final largo y persistente. Un blend que refleja el car\u00e1cter y la excelencia de la bodega.<\/p>","protected":false},"featured_media":292,"comment_status":"closed","ping_status":"closed","template":"","meta":{"_acf_changed":false,"_joinchat":[]},"tipo-visita":[],"product_brand":[],"product_cat":[24],"product_tag":[],"class_list":{"0":"post-291","1":"product","2":"type-product","3":"status-publish","4":"has-post-thumbnail","6":"product_cat-pizzorno-reserva","8":"first","9":"instock","10":"shipping-taxable","11":"product-type-simple"},"exclude_global_add_ons":[],"addons":[],"acf":[],"yoast_head":"<!-- This site is optimized with the Yoast SEO plugin v27.4 - https:\/\/yoast.com\/product\/yoast-seo-wordpress\/ -->\n<title>Pizzorno Reserva Select Blend 2023 - Pizzorno Family Estates<\/title>\n<meta name=\"robots\" content=\"noindex, follow, max-snippet:-1, max-image-preview:large, max-video-preview:-1\" \/>\n<meta property=\"og:locale\" content=\"en_US\" \/>\n<meta property=\"og:type\" content=\"article\" \/>\n<meta property=\"og:title\" content=\"Pizzorno Reserva Select Blend 2023 - Pizzorno Family Estates\" \/>\n<meta property=\"og:description\" content=\"Select Blend es una expresi\u00f3n refinada del arte del ensamblaje, que combina la elegancia del Malbec, la estructura del Cabernet Sauvignon y la potencia del Tannat. Cada variedad es vinificada por separado mediante m\u00e9todos tradicionales, buscando resaltar su m\u00e1xima expresi\u00f3n varietal.  El Tannat se cr\u00eda durante 12 meses en barricas de roble americano, aportando cuerpo y notas especiadas, mientras que el Malbec y el Cabernet Sauvignon descansan el mismo tiempo en roble franc\u00e9s, brindando finura y complejidad arom\u00e1tica. Finalmente, una vez realizado el corte, el vino se afina en conjunto durante 6 meses en barricas de roble franc\u00e9s, integrando armoniosamente sus componentes.  El resultado es un vino profundo, elegante y equilibrado, con gran presencia en boca, taninos sedosos y un final largo y persistente. Un blend que refleja el car\u00e1cter y la excelencia de la bodega.\" \/>\n<meta property=\"og:url\" content=\"https:\/\/pizzornowines.com\/en\/product\/pizzorno-reserva-select-blend\/\" \/>\n<meta property=\"og:site_name\" content=\"Pizzorno Family Estates\" \/>\n<meta property=\"article:publisher\" content=\"https:\/\/www.facebook.com\/pizzorno.family.estates\" \/>\n<meta property=\"article:modified_time\" content=\"2025-05-30T13:26:33+00:00\" \/>\n<meta property=\"og:image\" content=\"https:\/\/pizzornowines.com\/wp-content\/uploads\/2023\/04\/Pizzorno-Reserva-Select-Blend-1.jpg\" \/>\n\t<meta property=\"og:image:width\" content=\"201\" \/>\n\t<meta property=\"og:image:height\" content=\"780\" \/>\n\t<meta property=\"og:image:type\" content=\"image\/jpeg\" \/>\n<meta name=\"twitter:card\" content=\"summary_large_image\" \/>\n<script type=\"application\/ld+json\" class=\"yoast-schema-graph\">{\"@context\":\"https:\\\/\\\/schema.org\",\"@graph\":[{\"@type\":\"WebPage\",\"@id\":\"https:\\\/\\\/pizzornowines.com\\\/product\\\/pizzorno-reserva-select-blend\\\/\",\"url\":\"https:\\\/\\\/pizzornowines.com\\\/product\\\/pizzorno-reserva-select-blend\\\/\",\"name\":\"Pizzorno Reserva Select Blend 2023 - Pizzorno Family Estates\",\"isPartOf\":{\"@id\":\"https:\\\/\\\/pizzornowines.com\\\/#website\"},\"primaryImageOfPage\":{\"@id\":\"https:\\\/\\\/pizzornowines.com\\\/product\\\/pizzorno-reserva-select-blend\\\/#primaryimage\"},\"image\":{\"@id\":\"https:\\\/\\\/pizzornowines.com\\\/product\\\/pizzorno-reserva-select-blend\\\/#primaryimage\"},\"thumbnailUrl\":\"https:\\\/\\\/pizzornowines.com\\\/wp-content\\\/uploads\\\/2023\\\/04\\\/Pizzorno-Reserva-Select-Blend-1.jpg\",\"datePublished\":\"2023-02-07T15:45:37+00:00\",\"dateModified\":\"2025-05-30T13:26:33+00:00\",\"breadcrumb\":{\"@id\":\"https:\\\/\\\/pizzornowines.com\\\/product\\\/pizzorno-reserva-select-blend\\\/#breadcrumb\"},\"inLanguage\":\"en-US\",\"potentialAction\":[{\"@type\":\"ReadAction\",\"target\":[\"https:\\\/\\\/pizzornowines.com\\\/product\\\/pizzorno-reserva-select-blend\\\/\"]}]},{\"@type\":\"ImageObject\",\"inLanguage\":\"en-US\",\"@id\":\"https:\\\/\\\/pizzornowines.com\\\/product\\\/pizzorno-reserva-select-blend\\\/#primaryimage\",\"url\":\"https:\\\/\\\/pizzornowines.com\\\/wp-content\\\/uploads\\\/2023\\\/04\\\/Pizzorno-Reserva-Select-Blend-1.jpg\",\"contentUrl\":\"https:\\\/\\\/pizzornowines.com\\\/wp-content\\\/uploads\\\/2023\\\/04\\\/Pizzorno-Reserva-Select-Blend-1.jpg\",\"width\":201,\"height\":780},{\"@type\":\"BreadcrumbList\",\"@id\":\"https:\\\/\\\/pizzornowines.com\\\/product\\\/pizzorno-reserva-select-blend\\\/#breadcrumb\",\"itemListElement\":[{\"@type\":\"ListItem\",\"position\":1,\"name\":\"Home\",\"item\":\"https:\\\/\\\/pizzornowines.com\\\/\"},{\"@type\":\"ListItem\",\"position\":2,\"name\":\"Shop\",\"item\":\"https:\\\/\\\/pizzornowines.com\\\/?page_id=96\"},{\"@type\":\"ListItem\",\"position\":3,\"name\":\"Pizzorno Reserva Select Blend 2023\"}]},{\"@type\":\"WebSite\",\"@id\":\"https:\\\/\\\/pizzornowines.com\\\/#website\",\"url\":\"https:\\\/\\\/pizzornowines.com\\\/\",\"name\":\"Pizzorno Family Estates\",\"description\":\"Pasi\u00f3n por la tierra y el vino\",\"publisher\":{\"@id\":\"https:\\\/\\\/pizzornowines.com\\\/#organization\"},\"potentialAction\":[{\"@type\":\"SearchAction\",\"target\":{\"@type\":\"EntryPoint\",\"urlTemplate\":\"https:\\\/\\\/pizzornowines.com\\\/?s={search_term_string}\"},\"query-input\":{\"@type\":\"PropertyValueSpecification\",\"valueRequired\":true,\"valueName\":\"search_term_string\"}}],\"inLanguage\":\"en-US\"},{\"@type\":\"Organization\",\"@id\":\"https:\\\/\\\/pizzornowines.com\\\/#organization\",\"name\":\"Pizzorno Family Estates\",\"url\":\"https:\\\/\\\/pizzornowines.com\\\/\",\"logo\":{\"@type\":\"ImageObject\",\"inLanguage\":\"en-US\",\"@id\":\"https:\\\/\\\/pizzornowines.com\\\/#\\\/schema\\\/logo\\\/image\\\/\",\"url\":\"https:\\\/\\\/pizzornowines.com\\\/wp-content\\\/uploads\\\/Pizzorno-Family-Estate-logo.svg\",\"contentUrl\":\"https:\\\/\\\/pizzornowines.com\\\/wp-content\\\/uploads\\\/Pizzorno-Family-Estate-logo.svg\",\"width\":422,\"height\":283,\"caption\":\"Pizzorno Family Estates\"},\"image\":{\"@id\":\"https:\\\/\\\/pizzornowines.com\\\/#\\\/schema\\\/logo\\\/image\\\/\"},\"sameAs\":[\"https:\\\/\\\/www.facebook.com\\\/pizzorno.family.estates\"]}]}<\/script>\n<!-- \/ Yoast SEO plugin. -->","yoast_head_json":{"title":"Pizzorno Reserva Select Blend 2023 - Pizzorno Family Estates","robots":{"index":"noindex","follow":"follow","max-snippet":"max-snippet:-1","max-image-preview":"max-image-preview:large","max-video-preview":"max-video-preview:-1"},"og_locale":"en_US","og_type":"article","og_title":"Pizzorno Reserva Select Blend 2023 - Pizzorno Family Estates","og_description":"Select Blend es una expresi\u00f3n refinada del arte del ensamblaje, que combina la elegancia del Malbec, la estructura del Cabernet Sauvignon y la potencia del Tannat. Cada variedad es vinificada por separado mediante m\u00e9todos tradicionales, buscando resaltar su m\u00e1xima expresi\u00f3n varietal.  El Tannat se cr\u00eda durante 12 meses en barricas de roble americano, aportando cuerpo y notas especiadas, mientras que el Malbec y el Cabernet Sauvignon descansan el mismo tiempo en roble franc\u00e9s, brindando finura y complejidad arom\u00e1tica. Finalmente, una vez realizado el corte, el vino se afina en conjunto durante 6 meses en barricas de roble franc\u00e9s, integrando armoniosamente sus componentes.  El resultado es un vino profundo, elegante y equilibrado, con gran presencia en boca, taninos sedosos y un final largo y persistente. Un blend que refleja el car\u00e1cter y la excelencia de la bodega.","og_url":"https:\/\/pizzornowines.com\/en\/product\/pizzorno-reserva-select-blend\/","og_site_name":"Pizzorno Family Estates","article_publisher":"https:\/\/www.facebook.com\/pizzorno.family.estates","article_modified_time":"2025-05-30T13:26:33+00:00","og_image":[{"width":201,"height":780,"url":"https:\/\/pizzornowines.com\/wp-content\/uploads\/2023\/04\/Pizzorno-Reserva-Select-Blend-1.jpg","type":"image\/jpeg"}],"twitter_card":"summary_large_image","schema":{"@context":"https:\/\/schema.org","@graph":[{"@type":"WebPage","@id":"https:\/\/pizzornowines.com\/product\/pizzorno-reserva-select-blend\/","url":"https:\/\/pizzornowines.com\/product\/pizzorno-reserva-select-blend\/","name":"Pizzorno Reserva Select Blend 2023 - Pizzorno Family Estates","isPartOf":{"@id":"https:\/\/pizzornowines.com\/#website"},"primaryImageOfPage":{"@id":"https:\/\/pizzornowines.com\/product\/pizzorno-reserva-select-blend\/#primaryimage"},"image":{"@id":"https:\/\/pizzornowines.com\/product\/pizzorno-reserva-select-blend\/#primaryimage"},"thumbnailUrl":"https:\/\/pizzornowines.com\/wp-content\/uploads\/2023\/04\/Pizzorno-Reserva-Select-Blend-1.jpg","datePublished":"2023-02-07T15:45:37+00:00","dateModified":"2025-05-30T13:26:33+00:00","breadcrumb":{"@id":"https:\/\/pizzornowines.com\/product\/pizzorno-reserva-select-blend\/#breadcrumb"},"inLanguage":"en-US","potentialAction":[{"@type":"ReadAction","target":["https:\/\/pizzornowines.com\/product\/pizzorno-reserva-select-blend\/"]}]},{"@type":"ImageObject","inLanguage":"en-US","@id":"https:\/\/pizzornowines.com\/product\/pizzorno-reserva-select-blend\/#primaryimage","url":"https:\/\/pizzornowines.com\/wp-content\/uploads\/2023\/04\/Pizzorno-Reserva-Select-Blend-1.jpg","contentUrl":"https:\/\/pizzornowines.com\/wp-content\/uploads\/2023\/04\/Pizzorno-Reserva-Select-Blend-1.jpg","width":201,"height":780},{"@type":"BreadcrumbList","@id":"https:\/\/pizzornowines.com\/product\/pizzorno-reserva-select-blend\/#breadcrumb","itemListElement":[{"@type":"ListItem","position":1,"name":"Home","item":"https:\/\/pizzornowines.com\/"},{"@type":"ListItem","position":2,"name":"Shop","item":"https:\/\/pizzornowines.com\/?page_id=96"},{"@type":"ListItem","position":3,"name":"Pizzorno Reserva Select Blend 2023"}]},{"@type":"WebSite","@id":"https:\/\/pizzornowines.com\/#website","url":"https:\/\/pizzornowines.com\/","name":"Pizzorno Family Estates","description":"Pasi\u00f3n por la tierra y el vino","publisher":{"@id":"https:\/\/pizzornowines.com\/#organization"},"potentialAction":[{"@type":"SearchAction","target":{"@type":"EntryPoint","urlTemplate":"https:\/\/pizzornowines.com\/?s={search_term_string}"},"query-input":{"@type":"PropertyValueSpecification","valueRequired":true,"valueName":"search_term_string"}}],"inLanguage":"en-US"},{"@type":"Organization","@id":"https:\/\/pizzornowines.com\/#organization","name":"Pizzorno Family Estates","url":"https:\/\/pizzornowines.com\/","logo":{"@type":"ImageObject","inLanguage":"en-US","@id":"https:\/\/pizzornowines.com\/#\/schema\/logo\/image\/","url":"https:\/\/pizzornowines.com\/wp-content\/uploads\/Pizzorno-Family-Estate-logo.svg","contentUrl":"https:\/\/pizzornowines.com\/wp-content\/uploads\/Pizzorno-Family-Estate-logo.svg","width":422,"height":283,"caption":"Pizzorno Family Estates"},"image":{"@id":"https:\/\/pizzornowines.com\/#\/schema\/logo\/image\/"},"sameAs":["https:\/\/www.facebook.com\/pizzorno.family.estates"]}]}},"_links":{"self":[{"href":"https:\/\/pizzornowines.com\/en\/wp-json\/wp\/v2\/product\/291","targetHints":{"allow":["GET"]}}],"collection":[{"href":"https:\/\/pizzornowines.com\/en\/wp-json\/wp\/v2\/product"}],"about":[{"href":"https:\/\/pizzornowines.com\/en\/wp-json\/wp\/v2\/types\/product"}],"replies":[{"embeddable":true,"href":"https:\/\/pizzornowines.com\/en\/wp-json\/wp\/v2\/comments?post=291"}],"version-history":[{"count":1,"href":"https:\/\/pizzornowines.com\/en\/wp-json\/wp\/v2\/product\/291\/revisions"}],"predecessor-version":[{"id":2330,"href":"https:\/\/pizzornowines.com\/en\/wp-json\/wp\/v2\/product\/291\/revisions\/2330"}],"wp:featuredmedia":[{"embeddable":true,"href":"https:\/\/pizzornowines.com\/en\/wp-json\/wp\/v2\/media\/292"}],"wp:attachment":[{"href":"https:\/\/pizzornowines.com\/en\/wp-json\/wp\/v2\/media?parent=291"}],"wp:term":[{"taxonomy":"tipo-visita","embeddable":true,"href":"https:\/\/pizzornowines.com\/en\/wp-json\/wp\/v2\/tipo-visita?post=291"},{"taxonomy":"product_brand","embeddable":true,"href":"https:\/\/pizzornowines.com\/en\/wp-json\/wp\/v2\/product_brand?post=291"},{"taxonomy":"product_cat","embeddable":true,"href":"https:\/\/pizzornowines.com\/en\/wp-json\/wp\/v2\/product_cat?post=291"},{"taxonomy":"product_tag","embeddable":true,"href":"https:\/\/pizzornowines.com\/en\/wp-json\/wp\/v2\/product_tag?post=291"}],"curies":[{"name":"wp","href":"https:\/\/api.w.org\/{rel}","templated":true}]}}