{"id":289,"date":"2023-02-07T12:47:48","date_gmt":"2023-02-07T15:47:48","guid":{"rendered":"https:\/\/pizzorno.r1group.com.ar\/producto\/pizzorno-reserva-merlot-tannat\/"},"modified":"2025-05-30T11:34:04","modified_gmt":"2025-05-30T14:34:04","slug":"pizzorno-reserva-merlot-tannat","status":"publish","type":"product","link":"https:\/\/pizzornowines.com\/en\/product\/pizzorno-reserva-merlot-tannat\/","title":{"rendered":"Pizzorno Reserva Merlot Tannat"},"content":{"rendered":"<p>Corte 50% Merlot \u2013 50% Tannat. Elaboraci\u00f3n de cada variedad por separado, respetando la maduraci\u00f3n enol\u00f3gica de cada una de ellas. Maceraci\u00f3n en fr\u00edo durante 48 a 72 hs para una primera extracci\u00f3n de aromas, taninos y compuestos de color. Fermentaci\u00f3n a temperatura controlada por debajo de 20 \u00baC, con levaduras seleccionadas.<\/p>","protected":false},"excerpt":{"rendered":"<p>Este blend de 50% Merlot y 50% Tannat logra un equilibrio perfecto entre la suavidad del Merlot y la fuerza estructural del Tannat. Las uvas provienen de parcelas seleccionadas, y cada variedad es elaborada por separado, respetando su punto \u00f3ptimo de maduraci\u00f3n enol\u00f3gica.<\/p>\n<p>Antes de la fermentaci\u00f3n, se realiza una maceraci\u00f3n en fr\u00edo durante 48 a 72 horas, para lograr una delicada extracci\u00f3n de aromas, taninos y compuestos de color. La fermentaci\u00f3n se lleva a cabo a temperatura controlada por debajo de 20\u202f\u00b0C, con el uso de levaduras seleccionadas para preservar el car\u00e1cter frutal y varietal.<\/p>\n<p>Luego, el Merlot es criado en barricas de roble franc\u00e9s y el Tannat en roble americano durante 12 meses, integrando complejidad, redondez y notas especiadas. El resultado es un vino envolvente, elegante y con muy buena estructura.<\/p>","protected":false},"featured_media":290,"comment_status":"closed","ping_status":"closed","template":"","meta":{"_acf_changed":false,"_joinchat":[]},"tipo-visita":[],"product_brand":[],"product_cat":[24],"product_tag":[],"class_list":{"0":"post-289","1":"product","2":"type-product","3":"status-publish","4":"has-post-thumbnail","6":"product_cat-pizzorno-reserva","8":"first","9":"instock","10":"shipping-taxable","11":"product-type-simple"},"exclude_global_add_ons":[],"addons":[],"acf":[],"yoast_head":"<!-- This site is optimized with the Yoast SEO plugin v27.4 - https:\/\/yoast.com\/product\/yoast-seo-wordpress\/ -->\n<title>Pizzorno Reserva Merlot Tannat - Pizzorno Family Estates<\/title>\n<meta name=\"robots\" content=\"noindex, follow, max-snippet:-1, max-image-preview:large, max-video-preview:-1\" \/>\n<meta property=\"og:locale\" content=\"en_US\" \/>\n<meta property=\"og:type\" content=\"article\" \/>\n<meta property=\"og:title\" content=\"Pizzorno Reserva Merlot Tannat - Pizzorno Family Estates\" \/>\n<meta property=\"og:description\" content=\"Este blend de 50% Merlot y 50% Tannat logra un equilibrio perfecto entre la suavidad del Merlot y la fuerza estructural del Tannat. Las uvas provienen de parcelas seleccionadas, y cada variedad es elaborada por separado, respetando su punto \u00f3ptimo de maduraci\u00f3n enol\u00f3gica.  Antes de la fermentaci\u00f3n, se realiza una maceraci\u00f3n en fr\u00edo durante 48 a 72 horas, para lograr una delicada extracci\u00f3n de aromas, taninos y compuestos de color. La fermentaci\u00f3n se lleva a cabo a temperatura controlada por debajo de 20\u202f\u00b0C, con el uso de levaduras seleccionadas para preservar el car\u00e1cter frutal y varietal.  Luego, el Merlot es criado en barricas de roble franc\u00e9s y el Tannat en roble americano durante 12 meses, integrando complejidad, redondez y notas especiadas. El resultado es un vino envolvente, elegante y con muy buena estructura.\" \/>\n<meta property=\"og:url\" content=\"https:\/\/pizzornowines.com\/en\/product\/pizzorno-reserva-merlot-tannat\/\" \/>\n<meta property=\"og:site_name\" content=\"Pizzorno Family Estates\" \/>\n<meta property=\"article:publisher\" content=\"https:\/\/www.facebook.com\/pizzorno.family.estates\" \/>\n<meta property=\"article:modified_time\" content=\"2025-05-30T14:34:04+00:00\" \/>\n<meta property=\"og:image\" content=\"https:\/\/pizzornowines.com\/wp-content\/uploads\/2023\/04\/Reserva-Merlot-Tannat.jpg\" \/>\n\t<meta property=\"og:image:width\" content=\"209\" \/>\n\t<meta property=\"og:image:height\" content=\"780\" \/>\n\t<meta property=\"og:image:type\" content=\"image\/jpeg\" \/>\n<meta name=\"twitter:card\" content=\"summary_large_image\" \/>\n<script type=\"application\/ld+json\" class=\"yoast-schema-graph\">{\"@context\":\"https:\\\/\\\/schema.org\",\"@graph\":[{\"@type\":\"WebPage\",\"@id\":\"https:\\\/\\\/pizzornowines.com\\\/product\\\/pizzorno-reserva-merlot-tannat\\\/\",\"url\":\"https:\\\/\\\/pizzornowines.com\\\/product\\\/pizzorno-reserva-merlot-tannat\\\/\",\"name\":\"Pizzorno Reserva Merlot Tannat - Pizzorno Family Estates\",\"isPartOf\":{\"@id\":\"https:\\\/\\\/pizzornowines.com\\\/#website\"},\"primaryImageOfPage\":{\"@id\":\"https:\\\/\\\/pizzornowines.com\\\/product\\\/pizzorno-reserva-merlot-tannat\\\/#primaryimage\"},\"image\":{\"@id\":\"https:\\\/\\\/pizzornowines.com\\\/product\\\/pizzorno-reserva-merlot-tannat\\\/#primaryimage\"},\"thumbnailUrl\":\"https:\\\/\\\/pizzornowines.com\\\/wp-content\\\/uploads\\\/2023\\\/04\\\/Reserva-Merlot-Tannat.jpg\",\"datePublished\":\"2023-02-07T15:47:48+00:00\",\"dateModified\":\"2025-05-30T14:34:04+00:00\",\"breadcrumb\":{\"@id\":\"https:\\\/\\\/pizzornowines.com\\\/product\\\/pizzorno-reserva-merlot-tannat\\\/#breadcrumb\"},\"inLanguage\":\"en-US\",\"potentialAction\":[{\"@type\":\"ReadAction\",\"target\":[\"https:\\\/\\\/pizzornowines.com\\\/product\\\/pizzorno-reserva-merlot-tannat\\\/\"]}]},{\"@type\":\"ImageObject\",\"inLanguage\":\"en-US\",\"@id\":\"https:\\\/\\\/pizzornowines.com\\\/product\\\/pizzorno-reserva-merlot-tannat\\\/#primaryimage\",\"url\":\"https:\\\/\\\/pizzornowines.com\\\/wp-content\\\/uploads\\\/2023\\\/04\\\/Reserva-Merlot-Tannat.jpg\",\"contentUrl\":\"https:\\\/\\\/pizzornowines.com\\\/wp-content\\\/uploads\\\/2023\\\/04\\\/Reserva-Merlot-Tannat.jpg\",\"width\":209,\"height\":780},{\"@type\":\"BreadcrumbList\",\"@id\":\"https:\\\/\\\/pizzornowines.com\\\/product\\\/pizzorno-reserva-merlot-tannat\\\/#breadcrumb\",\"itemListElement\":[{\"@type\":\"ListItem\",\"position\":1,\"name\":\"Home\",\"item\":\"https:\\\/\\\/pizzornowines.com\\\/\"},{\"@type\":\"ListItem\",\"position\":2,\"name\":\"Shop\",\"item\":\"https:\\\/\\\/pizzornowines.com\\\/?page_id=96\"},{\"@type\":\"ListItem\",\"position\":3,\"name\":\"Pizzorno Reserva Merlot Tannat\"}]},{\"@type\":\"WebSite\",\"@id\":\"https:\\\/\\\/pizzornowines.com\\\/#website\",\"url\":\"https:\\\/\\\/pizzornowines.com\\\/\",\"name\":\"Pizzorno Family Estates\",\"description\":\"Pasi\u00f3n por la tierra y el vino\",\"publisher\":{\"@id\":\"https:\\\/\\\/pizzornowines.com\\\/#organization\"},\"potentialAction\":[{\"@type\":\"SearchAction\",\"target\":{\"@type\":\"EntryPoint\",\"urlTemplate\":\"https:\\\/\\\/pizzornowines.com\\\/?s={search_term_string}\"},\"query-input\":{\"@type\":\"PropertyValueSpecification\",\"valueRequired\":true,\"valueName\":\"search_term_string\"}}],\"inLanguage\":\"en-US\"},{\"@type\":\"Organization\",\"@id\":\"https:\\\/\\\/pizzornowines.com\\\/#organization\",\"name\":\"Pizzorno Family Estates\",\"url\":\"https:\\\/\\\/pizzornowines.com\\\/\",\"logo\":{\"@type\":\"ImageObject\",\"inLanguage\":\"en-US\",\"@id\":\"https:\\\/\\\/pizzornowines.com\\\/#\\\/schema\\\/logo\\\/image\\\/\",\"url\":\"https:\\\/\\\/pizzornowines.com\\\/wp-content\\\/uploads\\\/Pizzorno-Family-Estate-logo.svg\",\"contentUrl\":\"https:\\\/\\\/pizzornowines.com\\\/wp-content\\\/uploads\\\/Pizzorno-Family-Estate-logo.svg\",\"width\":422,\"height\":283,\"caption\":\"Pizzorno Family Estates\"},\"image\":{\"@id\":\"https:\\\/\\\/pizzornowines.com\\\/#\\\/schema\\\/logo\\\/image\\\/\"},\"sameAs\":[\"https:\\\/\\\/www.facebook.com\\\/pizzorno.family.estates\"]}]}<\/script>\n<!-- \/ Yoast SEO plugin. -->","yoast_head_json":{"title":"Pizzorno Reserva Merlot Tannat - Pizzorno Family Estates","robots":{"index":"noindex","follow":"follow","max-snippet":"max-snippet:-1","max-image-preview":"max-image-preview:large","max-video-preview":"max-video-preview:-1"},"og_locale":"en_US","og_type":"article","og_title":"Pizzorno Reserva Merlot Tannat - Pizzorno Family Estates","og_description":"Este blend de 50% Merlot y 50% Tannat logra un equilibrio perfecto entre la suavidad del Merlot y la fuerza estructural del Tannat. Las uvas provienen de parcelas seleccionadas, y cada variedad es elaborada por separado, respetando su punto \u00f3ptimo de maduraci\u00f3n enol\u00f3gica.  Antes de la fermentaci\u00f3n, se realiza una maceraci\u00f3n en fr\u00edo durante 48 a 72 horas, para lograr una delicada extracci\u00f3n de aromas, taninos y compuestos de color. La fermentaci\u00f3n se lleva a cabo a temperatura controlada por debajo de 20\u202f\u00b0C, con el uso de levaduras seleccionadas para preservar el car\u00e1cter frutal y varietal.  Luego, el Merlot es criado en barricas de roble franc\u00e9s y el Tannat en roble americano durante 12 meses, integrando complejidad, redondez y notas especiadas. El resultado es un vino envolvente, elegante y con muy buena estructura.","og_url":"https:\/\/pizzornowines.com\/en\/product\/pizzorno-reserva-merlot-tannat\/","og_site_name":"Pizzorno Family Estates","article_publisher":"https:\/\/www.facebook.com\/pizzorno.family.estates","article_modified_time":"2025-05-30T14:34:04+00:00","og_image":[{"width":209,"height":780,"url":"https:\/\/pizzornowines.com\/wp-content\/uploads\/2023\/04\/Reserva-Merlot-Tannat.jpg","type":"image\/jpeg"}],"twitter_card":"summary_large_image","schema":{"@context":"https:\/\/schema.org","@graph":[{"@type":"WebPage","@id":"https:\/\/pizzornowines.com\/product\/pizzorno-reserva-merlot-tannat\/","url":"https:\/\/pizzornowines.com\/product\/pizzorno-reserva-merlot-tannat\/","name":"Pizzorno Reserva Merlot Tannat - Pizzorno Family Estates","isPartOf":{"@id":"https:\/\/pizzornowines.com\/#website"},"primaryImageOfPage":{"@id":"https:\/\/pizzornowines.com\/product\/pizzorno-reserva-merlot-tannat\/#primaryimage"},"image":{"@id":"https:\/\/pizzornowines.com\/product\/pizzorno-reserva-merlot-tannat\/#primaryimage"},"thumbnailUrl":"https:\/\/pizzornowines.com\/wp-content\/uploads\/2023\/04\/Reserva-Merlot-Tannat.jpg","datePublished":"2023-02-07T15:47:48+00:00","dateModified":"2025-05-30T14:34:04+00:00","breadcrumb":{"@id":"https:\/\/pizzornowines.com\/product\/pizzorno-reserva-merlot-tannat\/#breadcrumb"},"inLanguage":"en-US","potentialAction":[{"@type":"ReadAction","target":["https:\/\/pizzornowines.com\/product\/pizzorno-reserva-merlot-tannat\/"]}]},{"@type":"ImageObject","inLanguage":"en-US","@id":"https:\/\/pizzornowines.com\/product\/pizzorno-reserva-merlot-tannat\/#primaryimage","url":"https:\/\/pizzornowines.com\/wp-content\/uploads\/2023\/04\/Reserva-Merlot-Tannat.jpg","contentUrl":"https:\/\/pizzornowines.com\/wp-content\/uploads\/2023\/04\/Reserva-Merlot-Tannat.jpg","width":209,"height":780},{"@type":"BreadcrumbList","@id":"https:\/\/pizzornowines.com\/product\/pizzorno-reserva-merlot-tannat\/#breadcrumb","itemListElement":[{"@type":"ListItem","position":1,"name":"Home","item":"https:\/\/pizzornowines.com\/"},{"@type":"ListItem","position":2,"name":"Shop","item":"https:\/\/pizzornowines.com\/?page_id=96"},{"@type":"ListItem","position":3,"name":"Pizzorno Reserva Merlot Tannat"}]},{"@type":"WebSite","@id":"https:\/\/pizzornowines.com\/#website","url":"https:\/\/pizzornowines.com\/","name":"Pizzorno Family Estates","description":"Pasi\u00f3n por la tierra y el vino","publisher":{"@id":"https:\/\/pizzornowines.com\/#organization"},"potentialAction":[{"@type":"SearchAction","target":{"@type":"EntryPoint","urlTemplate":"https:\/\/pizzornowines.com\/?s={search_term_string}"},"query-input":{"@type":"PropertyValueSpecification","valueRequired":true,"valueName":"search_term_string"}}],"inLanguage":"en-US"},{"@type":"Organization","@id":"https:\/\/pizzornowines.com\/#organization","name":"Pizzorno Family Estates","url":"https:\/\/pizzornowines.com\/","logo":{"@type":"ImageObject","inLanguage":"en-US","@id":"https:\/\/pizzornowines.com\/#\/schema\/logo\/image\/","url":"https:\/\/pizzornowines.com\/wp-content\/uploads\/Pizzorno-Family-Estate-logo.svg","contentUrl":"https:\/\/pizzornowines.com\/wp-content\/uploads\/Pizzorno-Family-Estate-logo.svg","width":422,"height":283,"caption":"Pizzorno Family Estates"},"image":{"@id":"https:\/\/pizzornowines.com\/#\/schema\/logo\/image\/"},"sameAs":["https:\/\/www.facebook.com\/pizzorno.family.estates"]}]}},"_links":{"self":[{"href":"https:\/\/pizzornowines.com\/en\/wp-json\/wp\/v2\/product\/289","targetHints":{"allow":["GET"]}}],"collection":[{"href":"https:\/\/pizzornowines.com\/en\/wp-json\/wp\/v2\/product"}],"about":[{"href":"https:\/\/pizzornowines.com\/en\/wp-json\/wp\/v2\/types\/product"}],"replies":[{"embeddable":true,"href":"https:\/\/pizzornowines.com\/en\/wp-json\/wp\/v2\/comments?post=289"}],"version-history":[{"count":2,"href":"https:\/\/pizzornowines.com\/en\/wp-json\/wp\/v2\/product\/289\/revisions"}],"predecessor-version":[{"id":2334,"href":"https:\/\/pizzornowines.com\/en\/wp-json\/wp\/v2\/product\/289\/revisions\/2334"}],"wp:featuredmedia":[{"embeddable":true,"href":"https:\/\/pizzornowines.com\/en\/wp-json\/wp\/v2\/media\/290"}],"wp:attachment":[{"href":"https:\/\/pizzornowines.com\/en\/wp-json\/wp\/v2\/media?parent=289"}],"wp:term":[{"taxonomy":"tipo-visita","embeddable":true,"href":"https:\/\/pizzornowines.com\/en\/wp-json\/wp\/v2\/tipo-visita?post=289"},{"taxonomy":"product_brand","embeddable":true,"href":"https:\/\/pizzornowines.com\/en\/wp-json\/wp\/v2\/product_brand?post=289"},{"taxonomy":"product_cat","embeddable":true,"href":"https:\/\/pizzornowines.com\/en\/wp-json\/wp\/v2\/product_cat?post=289"},{"taxonomy":"product_tag","embeddable":true,"href":"https:\/\/pizzornowines.com\/en\/wp-json\/wp\/v2\/product_tag?post=289"}],"curies":[{"name":"wp","href":"https:\/\/api.w.org\/{rel}","templated":true}]}}