{"id":286,"date":"2023-02-07T12:50:46","date_gmt":"2023-02-07T15:50:46","guid":{"rendered":"https:\/\/pizzorno.r1group.com.ar\/producto\/exclusive-petit-verdot\/"},"modified":"2023-02-07T12:50:46","modified_gmt":"2023-02-07T15:50:46","slug":"exclusive-petit-verdot","status":"publish","type":"product","link":"https:\/\/pizzornowines.com\/en\/product\/exclusive-petit-verdot\/","title":{"rendered":"Exclusive Petit Verdot"},"content":{"rendered":"<p>La fermentaci\u00f3n a barril cerrado es una t\u00e9cnica tradicional y muy antigua. Para este vino no se controla la temperatura ni se hacen agregados de enzimas o levaduras, la fermentaci\u00f3n sucede gracias a las levaduras que la uva posee en su c\u00e1scara (levaduras ind\u00edgenas). Las uvas se cosechan con una madurez \u00f3ptima y al llegar a la bodega realizamos un despalillado manual para poder obtener los granos enteros los que colocaremos dentro de barricas de roble franc\u00e9s donde la fermentaci\u00f3n va a tener lugar. Cuando la fermentaci\u00f3n alcoh\u00f3lica termina, se dejan las c\u00e1scaras en contacto con el vino durante 30 d\u00edas m\u00e1s. Buscamos que la fermentaci\u00f3n malol\u00e1ctica suceda para lograr una redondez final. Para poder realizar el prensado de los orujos tenemos que desarmar la barrica y manualmente ponerlos en una prensa manual donde realizaremos un leve prensado. De dos barricas de fermentaci\u00f3n obtenemos solamente una para la crianza que ser\u00e1 de un a\u00f1o como m\u00ednimo. Nota de cata: Se presenta en copa con un color rub\u00ed vivo, brillo elevado e intensidad media. En nariz tiene intensas notas que recuerdan a especias como el cardamomo y la pimienta verde junto con aromas a cassis, malta y un fondo ahumado con chocolate negro. En boca se presenta con un ataque leve, un cuerpo presente y una astringencia media. Posee una intensidad media en boca y un final amable y largo. Ideal para combinar con rissoto o carnes de cerdo agridulces y papas asadas.<\/p>","protected":false},"excerpt":{"rendered":"<p>La fermentaci\u00f3n a barril cerrado es una t\u00e9cnica tradicional y muy antigua. Para este vino no se controla la temperatura ni se hacen agregados de enzimas o levaduras, la fermentaci\u00f3n sucede gracias a las levaduras que la uva posee en su c\u00e1scara (levaduras ind\u00edgenas). Las uvas se cosechan con una madurez \u00f3ptima y al llegar a la bodega realizamos un despalillado manual para poder obtener los granos enteros los que colocaremos dentro de barricas de roble franc\u00e9s donde la fermentaci\u00f3n va a tener lugar. Cuando la fermentaci\u00f3n alcoh\u00f3lica termina, se dejan las c\u00e1scaras en contacto con el vino durante 30 d\u00edas m\u00e1s. Buscamos que la fermentaci\u00f3n malol\u00e1ctica suceda para lograr una redondez final. Para poder realizar el prensado de los orujos tenemos que desarmar la barrica y manualmente ponerlos en una prensa manual donde realizaremos un leve prensado. De dos barricas de fermentaci\u00f3n obtenemos solamente una para la crianza que ser\u00e1 de un a\u00f1o como m\u00ednimo. Nota de cata: Se presenta en copa con un color rub\u00ed vivo, brillo elevado e intensidad media. En nariz tiene intensas notas que recuerdan a especias como el cardamomo y la pimienta verde junto con aromas a cassis, malta y un fondo ahumado con chocolate negro. En boca se presenta con un ataque leve, un cuerpo presente y una astringencia media. Posee una intensidad media en boca y un final amable y largo. Ideal para combinar con rissoto o carnes de cerdo agridulces y papas asadas.<\/p>","protected":false},"featured_media":0,"comment_status":"closed","ping_status":"closed","template":"","meta":{"_acf_changed":false,"_joinchat":[]},"tipo-visita":[],"product_brand":[],"product_cat":[21],"product_tag":[],"class_list":{"0":"post-286","1":"product","2":"type-product","3":"status-publish","5":"product_cat-uncategorized","7":"first","8":"instock","9":"shipping-taxable","10":"product-type-simple"},"exclude_global_add_ons":[],"addons":[],"acf":[],"yoast_head":"<!-- This site is optimized with the Yoast SEO plugin v27.5 - https:\/\/yoast.com\/product\/yoast-seo-wordpress\/ -->\n<title>Exclusive Petit Verdot - Pizzorno Family Estates<\/title>\n<meta name=\"robots\" content=\"noindex, follow, max-snippet:-1, max-image-preview:large, max-video-preview:-1\" \/>\n<meta property=\"og:locale\" content=\"en_US\" \/>\n<meta property=\"og:type\" content=\"article\" \/>\n<meta property=\"og:title\" content=\"Exclusive Petit Verdot - Pizzorno Family Estates\" \/>\n<meta property=\"og:description\" content=\"La fermentaci\u00f3n a barril cerrado es una t\u00e9cnica tradicional y muy antigua. Para este vino no se controla la temperatura ni se hacen agregados de enzimas o levaduras, la fermentaci\u00f3n sucede gracias a las levaduras que la uva posee en su c\u00e1scara (levaduras ind\u00edgenas). Las uvas se cosechan con una madurez \u00f3ptima y al llegar a la bodega realizamos un despalillado manual para poder obtener los granos enteros los que colocaremos dentro de barricas de roble franc\u00e9s donde la fermentaci\u00f3n va a tener lugar. Cuando la fermentaci\u00f3n alcoh\u00f3lica termina, se dejan las c\u00e1scaras en contacto con el vino durante 30 d\u00edas m\u00e1s. Buscamos que la fermentaci\u00f3n malol\u00e1ctica suceda para lograr una redondez final. Para poder realizar el prensado de los orujos tenemos que desarmar la barrica y manualmente ponerlos en una prensa manual donde realizaremos un leve prensado. De dos barricas de fermentaci\u00f3n obtenemos solamente una para la crianza que ser\u00e1 de un a\u00f1o como m\u00ednimo. Nota de cata: Se presenta en copa con un color rub\u00ed vivo, brillo elevado e intensidad media. En nariz tiene intensas notas que recuerdan a especias como el cardamomo y la pimienta verde junto con aromas a cassis, malta y un fondo ahumado con chocolate negro. En boca se presenta con un ataque leve, un cuerpo presente y una astringencia media. Posee una intensidad media en boca y un final amable y largo. Ideal para combinar con rissoto o carnes de cerdo agridulces y papas asadas.\" \/>\n<meta property=\"og:url\" content=\"https:\/\/pizzornowines.com\/en\/product\/exclusive-petit-verdot\/\" \/>\n<meta property=\"og:site_name\" content=\"Pizzorno Family Estates\" \/>\n<meta property=\"article:publisher\" content=\"https:\/\/www.facebook.com\/pizzorno.family.estates\" \/>\n<meta name=\"twitter:card\" content=\"summary_large_image\" \/>\n<meta name=\"twitter:label1\" content=\"Est. reading time\" \/>\n\t<meta name=\"twitter:data1\" content=\"1 minute\" \/>\n<script type=\"application\/ld+json\" class=\"yoast-schema-graph\">{\"@context\":\"https:\\\/\\\/schema.org\",\"@graph\":[{\"@type\":\"WebPage\",\"@id\":\"https:\\\/\\\/pizzornowines.com\\\/product\\\/exclusive-petit-verdot\\\/\",\"url\":\"https:\\\/\\\/pizzornowines.com\\\/product\\\/exclusive-petit-verdot\\\/\",\"name\":\"Exclusive Petit Verdot - Pizzorno Family Estates\",\"isPartOf\":{\"@id\":\"https:\\\/\\\/pizzornowines.com\\\/#website\"},\"datePublished\":\"2023-02-07T15:50:46+00:00\",\"breadcrumb\":{\"@id\":\"https:\\\/\\\/pizzornowines.com\\\/product\\\/exclusive-petit-verdot\\\/#breadcrumb\"},\"inLanguage\":\"en-US\",\"potentialAction\":[{\"@type\":\"ReadAction\",\"target\":[\"https:\\\/\\\/pizzornowines.com\\\/product\\\/exclusive-petit-verdot\\\/\"]}]},{\"@type\":\"BreadcrumbList\",\"@id\":\"https:\\\/\\\/pizzornowines.com\\\/product\\\/exclusive-petit-verdot\\\/#breadcrumb\",\"itemListElement\":[{\"@type\":\"ListItem\",\"position\":1,\"name\":\"Home\",\"item\":\"https:\\\/\\\/pizzornowines.com\\\/\"},{\"@type\":\"ListItem\",\"position\":2,\"name\":\"Shop\",\"item\":\"https:\\\/\\\/pizzornowines.com\\\/?page_id=96\"},{\"@type\":\"ListItem\",\"position\":3,\"name\":\"Exclusive Petit Verdot\"}]},{\"@type\":\"WebSite\",\"@id\":\"https:\\\/\\\/pizzornowines.com\\\/#website\",\"url\":\"https:\\\/\\\/pizzornowines.com\\\/\",\"name\":\"Pizzorno Family Estates\",\"description\":\"Pasi\u00f3n por la tierra y el vino\",\"publisher\":{\"@id\":\"https:\\\/\\\/pizzornowines.com\\\/#organization\"},\"potentialAction\":[{\"@type\":\"SearchAction\",\"target\":{\"@type\":\"EntryPoint\",\"urlTemplate\":\"https:\\\/\\\/pizzornowines.com\\\/?s={search_term_string}\"},\"query-input\":{\"@type\":\"PropertyValueSpecification\",\"valueRequired\":true,\"valueName\":\"search_term_string\"}}],\"inLanguage\":\"en-US\"},{\"@type\":\"Organization\",\"@id\":\"https:\\\/\\\/pizzornowines.com\\\/#organization\",\"name\":\"Pizzorno Family Estates\",\"url\":\"https:\\\/\\\/pizzornowines.com\\\/\",\"logo\":{\"@type\":\"ImageObject\",\"inLanguage\":\"en-US\",\"@id\":\"https:\\\/\\\/pizzornowines.com\\\/#\\\/schema\\\/logo\\\/image\\\/\",\"url\":\"https:\\\/\\\/pizzornowines.com\\\/wp-content\\\/uploads\\\/Pizzorno-Family-Estate-logo.svg\",\"contentUrl\":\"https:\\\/\\\/pizzornowines.com\\\/wp-content\\\/uploads\\\/Pizzorno-Family-Estate-logo.svg\",\"width\":422,\"height\":283,\"caption\":\"Pizzorno Family Estates\"},\"image\":{\"@id\":\"https:\\\/\\\/pizzornowines.com\\\/#\\\/schema\\\/logo\\\/image\\\/\"},\"sameAs\":[\"https:\\\/\\\/www.facebook.com\\\/pizzorno.family.estates\"]}]}<\/script>\n<!-- \/ Yoast SEO plugin. -->","yoast_head_json":{"title":"Exclusive Petit Verdot - Pizzorno Family Estates","robots":{"index":"noindex","follow":"follow","max-snippet":"max-snippet:-1","max-image-preview":"max-image-preview:large","max-video-preview":"max-video-preview:-1"},"og_locale":"en_US","og_type":"article","og_title":"Exclusive Petit Verdot - Pizzorno Family Estates","og_description":"La fermentaci\u00f3n a barril cerrado es una t\u00e9cnica tradicional y muy antigua. Para este vino no se controla la temperatura ni se hacen agregados de enzimas o levaduras, la fermentaci\u00f3n sucede gracias a las levaduras que la uva posee en su c\u00e1scara (levaduras ind\u00edgenas). Las uvas se cosechan con una madurez \u00f3ptima y al llegar a la bodega realizamos un despalillado manual para poder obtener los granos enteros los que colocaremos dentro de barricas de roble franc\u00e9s donde la fermentaci\u00f3n va a tener lugar. Cuando la fermentaci\u00f3n alcoh\u00f3lica termina, se dejan las c\u00e1scaras en contacto con el vino durante 30 d\u00edas m\u00e1s. Buscamos que la fermentaci\u00f3n malol\u00e1ctica suceda para lograr una redondez final. Para poder realizar el prensado de los orujos tenemos que desarmar la barrica y manualmente ponerlos en una prensa manual donde realizaremos un leve prensado. De dos barricas de fermentaci\u00f3n obtenemos solamente una para la crianza que ser\u00e1 de un a\u00f1o como m\u00ednimo. Nota de cata: Se presenta en copa con un color rub\u00ed vivo, brillo elevado e intensidad media. En nariz tiene intensas notas que recuerdan a especias como el cardamomo y la pimienta verde junto con aromas a cassis, malta y un fondo ahumado con chocolate negro. En boca se presenta con un ataque leve, un cuerpo presente y una astringencia media. Posee una intensidad media en boca y un final amable y largo. Ideal para combinar con rissoto o carnes de cerdo agridulces y papas asadas.","og_url":"https:\/\/pizzornowines.com\/en\/product\/exclusive-petit-verdot\/","og_site_name":"Pizzorno Family Estates","article_publisher":"https:\/\/www.facebook.com\/pizzorno.family.estates","twitter_card":"summary_large_image","twitter_misc":{"Est. reading time":"1 minute"},"schema":{"@context":"https:\/\/schema.org","@graph":[{"@type":"WebPage","@id":"https:\/\/pizzornowines.com\/product\/exclusive-petit-verdot\/","url":"https:\/\/pizzornowines.com\/product\/exclusive-petit-verdot\/","name":"Exclusive Petit Verdot - Pizzorno Family Estates","isPartOf":{"@id":"https:\/\/pizzornowines.com\/#website"},"datePublished":"2023-02-07T15:50:46+00:00","breadcrumb":{"@id":"https:\/\/pizzornowines.com\/product\/exclusive-petit-verdot\/#breadcrumb"},"inLanguage":"en-US","potentialAction":[{"@type":"ReadAction","target":["https:\/\/pizzornowines.com\/product\/exclusive-petit-verdot\/"]}]},{"@type":"BreadcrumbList","@id":"https:\/\/pizzornowines.com\/product\/exclusive-petit-verdot\/#breadcrumb","itemListElement":[{"@type":"ListItem","position":1,"name":"Home","item":"https:\/\/pizzornowines.com\/"},{"@type":"ListItem","position":2,"name":"Shop","item":"https:\/\/pizzornowines.com\/?page_id=96"},{"@type":"ListItem","position":3,"name":"Exclusive Petit Verdot"}]},{"@type":"WebSite","@id":"https:\/\/pizzornowines.com\/#website","url":"https:\/\/pizzornowines.com\/","name":"Pizzorno Family Estates","description":"Pasi\u00f3n por la tierra y el vino","publisher":{"@id":"https:\/\/pizzornowines.com\/#organization"},"potentialAction":[{"@type":"SearchAction","target":{"@type":"EntryPoint","urlTemplate":"https:\/\/pizzornowines.com\/?s={search_term_string}"},"query-input":{"@type":"PropertyValueSpecification","valueRequired":true,"valueName":"search_term_string"}}],"inLanguage":"en-US"},{"@type":"Organization","@id":"https:\/\/pizzornowines.com\/#organization","name":"Pizzorno Family Estates","url":"https:\/\/pizzornowines.com\/","logo":{"@type":"ImageObject","inLanguage":"en-US","@id":"https:\/\/pizzornowines.com\/#\/schema\/logo\/image\/","url":"https:\/\/pizzornowines.com\/wp-content\/uploads\/Pizzorno-Family-Estate-logo.svg","contentUrl":"https:\/\/pizzornowines.com\/wp-content\/uploads\/Pizzorno-Family-Estate-logo.svg","width":422,"height":283,"caption":"Pizzorno Family Estates"},"image":{"@id":"https:\/\/pizzornowines.com\/#\/schema\/logo\/image\/"},"sameAs":["https:\/\/www.facebook.com\/pizzorno.family.estates"]}]}},"_links":{"self":[{"href":"https:\/\/pizzornowines.com\/en\/wp-json\/wp\/v2\/product\/286","targetHints":{"allow":["GET"]}}],"collection":[{"href":"https:\/\/pizzornowines.com\/en\/wp-json\/wp\/v2\/product"}],"about":[{"href":"https:\/\/pizzornowines.com\/en\/wp-json\/wp\/v2\/types\/product"}],"replies":[{"embeddable":true,"href":"https:\/\/pizzornowines.com\/en\/wp-json\/wp\/v2\/comments?post=286"}],"version-history":[{"count":0,"href":"https:\/\/pizzornowines.com\/en\/wp-json\/wp\/v2\/product\/286\/revisions"}],"wp:attachment":[{"href":"https:\/\/pizzornowines.com\/en\/wp-json\/wp\/v2\/media?parent=286"}],"wp:term":[{"taxonomy":"tipo-visita","embeddable":true,"href":"https:\/\/pizzornowines.com\/en\/wp-json\/wp\/v2\/tipo-visita?post=286"},{"taxonomy":"product_brand","embeddable":true,"href":"https:\/\/pizzornowines.com\/en\/wp-json\/wp\/v2\/product_brand?post=286"},{"taxonomy":"product_cat","embeddable":true,"href":"https:\/\/pizzornowines.com\/en\/wp-json\/wp\/v2\/product_cat?post=286"},{"taxonomy":"product_tag","embeddable":true,"href":"https:\/\/pizzornowines.com\/en\/wp-json\/wp\/v2\/product_tag?post=286"}],"curies":[{"name":"wp","href":"https:\/\/api.w.org\/{rel}","templated":true}]}}