{"id":285,"date":"2023-02-07T12:51:39","date_gmt":"2023-02-07T15:51:39","guid":{"rendered":"https:\/\/pizzorno.r1group.com.ar\/producto\/premium-primo-2015\/"},"modified":"2025-05-18T12:17:31","modified_gmt":"2025-05-18T15:17:31","slug":"premium-primo-2015","status":"publish","type":"product","link":"https:\/\/pizzornowines.com\/en\/product\/premium-primo-2015\/","title":{"rendered":"PRIMO 2015"},"content":{"rendered":"<p>&#x1f947; 95 pt DESCORCHADOS<br \/>\n&#x1f947; 94 pt TIM ATKIN<br \/>\n&#x1f947; 92 pt SUCKLING<\/p>\n<p>Este blend elaborado a partir de la selecci\u00f3n de nuestras mejores parcelas en las mejores a\u00f1adas es el primer vino Premium, creado como homenaje a los 100 a\u00f1os de la fundaci\u00f3n de nuestro establecimiento. Ficha t\u00e9cnica: Fruto de la excelente cosecha 2015 de las variedades Tannat, Merlot, Malbec y Petit Verdot, con una rigurosa selecci\u00f3n de racimos cosechados a mano, y que al ingreso a la bodega son sometidos a una segunda selecci\u00f3n grano a grano. Vinificaci\u00f3n tradicional de cada variedad obteniendo el m\u00e1ximo potencial de cada una de ellas con posterior crianza de 24 meses en roble franc\u00e9s de primer uso del bosque de Alliers. La degustaci\u00f3n peri\u00f3dica y cuidadosa de cada barrica es determinante para decidir el assamblage final, que luego es sometido a una nueva crianza en roble franc\u00e9s por 8 meses, logrando integrar todas sus mejores cualidades y resaltar la complejidad del corte final , adem\u00e1s de la pasi\u00f3n y experiencia de la familia. Fecha de embotellado: Mayo del 2018 (sin previa filtraci\u00f3n ni estabilizaci\u00f3n). El potencial de guarda recomendado es 9 a\u00f1os. Nota de cata: Color p\u00farpura oscuro con aristas brillantes. Gran expresi\u00f3n e impactante potencial arom\u00e1tico. Se muestra complejo y estructurado, con una gran concentraci\u00f3n de taninos dulces y maduros, muy buen cuerpo, de prolongado y elegante final. La complejidad de nariz se repite en la boca sobresaliendo las frutas rojas muy maduras, acompa\u00f1ada de una sutil nota de tabaco y de especias.<\/p>","protected":false},"excerpt":{"rendered":"<p>Primo 2015 es una edici\u00f3n limitada que representa lo m\u00e1s alto de nuestra expresi\u00f3n enol\u00f3gica. Elaborado solo en a\u00f1adas excepcionales, este blend premium rinde homenaje al centenario de Bodega Pizzorno y encarna la pasi\u00f3n, el cuidado y la tradici\u00f3n de cuatro generaciones.<\/p>\n<p>Fruto de una rigurosa selecci\u00f3n de nuestras mejores parcelas, combina Tannat, Merlot, Malbec y Petit Verdot. Cada racimo fue cosechado a mano y sometido a una segunda selecci\u00f3n grano a grano, asegurando la m\u00e1xima calidad desde el vi\u00f1edo. Las variedades se vinificaron por separado para respetar su identidad y alcanzar su mayor expresi\u00f3n.<\/p>\n<p>El vino fue criado durante 12 meses en barricas nuevas de roble franc\u00e9s del bosque de Alliers. Luego, tras catas meticulosas, se defini\u00f3 el corte final, que volvi\u00f3 a barrica por 12 meses m\u00e1s para lograr una integraci\u00f3n arm\u00f3nica y compleja. Embotellado en mayo de 2018, sin filtraci\u00f3n ni estabilizaci\u00f3n, conserva toda su esencia natural. <\/p>\n<p>Primo fue nuestro primer vino \u00edcono, y por eso lo llamamos as\u00ed: el primero.<br \/>\nUn vino de colecci\u00f3n, que habla de historia y excelencia.<\/p>","protected":false},"featured_media":276,"comment_status":"closed","ping_status":"closed","template":"","meta":{"_acf_changed":false,"_joinchat":[]},"tipo-visita":[],"product_brand":[],"product_cat":[31],"product_tag":[],"class_list":{"0":"post-285","1":"product","2":"type-product","3":"status-publish","4":"has-post-thumbnail","6":"product_cat-premium","8":"first","9":"instock","10":"shipping-taxable","11":"product-type-simple"},"exclude_global_add_ons":[],"addons":[],"acf":[],"yoast_head":"<!-- This site is optimized with the Yoast SEO plugin v27.4 - https:\/\/yoast.com\/product\/yoast-seo-wordpress\/ -->\n<title>PRIMO 2015 - Pizzorno Family Estates<\/title>\n<meta name=\"robots\" content=\"noindex, follow, max-snippet:-1, max-image-preview:large, max-video-preview:-1\" \/>\n<meta property=\"og:locale\" content=\"en_US\" \/>\n<meta property=\"og:type\" content=\"article\" \/>\n<meta property=\"og:title\" content=\"PRIMO 2015 - Pizzorno Family Estates\" \/>\n<meta property=\"og:description\" content=\"Primo 2015 es una edici\u00f3n limitada que representa lo m\u00e1s alto de nuestra expresi\u00f3n enol\u00f3gica. Elaborado solo en a\u00f1adas excepcionales, este blend premium rinde homenaje al centenario de Bodega Pizzorno y encarna la pasi\u00f3n, el cuidado y la tradici\u00f3n de cuatro generaciones.  Fruto de una rigurosa selecci\u00f3n de nuestras mejores parcelas, combina Tannat, Merlot, Malbec y Petit Verdot. Cada racimo fue cosechado a mano y sometido a una segunda selecci\u00f3n grano a grano, asegurando la m\u00e1xima calidad desde el vi\u00f1edo. Las variedades se vinificaron por separado para respetar su identidad y alcanzar su mayor expresi\u00f3n.  El vino fue criado durante 12 meses en barricas nuevas de roble franc\u00e9s del bosque de Alliers. Luego, tras catas meticulosas, se defini\u00f3 el corte final, que volvi\u00f3 a barrica por 12 meses m\u00e1s para lograr una integraci\u00f3n arm\u00f3nica y compleja. Embotellado en mayo de 2018, sin filtraci\u00f3n ni estabilizaci\u00f3n, conserva toda su esencia natural.   Primo fue nuestro primer vino \u00edcono, y por eso lo llamamos as\u00ed: el primero. Un vino de colecci\u00f3n, que habla de historia y excelencia.\" \/>\n<meta property=\"og:url\" content=\"https:\/\/pizzornowines.com\/en\/product\/premium-primo-2015\/\" \/>\n<meta property=\"og:site_name\" content=\"Pizzorno Family Estates\" \/>\n<meta property=\"article:publisher\" content=\"https:\/\/www.facebook.com\/pizzorno.family.estates\" \/>\n<meta property=\"article:modified_time\" content=\"2025-05-18T15:17:31+00:00\" \/>\n<meta property=\"og:image\" content=\"https:\/\/pizzornowines.com\/wp-content\/uploads\/2023\/04\/Premium-1-PRIMO.jpg\" \/>\n\t<meta property=\"og:image:width\" content=\"255\" \/>\n\t<meta property=\"og:image:height\" content=\"780\" \/>\n\t<meta property=\"og:image:type\" content=\"image\/jpeg\" \/>\n<meta name=\"twitter:card\" content=\"summary_large_image\" \/>\n<meta name=\"twitter:label1\" content=\"Est. reading time\" \/>\n\t<meta name=\"twitter:data1\" content=\"1 minute\" \/>\n<script type=\"application\/ld+json\" class=\"yoast-schema-graph\">{\"@context\":\"https:\\\/\\\/schema.org\",\"@graph\":[{\"@type\":\"WebPage\",\"@id\":\"https:\\\/\\\/pizzornowines.com\\\/product\\\/premium-primo-2015\\\/\",\"url\":\"https:\\\/\\\/pizzornowines.com\\\/product\\\/premium-primo-2015\\\/\",\"name\":\"PRIMO 2015 - Pizzorno Family Estates\",\"isPartOf\":{\"@id\":\"https:\\\/\\\/pizzornowines.com\\\/#website\"},\"primaryImageOfPage\":{\"@id\":\"https:\\\/\\\/pizzornowines.com\\\/product\\\/premium-primo-2015\\\/#primaryimage\"},\"image\":{\"@id\":\"https:\\\/\\\/pizzornowines.com\\\/product\\\/premium-primo-2015\\\/#primaryimage\"},\"thumbnailUrl\":\"https:\\\/\\\/pizzornowines.com\\\/wp-content\\\/uploads\\\/2023\\\/04\\\/Premium-1-PRIMO.jpg\",\"datePublished\":\"2023-02-07T15:51:39+00:00\",\"dateModified\":\"2025-05-18T15:17:31+00:00\",\"breadcrumb\":{\"@id\":\"https:\\\/\\\/pizzornowines.com\\\/product\\\/premium-primo-2015\\\/#breadcrumb\"},\"inLanguage\":\"en-US\",\"potentialAction\":[{\"@type\":\"ReadAction\",\"target\":[\"https:\\\/\\\/pizzornowines.com\\\/product\\\/premium-primo-2015\\\/\"]}]},{\"@type\":\"ImageObject\",\"inLanguage\":\"en-US\",\"@id\":\"https:\\\/\\\/pizzornowines.com\\\/product\\\/premium-primo-2015\\\/#primaryimage\",\"url\":\"https:\\\/\\\/pizzornowines.com\\\/wp-content\\\/uploads\\\/2023\\\/04\\\/Premium-1-PRIMO.jpg\",\"contentUrl\":\"https:\\\/\\\/pizzornowines.com\\\/wp-content\\\/uploads\\\/2023\\\/04\\\/Premium-1-PRIMO.jpg\",\"width\":255,\"height\":780},{\"@type\":\"BreadcrumbList\",\"@id\":\"https:\\\/\\\/pizzornowines.com\\\/product\\\/premium-primo-2015\\\/#breadcrumb\",\"itemListElement\":[{\"@type\":\"ListItem\",\"position\":1,\"name\":\"Home\",\"item\":\"https:\\\/\\\/pizzornowines.com\\\/\"},{\"@type\":\"ListItem\",\"position\":2,\"name\":\"Shop\",\"item\":\"https:\\\/\\\/pizzornowines.com\\\/?page_id=96\"},{\"@type\":\"ListItem\",\"position\":3,\"name\":\"PRIMO 2015\"}]},{\"@type\":\"WebSite\",\"@id\":\"https:\\\/\\\/pizzornowines.com\\\/#website\",\"url\":\"https:\\\/\\\/pizzornowines.com\\\/\",\"name\":\"Pizzorno Family Estates\",\"description\":\"Pasi\u00f3n por la tierra y el vino\",\"publisher\":{\"@id\":\"https:\\\/\\\/pizzornowines.com\\\/#organization\"},\"potentialAction\":[{\"@type\":\"SearchAction\",\"target\":{\"@type\":\"EntryPoint\",\"urlTemplate\":\"https:\\\/\\\/pizzornowines.com\\\/?s={search_term_string}\"},\"query-input\":{\"@type\":\"PropertyValueSpecification\",\"valueRequired\":true,\"valueName\":\"search_term_string\"}}],\"inLanguage\":\"en-US\"},{\"@type\":\"Organization\",\"@id\":\"https:\\\/\\\/pizzornowines.com\\\/#organization\",\"name\":\"Pizzorno Family Estates\",\"url\":\"https:\\\/\\\/pizzornowines.com\\\/\",\"logo\":{\"@type\":\"ImageObject\",\"inLanguage\":\"en-US\",\"@id\":\"https:\\\/\\\/pizzornowines.com\\\/#\\\/schema\\\/logo\\\/image\\\/\",\"url\":\"https:\\\/\\\/pizzornowines.com\\\/wp-content\\\/uploads\\\/Pizzorno-Family-Estate-logo.svg\",\"contentUrl\":\"https:\\\/\\\/pizzornowines.com\\\/wp-content\\\/uploads\\\/Pizzorno-Family-Estate-logo.svg\",\"width\":422,\"height\":283,\"caption\":\"Pizzorno Family Estates\"},\"image\":{\"@id\":\"https:\\\/\\\/pizzornowines.com\\\/#\\\/schema\\\/logo\\\/image\\\/\"},\"sameAs\":[\"https:\\\/\\\/www.facebook.com\\\/pizzorno.family.estates\"]}]}<\/script>\n<!-- \/ Yoast SEO plugin. -->","yoast_head_json":{"title":"PRIMO 2015 - Pizzorno Family Estates","robots":{"index":"noindex","follow":"follow","max-snippet":"max-snippet:-1","max-image-preview":"max-image-preview:large","max-video-preview":"max-video-preview:-1"},"og_locale":"en_US","og_type":"article","og_title":"PRIMO 2015 - Pizzorno Family Estates","og_description":"Primo 2015 es una edici\u00f3n limitada que representa lo m\u00e1s alto de nuestra expresi\u00f3n enol\u00f3gica. Elaborado solo en a\u00f1adas excepcionales, este blend premium rinde homenaje al centenario de Bodega Pizzorno y encarna la pasi\u00f3n, el cuidado y la tradici\u00f3n de cuatro generaciones.  Fruto de una rigurosa selecci\u00f3n de nuestras mejores parcelas, combina Tannat, Merlot, Malbec y Petit Verdot. Cada racimo fue cosechado a mano y sometido a una segunda selecci\u00f3n grano a grano, asegurando la m\u00e1xima calidad desde el vi\u00f1edo. Las variedades se vinificaron por separado para respetar su identidad y alcanzar su mayor expresi\u00f3n.  El vino fue criado durante 12 meses en barricas nuevas de roble franc\u00e9s del bosque de Alliers. Luego, tras catas meticulosas, se defini\u00f3 el corte final, que volvi\u00f3 a barrica por 12 meses m\u00e1s para lograr una integraci\u00f3n arm\u00f3nica y compleja. Embotellado en mayo de 2018, sin filtraci\u00f3n ni estabilizaci\u00f3n, conserva toda su esencia natural.   Primo fue nuestro primer vino \u00edcono, y por eso lo llamamos as\u00ed: el primero. Un vino de colecci\u00f3n, que habla de historia y excelencia.","og_url":"https:\/\/pizzornowines.com\/en\/product\/premium-primo-2015\/","og_site_name":"Pizzorno Family Estates","article_publisher":"https:\/\/www.facebook.com\/pizzorno.family.estates","article_modified_time":"2025-05-18T15:17:31+00:00","og_image":[{"width":255,"height":780,"url":"https:\/\/pizzornowines.com\/wp-content\/uploads\/2023\/04\/Premium-1-PRIMO.jpg","type":"image\/jpeg"}],"twitter_card":"summary_large_image","twitter_misc":{"Est. reading time":"1 minute"},"schema":{"@context":"https:\/\/schema.org","@graph":[{"@type":"WebPage","@id":"https:\/\/pizzornowines.com\/product\/premium-primo-2015\/","url":"https:\/\/pizzornowines.com\/product\/premium-primo-2015\/","name":"PRIMO 2015 - Pizzorno Family Estates","isPartOf":{"@id":"https:\/\/pizzornowines.com\/#website"},"primaryImageOfPage":{"@id":"https:\/\/pizzornowines.com\/product\/premium-primo-2015\/#primaryimage"},"image":{"@id":"https:\/\/pizzornowines.com\/product\/premium-primo-2015\/#primaryimage"},"thumbnailUrl":"https:\/\/pizzornowines.com\/wp-content\/uploads\/2023\/04\/Premium-1-PRIMO.jpg","datePublished":"2023-02-07T15:51:39+00:00","dateModified":"2025-05-18T15:17:31+00:00","breadcrumb":{"@id":"https:\/\/pizzornowines.com\/product\/premium-primo-2015\/#breadcrumb"},"inLanguage":"en-US","potentialAction":[{"@type":"ReadAction","target":["https:\/\/pizzornowines.com\/product\/premium-primo-2015\/"]}]},{"@type":"ImageObject","inLanguage":"en-US","@id":"https:\/\/pizzornowines.com\/product\/premium-primo-2015\/#primaryimage","url":"https:\/\/pizzornowines.com\/wp-content\/uploads\/2023\/04\/Premium-1-PRIMO.jpg","contentUrl":"https:\/\/pizzornowines.com\/wp-content\/uploads\/2023\/04\/Premium-1-PRIMO.jpg","width":255,"height":780},{"@type":"BreadcrumbList","@id":"https:\/\/pizzornowines.com\/product\/premium-primo-2015\/#breadcrumb","itemListElement":[{"@type":"ListItem","position":1,"name":"Home","item":"https:\/\/pizzornowines.com\/"},{"@type":"ListItem","position":2,"name":"Shop","item":"https:\/\/pizzornowines.com\/?page_id=96"},{"@type":"ListItem","position":3,"name":"PRIMO 2015"}]},{"@type":"WebSite","@id":"https:\/\/pizzornowines.com\/#website","url":"https:\/\/pizzornowines.com\/","name":"Pizzorno Family Estates","description":"Pasi\u00f3n por la tierra y el vino","publisher":{"@id":"https:\/\/pizzornowines.com\/#organization"},"potentialAction":[{"@type":"SearchAction","target":{"@type":"EntryPoint","urlTemplate":"https:\/\/pizzornowines.com\/?s={search_term_string}"},"query-input":{"@type":"PropertyValueSpecification","valueRequired":true,"valueName":"search_term_string"}}],"inLanguage":"en-US"},{"@type":"Organization","@id":"https:\/\/pizzornowines.com\/#organization","name":"Pizzorno Family Estates","url":"https:\/\/pizzornowines.com\/","logo":{"@type":"ImageObject","inLanguage":"en-US","@id":"https:\/\/pizzornowines.com\/#\/schema\/logo\/image\/","url":"https:\/\/pizzornowines.com\/wp-content\/uploads\/Pizzorno-Family-Estate-logo.svg","contentUrl":"https:\/\/pizzornowines.com\/wp-content\/uploads\/Pizzorno-Family-Estate-logo.svg","width":422,"height":283,"caption":"Pizzorno Family Estates"},"image":{"@id":"https:\/\/pizzornowines.com\/#\/schema\/logo\/image\/"},"sameAs":["https:\/\/www.facebook.com\/pizzorno.family.estates"]}]}},"_links":{"self":[{"href":"https:\/\/pizzornowines.com\/en\/wp-json\/wp\/v2\/product\/285","targetHints":{"allow":["GET"]}}],"collection":[{"href":"https:\/\/pizzornowines.com\/en\/wp-json\/wp\/v2\/product"}],"about":[{"href":"https:\/\/pizzornowines.com\/en\/wp-json\/wp\/v2\/types\/product"}],"replies":[{"embeddable":true,"href":"https:\/\/pizzornowines.com\/en\/wp-json\/wp\/v2\/comments?post=285"}],"version-history":[{"count":3,"href":"https:\/\/pizzornowines.com\/en\/wp-json\/wp\/v2\/product\/285\/revisions"}],"predecessor-version":[{"id":2135,"href":"https:\/\/pizzornowines.com\/en\/wp-json\/wp\/v2\/product\/285\/revisions\/2135"}],"wp:featuredmedia":[{"embeddable":true,"href":"https:\/\/pizzornowines.com\/en\/wp-json\/wp\/v2\/media\/276"}],"wp:attachment":[{"href":"https:\/\/pizzornowines.com\/en\/wp-json\/wp\/v2\/media?parent=285"}],"wp:term":[{"taxonomy":"tipo-visita","embeddable":true,"href":"https:\/\/pizzornowines.com\/en\/wp-json\/wp\/v2\/tipo-visita?post=285"},{"taxonomy":"product_brand","embeddable":true,"href":"https:\/\/pizzornowines.com\/en\/wp-json\/wp\/v2\/product_brand?post=285"},{"taxonomy":"product_cat","embeddable":true,"href":"https:\/\/pizzornowines.com\/en\/wp-json\/wp\/v2\/product_cat?post=285"},{"taxonomy":"product_tag","embeddable":true,"href":"https:\/\/pizzornowines.com\/en\/wp-json\/wp\/v2\/product_tag?post=285"}],"curies":[{"name":"wp","href":"https:\/\/api.w.org\/{rel}","templated":true}]}}