{"id":283,"date":"2023-02-07T12:52:35","date_gmt":"2023-02-07T15:52:35","guid":{"rendered":"https:\/\/pizzorno.r1group.com.ar\/producto\/premium-araza-ice-wine-2015\/"},"modified":"2025-06-29T15:01:41","modified_gmt":"2025-06-29T18:01:41","slug":"premium-araza-ice-wine-2015","status":"publish","type":"product","link":"https:\/\/pizzornowines.com\/en\/product\/premium-araza-ice-wine-2015\/","title":{"rendered":"Pizzorno Premium Araz\u00e1 Ice Wine"},"content":{"rendered":"<p>Araz\u00e1 Ice Wine es un vino dulce especial elaborado con uvas congeladas. Composici\u00f3n varietal: 100% Sauvignon Blanc Vinificaci\u00f3n: Congelado de las uvas hasta alcanzar temperaturas inferiores a los -8\u00baC. Posterior prensado y obtenci\u00f3n del mosto de caracter\u00edsticas \u00fanicas con sabor concentrado, alto contenido de az\u00facar, intenso color y aromas a frutas maduras como durazno y mango.<\/p>","protected":false},"excerpt":{"rendered":"<p>Vino dulce de elaboraci\u00f3n especial, a partir de uvas Sauvignon Blanc cosechadas tard\u00edamente y congeladas a -15 \u00baC. El prensado en fr\u00edo permiti\u00f3 obtener un mosto escaso pero altamente concentrado, con gran intensidad arom\u00e1tica y az\u00facar natural.<br \/>\nFermentado en tanques de acero inoxidable y criado durante 12 meses en barricas de roble franc\u00e9s, desarrolla un perfil ex\u00f3tico y elegante.<br \/>\nSu nombre hace referencia al Araz\u00e1, fruta nativa del Uruguay, cuyas notas arom\u00e1ticas se perciben claramente en este vino singular, expresivo y seductor.<\/p>","protected":false},"featured_media":284,"comment_status":"closed","ping_status":"closed","template":"","meta":{"_acf_changed":false,"_joinchat":[]},"tipo-visita":[],"product_brand":[],"product_cat":[31],"product_tag":[],"class_list":{"0":"post-283","1":"product","2":"type-product","3":"status-publish","4":"has-post-thumbnail","6":"product_cat-premium","8":"first","9":"instock","10":"shipping-taxable","11":"product-type-simple"},"exclude_global_add_ons":[],"addons":[],"acf":[],"yoast_head":"<!-- This site is optimized with the Yoast SEO plugin v27.4 - https:\/\/yoast.com\/product\/yoast-seo-wordpress\/ -->\n<title>Pizzorno Premium Araz\u00e1 Ice Wine - Pizzorno Family Estates<\/title>\n<meta name=\"robots\" content=\"noindex, follow, max-snippet:-1, max-image-preview:large, max-video-preview:-1\" \/>\n<meta property=\"og:locale\" content=\"en_US\" \/>\n<meta property=\"og:type\" content=\"article\" \/>\n<meta property=\"og:title\" content=\"Pizzorno Premium Araz\u00e1 Ice Wine - Pizzorno Family Estates\" \/>\n<meta property=\"og:description\" content=\"Vino dulce de elaboraci\u00f3n especial, a partir de uvas Sauvignon Blanc cosechadas tard\u00edamente y congeladas a -15 \u00baC. El prensado en fr\u00edo permiti\u00f3 obtener un mosto escaso pero altamente concentrado, con gran intensidad arom\u00e1tica y az\u00facar natural. Fermentado en tanques de acero inoxidable y criado durante 12 meses en barricas de roble franc\u00e9s, desarrolla un perfil ex\u00f3tico y elegante. Su nombre hace referencia al Araz\u00e1, fruta nativa del Uruguay, cuyas notas arom\u00e1ticas se perciben claramente en este vino singular, expresivo y seductor.\" \/>\n<meta property=\"og:url\" content=\"https:\/\/pizzornowines.com\/en\/product\/premium-araza-ice-wine-2015\/\" \/>\n<meta property=\"og:site_name\" content=\"Pizzorno Family Estates\" \/>\n<meta property=\"article:publisher\" content=\"https:\/\/www.facebook.com\/pizzorno.family.estates\" \/>\n<meta property=\"article:modified_time\" content=\"2025-06-29T18:01:41+00:00\" \/>\n<meta property=\"og:image\" content=\"https:\/\/pizzornowines.com\/wp-content\/uploads\/2023\/04\/Premium-2-ice-wine.jpg\" \/>\n\t<meta property=\"og:image:width\" content=\"221\" \/>\n\t<meta property=\"og:image:height\" content=\"780\" \/>\n\t<meta property=\"og:image:type\" content=\"image\/jpeg\" \/>\n<meta name=\"twitter:card\" content=\"summary_large_image\" \/>\n<script type=\"application\/ld+json\" class=\"yoast-schema-graph\">{\"@context\":\"https:\\\/\\\/schema.org\",\"@graph\":[{\"@type\":\"WebPage\",\"@id\":\"https:\\\/\\\/pizzornowines.com\\\/product\\\/premium-araza-ice-wine-2015\\\/\",\"url\":\"https:\\\/\\\/pizzornowines.com\\\/product\\\/premium-araza-ice-wine-2015\\\/\",\"name\":\"Pizzorno Premium Araz\u00e1 Ice Wine - Pizzorno Family Estates\",\"isPartOf\":{\"@id\":\"https:\\\/\\\/pizzornowines.com\\\/#website\"},\"primaryImageOfPage\":{\"@id\":\"https:\\\/\\\/pizzornowines.com\\\/product\\\/premium-araza-ice-wine-2015\\\/#primaryimage\"},\"image\":{\"@id\":\"https:\\\/\\\/pizzornowines.com\\\/product\\\/premium-araza-ice-wine-2015\\\/#primaryimage\"},\"thumbnailUrl\":\"https:\\\/\\\/pizzornowines.com\\\/wp-content\\\/uploads\\\/2023\\\/04\\\/Premium-2-ice-wine.jpg\",\"datePublished\":\"2023-02-07T15:52:35+00:00\",\"dateModified\":\"2025-06-29T18:01:41+00:00\",\"breadcrumb\":{\"@id\":\"https:\\\/\\\/pizzornowines.com\\\/product\\\/premium-araza-ice-wine-2015\\\/#breadcrumb\"},\"inLanguage\":\"en-US\",\"potentialAction\":[{\"@type\":\"ReadAction\",\"target\":[\"https:\\\/\\\/pizzornowines.com\\\/product\\\/premium-araza-ice-wine-2015\\\/\"]}]},{\"@type\":\"ImageObject\",\"inLanguage\":\"en-US\",\"@id\":\"https:\\\/\\\/pizzornowines.com\\\/product\\\/premium-araza-ice-wine-2015\\\/#primaryimage\",\"url\":\"https:\\\/\\\/pizzornowines.com\\\/wp-content\\\/uploads\\\/2023\\\/04\\\/Premium-2-ice-wine.jpg\",\"contentUrl\":\"https:\\\/\\\/pizzornowines.com\\\/wp-content\\\/uploads\\\/2023\\\/04\\\/Premium-2-ice-wine.jpg\",\"width\":221,\"height\":780},{\"@type\":\"BreadcrumbList\",\"@id\":\"https:\\\/\\\/pizzornowines.com\\\/product\\\/premium-araza-ice-wine-2015\\\/#breadcrumb\",\"itemListElement\":[{\"@type\":\"ListItem\",\"position\":1,\"name\":\"Home\",\"item\":\"https:\\\/\\\/pizzornowines.com\\\/\"},{\"@type\":\"ListItem\",\"position\":2,\"name\":\"Shop\",\"item\":\"https:\\\/\\\/pizzornowines.com\\\/?page_id=96\"},{\"@type\":\"ListItem\",\"position\":3,\"name\":\"Pizzorno Premium Araz\u00e1 Ice Wine\"}]},{\"@type\":\"WebSite\",\"@id\":\"https:\\\/\\\/pizzornowines.com\\\/#website\",\"url\":\"https:\\\/\\\/pizzornowines.com\\\/\",\"name\":\"Pizzorno Family Estates\",\"description\":\"Pasi\u00f3n por la tierra y el vino\",\"publisher\":{\"@id\":\"https:\\\/\\\/pizzornowines.com\\\/#organization\"},\"potentialAction\":[{\"@type\":\"SearchAction\",\"target\":{\"@type\":\"EntryPoint\",\"urlTemplate\":\"https:\\\/\\\/pizzornowines.com\\\/?s={search_term_string}\"},\"query-input\":{\"@type\":\"PropertyValueSpecification\",\"valueRequired\":true,\"valueName\":\"search_term_string\"}}],\"inLanguage\":\"en-US\"},{\"@type\":\"Organization\",\"@id\":\"https:\\\/\\\/pizzornowines.com\\\/#organization\",\"name\":\"Pizzorno Family Estates\",\"url\":\"https:\\\/\\\/pizzornowines.com\\\/\",\"logo\":{\"@type\":\"ImageObject\",\"inLanguage\":\"en-US\",\"@id\":\"https:\\\/\\\/pizzornowines.com\\\/#\\\/schema\\\/logo\\\/image\\\/\",\"url\":\"https:\\\/\\\/pizzornowines.com\\\/wp-content\\\/uploads\\\/Pizzorno-Family-Estate-logo.svg\",\"contentUrl\":\"https:\\\/\\\/pizzornowines.com\\\/wp-content\\\/uploads\\\/Pizzorno-Family-Estate-logo.svg\",\"width\":422,\"height\":283,\"caption\":\"Pizzorno Family Estates\"},\"image\":{\"@id\":\"https:\\\/\\\/pizzornowines.com\\\/#\\\/schema\\\/logo\\\/image\\\/\"},\"sameAs\":[\"https:\\\/\\\/www.facebook.com\\\/pizzorno.family.estates\"]}]}<\/script>\n<!-- \/ Yoast SEO plugin. -->","yoast_head_json":{"title":"Pizzorno Premium Araz\u00e1 Ice Wine - Pizzorno Family Estates","robots":{"index":"noindex","follow":"follow","max-snippet":"max-snippet:-1","max-image-preview":"max-image-preview:large","max-video-preview":"max-video-preview:-1"},"og_locale":"en_US","og_type":"article","og_title":"Pizzorno Premium Araz\u00e1 Ice Wine - Pizzorno Family Estates","og_description":"Vino dulce de elaboraci\u00f3n especial, a partir de uvas Sauvignon Blanc cosechadas tard\u00edamente y congeladas a -15 \u00baC. El prensado en fr\u00edo permiti\u00f3 obtener un mosto escaso pero altamente concentrado, con gran intensidad arom\u00e1tica y az\u00facar natural. Fermentado en tanques de acero inoxidable y criado durante 12 meses en barricas de roble franc\u00e9s, desarrolla un perfil ex\u00f3tico y elegante. Su nombre hace referencia al Araz\u00e1, fruta nativa del Uruguay, cuyas notas arom\u00e1ticas se perciben claramente en este vino singular, expresivo y seductor.","og_url":"https:\/\/pizzornowines.com\/en\/product\/premium-araza-ice-wine-2015\/","og_site_name":"Pizzorno Family Estates","article_publisher":"https:\/\/www.facebook.com\/pizzorno.family.estates","article_modified_time":"2025-06-29T18:01:41+00:00","og_image":[{"width":221,"height":780,"url":"https:\/\/pizzornowines.com\/wp-content\/uploads\/2023\/04\/Premium-2-ice-wine.jpg","type":"image\/jpeg"}],"twitter_card":"summary_large_image","schema":{"@context":"https:\/\/schema.org","@graph":[{"@type":"WebPage","@id":"https:\/\/pizzornowines.com\/product\/premium-araza-ice-wine-2015\/","url":"https:\/\/pizzornowines.com\/product\/premium-araza-ice-wine-2015\/","name":"Pizzorno Premium Araz\u00e1 Ice Wine - Pizzorno Family Estates","isPartOf":{"@id":"https:\/\/pizzornowines.com\/#website"},"primaryImageOfPage":{"@id":"https:\/\/pizzornowines.com\/product\/premium-araza-ice-wine-2015\/#primaryimage"},"image":{"@id":"https:\/\/pizzornowines.com\/product\/premium-araza-ice-wine-2015\/#primaryimage"},"thumbnailUrl":"https:\/\/pizzornowines.com\/wp-content\/uploads\/2023\/04\/Premium-2-ice-wine.jpg","datePublished":"2023-02-07T15:52:35+00:00","dateModified":"2025-06-29T18:01:41+00:00","breadcrumb":{"@id":"https:\/\/pizzornowines.com\/product\/premium-araza-ice-wine-2015\/#breadcrumb"},"inLanguage":"en-US","potentialAction":[{"@type":"ReadAction","target":["https:\/\/pizzornowines.com\/product\/premium-araza-ice-wine-2015\/"]}]},{"@type":"ImageObject","inLanguage":"en-US","@id":"https:\/\/pizzornowines.com\/product\/premium-araza-ice-wine-2015\/#primaryimage","url":"https:\/\/pizzornowines.com\/wp-content\/uploads\/2023\/04\/Premium-2-ice-wine.jpg","contentUrl":"https:\/\/pizzornowines.com\/wp-content\/uploads\/2023\/04\/Premium-2-ice-wine.jpg","width":221,"height":780},{"@type":"BreadcrumbList","@id":"https:\/\/pizzornowines.com\/product\/premium-araza-ice-wine-2015\/#breadcrumb","itemListElement":[{"@type":"ListItem","position":1,"name":"Home","item":"https:\/\/pizzornowines.com\/"},{"@type":"ListItem","position":2,"name":"Shop","item":"https:\/\/pizzornowines.com\/?page_id=96"},{"@type":"ListItem","position":3,"name":"Pizzorno Premium Araz\u00e1 Ice Wine"}]},{"@type":"WebSite","@id":"https:\/\/pizzornowines.com\/#website","url":"https:\/\/pizzornowines.com\/","name":"Pizzorno Family Estates","description":"Pasi\u00f3n por la tierra y el vino","publisher":{"@id":"https:\/\/pizzornowines.com\/#organization"},"potentialAction":[{"@type":"SearchAction","target":{"@type":"EntryPoint","urlTemplate":"https:\/\/pizzornowines.com\/?s={search_term_string}"},"query-input":{"@type":"PropertyValueSpecification","valueRequired":true,"valueName":"search_term_string"}}],"inLanguage":"en-US"},{"@type":"Organization","@id":"https:\/\/pizzornowines.com\/#organization","name":"Pizzorno Family Estates","url":"https:\/\/pizzornowines.com\/","logo":{"@type":"ImageObject","inLanguage":"en-US","@id":"https:\/\/pizzornowines.com\/#\/schema\/logo\/image\/","url":"https:\/\/pizzornowines.com\/wp-content\/uploads\/Pizzorno-Family-Estate-logo.svg","contentUrl":"https:\/\/pizzornowines.com\/wp-content\/uploads\/Pizzorno-Family-Estate-logo.svg","width":422,"height":283,"caption":"Pizzorno Family Estates"},"image":{"@id":"https:\/\/pizzornowines.com\/#\/schema\/logo\/image\/"},"sameAs":["https:\/\/www.facebook.com\/pizzorno.family.estates"]}]}},"_links":{"self":[{"href":"https:\/\/pizzornowines.com\/en\/wp-json\/wp\/v2\/product\/283","targetHints":{"allow":["GET"]}}],"collection":[{"href":"https:\/\/pizzornowines.com\/en\/wp-json\/wp\/v2\/product"}],"about":[{"href":"https:\/\/pizzornowines.com\/en\/wp-json\/wp\/v2\/types\/product"}],"replies":[{"embeddable":true,"href":"https:\/\/pizzornowines.com\/en\/wp-json\/wp\/v2\/comments?post=283"}],"version-history":[{"count":3,"href":"https:\/\/pizzornowines.com\/en\/wp-json\/wp\/v2\/product\/283\/revisions"}],"predecessor-version":[{"id":2741,"href":"https:\/\/pizzornowines.com\/en\/wp-json\/wp\/v2\/product\/283\/revisions\/2741"}],"wp:featuredmedia":[{"embeddable":true,"href":"https:\/\/pizzornowines.com\/en\/wp-json\/wp\/v2\/media\/284"}],"wp:attachment":[{"href":"https:\/\/pizzornowines.com\/en\/wp-json\/wp\/v2\/media?parent=283"}],"wp:term":[{"taxonomy":"tipo-visita","embeddable":true,"href":"https:\/\/pizzornowines.com\/en\/wp-json\/wp\/v2\/tipo-visita?post=283"},{"taxonomy":"product_brand","embeddable":true,"href":"https:\/\/pizzornowines.com\/en\/wp-json\/wp\/v2\/product_brand?post=283"},{"taxonomy":"product_cat","embeddable":true,"href":"https:\/\/pizzornowines.com\/en\/wp-json\/wp\/v2\/product_cat?post=283"},{"taxonomy":"product_tag","embeddable":true,"href":"https:\/\/pizzornowines.com\/en\/wp-json\/wp\/v2\/product_tag?post=283"}],"curies":[{"name":"wp","href":"https:\/\/api.w.org\/{rel}","templated":true}]}}