{"id":281,"date":"2023-02-07T12:53:20","date_gmt":"2023-02-07T15:53:20","guid":{"rendered":"https:\/\/pizzorno.r1group.com.ar\/producto\/espumosos-pizzorno-brut-nature-clasico\/"},"modified":"2025-06-29T14:31:23","modified_gmt":"2025-06-29T17:31:23","slug":"espumosos-pizzorno-brut-nature-clasico","status":"publish","type":"product","link":"https:\/\/pizzornowines.com\/en\/product\/espumosos-pizzorno-brut-nature-clasico\/","title":{"rendered":"Espumoso Pizzorno Brut Nature Cl\u00e1sico"},"content":{"rendered":"<p>El vino base fue seleccionado por medio de un corte de Chardonnay y un peque\u00f1o porcentaje de Sauvignon Blanc elaborado en el mes de febrero. En mayo procedemos a realizar la segunda fermentaci\u00f3n con levaduras seleccionadas en botella, fermentado por el m\u00e9todo tradicional, permaneciendo por lo menos durante siete meses sobre las borras. All\u00ed, a partir del momento en que la botella y su contenido reposan se procede al remuage, es decir, se mueve alternativamente cada una un octavo de circunferencia sobre su eje longitudinal en posici\u00f3n invertida a 45\u00ba diariamente. Con esto se logra que el dep\u00f3sito de borra de la segunda fermentaci\u00f3n se despegue del fondo de la botella y se deposite en el pico de la misma. En noviembre realizamos el proceso final de degollado degorgement. Cada variedad aporta caracter\u00edsticas diferentes, el Chardonnay otorga su aroma y su cuerpo y el Sauvignon Blanc su fruta y complejidad. Nota de Cata: Su aroma es un equilibrio entre fruta y levadura debido a que es un espumoso del a\u00f1o y su contacto con las borras fue de siete meses; en boca se presenta con buena acidez y estructura y repite el equilibrio entre fruta y levadura con un final largo y agradable. Su perlado es fino, elegante y persistente.<\/p>","protected":false},"excerpt":{"rendered":"<p>Espumoso elaborado por el m\u00e9todo tradicional a partir de un corte de Chardonnay (90%) y Sauvignon Blanc (10%). El vino base se elabora en febrero y, en mayo, se inicia la segunda fermentaci\u00f3n en botella con levaduras seleccionadas. El vino permanece al menos siete meses sobre l\u00edas, lo que aporta complejidad y textura.<br \/>\nDurante este per\u00edodo se realiza el remuage manual, rotando diariamente cada botella en posici\u00f3n invertida, lo que permite que los sedimentos se desplacen hacia el pico. En noviembre se realiza el degorgement, finalizando el proceso.<br \/>\nCada variedad aporta cualidades espec\u00edficas: el Chardonnay brinda cuerpo y aromas elegantes, mientras que el Sauvignon Blanc suma fruta y frescura. El resultado es un espumoso de perlado fino y persistente, con excelente equilibrio entre fruta y levadura, buena acidez y un final largo y agradable.<\/p>","protected":false},"featured_media":282,"comment_status":"closed","ping_status":"closed","template":"","meta":{"_acf_changed":false,"_joinchat":[]},"tipo-visita":[],"product_brand":[],"product_cat":[34],"product_tag":[],"class_list":{"0":"post-281","1":"product","2":"type-product","3":"status-publish","4":"has-post-thumbnail","6":"product_cat-espumosos","8":"first","9":"instock","10":"shipping-taxable","11":"product-type-simple"},"exclude_global_add_ons":[],"addons":[],"acf":[],"yoast_head":"<!-- This site is optimized with the Yoast SEO plugin v27.4 - https:\/\/yoast.com\/product\/yoast-seo-wordpress\/ -->\n<title>Espumoso Pizzorno Brut Nature Cl\u00e1sico - Pizzorno Family Estates<\/title>\n<meta name=\"robots\" content=\"noindex, follow, max-snippet:-1, max-image-preview:large, max-video-preview:-1\" \/>\n<meta property=\"og:locale\" content=\"en_US\" \/>\n<meta property=\"og:type\" content=\"article\" \/>\n<meta property=\"og:title\" content=\"Espumoso Pizzorno Brut Nature Cl\u00e1sico - Pizzorno Family Estates\" \/>\n<meta property=\"og:description\" content=\"Espumoso elaborado por el m\u00e9todo tradicional a partir de un corte de Chardonnay (90%) y Sauvignon Blanc (10%). El vino base se elabora en febrero y, en mayo, se inicia la segunda fermentaci\u00f3n en botella con levaduras seleccionadas. El vino permanece al menos siete meses sobre l\u00edas, lo que aporta complejidad y textura. Durante este per\u00edodo se realiza el remuage manual, rotando diariamente cada botella en posici\u00f3n invertida, lo que permite que los sedimentos se desplacen hacia el pico. En noviembre se realiza el degorgement, finalizando el proceso. Cada variedad aporta cualidades espec\u00edficas: el Chardonnay brinda cuerpo y aromas elegantes, mientras que el Sauvignon Blanc suma fruta y frescura. El resultado es un espumoso de perlado fino y persistente, con excelente equilibrio entre fruta y levadura, buena acidez y un final largo y agradable.\" \/>\n<meta property=\"og:url\" content=\"https:\/\/pizzornowines.com\/en\/product\/espumosos-pizzorno-brut-nature-clasico\/\" \/>\n<meta property=\"og:site_name\" content=\"Pizzorno Family Estates\" \/>\n<meta property=\"article:publisher\" content=\"https:\/\/www.facebook.com\/pizzorno.family.estates\" \/>\n<meta property=\"article:modified_time\" content=\"2025-06-29T17:31:23+00:00\" \/>\n<meta property=\"og:image\" content=\"https:\/\/pizzornowines.com\/wp-content\/uploads\/2023\/04\/Espumoso-Clasico.jpg\" \/>\n\t<meta property=\"og:image:width\" content=\"214\" \/>\n\t<meta property=\"og:image:height\" content=\"780\" \/>\n\t<meta property=\"og:image:type\" content=\"image\/jpeg\" \/>\n<meta name=\"twitter:card\" content=\"summary_large_image\" \/>\n<meta name=\"twitter:label1\" content=\"Est. reading time\" \/>\n\t<meta name=\"twitter:data1\" content=\"1 minute\" \/>\n<script type=\"application\/ld+json\" class=\"yoast-schema-graph\">{\"@context\":\"https:\\\/\\\/schema.org\",\"@graph\":[{\"@type\":\"WebPage\",\"@id\":\"https:\\\/\\\/pizzornowines.com\\\/product\\\/espumosos-pizzorno-brut-nature-clasico\\\/\",\"url\":\"https:\\\/\\\/pizzornowines.com\\\/product\\\/espumosos-pizzorno-brut-nature-clasico\\\/\",\"name\":\"Espumoso Pizzorno Brut Nature Cl\u00e1sico - Pizzorno Family Estates\",\"isPartOf\":{\"@id\":\"https:\\\/\\\/pizzornowines.com\\\/#website\"},\"primaryImageOfPage\":{\"@id\":\"https:\\\/\\\/pizzornowines.com\\\/product\\\/espumosos-pizzorno-brut-nature-clasico\\\/#primaryimage\"},\"image\":{\"@id\":\"https:\\\/\\\/pizzornowines.com\\\/product\\\/espumosos-pizzorno-brut-nature-clasico\\\/#primaryimage\"},\"thumbnailUrl\":\"https:\\\/\\\/pizzornowines.com\\\/wp-content\\\/uploads\\\/2023\\\/04\\\/Espumoso-Clasico.jpg\",\"datePublished\":\"2023-02-07T15:53:20+00:00\",\"dateModified\":\"2025-06-29T17:31:23+00:00\",\"breadcrumb\":{\"@id\":\"https:\\\/\\\/pizzornowines.com\\\/product\\\/espumosos-pizzorno-brut-nature-clasico\\\/#breadcrumb\"},\"inLanguage\":\"en-US\",\"potentialAction\":[{\"@type\":\"ReadAction\",\"target\":[\"https:\\\/\\\/pizzornowines.com\\\/product\\\/espumosos-pizzorno-brut-nature-clasico\\\/\"]}]},{\"@type\":\"ImageObject\",\"inLanguage\":\"en-US\",\"@id\":\"https:\\\/\\\/pizzornowines.com\\\/product\\\/espumosos-pizzorno-brut-nature-clasico\\\/#primaryimage\",\"url\":\"https:\\\/\\\/pizzornowines.com\\\/wp-content\\\/uploads\\\/2023\\\/04\\\/Espumoso-Clasico.jpg\",\"contentUrl\":\"https:\\\/\\\/pizzornowines.com\\\/wp-content\\\/uploads\\\/2023\\\/04\\\/Espumoso-Clasico.jpg\",\"width\":214,\"height\":780},{\"@type\":\"BreadcrumbList\",\"@id\":\"https:\\\/\\\/pizzornowines.com\\\/product\\\/espumosos-pizzorno-brut-nature-clasico\\\/#breadcrumb\",\"itemListElement\":[{\"@type\":\"ListItem\",\"position\":1,\"name\":\"Home\",\"item\":\"https:\\\/\\\/pizzornowines.com\\\/\"},{\"@type\":\"ListItem\",\"position\":2,\"name\":\"Shop\",\"item\":\"https:\\\/\\\/pizzornowines.com\\\/?page_id=96\"},{\"@type\":\"ListItem\",\"position\":3,\"name\":\"Espumoso Pizzorno Brut Nature Cl\u00e1sico\"}]},{\"@type\":\"WebSite\",\"@id\":\"https:\\\/\\\/pizzornowines.com\\\/#website\",\"url\":\"https:\\\/\\\/pizzornowines.com\\\/\",\"name\":\"Pizzorno Family Estates\",\"description\":\"Pasi\u00f3n por la tierra y el vino\",\"publisher\":{\"@id\":\"https:\\\/\\\/pizzornowines.com\\\/#organization\"},\"potentialAction\":[{\"@type\":\"SearchAction\",\"target\":{\"@type\":\"EntryPoint\",\"urlTemplate\":\"https:\\\/\\\/pizzornowines.com\\\/?s={search_term_string}\"},\"query-input\":{\"@type\":\"PropertyValueSpecification\",\"valueRequired\":true,\"valueName\":\"search_term_string\"}}],\"inLanguage\":\"en-US\"},{\"@type\":\"Organization\",\"@id\":\"https:\\\/\\\/pizzornowines.com\\\/#organization\",\"name\":\"Pizzorno Family Estates\",\"url\":\"https:\\\/\\\/pizzornowines.com\\\/\",\"logo\":{\"@type\":\"ImageObject\",\"inLanguage\":\"en-US\",\"@id\":\"https:\\\/\\\/pizzornowines.com\\\/#\\\/schema\\\/logo\\\/image\\\/\",\"url\":\"https:\\\/\\\/pizzornowines.com\\\/wp-content\\\/uploads\\\/Pizzorno-Family-Estate-logo.svg\",\"contentUrl\":\"https:\\\/\\\/pizzornowines.com\\\/wp-content\\\/uploads\\\/Pizzorno-Family-Estate-logo.svg\",\"width\":422,\"height\":283,\"caption\":\"Pizzorno Family Estates\"},\"image\":{\"@id\":\"https:\\\/\\\/pizzornowines.com\\\/#\\\/schema\\\/logo\\\/image\\\/\"},\"sameAs\":[\"https:\\\/\\\/www.facebook.com\\\/pizzorno.family.estates\"]}]}<\/script>\n<!-- \/ Yoast SEO plugin. -->","yoast_head_json":{"title":"Espumoso Pizzorno Brut Nature Cl\u00e1sico - Pizzorno Family Estates","robots":{"index":"noindex","follow":"follow","max-snippet":"max-snippet:-1","max-image-preview":"max-image-preview:large","max-video-preview":"max-video-preview:-1"},"og_locale":"en_US","og_type":"article","og_title":"Espumoso Pizzorno Brut Nature Cl\u00e1sico - Pizzorno Family Estates","og_description":"Espumoso elaborado por el m\u00e9todo tradicional a partir de un corte de Chardonnay (90%) y Sauvignon Blanc (10%). El vino base se elabora en febrero y, en mayo, se inicia la segunda fermentaci\u00f3n en botella con levaduras seleccionadas. El vino permanece al menos siete meses sobre l\u00edas, lo que aporta complejidad y textura. Durante este per\u00edodo se realiza el remuage manual, rotando diariamente cada botella en posici\u00f3n invertida, lo que permite que los sedimentos se desplacen hacia el pico. En noviembre se realiza el degorgement, finalizando el proceso. Cada variedad aporta cualidades espec\u00edficas: el Chardonnay brinda cuerpo y aromas elegantes, mientras que el Sauvignon Blanc suma fruta y frescura. El resultado es un espumoso de perlado fino y persistente, con excelente equilibrio entre fruta y levadura, buena acidez y un final largo y agradable.","og_url":"https:\/\/pizzornowines.com\/en\/product\/espumosos-pizzorno-brut-nature-clasico\/","og_site_name":"Pizzorno Family Estates","article_publisher":"https:\/\/www.facebook.com\/pizzorno.family.estates","article_modified_time":"2025-06-29T17:31:23+00:00","og_image":[{"width":214,"height":780,"url":"https:\/\/pizzornowines.com\/wp-content\/uploads\/2023\/04\/Espumoso-Clasico.jpg","type":"image\/jpeg"}],"twitter_card":"summary_large_image","twitter_misc":{"Est. reading time":"1 minute"},"schema":{"@context":"https:\/\/schema.org","@graph":[{"@type":"WebPage","@id":"https:\/\/pizzornowines.com\/product\/espumosos-pizzorno-brut-nature-clasico\/","url":"https:\/\/pizzornowines.com\/product\/espumosos-pizzorno-brut-nature-clasico\/","name":"Espumoso Pizzorno Brut Nature Cl\u00e1sico - Pizzorno Family Estates","isPartOf":{"@id":"https:\/\/pizzornowines.com\/#website"},"primaryImageOfPage":{"@id":"https:\/\/pizzornowines.com\/product\/espumosos-pizzorno-brut-nature-clasico\/#primaryimage"},"image":{"@id":"https:\/\/pizzornowines.com\/product\/espumosos-pizzorno-brut-nature-clasico\/#primaryimage"},"thumbnailUrl":"https:\/\/pizzornowines.com\/wp-content\/uploads\/2023\/04\/Espumoso-Clasico.jpg","datePublished":"2023-02-07T15:53:20+00:00","dateModified":"2025-06-29T17:31:23+00:00","breadcrumb":{"@id":"https:\/\/pizzornowines.com\/product\/espumosos-pizzorno-brut-nature-clasico\/#breadcrumb"},"inLanguage":"en-US","potentialAction":[{"@type":"ReadAction","target":["https:\/\/pizzornowines.com\/product\/espumosos-pizzorno-brut-nature-clasico\/"]}]},{"@type":"ImageObject","inLanguage":"en-US","@id":"https:\/\/pizzornowines.com\/product\/espumosos-pizzorno-brut-nature-clasico\/#primaryimage","url":"https:\/\/pizzornowines.com\/wp-content\/uploads\/2023\/04\/Espumoso-Clasico.jpg","contentUrl":"https:\/\/pizzornowines.com\/wp-content\/uploads\/2023\/04\/Espumoso-Clasico.jpg","width":214,"height":780},{"@type":"BreadcrumbList","@id":"https:\/\/pizzornowines.com\/product\/espumosos-pizzorno-brut-nature-clasico\/#breadcrumb","itemListElement":[{"@type":"ListItem","position":1,"name":"Home","item":"https:\/\/pizzornowines.com\/"},{"@type":"ListItem","position":2,"name":"Shop","item":"https:\/\/pizzornowines.com\/?page_id=96"},{"@type":"ListItem","position":3,"name":"Espumoso Pizzorno Brut Nature Cl\u00e1sico"}]},{"@type":"WebSite","@id":"https:\/\/pizzornowines.com\/#website","url":"https:\/\/pizzornowines.com\/","name":"Pizzorno Family Estates","description":"Pasi\u00f3n por la tierra y el vino","publisher":{"@id":"https:\/\/pizzornowines.com\/#organization"},"potentialAction":[{"@type":"SearchAction","target":{"@type":"EntryPoint","urlTemplate":"https:\/\/pizzornowines.com\/?s={search_term_string}"},"query-input":{"@type":"PropertyValueSpecification","valueRequired":true,"valueName":"search_term_string"}}],"inLanguage":"en-US"},{"@type":"Organization","@id":"https:\/\/pizzornowines.com\/#organization","name":"Pizzorno Family Estates","url":"https:\/\/pizzornowines.com\/","logo":{"@type":"ImageObject","inLanguage":"en-US","@id":"https:\/\/pizzornowines.com\/#\/schema\/logo\/image\/","url":"https:\/\/pizzornowines.com\/wp-content\/uploads\/Pizzorno-Family-Estate-logo.svg","contentUrl":"https:\/\/pizzornowines.com\/wp-content\/uploads\/Pizzorno-Family-Estate-logo.svg","width":422,"height":283,"caption":"Pizzorno Family Estates"},"image":{"@id":"https:\/\/pizzornowines.com\/#\/schema\/logo\/image\/"},"sameAs":["https:\/\/www.facebook.com\/pizzorno.family.estates"]}]}},"_links":{"self":[{"href":"https:\/\/pizzornowines.com\/en\/wp-json\/wp\/v2\/product\/281","targetHints":{"allow":["GET"]}}],"collection":[{"href":"https:\/\/pizzornowines.com\/en\/wp-json\/wp\/v2\/product"}],"about":[{"href":"https:\/\/pizzornowines.com\/en\/wp-json\/wp\/v2\/types\/product"}],"replies":[{"embeddable":true,"href":"https:\/\/pizzornowines.com\/en\/wp-json\/wp\/v2\/comments?post=281"}],"version-history":[{"count":2,"href":"https:\/\/pizzornowines.com\/en\/wp-json\/wp\/v2\/product\/281\/revisions"}],"predecessor-version":[{"id":2735,"href":"https:\/\/pizzornowines.com\/en\/wp-json\/wp\/v2\/product\/281\/revisions\/2735"}],"wp:featuredmedia":[{"embeddable":true,"href":"https:\/\/pizzornowines.com\/en\/wp-json\/wp\/v2\/media\/282"}],"wp:attachment":[{"href":"https:\/\/pizzornowines.com\/en\/wp-json\/wp\/v2\/media?parent=281"}],"wp:term":[{"taxonomy":"tipo-visita","embeddable":true,"href":"https:\/\/pizzornowines.com\/en\/wp-json\/wp\/v2\/tipo-visita?post=281"},{"taxonomy":"product_brand","embeddable":true,"href":"https:\/\/pizzornowines.com\/en\/wp-json\/wp\/v2\/product_brand?post=281"},{"taxonomy":"product_cat","embeddable":true,"href":"https:\/\/pizzornowines.com\/en\/wp-json\/wp\/v2\/product_cat?post=281"},{"taxonomy":"product_tag","embeddable":true,"href":"https:\/\/pizzornowines.com\/en\/wp-json\/wp\/v2\/product_tag?post=281"}],"curies":[{"name":"wp","href":"https:\/\/api.w.org\/{rel}","templated":true}]}}