{"id":275,"date":"2023-02-20T21:53:03","date_gmt":"2023-02-21T00:53:03","guid":{"rendered":"https:\/\/pizzorno.r1group.com.ar\/producto\/premium-primo-2018\/"},"modified":"2025-05-18T12:31:16","modified_gmt":"2025-05-18T15:31:16","slug":"premium-primo-2018","status":"publish","type":"product","link":"https:\/\/pizzornowines.com\/en\/product\/premium-primo-2018\/","title":{"rendered":"PRIMO 2018"},"content":{"rendered":"<p>&#x1f947; 94 pts DESCORCHADOS<br \/>\n&#x1f947; Top 10 &#8211; DESCORCHADOS &#8211; MEJOR DE CANELONES<\/p>\n<p>Vino \u00edcono de Bodega Pizzorno, creado para conmemorar los 100 a\u00f1os de nuestro establecimiento. Se produce solamente en las mejores cosechas de nuestro pa\u00eds para mantener la calidad de este extraordinario <em>assemblage.<\/em><\/p>\n<p>Fruto de la excepcional cosecha 2018 de las variedades Tannat 47 %, Malbec 30%, Cabernet Franc 15% y Petit Verdot 8%, con una rigurosa selecci\u00f3n de racimos cosechados a mano, y que al ingreso a la bodega son sometidos a una segunda selecci\u00f3n grano a grano.<br \/>\nVinificaci\u00f3n tradicional de cada variedad obteniendo el m\u00e1ximo potencial de cada una de ellas con posterior crianza de 12 meses en roble franc\u00e9s de primer uso del bosque de Alliers. La degustaci\u00f3n peri\u00f3dica y cuidadosa de cada barrica es determinante para decidir el <em>assemblage<\/em> final, que luego es sometido a una nueva crianza en roble franc\u00e9s por 12 meses, logrando integrar todas sus mejores cualidades y resaltar la complejidad del corte final , adem\u00e1s de la pasi\u00f3n y experiencia de la familia.<br \/>\nLa degustaci\u00f3n peri\u00f3dica y cuidadosa de cada barrica es determinante para decidir el assamblage final, que luego es sometido a una nueva crianza en roble franc\u00e9s por 12 meses, logrando integrar todas sus mejores cualidades y resaltar la complejidad del corte final , adem\u00e1s de la pasi\u00f3n y experiencia de la familia.<\/p>","protected":false},"excerpt":{"rendered":"<p>Primo 2018 es una edici\u00f3n limitada que refleja el car\u00e1cter excepcional de una de las mejores vendimias del \u00faltimo tiempo. Este blend de alta gama, fruto de una elaboraci\u00f3n minuciosa y artesanal, combina Tannat (40%), Malbec (30%), Cabernet Franc (15%) y Arinarnoa (15%), seleccionados cuidadosamente de nuestras parcelas m\u00e1s destacadas.<\/p>\n<p>Cada racimo fue cosechado a mano y, al ingresar a la bodega, sometido a una segunda selecci\u00f3n grano a grano. Las variedades se vinificaron por separado para extraer el m\u00e1ximo potencial de cada una, respetando su identidad varietal.<\/p>\n<p>El vino fue criado durante 12 meses en barricas nuevas de roble franc\u00e9s del bosque de Alliers. Luego de una selecci\u00f3n rigurosa barrica por barrica, se defini\u00f3 el corte final, que volvi\u00f3 a barrica por otros 12 meses, logrando una integraci\u00f3n perfecta de aromas, estructura y complejidad.<\/p>\n<p>El resultado es un vino elegante, equilibrado y de gran potencial de guarda, que expresa el esp\u00edritu de una familia dedicada al vino y el compromiso con la excelencia.<\/p>\n<p>Primo fue nuestro primer vino \u00edcono, y por eso lo llamamos as\u00ed: el primero.<\/p>","protected":false},"featured_media":276,"comment_status":"closed","ping_status":"closed","template":"","meta":{"_acf_changed":false,"_joinchat":[]},"tipo-visita":[],"product_brand":[],"product_cat":[31],"product_tag":[],"class_list":{"0":"post-275","1":"product","2":"type-product","3":"status-publish","4":"has-post-thumbnail","6":"product_cat-premium","8":"first","9":"instock","10":"shipping-taxable","11":"product-type-simple"},"exclude_global_add_ons":[],"addons":[],"acf":[],"yoast_head":"<!-- This site is optimized with the Yoast SEO plugin v27.4 - https:\/\/yoast.com\/product\/yoast-seo-wordpress\/ -->\n<title>PRIMO 2018 - Pizzorno Family Estates<\/title>\n<meta name=\"robots\" content=\"noindex, follow, max-snippet:-1, max-image-preview:large, max-video-preview:-1\" \/>\n<meta property=\"og:locale\" content=\"en_US\" \/>\n<meta property=\"og:type\" content=\"article\" \/>\n<meta property=\"og:title\" content=\"PRIMO 2018 - Pizzorno Family Estates\" \/>\n<meta property=\"og:description\" content=\"Primo 2018 es una edici\u00f3n limitada que refleja el car\u00e1cter excepcional de una de las mejores vendimias del \u00faltimo tiempo. Este blend de alta gama, fruto de una elaboraci\u00f3n minuciosa y artesanal, combina Tannat (40%), Malbec (30%), Cabernet Franc (15%) y Arinarnoa (15%), seleccionados cuidadosamente de nuestras parcelas m\u00e1s destacadas.  Cada racimo fue cosechado a mano y, al ingresar a la bodega, sometido a una segunda selecci\u00f3n grano a grano. Las variedades se vinificaron por separado para extraer el m\u00e1ximo potencial de cada una, respetando su identidad varietal.  El vino fue criado durante 12 meses en barricas nuevas de roble franc\u00e9s del bosque de Alliers. Luego de una selecci\u00f3n rigurosa barrica por barrica, se defini\u00f3 el corte final, que volvi\u00f3 a barrica por otros 12 meses, logrando una integraci\u00f3n perfecta de aromas, estructura y complejidad.  El resultado es un vino elegante, equilibrado y de gran potencial de guarda, que expresa el esp\u00edritu de una familia dedicada al vino y el compromiso con la excelencia.  Primo fue nuestro primer vino \u00edcono, y por eso lo llamamos as\u00ed: el primero.\" \/>\n<meta property=\"og:url\" content=\"https:\/\/pizzornowines.com\/en\/product\/premium-primo-2018\/\" \/>\n<meta property=\"og:site_name\" content=\"Pizzorno Family Estates\" \/>\n<meta property=\"article:publisher\" content=\"https:\/\/www.facebook.com\/pizzorno.family.estates\" \/>\n<meta property=\"article:modified_time\" content=\"2025-05-18T15:31:16+00:00\" \/>\n<meta property=\"og:image\" content=\"https:\/\/pizzornowines.com\/wp-content\/uploads\/2023\/04\/Premium-1-PRIMO.jpg\" \/>\n\t<meta property=\"og:image:width\" content=\"255\" \/>\n\t<meta property=\"og:image:height\" content=\"780\" \/>\n\t<meta property=\"og:image:type\" content=\"image\/jpeg\" \/>\n<meta name=\"twitter:card\" content=\"summary_large_image\" \/>\n<meta name=\"twitter:label1\" content=\"Est. reading time\" \/>\n\t<meta name=\"twitter:data1\" content=\"1 minute\" \/>\n<script type=\"application\/ld+json\" class=\"yoast-schema-graph\">{\"@context\":\"https:\\\/\\\/schema.org\",\"@graph\":[{\"@type\":\"WebPage\",\"@id\":\"https:\\\/\\\/pizzornowines.com\\\/product\\\/premium-primo-2018\\\/\",\"url\":\"https:\\\/\\\/pizzornowines.com\\\/product\\\/premium-primo-2018\\\/\",\"name\":\"PRIMO 2018 - Pizzorno Family Estates\",\"isPartOf\":{\"@id\":\"https:\\\/\\\/pizzornowines.com\\\/#website\"},\"primaryImageOfPage\":{\"@id\":\"https:\\\/\\\/pizzornowines.com\\\/product\\\/premium-primo-2018\\\/#primaryimage\"},\"image\":{\"@id\":\"https:\\\/\\\/pizzornowines.com\\\/product\\\/premium-primo-2018\\\/#primaryimage\"},\"thumbnailUrl\":\"https:\\\/\\\/pizzornowines.com\\\/wp-content\\\/uploads\\\/2023\\\/04\\\/Premium-1-PRIMO.jpg\",\"datePublished\":\"2023-02-21T00:53:03+00:00\",\"dateModified\":\"2025-05-18T15:31:16+00:00\",\"breadcrumb\":{\"@id\":\"https:\\\/\\\/pizzornowines.com\\\/product\\\/premium-primo-2018\\\/#breadcrumb\"},\"inLanguage\":\"en-US\",\"potentialAction\":[{\"@type\":\"ReadAction\",\"target\":[\"https:\\\/\\\/pizzornowines.com\\\/product\\\/premium-primo-2018\\\/\"]}]},{\"@type\":\"ImageObject\",\"inLanguage\":\"en-US\",\"@id\":\"https:\\\/\\\/pizzornowines.com\\\/product\\\/premium-primo-2018\\\/#primaryimage\",\"url\":\"https:\\\/\\\/pizzornowines.com\\\/wp-content\\\/uploads\\\/2023\\\/04\\\/Premium-1-PRIMO.jpg\",\"contentUrl\":\"https:\\\/\\\/pizzornowines.com\\\/wp-content\\\/uploads\\\/2023\\\/04\\\/Premium-1-PRIMO.jpg\",\"width\":255,\"height\":780},{\"@type\":\"BreadcrumbList\",\"@id\":\"https:\\\/\\\/pizzornowines.com\\\/product\\\/premium-primo-2018\\\/#breadcrumb\",\"itemListElement\":[{\"@type\":\"ListItem\",\"position\":1,\"name\":\"Home\",\"item\":\"https:\\\/\\\/pizzornowines.com\\\/\"},{\"@type\":\"ListItem\",\"position\":2,\"name\":\"Shop\",\"item\":\"https:\\\/\\\/pizzornowines.com\\\/?page_id=96\"},{\"@type\":\"ListItem\",\"position\":3,\"name\":\"PRIMO 2018\"}]},{\"@type\":\"WebSite\",\"@id\":\"https:\\\/\\\/pizzornowines.com\\\/#website\",\"url\":\"https:\\\/\\\/pizzornowines.com\\\/\",\"name\":\"Pizzorno Family Estates\",\"description\":\"Pasi\u00f3n por la tierra y el vino\",\"publisher\":{\"@id\":\"https:\\\/\\\/pizzornowines.com\\\/#organization\"},\"potentialAction\":[{\"@type\":\"SearchAction\",\"target\":{\"@type\":\"EntryPoint\",\"urlTemplate\":\"https:\\\/\\\/pizzornowines.com\\\/?s={search_term_string}\"},\"query-input\":{\"@type\":\"PropertyValueSpecification\",\"valueRequired\":true,\"valueName\":\"search_term_string\"}}],\"inLanguage\":\"en-US\"},{\"@type\":\"Organization\",\"@id\":\"https:\\\/\\\/pizzornowines.com\\\/#organization\",\"name\":\"Pizzorno Family Estates\",\"url\":\"https:\\\/\\\/pizzornowines.com\\\/\",\"logo\":{\"@type\":\"ImageObject\",\"inLanguage\":\"en-US\",\"@id\":\"https:\\\/\\\/pizzornowines.com\\\/#\\\/schema\\\/logo\\\/image\\\/\",\"url\":\"https:\\\/\\\/pizzornowines.com\\\/wp-content\\\/uploads\\\/Pizzorno-Family-Estate-logo.svg\",\"contentUrl\":\"https:\\\/\\\/pizzornowines.com\\\/wp-content\\\/uploads\\\/Pizzorno-Family-Estate-logo.svg\",\"width\":422,\"height\":283,\"caption\":\"Pizzorno Family Estates\"},\"image\":{\"@id\":\"https:\\\/\\\/pizzornowines.com\\\/#\\\/schema\\\/logo\\\/image\\\/\"},\"sameAs\":[\"https:\\\/\\\/www.facebook.com\\\/pizzorno.family.estates\"]}]}<\/script>\n<!-- \/ Yoast SEO plugin. -->","yoast_head_json":{"title":"PRIMO 2018 - Pizzorno Family Estates","robots":{"index":"noindex","follow":"follow","max-snippet":"max-snippet:-1","max-image-preview":"max-image-preview:large","max-video-preview":"max-video-preview:-1"},"og_locale":"en_US","og_type":"article","og_title":"PRIMO 2018 - Pizzorno Family Estates","og_description":"Primo 2018 es una edici\u00f3n limitada que refleja el car\u00e1cter excepcional de una de las mejores vendimias del \u00faltimo tiempo. Este blend de alta gama, fruto de una elaboraci\u00f3n minuciosa y artesanal, combina Tannat (40%), Malbec (30%), Cabernet Franc (15%) y Arinarnoa (15%), seleccionados cuidadosamente de nuestras parcelas m\u00e1s destacadas.  Cada racimo fue cosechado a mano y, al ingresar a la bodega, sometido a una segunda selecci\u00f3n grano a grano. Las variedades se vinificaron por separado para extraer el m\u00e1ximo potencial de cada una, respetando su identidad varietal.  El vino fue criado durante 12 meses en barricas nuevas de roble franc\u00e9s del bosque de Alliers. Luego de una selecci\u00f3n rigurosa barrica por barrica, se defini\u00f3 el corte final, que volvi\u00f3 a barrica por otros 12 meses, logrando una integraci\u00f3n perfecta de aromas, estructura y complejidad.  El resultado es un vino elegante, equilibrado y de gran potencial de guarda, que expresa el esp\u00edritu de una familia dedicada al vino y el compromiso con la excelencia.  Primo fue nuestro primer vino \u00edcono, y por eso lo llamamos as\u00ed: el primero.","og_url":"https:\/\/pizzornowines.com\/en\/product\/premium-primo-2018\/","og_site_name":"Pizzorno Family Estates","article_publisher":"https:\/\/www.facebook.com\/pizzorno.family.estates","article_modified_time":"2025-05-18T15:31:16+00:00","og_image":[{"width":255,"height":780,"url":"https:\/\/pizzornowines.com\/wp-content\/uploads\/2023\/04\/Premium-1-PRIMO.jpg","type":"image\/jpeg"}],"twitter_card":"summary_large_image","twitter_misc":{"Est. reading time":"1 minute"},"schema":{"@context":"https:\/\/schema.org","@graph":[{"@type":"WebPage","@id":"https:\/\/pizzornowines.com\/product\/premium-primo-2018\/","url":"https:\/\/pizzornowines.com\/product\/premium-primo-2018\/","name":"PRIMO 2018 - Pizzorno Family Estates","isPartOf":{"@id":"https:\/\/pizzornowines.com\/#website"},"primaryImageOfPage":{"@id":"https:\/\/pizzornowines.com\/product\/premium-primo-2018\/#primaryimage"},"image":{"@id":"https:\/\/pizzornowines.com\/product\/premium-primo-2018\/#primaryimage"},"thumbnailUrl":"https:\/\/pizzornowines.com\/wp-content\/uploads\/2023\/04\/Premium-1-PRIMO.jpg","datePublished":"2023-02-21T00:53:03+00:00","dateModified":"2025-05-18T15:31:16+00:00","breadcrumb":{"@id":"https:\/\/pizzornowines.com\/product\/premium-primo-2018\/#breadcrumb"},"inLanguage":"en-US","potentialAction":[{"@type":"ReadAction","target":["https:\/\/pizzornowines.com\/product\/premium-primo-2018\/"]}]},{"@type":"ImageObject","inLanguage":"en-US","@id":"https:\/\/pizzornowines.com\/product\/premium-primo-2018\/#primaryimage","url":"https:\/\/pizzornowines.com\/wp-content\/uploads\/2023\/04\/Premium-1-PRIMO.jpg","contentUrl":"https:\/\/pizzornowines.com\/wp-content\/uploads\/2023\/04\/Premium-1-PRIMO.jpg","width":255,"height":780},{"@type":"BreadcrumbList","@id":"https:\/\/pizzornowines.com\/product\/premium-primo-2018\/#breadcrumb","itemListElement":[{"@type":"ListItem","position":1,"name":"Home","item":"https:\/\/pizzornowines.com\/"},{"@type":"ListItem","position":2,"name":"Shop","item":"https:\/\/pizzornowines.com\/?page_id=96"},{"@type":"ListItem","position":3,"name":"PRIMO 2018"}]},{"@type":"WebSite","@id":"https:\/\/pizzornowines.com\/#website","url":"https:\/\/pizzornowines.com\/","name":"Pizzorno Family Estates","description":"Pasi\u00f3n por la tierra y el vino","publisher":{"@id":"https:\/\/pizzornowines.com\/#organization"},"potentialAction":[{"@type":"SearchAction","target":{"@type":"EntryPoint","urlTemplate":"https:\/\/pizzornowines.com\/?s={search_term_string}"},"query-input":{"@type":"PropertyValueSpecification","valueRequired":true,"valueName":"search_term_string"}}],"inLanguage":"en-US"},{"@type":"Organization","@id":"https:\/\/pizzornowines.com\/#organization","name":"Pizzorno Family Estates","url":"https:\/\/pizzornowines.com\/","logo":{"@type":"ImageObject","inLanguage":"en-US","@id":"https:\/\/pizzornowines.com\/#\/schema\/logo\/image\/","url":"https:\/\/pizzornowines.com\/wp-content\/uploads\/Pizzorno-Family-Estate-logo.svg","contentUrl":"https:\/\/pizzornowines.com\/wp-content\/uploads\/Pizzorno-Family-Estate-logo.svg","width":422,"height":283,"caption":"Pizzorno Family Estates"},"image":{"@id":"https:\/\/pizzornowines.com\/#\/schema\/logo\/image\/"},"sameAs":["https:\/\/www.facebook.com\/pizzorno.family.estates"]}]}},"_links":{"self":[{"href":"https:\/\/pizzornowines.com\/en\/wp-json\/wp\/v2\/product\/275","targetHints":{"allow":["GET"]}}],"collection":[{"href":"https:\/\/pizzornowines.com\/en\/wp-json\/wp\/v2\/product"}],"about":[{"href":"https:\/\/pizzornowines.com\/en\/wp-json\/wp\/v2\/types\/product"}],"replies":[{"embeddable":true,"href":"https:\/\/pizzornowines.com\/en\/wp-json\/wp\/v2\/comments?post=275"}],"version-history":[{"count":1,"href":"https:\/\/pizzornowines.com\/en\/wp-json\/wp\/v2\/product\/275\/revisions"}],"predecessor-version":[{"id":2136,"href":"https:\/\/pizzornowines.com\/en\/wp-json\/wp\/v2\/product\/275\/revisions\/2136"}],"wp:featuredmedia":[{"embeddable":true,"href":"https:\/\/pizzornowines.com\/en\/wp-json\/wp\/v2\/media\/276"}],"wp:attachment":[{"href":"https:\/\/pizzornowines.com\/en\/wp-json\/wp\/v2\/media?parent=275"}],"wp:term":[{"taxonomy":"tipo-visita","embeddable":true,"href":"https:\/\/pizzornowines.com\/en\/wp-json\/wp\/v2\/tipo-visita?post=275"},{"taxonomy":"product_brand","embeddable":true,"href":"https:\/\/pizzornowines.com\/en\/wp-json\/wp\/v2\/product_brand?post=275"},{"taxonomy":"product_cat","embeddable":true,"href":"https:\/\/pizzornowines.com\/en\/wp-json\/wp\/v2\/product_cat?post=275"},{"taxonomy":"product_tag","embeddable":true,"href":"https:\/\/pizzornowines.com\/en\/wp-json\/wp\/v2\/product_tag?post=275"}],"curies":[{"name":"wp","href":"https:\/\/api.w.org\/{rel}","templated":true}]}}