{"id":272,"date":"2023-04-13T22:07:13","date_gmt":"2023-04-14T01:07:13","guid":{"rendered":"http:\/\/pizzornowines.com\/producto\/mayususcula-rose\/"},"modified":"2025-06-07T10:55:58","modified_gmt":"2025-06-07T13:55:58","slug":"mayususcula-rose","status":"publish","type":"product","link":"https:\/\/pizzornowines.com\/en\/product\/mayususcula-rose\/","title":{"rendered":"May\u00fasculas Ros\u00e9"},"content":{"rendered":"<p>&#x1f947; 90 Tim Atkin<\/p>\n<p>May\u00fasculas es una l\u00ednea de vinos j\u00f3venes de nuestra bodega, creada en la cosecha 2018, es un concepto de vinos j\u00f3venes, frescos y frutales. Este vino es el primer Ros\u00e9 de esta l\u00ednea, ideal para acompa\u00f1ar quesos suaves, pastas y platos de entrada.<\/p>","protected":false},"excerpt":{"rendered":"<p>May\u00fasculas Ros\u00e9 representa una nueva mirada sobre el vino rosado: fresca, contempor\u00e1nea y consciente de su identidad.<\/p>\n<p>Parte de la l\u00ednea May\u00fasculas de Bodega Pizzorno, este rosado fue concebido para expresar lo mejor del estilo joven y seco, con un enfoque en la pureza de la fruta, la elegancia en boca y la simplicidad como virtud.<\/p>\n<p>Su color tenue, su acidez equilibrada y su perfil limpio hablan de un vino elaborado con precisi\u00f3n, pensado para quienes valoran la frescura, la versatilidad y el disfrute cotidiano, sin renunciar a la calidad.<\/p>\n<p>May\u00fasculas Ros\u00e9 no es un vino de estaci\u00f3n, es una forma de entender el rosado: ligero pero con intenci\u00f3n, simple pero cuidado, accesible pero sofisticado.<\/p>","protected":false},"featured_media":273,"comment_status":"closed","ping_status":"closed","template":"","meta":{"_acf_changed":false,"_joinchat":[]},"tipo-visita":[],"product_brand":[],"product_cat":[33],"product_tag":[],"class_list":{"0":"post-272","1":"product","2":"type-product","3":"status-publish","4":"has-post-thumbnail","6":"product_cat-mayusculas","8":"first","9":"instock","10":"shipping-taxable","11":"product-type-simple"},"exclude_global_add_ons":[],"addons":[],"acf":[],"yoast_head":"<!-- This site is optimized with the Yoast SEO plugin v27.4 - https:\/\/yoast.com\/product\/yoast-seo-wordpress\/ -->\n<title>May\u00fasculas Ros\u00e9 - Pizzorno Family Estates<\/title>\n<meta name=\"robots\" content=\"noindex, follow, max-snippet:-1, max-image-preview:large, max-video-preview:-1\" \/>\n<meta property=\"og:locale\" content=\"en_US\" \/>\n<meta property=\"og:type\" content=\"article\" \/>\n<meta property=\"og:title\" content=\"May\u00fasculas Ros\u00e9 - Pizzorno Family Estates\" \/>\n<meta property=\"og:description\" content=\"May\u00fasculas Ros\u00e9 representa una nueva mirada sobre el vino rosado: fresca, contempor\u00e1nea y consciente de su identidad.  Parte de la l\u00ednea May\u00fasculas de Bodega Pizzorno, este rosado fue concebido para expresar lo mejor del estilo joven y seco, con un enfoque en la pureza de la fruta, la elegancia en boca y la simplicidad como virtud.  Su color tenue, su acidez equilibrada y su perfil limpio hablan de un vino elaborado con precisi\u00f3n, pensado para quienes valoran la frescura, la versatilidad y el disfrute cotidiano, sin renunciar a la calidad.  May\u00fasculas Ros\u00e9 no es un vino de estaci\u00f3n, es una forma de entender el rosado: ligero pero con intenci\u00f3n, simple pero cuidado, accesible pero sofisticado.\" \/>\n<meta property=\"og:url\" content=\"https:\/\/pizzornowines.com\/en\/product\/mayususcula-rose\/\" \/>\n<meta property=\"og:site_name\" content=\"Pizzorno Family Estates\" \/>\n<meta property=\"article:publisher\" content=\"https:\/\/www.facebook.com\/pizzorno.family.estates\" \/>\n<meta property=\"article:modified_time\" content=\"2025-06-07T13:55:58+00:00\" \/>\n<meta property=\"og:image\" content=\"https:\/\/pizzornowines.com\/wp-content\/uploads\/2023\/04\/Mayusculas-Rose.jpg\" \/>\n\t<meta property=\"og:image:width\" content=\"229\" \/>\n\t<meta property=\"og:image:height\" content=\"780\" \/>\n\t<meta property=\"og:image:type\" content=\"image\/jpeg\" \/>\n<meta name=\"twitter:card\" content=\"summary_large_image\" \/>\n<script type=\"application\/ld+json\" class=\"yoast-schema-graph\">{\"@context\":\"https:\\\/\\\/schema.org\",\"@graph\":[{\"@type\":\"WebPage\",\"@id\":\"https:\\\/\\\/pizzornowines.com\\\/product\\\/mayususcula-rose\\\/\",\"url\":\"https:\\\/\\\/pizzornowines.com\\\/product\\\/mayususcula-rose\\\/\",\"name\":\"May\u00fasculas Ros\u00e9 - Pizzorno Family Estates\",\"isPartOf\":{\"@id\":\"https:\\\/\\\/pizzornowines.com\\\/#website\"},\"primaryImageOfPage\":{\"@id\":\"https:\\\/\\\/pizzornowines.com\\\/product\\\/mayususcula-rose\\\/#primaryimage\"},\"image\":{\"@id\":\"https:\\\/\\\/pizzornowines.com\\\/product\\\/mayususcula-rose\\\/#primaryimage\"},\"thumbnailUrl\":\"https:\\\/\\\/pizzornowines.com\\\/wp-content\\\/uploads\\\/2023\\\/04\\\/Mayusculas-Rose.jpg\",\"datePublished\":\"2023-04-14T01:07:13+00:00\",\"dateModified\":\"2025-06-07T13:55:58+00:00\",\"breadcrumb\":{\"@id\":\"https:\\\/\\\/pizzornowines.com\\\/product\\\/mayususcula-rose\\\/#breadcrumb\"},\"inLanguage\":\"en-US\",\"potentialAction\":[{\"@type\":\"ReadAction\",\"target\":[\"https:\\\/\\\/pizzornowines.com\\\/product\\\/mayususcula-rose\\\/\"]}]},{\"@type\":\"ImageObject\",\"inLanguage\":\"en-US\",\"@id\":\"https:\\\/\\\/pizzornowines.com\\\/product\\\/mayususcula-rose\\\/#primaryimage\",\"url\":\"https:\\\/\\\/pizzornowines.com\\\/wp-content\\\/uploads\\\/2023\\\/04\\\/Mayusculas-Rose.jpg\",\"contentUrl\":\"https:\\\/\\\/pizzornowines.com\\\/wp-content\\\/uploads\\\/2023\\\/04\\\/Mayusculas-Rose.jpg\",\"width\":229,\"height\":780},{\"@type\":\"BreadcrumbList\",\"@id\":\"https:\\\/\\\/pizzornowines.com\\\/product\\\/mayususcula-rose\\\/#breadcrumb\",\"itemListElement\":[{\"@type\":\"ListItem\",\"position\":1,\"name\":\"Home\",\"item\":\"https:\\\/\\\/pizzornowines.com\\\/\"},{\"@type\":\"ListItem\",\"position\":2,\"name\":\"Shop\",\"item\":\"https:\\\/\\\/pizzornowines.com\\\/?page_id=96\"},{\"@type\":\"ListItem\",\"position\":3,\"name\":\"May\u00fasculas Ros\u00e9\"}]},{\"@type\":\"WebSite\",\"@id\":\"https:\\\/\\\/pizzornowines.com\\\/#website\",\"url\":\"https:\\\/\\\/pizzornowines.com\\\/\",\"name\":\"Pizzorno Family Estates\",\"description\":\"Pasi\u00f3n por la tierra y el vino\",\"publisher\":{\"@id\":\"https:\\\/\\\/pizzornowines.com\\\/#organization\"},\"potentialAction\":[{\"@type\":\"SearchAction\",\"target\":{\"@type\":\"EntryPoint\",\"urlTemplate\":\"https:\\\/\\\/pizzornowines.com\\\/?s={search_term_string}\"},\"query-input\":{\"@type\":\"PropertyValueSpecification\",\"valueRequired\":true,\"valueName\":\"search_term_string\"}}],\"inLanguage\":\"en-US\"},{\"@type\":\"Organization\",\"@id\":\"https:\\\/\\\/pizzornowines.com\\\/#organization\",\"name\":\"Pizzorno Family Estates\",\"url\":\"https:\\\/\\\/pizzornowines.com\\\/\",\"logo\":{\"@type\":\"ImageObject\",\"inLanguage\":\"en-US\",\"@id\":\"https:\\\/\\\/pizzornowines.com\\\/#\\\/schema\\\/logo\\\/image\\\/\",\"url\":\"https:\\\/\\\/pizzornowines.com\\\/wp-content\\\/uploads\\\/Pizzorno-Family-Estate-logo.svg\",\"contentUrl\":\"https:\\\/\\\/pizzornowines.com\\\/wp-content\\\/uploads\\\/Pizzorno-Family-Estate-logo.svg\",\"width\":422,\"height\":283,\"caption\":\"Pizzorno Family Estates\"},\"image\":{\"@id\":\"https:\\\/\\\/pizzornowines.com\\\/#\\\/schema\\\/logo\\\/image\\\/\"},\"sameAs\":[\"https:\\\/\\\/www.facebook.com\\\/pizzorno.family.estates\"]}]}<\/script>\n<!-- \/ Yoast SEO plugin. -->","yoast_head_json":{"title":"May\u00fasculas Ros\u00e9 - Pizzorno Family Estates","robots":{"index":"noindex","follow":"follow","max-snippet":"max-snippet:-1","max-image-preview":"max-image-preview:large","max-video-preview":"max-video-preview:-1"},"og_locale":"en_US","og_type":"article","og_title":"May\u00fasculas Ros\u00e9 - Pizzorno Family Estates","og_description":"May\u00fasculas Ros\u00e9 representa una nueva mirada sobre el vino rosado: fresca, contempor\u00e1nea y consciente de su identidad.  Parte de la l\u00ednea May\u00fasculas de Bodega Pizzorno, este rosado fue concebido para expresar lo mejor del estilo joven y seco, con un enfoque en la pureza de la fruta, la elegancia en boca y la simplicidad como virtud.  Su color tenue, su acidez equilibrada y su perfil limpio hablan de un vino elaborado con precisi\u00f3n, pensado para quienes valoran la frescura, la versatilidad y el disfrute cotidiano, sin renunciar a la calidad.  May\u00fasculas Ros\u00e9 no es un vino de estaci\u00f3n, es una forma de entender el rosado: ligero pero con intenci\u00f3n, simple pero cuidado, accesible pero sofisticado.","og_url":"https:\/\/pizzornowines.com\/en\/product\/mayususcula-rose\/","og_site_name":"Pizzorno Family Estates","article_publisher":"https:\/\/www.facebook.com\/pizzorno.family.estates","article_modified_time":"2025-06-07T13:55:58+00:00","og_image":[{"width":229,"height":780,"url":"https:\/\/pizzornowines.com\/wp-content\/uploads\/2023\/04\/Mayusculas-Rose.jpg","type":"image\/jpeg"}],"twitter_card":"summary_large_image","schema":{"@context":"https:\/\/schema.org","@graph":[{"@type":"WebPage","@id":"https:\/\/pizzornowines.com\/product\/mayususcula-rose\/","url":"https:\/\/pizzornowines.com\/product\/mayususcula-rose\/","name":"May\u00fasculas Ros\u00e9 - Pizzorno Family Estates","isPartOf":{"@id":"https:\/\/pizzornowines.com\/#website"},"primaryImageOfPage":{"@id":"https:\/\/pizzornowines.com\/product\/mayususcula-rose\/#primaryimage"},"image":{"@id":"https:\/\/pizzornowines.com\/product\/mayususcula-rose\/#primaryimage"},"thumbnailUrl":"https:\/\/pizzornowines.com\/wp-content\/uploads\/2023\/04\/Mayusculas-Rose.jpg","datePublished":"2023-04-14T01:07:13+00:00","dateModified":"2025-06-07T13:55:58+00:00","breadcrumb":{"@id":"https:\/\/pizzornowines.com\/product\/mayususcula-rose\/#breadcrumb"},"inLanguage":"en-US","potentialAction":[{"@type":"ReadAction","target":["https:\/\/pizzornowines.com\/product\/mayususcula-rose\/"]}]},{"@type":"ImageObject","inLanguage":"en-US","@id":"https:\/\/pizzornowines.com\/product\/mayususcula-rose\/#primaryimage","url":"https:\/\/pizzornowines.com\/wp-content\/uploads\/2023\/04\/Mayusculas-Rose.jpg","contentUrl":"https:\/\/pizzornowines.com\/wp-content\/uploads\/2023\/04\/Mayusculas-Rose.jpg","width":229,"height":780},{"@type":"BreadcrumbList","@id":"https:\/\/pizzornowines.com\/product\/mayususcula-rose\/#breadcrumb","itemListElement":[{"@type":"ListItem","position":1,"name":"Home","item":"https:\/\/pizzornowines.com\/"},{"@type":"ListItem","position":2,"name":"Shop","item":"https:\/\/pizzornowines.com\/?page_id=96"},{"@type":"ListItem","position":3,"name":"May\u00fasculas Ros\u00e9"}]},{"@type":"WebSite","@id":"https:\/\/pizzornowines.com\/#website","url":"https:\/\/pizzornowines.com\/","name":"Pizzorno Family Estates","description":"Pasi\u00f3n por la tierra y el vino","publisher":{"@id":"https:\/\/pizzornowines.com\/#organization"},"potentialAction":[{"@type":"SearchAction","target":{"@type":"EntryPoint","urlTemplate":"https:\/\/pizzornowines.com\/?s={search_term_string}"},"query-input":{"@type":"PropertyValueSpecification","valueRequired":true,"valueName":"search_term_string"}}],"inLanguage":"en-US"},{"@type":"Organization","@id":"https:\/\/pizzornowines.com\/#organization","name":"Pizzorno Family Estates","url":"https:\/\/pizzornowines.com\/","logo":{"@type":"ImageObject","inLanguage":"en-US","@id":"https:\/\/pizzornowines.com\/#\/schema\/logo\/image\/","url":"https:\/\/pizzornowines.com\/wp-content\/uploads\/Pizzorno-Family-Estate-logo.svg","contentUrl":"https:\/\/pizzornowines.com\/wp-content\/uploads\/Pizzorno-Family-Estate-logo.svg","width":422,"height":283,"caption":"Pizzorno Family Estates"},"image":{"@id":"https:\/\/pizzornowines.com\/#\/schema\/logo\/image\/"},"sameAs":["https:\/\/www.facebook.com\/pizzorno.family.estates"]}]}},"_links":{"self":[{"href":"https:\/\/pizzornowines.com\/en\/wp-json\/wp\/v2\/product\/272","targetHints":{"allow":["GET"]}}],"collection":[{"href":"https:\/\/pizzornowines.com\/en\/wp-json\/wp\/v2\/product"}],"about":[{"href":"https:\/\/pizzornowines.com\/en\/wp-json\/wp\/v2\/types\/product"}],"replies":[{"embeddable":true,"href":"https:\/\/pizzornowines.com\/en\/wp-json\/wp\/v2\/comments?post=272"}],"version-history":[{"count":4,"href":"https:\/\/pizzornowines.com\/en\/wp-json\/wp\/v2\/product\/272\/revisions"}],"predecessor-version":[{"id":2413,"href":"https:\/\/pizzornowines.com\/en\/wp-json\/wp\/v2\/product\/272\/revisions\/2413"}],"wp:featuredmedia":[{"embeddable":true,"href":"https:\/\/pizzornowines.com\/en\/wp-json\/wp\/v2\/media\/273"}],"wp:attachment":[{"href":"https:\/\/pizzornowines.com\/en\/wp-json\/wp\/v2\/media?parent=272"}],"wp:term":[{"taxonomy":"tipo-visita","embeddable":true,"href":"https:\/\/pizzornowines.com\/en\/wp-json\/wp\/v2\/tipo-visita?post=272"},{"taxonomy":"product_brand","embeddable":true,"href":"https:\/\/pizzornowines.com\/en\/wp-json\/wp\/v2\/product_brand?post=272"},{"taxonomy":"product_cat","embeddable":true,"href":"https:\/\/pizzornowines.com\/en\/wp-json\/wp\/v2\/product_cat?post=272"},{"taxonomy":"product_tag","embeddable":true,"href":"https:\/\/pizzornowines.com\/en\/wp-json\/wp\/v2\/product_tag?post=272"}],"curies":[{"name":"wp","href":"https:\/\/api.w.org\/{rel}","templated":true}]}}