{"id":269,"date":"2023-04-13T23:22:09","date_gmt":"2023-04-14T02:22:09","guid":{"rendered":"http:\/\/pizzornowines.com\/producto\/dessert-wine-10-000\/"},"modified":"2025-06-29T12:07:04","modified_gmt":"2025-06-29T15:07:04","slug":"dessert-wine-10-000","status":"publish","type":"product","link":"https:\/\/pizzornowines.com\/en\/product\/dessert-wine-10-000\/","title":{"rendered":"10.000 M &#8211; Dessert Wine"},"content":{"rendered":"","protected":false},"excerpt":{"rendered":"<p>10.000 Millas Dessert Wine es un vino de postre fortificado que forma parte de una l\u00ednea inspirada en el viaje, en el encuentro entre culturas y en el legado de quienes se atrevieron a comenzar de nuevo lejos de casa. Elaborado a partir de un blend de Tannat y Malbec, este vino nace del cruce entre tradici\u00f3n familiar y visi\u00f3n contempor\u00e1nea.<\/p>\n<p>La marca 10.000 Millas rinde homenaje a la historia de Gianfranco Percovich, uruguayo radicado en Texas, y a su conexi\u00f3n con la familia Pizzorno. Son las 10.000 millas que separan, pero tambi\u00e9n unen, a Uruguay con Italia y Estados Unidos. Cada botella es una celebraci\u00f3n del camino recorrido, de los sue\u00f1os compartidos y de las ra\u00edces que se expanden m\u00e1s all\u00e1 de las fronteras.<\/p>\n<p>M\u00e1s que un vino, es una historia embotellada. Un s\u00edmbolo de identidad, esfuerzo y herencia.<\/p>","protected":false},"featured_media":270,"comment_status":"closed","ping_status":"closed","template":"","meta":{"_acf_changed":false,"_joinchat":[]},"tipo-visita":[],"product_brand":[],"product_cat":[30],"product_tag":[],"class_list":{"0":"post-269","1":"product","2":"type-product","3":"status-publish","4":"has-post-thumbnail","6":"product_cat-10-000-millas","8":"first","9":"instock","10":"shipping-taxable","11":"product-type-simple"},"exclude_global_add_ons":[],"addons":[],"acf":[],"yoast_head":"<!-- This site is optimized with the Yoast SEO plugin v27.3 - https:\/\/yoast.com\/product\/yoast-seo-wordpress\/ -->\n<title>10.000 M - Dessert Wine - Pizzorno Family Estates<\/title>\n<meta name=\"robots\" content=\"noindex, follow, max-snippet:-1, max-image-preview:large, max-video-preview:-1\" \/>\n<meta property=\"og:locale\" content=\"en_US\" \/>\n<meta property=\"og:type\" content=\"article\" \/>\n<meta property=\"og:title\" content=\"10.000 M - Dessert Wine - Pizzorno Family Estates\" \/>\n<meta property=\"og:description\" content=\"10.000 Millas Dessert Wine es un vino de postre fortificado que forma parte de una l\u00ednea inspirada en el viaje, en el encuentro entre culturas y en el legado de quienes se atrevieron a comenzar de nuevo lejos de casa. Elaborado a partir de un blend de Tannat y Malbec, este vino nace del cruce entre tradici\u00f3n familiar y visi\u00f3n contempor\u00e1nea.  La marca 10.000 Millas rinde homenaje a la historia de Gianfranco Percovich, uruguayo radicado en Texas, y a su conexi\u00f3n con la familia Pizzorno. Son las 10.000 millas que separan, pero tambi\u00e9n unen, a Uruguay con Italia y Estados Unidos. Cada botella es una celebraci\u00f3n del camino recorrido, de los sue\u00f1os compartidos y de las ra\u00edces que se expanden m\u00e1s all\u00e1 de las fronteras.  M\u00e1s que un vino, es una historia embotellada. Un s\u00edmbolo de identidad, esfuerzo y herencia.\" \/>\n<meta property=\"og:url\" content=\"https:\/\/pizzornowines.com\/en\/product\/dessert-wine-10-000\/\" \/>\n<meta property=\"og:site_name\" content=\"Pizzorno Family Estates\" \/>\n<meta property=\"article:publisher\" content=\"https:\/\/www.facebook.com\/pizzorno.family.estates\" \/>\n<meta property=\"article:modified_time\" content=\"2025-06-29T15:07:04+00:00\" \/>\n<meta property=\"og:image\" content=\"https:\/\/pizzornowines.com\/wp-content\/uploads\/2023\/09\/Dessert-Wine-scaled.jpg\" \/>\n\t<meta property=\"og:image:width\" content=\"665\" \/>\n\t<meta property=\"og:image:height\" content=\"1920\" \/>\n\t<meta property=\"og:image:type\" content=\"image\/jpeg\" \/>\n<meta name=\"twitter:card\" content=\"summary_large_image\" \/>\n<script type=\"application\/ld+json\" class=\"yoast-schema-graph\">{\"@context\":\"https:\\\/\\\/schema.org\",\"@graph\":[{\"@type\":\"WebPage\",\"@id\":\"https:\\\/\\\/pizzornowines.com\\\/product\\\/dessert-wine-10-000\\\/\",\"url\":\"https:\\\/\\\/pizzornowines.com\\\/product\\\/dessert-wine-10-000\\\/\",\"name\":\"10.000 M - Dessert Wine - Pizzorno Family Estates\",\"isPartOf\":{\"@id\":\"https:\\\/\\\/pizzornowines.com\\\/#website\"},\"primaryImageOfPage\":{\"@id\":\"https:\\\/\\\/pizzornowines.com\\\/product\\\/dessert-wine-10-000\\\/#primaryimage\"},\"image\":{\"@id\":\"https:\\\/\\\/pizzornowines.com\\\/product\\\/dessert-wine-10-000\\\/#primaryimage\"},\"thumbnailUrl\":\"https:\\\/\\\/pizzornowines.com\\\/wp-content\\\/uploads\\\/2023\\\/09\\\/Dessert-Wine-scaled.jpg\",\"datePublished\":\"2023-04-14T02:22:09+00:00\",\"dateModified\":\"2025-06-29T15:07:04+00:00\",\"breadcrumb\":{\"@id\":\"https:\\\/\\\/pizzornowines.com\\\/product\\\/dessert-wine-10-000\\\/#breadcrumb\"},\"inLanguage\":\"en-US\",\"potentialAction\":[{\"@type\":\"ReadAction\",\"target\":[\"https:\\\/\\\/pizzornowines.com\\\/product\\\/dessert-wine-10-000\\\/\"]}]},{\"@type\":\"ImageObject\",\"inLanguage\":\"en-US\",\"@id\":\"https:\\\/\\\/pizzornowines.com\\\/product\\\/dessert-wine-10-000\\\/#primaryimage\",\"url\":\"https:\\\/\\\/pizzornowines.com\\\/wp-content\\\/uploads\\\/2023\\\/09\\\/Dessert-Wine-scaled.jpg\",\"contentUrl\":\"https:\\\/\\\/pizzornowines.com\\\/wp-content\\\/uploads\\\/2023\\\/09\\\/Dessert-Wine-scaled.jpg\",\"width\":665,\"height\":1920},{\"@type\":\"BreadcrumbList\",\"@id\":\"https:\\\/\\\/pizzornowines.com\\\/product\\\/dessert-wine-10-000\\\/#breadcrumb\",\"itemListElement\":[{\"@type\":\"ListItem\",\"position\":1,\"name\":\"Home\",\"item\":\"https:\\\/\\\/pizzornowines.com\\\/\"},{\"@type\":\"ListItem\",\"position\":2,\"name\":\"Shop\",\"item\":\"https:\\\/\\\/pizzornowines.com\\\/?page_id=96\"},{\"@type\":\"ListItem\",\"position\":3,\"name\":\"10.000 M &#8211; Dessert Wine\"}]},{\"@type\":\"WebSite\",\"@id\":\"https:\\\/\\\/pizzornowines.com\\\/#website\",\"url\":\"https:\\\/\\\/pizzornowines.com\\\/\",\"name\":\"Pizzorno Family Estates\",\"description\":\"Pasi\u00f3n por la tierra y el vino\",\"publisher\":{\"@id\":\"https:\\\/\\\/pizzornowines.com\\\/#organization\"},\"potentialAction\":[{\"@type\":\"SearchAction\",\"target\":{\"@type\":\"EntryPoint\",\"urlTemplate\":\"https:\\\/\\\/pizzornowines.com\\\/?s={search_term_string}\"},\"query-input\":{\"@type\":\"PropertyValueSpecification\",\"valueRequired\":true,\"valueName\":\"search_term_string\"}}],\"inLanguage\":\"en-US\"},{\"@type\":\"Organization\",\"@id\":\"https:\\\/\\\/pizzornowines.com\\\/#organization\",\"name\":\"Pizzorno Family Estates\",\"url\":\"https:\\\/\\\/pizzornowines.com\\\/\",\"logo\":{\"@type\":\"ImageObject\",\"inLanguage\":\"en-US\",\"@id\":\"https:\\\/\\\/pizzornowines.com\\\/#\\\/schema\\\/logo\\\/image\\\/\",\"url\":\"https:\\\/\\\/pizzornowines.com\\\/wp-content\\\/uploads\\\/Pizzorno-Family-Estate-logo.svg\",\"contentUrl\":\"https:\\\/\\\/pizzornowines.com\\\/wp-content\\\/uploads\\\/Pizzorno-Family-Estate-logo.svg\",\"width\":422,\"height\":283,\"caption\":\"Pizzorno Family Estates\"},\"image\":{\"@id\":\"https:\\\/\\\/pizzornowines.com\\\/#\\\/schema\\\/logo\\\/image\\\/\"},\"sameAs\":[\"https:\\\/\\\/www.facebook.com\\\/pizzorno.family.estates\"]}]}<\/script>\n<!-- \/ Yoast SEO plugin. -->","yoast_head_json":{"title":"10.000 M - Dessert Wine - Pizzorno Family Estates","robots":{"index":"noindex","follow":"follow","max-snippet":"max-snippet:-1","max-image-preview":"max-image-preview:large","max-video-preview":"max-video-preview:-1"},"og_locale":"en_US","og_type":"article","og_title":"10.000 M - Dessert Wine - Pizzorno Family Estates","og_description":"10.000 Millas Dessert Wine es un vino de postre fortificado que forma parte de una l\u00ednea inspirada en el viaje, en el encuentro entre culturas y en el legado de quienes se atrevieron a comenzar de nuevo lejos de casa. Elaborado a partir de un blend de Tannat y Malbec, este vino nace del cruce entre tradici\u00f3n familiar y visi\u00f3n contempor\u00e1nea.  La marca 10.000 Millas rinde homenaje a la historia de Gianfranco Percovich, uruguayo radicado en Texas, y a su conexi\u00f3n con la familia Pizzorno. Son las 10.000 millas que separan, pero tambi\u00e9n unen, a Uruguay con Italia y Estados Unidos. Cada botella es una celebraci\u00f3n del camino recorrido, de los sue\u00f1os compartidos y de las ra\u00edces que se expanden m\u00e1s all\u00e1 de las fronteras.  M\u00e1s que un vino, es una historia embotellada. Un s\u00edmbolo de identidad, esfuerzo y herencia.","og_url":"https:\/\/pizzornowines.com\/en\/product\/dessert-wine-10-000\/","og_site_name":"Pizzorno Family Estates","article_publisher":"https:\/\/www.facebook.com\/pizzorno.family.estates","article_modified_time":"2025-06-29T15:07:04+00:00","og_image":[{"width":665,"height":1920,"url":"https:\/\/pizzornowines.com\/wp-content\/uploads\/2023\/09\/Dessert-Wine-scaled.jpg","type":"image\/jpeg"}],"twitter_card":"summary_large_image","schema":{"@context":"https:\/\/schema.org","@graph":[{"@type":"WebPage","@id":"https:\/\/pizzornowines.com\/product\/dessert-wine-10-000\/","url":"https:\/\/pizzornowines.com\/product\/dessert-wine-10-000\/","name":"10.000 M - Dessert Wine - Pizzorno Family Estates","isPartOf":{"@id":"https:\/\/pizzornowines.com\/#website"},"primaryImageOfPage":{"@id":"https:\/\/pizzornowines.com\/product\/dessert-wine-10-000\/#primaryimage"},"image":{"@id":"https:\/\/pizzornowines.com\/product\/dessert-wine-10-000\/#primaryimage"},"thumbnailUrl":"https:\/\/pizzornowines.com\/wp-content\/uploads\/2023\/09\/Dessert-Wine-scaled.jpg","datePublished":"2023-04-14T02:22:09+00:00","dateModified":"2025-06-29T15:07:04+00:00","breadcrumb":{"@id":"https:\/\/pizzornowines.com\/product\/dessert-wine-10-000\/#breadcrumb"},"inLanguage":"en-US","potentialAction":[{"@type":"ReadAction","target":["https:\/\/pizzornowines.com\/product\/dessert-wine-10-000\/"]}]},{"@type":"ImageObject","inLanguage":"en-US","@id":"https:\/\/pizzornowines.com\/product\/dessert-wine-10-000\/#primaryimage","url":"https:\/\/pizzornowines.com\/wp-content\/uploads\/2023\/09\/Dessert-Wine-scaled.jpg","contentUrl":"https:\/\/pizzornowines.com\/wp-content\/uploads\/2023\/09\/Dessert-Wine-scaled.jpg","width":665,"height":1920},{"@type":"BreadcrumbList","@id":"https:\/\/pizzornowines.com\/product\/dessert-wine-10-000\/#breadcrumb","itemListElement":[{"@type":"ListItem","position":1,"name":"Home","item":"https:\/\/pizzornowines.com\/"},{"@type":"ListItem","position":2,"name":"Shop","item":"https:\/\/pizzornowines.com\/?page_id=96"},{"@type":"ListItem","position":3,"name":"10.000 M &#8211; Dessert Wine"}]},{"@type":"WebSite","@id":"https:\/\/pizzornowines.com\/#website","url":"https:\/\/pizzornowines.com\/","name":"Pizzorno Family Estates","description":"Pasi\u00f3n por la tierra y el vino","publisher":{"@id":"https:\/\/pizzornowines.com\/#organization"},"potentialAction":[{"@type":"SearchAction","target":{"@type":"EntryPoint","urlTemplate":"https:\/\/pizzornowines.com\/?s={search_term_string}"},"query-input":{"@type":"PropertyValueSpecification","valueRequired":true,"valueName":"search_term_string"}}],"inLanguage":"en-US"},{"@type":"Organization","@id":"https:\/\/pizzornowines.com\/#organization","name":"Pizzorno Family Estates","url":"https:\/\/pizzornowines.com\/","logo":{"@type":"ImageObject","inLanguage":"en-US","@id":"https:\/\/pizzornowines.com\/#\/schema\/logo\/image\/","url":"https:\/\/pizzornowines.com\/wp-content\/uploads\/Pizzorno-Family-Estate-logo.svg","contentUrl":"https:\/\/pizzornowines.com\/wp-content\/uploads\/Pizzorno-Family-Estate-logo.svg","width":422,"height":283,"caption":"Pizzorno Family Estates"},"image":{"@id":"https:\/\/pizzornowines.com\/#\/schema\/logo\/image\/"},"sameAs":["https:\/\/www.facebook.com\/pizzorno.family.estates"]}]}},"_links":{"self":[{"href":"https:\/\/pizzornowines.com\/en\/wp-json\/wp\/v2\/product\/269","targetHints":{"allow":["GET"]}}],"collection":[{"href":"https:\/\/pizzornowines.com\/en\/wp-json\/wp\/v2\/product"}],"about":[{"href":"https:\/\/pizzornowines.com\/en\/wp-json\/wp\/v2\/types\/product"}],"replies":[{"embeddable":true,"href":"https:\/\/pizzornowines.com\/en\/wp-json\/wp\/v2\/comments?post=269"}],"version-history":[{"count":3,"href":"https:\/\/pizzornowines.com\/en\/wp-json\/wp\/v2\/product\/269\/revisions"}],"predecessor-version":[{"id":2727,"href":"https:\/\/pizzornowines.com\/en\/wp-json\/wp\/v2\/product\/269\/revisions\/2727"}],"wp:featuredmedia":[{"embeddable":true,"href":"https:\/\/pizzornowines.com\/en\/wp-json\/wp\/v2\/media\/270"}],"wp:attachment":[{"href":"https:\/\/pizzornowines.com\/en\/wp-json\/wp\/v2\/media?parent=269"}],"wp:term":[{"taxonomy":"tipo-visita","embeddable":true,"href":"https:\/\/pizzornowines.com\/en\/wp-json\/wp\/v2\/tipo-visita?post=269"},{"taxonomy":"product_brand","embeddable":true,"href":"https:\/\/pizzornowines.com\/en\/wp-json\/wp\/v2\/product_brand?post=269"},{"taxonomy":"product_cat","embeddable":true,"href":"https:\/\/pizzornowines.com\/en\/wp-json\/wp\/v2\/product_cat?post=269"},{"taxonomy":"product_tag","embeddable":true,"href":"https:\/\/pizzornowines.com\/en\/wp-json\/wp\/v2\/product_tag?post=269"}],"curies":[{"name":"wp","href":"https:\/\/api.w.org\/{rel}","templated":true}]}}