{"id":266,"date":"2023-04-24T16:27:12","date_gmt":"2023-04-24T19:27:12","guid":{"rendered":"http:\/\/pizzornowines.com\/?post_type=product&#038;p=13896"},"modified":"2025-08-11T11:22:13","modified_gmt":"2025-08-11T14:22:13","slug":"gaucho-sur-tannat","status":"publish","type":"product","link":"https:\/\/pizzornowines.com\/en\/product\/gaucho-sur-tannat\/","title":{"rendered":"GAUCHO SUR Cabernet Sauvignon Roble"},"content":{"rendered":"<p>Cabernet Sauvignon es de las cepas m\u00e1s importantes del mundo vitivin\u00edcola. Por su naturaleza es una variedad de gran adaptaci\u00f3n a diferentes terroirs. Se realiza una intensa reducci\u00f3n de kilos por hect\u00e1rea para lograr una homog\u00e9nea y excelente madurez de los racimos, permitiendo obtener una gran concentraci\u00f3n de compuestos de color, arom\u00e1ticos y taninos maduros.<\/p>","protected":false},"excerpt":{"rendered":"<p>Gaucho es una l\u00ednea que rinde homenaje al esp\u00edritu del hombre de campo rioplatense: libre, valiente y profundamente conectado con la tierra. Representa la esencia de nuestras ra\u00edces rurales y el orgullo de una cultura que honra el trabajo, la tradici\u00f3n y la identidad.<br \/>\nCon vinos honestos, expresivos y con car\u00e1cter, Gaucho es un tributo a la vida simple y aut\u00e9ntica. Cada botella lleva consigo la fuerza del terru\u00f1o y la historia de quienes han hecho del vino parte de su legado.<br \/>\nGaucho es m\u00e1s que un vino. Es una bandera de pertenencia.<\/p>","protected":false},"featured_media":267,"comment_status":"closed","ping_status":"closed","template":"","meta":{"_acf_changed":false,"_joinchat":[]},"tipo-visita":[],"product_brand":[],"product_cat":[29],"product_tag":[],"class_list":{"0":"post-266","1":"product","2":"type-product","3":"status-publish","4":"has-post-thumbnail","6":"product_cat-gaucho-sur","8":"first","9":"instock","10":"shipping-taxable","11":"product-type-simple"},"exclude_global_add_ons":[],"addons":[],"acf":[],"yoast_head":"<!-- This site is optimized with the Yoast SEO plugin v27.3 - https:\/\/yoast.com\/product\/yoast-seo-wordpress\/ -->\n<title>GAUCHO SUR Cabernet Sauvignon Roble - Pizzorno Family Estates<\/title>\n<meta name=\"robots\" content=\"noindex, follow, max-snippet:-1, max-image-preview:large, max-video-preview:-1\" \/>\n<meta property=\"og:locale\" content=\"en_US\" \/>\n<meta property=\"og:type\" content=\"article\" \/>\n<meta property=\"og:title\" content=\"GAUCHO SUR Cabernet Sauvignon Roble - Pizzorno Family Estates\" \/>\n<meta property=\"og:description\" content=\"Gaucho es una l\u00ednea que rinde homenaje al esp\u00edritu del hombre de campo rioplatense: libre, valiente y profundamente conectado con la tierra. Representa la esencia de nuestras ra\u00edces rurales y el orgullo de una cultura que honra el trabajo, la tradici\u00f3n y la identidad. Con vinos honestos, expresivos y con car\u00e1cter, Gaucho es un tributo a la vida simple y aut\u00e9ntica. Cada botella lleva consigo la fuerza del terru\u00f1o y la historia de quienes han hecho del vino parte de su legado. Gaucho es m\u00e1s que un vino. Es una bandera de pertenencia.\" \/>\n<meta property=\"og:url\" content=\"https:\/\/pizzornowines.com\/en\/product\/gaucho-sur-tannat\/\" \/>\n<meta property=\"og:site_name\" content=\"Pizzorno Family Estates\" \/>\n<meta property=\"article:publisher\" content=\"https:\/\/www.facebook.com\/pizzorno.family.estates\" \/>\n<meta property=\"article:modified_time\" content=\"2025-08-11T14:22:13+00:00\" \/>\n<meta property=\"og:image\" content=\"https:\/\/pizzornowines.com\/wp-content\/uploads\/2023\/04\/Gaucho-Cabernet.webp\" \/>\n\t<meta property=\"og:image:width\" content=\"198\" \/>\n\t<meta property=\"og:image:height\" content=\"780\" \/>\n\t<meta property=\"og:image:type\" content=\"image\/webp\" \/>\n<meta name=\"twitter:card\" content=\"summary_large_image\" \/>\n<script type=\"application\/ld+json\" class=\"yoast-schema-graph\">{\"@context\":\"https:\\\/\\\/schema.org\",\"@graph\":[{\"@type\":\"WebPage\",\"@id\":\"https:\\\/\\\/pizzornowines.com\\\/product\\\/gaucho-sur-tannat\\\/\",\"url\":\"https:\\\/\\\/pizzornowines.com\\\/product\\\/gaucho-sur-tannat\\\/\",\"name\":\"GAUCHO SUR Cabernet Sauvignon Roble - Pizzorno Family Estates\",\"isPartOf\":{\"@id\":\"https:\\\/\\\/pizzornowines.com\\\/#website\"},\"primaryImageOfPage\":{\"@id\":\"https:\\\/\\\/pizzornowines.com\\\/product\\\/gaucho-sur-tannat\\\/#primaryimage\"},\"image\":{\"@id\":\"https:\\\/\\\/pizzornowines.com\\\/product\\\/gaucho-sur-tannat\\\/#primaryimage\"},\"thumbnailUrl\":\"https:\\\/\\\/pizzornowines.com\\\/wp-content\\\/uploads\\\/2023\\\/04\\\/Gaucho-Cabernet.webp\",\"datePublished\":\"2023-04-24T19:27:12+00:00\",\"dateModified\":\"2025-08-11T14:22:13+00:00\",\"breadcrumb\":{\"@id\":\"https:\\\/\\\/pizzornowines.com\\\/product\\\/gaucho-sur-tannat\\\/#breadcrumb\"},\"inLanguage\":\"en-US\",\"potentialAction\":[{\"@type\":\"ReadAction\",\"target\":[\"https:\\\/\\\/pizzornowines.com\\\/product\\\/gaucho-sur-tannat\\\/\"]}]},{\"@type\":\"ImageObject\",\"inLanguage\":\"en-US\",\"@id\":\"https:\\\/\\\/pizzornowines.com\\\/product\\\/gaucho-sur-tannat\\\/#primaryimage\",\"url\":\"https:\\\/\\\/pizzornowines.com\\\/wp-content\\\/uploads\\\/2023\\\/04\\\/Gaucho-Cabernet.webp\",\"contentUrl\":\"https:\\\/\\\/pizzornowines.com\\\/wp-content\\\/uploads\\\/2023\\\/04\\\/Gaucho-Cabernet.webp\",\"width\":198,\"height\":780},{\"@type\":\"BreadcrumbList\",\"@id\":\"https:\\\/\\\/pizzornowines.com\\\/product\\\/gaucho-sur-tannat\\\/#breadcrumb\",\"itemListElement\":[{\"@type\":\"ListItem\",\"position\":1,\"name\":\"Home\",\"item\":\"https:\\\/\\\/pizzornowines.com\\\/\"},{\"@type\":\"ListItem\",\"position\":2,\"name\":\"Shop\",\"item\":\"https:\\\/\\\/pizzornowines.com\\\/shop\\\/\"},{\"@type\":\"ListItem\",\"position\":3,\"name\":\"GAUCHO SUR Cabernet Sauvignon Roble\"}]},{\"@type\":\"WebSite\",\"@id\":\"https:\\\/\\\/pizzornowines.com\\\/#website\",\"url\":\"https:\\\/\\\/pizzornowines.com\\\/\",\"name\":\"Pizzorno Family Estates\",\"description\":\"Pasi\u00f3n por la tierra y el vino\",\"publisher\":{\"@id\":\"https:\\\/\\\/pizzornowines.com\\\/#organization\"},\"potentialAction\":[{\"@type\":\"SearchAction\",\"target\":{\"@type\":\"EntryPoint\",\"urlTemplate\":\"https:\\\/\\\/pizzornowines.com\\\/?s={search_term_string}\"},\"query-input\":{\"@type\":\"PropertyValueSpecification\",\"valueRequired\":true,\"valueName\":\"search_term_string\"}}],\"inLanguage\":\"en-US\"},{\"@type\":\"Organization\",\"@id\":\"https:\\\/\\\/pizzornowines.com\\\/#organization\",\"name\":\"Pizzorno Family Estates\",\"url\":\"https:\\\/\\\/pizzornowines.com\\\/\",\"logo\":{\"@type\":\"ImageObject\",\"inLanguage\":\"en-US\",\"@id\":\"https:\\\/\\\/pizzornowines.com\\\/#\\\/schema\\\/logo\\\/image\\\/\",\"url\":\"https:\\\/\\\/pizzornowines.com\\\/wp-content\\\/uploads\\\/Pizzorno-Family-Estate-logo.svg\",\"contentUrl\":\"https:\\\/\\\/pizzornowines.com\\\/wp-content\\\/uploads\\\/Pizzorno-Family-Estate-logo.svg\",\"width\":422,\"height\":283,\"caption\":\"Pizzorno Family Estates\"},\"image\":{\"@id\":\"https:\\\/\\\/pizzornowines.com\\\/#\\\/schema\\\/logo\\\/image\\\/\"},\"sameAs\":[\"https:\\\/\\\/www.facebook.com\\\/pizzorno.family.estates\"]}]}<\/script>\n<!-- \/ Yoast SEO plugin. -->","yoast_head_json":{"title":"GAUCHO SUR Cabernet Sauvignon Roble - Pizzorno Family Estates","robots":{"index":"noindex","follow":"follow","max-snippet":"max-snippet:-1","max-image-preview":"max-image-preview:large","max-video-preview":"max-video-preview:-1"},"og_locale":"en_US","og_type":"article","og_title":"GAUCHO SUR Cabernet Sauvignon Roble - Pizzorno Family Estates","og_description":"Gaucho es una l\u00ednea que rinde homenaje al esp\u00edritu del hombre de campo rioplatense: libre, valiente y profundamente conectado con la tierra. Representa la esencia de nuestras ra\u00edces rurales y el orgullo de una cultura que honra el trabajo, la tradici\u00f3n y la identidad. Con vinos honestos, expresivos y con car\u00e1cter, Gaucho es un tributo a la vida simple y aut\u00e9ntica. Cada botella lleva consigo la fuerza del terru\u00f1o y la historia de quienes han hecho del vino parte de su legado. Gaucho es m\u00e1s que un vino. Es una bandera de pertenencia.","og_url":"https:\/\/pizzornowines.com\/en\/product\/gaucho-sur-tannat\/","og_site_name":"Pizzorno Family Estates","article_publisher":"https:\/\/www.facebook.com\/pizzorno.family.estates","article_modified_time":"2025-08-11T14:22:13+00:00","og_image":[{"width":198,"height":780,"url":"https:\/\/pizzornowines.com\/wp-content\/uploads\/2023\/04\/Gaucho-Cabernet.webp","type":"image\/webp"}],"twitter_card":"summary_large_image","schema":{"@context":"https:\/\/schema.org","@graph":[{"@type":"WebPage","@id":"https:\/\/pizzornowines.com\/product\/gaucho-sur-tannat\/","url":"https:\/\/pizzornowines.com\/product\/gaucho-sur-tannat\/","name":"GAUCHO SUR Cabernet Sauvignon Roble - Pizzorno Family Estates","isPartOf":{"@id":"https:\/\/pizzornowines.com\/#website"},"primaryImageOfPage":{"@id":"https:\/\/pizzornowines.com\/product\/gaucho-sur-tannat\/#primaryimage"},"image":{"@id":"https:\/\/pizzornowines.com\/product\/gaucho-sur-tannat\/#primaryimage"},"thumbnailUrl":"https:\/\/pizzornowines.com\/wp-content\/uploads\/2023\/04\/Gaucho-Cabernet.webp","datePublished":"2023-04-24T19:27:12+00:00","dateModified":"2025-08-11T14:22:13+00:00","breadcrumb":{"@id":"https:\/\/pizzornowines.com\/product\/gaucho-sur-tannat\/#breadcrumb"},"inLanguage":"en-US","potentialAction":[{"@type":"ReadAction","target":["https:\/\/pizzornowines.com\/product\/gaucho-sur-tannat\/"]}]},{"@type":"ImageObject","inLanguage":"en-US","@id":"https:\/\/pizzornowines.com\/product\/gaucho-sur-tannat\/#primaryimage","url":"https:\/\/pizzornowines.com\/wp-content\/uploads\/2023\/04\/Gaucho-Cabernet.webp","contentUrl":"https:\/\/pizzornowines.com\/wp-content\/uploads\/2023\/04\/Gaucho-Cabernet.webp","width":198,"height":780},{"@type":"BreadcrumbList","@id":"https:\/\/pizzornowines.com\/product\/gaucho-sur-tannat\/#breadcrumb","itemListElement":[{"@type":"ListItem","position":1,"name":"Home","item":"https:\/\/pizzornowines.com\/"},{"@type":"ListItem","position":2,"name":"Shop","item":"https:\/\/pizzornowines.com\/shop\/"},{"@type":"ListItem","position":3,"name":"GAUCHO SUR Cabernet Sauvignon Roble"}]},{"@type":"WebSite","@id":"https:\/\/pizzornowines.com\/#website","url":"https:\/\/pizzornowines.com\/","name":"Pizzorno Family Estates","description":"Pasi\u00f3n por la tierra y el vino","publisher":{"@id":"https:\/\/pizzornowines.com\/#organization"},"potentialAction":[{"@type":"SearchAction","target":{"@type":"EntryPoint","urlTemplate":"https:\/\/pizzornowines.com\/?s={search_term_string}"},"query-input":{"@type":"PropertyValueSpecification","valueRequired":true,"valueName":"search_term_string"}}],"inLanguage":"en-US"},{"@type":"Organization","@id":"https:\/\/pizzornowines.com\/#organization","name":"Pizzorno Family Estates","url":"https:\/\/pizzornowines.com\/","logo":{"@type":"ImageObject","inLanguage":"en-US","@id":"https:\/\/pizzornowines.com\/#\/schema\/logo\/image\/","url":"https:\/\/pizzornowines.com\/wp-content\/uploads\/Pizzorno-Family-Estate-logo.svg","contentUrl":"https:\/\/pizzornowines.com\/wp-content\/uploads\/Pizzorno-Family-Estate-logo.svg","width":422,"height":283,"caption":"Pizzorno Family Estates"},"image":{"@id":"https:\/\/pizzornowines.com\/#\/schema\/logo\/image\/"},"sameAs":["https:\/\/www.facebook.com\/pizzorno.family.estates"]}]}},"_links":{"self":[{"href":"https:\/\/pizzornowines.com\/en\/wp-json\/wp\/v2\/product\/266","targetHints":{"allow":["GET"]}}],"collection":[{"href":"https:\/\/pizzornowines.com\/en\/wp-json\/wp\/v2\/product"}],"about":[{"href":"https:\/\/pizzornowines.com\/en\/wp-json\/wp\/v2\/types\/product"}],"replies":[{"embeddable":true,"href":"https:\/\/pizzornowines.com\/en\/wp-json\/wp\/v2\/comments?post=266"}],"version-history":[{"count":2,"href":"https:\/\/pizzornowines.com\/en\/wp-json\/wp\/v2\/product\/266\/revisions"}],"predecessor-version":[{"id":3098,"href":"https:\/\/pizzornowines.com\/en\/wp-json\/wp\/v2\/product\/266\/revisions\/3098"}],"wp:featuredmedia":[{"embeddable":true,"href":"https:\/\/pizzornowines.com\/en\/wp-json\/wp\/v2\/media\/267"}],"wp:attachment":[{"href":"https:\/\/pizzornowines.com\/en\/wp-json\/wp\/v2\/media?parent=266"}],"wp:term":[{"taxonomy":"tipo-visita","embeddable":true,"href":"https:\/\/pizzornowines.com\/en\/wp-json\/wp\/v2\/tipo-visita?post=266"},{"taxonomy":"product_brand","embeddable":true,"href":"https:\/\/pizzornowines.com\/en\/wp-json\/wp\/v2\/product_brand?post=266"},{"taxonomy":"product_cat","embeddable":true,"href":"https:\/\/pizzornowines.com\/en\/wp-json\/wp\/v2\/product_cat?post=266"},{"taxonomy":"product_tag","embeddable":true,"href":"https:\/\/pizzornowines.com\/en\/wp-json\/wp\/v2\/product_tag?post=266"}],"curies":[{"name":"wp","href":"https:\/\/api.w.org\/{rel}","templated":true}]}}