{"id":259,"date":"2023-04-24T16:32:47","date_gmt":"2023-04-24T19:32:47","guid":{"rendered":"http:\/\/pizzornowines.com\/?post_type=product&#038;p=13904"},"modified":"2025-05-21T15:41:11","modified_gmt":"2025-05-21T18:41:11","slug":"mayusculas-albarino","status":"publish","type":"product","link":"https:\/\/pizzornowines.com\/en\/product\/mayusculas-albarino\/","title":{"rendered":"May\u00fasculas Albari\u00f1o"},"content":{"rendered":"<p>Cepa de origen gallego que se ha adaptado de forma magn\u00edfica a nuestro terroir. Durante el verano, en nuestra regi\u00f3n de Canel\u00f3n Chico, el clima nos brinda una gran amplitud t\u00e9rmica que favorece a la madurez \u00f3ptima de los racimos, aportando frescura, acidez y estructura ideal para este Albari\u00f1o.<\/p>","protected":false},"excerpt":{"rendered":"<p>May\u00fasculas Albari\u00f1o es parte de la l\u00ednea May\u00fasculas de Bodega Pizzorno, una colecci\u00f3n pensada para mostrar vinos frescos, modernos y con una identidad descontracturada.<\/p>\n<p>Este vino refleja la evoluci\u00f3n del Albari\u00f1o en Uruguay, una variedad que ha demostrado una excelente adaptaci\u00f3n al clima atl\u00e1ntico y a los suelos del sur del pa\u00eds. En esta versi\u00f3n, Pizzorno propone un estilo joven, expresivo y accesible, ideal para quienes buscan un blanco con car\u00e1cter, sin complicaciones.<\/p>\n<p>Con tapa a rosca, est\u00e9tica minimalista y esp\u00edritu fresco, May\u00fasculas Albari\u00f1o es perfecto para disfrutar al aire libre, con buena compa\u00f1\u00eda y sin demasiadas reglas. Un vino que invita a relajarse y simplemente disfrutar.<\/p>","protected":false},"featured_media":260,"comment_status":"closed","ping_status":"closed","template":"","meta":{"_acf_changed":false,"_joinchat":[]},"tipo-visita":[],"product_brand":[],"product_cat":[33],"product_tag":[],"class_list":{"0":"post-259","1":"product","2":"type-product","3":"status-publish","4":"has-post-thumbnail","6":"product_cat-mayusculas","8":"first","9":"instock","10":"shipping-taxable","11":"product-type-simple"},"exclude_global_add_ons":[],"addons":[],"acf":[],"yoast_head":"<!-- This site is optimized with the Yoast SEO plugin v27.4 - https:\/\/yoast.com\/product\/yoast-seo-wordpress\/ -->\n<title>May\u00fasculas Albari\u00f1o - Pizzorno Family Estates<\/title>\n<meta name=\"robots\" content=\"noindex, follow, max-snippet:-1, max-image-preview:large, max-video-preview:-1\" \/>\n<meta property=\"og:locale\" content=\"en_US\" \/>\n<meta property=\"og:type\" content=\"article\" \/>\n<meta property=\"og:title\" content=\"May\u00fasculas Albari\u00f1o - Pizzorno Family Estates\" \/>\n<meta property=\"og:description\" content=\"May\u00fasculas Albari\u00f1o es parte de la l\u00ednea May\u00fasculas de Bodega Pizzorno, una colecci\u00f3n pensada para mostrar vinos frescos, modernos y con una identidad descontracturada.  Este vino refleja la evoluci\u00f3n del Albari\u00f1o en Uruguay, una variedad que ha demostrado una excelente adaptaci\u00f3n al clima atl\u00e1ntico y a los suelos del sur del pa\u00eds. En esta versi\u00f3n, Pizzorno propone un estilo joven, expresivo y accesible, ideal para quienes buscan un blanco con car\u00e1cter, sin complicaciones.  Con tapa a rosca, est\u00e9tica minimalista y esp\u00edritu fresco, May\u00fasculas Albari\u00f1o es perfecto para disfrutar al aire libre, con buena compa\u00f1\u00eda y sin demasiadas reglas. Un vino que invita a relajarse y simplemente disfrutar.\" \/>\n<meta property=\"og:url\" content=\"https:\/\/pizzornowines.com\/en\/product\/mayusculas-albarino\/\" \/>\n<meta property=\"og:site_name\" content=\"Pizzorno Family Estates\" \/>\n<meta property=\"article:publisher\" content=\"https:\/\/www.facebook.com\/pizzorno.family.estates\" \/>\n<meta property=\"article:modified_time\" content=\"2025-05-21T18:41:11+00:00\" \/>\n<meta property=\"og:image\" content=\"https:\/\/pizzornowines.com\/wp-content\/uploads\/2023\/04\/Mayusculas-Albarino.jpg\" \/>\n\t<meta property=\"og:image:width\" content=\"390\" \/>\n\t<meta property=\"og:image:height\" content=\"780\" \/>\n\t<meta property=\"og:image:type\" content=\"image\/jpeg\" \/>\n<meta name=\"twitter:card\" content=\"summary_large_image\" \/>\n<script type=\"application\/ld+json\" class=\"yoast-schema-graph\">{\"@context\":\"https:\\\/\\\/schema.org\",\"@graph\":[{\"@type\":\"WebPage\",\"@id\":\"https:\\\/\\\/pizzornowines.com\\\/product\\\/mayusculas-albarino\\\/\",\"url\":\"https:\\\/\\\/pizzornowines.com\\\/product\\\/mayusculas-albarino\\\/\",\"name\":\"May\u00fasculas Albari\u00f1o - Pizzorno Family Estates\",\"isPartOf\":{\"@id\":\"https:\\\/\\\/pizzornowines.com\\\/#website\"},\"primaryImageOfPage\":{\"@id\":\"https:\\\/\\\/pizzornowines.com\\\/product\\\/mayusculas-albarino\\\/#primaryimage\"},\"image\":{\"@id\":\"https:\\\/\\\/pizzornowines.com\\\/product\\\/mayusculas-albarino\\\/#primaryimage\"},\"thumbnailUrl\":\"https:\\\/\\\/pizzornowines.com\\\/wp-content\\\/uploads\\\/2023\\\/04\\\/Mayusculas-Albarino.jpg\",\"datePublished\":\"2023-04-24T19:32:47+00:00\",\"dateModified\":\"2025-05-21T18:41:11+00:00\",\"breadcrumb\":{\"@id\":\"https:\\\/\\\/pizzornowines.com\\\/product\\\/mayusculas-albarino\\\/#breadcrumb\"},\"inLanguage\":\"en-US\",\"potentialAction\":[{\"@type\":\"ReadAction\",\"target\":[\"https:\\\/\\\/pizzornowines.com\\\/product\\\/mayusculas-albarino\\\/\"]}]},{\"@type\":\"ImageObject\",\"inLanguage\":\"en-US\",\"@id\":\"https:\\\/\\\/pizzornowines.com\\\/product\\\/mayusculas-albarino\\\/#primaryimage\",\"url\":\"https:\\\/\\\/pizzornowines.com\\\/wp-content\\\/uploads\\\/2023\\\/04\\\/Mayusculas-Albarino.jpg\",\"contentUrl\":\"https:\\\/\\\/pizzornowines.com\\\/wp-content\\\/uploads\\\/2023\\\/04\\\/Mayusculas-Albarino.jpg\",\"width\":390,\"height\":780},{\"@type\":\"BreadcrumbList\",\"@id\":\"https:\\\/\\\/pizzornowines.com\\\/product\\\/mayusculas-albarino\\\/#breadcrumb\",\"itemListElement\":[{\"@type\":\"ListItem\",\"position\":1,\"name\":\"Home\",\"item\":\"https:\\\/\\\/pizzornowines.com\\\/\"},{\"@type\":\"ListItem\",\"position\":2,\"name\":\"Shop\",\"item\":\"https:\\\/\\\/pizzornowines.com\\\/?page_id=96\"},{\"@type\":\"ListItem\",\"position\":3,\"name\":\"May\u00fasculas Albari\u00f1o\"}]},{\"@type\":\"WebSite\",\"@id\":\"https:\\\/\\\/pizzornowines.com\\\/#website\",\"url\":\"https:\\\/\\\/pizzornowines.com\\\/\",\"name\":\"Pizzorno Family Estates\",\"description\":\"Pasi\u00f3n por la tierra y el vino\",\"publisher\":{\"@id\":\"https:\\\/\\\/pizzornowines.com\\\/#organization\"},\"potentialAction\":[{\"@type\":\"SearchAction\",\"target\":{\"@type\":\"EntryPoint\",\"urlTemplate\":\"https:\\\/\\\/pizzornowines.com\\\/?s={search_term_string}\"},\"query-input\":{\"@type\":\"PropertyValueSpecification\",\"valueRequired\":true,\"valueName\":\"search_term_string\"}}],\"inLanguage\":\"en-US\"},{\"@type\":\"Organization\",\"@id\":\"https:\\\/\\\/pizzornowines.com\\\/#organization\",\"name\":\"Pizzorno Family Estates\",\"url\":\"https:\\\/\\\/pizzornowines.com\\\/\",\"logo\":{\"@type\":\"ImageObject\",\"inLanguage\":\"en-US\",\"@id\":\"https:\\\/\\\/pizzornowines.com\\\/#\\\/schema\\\/logo\\\/image\\\/\",\"url\":\"https:\\\/\\\/pizzornowines.com\\\/wp-content\\\/uploads\\\/Pizzorno-Family-Estate-logo.svg\",\"contentUrl\":\"https:\\\/\\\/pizzornowines.com\\\/wp-content\\\/uploads\\\/Pizzorno-Family-Estate-logo.svg\",\"width\":422,\"height\":283,\"caption\":\"Pizzorno Family Estates\"},\"image\":{\"@id\":\"https:\\\/\\\/pizzornowines.com\\\/#\\\/schema\\\/logo\\\/image\\\/\"},\"sameAs\":[\"https:\\\/\\\/www.facebook.com\\\/pizzorno.family.estates\"]}]}<\/script>\n<!-- \/ Yoast SEO plugin. -->","yoast_head_json":{"title":"May\u00fasculas Albari\u00f1o - Pizzorno Family Estates","robots":{"index":"noindex","follow":"follow","max-snippet":"max-snippet:-1","max-image-preview":"max-image-preview:large","max-video-preview":"max-video-preview:-1"},"og_locale":"en_US","og_type":"article","og_title":"May\u00fasculas Albari\u00f1o - Pizzorno Family Estates","og_description":"May\u00fasculas Albari\u00f1o es parte de la l\u00ednea May\u00fasculas de Bodega Pizzorno, una colecci\u00f3n pensada para mostrar vinos frescos, modernos y con una identidad descontracturada.  Este vino refleja la evoluci\u00f3n del Albari\u00f1o en Uruguay, una variedad que ha demostrado una excelente adaptaci\u00f3n al clima atl\u00e1ntico y a los suelos del sur del pa\u00eds. En esta versi\u00f3n, Pizzorno propone un estilo joven, expresivo y accesible, ideal para quienes buscan un blanco con car\u00e1cter, sin complicaciones.  Con tapa a rosca, est\u00e9tica minimalista y esp\u00edritu fresco, May\u00fasculas Albari\u00f1o es perfecto para disfrutar al aire libre, con buena compa\u00f1\u00eda y sin demasiadas reglas. Un vino que invita a relajarse y simplemente disfrutar.","og_url":"https:\/\/pizzornowines.com\/en\/product\/mayusculas-albarino\/","og_site_name":"Pizzorno Family Estates","article_publisher":"https:\/\/www.facebook.com\/pizzorno.family.estates","article_modified_time":"2025-05-21T18:41:11+00:00","og_image":[{"width":390,"height":780,"url":"https:\/\/pizzornowines.com\/wp-content\/uploads\/2023\/04\/Mayusculas-Albarino.jpg","type":"image\/jpeg"}],"twitter_card":"summary_large_image","schema":{"@context":"https:\/\/schema.org","@graph":[{"@type":"WebPage","@id":"https:\/\/pizzornowines.com\/product\/mayusculas-albarino\/","url":"https:\/\/pizzornowines.com\/product\/mayusculas-albarino\/","name":"May\u00fasculas Albari\u00f1o - Pizzorno Family Estates","isPartOf":{"@id":"https:\/\/pizzornowines.com\/#website"},"primaryImageOfPage":{"@id":"https:\/\/pizzornowines.com\/product\/mayusculas-albarino\/#primaryimage"},"image":{"@id":"https:\/\/pizzornowines.com\/product\/mayusculas-albarino\/#primaryimage"},"thumbnailUrl":"https:\/\/pizzornowines.com\/wp-content\/uploads\/2023\/04\/Mayusculas-Albarino.jpg","datePublished":"2023-04-24T19:32:47+00:00","dateModified":"2025-05-21T18:41:11+00:00","breadcrumb":{"@id":"https:\/\/pizzornowines.com\/product\/mayusculas-albarino\/#breadcrumb"},"inLanguage":"en-US","potentialAction":[{"@type":"ReadAction","target":["https:\/\/pizzornowines.com\/product\/mayusculas-albarino\/"]}]},{"@type":"ImageObject","inLanguage":"en-US","@id":"https:\/\/pizzornowines.com\/product\/mayusculas-albarino\/#primaryimage","url":"https:\/\/pizzornowines.com\/wp-content\/uploads\/2023\/04\/Mayusculas-Albarino.jpg","contentUrl":"https:\/\/pizzornowines.com\/wp-content\/uploads\/2023\/04\/Mayusculas-Albarino.jpg","width":390,"height":780},{"@type":"BreadcrumbList","@id":"https:\/\/pizzornowines.com\/product\/mayusculas-albarino\/#breadcrumb","itemListElement":[{"@type":"ListItem","position":1,"name":"Home","item":"https:\/\/pizzornowines.com\/"},{"@type":"ListItem","position":2,"name":"Shop","item":"https:\/\/pizzornowines.com\/?page_id=96"},{"@type":"ListItem","position":3,"name":"May\u00fasculas Albari\u00f1o"}]},{"@type":"WebSite","@id":"https:\/\/pizzornowines.com\/#website","url":"https:\/\/pizzornowines.com\/","name":"Pizzorno Family Estates","description":"Pasi\u00f3n por la tierra y el vino","publisher":{"@id":"https:\/\/pizzornowines.com\/#organization"},"potentialAction":[{"@type":"SearchAction","target":{"@type":"EntryPoint","urlTemplate":"https:\/\/pizzornowines.com\/?s={search_term_string}"},"query-input":{"@type":"PropertyValueSpecification","valueRequired":true,"valueName":"search_term_string"}}],"inLanguage":"en-US"},{"@type":"Organization","@id":"https:\/\/pizzornowines.com\/#organization","name":"Pizzorno Family Estates","url":"https:\/\/pizzornowines.com\/","logo":{"@type":"ImageObject","inLanguage":"en-US","@id":"https:\/\/pizzornowines.com\/#\/schema\/logo\/image\/","url":"https:\/\/pizzornowines.com\/wp-content\/uploads\/Pizzorno-Family-Estate-logo.svg","contentUrl":"https:\/\/pizzornowines.com\/wp-content\/uploads\/Pizzorno-Family-Estate-logo.svg","width":422,"height":283,"caption":"Pizzorno Family Estates"},"image":{"@id":"https:\/\/pizzornowines.com\/#\/schema\/logo\/image\/"},"sameAs":["https:\/\/www.facebook.com\/pizzorno.family.estates"]}]}},"_links":{"self":[{"href":"https:\/\/pizzornowines.com\/en\/wp-json\/wp\/v2\/product\/259","targetHints":{"allow":["GET"]}}],"collection":[{"href":"https:\/\/pizzornowines.com\/en\/wp-json\/wp\/v2\/product"}],"about":[{"href":"https:\/\/pizzornowines.com\/en\/wp-json\/wp\/v2\/types\/product"}],"replies":[{"embeddable":true,"href":"https:\/\/pizzornowines.com\/en\/wp-json\/wp\/v2\/comments?post=259"}],"version-history":[{"count":1,"href":"https:\/\/pizzornowines.com\/en\/wp-json\/wp\/v2\/product\/259\/revisions"}],"predecessor-version":[{"id":2168,"href":"https:\/\/pizzornowines.com\/en\/wp-json\/wp\/v2\/product\/259\/revisions\/2168"}],"wp:featuredmedia":[{"embeddable":true,"href":"https:\/\/pizzornowines.com\/en\/wp-json\/wp\/v2\/media\/260"}],"wp:attachment":[{"href":"https:\/\/pizzornowines.com\/en\/wp-json\/wp\/v2\/media?parent=259"}],"wp:term":[{"taxonomy":"tipo-visita","embeddable":true,"href":"https:\/\/pizzornowines.com\/en\/wp-json\/wp\/v2\/tipo-visita?post=259"},{"taxonomy":"product_brand","embeddable":true,"href":"https:\/\/pizzornowines.com\/en\/wp-json\/wp\/v2\/product_brand?post=259"},{"taxonomy":"product_cat","embeddable":true,"href":"https:\/\/pizzornowines.com\/en\/wp-json\/wp\/v2\/product_cat?post=259"},{"taxonomy":"product_tag","embeddable":true,"href":"https:\/\/pizzornowines.com\/en\/wp-json\/wp\/v2\/product_tag?post=259"}],"curies":[{"name":"wp","href":"https:\/\/api.w.org\/{rel}","templated":true}]}}