{"id":237,"date":"2023-04-24T20:58:42","date_gmt":"2023-04-24T23:58:42","guid":{"rendered":"http:\/\/pizzornowines.com\/producto\/vueltalmundo-merlot-rose\/"},"modified":"2023-04-24T20:58:42","modified_gmt":"2023-04-24T23:58:42","slug":"vueltalmundo-merlot-rose","status":"publish","type":"product","link":"https:\/\/pizzornowines.com\/en\/product\/vueltalmundo-merlot-rose\/","title":{"rendered":"Vueltalmundo Merlot Ros\u00e9"},"content":{"rendered":"<p>\u201cDos Fincas \u2013 Dos Generaciones\u201d VueltAlmundo es un proyecto llevado a cabo por dos generaciones a cargo de la bodega. Juntos procuran expresar en una botella de vino lo que viven como familia de vitivin\u00edcolas donde la tradici\u00f3n y experiencia de la tercera generaci\u00f3n se combinan con la energ\u00eda, sue\u00f1os y ambiciones de los mas j\u00f3venes de la familia. Los vinos justamente surgen de la combinaci\u00f3n de uvas de los vi\u00f1edos mas antiguos, cultivados en torno a la bodega, y los m\u00e1s nuevos ubicados sobre una colina a 2 km de los anteriores.<\/p>\n<p>El momento de cosecha se selecciona bajo estrictos controles anal\u00edticos y sensoriales para lograr balancear la acidez con el alcohol. Delicado cuidado en el tiempo de contacto entre el jugo y los hollejos permiten obtener un color rosa brillante y complejos aromas frutales y de flores rojas.<\/p>","protected":false},"excerpt":{"rendered":"<p>\u201cDos Fincas \u2013 Dos Generaciones\u201d VueltAlmundo es un proyecto llevado a cabo por dos generaciones a cargo de la bodega. Juntos procuran expresar en una botella de vino lo que viven como familia de vitivin\u00edcolas donde la tradici\u00f3n y experiencia de la tercera generaci\u00f3n se combinan con la energ\u00eda, sue\u00f1os y ambiciones de los mas [&hellip;]<\/p>\n","protected":false},"featured_media":238,"comment_status":"closed","ping_status":"closed","template":"","meta":{"_acf_changed":false,"_joinchat":[]},"tipo-visita":[],"product_brand":[],"product_cat":[32],"product_tag":[],"class_list":{"0":"post-237","1":"product","2":"type-product","3":"status-publish","4":"has-post-thumbnail","6":"product_cat-vueltalmundo","8":"first","9":"instock","10":"shipping-taxable","11":"product-type-simple"},"exclude_global_add_ons":[],"addons":[],"acf":[],"yoast_head":"<!-- This site is optimized with the Yoast SEO plugin v27.3 - https:\/\/yoast.com\/product\/yoast-seo-wordpress\/ -->\n<title>Vueltalmundo Merlot Ros\u00e9 - Pizzorno Family Estates<\/title>\n<meta name=\"robots\" content=\"noindex, follow, max-snippet:-1, max-image-preview:large, max-video-preview:-1\" \/>\n<meta property=\"og:locale\" content=\"en_US\" \/>\n<meta property=\"og:type\" content=\"article\" \/>\n<meta property=\"og:title\" content=\"Vueltalmundo Merlot Ros\u00e9 - Pizzorno Family Estates\" \/>\n<meta property=\"og:description\" content=\"\u201cDos Fincas \u2013 Dos Generaciones\u201d VueltAlmundo es un proyecto llevado a cabo por dos generaciones a cargo de la bodega. Juntos procuran expresar en una botella de vino lo que viven como familia de vitivin\u00edcolas donde la tradici\u00f3n y experiencia de la tercera generaci\u00f3n se combinan con la energ\u00eda, sue\u00f1os y ambiciones de los mas [&hellip;]\" \/>\n<meta property=\"og:url\" content=\"https:\/\/pizzornowines.com\/en\/product\/vueltalmundo-merlot-rose\/\" \/>\n<meta property=\"og:site_name\" content=\"Pizzorno Family Estates\" \/>\n<meta property=\"article:publisher\" content=\"https:\/\/www.facebook.com\/pizzorno.family.estates\" \/>\n<meta property=\"og:image\" content=\"https:\/\/pizzornowines.com\/wp-content\/uploads\/2023\/04\/Vuelta-al-mundo-Merlot-Rose.jpg\" \/>\n\t<meta property=\"og:image:width\" content=\"213\" \/>\n\t<meta property=\"og:image:height\" content=\"777\" \/>\n\t<meta property=\"og:image:type\" content=\"image\/jpeg\" \/>\n<meta name=\"twitter:card\" content=\"summary_large_image\" \/>\n<meta name=\"twitter:label1\" content=\"Est. reading time\" \/>\n\t<meta name=\"twitter:data1\" content=\"1 minute\" \/>\n<script type=\"application\/ld+json\" class=\"yoast-schema-graph\">{\"@context\":\"https:\\\/\\\/schema.org\",\"@graph\":[{\"@type\":\"WebPage\",\"@id\":\"https:\\\/\\\/pizzornowines.com\\\/product\\\/vueltalmundo-merlot-rose\\\/\",\"url\":\"https:\\\/\\\/pizzornowines.com\\\/product\\\/vueltalmundo-merlot-rose\\\/\",\"name\":\"Vueltalmundo Merlot Ros\u00e9 - Pizzorno Family Estates\",\"isPartOf\":{\"@id\":\"https:\\\/\\\/pizzornowines.com\\\/#website\"},\"primaryImageOfPage\":{\"@id\":\"https:\\\/\\\/pizzornowines.com\\\/product\\\/vueltalmundo-merlot-rose\\\/#primaryimage\"},\"image\":{\"@id\":\"https:\\\/\\\/pizzornowines.com\\\/product\\\/vueltalmundo-merlot-rose\\\/#primaryimage\"},\"thumbnailUrl\":\"https:\\\/\\\/pizzornowines.com\\\/wp-content\\\/uploads\\\/2023\\\/04\\\/Vuelta-al-mundo-Merlot-Rose.jpg\",\"datePublished\":\"2023-04-24T23:58:42+00:00\",\"breadcrumb\":{\"@id\":\"https:\\\/\\\/pizzornowines.com\\\/product\\\/vueltalmundo-merlot-rose\\\/#breadcrumb\"},\"inLanguage\":\"en-US\",\"potentialAction\":[{\"@type\":\"ReadAction\",\"target\":[\"https:\\\/\\\/pizzornowines.com\\\/product\\\/vueltalmundo-merlot-rose\\\/\"]}]},{\"@type\":\"ImageObject\",\"inLanguage\":\"en-US\",\"@id\":\"https:\\\/\\\/pizzornowines.com\\\/product\\\/vueltalmundo-merlot-rose\\\/#primaryimage\",\"url\":\"https:\\\/\\\/pizzornowines.com\\\/wp-content\\\/uploads\\\/2023\\\/04\\\/Vuelta-al-mundo-Merlot-Rose.jpg\",\"contentUrl\":\"https:\\\/\\\/pizzornowines.com\\\/wp-content\\\/uploads\\\/2023\\\/04\\\/Vuelta-al-mundo-Merlot-Rose.jpg\",\"width\":213,\"height\":777},{\"@type\":\"BreadcrumbList\",\"@id\":\"https:\\\/\\\/pizzornowines.com\\\/product\\\/vueltalmundo-merlot-rose\\\/#breadcrumb\",\"itemListElement\":[{\"@type\":\"ListItem\",\"position\":1,\"name\":\"Home\",\"item\":\"https:\\\/\\\/pizzornowines.com\\\/\"},{\"@type\":\"ListItem\",\"position\":2,\"name\":\"Shop\",\"item\":\"https:\\\/\\\/pizzornowines.com\\\/shop\\\/\"},{\"@type\":\"ListItem\",\"position\":3,\"name\":\"Vueltalmundo Merlot Ros\u00e9\"}]},{\"@type\":\"WebSite\",\"@id\":\"https:\\\/\\\/pizzornowines.com\\\/#website\",\"url\":\"https:\\\/\\\/pizzornowines.com\\\/\",\"name\":\"Pizzorno Family Estates\",\"description\":\"Pasi\u00f3n por la tierra y el vino\",\"publisher\":{\"@id\":\"https:\\\/\\\/pizzornowines.com\\\/#organization\"},\"potentialAction\":[{\"@type\":\"SearchAction\",\"target\":{\"@type\":\"EntryPoint\",\"urlTemplate\":\"https:\\\/\\\/pizzornowines.com\\\/?s={search_term_string}\"},\"query-input\":{\"@type\":\"PropertyValueSpecification\",\"valueRequired\":true,\"valueName\":\"search_term_string\"}}],\"inLanguage\":\"en-US\"},{\"@type\":\"Organization\",\"@id\":\"https:\\\/\\\/pizzornowines.com\\\/#organization\",\"name\":\"Pizzorno Family Estates\",\"url\":\"https:\\\/\\\/pizzornowines.com\\\/\",\"logo\":{\"@type\":\"ImageObject\",\"inLanguage\":\"en-US\",\"@id\":\"https:\\\/\\\/pizzornowines.com\\\/#\\\/schema\\\/logo\\\/image\\\/\",\"url\":\"https:\\\/\\\/pizzornowines.com\\\/wp-content\\\/uploads\\\/Pizzorno-Family-Estate-logo.svg\",\"contentUrl\":\"https:\\\/\\\/pizzornowines.com\\\/wp-content\\\/uploads\\\/Pizzorno-Family-Estate-logo.svg\",\"width\":422,\"height\":283,\"caption\":\"Pizzorno Family Estates\"},\"image\":{\"@id\":\"https:\\\/\\\/pizzornowines.com\\\/#\\\/schema\\\/logo\\\/image\\\/\"},\"sameAs\":[\"https:\\\/\\\/www.facebook.com\\\/pizzorno.family.estates\"]}]}<\/script>\n<!-- \/ Yoast SEO plugin. -->","yoast_head_json":{"title":"Vueltalmundo Merlot Ros\u00e9 - Pizzorno Family Estates","robots":{"index":"noindex","follow":"follow","max-snippet":"max-snippet:-1","max-image-preview":"max-image-preview:large","max-video-preview":"max-video-preview:-1"},"og_locale":"en_US","og_type":"article","og_title":"Vueltalmundo Merlot Ros\u00e9 - Pizzorno Family Estates","og_description":"\u201cDos Fincas \u2013 Dos Generaciones\u201d VueltAlmundo es un proyecto llevado a cabo por dos generaciones a cargo de la bodega. Juntos procuran expresar en una botella de vino lo que viven como familia de vitivin\u00edcolas donde la tradici\u00f3n y experiencia de la tercera generaci\u00f3n se combinan con la energ\u00eda, sue\u00f1os y ambiciones de los mas [&hellip;]","og_url":"https:\/\/pizzornowines.com\/en\/product\/vueltalmundo-merlot-rose\/","og_site_name":"Pizzorno Family Estates","article_publisher":"https:\/\/www.facebook.com\/pizzorno.family.estates","og_image":[{"width":213,"height":777,"url":"https:\/\/pizzornowines.com\/wp-content\/uploads\/2023\/04\/Vuelta-al-mundo-Merlot-Rose.jpg","type":"image\/jpeg"}],"twitter_card":"summary_large_image","twitter_misc":{"Est. reading time":"1 minute"},"schema":{"@context":"https:\/\/schema.org","@graph":[{"@type":"WebPage","@id":"https:\/\/pizzornowines.com\/product\/vueltalmundo-merlot-rose\/","url":"https:\/\/pizzornowines.com\/product\/vueltalmundo-merlot-rose\/","name":"Vueltalmundo Merlot Ros\u00e9 - Pizzorno Family Estates","isPartOf":{"@id":"https:\/\/pizzornowines.com\/#website"},"primaryImageOfPage":{"@id":"https:\/\/pizzornowines.com\/product\/vueltalmundo-merlot-rose\/#primaryimage"},"image":{"@id":"https:\/\/pizzornowines.com\/product\/vueltalmundo-merlot-rose\/#primaryimage"},"thumbnailUrl":"https:\/\/pizzornowines.com\/wp-content\/uploads\/2023\/04\/Vuelta-al-mundo-Merlot-Rose.jpg","datePublished":"2023-04-24T23:58:42+00:00","breadcrumb":{"@id":"https:\/\/pizzornowines.com\/product\/vueltalmundo-merlot-rose\/#breadcrumb"},"inLanguage":"en-US","potentialAction":[{"@type":"ReadAction","target":["https:\/\/pizzornowines.com\/product\/vueltalmundo-merlot-rose\/"]}]},{"@type":"ImageObject","inLanguage":"en-US","@id":"https:\/\/pizzornowines.com\/product\/vueltalmundo-merlot-rose\/#primaryimage","url":"https:\/\/pizzornowines.com\/wp-content\/uploads\/2023\/04\/Vuelta-al-mundo-Merlot-Rose.jpg","contentUrl":"https:\/\/pizzornowines.com\/wp-content\/uploads\/2023\/04\/Vuelta-al-mundo-Merlot-Rose.jpg","width":213,"height":777},{"@type":"BreadcrumbList","@id":"https:\/\/pizzornowines.com\/product\/vueltalmundo-merlot-rose\/#breadcrumb","itemListElement":[{"@type":"ListItem","position":1,"name":"Home","item":"https:\/\/pizzornowines.com\/"},{"@type":"ListItem","position":2,"name":"Shop","item":"https:\/\/pizzornowines.com\/shop\/"},{"@type":"ListItem","position":3,"name":"Vueltalmundo Merlot Ros\u00e9"}]},{"@type":"WebSite","@id":"https:\/\/pizzornowines.com\/#website","url":"https:\/\/pizzornowines.com\/","name":"Pizzorno Family Estates","description":"Pasi\u00f3n por la tierra y el vino","publisher":{"@id":"https:\/\/pizzornowines.com\/#organization"},"potentialAction":[{"@type":"SearchAction","target":{"@type":"EntryPoint","urlTemplate":"https:\/\/pizzornowines.com\/?s={search_term_string}"},"query-input":{"@type":"PropertyValueSpecification","valueRequired":true,"valueName":"search_term_string"}}],"inLanguage":"en-US"},{"@type":"Organization","@id":"https:\/\/pizzornowines.com\/#organization","name":"Pizzorno Family Estates","url":"https:\/\/pizzornowines.com\/","logo":{"@type":"ImageObject","inLanguage":"en-US","@id":"https:\/\/pizzornowines.com\/#\/schema\/logo\/image\/","url":"https:\/\/pizzornowines.com\/wp-content\/uploads\/Pizzorno-Family-Estate-logo.svg","contentUrl":"https:\/\/pizzornowines.com\/wp-content\/uploads\/Pizzorno-Family-Estate-logo.svg","width":422,"height":283,"caption":"Pizzorno Family Estates"},"image":{"@id":"https:\/\/pizzornowines.com\/#\/schema\/logo\/image\/"},"sameAs":["https:\/\/www.facebook.com\/pizzorno.family.estates"]}]}},"_links":{"self":[{"href":"https:\/\/pizzornowines.com\/en\/wp-json\/wp\/v2\/product\/237","targetHints":{"allow":["GET"]}}],"collection":[{"href":"https:\/\/pizzornowines.com\/en\/wp-json\/wp\/v2\/product"}],"about":[{"href":"https:\/\/pizzornowines.com\/en\/wp-json\/wp\/v2\/types\/product"}],"replies":[{"embeddable":true,"href":"https:\/\/pizzornowines.com\/en\/wp-json\/wp\/v2\/comments?post=237"}],"version-history":[{"count":0,"href":"https:\/\/pizzornowines.com\/en\/wp-json\/wp\/v2\/product\/237\/revisions"}],"wp:featuredmedia":[{"embeddable":true,"href":"https:\/\/pizzornowines.com\/en\/wp-json\/wp\/v2\/media\/238"}],"wp:attachment":[{"href":"https:\/\/pizzornowines.com\/en\/wp-json\/wp\/v2\/media?parent=237"}],"wp:term":[{"taxonomy":"tipo-visita","embeddable":true,"href":"https:\/\/pizzornowines.com\/en\/wp-json\/wp\/v2\/tipo-visita?post=237"},{"taxonomy":"product_brand","embeddable":true,"href":"https:\/\/pizzornowines.com\/en\/wp-json\/wp\/v2\/product_brand?post=237"},{"taxonomy":"product_cat","embeddable":true,"href":"https:\/\/pizzornowines.com\/en\/wp-json\/wp\/v2\/product_cat?post=237"},{"taxonomy":"product_tag","embeddable":true,"href":"https:\/\/pizzornowines.com\/en\/wp-json\/wp\/v2\/product_tag?post=237"}],"curies":[{"name":"wp","href":"https:\/\/api.w.org\/{rel}","templated":true}]}}