{"id":234,"date":"2023-04-25T15:16:58","date_gmt":"2023-04-25T18:16:58","guid":{"rendered":"http:\/\/pizzornowines.com\/?post_type=product&#038;p=14393"},"modified":"2025-06-28T10:33:11","modified_gmt":"2025-06-28T13:33:11","slug":"golden-petit-verdot","status":"publish","type":"product","link":"https:\/\/pizzornowines.com\/en\/product\/golden-petit-verdot\/","title":{"rendered":"GOLDEN RESERVE Petit Verdot"},"content":{"rendered":"<p>Uva t\u00edpica del sudoeste franc\u00e9s, tradicionalmente utilizada para nuestro <em>assemblage <\/em>\u00edcono, Primo. Gracias a la excepcionalidad de la cosecha 2018 hemos podido elaborar este 100% Petit Verdot, en una producci\u00f3n limitada. El cual hemos podido continuar su producci\u00f3n en esta extraordinaria cosecha 2020.<\/p>\n<p>Pizzorno Golden representa una nueva generaci\u00f3n de vinos m\u00e1s complejos, los cuales han conquistado el paladar estadounidense formando parte de importantes &#8220;<em>steakhouse<\/em>&#8221; en los principales estados del pa\u00eds norteamericano.<\/p>","protected":false},"excerpt":{"rendered":"<p>Este Petit Verdot integra la L\u00ednea Golden, la colecci\u00f3n m\u00e1s exclusiva de Pizzorno Family Estates. Proviene de una cuidadosa selecci\u00f3n de parcelas de bajo rendimiento, donde la variedad alcanza una expresi\u00f3n intensa y aut\u00e9ntica.<\/p>\n<p>Fermentado en peque\u00f1as partidas y criado durante 12 meses en barricas de roble franc\u00e9s, este vino combina estructura, profundidad y elegancia. <\/p>\n<p>Un vino de edici\u00f3n limitada, con gran potencial de guarda y una expresi\u00f3n fiel del car\u00e1cter del terru\u00f1o.<\/p>","protected":false},"featured_media":197,"comment_status":"closed","ping_status":"closed","template":"","meta":{"_acf_changed":false,"_joinchat":[]},"tipo-visita":[],"product_brand":[],"product_cat":[27],"product_tag":[],"class_list":{"0":"post-234","1":"product","2":"type-product","3":"status-publish","4":"has-post-thumbnail","6":"product_cat-golden-reserve","8":"first","9":"instock","10":"shipping-taxable","11":"product-type-simple"},"exclude_global_add_ons":[],"addons":[],"acf":[],"yoast_head":"<!-- This site is optimized with the Yoast SEO plugin v27.4 - https:\/\/yoast.com\/product\/yoast-seo-wordpress\/ -->\n<title>GOLDEN RESERVE Petit Verdot - Pizzorno Family Estates<\/title>\n<meta name=\"robots\" content=\"noindex, follow, max-snippet:-1, max-image-preview:large, max-video-preview:-1\" \/>\n<meta property=\"og:locale\" content=\"en_US\" \/>\n<meta property=\"og:type\" content=\"article\" \/>\n<meta property=\"og:title\" content=\"GOLDEN RESERVE Petit Verdot - Pizzorno Family Estates\" \/>\n<meta property=\"og:description\" content=\"Este Petit Verdot integra la L\u00ednea Golden, la colecci\u00f3n m\u00e1s exclusiva de Pizzorno Family Estates. Proviene de una cuidadosa selecci\u00f3n de parcelas de bajo rendimiento, donde la variedad alcanza una expresi\u00f3n intensa y aut\u00e9ntica.  Fermentado en peque\u00f1as partidas y criado durante 12 meses en barricas de roble franc\u00e9s, este vino combina estructura, profundidad y elegancia.   Un vino de edici\u00f3n limitada, con gran potencial de guarda y una expresi\u00f3n fiel del car\u00e1cter del terru\u00f1o.\" \/>\n<meta property=\"og:url\" content=\"https:\/\/pizzornowines.com\/en\/product\/golden-petit-verdot\/\" \/>\n<meta property=\"og:site_name\" content=\"Pizzorno Family Estates\" \/>\n<meta property=\"article:publisher\" content=\"https:\/\/www.facebook.com\/pizzorno.family.estates\" \/>\n<meta property=\"article:modified_time\" content=\"2025-06-28T13:33:11+00:00\" \/>\n<meta property=\"og:image\" content=\"https:\/\/pizzornowines.com\/wp-content\/uploads\/2023\/04\/Golden-Reserve-Petit-Verdot.jpg\" \/>\n\t<meta property=\"og:image:width\" content=\"236\" \/>\n\t<meta property=\"og:image:height\" content=\"780\" \/>\n\t<meta property=\"og:image:type\" content=\"image\/jpeg\" \/>\n<meta name=\"twitter:card\" content=\"summary_large_image\" \/>\n<script type=\"application\/ld+json\" class=\"yoast-schema-graph\">{\"@context\":\"https:\\\/\\\/schema.org\",\"@graph\":[{\"@type\":\"WebPage\",\"@id\":\"https:\\\/\\\/pizzornowines.com\\\/product\\\/golden-petit-verdot\\\/\",\"url\":\"https:\\\/\\\/pizzornowines.com\\\/product\\\/golden-petit-verdot\\\/\",\"name\":\"GOLDEN RESERVE Petit Verdot - Pizzorno Family Estates\",\"isPartOf\":{\"@id\":\"https:\\\/\\\/pizzornowines.com\\\/#website\"},\"primaryImageOfPage\":{\"@id\":\"https:\\\/\\\/pizzornowines.com\\\/product\\\/golden-petit-verdot\\\/#primaryimage\"},\"image\":{\"@id\":\"https:\\\/\\\/pizzornowines.com\\\/product\\\/golden-petit-verdot\\\/#primaryimage\"},\"thumbnailUrl\":\"https:\\\/\\\/pizzornowines.com\\\/wp-content\\\/uploads\\\/2023\\\/04\\\/Golden-Reserve-Petit-Verdot.jpg\",\"datePublished\":\"2023-04-25T18:16:58+00:00\",\"dateModified\":\"2025-06-28T13:33:11+00:00\",\"breadcrumb\":{\"@id\":\"https:\\\/\\\/pizzornowines.com\\\/product\\\/golden-petit-verdot\\\/#breadcrumb\"},\"inLanguage\":\"en-US\",\"potentialAction\":[{\"@type\":\"ReadAction\",\"target\":[\"https:\\\/\\\/pizzornowines.com\\\/product\\\/golden-petit-verdot\\\/\"]}]},{\"@type\":\"ImageObject\",\"inLanguage\":\"en-US\",\"@id\":\"https:\\\/\\\/pizzornowines.com\\\/product\\\/golden-petit-verdot\\\/#primaryimage\",\"url\":\"https:\\\/\\\/pizzornowines.com\\\/wp-content\\\/uploads\\\/2023\\\/04\\\/Golden-Reserve-Petit-Verdot.jpg\",\"contentUrl\":\"https:\\\/\\\/pizzornowines.com\\\/wp-content\\\/uploads\\\/2023\\\/04\\\/Golden-Reserve-Petit-Verdot.jpg\",\"width\":236,\"height\":780},{\"@type\":\"BreadcrumbList\",\"@id\":\"https:\\\/\\\/pizzornowines.com\\\/product\\\/golden-petit-verdot\\\/#breadcrumb\",\"itemListElement\":[{\"@type\":\"ListItem\",\"position\":1,\"name\":\"Home\",\"item\":\"https:\\\/\\\/pizzornowines.com\\\/\"},{\"@type\":\"ListItem\",\"position\":2,\"name\":\"Shop\",\"item\":\"https:\\\/\\\/pizzornowines.com\\\/?page_id=96\"},{\"@type\":\"ListItem\",\"position\":3,\"name\":\"GOLDEN RESERVE Petit Verdot\"}]},{\"@type\":\"WebSite\",\"@id\":\"https:\\\/\\\/pizzornowines.com\\\/#website\",\"url\":\"https:\\\/\\\/pizzornowines.com\\\/\",\"name\":\"Pizzorno Family Estates\",\"description\":\"Pasi\u00f3n por la tierra y el vino\",\"publisher\":{\"@id\":\"https:\\\/\\\/pizzornowines.com\\\/#organization\"},\"potentialAction\":[{\"@type\":\"SearchAction\",\"target\":{\"@type\":\"EntryPoint\",\"urlTemplate\":\"https:\\\/\\\/pizzornowines.com\\\/?s={search_term_string}\"},\"query-input\":{\"@type\":\"PropertyValueSpecification\",\"valueRequired\":true,\"valueName\":\"search_term_string\"}}],\"inLanguage\":\"en-US\"},{\"@type\":\"Organization\",\"@id\":\"https:\\\/\\\/pizzornowines.com\\\/#organization\",\"name\":\"Pizzorno Family Estates\",\"url\":\"https:\\\/\\\/pizzornowines.com\\\/\",\"logo\":{\"@type\":\"ImageObject\",\"inLanguage\":\"en-US\",\"@id\":\"https:\\\/\\\/pizzornowines.com\\\/#\\\/schema\\\/logo\\\/image\\\/\",\"url\":\"https:\\\/\\\/pizzornowines.com\\\/wp-content\\\/uploads\\\/Pizzorno-Family-Estate-logo.svg\",\"contentUrl\":\"https:\\\/\\\/pizzornowines.com\\\/wp-content\\\/uploads\\\/Pizzorno-Family-Estate-logo.svg\",\"width\":422,\"height\":283,\"caption\":\"Pizzorno Family Estates\"},\"image\":{\"@id\":\"https:\\\/\\\/pizzornowines.com\\\/#\\\/schema\\\/logo\\\/image\\\/\"},\"sameAs\":[\"https:\\\/\\\/www.facebook.com\\\/pizzorno.family.estates\"]}]}<\/script>\n<!-- \/ Yoast SEO plugin. -->","yoast_head_json":{"title":"GOLDEN RESERVE Petit Verdot - Pizzorno Family Estates","robots":{"index":"noindex","follow":"follow","max-snippet":"max-snippet:-1","max-image-preview":"max-image-preview:large","max-video-preview":"max-video-preview:-1"},"og_locale":"en_US","og_type":"article","og_title":"GOLDEN RESERVE Petit Verdot - Pizzorno Family Estates","og_description":"Este Petit Verdot integra la L\u00ednea Golden, la colecci\u00f3n m\u00e1s exclusiva de Pizzorno Family Estates. Proviene de una cuidadosa selecci\u00f3n de parcelas de bajo rendimiento, donde la variedad alcanza una expresi\u00f3n intensa y aut\u00e9ntica.  Fermentado en peque\u00f1as partidas y criado durante 12 meses en barricas de roble franc\u00e9s, este vino combina estructura, profundidad y elegancia.   Un vino de edici\u00f3n limitada, con gran potencial de guarda y una expresi\u00f3n fiel del car\u00e1cter del terru\u00f1o.","og_url":"https:\/\/pizzornowines.com\/en\/product\/golden-petit-verdot\/","og_site_name":"Pizzorno Family Estates","article_publisher":"https:\/\/www.facebook.com\/pizzorno.family.estates","article_modified_time":"2025-06-28T13:33:11+00:00","og_image":[{"width":236,"height":780,"url":"https:\/\/pizzornowines.com\/wp-content\/uploads\/2023\/04\/Golden-Reserve-Petit-Verdot.jpg","type":"image\/jpeg"}],"twitter_card":"summary_large_image","schema":{"@context":"https:\/\/schema.org","@graph":[{"@type":"WebPage","@id":"https:\/\/pizzornowines.com\/product\/golden-petit-verdot\/","url":"https:\/\/pizzornowines.com\/product\/golden-petit-verdot\/","name":"GOLDEN RESERVE Petit Verdot - Pizzorno Family Estates","isPartOf":{"@id":"https:\/\/pizzornowines.com\/#website"},"primaryImageOfPage":{"@id":"https:\/\/pizzornowines.com\/product\/golden-petit-verdot\/#primaryimage"},"image":{"@id":"https:\/\/pizzornowines.com\/product\/golden-petit-verdot\/#primaryimage"},"thumbnailUrl":"https:\/\/pizzornowines.com\/wp-content\/uploads\/2023\/04\/Golden-Reserve-Petit-Verdot.jpg","datePublished":"2023-04-25T18:16:58+00:00","dateModified":"2025-06-28T13:33:11+00:00","breadcrumb":{"@id":"https:\/\/pizzornowines.com\/product\/golden-petit-verdot\/#breadcrumb"},"inLanguage":"en-US","potentialAction":[{"@type":"ReadAction","target":["https:\/\/pizzornowines.com\/product\/golden-petit-verdot\/"]}]},{"@type":"ImageObject","inLanguage":"en-US","@id":"https:\/\/pizzornowines.com\/product\/golden-petit-verdot\/#primaryimage","url":"https:\/\/pizzornowines.com\/wp-content\/uploads\/2023\/04\/Golden-Reserve-Petit-Verdot.jpg","contentUrl":"https:\/\/pizzornowines.com\/wp-content\/uploads\/2023\/04\/Golden-Reserve-Petit-Verdot.jpg","width":236,"height":780},{"@type":"BreadcrumbList","@id":"https:\/\/pizzornowines.com\/product\/golden-petit-verdot\/#breadcrumb","itemListElement":[{"@type":"ListItem","position":1,"name":"Home","item":"https:\/\/pizzornowines.com\/"},{"@type":"ListItem","position":2,"name":"Shop","item":"https:\/\/pizzornowines.com\/?page_id=96"},{"@type":"ListItem","position":3,"name":"GOLDEN RESERVE Petit Verdot"}]},{"@type":"WebSite","@id":"https:\/\/pizzornowines.com\/#website","url":"https:\/\/pizzornowines.com\/","name":"Pizzorno Family Estates","description":"Pasi\u00f3n por la tierra y el vino","publisher":{"@id":"https:\/\/pizzornowines.com\/#organization"},"potentialAction":[{"@type":"SearchAction","target":{"@type":"EntryPoint","urlTemplate":"https:\/\/pizzornowines.com\/?s={search_term_string}"},"query-input":{"@type":"PropertyValueSpecification","valueRequired":true,"valueName":"search_term_string"}}],"inLanguage":"en-US"},{"@type":"Organization","@id":"https:\/\/pizzornowines.com\/#organization","name":"Pizzorno Family Estates","url":"https:\/\/pizzornowines.com\/","logo":{"@type":"ImageObject","inLanguage":"en-US","@id":"https:\/\/pizzornowines.com\/#\/schema\/logo\/image\/","url":"https:\/\/pizzornowines.com\/wp-content\/uploads\/Pizzorno-Family-Estate-logo.svg","contentUrl":"https:\/\/pizzornowines.com\/wp-content\/uploads\/Pizzorno-Family-Estate-logo.svg","width":422,"height":283,"caption":"Pizzorno Family Estates"},"image":{"@id":"https:\/\/pizzornowines.com\/#\/schema\/logo\/image\/"},"sameAs":["https:\/\/www.facebook.com\/pizzorno.family.estates"]}]}},"_links":{"self":[{"href":"https:\/\/pizzornowines.com\/en\/wp-json\/wp\/v2\/product\/234","targetHints":{"allow":["GET"]}}],"collection":[{"href":"https:\/\/pizzornowines.com\/en\/wp-json\/wp\/v2\/product"}],"about":[{"href":"https:\/\/pizzornowines.com\/en\/wp-json\/wp\/v2\/types\/product"}],"replies":[{"embeddable":true,"href":"https:\/\/pizzornowines.com\/en\/wp-json\/wp\/v2\/comments?post=234"}],"version-history":[{"count":3,"href":"https:\/\/pizzornowines.com\/en\/wp-json\/wp\/v2\/product\/234\/revisions"}],"predecessor-version":[{"id":2678,"href":"https:\/\/pizzornowines.com\/en\/wp-json\/wp\/v2\/product\/234\/revisions\/2678"}],"wp:featuredmedia":[{"embeddable":true,"href":"https:\/\/pizzornowines.com\/en\/wp-json\/wp\/v2\/media\/197"}],"wp:attachment":[{"href":"https:\/\/pizzornowines.com\/en\/wp-json\/wp\/v2\/media?parent=234"}],"wp:term":[{"taxonomy":"tipo-visita","embeddable":true,"href":"https:\/\/pizzornowines.com\/en\/wp-json\/wp\/v2\/tipo-visita?post=234"},{"taxonomy":"product_brand","embeddable":true,"href":"https:\/\/pizzornowines.com\/en\/wp-json\/wp\/v2\/product_brand?post=234"},{"taxonomy":"product_cat","embeddable":true,"href":"https:\/\/pizzornowines.com\/en\/wp-json\/wp\/v2\/product_cat?post=234"},{"taxonomy":"product_tag","embeddable":true,"href":"https:\/\/pizzornowines.com\/en\/wp-json\/wp\/v2\/product_tag?post=234"}],"curies":[{"name":"wp","href":"https:\/\/api.w.org\/{rel}","templated":true}]}}