{"id":232,"date":"2023-04-25T15:20:35","date_gmt":"2023-04-25T18:20:35","guid":{"rendered":"http:\/\/pizzornowines.com\/?post_type=product&#038;p=14398"},"modified":"2025-06-28T12:59:09","modified_gmt":"2025-06-28T15:59:09","slug":"golden-red-blend","status":"publish","type":"product","link":"https:\/\/pizzornowines.com\/en\/product\/golden-red-blend\/","title":{"rendered":"GOLDEN RESERVE Red Blend"},"content":{"rendered":"<p>Vinificaci\u00f3n tradicional de cada variedad por separado en b\u00fasqueda de la m\u00e1xima expresi\u00f3n de cada variedad. En los primeros 12 meses de crianza las variedades realizan su a\u00f1ejamiento por separado en barricas de roble franc\u00e9s. Al cabo de este tiempo los en\u00f3logos realizan el corte final y en su conjunto realizan una nueva \u00a0crianza de 6 meses en roble franc\u00e9s.<\/p>\n<p>Pizzorno Golden Red Blend representa una nueva generaci\u00f3n de vinos m\u00e1s complejos, los cuales han conquistado el paladar estadounidense formando parte de importantes \u201cs<em>teakhouse\u201d <\/em>en los principales estados del pa\u00eds norteamericano.<\/p>","protected":false},"excerpt":{"rendered":"<p>El Golden Reserve Red Blend representa la armon\u00eda entre potencia, elegancia y complejidad que define a la L\u00ednea Golden de Pizzorno Family Estates. Elaborado a partir de un corte de Tannat, Malbec y Cabernet Sauvignon, proveniente de parcelas seleccionadas y fermentado en peque\u00f1as partidas para preservar la identidad de cada variedad.<\/p>\n<p>Cada componente tuvo una crianza inicial por separado:<\/p>\n<p>Tannat: 6 meses en roble americano. Malbec y Cabernet Sauvignon: 6 meses en roble franc\u00e9s (por separado).<\/p>\n<p>Posteriormente, se realiza el assemblage y el vino envejece 12 meses adicionales en barricas de roble franc\u00e9s, logrando una integraci\u00f3n refinada y una expresi\u00f3n profunda.<\/p>","protected":false},"featured_media":233,"comment_status":"closed","ping_status":"closed","template":"","meta":{"_acf_changed":false,"_joinchat":[]},"tipo-visita":[],"product_brand":[],"product_cat":[27],"product_tag":[],"class_list":{"0":"post-232","1":"product","2":"type-product","3":"status-publish","4":"has-post-thumbnail","6":"product_cat-golden-reserve","8":"first","9":"instock","10":"shipping-taxable","11":"product-type-simple"},"exclude_global_add_ons":[],"addons":[],"acf":[],"yoast_head":"<!-- This site is optimized with the Yoast SEO plugin v27.4 - https:\/\/yoast.com\/product\/yoast-seo-wordpress\/ -->\n<title>GOLDEN RESERVE Red Blend - Pizzorno Family Estates<\/title>\n<meta name=\"robots\" content=\"noindex, follow, max-snippet:-1, max-image-preview:large, max-video-preview:-1\" \/>\n<meta property=\"og:locale\" content=\"en_US\" \/>\n<meta property=\"og:type\" content=\"article\" \/>\n<meta property=\"og:title\" content=\"GOLDEN RESERVE Red Blend - Pizzorno Family Estates\" \/>\n<meta property=\"og:description\" content=\"El Golden Reserve Red Blend representa la armon\u00eda entre potencia, elegancia y complejidad que define a la L\u00ednea Golden de Pizzorno Family Estates. Elaborado a partir de un corte de Tannat, Malbec y Cabernet Sauvignon, proveniente de parcelas seleccionadas y fermentado en peque\u00f1as partidas para preservar la identidad de cada variedad.  Cada componente tuvo una crianza inicial por separado:  Tannat: 6 meses en roble americano. Malbec y Cabernet Sauvignon: 6 meses en roble franc\u00e9s (por separado).  Posteriormente, se realiza el assemblage y el vino envejece 12 meses adicionales en barricas de roble franc\u00e9s, logrando una integraci\u00f3n refinada y una expresi\u00f3n profunda.\" \/>\n<meta property=\"og:url\" content=\"https:\/\/pizzornowines.com\/en\/product\/golden-red-blend\/\" \/>\n<meta property=\"og:site_name\" content=\"Pizzorno Family Estates\" \/>\n<meta property=\"article:publisher\" content=\"https:\/\/www.facebook.com\/pizzorno.family.estates\" \/>\n<meta property=\"article:modified_time\" content=\"2025-06-28T15:59:09+00:00\" \/>\n<meta property=\"og:image\" content=\"https:\/\/pizzornowines.com\/wp-content\/uploads\/2023\/04\/Golden-Reserve-Red-Blend.jpg\" \/>\n\t<meta property=\"og:image:width\" content=\"236\" \/>\n\t<meta property=\"og:image:height\" content=\"780\" \/>\n\t<meta property=\"og:image:type\" content=\"image\/jpeg\" \/>\n<meta name=\"twitter:card\" content=\"summary_large_image\" \/>\n<meta name=\"twitter:label1\" content=\"Est. reading time\" \/>\n\t<meta name=\"twitter:data1\" content=\"1 minute\" \/>\n<script type=\"application\/ld+json\" class=\"yoast-schema-graph\">{\"@context\":\"https:\\\/\\\/schema.org\",\"@graph\":[{\"@type\":\"WebPage\",\"@id\":\"https:\\\/\\\/pizzornowines.com\\\/product\\\/golden-red-blend\\\/\",\"url\":\"https:\\\/\\\/pizzornowines.com\\\/product\\\/golden-red-blend\\\/\",\"name\":\"GOLDEN RESERVE Red Blend - Pizzorno Family Estates\",\"isPartOf\":{\"@id\":\"https:\\\/\\\/pizzornowines.com\\\/#website\"},\"primaryImageOfPage\":{\"@id\":\"https:\\\/\\\/pizzornowines.com\\\/product\\\/golden-red-blend\\\/#primaryimage\"},\"image\":{\"@id\":\"https:\\\/\\\/pizzornowines.com\\\/product\\\/golden-red-blend\\\/#primaryimage\"},\"thumbnailUrl\":\"https:\\\/\\\/pizzornowines.com\\\/wp-content\\\/uploads\\\/2023\\\/04\\\/Golden-Reserve-Red-Blend.jpg\",\"datePublished\":\"2023-04-25T18:20:35+00:00\",\"dateModified\":\"2025-06-28T15:59:09+00:00\",\"breadcrumb\":{\"@id\":\"https:\\\/\\\/pizzornowines.com\\\/product\\\/golden-red-blend\\\/#breadcrumb\"},\"inLanguage\":\"en-US\",\"potentialAction\":[{\"@type\":\"ReadAction\",\"target\":[\"https:\\\/\\\/pizzornowines.com\\\/product\\\/golden-red-blend\\\/\"]}]},{\"@type\":\"ImageObject\",\"inLanguage\":\"en-US\",\"@id\":\"https:\\\/\\\/pizzornowines.com\\\/product\\\/golden-red-blend\\\/#primaryimage\",\"url\":\"https:\\\/\\\/pizzornowines.com\\\/wp-content\\\/uploads\\\/2023\\\/04\\\/Golden-Reserve-Red-Blend.jpg\",\"contentUrl\":\"https:\\\/\\\/pizzornowines.com\\\/wp-content\\\/uploads\\\/2023\\\/04\\\/Golden-Reserve-Red-Blend.jpg\",\"width\":236,\"height\":780},{\"@type\":\"BreadcrumbList\",\"@id\":\"https:\\\/\\\/pizzornowines.com\\\/product\\\/golden-red-blend\\\/#breadcrumb\",\"itemListElement\":[{\"@type\":\"ListItem\",\"position\":1,\"name\":\"Home\",\"item\":\"https:\\\/\\\/pizzornowines.com\\\/\"},{\"@type\":\"ListItem\",\"position\":2,\"name\":\"Shop\",\"item\":\"https:\\\/\\\/pizzornowines.com\\\/?page_id=96\"},{\"@type\":\"ListItem\",\"position\":3,\"name\":\"GOLDEN RESERVE Red Blend\"}]},{\"@type\":\"WebSite\",\"@id\":\"https:\\\/\\\/pizzornowines.com\\\/#website\",\"url\":\"https:\\\/\\\/pizzornowines.com\\\/\",\"name\":\"Pizzorno Family Estates\",\"description\":\"Pasi\u00f3n por la tierra y el vino\",\"publisher\":{\"@id\":\"https:\\\/\\\/pizzornowines.com\\\/#organization\"},\"potentialAction\":[{\"@type\":\"SearchAction\",\"target\":{\"@type\":\"EntryPoint\",\"urlTemplate\":\"https:\\\/\\\/pizzornowines.com\\\/?s={search_term_string}\"},\"query-input\":{\"@type\":\"PropertyValueSpecification\",\"valueRequired\":true,\"valueName\":\"search_term_string\"}}],\"inLanguage\":\"en-US\"},{\"@type\":\"Organization\",\"@id\":\"https:\\\/\\\/pizzornowines.com\\\/#organization\",\"name\":\"Pizzorno Family Estates\",\"url\":\"https:\\\/\\\/pizzornowines.com\\\/\",\"logo\":{\"@type\":\"ImageObject\",\"inLanguage\":\"en-US\",\"@id\":\"https:\\\/\\\/pizzornowines.com\\\/#\\\/schema\\\/logo\\\/image\\\/\",\"url\":\"https:\\\/\\\/pizzornowines.com\\\/wp-content\\\/uploads\\\/Pizzorno-Family-Estate-logo.svg\",\"contentUrl\":\"https:\\\/\\\/pizzornowines.com\\\/wp-content\\\/uploads\\\/Pizzorno-Family-Estate-logo.svg\",\"width\":422,\"height\":283,\"caption\":\"Pizzorno Family Estates\"},\"image\":{\"@id\":\"https:\\\/\\\/pizzornowines.com\\\/#\\\/schema\\\/logo\\\/image\\\/\"},\"sameAs\":[\"https:\\\/\\\/www.facebook.com\\\/pizzorno.family.estates\"]}]}<\/script>\n<!-- \/ Yoast SEO plugin. -->","yoast_head_json":{"title":"GOLDEN RESERVE Red Blend - Pizzorno Family Estates","robots":{"index":"noindex","follow":"follow","max-snippet":"max-snippet:-1","max-image-preview":"max-image-preview:large","max-video-preview":"max-video-preview:-1"},"og_locale":"en_US","og_type":"article","og_title":"GOLDEN RESERVE Red Blend - Pizzorno Family Estates","og_description":"El Golden Reserve Red Blend representa la armon\u00eda entre potencia, elegancia y complejidad que define a la L\u00ednea Golden de Pizzorno Family Estates. Elaborado a partir de un corte de Tannat, Malbec y Cabernet Sauvignon, proveniente de parcelas seleccionadas y fermentado en peque\u00f1as partidas para preservar la identidad de cada variedad.  Cada componente tuvo una crianza inicial por separado:  Tannat: 6 meses en roble americano. Malbec y Cabernet Sauvignon: 6 meses en roble franc\u00e9s (por separado).  Posteriormente, se realiza el assemblage y el vino envejece 12 meses adicionales en barricas de roble franc\u00e9s, logrando una integraci\u00f3n refinada y una expresi\u00f3n profunda.","og_url":"https:\/\/pizzornowines.com\/en\/product\/golden-red-blend\/","og_site_name":"Pizzorno Family Estates","article_publisher":"https:\/\/www.facebook.com\/pizzorno.family.estates","article_modified_time":"2025-06-28T15:59:09+00:00","og_image":[{"width":236,"height":780,"url":"https:\/\/pizzornowines.com\/wp-content\/uploads\/2023\/04\/Golden-Reserve-Red-Blend.jpg","type":"image\/jpeg"}],"twitter_card":"summary_large_image","twitter_misc":{"Est. reading time":"1 minute"},"schema":{"@context":"https:\/\/schema.org","@graph":[{"@type":"WebPage","@id":"https:\/\/pizzornowines.com\/product\/golden-red-blend\/","url":"https:\/\/pizzornowines.com\/product\/golden-red-blend\/","name":"GOLDEN RESERVE Red Blend - Pizzorno Family Estates","isPartOf":{"@id":"https:\/\/pizzornowines.com\/#website"},"primaryImageOfPage":{"@id":"https:\/\/pizzornowines.com\/product\/golden-red-blend\/#primaryimage"},"image":{"@id":"https:\/\/pizzornowines.com\/product\/golden-red-blend\/#primaryimage"},"thumbnailUrl":"https:\/\/pizzornowines.com\/wp-content\/uploads\/2023\/04\/Golden-Reserve-Red-Blend.jpg","datePublished":"2023-04-25T18:20:35+00:00","dateModified":"2025-06-28T15:59:09+00:00","breadcrumb":{"@id":"https:\/\/pizzornowines.com\/product\/golden-red-blend\/#breadcrumb"},"inLanguage":"en-US","potentialAction":[{"@type":"ReadAction","target":["https:\/\/pizzornowines.com\/product\/golden-red-blend\/"]}]},{"@type":"ImageObject","inLanguage":"en-US","@id":"https:\/\/pizzornowines.com\/product\/golden-red-blend\/#primaryimage","url":"https:\/\/pizzornowines.com\/wp-content\/uploads\/2023\/04\/Golden-Reserve-Red-Blend.jpg","contentUrl":"https:\/\/pizzornowines.com\/wp-content\/uploads\/2023\/04\/Golden-Reserve-Red-Blend.jpg","width":236,"height":780},{"@type":"BreadcrumbList","@id":"https:\/\/pizzornowines.com\/product\/golden-red-blend\/#breadcrumb","itemListElement":[{"@type":"ListItem","position":1,"name":"Home","item":"https:\/\/pizzornowines.com\/"},{"@type":"ListItem","position":2,"name":"Shop","item":"https:\/\/pizzornowines.com\/?page_id=96"},{"@type":"ListItem","position":3,"name":"GOLDEN RESERVE Red Blend"}]},{"@type":"WebSite","@id":"https:\/\/pizzornowines.com\/#website","url":"https:\/\/pizzornowines.com\/","name":"Pizzorno Family Estates","description":"Pasi\u00f3n por la tierra y el vino","publisher":{"@id":"https:\/\/pizzornowines.com\/#organization"},"potentialAction":[{"@type":"SearchAction","target":{"@type":"EntryPoint","urlTemplate":"https:\/\/pizzornowines.com\/?s={search_term_string}"},"query-input":{"@type":"PropertyValueSpecification","valueRequired":true,"valueName":"search_term_string"}}],"inLanguage":"en-US"},{"@type":"Organization","@id":"https:\/\/pizzornowines.com\/#organization","name":"Pizzorno Family Estates","url":"https:\/\/pizzornowines.com\/","logo":{"@type":"ImageObject","inLanguage":"en-US","@id":"https:\/\/pizzornowines.com\/#\/schema\/logo\/image\/","url":"https:\/\/pizzornowines.com\/wp-content\/uploads\/Pizzorno-Family-Estate-logo.svg","contentUrl":"https:\/\/pizzornowines.com\/wp-content\/uploads\/Pizzorno-Family-Estate-logo.svg","width":422,"height":283,"caption":"Pizzorno Family Estates"},"image":{"@id":"https:\/\/pizzornowines.com\/#\/schema\/logo\/image\/"},"sameAs":["https:\/\/www.facebook.com\/pizzorno.family.estates"]}]}},"_links":{"self":[{"href":"https:\/\/pizzornowines.com\/en\/wp-json\/wp\/v2\/product\/232","targetHints":{"allow":["GET"]}}],"collection":[{"href":"https:\/\/pizzornowines.com\/en\/wp-json\/wp\/v2\/product"}],"about":[{"href":"https:\/\/pizzornowines.com\/en\/wp-json\/wp\/v2\/types\/product"}],"replies":[{"embeddable":true,"href":"https:\/\/pizzornowines.com\/en\/wp-json\/wp\/v2\/comments?post=232"}],"version-history":[{"count":3,"href":"https:\/\/pizzornowines.com\/en\/wp-json\/wp\/v2\/product\/232\/revisions"}],"predecessor-version":[{"id":2698,"href":"https:\/\/pizzornowines.com\/en\/wp-json\/wp\/v2\/product\/232\/revisions\/2698"}],"wp:featuredmedia":[{"embeddable":true,"href":"https:\/\/pizzornowines.com\/en\/wp-json\/wp\/v2\/media\/233"}],"wp:attachment":[{"href":"https:\/\/pizzornowines.com\/en\/wp-json\/wp\/v2\/media?parent=232"}],"wp:term":[{"taxonomy":"tipo-visita","embeddable":true,"href":"https:\/\/pizzornowines.com\/en\/wp-json\/wp\/v2\/tipo-visita?post=232"},{"taxonomy":"product_brand","embeddable":true,"href":"https:\/\/pizzornowines.com\/en\/wp-json\/wp\/v2\/product_brand?post=232"},{"taxonomy":"product_cat","embeddable":true,"href":"https:\/\/pizzornowines.com\/en\/wp-json\/wp\/v2\/product_cat?post=232"},{"taxonomy":"product_tag","embeddable":true,"href":"https:\/\/pizzornowines.com\/en\/wp-json\/wp\/v2\/product_tag?post=232"}],"curies":[{"name":"wp","href":"https:\/\/api.w.org\/{rel}","templated":true}]}}